{"id":247116,"date":"2023-01-21T14:37:34","date_gmt":"2023-01-21T14:37:34","guid":{"rendered":"https:\/\/live-jameson.pantheonsite.io\/enjoy-responsibly\/"},"modified":"2023-02-21T12:28:57","modified_gmt":"2023-02-21T12:28:57","slug":"enjoy-responsibly","status":"publish","type":"page","link":"https:\/\/www.jamesonwhiskey.com\/de-de\/enjoy-responsibly\/","title":{"rendered":"Verantwortungsvoll genie\u00dfen"},"content":{"rendered":"\n<section id=\"block_c2bbed84909b59bd63420edb59cdffb2\" class=\"hero hero-no-image hero-no-image__no-breadcrumb-spacer lazy\" data-assetkey=\"hero-no-image\">\n  <div class=\"hero-no-image__container hero-no-image__container-fullwidth\">\n    <div class=\"hero-no-image__container-content\">\n        <div class=\"subheading \">\n    <div class=\"subheading__line\"><\/div>\n    <span class=\"h6\">Rechtliche Hinweise<\/span>\n  <\/div>\n\n      <h1 class=\"h1\">Verantwortungsvoll genie\u00dfen<\/h1>\n    <\/div>\n  <\/div>\n<\/section>\n\n\n                                                                                                                                                                                                                                                                                                                                                                                                                                                                                                                                                                                                                                                                                                                                                                                                                                                                                                                                                                                                                                                                                                                                                                                                                                                                                                                                                                                                                                                                                                                                                                                                                                                                                                                                                                                                                                                                                                                                                                                                                                                                                    \n<section id=\"block_18c4f6d98d6e37bdab746722df19aa3c\"\n         class=\"content-one-column content-one-column--bg-light full-width lazy\n        \n        \n        \" data-assetkey=\"content-one-column\">\n    <div class=\"content-one-column__content\">\n        \n                <div class=\"content-one-column__heading\">\n                            <h2 class=\"h1\"><\/h2>\n                    <\/div>\n\n        \n                                                            <div class=\"content-one-column__text wysiwyg align_center_on_desktop\">\n                    <p><strong>DIES IST DIE OFFIZIELLE WEBSITE F\u00dcR JAMESON IRISH WHISKEY, AUF DER SIE MEHR \u00dcBER UNSEREN GR\u00dcNDER JOHN JAMESON, UNSERE DRINK-REZEPTE UND DIE HERSTELLUNG DER NUMMER 1 UNTER DEN IRISCHEN WHISKEYS DER WELT ERFAHREN K\u00d6NNEN. WIR VON IRISH DISTILLERS PERNOD RICARD M\u00d6CHTEN DAS ERBE VON JOHN JAMESON SCH\u00dcTZEN UND BITTEN SIE, DIE FOLGENDEN RICHTLINIEN ZU LESEN UND ZU RESPEKTIEREN.<\/strong><\/p>\n\n                <\/div>\n                                                                <div class=\"content-one-column__text wysiwyg align_center_on_desktop\">\n                    <p>Irish Distillers Pernod Ricard (www.irishdistillers.ie), der stolze Eigent\u00fcmer von Jameson Irish Whiskey, unterst\u00fctzt voll und ganz die verschiedenen Richtlinien, die das Marketing, den Verkauf, die Werbung und das Sponsoring von Alkoholprodukten regeln. Unser Engagement f\u00fcr diese Richtlinien stellt sicher, dass alle unsere Aktivit\u00e4ten mit dem Ziel durchgef\u00fchrt werden, den verantwortungsvollen Konsum unserer Produkte bei einem erwachsenen Publikum zu f\u00f6rdern.<\/p>\n<p>Als f\u00fchrender Anbieter von Premium-Spirituosen, Champagner und Weinen spielen wir eine wichtige Rolle bei der verantwortungsvollen Werbung f\u00fcr unsere Produkte gegen\u00fcber Kunden und Verbrauchern. Wir sind bestrebt, stets so zu handeln, dass wir das Vertrauen und die Wertsch\u00e4tzung unserer Stakeholder verdienen, unabh\u00e4ngig davon, wer oder wo sie sind.<\/p>\n<p><strong>Richtlinie f\u00fcr durch Nutzer generierte Inhalte<\/strong><br \/>\nWenn es um soziale Medien geht, freuen wir uns, von Ihnen allen zu h\u00f6ren. Als Teil unserer Verpflichtung zur F\u00f6rderung eines verantwortungsvollen Umgangs mit Alkohol hoffen wir jedoch, dass Sie verstehen, dass wir erwarten, dass die Community keine Kommentare, Fotos, Videos oder andere Arten von Inhalten ver\u00f6ffentlicht, die:<\/p>\n<p>Personen unter dem gesetzlichen Mindestalter f\u00fcr Alkoholkonsum oder solche, die den Anschein erwecken, unter dem gesetzlichen Mindestalter f\u00fcr Alkoholkonsum zu sein, zeigen.<\/p>\n<ul>\n<li> Ermutigen Sie nicht zu illegalem, unverantwortlichem oder<br \/>\n\u00fcberm\u00e4\u00dfigem Alkoholkonsum und dulden Sie ihn nicht.<\/li>\n<li>Verherrlichen Sie nicht den Alkoholgehalt oder die berauschende<br \/>\nWirkung eines alkoholischen Getr\u00e4nks;<\/li>\n<li>Abstinenz oder ma\u00dfvolles Trinkverhalten d\u00fcrfen nicht negativ<br \/>\ndargestellt werden;<\/li>\n<li>Sie d\u00fcrfen keine Personen zeigen, die betrunken zu sein scheinen,<br \/>\noder in irgendeiner Weise andeuten, dass Trunkenheit akzeptabel ist.<\/li>\n<li>Es d\u00fcrfen keine Personen gezeigt werden, die unter dem gesetzlichen<br \/>\nMindestalter f\u00fcr den Alkoholkonsum oder den Erwerb von Alkohol<br \/>\nsind oder zu sein scheinen.<\/li>\n<li>Ein alkoholisches Getr\u00e4nk darf nicht mit Leistung, sexuellem oder<br \/>\nsozialem Erfolg in Verbindung gebracht werden.<\/li>\n<li>Suggerieren Sie keine Assoziation mit gewaltt\u00e4tigem, aggressivem,<br \/>\ngef\u00e4hrlichem oder asozialem Verhalten.<\/li>\n<\/ul>\n\n                <\/div>\n                                                                <div class=\"content-one-column__text wysiwyg align_center_on_desktop\">\n                    <p>Als Unternehmen, das sich der Vermeidung von gef\u00e4hrlichem Alkoholkonsum verschrieben hat, wird Pernod Ricard Deutschland alle Inhalte \u00fcberpr\u00fcfen und innerhalb von 72 Stunden alle Inhalte entfernen, die nicht konform oder unangemessen sind.<\/p>\n<p>Weitere Informationen zu den Richtlinien f\u00fcr verantwortungsbewusstes Trinken finden Sie unter: https:\/\/www.wise-drinking.com\/<\/p>\n<p>Cheers,<br \/>\nJameson Whiskey Team.<\/p>\n\n                <\/div>\n                        <\/div>\n\n    <\/section>\n\n\n                                                                                                                                                                                                                                                                                                                                                                                                                                                                                                                                                                                                                                                                                                                                                                                                                                                                                                                                                                                                                                                                                                                                                                                                                                                                                                                                                                                                                                                                                                                                                                                                                                                                                                                                                                                                                                                                                                                                                                                                                                                                                  ","protected":false},"excerpt":{"rendered":"","protected":false},"author":29,"featured_media":0,"parent":0,"menu_order":6,"comment_status":"closed","ping_status":"closed","template":"","meta":{"_acf_changed":false,"_seopress_robots_primary_cat":"","_seopress_titles_title":"Jameson Whiskey - verantwortungsvoll genie\u00dfen","_seopress_titles_desc":"Jameson hat sich einem verantwortungsvollen Umgang bei Marketing, Vertrieb, Werbung und Sponsoring alkoholischer Produkte verpflichtet. Erfahre mehr!","_seopress_robots_index":"","inline_featured_image":false,"footnotes":""},"categories":[],"tags":[],"our-world-category":[],"class_list":["post-247116","page","type-page","status-publish","hentry"],"acf":[],"_links":{"self":[{"href":"https:\/\/www.jamesonwhiskey.com\/de-de\/wp-json\/wp\/v2\/pages\/247116","targetHints":{"allow":["GET"]}}],"collection":[{"href":"https:\/\/www.jamesonwhiskey.com\/de-de\/wp-json\/wp\/v2\/pages"}],"about":[{"href":"https:\/\/www.jamesonwhiskey.com\/de-de\/wp-json\/wp\/v2\/types\/page"}],"author":[{"embeddable":true,"href":"https:\/\/www.jamesonwhiskey.com\/de-de\/wp-json\/wp\/v2\/users\/29"}],"replies":[{"embeddable":true,"href":"https:\/\/www.jamesonwhiskey.com\/de-de\/wp-json\/wp\/v2\/comments?post=247116"}],"version-history":[{"count":0,"href":"https:\/\/www.jamesonwhiskey.com\/de-de\/wp-json\/wp\/v2\/pages\/247116\/revisions"}],"wp:attachment":[{"href":"https:\/\/www.jamesonwhiskey.com\/de-de\/wp-json\/wp\/v2\/media?parent=247116"}],"wp:term":[{"taxonomy":"category","embeddable":true,"href":"https:\/\/www.jamesonwhiskey.com\/de-de\/wp-json\/wp\/v2\/categories?post=247116"},{"taxonomy":"post_tag","embeddable":true,"href":"https:\/\/www.jamesonwhiskey.com\/de-de\/wp-json\/wp\/v2\/tags?post=247116"},{"taxonomy":"our-world-category","embeddable":true,"href":"https:\/\/www.jamesonwhiskey.com\/de-de\/wp-json\/wp\/v2\/our-world-category?post=247116"}],"curies":[{"name":"wp","href":"https:\/\/api.w.org\/{rel}","templated":true}]}}