{"id":3050186,"date":"2025-03-12T11:36:25","date_gmt":"2025-03-12T11:36:25","guid":{"rendered":"https:\/\/www.jamesonwhiskey.com\/mustbeajameson\/"},"modified":"2025-07-01T11:45:45","modified_gmt":"2025-07-01T11:45:45","slug":"mustbeajameson","status":"publish","type":"page","link":"https:\/\/www.jamesonwhiskey.com\/de-de\/mustbeajameson\/","title":{"rendered":"Must Be A Jameson"},"content":{"rendered":"<section id=\"block_2e16f2b0f9eddc7a4cc884f062a88421\" class=\"hero hero-halfscreen  lazy\" data-assetkey=\"hero-halfscreen\" data-colour_filter='none' data-colour_filter_opacity='51'>\n\t\t\n\t<div class=\"hero-halfscreen__img_content\">\n\t\t\t\t\t<div class=\"hero-halfscreen__img_content-breadcrumbs\">\n\t\t\t\t\t\t\t\t\t            \n\t\t\t\t\t\t\t<\/div>\n\t\t\n\t\t\t\t\t\t\t\t\t\t\n\n                        \n        <picture class=\"hero-halfscreen__picture\">\n\t\t\t<source media=\"(min-width: 768px)\" class=\"hero-halfscreen__source hero-halfscreen__source--desktop\" srcset=\"https:\/\/ik.imagekit.io\/cvygf2xse\/jamesonwhiskey\/wp-content\/uploads\/2025\/02\/BEER-MAT-FLIP_1x1.jpg?tr=q-80,w-1024 1024w, https:\/\/ik.imagekit.io\/cvygf2xse\/jamesonwhiskey\/wp-content\/uploads\/2025\/02\/BEER-MAT-FLIP_1x1.jpg?tr=q-80,w-768 768w, https:\/\/ik.imagekit.io\/cvygf2xse\/jamesonwhiskey\/wp-content\/uploads\/2025\/02\/BEER-MAT-FLIP_1x1.jpg?tr=q-80,w-500 500w, https:\/\/ik.imagekit.io\/cvygf2xse\/jamesonwhiskey\/wp-content\/uploads\/2025\/02\/BEER-MAT-FLIP_1x1.jpg?tr=q-80,w-420 420w, https:\/\/ik.imagekit.io\/cvygf2xse\/jamesonwhiskey\/wp-content\/uploads\/2025\/02\/BEER-MAT-FLIP_1x1.jpg?tr=q-80,w-400 400w, https:\/\/ik.imagekit.io\/cvygf2xse\/jamesonwhiskey\/wp-content\/uploads\/2025\/02\/BEER-MAT-FLIP_1x1.jpg?tr=q-80,w-375 375w, https:\/\/ik.imagekit.io\/cvygf2xse\/jamesonwhiskey\/wp-content\/uploads\/2025\/02\/BEER-MAT-FLIP_1x1.jpg?tr=q-80,w-360 360w, https:\/\/ik.imagekit.io\/cvygf2xse\/jamesonwhiskey\/wp-content\/uploads\/2025\/02\/BEER-MAT-FLIP_1x1.jpg?tr=q-80,w-320 320w, https:\/\/ik.imagekit.io\/cvygf2xse\/jamesonwhiskey\/wp-content\/uploads\/2025\/02\/BEER-MAT-FLIP_1x1.jpg?tr=q-80,w-300 300w, https:\/\/ik.imagekit.io\/cvygf2xse\/jamesonwhiskey\/wp-content\/uploads\/2025\/02\/BEER-MAT-FLIP_1x1.jpg?tr=q-80,w-275 275w, https:\/\/ik.imagekit.io\/cvygf2xse\/jamesonwhiskey\/wp-content\/uploads\/2025\/02\/BEER-MAT-FLIP_1x1.jpg?tr=q-80,w-200 200w, https:\/\/ik.imagekit.io\/cvygf2xse\/jamesonwhiskey\/wp-content\/uploads\/2025\/02\/BEER-MAT-FLIP_1x1.jpg?tr=q-80,w-100 100w, \" sizes=\"(min-width: 1440px) 100vw, (min-width: 1024px) 1024px, (min-width: 768px) 768px\">\n\t\t\t<source class=\"hero-halfscreen__source hero-halfscreen__source--mobile\" srcset=\"https:\/\/ik.imagekit.io\/cvygf2xse\/jamesonwhiskey\/wp-content\/uploads\/2025\/02\/BEER-MAT-FLIP_1x1.jpg?tr=q-80,w-1024 1024w, https:\/\/ik.imagekit.io\/cvygf2xse\/jamesonwhiskey\/wp-content\/uploads\/2025\/02\/BEER-MAT-FLIP_1x1.jpg?tr=q-80,w-768 768w, https:\/\/ik.imagekit.io\/cvygf2xse\/jamesonwhiskey\/wp-content\/uploads\/2025\/02\/BEER-MAT-FLIP_1x1.jpg?tr=q-80,w-500 500w, https:\/\/ik.imagekit.io\/cvygf2xse\/jamesonwhiskey\/wp-content\/uploads\/2025\/02\/BEER-MAT-FLIP_1x1.jpg?tr=q-80,w-420 420w, https:\/\/ik.imagekit.io\/cvygf2xse\/jamesonwhiskey\/wp-content\/uploads\/2025\/02\/BEER-MAT-FLIP_1x1.jpg?tr=q-80,w-400 400w, https:\/\/ik.imagekit.io\/cvygf2xse\/jamesonwhiskey\/wp-content\/uploads\/2025\/02\/BEER-MAT-FLIP_1x1.jpg?tr=q-80,w-375 375w, https:\/\/ik.imagekit.io\/cvygf2xse\/jamesonwhiskey\/wp-content\/uploads\/2025\/02\/BEER-MAT-FLIP_1x1.jpg?tr=q-80,w-360 360w, https:\/\/ik.imagekit.io\/cvygf2xse\/jamesonwhiskey\/wp-content\/uploads\/2025\/02\/BEER-MAT-FLIP_1x1.jpg?tr=q-80,w-320 320w, https:\/\/ik.imagekit.io\/cvygf2xse\/jamesonwhiskey\/wp-content\/uploads\/2025\/02\/BEER-MAT-FLIP_1x1.jpg?tr=q-80,w-300 300w, https:\/\/ik.imagekit.io\/cvygf2xse\/jamesonwhiskey\/wp-content\/uploads\/2025\/02\/BEER-MAT-FLIP_1x1.jpg?tr=q-80,w-275 275w, https:\/\/ik.imagekit.io\/cvygf2xse\/jamesonwhiskey\/wp-content\/uploads\/2025\/02\/BEER-MAT-FLIP_1x1.jpg?tr=q-80,w-200 200w, https:\/\/ik.imagekit.io\/cvygf2xse\/jamesonwhiskey\/wp-content\/uploads\/2025\/02\/BEER-MAT-FLIP_1x1.jpg?tr=q-80,w-100 100w, \" sizes=\"(min-width: 768px) 768px, (min-width: 500px) 500px, 250px\">\n\t\t\t<img loading=\"lazy\" decoding=\"async\" class=\"hero-halfscreen__image\" src=\"https:\/\/ik.imagekit.io\/cvygf2xse\/jamesonwhiskey\/wp-content\/uploads\/2025\/02\/BEER-MAT-FLIP_1x1.jpg?tr=q-80,w-1080\" width=\"1080\" height=\"1080\" alt=\"\" role=\"presentation\">\n\t\t<\/picture>\n\t<\/div>\n\n\t<div class=\"hero-halfscreen__content\">\n                \n\t\t\n\t\t<h1 class=\"h1\">Must Be A Jameson<\/h1>\n\n\t\t\t\t\t<div class=\"hero-halfscreen__content-intro wysiwyg\">\n\t\t\t\t<p>Als <a href=\"https:\/\/www.jamesonwhiskey.com\/de-de\/john-jameson\/\">John Jameson<\/a> den besten irischen Whiskey der Welt schuf, wusste er nicht, dass er damit auch die gr\u00f6\u00dfte Familie der Welt schuf. Eine Familie, die seinen Geist teilte &#8211; Und wir reden hier nicht nur \u00fcber den Whiskey. Menschen auf der ganzen Welt, die noch nie einen Fu\u00df in Irland gesetzt haben, f\u00fchlen sich dennoch als Teil der Familie.<\/p>\n<p>Man muss wirklich nicht lange suchen, um einen Jameson zu finden. Wahrscheinlich bist du sogar einer. Ein Stamm von Gleichgesinnten, die durch das Leben gehen, ohne sich selbst zu ernst zu nehmen, mit einer gewissen Portion Charme und Geduld. Du wartest auf den perfekten Schluck eines dreifach destillierten Whiskeys, der so mild ist wie du selbst. Es ist nicht das, was man eine konventionelle Familie nennen w\u00fcrde, aber das, was Familie heute bedeutet. Wir stellen die Jameson-Familie vor: die gr\u00f6\u00dfte Familie der Welt, verbunden nicht durch die DNA, sondern durch den Geist, den wir teilen.<\/p>\n\n\t\t\t<\/div>\n\t\t\n\t\t\t\t\t\t\t\t\n\t\t\t\t\t\t\t\t\t\t\t\t\n\n\t\t\t\n\t\t\t<\/div>\n<\/section>\n\n\n\n<section id=\"block_e1969565f7bc3759eb4f64c8dd016497\"\n         class=\"content-one-column content-one-column--bg-light_cream full-width lazy\n        \n        \n        \" data-assetkey=\"content-one-column\">\n    <div class=\"content-one-column__content\">\n        \n                <div class=\"content-one-column__heading\">\n                            <h2 class=\"h1\">Sanft, Einladend &#038; Unbeschwert<\/h2>\n                    <\/div>\n\n        \n                                                                                <div class=\"content-one-column__embed\">\n                                \n            <div class=\"video\" role=\"region\" aria-label=\"Video Content\">\n        <div class=\"video__inner\">\n            <button\n            id=\"youtube-player-911bf575f7fdec5266164dbf0e238136\"\n            class=\"youtube-player\"\n            type=\"button\"\n            aria-label=\"Play video\"\n            data-id=\"CwfixA6NKQc\">\n            <!-- JS injects thumbnail + play icon -->\n            <\/button>\n        <\/div>\n    <\/div>\n\n    <script>\n        function labnolIframe(wrapper) {\n            const id = wrapper.dataset.id;\n            const iframe = document.createElement('iframe');\n            iframe.src = 'https:\/\/www.youtube.com\/embed\/' + id + '?autoplay=1&rel=0';\n            iframe.title = 'YouTube video';\n            iframe.setAttribute('frameborder', '0');\n            iframe.setAttribute('allowfullscreen', '1');\n            iframe.setAttribute('allow', 'accelerometer; autoplay; clipboard-write; encrypted-media; gyroscope; picture-in-picture');\n            iframe.setAttribute('referrerpolicy', 'strict-origin-when-cross-origin');\n            iframe.loading = 'lazy';\n            iframe.className = 'youtube-player';\n            wrapper.replaceWith(iframe);\n        }\n\n        function initYouTubeVideos() {\n            const btn = document.getElementById('youtube-player-911bf575f7fdec5266164dbf0e238136'); \/\/ this is a <button>\n            if (!btn) return;\n            const id = btn.dataset.id;\n\n            \/\/ Poster (decorative)\n            const img = document.createElement('img');\n            img.src = ('https:\/\/www.jamesonwhiskey.com\/wp-content\/uploads\/2025\/02\/MBAJ-End-Frame.jpg' !== '') ? 'https:\/\/www.jamesonwhiskey.com\/wp-content\/uploads\/2025\/02\/MBAJ-End-Frame.jpg' : ('\/\/i.ytimg.com\/vi\/' + id + '\/hqdefault.jpg');\n            img.alt = '';\n            btn.appendChild(img);\n\n            \/\/ Play icon (decorative)\n            const icon = document.createElement('div');\n            icon.className = 'play-icon';\n            icon.innerHTML =\n                '<svg xmlns=\"http:\/\/www.w3.org\/2000\/svg\" width=\"75\" height=\"75\" aria-hidden=\"true\" focusable=\"false\">' +\n                '<g fill=\"none\" fill-rule=\"evenodd\">' +\n                    '<circle cx=\"37.5\" cy=\"37.5\" r=\"36.5\" fill=\"#000\" stroke=\"#FFF\" stroke-width=\"2\"><\/circle>' +\n                    '<path fill=\"#FFF\" d=\"M30.895 23.695a2.344 2.344 0 0 1 2.438.178l16.406 11.72a2.344 2.344 0 0 1 0 3.815L33.333 51.127a2.344 2.344 0 0 1-3.708-1.908V25.78c0-.878.49-1.683 1.27-2.086Z\"><\/path>' +\n                '<\/g>' +\n                '<\/svg>';\n            btn.appendChild(icon);\n\n            \/\/ Native <button> already handles Enter\/Space\n            btn.addEventListener('click', () => labnolIframe(btn));\n        }\n\n        document.addEventListener('DOMContentLoaded', initYouTubeVideos);\n    <\/script>\n\n    <style>\n        \/* 16:9 wrapper and button reset *\/\n        .youtube-player {\n            position: relative;\n            display: block;\n            width: 100%;\n            background: #000;\n            margin: 0;               \/* remove stray gaps *\/\n            padding: 0;              \/* button reset *\/\n            border: 0;               \/* button reset *\/\n            line-height: 0;          \/* prevent inline-gap *\/\n            cursor: pointer;         \/* affordance before play *\/\n            \/* Modern aspect ratio *\/\n            aspect-ratio: 16 \/ 9;\n        }\n\n        \/* Fallback for older browsers *\/\n        @supports not (aspect-ratio: 16 \/ 9) {\n            .youtube-player { height: 0; padding-bottom: 56.25%; overflow: hidden; }\n        }\n\n        \/* Anything inside fills the box *\/\n        .youtube-player > * {\n            position: absolute;\n            inset: 0;\n            width: 100%;\n            height: 100%;\n        }\n\n        \/* Iframe layer *\/\n        .youtube-player iframe {\n            z-index: 2;\n            background: transparent;\n        }\n\n        \/* Poster image *\/\n        .youtube-player img {\n            z-index: 1;\n            display: block;\n            object-fit: cover;\n            border: 0;\n            transition: filter .2s ease;\n        }\n        .youtube-player:hover img { filter: brightness(75%); }\n\n        \/* Play icon container (your <svg> is injected) *\/\n        .youtube-player .play-icon {\n            position: absolute;\n            pointer-events: none;\n            z-index: 2;\n            display: grid;\n            align-content: space-around;\n            justify-content: space-around;\n        }\n\n        \/* Accessible focus *\/\n        .youtube-player:focus-visible {\n            outline: 2px solid currentColor;\n            outline-offset: 3px;\n        }\n    <\/style>\n                    <\/div>\n                                                                                <div class=\"content-one-column__text wysiwyg align_center_on_desktop\">\n                    <p>Die Jameson-Familie teilt denselben irischen Geist. Wir sind einladend, sanft und unbeschwert. Einen Jameson zu genie\u00dfen bedeutet mehr als nur unseren <a href=\"https:\/\/www.jamesonwhiskey.com\/de-de\/our-whiskey\/jameson-irish-whiskey\/\">dreifach destillierten irischen Whiskey<\/a> zu trinken. Es geht darum, Momente, egal wie gro\u00df oder klein, mit deinen Freunden zu feiern. Es geht darum, dass sich diese Feste noch ein bisschen richtiger anf\u00fchlen, und nur etwas so Sanftes und Kultiges wie Jameson kann das Herzst\u00fcck davon sein.<\/p>\n\n                <\/div>\n                        <\/div>\n\n    <\/section>\n\n\n\n<section class=\"wp-block-idl-blocks-idl-carousel idl-block-carousel\"><div class=\"swiper-container gutenberg-carousel\" id=\"carousel-603aa91a-1df6-4602-a9a7-123140b337e0\" data-breakpoints=\"{}\"><div class=\"swiper-wrapper\">\n<div class=\"wp-block-idl-blocks-idl-carousel-card idl-block-carousel-card swiper-slide\"><div class=\"idl-block-carousel-card__container\"><a href=\"https:\/\/www.jamesonwhiskey.com\/de-de\/visit-our-distilleries\/\" target=\"_blank\" rel=\"noopener noreferrer\"><div class=\"idl-block-carousel-card__image\"><picture><source media=\"(max-width: 640px)\" srcset=\"https:\/\/www.jamesonwhiskey.com\/wp-content\/uploads\/2024\/10\/Bow-St.-Doors-3-scaled.jpg\"\/><img decoding=\"async\" src=\"https:\/\/www.jamesonwhiskey.com\/wp-content\/uploads\/2024\/10\/Bow-St.-Doors-3-scaled.jpg\" alt=\"\"\/><\/picture><\/div><div class=\"idl-block-carousel-card__text\"><Span class=\"h6\">Besuche unsere Destillerien!<\/Span><\/div><\/a><\/div><\/div>\n\n\n\n<div class=\"wp-block-idl-blocks-idl-carousel-card idl-block-carousel-card swiper-slide\"><div class=\"idl-block-carousel-card__container\"><a href=\"https:\/\/www.jamesonwhiskey.com\/de-de\/cocktail-recipes\/\" target=\"_blank\" rel=\"noopener noreferrer\"><div class=\"idl-block-carousel-card__image\"><picture><source media=\"(max-width: 640px)\" srcset=\"https:\/\/www.jamesonwhiskey.com\/wp-content\/uploads\/2025\/02\/Bitters.png\"\/><img decoding=\"async\" src=\"https:\/\/www.jamesonwhiskey.com\/wp-content\/uploads\/2025\/02\/Bitters.png\" alt=\"bitters\"\/><\/picture><\/div><div class=\"idl-block-carousel-card__text\"><Span class=\"h6\">Entdecke unsere Jameson Cocktails!<\/Span><\/div><\/a><\/div><\/div>\n\n\n\n<div class=\"wp-block-idl-blocks-idl-carousel-card idl-block-carousel-card swiper-slide\"><div class=\"idl-block-carousel-card__container\"><a href=\"https:\/\/midletondistillerycollection.com\/jameson\/?utm_source=jamesonwhiskeycom&amp;utm_medium=referral&amp;AvpPassThrough=1\" target=\"_blank\" rel=\"noopener noreferrer\"><div class=\"idl-block-carousel-card__image\"><picture><source media=\"(max-width: 640px)\" srcset=\"https:\/\/www.jamesonwhiskey.com\/wp-content\/uploads\/2024\/10\/Jameson_Merch_1-1_005_1800x1800.webp\"\/><img decoding=\"async\" src=\"https:\/\/www.jamesonwhiskey.com\/wp-content\/uploads\/2024\/10\/Jameson_Merch_1-1_005_1800x1800.webp\" alt=\"jameson merch 1 1 005 1800x1800\"\/><\/picture><\/div><div class=\"idl-block-carousel-card__text\"><Span class=\"h6\">Jameson Shop<\/Span><\/div><\/a><\/div><\/div>\n<\/div><div class=\"swiper-button-next\"><\/div><div class=\"swiper-button-prev\"><\/div><div class=\"swiper-pagination swiper-pagination-progressbar swiper-pagination-horizontal\"><\/div><\/div><\/section>\n","protected":false},"excerpt":{"rendered":"<p>Du musst dich in sozialen Einrichtungen nicht verausgaben, um Spa\u00df zu haben und neue Leute kennenzulernen. Nimm deine nat\u00fcrliche Gelassenheit an und mache sie dir zu eigen. Man k\u00f6nnte es \u201eResponsible Drinking\u201c nennen, aber wir nennen es \u201eJameson, Sip Wisely\u201c.<\/p>\n","protected":false},"author":219,"featured_media":0,"parent":0,"menu_order":0,"comment_status":"closed","ping_status":"closed","template":"","meta":{"_acf_changed":false,"_seopress_robots_primary_cat":"","_seopress_titles_title":"Must Be A Jameson - Jameson Irish Whiskey","_seopress_titles_desc":"Du musst dich in sozialen Einrichtungen nicht verausgaben, um Spa\u00df zu haben und neue Leute kennenzulernen. Nimm deine nat\u00fcrliche Gelassenheit an und mache sie dir zu eigen. Man k\u00f6nnte es \u201eResponsible Drinking\u201c nennen, aber wir nennen es \u201eJameson, Sip Wisely\u201c.","_seopress_robots_index":"","inline_featured_image":false,"footnotes":""},"categories":[],"tags":[],"our-world-category":[],"class_list":["post-3050186","page","type-page","status-publish","hentry"],"acf":[],"_links":{"self":[{"href":"https:\/\/www.jamesonwhiskey.com\/de-de\/wp-json\/wp\/v2\/pages\/3050186","targetHints":{"allow":["GET"]}}],"collection":[{"href":"https:\/\/www.jamesonwhiskey.com\/de-de\/wp-json\/wp\/v2\/pages"}],"about":[{"href":"https:\/\/www.jamesonwhiskey.com\/de-de\/wp-json\/wp\/v2\/types\/page"}],"author":[{"embeddable":true,"href":"https:\/\/www.jamesonwhiskey.com\/de-de\/wp-json\/wp\/v2\/users\/219"}],"replies":[{"embeddable":true,"href":"https:\/\/www.jamesonwhiskey.com\/de-de\/wp-json\/wp\/v2\/comments?post=3050186"}],"version-history":[{"count":1,"href":"https:\/\/www.jamesonwhiskey.com\/de-de\/wp-json\/wp\/v2\/pages\/3050186\/revisions"}],"predecessor-version":[{"id":3152819,"href":"https:\/\/www.jamesonwhiskey.com\/de-de\/wp-json\/wp\/v2\/pages\/3050186\/revisions\/3152819"}],"wp:attachment":[{"href":"https:\/\/www.jamesonwhiskey.com\/de-de\/wp-json\/wp\/v2\/media?parent=3050186"}],"wp:term":[{"taxonomy":"category","embeddable":true,"href":"https:\/\/www.jamesonwhiskey.com\/de-de\/wp-json\/wp\/v2\/categories?post=3050186"},{"taxonomy":"post_tag","embeddable":true,"href":"https:\/\/www.jamesonwhiskey.com\/de-de\/wp-json\/wp\/v2\/tags?post=3050186"},{"taxonomy":"our-world-category","embeddable":true,"href":"https:\/\/www.jamesonwhiskey.com\/de-de\/wp-json\/wp\/v2\/our-world-category?post=3050186"}],"curies":[{"name":"wp","href":"https:\/\/api.w.org\/{rel}","templated":true}]}}