{"id":310620,"date":"2021-09-02T10:54:32","date_gmt":"2021-09-02T10:54:32","guid":{"rendered":"https:\/\/live-jameson.pantheonsite.io\/visit-our-distilleries\/"},"modified":"2024-05-15T11:43:31","modified_gmt":"2024-05-15T11:43:31","slug":"visit-our-distilleries","status":"publish","type":"page","link":"https:\/\/www.jamesonwhiskey.com\/de-de\/visit-our-distilleries\/","title":{"rendered":"Jameson Whiskey Destillerie Tour"},"content":{"rendered":"\n<section id=\"block_ac8c906369f50e7408a429db0935abc6\" class=\"hero hero-no-image hero-no-image__no-breadcrumb-spacer lazy\" data-assetkey=\"hero-no-image\">\n  <div class=\"hero-no-image__container \">\n    <div class=\"hero-no-image__container-content\">\n        <div class=\"subheading \">\n    <div class=\"subheading__line\"><\/div>\n    <h1 class=\"h6\">Plane deine Destillerie-Besichtigung<\/h1>\n  <\/div>\n\n      <h1 class=\"h1\">Besuche unsere Jameson Whiskey Destillerien<\/h1>\n    <\/div>\n  <\/div>\n<\/section>\n\n\n\n<section id=\"block_ffc3a952ce9ac201e49539f1ddb3420f\" class=\"map-direction lazy\" data-assetkey=\"map-direction\">\n\n    <div class=\"map-direction__locations\">\n                                                        \n                                                \n            \n            <div class=\"map-direction__locations-item\" id=\"bow-street\">\n                <a href=\"https:\/\/www.jamesonwhiskey.com\/de-de\/visit-our-distilleries\/jameson-bow-street-distillery-tour\/\" title=\"BESUCHE BOW ST. DISTILLERY\" class=\"map-direction__images\">\n                    <picture class=\"map-direction__picture-background\">\n                        <source class=\"map-direction__source-background\"\n                                srcset=\"https:\/\/ik.imagekit.io\/cvygf2xse\/jamesonwhiskey\/wp-content\/uploads\/2021\/10\/Jameson-Irish-Whiskey-Hero-aspect-ratio-585-535.png?tr=q-80,w-768 768w, https:\/\/ik.imagekit.io\/cvygf2xse\/jamesonwhiskey\/wp-content\/uploads\/2021\/10\/Jameson-Irish-Whiskey-Hero-aspect-ratio-585-535.png?tr=q-80,w-500 500w, https:\/\/ik.imagekit.io\/cvygf2xse\/jamesonwhiskey\/wp-content\/uploads\/2021\/10\/Jameson-Irish-Whiskey-Hero-aspect-ratio-585-535.png?tr=q-80,w-420 420w, https:\/\/ik.imagekit.io\/cvygf2xse\/jamesonwhiskey\/wp-content\/uploads\/2021\/10\/Jameson-Irish-Whiskey-Hero-aspect-ratio-585-535.png?tr=q-80,w-400 400w, https:\/\/ik.imagekit.io\/cvygf2xse\/jamesonwhiskey\/wp-content\/uploads\/2021\/10\/Jameson-Irish-Whiskey-Hero-aspect-ratio-585-535.png?tr=q-80,w-375 375w, https:\/\/ik.imagekit.io\/cvygf2xse\/jamesonwhiskey\/wp-content\/uploads\/2021\/10\/Jameson-Irish-Whiskey-Hero-aspect-ratio-585-535.png?tr=q-80,w-360 360w, https:\/\/ik.imagekit.io\/cvygf2xse\/jamesonwhiskey\/wp-content\/uploads\/2021\/10\/Jameson-Irish-Whiskey-Hero-aspect-ratio-585-535.png?tr=q-80,w-320 320w, https:\/\/ik.imagekit.io\/cvygf2xse\/jamesonwhiskey\/wp-content\/uploads\/2021\/10\/Jameson-Irish-Whiskey-Hero-aspect-ratio-585-535.png?tr=q-80,w-300 300w, https:\/\/ik.imagekit.io\/cvygf2xse\/jamesonwhiskey\/wp-content\/uploads\/2021\/10\/Jameson-Irish-Whiskey-Hero-aspect-ratio-585-535.png?tr=q-80,w-275 275w, https:\/\/ik.imagekit.io\/cvygf2xse\/jamesonwhiskey\/wp-content\/uploads\/2021\/10\/Jameson-Irish-Whiskey-Hero-aspect-ratio-585-535.png?tr=q-80,w-200 200w, https:\/\/ik.imagekit.io\/cvygf2xse\/jamesonwhiskey\/wp-content\/uploads\/2021\/10\/Jameson-Irish-Whiskey-Hero-aspect-ratio-585-535.png?tr=q-80,w-100 100w, \"\n                                sizes=\"(min-width: 1440px) 585px, (min-width: 1024px) 585px, (min-width: 768px) 585px, (min-width: 500px) 585px, 585px\">\n                        <img fetchpriority=\"high\" decoding=\"async\" loading=\"eager\" class=\"map-direction__image-background\"\n                             src=\"https:\/\/ik.imagekit.io\/cvygf2xse\/jamesonwhiskey\/wp-content\/uploads\/2021\/10\/Jameson-Irish-Whiskey-Hero-aspect-ratio-585-535.png?tr=q-80,w-797\"\n                             width=\"797\"\n                             height=\"729\"\n                             role=\"presentation\"\n                             alt=\"\">\n                    <\/picture>\n\n                    <picture class=\"map-direction__picture-foreground\">\n                        <source class=\"map-direction__source-foreground\"\n                                srcset=\"https:\/\/ik.imagekit.io\/cvygf2xse\/jamesonwhiskey\/wp-content\/uploads\/2022\/01\/bow_street_mobile-1.jpg?tr=q-80,w-500 500w, https:\/\/ik.imagekit.io\/cvygf2xse\/jamesonwhiskey\/wp-content\/uploads\/2022\/01\/bow_street_mobile-1.jpg?tr=q-80,w-420 420w, https:\/\/ik.imagekit.io\/cvygf2xse\/jamesonwhiskey\/wp-content\/uploads\/2022\/01\/bow_street_mobile-1.jpg?tr=q-80,w-400 400w, https:\/\/ik.imagekit.io\/cvygf2xse\/jamesonwhiskey\/wp-content\/uploads\/2022\/01\/bow_street_mobile-1.jpg?tr=q-80,w-375 375w, https:\/\/ik.imagekit.io\/cvygf2xse\/jamesonwhiskey\/wp-content\/uploads\/2022\/01\/bow_street_mobile-1.jpg?tr=q-80,w-360 360w, https:\/\/ik.imagekit.io\/cvygf2xse\/jamesonwhiskey\/wp-content\/uploads\/2022\/01\/bow_street_mobile-1.jpg?tr=q-80,w-320 320w, https:\/\/ik.imagekit.io\/cvygf2xse\/jamesonwhiskey\/wp-content\/uploads\/2022\/01\/bow_street_mobile-1.jpg?tr=q-80,w-300 300w, https:\/\/ik.imagekit.io\/cvygf2xse\/jamesonwhiskey\/wp-content\/uploads\/2022\/01\/bow_street_mobile-1.jpg?tr=q-80,w-275 275w, https:\/\/ik.imagekit.io\/cvygf2xse\/jamesonwhiskey\/wp-content\/uploads\/2022\/01\/bow_street_mobile-1.jpg?tr=q-80,w-200 200w, https:\/\/ik.imagekit.io\/cvygf2xse\/jamesonwhiskey\/wp-content\/uploads\/2022\/01\/bow_street_mobile-1.jpg?tr=q-80,w-100 100w, \"\n                                sizes=\"(min-width: 1440px) 381px, (min-width: 1024px) 381px, (min-width: 768px) 381px, (min-width: 500px) 381px, 268px\">\n                        <img decoding=\"async\" loading=\"eager\" class=\"map-direction__image-foreground\"\n                             src=\"https:\/\/ik.imagekit.io\/cvygf2xse\/jamesonwhiskey\/wp-content\/uploads\/2022\/01\/bow_street_mobile-1.jpg?tr=q-80,w-750\"\n                             width=\"750\"\n                             height=\"750\"\n                             role=\"presentation\"\n                             alt=\"\">\n                    <\/picture>\n\n                    <div class=\"map-direction__heading\">\n                        \n\n<div class=\"subheading map-direction__subheading\">\n        <div>\n        <svg width=\"40px\" height=\"2px\" viewBox=\"0 0 40 2\" version=\"1.1\" aria-hidden=\"true\" xmlns=\"http:\/\/www.w3.org\/2000\/svg\" xmlns:xlink=\"http:\/\/www.w3.org\/1999\/xlink\">\n            <g stroke=\"none\" stroke-width=\"2\" fill=\"none\" fill-rule=\"evenodd\">\n                <g transform=\"translate(-20.000000, -916.000000)\" fill=\"#154734\">\n                    <g transform=\"translate(20.000000, 904.000000)\">\n                        <g>\n                            <rect x=\"0\" y=\"12\" width=\"40\" height=\"2\"><\/rect>\n                        <\/g>\n                    <\/g>\n                <\/g>\n            <\/g>\n        <\/svg>\n    <\/div>\n    \n    <span class=\"h6\">Dublin Distillery<\/span>\n<\/div>\n                        <h2 class=\"h1 wysiwyg\">Jameson Distillery Bow St.<\/h2>\n                    <\/div>\n                 <\/a>\n\n                <div class=\"map-direction__lines\">\n                                        <details>\n                        <summary class=\"h5\">\n                    <span>\n                        <span class=\"expandable-list-heading\">Adresse<\/span>\n                        <span class=\"expandable-list-toggle\"><\/span>\n                    <\/span>\n                        <\/summary>\n                        <section class=\"expandable-list-content wysiwyg\">\n                            <p>Bow St, Smithfield, Dublin 7, D07 N9VH, Irland<\/p>\n\n                                                            <br>\n                                                                                    <a href=\"https:\/\/www.google.com\/maps\/search\/?api=1&#038;query=53.348376%2C-6.277354\"\n                               target=\"_blank\">Anfahrtsbeschreibung \u00fcber Google Maps<\/a>\n                                            \n                                                    <\/section>\n                    <\/details>\n\n                    <details>\n                        <summary class=\"h5\">\n                            <span>\n                                <span class=\"expandable-list-heading\">Anfahrt<\/span>\n                                <span class=\"expandable-list-toggle\"><\/span>\n                            <\/span>\n                        <\/summary>\n                        <section class=\"expandable-list-content wysiwyg\">\n                            <p><strong>Bus<\/strong><br \/>\nHop-On-Hop\u2013Off-Buslinien \u2013 Ausstieg bei Smithfield.<\/p>\n<p><strong>Stra\u00dfenbahn\/Luas (Rote Linie)<\/strong><br \/>\nSmithfield-Haltestelle. 2 Minuten zu Fu\u00df zur Jameson Distillery Bow St.<\/p>\n<p><strong>Parken<\/strong><br \/>\nN\u00e4chstgelegener Parkplatz ist in der Queens Street\/Smithfield Square.<\/p>\n\n                        <\/section>\n                    <\/details>\n\n                    <details>\n                        <summary class=\"h5\">\n                            <span>\n                                <span class=\"expandable-list-heading\">\u00d6ffnungszeiten<\/span>\n                                <span class=\"expandable-list-toggle\"><\/span>\n                            <\/span>\n                        <\/summary>\n                        <section class=\"expandable-list-content wysiwyg\">\n                            <p><strong>***Bitte beachte, dass es aufgrund von Alkoholgesetzen in Irland keinen Verkauf von Alkohol im Geschenkeladen oder an der Bar vor 10:30 Uhr von Montag bis Samstag oder vor 12:30 Uhr an Sonntagen gibt.***<\/strong><\/p>\n<p>7 Tage ge\u00f6ffnet<\/p>\n<p><strong>\u00d6ffnungszeiten<\/strong><\/p>\n<p><strong>Sonntag: <\/strong>Ge\u00f6ffnet ab 12:00 Uhr \u2013 Letzte F\u00fchrung um 17:30 Uhr<br \/>\n<strong>Bar &amp; Geschenkeladen<\/strong> schlie\u00dfen um 18:00 Uhr<\/p>\n<p><strong>Montag &#8211; Donnerstag:<\/strong> Ge\u00f6ffnet ab 11:00 Uhr \u2013 Letzte F\u00fchrung um 17:30 Uhr<br \/>\n<strong>Bar &amp; Geschenkeladen<\/strong> schlie\u00dfen um 18:00 Uhr<\/p>\n<p><strong>Freitag &#8211; Samstag:<\/strong> Ge\u00f6ffnet ab 11:00 Uhr \u2013 Letzte F\u00fchrung um 18:30 Uhr<br \/>\n<strong>Bar &amp; Geschenkeladen<\/strong> schlie\u00dfen um 19:00 Uhr<\/p>\n<p>Die Verf\u00fcgbarkeit der Touren \u00e4ndert sich saisonal. Bitte besuche unseren <a href=\"https:\/\/www.jamesonwhiskey.com\/de-de\/visit-our-distilleries\/jameson-bow-street-distillery-tour\/\">Buchungsbereich<\/a>, um die aktuellste Verf\u00fcgbarkeit zu sehen.<\/p>\n\n                        <\/section>\n                    <\/details>\n                                    <\/div>\n\n                                <div class=\"map-direction__cta\">\n                    <a class=\"btn--quaternary\" title=\"BESUCHE BOW ST. DISTILLERY\" href=\"https:\/\/www.jamesonwhiskey.com\/de-de\/visit-our-distilleries\/jameson-bow-street-distillery-tour\/\">BESUCHE BOW ST. DISTILLERY<\/a>\n                <\/div>\n                            <\/div>\n                                                        \n                                                \n            \n            <div class=\"map-direction__locations-item\" id=\"Midleton\">\n                <a href=\"https:\/\/www.jamesonwhiskey.com\/de-de\/visit-our-distilleries\/midleton-distillery-cork\/\" title=\"BESUCHE MIDLETON DISTILLERY\" class=\"map-direction__images\">\n                    <picture class=\"map-direction__picture-background\">\n                        <source class=\"map-direction__source-background\"\n                                srcset=\"https:\/\/ik.imagekit.io\/cvygf2xse\/jamesonwhiskey\/wp-content\/uploads\/2021\/10\/Map-2-Foreground.png?tr=q-80,w-375 375w, https:\/\/ik.imagekit.io\/cvygf2xse\/jamesonwhiskey\/wp-content\/uploads\/2021\/10\/Map-2-Foreground.png?tr=q-80,w-360 360w, https:\/\/ik.imagekit.io\/cvygf2xse\/jamesonwhiskey\/wp-content\/uploads\/2021\/10\/Map-2-Foreground.png?tr=q-80,w-320 320w, https:\/\/ik.imagekit.io\/cvygf2xse\/jamesonwhiskey\/wp-content\/uploads\/2021\/10\/Map-2-Foreground.png?tr=q-80,w-300 300w, https:\/\/ik.imagekit.io\/cvygf2xse\/jamesonwhiskey\/wp-content\/uploads\/2021\/10\/Map-2-Foreground.png?tr=q-80,w-275 275w, https:\/\/ik.imagekit.io\/cvygf2xse\/jamesonwhiskey\/wp-content\/uploads\/2021\/10\/Map-2-Foreground.png?tr=q-80,w-200 200w, https:\/\/ik.imagekit.io\/cvygf2xse\/jamesonwhiskey\/wp-content\/uploads\/2021\/10\/Map-2-Foreground.png?tr=q-80,w-100 100w, \"\n                                sizes=\"(min-width: 1440px) 585px, (min-width: 1024px) 585px, (min-width: 768px) 585px, (min-width: 500px) 585px, 585px\">\n                        <img decoding=\"async\" loading=\"eager\" class=\"map-direction__image-background\"\n                             src=\"https:\/\/ik.imagekit.io\/cvygf2xse\/jamesonwhiskey\/wp-content\/uploads\/2021\/10\/Map-2-Foreground.png?tr=q-80,w-381\"\n                             width=\"381\"\n                             height=\"381\"\n                             role=\"presentation\"\n                             alt=\"\">\n                    <\/picture>\n\n                    <picture class=\"map-direction__picture-foreground\">\n                        <source class=\"map-direction__source-foreground\"\n                                srcset=\"https:\/\/ik.imagekit.io\/cvygf2xse\/jamesonwhiskey\/wp-content\/uploads\/2021\/10\/Map-2-Foreground.png?tr=q-80,w-375 375w, https:\/\/ik.imagekit.io\/cvygf2xse\/jamesonwhiskey\/wp-content\/uploads\/2021\/10\/Map-2-Foreground.png?tr=q-80,w-360 360w, https:\/\/ik.imagekit.io\/cvygf2xse\/jamesonwhiskey\/wp-content\/uploads\/2021\/10\/Map-2-Foreground.png?tr=q-80,w-320 320w, https:\/\/ik.imagekit.io\/cvygf2xse\/jamesonwhiskey\/wp-content\/uploads\/2021\/10\/Map-2-Foreground.png?tr=q-80,w-300 300w, https:\/\/ik.imagekit.io\/cvygf2xse\/jamesonwhiskey\/wp-content\/uploads\/2021\/10\/Map-2-Foreground.png?tr=q-80,w-275 275w, https:\/\/ik.imagekit.io\/cvygf2xse\/jamesonwhiskey\/wp-content\/uploads\/2021\/10\/Map-2-Foreground.png?tr=q-80,w-200 200w, https:\/\/ik.imagekit.io\/cvygf2xse\/jamesonwhiskey\/wp-content\/uploads\/2021\/10\/Map-2-Foreground.png?tr=q-80,w-100 100w, \"\n                                sizes=\"(min-width: 1440px) 381px, (min-width: 1024px) 381px, (min-width: 768px) 381px, (min-width: 500px) 381px, 268px\">\n                        <img decoding=\"async\" loading=\"eager\" class=\"map-direction__image-foreground\"\n                             src=\"https:\/\/ik.imagekit.io\/cvygf2xse\/jamesonwhiskey\/wp-content\/uploads\/2021\/10\/Map-2-Foreground.png?tr=q-80,w-381\"\n                             width=\"381\"\n                             height=\"381\"\n                             role=\"presentation\"\n                             alt=\"\">\n                    <\/picture>\n\n                    <div class=\"map-direction__heading\">\n                        \n\n<div class=\"subheading map-direction__subheading\">\n        <div>\n        <svg width=\"40px\" height=\"2px\" viewBox=\"0 0 40 2\" version=\"1.1\" aria-hidden=\"true\" xmlns=\"http:\/\/www.w3.org\/2000\/svg\" xmlns:xlink=\"http:\/\/www.w3.org\/1999\/xlink\">\n            <g stroke=\"none\" stroke-width=\"2\" fill=\"none\" fill-rule=\"evenodd\">\n                <g transform=\"translate(-20.000000, -916.000000)\" fill=\"#154734\">\n                    <g transform=\"translate(20.000000, 904.000000)\">\n                        <g>\n                            <rect x=\"0\" y=\"12\" width=\"40\" height=\"2\"><\/rect>\n                        <\/g>\n                    <\/g>\n                <\/g>\n            <\/g>\n        <\/svg>\n    <\/div>\n    \n    <span class=\"h6\">County Cork Distillery<\/span>\n<\/div>\n                        <h2 class=\"h1 wysiwyg\">Jameson Distillery Midleton<\/h2>\n                    <\/div>\n                 <\/a>\n\n                <div class=\"map-direction__lines\">\n                                        <details>\n                        <summary class=\"h5\">\n                    <span>\n                        <span class=\"expandable-list-heading\">Adresse<\/span>\n                        <span class=\"expandable-list-toggle\"><\/span>\n                    <\/span>\n                        <\/summary>\n                        <section class=\"expandable-list-content wysiwyg\">\n                            <p>Jameson Distillery Midleton, Distillery Walk, Midleton, Co. Cork, P25 Y394, Irland.<\/p>\n<p>Gib einfach <strong>P25Y394<\/strong> in die Karten ein. Bitte \u00fcberpr\u00fcfe sicherheitshalber, ob die Zieladresse mit der obigen \u00fcbereinstimmt.<\/p>\n<p data-renderer-start-pos=\"393\">Bitte beachte, dass wir gerade eine aufregende Modernisierungsreise begonnen haben, bei der die Geb\u00e4ude der Jameson Distillery Midleton zwischen jetzt und 2025 umgebaut werden &#8211; p\u00fcnktlich zu unserem 200-j\u00e4hrigen Jubil\u00e4um.<\/p>\n<p data-renderer-start-pos=\"597\">Du wirst m\u00f6glicherweise einige Bauarbeiten bemerken, wenn du ankommst, aber wir stellen sicher, dass unsere Erlebnisse wie gewohnt mit minimalen St\u00f6rungen stattfinden.<\/p>\n\n                                                            <br>\n                                                                                    <a href=\"https:\/\/www.google.com\/maps\/search\/?api=1&#038;query=51.9136489%2C-8.1681655\"\n                               target=\"_blank\">Anfahrtsbeschreibung \u00fcber Google Maps<\/a>\n                                            \n                                                    <\/section>\n                    <\/details>\n\n                    <details>\n                        <summary class=\"h5\">\n                            <span>\n                                <span class=\"expandable-list-heading\">Anfahrt<\/span>\n                                <span class=\"expandable-list-toggle\"><\/span>\n                            <\/span>\n                        <\/summary>\n                        <section class=\"expandable-list-content wysiwyg\">\n                            <p data-renderer-start-pos=\"393\"><strong>Mit dem Auto<\/strong><\/p>\n<p data-renderer-start-pos=\"597\">Bitte plane etwas Zeit ein, um vor deinem Erlebnis einen Parkplatz zu finden, da wir vor Ort<\/p>\n<p data-renderer-start-pos=\"862\">Wenn du ankommst, gibt es kostenlose Parkpl\u00e4tze vor den Haupttoren in der Distillery Walk. Es gibt auch kostenlose Parkpl\u00e4tze im Distillery Lane Parkhaus und in der Main Street Midleton.<\/p>\n<p><strong>Zug<\/strong><br \/>\nRegelm\u00e4\u00dfige Z\u00fcge fahren t\u00e4glich vom Cork&#8217;s Kent Bahnhof nach Midleton.<\/p>\n<p><strong>\u00d6ffentlicher Bus<\/strong><br \/>\nLokale Busdienste sind 7 Tage die Woche verf\u00fcgbar. Die n\u00e4chstgelegene Bushaltestelle befindet sich am Ende der Distillery Walk.<\/p>\n<p><strong>Flugzeug<\/strong><br \/>\nVom Flughafen Cork links abbiegen und der N25 Waterford Road bis nach Midleton folgen.<\/p>\n<p><strong>F\u00e4hre<\/strong><br \/>\nN\u00e4chstgelegener F\u00e4hrhafen ist Ringaskiddy, 21 km von Cork entfernt. Von Ringaskiddy den Schildern Richtung Cork City folgen und dann den Schildern Richtung Waterford N25. Verlasse die N25 in Midleton.<\/p>\n\n                        <\/section>\n                    <\/details>\n\n                    <details>\n                        <summary class=\"h5\">\n                            <span>\n                                <span class=\"expandable-list-heading\">\u00d6ffnungszeiten<\/span>\n                                <span class=\"expandable-list-toggle\"><\/span>\n                            <\/span>\n                        <\/summary>\n                        <section class=\"expandable-list-content wysiwyg\">\n                            <p><strong>***Bitte beachte, dass es aufgrund von Alkoholgesetzen in Irland keinen Verkauf von Alkohol im Geschenkeladen oder an der Bar vor 10:30 Uhr von Montag bis Samstag oder vor 12:30 Uhr an Sonntagen gibt.***<\/strong><\/p>\n<p><strong>T\u00e4glich von 10:00 &#8211; 18:00 Uhr ge\u00f6ffnet<\/strong><\/p>\n<p>Die Verf\u00fcgbarkeit der Touren \u00e4ndert sich saisonal. Bitte besuche unseren <a href=\"https:\/\/www.jamesonwhiskey.com\/de-de\/visit-our-distilleries\/midleton-distillery-cork\/\">Buchungsbereich<\/a>, um die aktuellste Verf\u00fcgbarkeit zu sehen.<\/p>\n\n                        <\/section>\n                    <\/details>\n                                    <\/div>\n\n                                <div class=\"map-direction__cta\">\n                    <a class=\"btn--quaternary\" title=\"BESUCHE MIDLETON DISTILLERY\" href=\"https:\/\/www.jamesonwhiskey.com\/de-de\/visit-our-distilleries\/midleton-distillery-cork\/\">BESUCHE MIDLETON DISTILLERY<\/a>\n                <\/div>\n                            <\/div>\n            <\/div>\n\n<\/section>\n\n    <script type=\"application\/ld+json\">\n    {\n        \"@context\": \"https:\/\/schema.org\",\n        \"@type\": \"TouristAttraction\",\n        \"identifier\": \"bow-street-tourist-attraction\",        \"name\": \"Jameson Distillery Bow St.\",\n        \"description\": \"Dublin Distillery\",\n        \"image\": \"https:\/\/www.jamesonwhiskey.com\/wp-content\/uploads\/2022\/01\/bow_street_mobile-1.jpg\",\n        \"url\": \"https:\/\/www.jamesonwhiskey.com\/de-de\/wp-json\/wp\/v2\/pages\/310620#bow-street\",                \"geo\": {\n            \"@type\": \"GeoCoordinates\",\n            \"latitude\": \"53.348376\",\n            \"longitude\": \"-6.277354\"\n        },\n                \"address\": {\n            \"@type\": \"PostalAddress\",\n            \"addressLocality\": \"Dublin\",\n            \"addressCountry\": \"Irland\",\n            \"addressRegion\": \"Dublin 7\",\n            \"postalCode\": \"D07 N9VH\",\n            \"streetAddress\": \"Bow St, Smithfield, 7\"\n        }\n    }\n    <\/script>\n    <script type=\"application\/ld+json\">\n    {\n        \"@context\": \"https:\/\/schema.org\",\n        \"@type\": \"LocalBusiness\",\n        \"identifier\": \"bow-street-local-business\",        \"name\": \"Jameson Distillery Bow St.\",\n        \"description\": \"Dublin Distillery\",\n        \"url\": \"https:\/\/www.jamesonwhiskey.com\/de-de\/wp-json\/wp\/v2\/pages\/310620#bow-street\",                \"geo\": {\n            \"@type\": \"GeoCoordinates\",\n            \"latitude\": \"53.348376\",\n            \"longitude\": \"-6.277354\"\n        },\n                        \"address\": {\n            \"@type\": \"PostalAddress\",\n            \"addressLocality\": \"Dublin\",\n            \"addressCountry\": \"Irland\",\n            \"addressRegion\": \"Dublin 7\",\n            \"postalCode\": \"D07 N9VH\",\n            \"streetAddress\": \"Bow St, Smithfield, 7\"\n        }\n    }\n    <\/script>\n    <script type=\"application\/ld+json\">\n    {\n        \"@context\": \"https:\/\/schema.org\",\n        \"@type\": \"TouristAttraction\",\n        \"identifier\": \"Midleton-tourist-attraction\",        \"name\": \"Jameson Distillery Midleton\",\n        \"description\": \"County Cork Distillery\",\n        \"image\": \"https:\/\/www.jamesonwhiskey.com\/wp-content\/uploads\/2021\/10\/Map-2-Foreground.png\",\n        \"url\": \"https:\/\/www.jamesonwhiskey.com\/de-de\/wp-json\/wp\/v2\/pages\/310620#Midleton\",                \"geo\": {\n            \"@type\": \"GeoCoordinates\",\n            \"latitude\": \"51.9136489\",\n            \"longitude\": \"-8.1681655\"\n        },\n                \"address\": {\n            \"@type\": \"PostalAddress\",\n            \"addressLocality\": \"Midleton\",\n            \"addressCountry\": \"Irland\",\n            \"addressRegion\": \"Co. Cork\",\n            \"postalCode\": \"P25 Y394\",\n            \"streetAddress\": \"Old Midleton Distillery, Distillery Walk\"\n        }\n    }\n    <\/script>\n    <script type=\"application\/ld+json\">\n    {\n        \"@context\": \"https:\/\/schema.org\",\n        \"@type\": \"LocalBusiness\",\n        \"identifier\": \"Midleton-local-business\",        \"name\": \"Jameson Distillery Midleton\",\n        \"description\": \"County Cork Distillery\",\n        \"url\": \"https:\/\/www.jamesonwhiskey.com\/de-de\/wp-json\/wp\/v2\/pages\/310620#Midleton\",                \"geo\": {\n            \"@type\": \"GeoCoordinates\",\n            \"latitude\": \"51.9136489\",\n            \"longitude\": \"-8.1681655\"\n        },\n                        \"address\": {\n            \"@type\": \"PostalAddress\",\n            \"addressLocality\": \"Midleton\",\n            \"addressCountry\": \"Irland\",\n            \"addressRegion\": \"Co. Cork\",\n            \"postalCode\": \"P25 Y394\",\n            \"streetAddress\": \"Old Midleton Distillery, Distillery Walk\"\n        }\n    }\n    <\/script>\n","protected":false},"excerpt":{"rendered":"","protected":false},"author":29,"featured_media":0,"parent":0,"menu_order":4,"comment_status":"closed","ping_status":"closed","template":"","meta":{"_acf_changed":false,"_seopress_robots_primary_cat":"","_seopress_titles_title":"Besuche unsere Jameson Distillery Tours | Jameson Whiskey Destillerie Besichtigung - Jameson Irish Whiskey","_seopress_titles_desc":"Buche jetzt deinen Besuch in einer unserer Whiskey-Destillerien. Bei unseren Jameson Whiskey Destillerie Besichtigungen erf\u00e4hrst du mehr \u00fcber unsere Geschichte und wie unser Whiskey hergestellt wird. ","_seopress_robots_index":"","inline_featured_image":false,"footnotes":""},"categories":[],"tags":[],"our-world-category":[],"class_list":["post-310620","page","type-page","status-publish","hentry"],"acf":[],"_links":{"self":[{"href":"https:\/\/www.jamesonwhiskey.com\/de-de\/wp-json\/wp\/v2\/pages\/310620","targetHints":{"allow":["GET"]}}],"collection":[{"href":"https:\/\/www.jamesonwhiskey.com\/de-de\/wp-json\/wp\/v2\/pages"}],"about":[{"href":"https:\/\/www.jamesonwhiskey.com\/de-de\/wp-json\/wp\/v2\/types\/page"}],"author":[{"embeddable":true,"href":"https:\/\/www.jamesonwhiskey.com\/de-de\/wp-json\/wp\/v2\/users\/29"}],"replies":[{"embeddable":true,"href":"https:\/\/www.jamesonwhiskey.com\/de-de\/wp-json\/wp\/v2\/comments?post=310620"}],"version-history":[{"count":0,"href":"https:\/\/www.jamesonwhiskey.com\/de-de\/wp-json\/wp\/v2\/pages\/310620\/revisions"}],"wp:attachment":[{"href":"https:\/\/www.jamesonwhiskey.com\/de-de\/wp-json\/wp\/v2\/media?parent=310620"}],"wp:term":[{"taxonomy":"category","embeddable":true,"href":"https:\/\/www.jamesonwhiskey.com\/de-de\/wp-json\/wp\/v2\/categories?post=310620"},{"taxonomy":"post_tag","embeddable":true,"href":"https:\/\/www.jamesonwhiskey.com\/de-de\/wp-json\/wp\/v2\/tags?post=310620"},{"taxonomy":"our-world-category","embeddable":true,"href":"https:\/\/www.jamesonwhiskey.com\/de-de\/wp-json\/wp\/v2\/our-world-category?post=310620"}],"curies":[{"name":"wp","href":"https:\/\/api.w.org\/{rel}","templated":true}]}}