{"id":3194892,"date":"2025-10-07T13:41:43","date_gmt":"2025-10-07T13:41:43","guid":{"rendered":"https:\/\/www.jamesonwhiskey.com\/accessibility-statement\/"},"modified":"2025-10-22T12:38:04","modified_gmt":"2025-10-22T12:38:04","slug":"accessibility-statement","status":"publish","type":"page","link":"https:\/\/www.jamesonwhiskey.com\/de-de\/accessibility-statement\/","title":{"rendered":"Barrierefreiheitserkl\u00e4rung"},"content":{"rendered":"\n<section id=\"block_e341de31418d2024e8efedd815ae5307\"\n         class=\"content-one-column content-one-column--bg-light_cream full-width lazy\n        \n        \n        \" data-assetkey=\"content-one-column\">\n    <div class=\"content-one-column__content\">\n        \n                <div class=\"content-one-column__heading\">\n                            <h2 class=\"h1\">Accessibility Statement <\/h2>\n                    <\/div>\n\n        \n                                                            <div class=\"content-one-column__text wysiwyg align_center_on_desktop\">\n                    <p>Pernod Ricard und seine Tochtergesellschaften setzen sich f\u00fcr Inklusion ein und daf\u00fcr, ihre Websites und mobilen Apps zug\u00e4nglich zu machen. Wenn Sie auf Inhalte oder Dienstleistungen nicht zugreifen k\u00f6nnen, kontaktieren Sie uns bitte per E-Mail unter:\u00a0<a title=\"mailto:Accessibility@pernod-ricard.com\" href=\"mailto:Accessibility@pernod-ricard.com\" data-linkindex=\"0\">Accessibility@pernod-ricard.com<\/a>, damit wir Ihnen eine barrierefreie Alternative bereitstellen oder die Inhalte in einer anderen Form anbieten k\u00f6nnen.<\/p>\n\n                <\/div>\n                        <\/div>\n\n    <\/section>\n","protected":false},"excerpt":{"rendered":"<p>Pernod Ricard und seine Tochtergesellschaften setzen sich f\u00fcr Inklusion ein und daf\u00fcr, ihre Websites und mobilen Apps zug\u00e4nglich zu machen. <\/p>\n","protected":false},"author":335,"featured_media":0,"parent":0,"menu_order":0,"comment_status":"closed","ping_status":"closed","template":"","meta":{"_acf_changed":false,"_seopress_robots_primary_cat":"","_seopress_titles_title":"Barrierefreiheitserkl\u00e4rung | Jameson Irish Whiskey","_seopress_titles_desc":"Pernod Ricard und seine Tochtergesellschaften setzen sich f\u00fcr Inklusion ein und daf\u00fcr, ihre Websites und mobilen Apps zug\u00e4nglich zu machen","_seopress_robots_index":"","inline_featured_image":false,"footnotes":""},"categories":[],"tags":[],"our-world-category":[],"class_list":["post-3194892","page","type-page","status-publish","hentry"],"acf":[],"_links":{"self":[{"href":"https:\/\/www.jamesonwhiskey.com\/de-de\/wp-json\/wp\/v2\/pages\/3194892","targetHints":{"allow":["GET"]}}],"collection":[{"href":"https:\/\/www.jamesonwhiskey.com\/de-de\/wp-json\/wp\/v2\/pages"}],"about":[{"href":"https:\/\/www.jamesonwhiskey.com\/de-de\/wp-json\/wp\/v2\/types\/page"}],"author":[{"embeddable":true,"href":"https:\/\/www.jamesonwhiskey.com\/de-de\/wp-json\/wp\/v2\/users\/335"}],"replies":[{"embeddable":true,"href":"https:\/\/www.jamesonwhiskey.com\/de-de\/wp-json\/wp\/v2\/comments?post=3194892"}],"version-history":[{"count":2,"href":"https:\/\/www.jamesonwhiskey.com\/de-de\/wp-json\/wp\/v2\/pages\/3194892\/revisions"}],"predecessor-version":[{"id":3199721,"href":"https:\/\/www.jamesonwhiskey.com\/de-de\/wp-json\/wp\/v2\/pages\/3194892\/revisions\/3199721"}],"wp:attachment":[{"href":"https:\/\/www.jamesonwhiskey.com\/de-de\/wp-json\/wp\/v2\/media?parent=3194892"}],"wp:term":[{"taxonomy":"category","embeddable":true,"href":"https:\/\/www.jamesonwhiskey.com\/de-de\/wp-json\/wp\/v2\/categories?post=3194892"},{"taxonomy":"post_tag","embeddable":true,"href":"https:\/\/www.jamesonwhiskey.com\/de-de\/wp-json\/wp\/v2\/tags?post=3194892"},{"taxonomy":"our-world-category","embeddable":true,"href":"https:\/\/www.jamesonwhiskey.com\/de-de\/wp-json\/wp\/v2\/our-world-category?post=3194892"}],"curies":[{"name":"wp","href":"https:\/\/api.w.org\/{rel}","templated":true}]}}