{"id":349143,"date":"2021-08-31T16:32:54","date_gmt":"2021-08-31T16:32:54","guid":{"rendered":"https:\/\/live-jameson.pantheonsite.io\/faq\/"},"modified":"2026-01-05T10:41:16","modified_gmt":"2026-01-05T10:41:16","slug":"faq","status":"publish","type":"page","link":"https:\/\/www.jamesonwhiskey.com\/de-de\/faq\/","title":{"rendered":"FAQ"},"content":{"rendered":"\n<section id=\"block_337d299b6c38eb326965b8df66217b08\" class=\"hero hero-no-image hero-no-image__no-breadcrumb-spacer lazy\" data-assetkey=\"hero-no-image\">\n  <div class=\"hero-no-image__container hero-no-image__container-fullwidth\">\n    <div class=\"hero-no-image__container-content\">\n        <div class=\"subheading \">\n    <div class=\"subheading__line\"><\/div>\n    <h1 class=\"h6\">H\u00e4ufig gestellte Fragen rund um Jameson Whiskey<\/h1>\n  <\/div>\n\n      <h1 class=\"h1\">Die am h\u00e4ufigsten gestellten Whiskey Fragen<\/h1>\n    <\/div>\n  <\/div>\n<\/section>\n\n\n\n<section id=\"block_cfae7fcea9c1ce0235f060b8798f7da7\" class=\"faq  lazy\" data-assetkey=\"faq\">\n  <div class=\"faq__heading\">\n    <h2 class=\"h1\">Jameson Distillery-Touren<\/h2>\n  <\/div>\n\n  <div class=\"faq__lines\">\n                          <details>\n          <summary class=\"h5\">\n            <span class=\"expandable-list-heading\">Wie kann ich einen Besuch bei der Jameson Distillery Bow St. in Dublin buchen?<\/span>\n            <span class=\"expandable-list-toggle\"><\/span>\n          <\/summary>\n          <section class=\"expandable-list-content\">\n            <p>Alle Informationen, die du f\u00fcr einen Besuch im urspr\u00fcnglichen Jameson-Haus in Dublin ben\u00f6tigst, von den Startzeiten der Touren bis hin zu den Wegbeschreibungen, findest du auf unserer Website <a href=\"https:\/\/www.jamesonwhiskey.com\/de-de\/visit-our-distilleries\/jameson-bow-street-distillery-tour\/\">Jameson Distillery Bow St.<\/a>. Wir freuen uns auf dich!<\/p>\n\n          <\/section>\n        <\/details>\n                                <details>\n          <summary class=\"h5\">\n            <span class=\"expandable-list-heading\">D\u00fcrfen Kinder an den Jameson Distillery Bow St.-Erlebnissen teilnehmen?<\/span>\n            <span class=\"expandable-list-toggle\"><\/span>\n          <\/summary>\n          <section class=\"expandable-list-content\">\n            <p>Personen unter 18 J. d\u00fcrfen an unserem Bow St.-Erlebnis teilnehmen und Wissenswertes \u00fcber unsere Geschichte und unser Verfahren erfahren. Was den Geschmack unseres Whiskeys anbelangt, m\u00fcssen wir sie allerdings auf sp\u00e4ter vertr\u00f6sten. Leider d\u00fcrfen wir Personen unter 18 J. nicht an den Erlebnissen \u201eThe Whiskey Makers \u2013 Whiskey-Meisterkurs\u201c und \u201eThe Whiskey Shakers \u2013 Cocktail-Meisterkurs\u201c teilnehmen lassen. Gl\u00fccklicherweise ist Geduld ja eine Tugend, also schau doch in ein paar Jahren wieder vorbei.<\/p>\n\n          <\/section>\n        <\/details>\n                                <details>\n          <summary class=\"h5\">\n            <span class=\"expandable-list-heading\">Wie kann ich einen Besuch bei der Jameson Distillery Midleton, Co. Cork, buchen?<\/span>\n            <span class=\"expandable-list-toggle\"><\/span>\n          <\/summary>\n          <section class=\"expandable-list-content\">\n            <p>Alle Informationen, die du f\u00fcr einen Besuch in der Jameson Distillery Midleton ben\u00f6tigst, von den Restaurantpreisen bis hin zu den Tourpreisen, findest du auf der <a href=\"https:\/\/www.jamesonwhiskey.com\/de-de\/visit-our-distilleries\/midleton-distillery-cork\/\">Website von Jameson Distillery Midleton<\/a>. Wir freuen uns darauf, dich bei uns begr\u00fc\u00dfen zu d\u00fcrfen!<\/p>\n\n          <\/section>\n        <\/details>\n                                <details>\n          <summary class=\"h5\">\n            <span class=\"expandable-list-heading\">Ist die Jameson Distillery Midleton mit dem Rollstuhl zug\u00e4nglich?<\/span>\n            <span class=\"expandable-list-toggle\"><\/span>\n          <\/summary>\n          <section class=\"expandable-list-content\">\n            <p>Obwohl alle unsere Erlebnisse Besuchern mit eingeschr\u00e4nkter Mobilit\u00e4t offenstehen, ist der Rollstuhlzugang auf Teilen der Touren \u201eBehind The Scenes \u2013 Erweiterte Destillerie-Spezialtour\u201c und \u201eAcademy Experience \u2013 Whiskey-Kurse\u201c eingeschr\u00e4nkt, da hierbei auch Betriebsanlagen unserer Destillerie besichtigt werden.<\/p>\n\n          <\/section>\n        <\/details>\n                                <details>\n          <summary class=\"h5\">\n            <span class=\"expandable-list-heading\">Wie kann ich Datum und\/oder Uhrzeit meiner Jameson-Tour \u00e4ndern?<\/span>\n            <span class=\"expandable-list-toggle\"><\/span>\n          <\/summary>\n          <section class=\"expandable-list-content\">\n            <p>Wenn du die Uhrzeit oder das Datum deiner Tour bei uns \u00e4ndern m\u00f6chtest, kannst du dich per E-Mail an <a href=\"mailto:bowst@jamesonwhiskey.com\">bowst@jamesonwhiskey.com<\/a> an unser Jameson Distillery Bow St.-Team in Dublin oder \u00fcber <a href=\"mailto:midleton@jamesonwhiskey.com\">midleton@jamesonwhiskey.com<\/a><\/p>\n<p>an unser Team in der Jameson Distillery Midleton im County Cork wenden:<\/p>\n\n          <\/section>\n        <\/details>\n                                <details>\n          <summary class=\"h5\">\n            <span class=\"expandable-list-heading\">Gibt es erm\u00e4\u00dfigte Preise f\u00fcr gr\u00f6\u00dfere Gruppen?<\/span>\n            <span class=\"expandable-list-toggle\"><\/span>\n          <\/summary>\n          <section class=\"expandable-list-content\">\n            <p>F\u00fcr Gruppen mit mindestens 15 Erwachsenen gilt ein erm\u00e4\u00dfigter Preis von 18 \u20ac pro Erwachsenem. Wir bieten auch eine Familiengeb\u00fchr (2 Erwachsene und bis zu 4 Kinder unter 18 Jahren) von 55 \u20ac an.<\/p>\n\n          <\/section>\n        <\/details>\n                                <details>\n          <summary class=\"h5\">\n            <span class=\"expandable-list-heading\">Was sind die Zutaten zur Herstellung des Jameson Irish Whiskey?<\/span>\n            <span class=\"expandable-list-toggle\"><\/span>\n          <\/summary>\n          <section class=\"expandable-list-content\">\n            <p>John Jameson f\u00fchrte im Jahr 1780 unsere Methode zur Herstellung von Whiskey ein, und dieser sind wir seitdem mit gro\u00dfem Stolz treu geblieben. Auch wenn das vielleicht nicht der einfachste Weg war, haben wir stets auf beste Zutaten (ungem\u00e4lzte und gem\u00e4lzte Gerste), dreifache Destillation und das Reifen unseres Whiskeys in w\u00fcrzigen Eichenf\u00e4ssern bestanden, und genau darin liegt auch das Geheimnis der unverkennbaren Samtigkeit unseres Whiskeys.<\/p>\n\n          <\/section>\n        <\/details>\n            <\/div>\n<\/section>\n\n\n\n<section id=\"block_2ea49b7cf33e9996e90808afad09511c\" class=\"faq  lazy\" data-assetkey=\"faq\">\n  <div class=\"faq__heading\">\n    <h2 class=\"h1\">Wissenswertes zu Whiskey<\/h2>\n  <\/div>\n\n  <div class=\"faq__lines\">\n                          <details>\n          <summary class=\"h5\">\n            <span class=\"expandable-list-heading\">Was ist Single Malt Whiskey?<\/span>\n            <span class=\"expandable-list-toggle\"><\/span>\n          <\/summary>\n          <section class=\"expandable-list-content\">\n            <p>Sieh dir unseren Artikel zu <a href=\"https:\/\/www.jamesonwhiskey.com\/de-de\/what-is-single-malt-whiskey\/\">Single Malt Whiskey<\/a> an.<\/p>\n\n          <\/section>\n        <\/details>\n                                <details>\n          <summary class=\"h5\">\n            <span class=\"expandable-list-heading\">Was ist Pot Still Whiskey?<\/span>\n            <span class=\"expandable-list-toggle\"><\/span>\n          <\/summary>\n          <section class=\"expandable-list-content\">\n            <p>Sieh dir unseren Artikel zu <a href=\"https:\/\/www.jamesonwhiskey.com\/de-de\/what-is-pot-still-whiskey\/\">Pot Still Whiskey<\/a> an.<\/p>\n\n          <\/section>\n        <\/details>\n                                <details>\n          <summary class=\"h5\">\n            <span class=\"expandable-list-heading\">Was ist Blended Whiskey aus Irland?<\/span>\n            <span class=\"expandable-list-toggle\"><\/span>\n          <\/summary>\n          <section class=\"expandable-list-content\">\n            <p>Sieh dir unseren Artikel zu <a href=\"https:\/\/www.jamesonwhiskey.com\/de-de\/what-is-blended-irish-whiskey\/\">Blended Whiskey aus Irland<\/a> an.<\/p>\n\n          <\/section>\n        <\/details>\n                                <details>\n          <summary class=\"h5\">\n            <span class=\"expandable-list-heading\">Was ist Jameson?<\/span>\n            <span class=\"expandable-list-toggle\"><\/span>\n          <\/summary>\n          <section class=\"expandable-list-content\">\n            <p>Erfahre mehr \u00fcber unsere <a href=\"https:\/\/www.jamesonwhiskey.com\/de-de\/our-whiskey\/jameson-irish-whiskey\/\">Jameson Irish Whiskey<\/a>.<\/p>\n\n          <\/section>\n        <\/details>\n                                <details>\n          <summary class=\"h5\">\n            <span class=\"expandable-list-heading\">Was ist Whiskey?<\/span>\n            <span class=\"expandable-list-toggle\"><\/span>\n          <\/summary>\n          <section class=\"expandable-list-content\">\n            <p>Sieh dir unseren Artikel zu <a href=\"https:\/\/www.jamesonwhiskey.com\/de-de\/what-is-whiskey\/\">Whiskey<\/a> an.<\/p>\n\n          <\/section>\n        <\/details>\n                                <details>\n          <summary class=\"h5\">\n            <span class=\"expandable-list-heading\">Woraus wird Whiskey hergestellt?<\/span>\n            <span class=\"expandable-list-toggle\"><\/span>\n          <\/summary>\n          <section class=\"expandable-list-content\">\n            <p>Sieh dir unseren Artikel zur <a href=\"https:\/\/www.jamesonwhiskey.com\/de-de\/what-is-whiskey-made-from\/\">Herstellung von Whiskey<\/a> an.<\/p>\n\n          <\/section>\n        <\/details>\n                                <details>\n          <summary class=\"h5\">\n            <span class=\"expandable-list-heading\">Was ist irischer Whiskey?<\/span>\n            <span class=\"expandable-list-toggle\"><\/span>\n          <\/summary>\n          <section class=\"expandable-list-content\">\n            <p>Sieh dir unseren Artikel zu <a href=\"https:\/\/www.jamesonwhiskey.com\/de-de\/what-is-irish-whiskey\/\">irischem Whiskey<\/a> an.<\/p>\n\n          <\/section>\n        <\/details>\n            <\/div>\n<\/section>\n\n\n\n<section id=\"block_57740b2ae4d8bf79943c11d88537aa79\" class=\"faq  lazy\" data-assetkey=\"faq\">\n  <div class=\"faq__heading\">\n    <h2 class=\"h1\">Fragen zu Flasche und Marke<\/h2>\n  <\/div>\n\n  <div class=\"faq__lines\">\n                          <details>\n          <summary class=\"h5\">\n            <span class=\"expandable-list-heading\">Welche flavoured Jameson Edition gibt es?<\/span>\n            <span class=\"expandable-list-toggle\"><\/span>\n          <\/summary>\n          <section class=\"expandable-list-content\">\n            <p>In Deutschland gab es bisher nur Jameson Orange als Limited Edition. Diese ist allerdings zurzeit nicht mehr erh\u00e4ltlich.<\/p>\n\n          <\/section>\n        <\/details>\n                                <details>\n          <summary class=\"h5\">\n            <span class=\"expandable-list-heading\">Kann ich eine personalisierte Flasche bekommen?<\/span>\n            <span class=\"expandable-list-toggle\"><\/span>\n          <\/summary>\n          <section class=\"expandable-list-content\">\n            <p>Personalisierte Jameson-Flaschen sind in den Ursprungsh\u00e4usern unserer Marke, der Jameson Distillery Bow St. in Dublin und der Jameson Distillery Midleton in Cork, sowie in unserem Online-Shop f\u00fcr <a href=\"https:\/\/midletondistillerycollection.com\/jameson\/personalised-jameson-distillery-edition-exclusive-product\/?utm_source=jamesonwhiskeycom&#038;utm_medium=referral&#038;AvpPassThrough=1\">erh\u00e4ltlich<\/a>.<\/p>\n\n          <\/section>\n        <\/details>\n                                <details>\n          <summary class=\"h5\">\n            <span class=\"expandable-list-heading\">Ich habe eine alte Jameson-Flasche gefunden und h\u00e4tte gerne so viele Informationen wie m\u00f6glich rund um diese Flasche.<\/span>\n            <span class=\"expandable-list-toggle\"><\/span>\n          <\/summary>\n          <section class=\"expandable-list-content\">\n            <p>In den Ursprungsh\u00e4usern unserer Marke in Dublin und Midleton erf\u00e4hrst du mehr \u00fcber die faszinierende Geschichte des Jameson Whiskey.<\/p>\n\n          <\/section>\n        <\/details>\n                                <details>\n          <summary class=\"h5\">\n            <span class=\"expandable-list-heading\">Wer ist John Jameson?<\/span>\n            <span class=\"expandable-list-toggle\"><\/span>\n          <\/summary>\n          <section class=\"expandable-list-content\">\n            <p>Sieh dir unseren Artikel zu <a href=\"https:\/\/www.jamesonwhiskey.com\/de-de\/john-jameson\/\">John Jameson<\/a> an.<\/p>\n\n          <\/section>\n        <\/details>\n            <\/div>\n<\/section>\n\n\n<section id=\"block_a681e175501355cb301a365f2c4c63fb\" class=\"contact-form  full-width  lazy\" data-assetkey=\"contact-form\">\n    <div class=\"contact-form__wrapper\">\n        <div class=\"contact-form__area1\">\n                                    <div class=\"contact-form__headings\">\n                <h1 class=\"h1\">Nicht f\u00fcndig geworden? Dann melde dich bitte bei uns.<\/h1>\n            <\/div>\n                    <\/div>\n\n        <div class=\"contact-form__area2\">\n                        <div class=\"contact-form__text wysiwyg\">\n                <p>Wenn du uns bez\u00fcglich der Jameson Distillery Bow St. in Dublin kontaktieren m\u00f6chtest, sende bitte eine E-Mail an <a href=\"mailto:bowst@jamesonwhiskey.com\">bowst@jamesonwhiskey.com<\/a>.<\/p>\n<p>Wenn du uns bez\u00fcglich der Jameson Distillery in Midleton, Co. Cork, kontaktieren m\u00f6chtest, sende bitte eine E-Mail an <a href=\"mailto:midleton@jamesonwhiskey.com\">midleton@jamesonwhiskey.com<\/a>.<\/p>\n<p>Bei allen anderen Fragen schicke bitte eine E-Mail an <a href=\"mailto:info@jamesonwhiskey.com\">info@jamesonwhiskey.com<\/a>.<\/p>\n\n            <\/div>\n                        <div class=\"contact-form__form\">\n            \n            <\/div>\n        <\/div>\n    <\/div>\n<\/section>\n","protected":false},"excerpt":{"rendered":"","protected":false},"author":3,"featured_media":0,"parent":0,"menu_order":8,"comment_status":"closed","ping_status":"closed","template":"","meta":{"_acf_changed":false,"_seopress_robots_primary_cat":"","_seopress_titles_title":"Whiskey FAQ - H\u00e4ufig gestellte Fragen zu Jameson Irish Whiskey","_seopress_titles_desc":"Egal welche Whiskey-Frage du hast, wahrscheinlich wird sie nicht zum ersten Mal gestellt. Die am h\u00e4ufigsten gestellten Fragen rund um Whiskey und Jameson findest du hier!","_seopress_robots_index":"","inline_featured_image":false,"footnotes":""},"categories":[],"tags":[],"our-world-category":[],"class_list":["post-349143","page","type-page","status-publish","hentry"],"acf":[],"_links":{"self":[{"href":"https:\/\/www.jamesonwhiskey.com\/de-de\/wp-json\/wp\/v2\/pages\/349143","targetHints":{"allow":["GET"]}}],"collection":[{"href":"https:\/\/www.jamesonwhiskey.com\/de-de\/wp-json\/wp\/v2\/pages"}],"about":[{"href":"https:\/\/www.jamesonwhiskey.com\/de-de\/wp-json\/wp\/v2\/types\/page"}],"author":[{"embeddable":true,"href":"https:\/\/www.jamesonwhiskey.com\/de-de\/wp-json\/wp\/v2\/users\/3"}],"replies":[{"embeddable":true,"href":"https:\/\/www.jamesonwhiskey.com\/de-de\/wp-json\/wp\/v2\/comments?post=349143"}],"version-history":[{"count":2,"href":"https:\/\/www.jamesonwhiskey.com\/de-de\/wp-json\/wp\/v2\/pages\/349143\/revisions"}],"predecessor-version":[{"id":3289142,"href":"https:\/\/www.jamesonwhiskey.com\/de-de\/wp-json\/wp\/v2\/pages\/349143\/revisions\/3289142"}],"wp:attachment":[{"href":"https:\/\/www.jamesonwhiskey.com\/de-de\/wp-json\/wp\/v2\/media?parent=349143"}],"wp:term":[{"taxonomy":"category","embeddable":true,"href":"https:\/\/www.jamesonwhiskey.com\/de-de\/wp-json\/wp\/v2\/categories?post=349143"},{"taxonomy":"post_tag","embeddable":true,"href":"https:\/\/www.jamesonwhiskey.com\/de-de\/wp-json\/wp\/v2\/tags?post=349143"},{"taxonomy":"our-world-category","embeddable":true,"href":"https:\/\/www.jamesonwhiskey.com\/de-de\/wp-json\/wp\/v2\/our-world-category?post=349143"}],"curies":[{"name":"wp","href":"https:\/\/api.w.org\/{rel}","templated":true}]}}