{"id":379567,"date":"2023-03-06T13:04:19","date_gmt":"2023-03-06T13:04:19","guid":{"rendered":"https:\/\/www.jamesonwhiskey.com\/?page_id=379567"},"modified":"2025-07-01T11:49:52","modified_gmt":"2025-07-01T11:49:52","slug":"john-jameson","status":"publish","type":"page","link":"https:\/\/www.jamesonwhiskey.com\/de-de\/john-jameson\/","title":{"rendered":"John Jameson"},"content":{"rendered":"<section id=\"block_75e9c90681c57b74de205378bf630293\" class=\"hero hero-halfscreen  lazy\" data-assetkey=\"hero-halfscreen\" data-colour_filter='none' data-colour_filter_opacity='51'>\n\t\t\n\t<div class=\"hero-halfscreen__img_content\">\n\t\t\t\t\t<div class=\"hero-halfscreen__img_content-breadcrumbs\">\n\t\t\t\t\t\t\t\t\t            \n\t\t\t\t\t\t\t<\/div>\n\t\t\n\t\t\t\t\t\t\t\t\t\t\n\n\t\t\t\t\t\t\n\t\t<picture class=\"hero-halfscreen__picture\">\n\t\t\t<source media=\"(min-width: 768px)\" class=\"hero-halfscreen__source hero-halfscreen__source--desktop\" srcset=\"https:\/\/ik.imagekit.io\/cvygf2xse\/jamesonwhiskey\/wp-content\/uploads\/2023\/03\/hero_414x690-aspect-ratio-1-1-aspect-ratio-960-730-10.webp?tr=q-80,w-400 400w, https:\/\/ik.imagekit.io\/cvygf2xse\/jamesonwhiskey\/wp-content\/uploads\/2023\/03\/hero_414x690-aspect-ratio-1-1-aspect-ratio-960-730-10.webp?tr=q-80,w-375 375w, https:\/\/ik.imagekit.io\/cvygf2xse\/jamesonwhiskey\/wp-content\/uploads\/2023\/03\/hero_414x690-aspect-ratio-1-1-aspect-ratio-960-730-10.webp?tr=q-80,w-360 360w, https:\/\/ik.imagekit.io\/cvygf2xse\/jamesonwhiskey\/wp-content\/uploads\/2023\/03\/hero_414x690-aspect-ratio-1-1-aspect-ratio-960-730-10.webp?tr=q-80,w-320 320w, https:\/\/ik.imagekit.io\/cvygf2xse\/jamesonwhiskey\/wp-content\/uploads\/2023\/03\/hero_414x690-aspect-ratio-1-1-aspect-ratio-960-730-10.webp?tr=q-80,w-300 300w, https:\/\/ik.imagekit.io\/cvygf2xse\/jamesonwhiskey\/wp-content\/uploads\/2023\/03\/hero_414x690-aspect-ratio-1-1-aspect-ratio-960-730-10.webp?tr=q-80,w-275 275w, https:\/\/ik.imagekit.io\/cvygf2xse\/jamesonwhiskey\/wp-content\/uploads\/2023\/03\/hero_414x690-aspect-ratio-1-1-aspect-ratio-960-730-10.webp?tr=q-80,w-200 200w, https:\/\/ik.imagekit.io\/cvygf2xse\/jamesonwhiskey\/wp-content\/uploads\/2023\/03\/hero_414x690-aspect-ratio-1-1-aspect-ratio-960-730-10.webp?tr=q-80,w-100 100w, \" sizes=\"(min-width: 1440px) 100vw, (min-width: 1024px) 1024px, (min-width: 768px) 768px\">\n\t\t\t<source class=\"hero-halfscreen__source hero-halfscreen__source--mobile\" srcset=\"https:\/\/ik.imagekit.io\/cvygf2xse\/jamesonwhiskey\/wp-content\/uploads\/2023\/03\/hero_414x690-aspect-ratio-1-1.webp?tr=q-80,w-400 400w, https:\/\/ik.imagekit.io\/cvygf2xse\/jamesonwhiskey\/wp-content\/uploads\/2023\/03\/hero_414x690-aspect-ratio-1-1.webp?tr=q-80,w-375 375w, https:\/\/ik.imagekit.io\/cvygf2xse\/jamesonwhiskey\/wp-content\/uploads\/2023\/03\/hero_414x690-aspect-ratio-1-1.webp?tr=q-80,w-360 360w, https:\/\/ik.imagekit.io\/cvygf2xse\/jamesonwhiskey\/wp-content\/uploads\/2023\/03\/hero_414x690-aspect-ratio-1-1.webp?tr=q-80,w-320 320w, https:\/\/ik.imagekit.io\/cvygf2xse\/jamesonwhiskey\/wp-content\/uploads\/2023\/03\/hero_414x690-aspect-ratio-1-1.webp?tr=q-80,w-300 300w, https:\/\/ik.imagekit.io\/cvygf2xse\/jamesonwhiskey\/wp-content\/uploads\/2023\/03\/hero_414x690-aspect-ratio-1-1.webp?tr=q-80,w-275 275w, https:\/\/ik.imagekit.io\/cvygf2xse\/jamesonwhiskey\/wp-content\/uploads\/2023\/03\/hero_414x690-aspect-ratio-1-1.webp?tr=q-80,w-200 200w, https:\/\/ik.imagekit.io\/cvygf2xse\/jamesonwhiskey\/wp-content\/uploads\/2023\/03\/hero_414x690-aspect-ratio-1-1.webp?tr=q-80,w-100 100w, \" sizes=\"(min-width: 768px) 768px, (min-width: 500px) 500px, 250px\">\n\t\t\t<img loading=\"lazy\" decoding=\"async\" class=\"hero-halfscreen__image\" src=\"https:\/\/ik.imagekit.io\/cvygf2xse\/jamesonwhiskey\/wp-content\/uploads\/2023\/03\/hero_414x690-aspect-ratio-1-1-aspect-ratio-960-730-10.webp?tr=q-80,w-414\" width=\"414\" height=\"414\" alt=\"\" role=\"presentation\">\n\t\t<\/picture>\n\t<\/div>\n\n\t<div\n\t\tclass=\"hero-halfscreen__content\" data-background=\"\">\n\t\t\t\t\t\t\t\t\n\t\t  <div class=\"subheading \">\n    <div class=\"subheading__line\"><\/div>\n    <h2 class=\"h6\">Unser furchtloser Gr\u00fcndervater<\/h2>\n  <\/div>\n\n\t\t<h1 class=\"h1\">John Jameson<\/h1>\n\n\t\t\t\t\t<div class=\"hero-halfscreen__content-intro wysiwyg\">\n\t\t\t\t<p>Unser furchtloser Gr\u00fcnder verlie\u00df 1780 ein Schiff aus seiner schottischen Heimat, um die <a href=\"https:\/\/www.jamesonwhiskey.com\/de-de\/visit-our-distilleries\/jameson-bow-street-distillery-tour\/\">Bow Street Distillery in Dublin<\/a> zu gr\u00fcnden.<\/p>\n<p>Bringen wir das mal auf den Punkt. Irlands ber\u00fchmtester Whiskey wurde von einem Schotten gegr\u00fcndet. Nachdem John Jameson die meiste Zeit seines Lebens als Angestellter des Sheriffs verbracht hatte, kam er als Mann mittleren Alters in Dublin an. Wir sind uns nicht sicher, ob wir seine Entscheidung auf eine Midlife-Crisis zur\u00fcckf\u00fchren k\u00f6nnen, aber es war ein gro\u00dfer Schritt f\u00fcr jemanden, der zu Hause einen etablierten Job hatte.<\/p>\n<p>Als er den Laden er\u00f6ffnete, war Bow Street nicht die einzige Destillerie in dieser Gegend. Tats\u00e4chlich war dieser Teil Dublins ein Hotspot der Whiskeyherstellung. Die Hauptstadt boomte zu Beginn des 19. Jahrhunderts und John Jameson war nicht der einzige, der versuchte einen Anspruch zu erheben.<\/p>\n\n\t\t\t<\/div>\n\t\t\n\t\t\t\t\t\t\t\t\n\t\t\t\t\t\t\t\t\t\t\t\t\n\n\t\t\t\n\t\t\t<\/div>\n<\/section>\n\n\n\n<section id=\"block_b21c25b34ebd79acf9fa34358e35b574\" class=\"content-two-column lazy full-width content-two-column--template-default content-two-column--orientation-default content-two-column--bg-light content-two-column--bg-img-default content-two-column--bg-img-color-none \" style=\"--bgImageColourFilter: 90%\" data-assetkey=\"content-two-column\">\n    <div class=\"content-two-column__wrapper\">\n        <div class=\"content-two-column__text\">\n            \n\n<div class=\"subheading content-two-column__subheading\">\n        <div class=\"subheading__line\"><\/div>\n    \n    <span class=\"h6\">UNSERE GESCHICHTE DER HERSTELLUNG<\/span>\n<\/div>\n\n                        <div class=\"content-two-column__heading\">\n                                    <h2 class=\"h1\">Jameson Irish Whiskey<\/h2>\n                            <\/div>\n\n            \n            <div class=\"content-two-column__content wysiwyg\">\n                <p>Wie du dir bestimmt vorstellen kannst, geh\u00f6rt schon einiges dazu, um einen <a href=\"https:\/\/www.jamesonwhiskey.com\/de-de\/our-whiskey\/jameson-irish-whiskey\/\">irischen Whiskey-Blend<\/a> hervorzubringen, der seit \u00fcber zwei Jahrhunderten genossen wird. Doch keine Sorge \u2013 wir haben \u00fcber 200 Jahre an Wagemut, Geschick und Geschmacksverst\u00e4ndnis zu einer wirklich kurzen Aufstellung \u201edestilliert\u201c. Und dies ist das Geheimnis hinter der unverkennbaren Samtigkeit <a href=\"https:\/\/www.jamesonwhiskey.com\/de-de\/our-whiskey\/\">unseres Whiskeys<\/a> \u2013 unser Verfahren und unsere Mitarbeiter.<\/p>\n<div><a class=\"btn--tertiary btn--large\" style=\"margin-left: 0; margin-top: 3em;\" href=\"https:\/\/www.jamesonwhiskey.com\/de-de\/our-story\/how-jameson-irish-whiskey-is-made\/\">MEHR ENTDECKEN<\/a><\/div>\n\n            <\/div>\n\n            \n        <\/div>\n\n        <div class=\"content-two-column__media\">\n                                                <\/div>\n    <\/div>\n\n    \n    \n    <\/section>\n","protected":false},"excerpt":{"rendered":"","protected":false},"author":127,"featured_media":0,"parent":0,"menu_order":0,"comment_status":"closed","ping_status":"closed","template":"","meta":{"_acf_changed":false,"_seopress_robots_primary_cat":"","_seopress_titles_title":"John Jameson | Jameson Irish Whiskey","_seopress_titles_desc":"Unser furchtloser Gr\u00fcnder verlie\u00df 1780 ein Schiff aus seiner schottischen Heimat, um die Bow Street Distillery in Dublin zu gr\u00fcnden. Erfahre mehr!","_seopress_robots_index":"","inline_featured_image":false,"footnotes":""},"categories":[],"tags":[],"our-world-category":[],"class_list":["post-379567","page","type-page","status-publish","hentry"],"acf":[],"_links":{"self":[{"href":"https:\/\/www.jamesonwhiskey.com\/de-de\/wp-json\/wp\/v2\/pages\/379567","targetHints":{"allow":["GET"]}}],"collection":[{"href":"https:\/\/www.jamesonwhiskey.com\/de-de\/wp-json\/wp\/v2\/pages"}],"about":[{"href":"https:\/\/www.jamesonwhiskey.com\/de-de\/wp-json\/wp\/v2\/types\/page"}],"author":[{"embeddable":true,"href":"https:\/\/www.jamesonwhiskey.com\/de-de\/wp-json\/wp\/v2\/users\/127"}],"replies":[{"embeddable":true,"href":"https:\/\/www.jamesonwhiskey.com\/de-de\/wp-json\/wp\/v2\/comments?post=379567"}],"version-history":[{"count":2,"href":"https:\/\/www.jamesonwhiskey.com\/de-de\/wp-json\/wp\/v2\/pages\/379567\/revisions"}],"predecessor-version":[{"id":3152823,"href":"https:\/\/www.jamesonwhiskey.com\/de-de\/wp-json\/wp\/v2\/pages\/379567\/revisions\/3152823"}],"wp:attachment":[{"href":"https:\/\/www.jamesonwhiskey.com\/de-de\/wp-json\/wp\/v2\/media?parent=379567"}],"wp:term":[{"taxonomy":"category","embeddable":true,"href":"https:\/\/www.jamesonwhiskey.com\/de-de\/wp-json\/wp\/v2\/categories?post=379567"},{"taxonomy":"post_tag","embeddable":true,"href":"https:\/\/www.jamesonwhiskey.com\/de-de\/wp-json\/wp\/v2\/tags?post=379567"},{"taxonomy":"our-world-category","embeddable":true,"href":"https:\/\/www.jamesonwhiskey.com\/de-de\/wp-json\/wp\/v2\/our-world-category?post=379567"}],"curies":[{"name":"wp","href":"https:\/\/api.w.org\/{rel}","templated":true}]}}