{"id":428754,"date":"2023-02-16T16:09:59","date_gmt":"2023-02-16T16:09:59","guid":{"rendered":"https:\/\/www.jamesonwhiskey.com\/raise-a-toast-to-ireland-a-guide-on-how-to-celebrate-st-patricks-day\/"},"modified":"2025-10-24T08:42:58","modified_gmt":"2025-10-24T08:42:58","slug":"raise-a-toast-to-ireland-a-guide-on-how-to-celebrate-st-patricks-day","status":"publish","type":"page","link":"https:\/\/www.jamesonwhiskey.com\/de-de\/raise-a-toast-to-ireland-a-guide-on-how-to-celebrate-st-patricks-day\/","title":{"rendered":"Ein Leitfaden zum Feiern des St. Patrick\u2019s Day"},"content":{"rendered":"\n\n\n\n<section id=\"block_883fa6259c48fa9bc16f1735262630b7\" class=\"hero hero-fullscreen  lazy\" data-assetkey=\"hero-fullscreen\"\n         data-colour_filter='none'\n         data-colour_filter_opacity='50'\n>\n\n        \n    <picture class=\"hero-fullscreen__picture \">\n        <source media=\"(min-width: 768px)\" srcset=\"https:\/\/ik.imagekit.io\/cvygf2xse\/jamesonwhiskey\/wp-content\/uploads\/2023\/03\/brazil21920x720-1-aspect-ratio-2.67-1.jpg?tr=q-80,w-1920 1920w, https:\/\/ik.imagekit.io\/cvygf2xse\/jamesonwhiskey\/wp-content\/uploads\/2023\/03\/brazil21920x720-1-aspect-ratio-2.67-1.jpg?tr=q-80,w-1650 1650w, https:\/\/ik.imagekit.io\/cvygf2xse\/jamesonwhiskey\/wp-content\/uploads\/2023\/03\/brazil21920x720-1-aspect-ratio-2.67-1.jpg?tr=q-80,w-1440 1440w, https:\/\/ik.imagekit.io\/cvygf2xse\/jamesonwhiskey\/wp-content\/uploads\/2023\/03\/brazil21920x720-1-aspect-ratio-2.67-1.jpg?tr=q-80,w-1280 1280w, https:\/\/ik.imagekit.io\/cvygf2xse\/jamesonwhiskey\/wp-content\/uploads\/2023\/03\/brazil21920x720-1-aspect-ratio-2.67-1.jpg?tr=q-80,w-1024 1024w, https:\/\/ik.imagekit.io\/cvygf2xse\/jamesonwhiskey\/wp-content\/uploads\/2023\/03\/brazil21920x720-1-aspect-ratio-2.67-1.jpg?tr=q-80,w-768 768w, https:\/\/ik.imagekit.io\/cvygf2xse\/jamesonwhiskey\/wp-content\/uploads\/2023\/03\/brazil21920x720-1-aspect-ratio-2.67-1.jpg?tr=q-80,w-500 500w, https:\/\/ik.imagekit.io\/cvygf2xse\/jamesonwhiskey\/wp-content\/uploads\/2023\/03\/brazil21920x720-1-aspect-ratio-2.67-1.jpg?tr=q-80,w-420 420w, https:\/\/ik.imagekit.io\/cvygf2xse\/jamesonwhiskey\/wp-content\/uploads\/2023\/03\/brazil21920x720-1-aspect-ratio-2.67-1.jpg?tr=q-80,w-400 400w, https:\/\/ik.imagekit.io\/cvygf2xse\/jamesonwhiskey\/wp-content\/uploads\/2023\/03\/brazil21920x720-1-aspect-ratio-2.67-1.jpg?tr=q-80,w-375 375w, https:\/\/ik.imagekit.io\/cvygf2xse\/jamesonwhiskey\/wp-content\/uploads\/2023\/03\/brazil21920x720-1-aspect-ratio-2.67-1.jpg?tr=q-80,w-360 360w, https:\/\/ik.imagekit.io\/cvygf2xse\/jamesonwhiskey\/wp-content\/uploads\/2023\/03\/brazil21920x720-1-aspect-ratio-2.67-1.jpg?tr=q-80,w-320 320w, https:\/\/ik.imagekit.io\/cvygf2xse\/jamesonwhiskey\/wp-content\/uploads\/2023\/03\/brazil21920x720-1-aspect-ratio-2.67-1.jpg?tr=q-80,w-300 300w, https:\/\/ik.imagekit.io\/cvygf2xse\/jamesonwhiskey\/wp-content\/uploads\/2023\/03\/brazil21920x720-1-aspect-ratio-2.67-1.jpg?tr=q-80,w-275 275w, https:\/\/ik.imagekit.io\/cvygf2xse\/jamesonwhiskey\/wp-content\/uploads\/2023\/03\/brazil21920x720-1-aspect-ratio-2.67-1.jpg?tr=q-80,w-200 200w, https:\/\/ik.imagekit.io\/cvygf2xse\/jamesonwhiskey\/wp-content\/uploads\/2023\/03\/brazil21920x720-1-aspect-ratio-2.67-1.jpg?tr=q-80,w-100 100w, \" sizes=\"(min-width: 1440px) 100vw, (min-width: 1024px) 1024px, (min-width: 768px) 768px\">\n        <source srcset=\"https:\/\/ik.imagekit.io\/cvygf2xse\/jamesonwhiskey\/wp-content\/uploads\/2023\/03\/brazil2345x750-aspect-ratio-0.46-1.jpg?tr=q-80,w-320 320w, https:\/\/ik.imagekit.io\/cvygf2xse\/jamesonwhiskey\/wp-content\/uploads\/2023\/03\/brazil2345x750-aspect-ratio-0.46-1.jpg?tr=q-80,w-300 300w, https:\/\/ik.imagekit.io\/cvygf2xse\/jamesonwhiskey\/wp-content\/uploads\/2023\/03\/brazil2345x750-aspect-ratio-0.46-1.jpg?tr=q-80,w-275 275w, https:\/\/ik.imagekit.io\/cvygf2xse\/jamesonwhiskey\/wp-content\/uploads\/2023\/03\/brazil2345x750-aspect-ratio-0.46-1.jpg?tr=q-80,w-200 200w, https:\/\/ik.imagekit.io\/cvygf2xse\/jamesonwhiskey\/wp-content\/uploads\/2023\/03\/brazil2345x750-aspect-ratio-0.46-1.jpg?tr=q-80,w-100 100w, \" sizes=\"(min-width: 768px) 768px, (min-width: 500px) 500px, 250px\">\n        <img loading=\"lazy\" decoding=\"async\" src=\"https:\/\/ik.imagekit.io\/cvygf2xse\/jamesonwhiskey\/wp-content\/uploads\/2023\/03\/brazil21920x720-1-aspect-ratio-2.67-1.jpg?tr=q-80,w-1920\" width=\"1920\" height=\"720\" alt=\"brazil21920x720 1 aspect ratio 2.67 1\">\n    <\/picture>\n\n    <div class=\"hero-fullscreen__container\">\n                                    <div class=\"hero-fullscreen__container-no-breadcrumb-spacer\"><\/div>\n                            <div class=\"hero-fullscreen__container-content\n            \">\n              <div class=\"subheading \">\n    <div class=\"subheading__line\"><\/div>\n    <h2 class=\"h6\">Im Takt der Irischen feiern<\/h2>\n  <\/div>\n                        <h1 class=\"h1\">Gemeinsam auf Irland ansto\u00dfen: Ein Leitfaden zum Feiern des St. Patrick\u2019s Day<\/h1>\n                                                                        <\/div>\n    <\/div>\n<\/section>\n\n\n\n<section id=\"block_fda1a29128c6775ece91ab1a440e2712\" class=\"content-two-column lazy full-width content-two-column--template-default content-two-column--orientation-default content-two-column--bg-light content-two-column--bg-img-default content-two-column--bg-img-color-none \" style=\"--bgImageColourFilter: 90%\" data-assetkey=\"content-two-column\">\n    <div class=\"content-two-column__wrapper\">\n        <div class=\"content-two-column__text\">\n            \n                        <div class=\"content-two-column__heading\">\n                                    <h2 class=\"h1\"><\/h2>\n                            <\/div>\n\n            \n            <div class=\"content-two-column__content wysiwyg\">\n                <p>Ach ja, der wunderbare M\u00e4rz. Der frische Duft des Fr\u00fchlings wird zum bevorzugten Parf\u00fcm, die strahlende Sonne kommt endlich mit etwas W\u00e4rme, und die Knospen der Blumen haben ihre K\u00f6pfe \u00fcber die Erdoberfl\u00e4che gestreckt. Ja, der M\u00e4rz ist der Monat des Optimismus nach einem langen, kalten Winter, und wir bei Jameson sind gro\u00dfe Fans davon. Sehr gro\u00dfe.<\/p>\n<p>Viele w\u00fcrden sagen, wir sind ein bisschen verr\u00fcckt nach dem M\u00e4rz, und wer k\u00f6nnte uns das verdenken? Wir feiern nicht nur das Ende des Winters, sondern im M\u00e4rz auch unseren Lieblingsfeiertag, den St. Patrick&#8217;s Day. Als beliebtester irischer Whiskey der Welt liegt uns unser Nationalfeiertag sehr am Herzen und wir m\u00f6chten die Begeisterung mit der ganzen Welt teilen! Deshalb haben wir uns gedacht, wir stellen einen kurzen Leitfaden zusammen, um dich auf den neuesten Stand zu bringen, warum die Welt am 17. M\u00e4rz gr\u00fcn wird.<\/p>\n\n            <\/div>\n\n            \n        <\/div>\n\n        <div class=\"content-two-column__media\">\n                                                                                                                                                                        <picture class=\"content-two-column__picture\">\n                        <source class=\"content-two-column__source\" srcset=\"https:\/\/ik.imagekit.io\/cvygf2xse\/jamesonwhiskey\/wp-content\/uploads\/2023\/02\/sa3_750x750.jpg?tr=q-80,w-500 500w, https:\/\/ik.imagekit.io\/cvygf2xse\/jamesonwhiskey\/wp-content\/uploads\/2023\/02\/sa3_750x750.jpg?tr=q-80,w-420 420w, https:\/\/ik.imagekit.io\/cvygf2xse\/jamesonwhiskey\/wp-content\/uploads\/2023\/02\/sa3_750x750.jpg?tr=q-80,w-400 400w, https:\/\/ik.imagekit.io\/cvygf2xse\/jamesonwhiskey\/wp-content\/uploads\/2023\/02\/sa3_750x750.jpg?tr=q-80,w-375 375w, https:\/\/ik.imagekit.io\/cvygf2xse\/jamesonwhiskey\/wp-content\/uploads\/2023\/02\/sa3_750x750.jpg?tr=q-80,w-360 360w, https:\/\/ik.imagekit.io\/cvygf2xse\/jamesonwhiskey\/wp-content\/uploads\/2023\/02\/sa3_750x750.jpg?tr=q-80,w-320 320w, https:\/\/ik.imagekit.io\/cvygf2xse\/jamesonwhiskey\/wp-content\/uploads\/2023\/02\/sa3_750x750.jpg?tr=q-80,w-300 300w, https:\/\/ik.imagekit.io\/cvygf2xse\/jamesonwhiskey\/wp-content\/uploads\/2023\/02\/sa3_750x750.jpg?tr=q-80,w-275 275w, https:\/\/ik.imagekit.io\/cvygf2xse\/jamesonwhiskey\/wp-content\/uploads\/2023\/02\/sa3_750x750.jpg?tr=q-80,w-200 200w, https:\/\/ik.imagekit.io\/cvygf2xse\/jamesonwhiskey\/wp-content\/uploads\/2023\/02\/sa3_750x750.jpg?tr=q-80,w-100 100w, \" sizes=\"(min-width: 1024px) 100vw, (min-width: 768px) 768px, (min-width: 414px) 500px, 250px\">\n                        <img fetchpriority=\"high\" decoding=\"async\" loading=\"eager\" class=\"content-two-column__image\" src=\"https:\/\/ik.imagekit.io\/cvygf2xse\/jamesonwhiskey\/wp-content\/uploads\/2023\/02\/sa3_750x750.jpg?tr=q-80,w-750\" width=\"750\" height=\"750\" alt=\"Friends giving a cheers with Jameson Irish Whiskey\">\n                    <\/picture>\n                                    <\/div>\n    <\/div>\n\n    \n    \n    <\/section>\n\n\n\n<section id=\"block_7ec6f0a0cb3124319fe3f2ab8f5bbb73\"\n         class=\"content-one-column content-one-column--bg-dark full-width lazy\n        \n        \n        \" data-assetkey=\"content-one-column\">\n    <div class=\"content-one-column__content\">\n        \n                <div class=\"content-one-column__heading\">\n                            <h2 class=\"h1\">Was ist St. Patrick\u2019s Day?<\/h2>\n                    <\/div>\n\n        \n                                                            <div class=\"content-one-column__text wysiwyg align_center_on_desktop\">\n                    <p>Der St. Patrick&#8217;s Day ist der irische Nationalfeiertag. An diesem Tag wird der Nationalstolz Irlands und die irische Kultur auf der ganzen Welt gefeiert. Viele L\u00e4nder haben einen Nationalfeiertag, den 4. Juli in den Vereinigten Staaten, den Verfassungstag in Norwegen oder der Tag der deutschen Einheit bei uns in Deutschland. Die Iren haben den St. Patrick\u2019S Day. W\u00e4hrend Nationalfeiertage oft ein historisches Ereignis in der Geschichte eines Landes markieren, ist der St. Patrick&#8217;s Day ein wenig lockerer, was die Details seines Ursprungs angeht.<\/p>\n<p><strong>Wann ist also der St. Patrick&#8217;s Day, und warum feiern wir ihn \u00fcberhaupt?<\/strong><\/p>\n<p>Der St. Patrick&#8217;s Day wird jedes Jahr am 17. M\u00e4rz gefeiert. Bereits im 10. Jahrhundert wurde der Heilige Patrick, der im 5. Jahrhundert das Christentum von Gro\u00dfbritannien nach Irland brachte, mit einem Festtag gefeiert. Im Laufe der Zeit wurde er zum Schutzpatron Irlands und erhielt im 17. Jahrhundert einen offiziellen heiligen Feiertag.<\/p>\n<p>Seitdem feiern wir St. Patrick immer um diese Zeit im Fr\u00fchling. Wenn du also auf der Suche nach der traditionellen Bedeutung des St. Patricks Day bist, kannst du mit &#8220;religi\u00f6ser Feiertag&#8221; als Antwort nichts falsch machen.<\/p>\n\n                <\/div>\n                        <\/div>\n\n    <\/section>\n\n\n\n<section id=\"block_8c3258d18c9cec1806b14d63c5c74b8f\" class=\"content-two-column lazy full-width content-two-column--template-default content-two-column--orientation-default content-two-column--bg-light content-two-column--bg-img-default content-two-column--bg-img-color-none \" style=\"--bgImageColourFilter: 90%\" data-assetkey=\"content-two-column\">\n    <div class=\"content-two-column__wrapper\">\n        <div class=\"content-two-column__text\">\n            \n                        <div class=\"content-two-column__heading\">\n                                    <h2 class=\"h1\">Warum feiern wir St. Patrick\u2019s Day?<\/h2>\n                            <\/div>\n\n            \n            <div class=\"content-two-column__content wysiwyg\">\n                <p>Das ist eine gute Frage. Warum wird St. Patrick immer noch so international gefeiert? Wir feiern die Schutzheiligen anderer L\u00e4nder nicht mit so viel Begeisterung. Wenn du nicht aus Armenien kommst, hast du wahrscheinlich noch nie vom Heiligen Gregor dem Erleuchter geh\u00f6rt. Wo ist Gregs Parade?<\/p>\n<p>Ob du es glaubst oder nicht, viele der modernen St. Patrick&#8217;s Day-Traditionen sind nicht traditionell irisch, sondern stammen von im Ausland lebenden Iren! Die irische Diaspora hat einen gro\u00dfen Anteil an der Beliebtheit des Feiertags in der ganzen Welt.<\/p>\n<p>Die erste dokumentierte Parade zum St. Patrick&#8217;s Day fand am 17. M\u00e4rz 1601 in Florida statt! Doch erst die Parade zum St. Patrick&#8217;s Day in New York City, die erstmals 1762 stattfand, machte die Tradition popul\u00e4r. Erst 1903 fand die erste Parade in Irland statt, und zwar in Waterford.<\/p>\n<p>Es waren die irischen Einwanderer, die den St. Patrick&#8217;s Day von einem religi\u00f6sen Feiertag zu einer Feier des Irischseins gemacht haben. Jemanden zu kneifen, weil er kein Gr\u00fcn tr\u00e4gt, oder Corned Beef und Kohl zu essen, gelten als Traditionen der irischen Amerikaner und werden in Irland nicht praktiziert. Sich auf einen Drink mit irischer Musik und irischen T\u00e4nzen zu treffen, sind jedoch Aktivit\u00e4ten, die die irische Bev\u00f6lkerung als erste in ihre Feiern aufgenommen hat und die heute bei den St. Patricks Day-Festivals auf der ganzen Welt allgegenw\u00e4rtig sind.<\/p>\n\n            <\/div>\n\n            \n        <\/div>\n\n        <div class=\"content-two-column__media\">\n                                                                                                                                                                        <picture class=\"content-two-column__picture\">\n                        <source class=\"content-two-column__source\" srcset=\"https:\/\/ik.imagekit.io\/cvygf2xse\/jamesonwhiskey\/wp-content\/uploads\/2023\/02\/uk4_975x730.jpg?tr=q-80,w-768 768w, https:\/\/ik.imagekit.io\/cvygf2xse\/jamesonwhiskey\/wp-content\/uploads\/2023\/02\/uk4_975x730.jpg?tr=q-80,w-500 500w, https:\/\/ik.imagekit.io\/cvygf2xse\/jamesonwhiskey\/wp-content\/uploads\/2023\/02\/uk4_975x730.jpg?tr=q-80,w-420 420w, https:\/\/ik.imagekit.io\/cvygf2xse\/jamesonwhiskey\/wp-content\/uploads\/2023\/02\/uk4_975x730.jpg?tr=q-80,w-400 400w, https:\/\/ik.imagekit.io\/cvygf2xse\/jamesonwhiskey\/wp-content\/uploads\/2023\/02\/uk4_975x730.jpg?tr=q-80,w-375 375w, https:\/\/ik.imagekit.io\/cvygf2xse\/jamesonwhiskey\/wp-content\/uploads\/2023\/02\/uk4_975x730.jpg?tr=q-80,w-360 360w, https:\/\/ik.imagekit.io\/cvygf2xse\/jamesonwhiskey\/wp-content\/uploads\/2023\/02\/uk4_975x730.jpg?tr=q-80,w-320 320w, https:\/\/ik.imagekit.io\/cvygf2xse\/jamesonwhiskey\/wp-content\/uploads\/2023\/02\/uk4_975x730.jpg?tr=q-80,w-300 300w, https:\/\/ik.imagekit.io\/cvygf2xse\/jamesonwhiskey\/wp-content\/uploads\/2023\/02\/uk4_975x730.jpg?tr=q-80,w-275 275w, https:\/\/ik.imagekit.io\/cvygf2xse\/jamesonwhiskey\/wp-content\/uploads\/2023\/02\/uk4_975x730.jpg?tr=q-80,w-200 200w, https:\/\/ik.imagekit.io\/cvygf2xse\/jamesonwhiskey\/wp-content\/uploads\/2023\/02\/uk4_975x730.jpg?tr=q-80,w-100 100w, \" sizes=\"(min-width: 1024px) 100vw, (min-width: 768px) 768px, (min-width: 414px) 500px, 250px\">\n                        <img decoding=\"async\" loading=\"lazy\" class=\"content-two-column__image\" src=\"https:\/\/ik.imagekit.io\/cvygf2xse\/jamesonwhiskey\/wp-content\/uploads\/2023\/02\/uk4_975x730.jpg?tr=q-80,w-975\" width=\"975\" height=\"730\" alt=\"Friends enjoying St. Patrick's Day celebrations\">\n                    <\/picture>\n                                    <\/div>\n    <\/div>\n\n    \n    \n    <\/section>\n\n\n\n<section id=\"block_cfef64bdd9373ac1719cd76268acc0a4\"\n         class=\"content-one-column content-one-column--bg-dark full-width lazy\n        \n        \n        \" data-assetkey=\"content-one-column\">\n    <div class=\"content-one-column__content\">\n        \n                <div class=\"content-one-column__heading\">\n                            <h2 class=\"h1\">Wie die Iren den St. Patrick\u2019s Day feiern<\/h2>\n                    <\/div>\n\n        \n                                                            <div class=\"content-one-column__text wysiwyg align_center_on_desktop\">\n                    <p><strong>MARSCHIERE BEI DER PARADE IN DEINER STADT MIT<\/strong><\/p>\n<p>Es gibt nichts Sch\u00f6neres als eine St. Patricks Day-Parade. Sie ist das Herz und die Seele der modernen Paddy&#8217;s-Day-Feierlichkeiten, und man kann sie in fast jeder Ecke der Welt finden, von Monserrat bis Singapur. Jeder hat seine eigenen Br\u00e4uche, wenn es um die Parade geht. Egal, wo Sie sich am 17. M\u00e4rz auf der Welt befinden, Sie werden die gleiche Parade nicht zweimal sehen.<\/p>\n<p><strong>MIT FREUNDEN IN DER KNEIPE ANSTOSSEN<\/strong><\/p>\n<p>In Irland ist das leichter gesagt als getan, denn unser Nationalfeiertag ist auch ein gesetzlicher Feiertag, und so str\u00f6men alle in die Kneipen, um mit Big P auf seinen wohlverdienten freien Tag anzusto\u00dfen. Das bedeutet jedoch nicht, dass du und deine Freunde nicht um 17 Uhr eine Runde <a href=\"https:\/\/www.jamesonwhiskey.com\/de-de\/our-whiskey\/jameson-irish-whiskey\/\">Jameson<\/a> zu Ehren des Heiligen Patrick bestellen k\u00f6nntet. Das ist die irische Art.<\/p>\n<p><strong>ENTDECKE DIE IRISCHE KULTUR<\/strong><\/p>\n<p>Traditionelle irische Musik und T\u00e4nze sind am St. Patrick&#8217;s Day nicht schwer zu finden. Wenn Ihr \u00f6rtlicher Irish Pub keine Trad-Band oder irische Tanzvorf\u00fchrung anbietet, wird ein \u00f6rtliches irisches Gemeindezentrum oder Theater an diesem Tag sicher etwas Kulturelles anbieten. Ein Drink und ein rasanter Jig oder Ree heben die Laune!<\/p>\n<p>Und wenn alles nichts hilft, hat Spotify sicher eine Playlist mit den ber\u00fchmtesten irischen Musikern, die Sie in Bewegung bringt!<\/p>\n<p><strong>ZIEH WAS GR\u00dcNES AN!<\/strong><\/p>\n<p>Die Tradition, am St. Patrick&#8217;s Day gr\u00fcne Kleidung zu tragen, reicht Hunderte von Jahren zur\u00fcck. Der Grund daf\u00fcr ist das ber\u00fchmte gr\u00fcne Kleeblatt, das in Irland ein nationales Symbol ist und direkt von St. Patrick selbst stammt. Die meisten Iren tragen Gr\u00fcn, malen sich ein Kleeblatt auf die Wange oder stecken sich einen gr\u00fcnen Anh\u00e4nger ans Revers.<\/p>\n<p>Du bist eher ein stimmungsvoller Schwarz-auf-Schwarz-Typ und hast kein Gr\u00fcn in deinem Kleiderschrank? Jameson hat wie immer alles f\u00fcr dich. Wir haben einige sehr stilvolle <a href=\"https:\/\/www.jamesonwhiskey.com\/de-de\/our-whiskey\/jameson-irish-whiskey\/\">Jameson Whiskey-Kollektionen<\/a> in Gr\u00fcn f\u00fcr den Tag, der es in sich hat.<\/p>\n<p><strong>TROMMEL ALLE ZUSAMMEN UND FEIERT ZU HAUSE<\/strong><\/p>\n<p>Dies ist bei weitem die traditionellste Art, den St. Patrick&#8217;s Day zu feiern. Vor Paraden und gr\u00fcnem Bier bestand das Fest des Heiligen Patrick darin, dass sich Freunde und Nachbarn auf einen Drink und etwas zu essen trafen. Ein Glas irischer Whiskey in der einen und eine Scheibe gebuttertes irisches Sodabrot in der anderen Hand, umgeben von Gemeinschaft und <a href=\"https:\/\/midletondistillerycollection.com\/jameson\/jameson-decorative-lights-product\/\">Jameson-Lichterketten<\/a> &#8211; mehr braucht man nicht f\u00fcr den perfekten Paddy&#8217;s Day.<\/p>\n\n                <\/div>\n                        <\/div>\n\n    <\/section>\n\n\n\n<section id=\"block_740187666aa579479f0eebf54d2f0b2d\" class=\"content-two-column lazy full-width content-two-column--template-default content-two-column--orientation-default content-two-column--bg-light content-two-column--bg-img-default content-two-column--bg-img-color-none \" style=\"--bgImageColourFilter: 90%\" data-assetkey=\"content-two-column\">\n    <div class=\"content-two-column__wrapper\">\n        <div class=\"content-two-column__text\">\n            \n                        <div class=\"content-two-column__heading\">\n                                    <h2 class=\"h1\">Die besten irischen St. Patrick\u2019s Day Cocktails zum selbermachen<\/h2>\n                            <\/div>\n\n            \n            <div class=\"content-two-column__content wysiwyg\">\n                <p>Hast du dich jemals gefragt, wie man &#8220;Happy St. Patrick&#8217;s Day&#8221; auf Irisch sagt? Es gibt 2 M\u00f6glichkeiten.<\/p>\n<p>1. L\u00e1 Fh\u00e9ile P\u00e1draig Shona Dhuit (&#8220;Law Fail-a Pawd-rig Sun-a Ditch&#8221;)<\/p>\n<p>2. <a href=\"https:\/\/www.jamesonwhiskey.com\/de-de\/cocktail-recipes\/collection\/drinks-for-st-patricks-day\/\">St. Patrick&#8217;s Day Cocktails<\/a><\/p>\n<p>Wenn Sprachen nicht so dein Ding sind, empfehlen wir Option 2. Wir haben eine lange Liste an St.-Patrick&#8217;s-Day-Drinks zur Auswahl, wie z. B. unseren Cold Brew Iced Latte, der mit irischer Schlagsahne verfeinert wird. Zeig deinen Freunden, dass am 17. M\u00e4rz jeder ein bisschen irisch sein kann, indem du ihnen mit den beliebten St. Patrick&#8217;s Day-Cocktails gute Laune machst. Glaub uns, das k\u00f6nnen die Iren am besten.<\/p>\n\n            <\/div>\n\n            \n        <\/div>\n\n        <div class=\"content-two-column__media\">\n                                                                                                                                                                        <picture class=\"content-two-column__picture\">\n                        <source class=\"content-two-column__source\" srcset=\"https:\/\/ik.imagekit.io\/cvygf2xse\/jamesonwhiskey\/wp-content\/uploads\/2023\/02\/paddys-punch-march.jpg?tr=q-80,w-768 768w, https:\/\/ik.imagekit.io\/cvygf2xse\/jamesonwhiskey\/wp-content\/uploads\/2023\/02\/paddys-punch-march.jpg?tr=q-80,w-500 500w, https:\/\/ik.imagekit.io\/cvygf2xse\/jamesonwhiskey\/wp-content\/uploads\/2023\/02\/paddys-punch-march.jpg?tr=q-80,w-420 420w, https:\/\/ik.imagekit.io\/cvygf2xse\/jamesonwhiskey\/wp-content\/uploads\/2023\/02\/paddys-punch-march.jpg?tr=q-80,w-400 400w, https:\/\/ik.imagekit.io\/cvygf2xse\/jamesonwhiskey\/wp-content\/uploads\/2023\/02\/paddys-punch-march.jpg?tr=q-80,w-375 375w, https:\/\/ik.imagekit.io\/cvygf2xse\/jamesonwhiskey\/wp-content\/uploads\/2023\/02\/paddys-punch-march.jpg?tr=q-80,w-360 360w, https:\/\/ik.imagekit.io\/cvygf2xse\/jamesonwhiskey\/wp-content\/uploads\/2023\/02\/paddys-punch-march.jpg?tr=q-80,w-320 320w, https:\/\/ik.imagekit.io\/cvygf2xse\/jamesonwhiskey\/wp-content\/uploads\/2023\/02\/paddys-punch-march.jpg?tr=q-80,w-300 300w, https:\/\/ik.imagekit.io\/cvygf2xse\/jamesonwhiskey\/wp-content\/uploads\/2023\/02\/paddys-punch-march.jpg?tr=q-80,w-275 275w, https:\/\/ik.imagekit.io\/cvygf2xse\/jamesonwhiskey\/wp-content\/uploads\/2023\/02\/paddys-punch-march.jpg?tr=q-80,w-200 200w, https:\/\/ik.imagekit.io\/cvygf2xse\/jamesonwhiskey\/wp-content\/uploads\/2023\/02\/paddys-punch-march.jpg?tr=q-80,w-100 100w, \" sizes=\"(min-width: 1024px) 100vw, (min-width: 768px) 768px, (min-width: 414px) 500px, 250px\">\n                        <img decoding=\"async\" loading=\"lazy\" class=\"content-two-column__image\" src=\"https:\/\/ik.imagekit.io\/cvygf2xse\/jamesonwhiskey\/wp-content\/uploads\/2023\/02\/paddys-punch-march.jpg?tr=q-80,w-960\" width=\"960\" height=\"730\" alt=\"St. Patrick's Day whiskey cocktail ingredients\">\n                    <\/picture>\n                                    <\/div>\n    <\/div>\n\n    \n    \n    <\/section>\n\n\n<section id=\"block_73e319ee6e42d8fe4053795b9ab250cf\" class=\"cta-button full-width lazy\" data-assetkey=\"cta-button\">\n            \n                        <div class=\"cta-button__wrapper cta-button__cream_light_bg\">\n                <a class=\"btn--quaternary\" title=\"https:\/\/www.jamesonwhiskey.com\/de-de\/cocktail-recipes\/collection\/drinks-for-st-patricks-day\/\"\n                   href=\"https:\/\/www.jamesonwhiskey.com\/de-de\/cocktail-recipes\/collection\/drinks-for-st-patricks-day\/\" >Drinks f\u00fcr den St. Patrick\u2019s Day<\/a>\n            <\/div>\n            <\/section>\n","protected":false},"excerpt":{"rendered":"","protected":false},"author":29,"featured_media":314201,"parent":0,"menu_order":0,"comment_status":"closed","ping_status":"closed","template":"","meta":{"_acf_changed":false,"_seopress_robots_primary_cat":"","_seopress_titles_title":"Ein Leitfaden zum Feiern des St. Patrick\u2019s Day | Jameson Irish Whiskey","_seopress_titles_desc":"Wir feiern nicht nur das Ende des Winters, sondern im M\u00e4rz auch unseren Lieblingsfeiertag, den St. Patrick's Day. Hier findest du einen kurzen Leitfaden, um dich auf den neuesten Stand zu bringen, warum die Welt am 17. M\u00e4rz gr\u00fcn wird!","_seopress_robots_index":"","inline_featured_image":false,"footnotes":""},"categories":[],"tags":[],"our-world-category":[],"class_list":["post-428754","page","type-page","status-publish","has-post-thumbnail","hentry"],"acf":[],"_links":{"self":[{"href":"https:\/\/www.jamesonwhiskey.com\/de-de\/wp-json\/wp\/v2\/pages\/428754","targetHints":{"allow":["GET"]}}],"collection":[{"href":"https:\/\/www.jamesonwhiskey.com\/de-de\/wp-json\/wp\/v2\/pages"}],"about":[{"href":"https:\/\/www.jamesonwhiskey.com\/de-de\/wp-json\/wp\/v2\/types\/page"}],"author":[{"embeddable":true,"href":"https:\/\/www.jamesonwhiskey.com\/de-de\/wp-json\/wp\/v2\/users\/29"}],"replies":[{"embeddable":true,"href":"https:\/\/www.jamesonwhiskey.com\/de-de\/wp-json\/wp\/v2\/comments?post=428754"}],"version-history":[{"count":2,"href":"https:\/\/www.jamesonwhiskey.com\/de-de\/wp-json\/wp\/v2\/pages\/428754\/revisions"}],"predecessor-version":[{"id":3200590,"href":"https:\/\/www.jamesonwhiskey.com\/de-de\/wp-json\/wp\/v2\/pages\/428754\/revisions\/3200590"}],"wp:featuredmedia":[{"embeddable":true,"href":"https:\/\/www.jamesonwhiskey.com\/de-de\/wp-json\/wp\/v2\/media\/314201"}],"wp:attachment":[{"href":"https:\/\/www.jamesonwhiskey.com\/de-de\/wp-json\/wp\/v2\/media?parent=428754"}],"wp:term":[{"taxonomy":"category","embeddable":true,"href":"https:\/\/www.jamesonwhiskey.com\/de-de\/wp-json\/wp\/v2\/categories?post=428754"},{"taxonomy":"post_tag","embeddable":true,"href":"https:\/\/www.jamesonwhiskey.com\/de-de\/wp-json\/wp\/v2\/tags?post=428754"},{"taxonomy":"our-world-category","embeddable":true,"href":"https:\/\/www.jamesonwhiskey.com\/de-de\/wp-json\/wp\/v2\/our-world-category?post=428754"}],"curies":[{"name":"wp","href":"https:\/\/api.w.org\/{rel}","templated":true}]}}