{"id":623901,"date":"2023-07-19T14:17:25","date_gmt":"2023-07-19T14:17:25","guid":{"rendered":"https:\/\/www.jamesonwhiskey.com\/?page_id=623901"},"modified":"2023-07-19T14:42:25","modified_gmt":"2023-07-19T14:42:25","slug":"teilnahmebedingungen-zum-jameson-x-dickies-gewinnspiel-at","status":"publish","type":"page","link":"https:\/\/www.jamesonwhiskey.com\/de-de\/teilnahmebedingungen-zum-jameson-x-dickies-gewinnspiel-at\/","title":{"rendered":"TEILNAHMEBEDINGUNGEN ZUM \u201eJAMESON X DICKIES\u201c GEWINNSPIEL (AT)"},"content":{"rendered":"\n\n\n\n<section id=\"block_18e62e652409b6af7ea26e87bc5f1f22\" class=\"hero hero-fullscreen  lazy\" data-assetkey=\"hero-fullscreen\"\n         data-colour_filter='none'\n         data-colour_filter_opacity='50'\n>\n\n        \n    <picture class=\"hero-fullscreen__picture \">\n        <source media=\"(min-width: 768px)\" srcset=\"\" sizes=\"(min-width: 1440px) 100vw, (min-width: 1024px) 1024px, (min-width: 768px) 768px\">\n        <source srcset=\"\" sizes=\"(min-width: 768px) 768px, (min-width: 500px) 500px, 250px\">\n        <img decoding=\"async\" src=\"\" width=\"\" height=\"\" alt=\"\">\n    <\/picture>\n\n    <div class=\"hero-fullscreen__container\">\n                                    <div class=\"hero-fullscreen__container-no-breadcrumb-spacer\"><\/div>\n                            <div class=\"hero-fullscreen__container-content\n            \">\n                                    <h1 class=\"h1\">TEILNAHMEBEDINGUNGEN ZUM \u201eJAMESON X DICKIES\u201c GEWINNSPIEL<\/h1>\n                                        <div class=\"hero-fullscreen__container-content-intro\">\n                    <p>Zwischen den Teilnehmern dieser Aktion und Pernod Ricard Austria, Schottenfeldgasse 20, 1070 Wien (\u201eVeranstalter\u201c) gelten die folgenden Teilnahmebedingungen. Mit der Teilnahme an der Aktion werden sie durch die Teilnehmer akzeptiert.<\/p>\n<p>&nbsp;<\/p>\n<ol>\n<li><strong>1. VERANSTALTER<\/strong><\/li>\n<\/ol>\n<p>Veranstalter dieses Gewinnspiels ist:<\/p>\n<p>Pernod Ricard Austria, Schottenfeldgasse 20, 1070 Wien<\/p>\n<p>Telefon: +43 1 290 28 18-100<\/p>\n<p>E-Mail: office@pernod-ricard-austria.com<\/p>\n<p>Registergericht: Handelsgericht Wien<\/p>\n<p>Registernummer: FN 70900S \u2013 DVR 0948594<\/p>\n<p>Umsatzsteueridentifikationsnummer: ATU 144 69109<\/p>\n<p>&nbsp;<\/p>\n<ol>\n<li><strong>2. TEILNAHMEBERECHTIGTE<\/strong><\/li>\n<\/ol>\n<p>Teilnahmeberechtigt sind alle nat\u00fcrlichen Personen \u00fcber 18 Jahre mit Wohnsitz in \u00d6sterreich.<\/p>\n<p>MitarbeiterInnen von Pernod Ricard Austria und deren Angeh\u00f6rige, sowie MitarbeiterInnen der Kooperationspartner sind von der Teilnahme ausgeschlossen.<\/p>\n<p>Der Veranstalter beh\u00e4lt sich das Recht vor, Teilnehmer, die gegen diese Teilnahmebedingungen versto\u00dfen, jederzeit und ohne Vorank\u00fcndigung von der Teilnahme an der Aktion auszuschlie\u00dfen. Das gleiche gilt f\u00fcr den Fall, dass Teilnehmer falsche Angaben machen, automatisierte Vorg\u00e4nge zur Manipulation des Gewinnspiels verwenden oder dies versuchen, oder durch die Teilnahme oder die Art und Weise ihrer Teilnahme gegen geltendes Recht oder Rechte Dritter versto\u00dfen. Im Falle eines Ausschlusses k\u00f6nnen Gewinne und Vorteile auch noch nachtr\u00e4glich aberkannt und zur\u00fcckgefordert werden.<\/p>\n<p>Der Teilnehmer\/Die Teilnehmerin sichert zu, dass die von ihm zur Verf\u00fcgung gestellten Dateien entweder von ihm selbst erstellt wurden oder dass er berechtigt ist, diese zu verwenden.<\/p>\n<p>&nbsp;<\/p>\n<ol>\n<li><strong>3. TEILNAHME, ZEITRAUM &amp; GEWINN<\/strong><\/li>\n<\/ol>\n<p>Die Teilnahme ist kostenlos und erfolgt ausschlie\u00dflich \u00fcber die Webseite <a href=\"https:\/\/www.jamesonwhiskey.com\/de-de\/gewinnspiel-jameson-x-dickies-kollektion-at\/\">https:\/\/www.jamesonwhiskey.com\/de-de\/gewinnspiel-jameson-x-dickies-kollektion-at\/<\/a>. Voraussetzung ist, die Gewinnspielfrage zu beantworten und die geforderten Daten einzureichen. Die Verwendung jeglicher Art von automatisierten Vorg\u00e4ngen zur Manipulation des Gewinnspiels ist untersagt.<\/p>\n<p>Das Gewinnspiel startet am 01. September 2023 und geht bis einschlie\u00dflich 30. September 2023.<\/p>\n<p>&nbsp;<\/p>\n<p>Das Ende des Gewinnspiels sowie besondere Modalit\u00e4ten und Teilnahmeregeln (erforderliche Aktivit\u00e4ten) sind in der jeweiligen Anzeige verzeichnet. Das Gewinnspiel l\u00e4uft von 01. September 2023 bis 30. September 2023.<\/p>\n<p>Unter allen Teilnehmer:innen werde sechzig (60) Mal Jameson x Dickies Kits verlost. Diese Kits bestehen aus<\/p>\n<ul>\n<li>1 Jameson Irish Whiskey x Dickies Limited Edition, 70cl.<\/li>\n<li>1 Kleidungsst\u00fcck aus der Kollektion<\/li>\n<\/ul>\n<p>&nbsp;<\/p>\n<p>Der Artikel und die Gr\u00f6\u00dfe des Kleidungsst\u00fcckes k\u00f6nnen nicht gew\u00e4hlt werden, und variieren je nach Verf\u00fcgbarkeit.<\/p>\n<p>Der Gewinn kann nicht in bar abgel\u00f6st, umgetauscht oder auf andere Personen \u00fcbertragen werden.<\/p>\n<p>&nbsp;<\/p>\n<ol>\n<li><strong>4. GEWINNER-ERMITTLUNG<\/strong><\/li>\n<\/ol>\n<p>Die Gewinner werden unter Ausschluss der \u00d6ffentlichkeit gezogen und kontaktiert. Das Los entscheidet. Ausgelost wird unter allen Teilnehmern, die korrekt am Gewinnspiel teilgenommen haben. Mehrfachteilnehmer werden ausgeschlossen. Pro Teilnehmer ist nur ein Gewinn m\u00f6glich.<\/p>\n<p>&nbsp;<\/p>\n<ol>\n<li><strong>5. GEWINNER-BENACHRICHTIGUNG<\/strong><\/li>\n<\/ol>\n<p>Die Verst\u00e4ndigung erfolgt via E-Mail. Wird binnen 96 Stunden kein Kontakt vom Gewinner\/von der Gewinnerin zu Pernod Ricard Austria GmbH aufgenommen, beh\u00e4lt sich Pernod Ricard Austria vor, einen neuen Gewinner\/eine neue Gewinnerin zu ziehen. \u00dcber das Gewinnspiel wird kein weiterer Schriftverkehr gef\u00fchrt.<\/p>\n<p>F\u00fcr die Richtigkeit der angegebenen Daten ist der Teilnehmer verantwortlich.<\/p>\n<p>&nbsp;<\/p>\n<ol>\n<li><strong>6. GEWINNABWICKLUNG<\/strong><\/li>\n<\/ol>\n<p>Die bei der Gewinnspielteilnahme und Abwicklung bereitgestellten Daten (Name, E-Mail-Adresse), werden von Pernod Ricard Austria GmbH ausschlie\u00dflich f\u00fcr die Durchf\u00fchrung des Gewinnspiels verwendet.<\/p>\n<p>&nbsp;<\/p>\n<ol>\n<li><strong>7. BEENDIGUNGSM\u00d6GLICHKEITEN<\/strong><\/li>\n<\/ol>\n<p>Der Veranstalter beh\u00e4lt sich das Recht vor, die Verlosung aufgrund unvorhergesehener Umst\u00e4nde ohne Vorank\u00fcndigung abzubrechen oder zu beenden. Dies gilt insbesondere, wenn die Verlosung nicht planm\u00e4\u00dfig laufen kann, beispielsweise bei Fehlern der Soft- oder Hardware oder aus sonstigen technischen oder rechtlichen Gr\u00fcnden, die die regul\u00e4re und ordnungsgem\u00e4\u00dfe Durchf\u00fchrung der Verlosung beeinflussen.<\/p>\n<p>&nbsp;<\/p>\n<ol>\n<li><strong>8. AUSSCHLUSS DES RECHTSWEGS<\/strong><\/li>\n<\/ol>\n<p>Der Rechtsweg ist ausgeschlossen.<\/p>\n<p>&nbsp;<\/p>\n<ol>\n<li><strong>9. VERANTWORTLICHER UND DATENSCHUTZ<\/strong><\/li>\n<\/ol>\n<p>Zum Zweck der Gewinnabwicklung ist der Veranstalter berechtigt, die hierf\u00fcr notwendigen Daten (Name, E-Mail-Adresse und Telefonnummer) zu erheben und zu speichern. Die bereitgestellten Informationen werden einzig zur Abwicklung des Gewinnspiels verwendet und anschlie\u00dfend gel\u00f6scht, soweit m\u00f6glich.<\/p>\n<p>S\u00e4mtliche Fragen, Kommentare oder Beschwerden zur Verlosung, sowie Auskunfts-, \u00c4nderungs- und L\u00f6schungsanspr\u00fcche hinsichtlich Ihrer gespeicherten Daten, richten Sie bitte ausschlie\u00dflich an den Veranstalter unter den folgenden Kontaktdaten:<\/p>\n<p>&nbsp;<\/p>\n<p>Veranstalter dieses Gewinnspiels ist:<\/p>\n<p>Pernod Ricard Austria, Schottenfeldgasse 20, 1070<\/p>\n<p>E-Mail: office@pernod-ricard-austria.com<\/p>\n<p>Weitere Informationen zum Thema Datenschutz finden Sie hier: <a href=\"https:\/\/www.jamesonwhiskey.com\/de-AT\/privacy-policy\">https:\/\/www.jamesonwhiskey.com\/de-AT\/privacy-policy<\/a><\/p>\n<p>&nbsp;<\/p>\n<ol>\n<li><strong>10. SONSTIGES<\/strong><\/li>\n<\/ol>\n<p>Abweichende Bedingungen der TeilnehmerInnen werden nicht anerkannt, es sei denn, der Veranstalter stimmt ihrer Geltung ausdr\u00fccklich schriftlich zu.<\/p>\n<p>Es gilt \u00f6sterreichisches Recht.<\/p>\n<p>Sollten einzelne Bestimmungen dieser Teilnahmebedingungen unwirksam sein oder werden, so wird dadurch die Rechtswirksamkeit der \u00fcbrigen Teilnahmebedingungen nicht ber\u00fchrt. An ihre Stelle tritt eine angemessene Regelung, die dem Zweck der unwirksamen Bestimmungen am ehesten entspricht. Dasselbe gilt, falls sich die Teilnahmebedingungen als l\u00fcckenhaft erweisen sollten.<\/p>\n<p>&nbsp;<\/p>\n\n                <\/div>\n                                <\/div>\n    <\/div>\n<\/section>\n","protected":false},"excerpt":{"rendered":"","protected":false},"author":127,"featured_media":0,"parent":0,"menu_order":0,"comment_status":"closed","ping_status":"closed","template":"","meta":{"_acf_changed":false,"_seopress_robots_primary_cat":"","_seopress_titles_title":"TEILNAHMEBEDINGUNGEN ZUM \u201eJAMESON X DICKIES\u201c GEWINNSPIEL | Jameson","_seopress_titles_desc":"TEILNAHMEBEDINGUNGEN ZUM \u201eJAMESON X DICKIES\u201c GEWINNSPIEL 2023","_seopress_robots_index":"","inline_featured_image":false,"footnotes":""},"categories":[],"tags":[],"our-world-category":[],"class_list":["post-623901","page","type-page","status-publish","hentry"],"acf":[],"_links":{"self":[{"href":"https:\/\/www.jamesonwhiskey.com\/de-de\/wp-json\/wp\/v2\/pages\/623901","targetHints":{"allow":["GET"]}}],"collection":[{"href":"https:\/\/www.jamesonwhiskey.com\/de-de\/wp-json\/wp\/v2\/pages"}],"about":[{"href":"https:\/\/www.jamesonwhiskey.com\/de-de\/wp-json\/wp\/v2\/types\/page"}],"author":[{"embeddable":true,"href":"https:\/\/www.jamesonwhiskey.com\/de-de\/wp-json\/wp\/v2\/users\/127"}],"replies":[{"embeddable":true,"href":"https:\/\/www.jamesonwhiskey.com\/de-de\/wp-json\/wp\/v2\/comments?post=623901"}],"version-history":[{"count":0,"href":"https:\/\/www.jamesonwhiskey.com\/de-de\/wp-json\/wp\/v2\/pages\/623901\/revisions"}],"wp:attachment":[{"href":"https:\/\/www.jamesonwhiskey.com\/de-de\/wp-json\/wp\/v2\/media?parent=623901"}],"wp:term":[{"taxonomy":"category","embeddable":true,"href":"https:\/\/www.jamesonwhiskey.com\/de-de\/wp-json\/wp\/v2\/categories?post=623901"},{"taxonomy":"post_tag","embeddable":true,"href":"https:\/\/www.jamesonwhiskey.com\/de-de\/wp-json\/wp\/v2\/tags?post=623901"},{"taxonomy":"our-world-category","embeddable":true,"href":"https:\/\/www.jamesonwhiskey.com\/de-de\/wp-json\/wp\/v2\/our-world-category?post=623901"}],"curies":[{"name":"wp","href":"https:\/\/api.w.org\/{rel}","templated":true}]}}