{"id":640690,"date":"2021-09-02T10:58:27","date_gmt":"2021-09-02T10:58:27","guid":{"rendered":"https:\/\/live-jameson.pantheonsite.io\/terms-and-condititions\/"},"modified":"2023-08-09T15:29:04","modified_gmt":"2023-08-09T15:29:04","slug":"terms-and-condititions","status":"publish","type":"page","link":"https:\/\/www.jamesonwhiskey.com\/es-ar\/terms-and-condititions\/","title":{"rendered":"T\u00e9rminos y condiciones"},"content":{"rendered":"\n<section id=\"block_1228365303f0f4e5c3b142cf12523a34\" class=\"hero hero-no-image hero-no-image__no-breadcrumb-spacer lazy\" data-assetkey=\"hero-no-image\">\n  <div class=\"hero-no-image__container hero-no-image__container-fullwidth\">\n    <div class=\"hero-no-image__container-content\">\n        <div class=\"subheading \">\n    <div class=\"subheading__line\"><\/div>\n    <h2 class=\"h6\">Legal<\/h2>\n  <\/div>\n\n      <h1 class=\"h1\">T\u00e9rminos y condiciones<\/h1>\n    <\/div>\n  <\/div>\n<\/section>\n\n\n\n<section id=\"block_fd38c5494e8a6b880011bc1c6edf2f59\"\n         class=\"content-one-column content-one-column--bg-light full-width lazy\n        \n        \n        \" data-assetkey=\"content-one-column\">\n    <div class=\"content-one-column__content\">\n        \n                <div class=\"content-one-column__heading\">\n                            <h2 class=\"h1\"><\/h2>\n                    <\/div>\n\n        \n                                                            <div class=\"content-one-column__text wysiwyg align_center_on_desktop\">\n                    <p>BASES Y CONDICIONES DEL CONCURSO JAMESON SOCIAL COMPETITION El concurso \u201cJameson Social Competition\u201d (el \u201cConcurso\u201d) es organizado por Pernod Ricard Argentina S.R.L (el \u201cOrganizador\u201d), y convoca a toda persona f\u00edsica mayor de 25 (veinticinco) a\u00f1os a participar del Concurso. El mismo entrar\u00e1 en vigencia a las 00:00 hrs. del 20\/12\/2017 y expirar\u00e1 a las 23:00 hrs. del d\u00eda 27\/05\/2018 (el \u201cPlazo de Vigencia\u201d). El Concurso es v\u00e1lido para toda la Rep\u00fablica Argentina, exceptuando las provincias de Neuqu\u00e9n y Tierra del Fuego (el \u201c\u00c1mbito Geogr\u00e1fico\u201d). La participaci\u00f3n en este Concurso est\u00e1 sujeta a las presentes bases y condiciones, las que tendr\u00e1n car\u00e1cter de inapelables, y que se consideran reconocidas y aceptadas con la sola participaci\u00f3n (las \u201cBases\u201d). La participaci\u00f3n en el Concurso no impone obligaci\u00f3n alguna de compra. Se deja expresamente aclarado que Instagram no patrocina, avala ni administra de modo alguno el Concurso, ni est\u00e1 asociado a \u00e9l. Al participar del mismo, los Participantes reconocen y aceptan dicha circunstancia. 1.- Los Participantes: Pueden participar en el Concurso \u00fanicamente las personas f\u00edsicas (en adelante cada uno un \u201cParticipante\u201d y en conjunto los \u201cParticipantes\u201d) que al momento de participar re\u00fanan los siguientes requisitos: \u2022 Hayan cumplido 21 a\u00f1os de edad al momento de participar; \u2022 Se encuentren domiciliadas legalmente dentro del \u00c1mbito Geogr\u00e1fico; \u2022 Hayan recibido la invitaci\u00f3n del Organizador para participar del Concurso; \u2022 Tengan el perfil de Instagram abierto al p\u00fablico. Asimismo, solo podr\u00e1 participar el Equipo (t\u00e9rmino definido en el Punto 3 de las presentes Bases) que al momento de inscribirse tengan en conjunto entre 5.000 y 15.000 seguidores en Instagram. Quedar\u00e1n excluidos del Concurso los Participantes y\/o los Co-Participantes (t\u00e9rmino definido en el Punto 3 de las presentes Bases) y\/o el Equipo que no cumpla con dichos requisitos. 2.- El Premio. El premio (el \u201cPremio\u201d) para el Ganador (t\u00e9rmino definido en el punto 3 de las Bases) consiste en un viaje a Irlanda a realizarse entre los meses de Julio y Septiembre de 2018, en fecha a definir por el Organizador (el \u201cViaje\u201d). El Viaje incluye: (i) tres pasajes a\u00e9reos (con escalas) en clase econ\u00f3mica ida y vuelta desde Irlanda-Buenos Aires; (ii) alojamiento para tres personas durante 3 noches en Irlanda en un hotel m\u00ednimo 4 estrellas; y (iii) desayuno para tres personas durante 3 d\u00edas. El Viaje no incluye multas o recargos por cambio o devoluci\u00f3n del pasaje, costos del transporte hacia y desde aeropuerto de origen y\/o destino, seguro de viaje, u otros gastos relacionados con viajes incluyendo, sin limitaci\u00f3n, exceso de equipaje, obtenci\u00f3n de pasaportes y\/o visados, o cualquier otro costo, multa o gasto no especificado anteriormente. Asimismo, la obtenci\u00f3n de toda la documentaci\u00f3n pertinente y necesaria para poder realizar el viaje, incluyendo pero sin limitarse a pasaportes y\/o visados, ser\u00e1n de exclusiva responsabilidad del Ganador y sus acompa\u00f1antes. El Premio es personal e intransferible. El Ganador no podr\u00e1 ceder ni solicitar la sustituci\u00f3n, canje o reemplazo del Premio por ning\u00fan otro distinto del obtenido. El Organizador se reserva el derecho, a su absoluta discreci\u00f3n, de sustituir el Premio por uno de igual o mayor valor debido a la falta de disponibilidad o cualquier otra cuesti\u00f3n. Los Participantes no deben inscribirse al Concurso si no est\u00e1n dispuestos a viajar a Irlanda o si no se encuentran en condiciones para cumplir con las presentes Bases. 3.- Participaci\u00f3n. a) Los Participantes durante el Plazo de Vigencia deber\u00e1n (la \u201cConsigna\u201d): (i) Acceder al Instagram de Jameson https:\/\/www.instagram.com\/jameson_ar\/ (el \u201cSitio\u201d) y, si a\u00fan no lo han hecho, hacerse fan de la Fanpage de Instagram de Jameson; (ii) Designar un equipo encabezado por el Participante como capit\u00e1n y acompa\u00f1ado de dos co-participantes que competir\u00e1n junto a \u00e9l (cada uno un \u201cCo-Participante\/s\u201d y en conjunto con el Participante el \u201cEquipo\u201d); (iii) Cada Equipo deber\u00e1 generar peri\u00f3dicamente publicaciones en su propio perfil de Instagram (los \u201cPosteos\u201d) con menci\u00f3n de marca Jameson (la \u201cMarca\u201d) como m\u00ednimo de una vez a la semana; Asimismo, cada Equipo deber\u00e1 lograr que otras personas que no pertenezcan al Equipo posteen contenidos de la Marca usando los @ y # del Concurso y mencionando al Capit\u00e1n del Equipo; (iii) Los Participantes deber\u00e1n enviar a la agencia \u201cBe Influencers\u201d (la \u201cAgencia\u201d) a la siguiente casilla de correo Natalia.alfonso@infliencers.be el print de pantalla con las m\u00e9tricas de cada uno de sus Posteos y los Posteos de sus Co-Participantes dentro de las 72hs de haberlo realizado. Se deja constancia que solo los Participantes pueden enviar el correo a la Agencia (y no los Co-Participantes) y que en caso de no hacerlo dicho post no ser\u00e1 computado. La participaci\u00f3n constar\u00e1 5 etapas, estas son: Primer Etapa Los Equipos deber\u00e1n lograr obtener la mayor cantidad de impresiones posible (por impresiones se entiende la sumatoria de usuarios a los que podr\u00edan haber llegado los posteos realizados al momento de enviar el print de pantalla de las m\u00e9tricas a la Agencia). Segunda Etapa Los equipos deber\u00e1n lograr obtener la mayor cantidad de interacciones posibles (por interacciones se entiende la sumatoria de \u201cLikes\u201d y \u201cComentarios\u201d en los posteos realizados al momento de enviar el print de pantalla de las m\u00e9tricas a la Agencia). Tercer Etapa Los equipos deber\u00e1n obtener el mayor alcance posible (se entiende por alcance la sumatoria de usuarios \u00fanicos que efectivamente vieron la publicaci\u00f3n realizada al momento de enviar el print de pantalla de las m\u00e9tricas a la Agencia). Cuarta Etapa Los Equipos deber\u00e1n obtener el mayor alcance a trav\u00e9s de posteos de usuarios externos al Equipo, quienes deber\u00e1n haber posteado contenidos de la Marca utilizando los @ de los miembros del Equipo y el # del Concurso (en este caso el alcance se entender\u00e1 como la sumatoria de usuarios \u00fanicos que efectivamente vieron la publicaci\u00f3n que hizo el usuario externo -a trav\u00e9s de la f\u00f3rmula de Be Influencers que toma el 2,2% de las impresiones potenciales de los posteos-). Quinta Etapa: Los Equipos deber\u00e1n obtener la mayor cantidad de posteos en Instagram posibles, con un nuevo #hashtag que ser\u00e1 definido por el Equipo. b) Todos los Posteos que genere el Equipo deber\u00e1n cumplir los siguientes requisitos: \u2022 Ser publicaciones en el perfil (no Instagram Stories); \u2022 Incluir el hashtag \u201c#JamesonIrishWhiskey\u201d; \u2022 Ser relevantes para el esp\u00edritu de la Marca, es decir que deber\u00e1n incluir el logo y\/o la botella de la Marca, el trago listo con productos de la Marca, etc; \u2022 No incluir los hashtags #like4like, #Love, #Followme, #Picoftheday, #Girl, #smile y\/o cualquier otro hashtag que tenga como finalidad la captura de interacciones. Se deja constancia que est\u00e1 prohibida la compra de followers, likes, comentarios, etc. Por parte de los Participantes y\/o Co-Participantes. Durante la Vigencia del Concurso los Participantes y\/o Co-Participantes y\/o los Equipos no podr\u00e1n tener contacto de cualquier tipo, generar contenidos o participar de promociones y\/o activaciones que realicen marcas de bebidas alcoh\u00f3licas de la competencia. Los Participantes que realicen la Consigna correctamente estar\u00e1n participando por el Premio. La Consigna deber\u00e1 ser cumplida acorde a la moral, las buenas costumbres, el sentido com\u00fan y el buen gusto, la normativa de Lealtad Comercial, Defensa del Consumidor y\/o la Ley de Lucha contra el Alcoholismo y\/o su normativa complementaria. El Organizador realizar\u00e1 una revisi\u00f3n de las Consignas pudiendo descartar todos aquellos contenidos y\/o Posteos que considere ofensivos y\/o contrarios o lesivos a los par\u00e1metros expresados. En caso que esto suceda, el Participante quedar\u00e1 autom\u00e1ticamente descalificado. Los Participantes ser\u00e1n en todo momento responsables por los contenidos que generen ellos mismos y sus Co-Participantes. 4.- Proceso de Selecci\u00f3n del Ganador: El proceso de selecci\u00f3n del Ganador constar\u00e1 de una pre-selecci\u00f3n y 5 etapas posteriores, estas son: Pre-Selecci\u00f3n El d\u00eda 09\/02\/2018 a las 14:00 horas el Organizador seleccionar\u00e1 a 30 Equipos por medio de los 3 jueces de Jameson (los \u201cJueces\u201d), quienes se guiar\u00e1n por los siguientes par\u00e1metros: (i) el grado en que los perfiles de los Participantes de cada Equipo se encuentren alineados a la Marca; (ii) el grado en que se demuestre innovaci\u00f3n y creatividad; (iii) la adecuaci\u00f3n de los Posteos al esp\u00edritu de la Marca en su conjunto; (ii) la relevancia y comprensi\u00f3n sobre la Consigna. Primer Etapa El d\u00eda 05\/03\/2018 a las 14:00 horas el Organizador seleccionar\u00e1 a 24 Equipos por medio de los Jueces, quienes se guiar\u00e1n por los siguientes par\u00e1metros: (i) los Equipos que m\u00e1s impresiones tengan (por impresiones se entiende la sumatoria de usuarios a los que podr\u00edan haber llegado los posteos realizados al momento de enviar el print de pantalla de las m\u00e9tricas a la Agencia); (ii) el grado en que se demuestre innovaci\u00f3n y creatividad; (iii) la adecuaci\u00f3n de los Posteos al esp\u00edritu de la Marca en su conjunto; (ii) la relevancia y comprensi\u00f3n sobre la Consigna. Segunda Etapa El d\u00eda 27\/03\/2018 a las 14:00 horas el Organizador seleccionar\u00e1 a 18 Equipos por medio de los Jueces, quienes se guiar\u00e1n por los siguientes par\u00e1metros: (i) los equipos que m\u00e1s interacciones tengan (por interacciones se entiende la sumatoria de \u201cLikes\u201d y \u201cComentarios\u201d en los posteos realizados al momento de enviar el print de pantalla de las m\u00e9tricas a la Agencia); (ii) el grado en que se demuestre innovaci\u00f3n y creatividad; (iii) la adecuaci\u00f3n de los Posteos al esp\u00edritu de la Marca en su conjunto; (ii) la relevancia y comprensi\u00f3n sobre la Consigna. Tercer Etapa El d\u00eda 18\/04\/2018 a las 14:00 horas el Organizador seleccionar\u00e1 a 12 Equipos por medio de los Jueces, quienes se guiar\u00e1n por los siguientes par\u00e1metros: (i) los equipos que mayor alcance tengan (se entiende por alcance la sumatoria de usuarios \u00fanicos que efectivamente vieron la publicaci\u00f3n realizada al momento de enviar el print de pantalla de las m\u00e9tricas a la Agencia); (ii) el grado en que se demuestre innovaci\u00f3n y creatividad; (iii) la adecuaci\u00f3n de los Posteos al esp\u00edritu de la Marca en su conjunto; (ii) la relevancia y comprensi\u00f3n sobre la Consigna. Cuarta Etapa El d\u00eda 14\/05\/2018 a las 14:00 horas el Organizador seleccionar\u00e1 a 6 Equipos por medio de los Jueces, quienes se guiar\u00e1n por los siguientes par\u00e1metros: (i) el mayor alcance que logren los Equipos a trav\u00e9s de los posteos de usuarios externos al Equipo, quienes deber\u00e1n haber posteado contenidos de la Marca utilizando los @ de los miembros del Equipo y el # del Concurso (en este caso el alcance se entender\u00e1 como la sumatoria de usuarios \u00fanicos que efectivamente vieron la publicaci\u00f3n que hizo el usuario externo -a trav\u00e9s de la f\u00f3rmula de Be Influencers que toma el 2,2% de las impresiones potenciales de los posteos-); (ii) el grado en que se demuestre innovaci\u00f3n y creatividad; (iii) la adecuaci\u00f3n de los Posteos al esp\u00edritu de la Marca en su conjunto; (ii) la relevancia y comprensi\u00f3n sobre la Consigna. Selecci\u00f3n del Ganador: El d\u00eda 06\/06\/2018 a las 14:00 horas el Organizador seleccionar\u00e1 a un Equipo ganador (el \u201cGanador\u201d) por medio de los Jueces, quienes se guiar\u00e1n por los siguientes par\u00e1metros: (i) haber logrado la mayor cantidad de posteos en Instagram, con un nuevo #hashtag que ser\u00e1 definido por el Equipo; (ii) el grado en que se demuestre innovaci\u00f3n y creatividad con los Posteos; (iii) la adecuaci\u00f3n de los Posteos al esp\u00edritu de la Marca en su conjunto; (ii) la relevancia y comprensi\u00f3n sobre la Consigna. En cada etapa, y una vez seleccionado el Ganador, el Organizador se pondr\u00e1 en contacto telef\u00f3nicamente o v\u00eda e-mail con los Participantes seleccionados y\/o el Ganador dentro de las 72 horas de realizada la selecci\u00f3n, y se publicar\u00e1n sus nombres en la p\u00e1gina oficial de Jameson hasta 10 d\u00edas h\u00e1biles despu\u00e9s de la selecci\u00f3n. El Participante y\/o el Ganador deber\u00e1 responder a la notificaci\u00f3n enviando los siguientes datos: Nombre, Apellido, DNI, Fecha de Nacimiento, a trav\u00e9s del mismo medio, dentro de las 48 horas siguientes de recibida la notificaci\u00f3n. El Organizador realizar\u00e1 esfuerzos razonables para contactar al Ganador y\/o los Participantes, sin embargo si estos no respondieren en el plazo indicado, violaren estas Bases, o no pudieren asumir el Premio por cualquier otro motivo, quedar\u00e1 a cargo del Organizador la posibilidad de retirarle Premio y seleccionar un ganador alternativo, no teniendo nada que reclamar al Organizador. La probabilidad matem\u00e1tica de obtenci\u00f3n del Premio, depender\u00e1 de la cantidad de Participantes del Concurso de acuerdo a lo estipulado en el punto 2. Todos los Participantes tienen la misma probabilidad de ganar y podr\u00e1n participar una sola vez del Concurso. 5.- Adjudicaci\u00f3n del Premio: El Organizador comunicar\u00e1 su Premio al Ganador antes del d\u00eda 15\/06\/2018 por e-mail o tel\u00e9fono. Ser\u00e1 condici\u00f3n de asignaci\u00f3n del Premio (i) la acreditaci\u00f3n de identidad del Ganador mediante la exhibici\u00f3n del Pasaporte, C\u00e9dula Mercosur o DNI original (no se admitir\u00e1 la acreditaci\u00f3n de identidad por otros documentos distintos de los mencionados, independientemente del car\u00e1cter fehaciente que pudieran tener); y (ii) responder algunas preguntas de inter\u00e9s general que se le har\u00e1n en ese mismo momento. En caso de que el Ganador no cumpla con la presentaci\u00f3n de la documentaci\u00f3n, o la misma no lo identifique debidamente, caducar\u00e1 su derecho al reclamo del Premio y tampoco tendr\u00e1 derecho a reclamar compensaci\u00f3n o indemnizaci\u00f3n alguna. Todo Premio que no fuera disfrutado en el plazo determinado quedar\u00e1 en poder del Organizador, perdiendo el Ganador su calidad de tal y el derecho al Premio. 6.- Compromiso de Consumo Responsable: Desde que el Organizador es una compa\u00f1\u00eda dedicada a la distribuci\u00f3n y comercializaci\u00f3n de bebidas alcoh\u00f3licas, y se halla comprometida con el consumo responsable de las mismas, los Participantes garantizan que cuidar\u00e1n que todos los Posteos y\/o contenidos que genere tanto \u00e9l como sus Co-Participantes no incluyan referencias al: (i) consumo de alcohol en forma previa o concomitante con la conducci\u00f3n de veh\u00edculos de cualquier tipo; (ii) menores de edad, embarazadas o personas padeciendo alguna enfermedad; (iii) consumo de alcohol en forma previa o concomitante con la pr\u00e1ctica de deportes o realizaci\u00f3n de tareas de riesgo; (iv) pornograf\u00eda, o actividades violentas, discriminatorias o il\u00edcitas; (v) pol\u00edtica o religi\u00f3n; (vi) sustancias medicinales; ni (vii) armas, drogas, venenos u otro tipo de elementos o sustancias peligrosas. 7.- Cl\u00e1usulas Varias: Si el Ganador no cumpliere con los requisitos establecidos en estas Bases quedar\u00e1 autom\u00e1ticamente descalificado, sin derecho al Premio, reclamo ni indemnizaci\u00f3n alguna. Cumplidos los requisitos establecidos en estas Bases como condici\u00f3n de la asignaci\u00f3n del Premio, el Premio ser\u00e1 inmediatamente asignado por el Organizador al Ganador. Quienes acepten participar en el Concurso son los \u00fanicos responsables por la veracidad de sus manifestaciones y de la identidad invocada. La omisi\u00f3n o falsedad de lo informado har\u00e1 perder al Ganador su condici\u00f3n de tal y el Premio en cuesti\u00f3n sin tener derecho a reclamar compensaci\u00f3n y\/o indemnizaci\u00f3n alguna y sin que ello genere ning\u00fan tipo de responsabilidad al Organizador. Est\u00e1 prohibido y ser\u00e1 anulado cualquier intento o m\u00e9todo de participaci\u00f3n en el Concurso que se realice por cualquier proceso, t\u00e9cnica o mec\u00e1nica de participaci\u00f3n distinta a la detallada en estas Bases, o recurriendo a pr\u00e1cticas o conductas violatorios del esp\u00edritu y esencia del Concurso. La utilizaci\u00f3n de t\u00e9cnicas de naturaleza rob\u00f3tica, repetitiva, autom\u00e1tica, programada, mecanizada o similar llevar\u00e1 a la anulaci\u00f3n de todos los registros realizados por el participante. Asimismo, ser\u00e1 autom\u00e1ticamente descalificado cualquier participante que se valga de mecanismos o t\u00e9cnicas fraudulentas o de cualquier otra forma de participaci\u00f3n tramposa y\/o maliciosa en el Concurso, en tanto las mismas puedan ser detectadas por medios razonables por el Organizador. 8.- Propiedad de los contenidos: Los Posteos y todos los contenidos que generen los Participantes y\/o sus Co-Participantes y la obra intelectual o material que resulte de los mismos en el marco del Concurso, as\u00ed como todos los materiales y contenidos tangibles o intangibles (incluyendo sin limitaci\u00f3n creatividades, publicaciones y avisos publicitarios, gr\u00e1ficas, videos, fotos, posteos en p\u00e1ginas web o redes sociales, etc.) sea en estado final o en estados intermedios, entregados o no al Organizador, ser\u00e1n de propiedad exclusiva del Organizador. Al participar del Concurso los Participantes y sus Co-Participantes reconocen y aceptan esto. La remisi\u00f3n de los Posteos a la Agencia por parte de los Participantes implica una cesi\u00f3n total, incondicionada, exclusiva, ilimitada territorial y temporalmente al Organizador de la propiedad, todo derecho y\/o acciones (en ejercicio o no) emergentes de esos contenidos que se remiten, incluyendo pero no limitando al derecho de utilizarlos, reproducirlos, publicarlos, editarlos, adaptarlos, traducirlos o modificarlos, de cualquier manera y por cualquier medio existente a la fecha del presente y\/o a crearse en el futuro, sin limitaci\u00f3n alguna y sin que ello genere obligaci\u00f3n de compensaci\u00f3n alguna por parte del Organizador al Participante y\/o Co-Participante. Asimismo, mediante la participaci\u00f3n en la presente Promoci\u00f3n, los Participantes y\/o sus Co-Participantes renuncian expresamente a todo derecho emergente de dichos contenidos que le pudiera corresponder. 9.- Responsabilidad del Organizador: El Organizador no ser\u00e1 responsable por ning\u00fan gasto, erogaci\u00f3n, da\u00f1o o perjuicio, de cualquier tipo que fuere, que pudiere sufrir el Ganador y\/o sus acompa\u00f1antes y\/o los Participantes y\/o los Co-Participantes y\/o terceros, en sus personas o bienes, con motivo de o en ocasi\u00f3n de su participaci\u00f3n en el Concurso, la utilizaci\u00f3n del Premio y\/o su concurrencia o participaci\u00f3n en el Viaje. La responsabilidad del Organizador finaliza con la puesta a disposici\u00f3n del Premio al Ganador. 10.- Datos Personales: El Organizador tiene derecho a publicar los datos brindados por los Participantes y\/o Co-Participantes en este Concurso en sus sitios web y\/o redes sociales. El Organizador podr\u00e1 incluir los nombres y DNI a efectos identificatorios como Participantes, Co-Participantes y\/o Ganador del Concurso. Ante la eventualidad que el Organizador decida utilizar el nombre, tomar fotograf\u00edas, videos y\/o cualquier otro medio de difusi\u00f3n de la imagen y\/o la voz de los Participantes y\/o el Ganador, estos prestan plena autorizaci\u00f3n para la difusi\u00f3n p\u00fablica, transmisi\u00f3n, retransmisi\u00f3n, reproducci\u00f3n o publicaci\u00f3n de su nombre, las filmaciones, fotograf\u00edas, im\u00e1genes o grabaciones de imagen y\/o voz y\/o datos del Ganador, y\/o Participantes, en todos y cualquier medio de comunicaci\u00f3n durante el Plazo De Vigencia del Concurso y hasta 3 (tres) a\u00f1os despu\u00e9s de su finalizaci\u00f3n, sin que el Participante tenga derecho al reclamo de indemnizaci\u00f3n o compensaci\u00f3n alguna; ya sea que las mismas se utilicen con fines comerciales, publicitarios o de referencia hist\u00f3rica. Al participar del Concurso los Participantes y\/o los Co-Participantes autorizan a PR a utilizar los datos personales obtenidos para la creaci\u00f3n de una base de datos con el s\u00f3lo objetivo de conformar un listado de consumidores, Ganadores y\/o Participantes. Esta base estar\u00e1 sujeta a las reglas y condiciones de la Ley 25.326 (Ley de Protecci\u00f3n de Datos Personales). El titular de los datos personales tiene la facultad de ejercer el derecho de acceso a los mismos en forma gratuita en intervalos no inferiores a seis meses, salvo que se acredite un inter\u00e9s leg\u00edtimo al efecto conforme lo establecido en el art\u00edculo 14, inciso 3 de la Ley 25.326 (Disposici\u00f3n 10\/2008, art\u00edculo 1\u00ba, B.O. 18\/09\/2008). A tal efecto, el titular de los datos personales podr\u00e1, en cualquier momento, dirigir una carta al Departamento de Asuntos Legales de Pernod Ricard Argentina S.R.L. (Jujuy 1197, Bella Vista, Provincia de Buenos Aires) o un correo electr\u00f3nico a MariaCarolina.Alvarez@pernod-ricard.com, solicitando el acceso a sus datos y, en su caso, requerir la actualizaci\u00f3n, modificaci\u00f3n o eliminaci\u00f3n de los datos que considere err\u00f3neamente registrados, y\/o el bloqueo de su nombre de la Base de Datos. La Direcci\u00f3n Nacional de Protecci\u00f3n de Datos Personales, \u00d3rgano de Control de la Ley 25.326, tiene la atribuci\u00f3n de atender las denuncias y reclamos que se interpongan con relaci\u00f3n al incumplimiento de las normas sobre protecci\u00f3n de datos personales. El Organizador ser\u00e1 el \u00fanico titular de la base de datos mencionada y la almacenar\u00e1 en Jujuy 1197, Bella Vista, Provincia de Buenos Aires, por el plazo que sea de utilidad a los efectos de cumplir con los fines indicados precedentemente. El Organizador proteger\u00e1 la Base de Datos de acuerdo con los est\u00e1ndares impuestos por la normativa vigente y las reglas del arte que razonablemente brinden integridad y seguridad a los datos personales que contiene. La informaci\u00f3n de los Participantes y\/o Ganadores ser\u00e1 tratada en los t\u00e9rminos previstos por la Ley Nacional de Protecci\u00f3n de Datos Personales 25.326. 11.- Consulta de Bases: Las Bases del Concurso se pueden consultar durante el Plazo de Vigencia en las oficinas del Organizador ubicadas en Jujuy 1197, Bella Vista (1661), Buenos Aires, Argentina y\/o en link exacto. 12.- Modificaci\u00f3n del Concurso o las Bases: Cuando circunstancias no imputables al Organizador o no previstas en estas Bases que constituyan caso fortuito o fuerza mayor lo justifiquen, el Organizador podr\u00e1 suspender, cancelar o modificar el Concurso y\/o sus Bases. 13.- Jurisdicci\u00f3n: Para cualquier diferencia que tuviera que dirimirse por v\u00eda judicial, las partes se someten a ley de la Rep\u00fablica Argentina y a la jurisdicci\u00f3n ordinaria, competente en raz\u00f3n de la materia, de la Ciudad Aut\u00f3noma de Buenos Aires, Rep\u00fablica Argentina, con renuncia expresa a cualquier fuero o jurisdicci\u00f3n que pudiere corresponderles. ***<\/p>\n\n                <\/div>\n                        <\/div>\n\n    <\/section>\n","protected":false},"excerpt":{"rendered":"","protected":false},"author":29,"featured_media":0,"parent":0,"menu_order":24,"comment_status":"closed","ping_status":"closed","template":"","meta":{"_acf_changed":false,"_seopress_robots_primary_cat":"","_seopress_titles_title":"","_seopress_titles_desc":"","_seopress_robots_index":"","inline_featured_image":false,"footnotes":""},"categories":[],"tags":[],"our-world-category":[],"class_list":["post-640690","page","type-page","status-publish","hentry"],"acf":[],"_links":{"self":[{"href":"https:\/\/www.jamesonwhiskey.com\/es-ar\/wp-json\/wp\/v2\/pages\/640690","targetHints":{"allow":["GET"]}}],"collection":[{"href":"https:\/\/www.jamesonwhiskey.com\/es-ar\/wp-json\/wp\/v2\/pages"}],"about":[{"href":"https:\/\/www.jamesonwhiskey.com\/es-ar\/wp-json\/wp\/v2\/types\/page"}],"author":[{"embeddable":true,"href":"https:\/\/www.jamesonwhiskey.com\/es-ar\/wp-json\/wp\/v2\/users\/29"}],"replies":[{"embeddable":true,"href":"https:\/\/www.jamesonwhiskey.com\/es-ar\/wp-json\/wp\/v2\/comments?post=640690"}],"version-history":[{"count":0,"href":"https:\/\/www.jamesonwhiskey.com\/es-ar\/wp-json\/wp\/v2\/pages\/640690\/revisions"}],"wp:attachment":[{"href":"https:\/\/www.jamesonwhiskey.com\/es-ar\/wp-json\/wp\/v2\/media?parent=640690"}],"wp:term":[{"taxonomy":"category","embeddable":true,"href":"https:\/\/www.jamesonwhiskey.com\/es-ar\/wp-json\/wp\/v2\/categories?post=640690"},{"taxonomy":"post_tag","embeddable":true,"href":"https:\/\/www.jamesonwhiskey.com\/es-ar\/wp-json\/wp\/v2\/tags?post=640690"},{"taxonomy":"our-world-category","embeddable":true,"href":"https:\/\/www.jamesonwhiskey.com\/es-ar\/wp-json\/wp\/v2\/our-world-category?post=640690"}],"curies":[{"name":"wp","href":"https:\/\/api.w.org\/{rel}","templated":true}]}}