{"id":640700,"date":"2021-09-02T10:58:42","date_gmt":"2021-09-02T10:58:42","guid":{"rendered":"https:\/\/live-jameson.pantheonsite.io\/enjoy-responsibly\/"},"modified":"2023-08-09T15:42:54","modified_gmt":"2023-08-09T15:42:54","slug":"enjoy-responsibly","status":"publish","type":"page","link":"https:\/\/www.jamesonwhiskey.com\/es-ar\/enjoy-responsibly\/","title":{"rendered":"Disfrut\u00e1 con responsabilidad"},"content":{"rendered":"\n<section id=\"block_f5338f29b898fbc1df7bfbc929ecb030\" class=\"hero hero-no-image hero-no-image__no-breadcrumb-spacer lazy\" data-assetkey=\"hero-no-image\">\n  <div class=\"hero-no-image__container hero-no-image__container-fullwidth\">\n    <div class=\"hero-no-image__container-content\">\n        <div class=\"subheading \">\n    <div class=\"subheading__line\"><\/div>\n    <h2 class=\"h6\">Legal<\/h2>\n  <\/div>\n\n      <h1 class=\"h1\">Disfrut\u00e1 con responsabilidad<\/h1>\n    <\/div>\n  <\/div>\n<\/section>\n\n\n\n<section id=\"block_70b72dbe84c91dc2908b238f59364f2b\"\n         class=\"content-one-column content-one-column--bg-light full-width lazy\n        \n        \n        \" data-assetkey=\"content-one-column\">\n    <div class=\"content-one-column__content\">\n        \n                <div class=\"content-one-column__heading\">\n                            <h2 class=\"h1\"><\/h2>\n                    <\/div>\n\n        \n                                                            <div class=\"content-one-column__text wysiwyg align_center_on_desktop\">\n                    <p>ESTA ES LA P\u00c1GINA WEB OFICIAL DEL JAMESON IRISH WHISKEY, DONDE POD\u00c9S CONOCER M\u00c1S SOBRE NUESTRO FUNDADOR, JOHN JAMESON, NUESTRAS RECETAS DE BEBIDAS Y C\u00d3MO SE HIZO EL WHISKEY IRLAND\u00c9S N.\u00b0 1 DEL MUNDO. QUIENES FORMAMOS PARTE DE IRISH DISTILLERS PERNOD RICARD DESEAMOS PROTEGER EL LEGADO DE JOHN JAMESON PIDI\u00c9NDOTE QUE LEAS Y RESPETES LAS SIGUIENTES PAUTAS.<\/p>\n<ul>\n<li><a href=\"https:\/\/www.pernod-ricard.com\/en\">Pernod Ricard<\/a><\/li>\n<li><a href=\"https:\/\/www.drinkaware.ie\/\">Drinkaware.ie<\/a><\/li>\n<li><a href=\"http:\/\/acceptresponsibility.org\/\">Aceptaci\u00f3n de responsabilidad<\/a><\/li>\n<li><a href=\"https:\/\/responsibledrinking.eu\/\">responsibledrinking.eu<\/a><\/li>\n<li><a href=\"https:\/\/www.responsibility.org\/\">responsibility.org<\/a><\/li>\n<li><a href=\"http:\/\/www.acceptresponsibility.org.uk\/\">acceptresponsibility.org.uk<\/a><\/li>\n<\/ul>\n<p>Irish Distillers Pernod Ricard (<a href=\"http:\/\/www.irishdistillers.ie\">www.irishdistillers.ie<\/a>), orgulloso propietario de Jameson Irish Whiskey, respalda completamente el rango de c\u00f3digos que rigen la comercializaci\u00f3n, las ventas, la publicidad y el patrocinio de productos alcoh\u00f3licos. Nuestro compromiso con dichos c\u00f3digos garantiza que todas nuestras actividades se lleven a cabo con el \u00fanico objetivo de promover un consumo responsable de nuestros productos destinados a un p\u00fablico adulto.<\/p>\n<p>Como proveedor l\u00edder de bebidas espirituosas, vinos y champanes premium, tenemos una funci\u00f3n importante al promover nuestros productos de manera responsable a clientes y consumidores. Nos esforzamos por actuar siempre de una manera que demuestre que nos merecemos la confianza y el aprecio de nuestros grupos de inter\u00e9s, sin importar qui\u00e9n o d\u00f3nde se encuentren.<\/p>\n<p>Nos encantar\u00eda que te comunicaras con nosotros a trav\u00e9s de las redes sociales. Sin embargo, como parte de nuestro compromiso de promover un consumo responsable, esperamos que comprendas que no deseamos que la comunidad publique comentarios, fotos, videos u otro tipo de contenido que hagan lo siguiente:<\/p>\n<p>Presenten a una persona menor de la edad legal para consumir alcohol o a aquellos que parecen estar por debajo de la edad legal para consumir alcohol.<\/p>\n<p>Est\u00e1n protagonizados por personas menores de la edad legal para consumir alcohol.<\/p>\n<p>Alienta la compra o el consumo de bebidas alcoh\u00f3licas o el consumo irresponsable o desmedido de menores de edad.<\/p>\n<p>Alienta cualquier tipo de comportamiento inapropiado o violento.<\/p>\n<p>Si existe alguna publicaci\u00f3n persistente que entra en conflicto con alguno de los criterios anteriores, nos veremos obligados a bloquear la cuenta asociada. En cierto modo, nos hemos bloqueado a nosotros mismos durante la ley seca. Con eso en mente, sabemos qu\u00e9 se siente y no es agradable.<\/p>\n<p>\u00a1Salud! El equipo de Whiskey Jameson.<\/p>\n\n                <\/div>\n                        <\/div>\n\n    <\/section>\n","protected":false},"excerpt":{"rendered":"","protected":false},"author":29,"featured_media":0,"parent":0,"menu_order":6,"comment_status":"closed","ping_status":"closed","template":"","meta":{"_acf_changed":false,"_seopress_robots_primary_cat":"","_seopress_titles_title":"","_seopress_titles_desc":"Jameson is committed to the responsible marketing, sales, advertising &amp; sponsorship of alcohol products. Read more here.","_seopress_robots_index":"","inline_featured_image":false,"footnotes":""},"categories":[],"tags":[],"our-world-category":[],"class_list":["post-640700","page","type-page","status-publish","hentry"],"acf":[],"_links":{"self":[{"href":"https:\/\/www.jamesonwhiskey.com\/es-ar\/wp-json\/wp\/v2\/pages\/640700","targetHints":{"allow":["GET"]}}],"collection":[{"href":"https:\/\/www.jamesonwhiskey.com\/es-ar\/wp-json\/wp\/v2\/pages"}],"about":[{"href":"https:\/\/www.jamesonwhiskey.com\/es-ar\/wp-json\/wp\/v2\/types\/page"}],"author":[{"embeddable":true,"href":"https:\/\/www.jamesonwhiskey.com\/es-ar\/wp-json\/wp\/v2\/users\/29"}],"replies":[{"embeddable":true,"href":"https:\/\/www.jamesonwhiskey.com\/es-ar\/wp-json\/wp\/v2\/comments?post=640700"}],"version-history":[{"count":0,"href":"https:\/\/www.jamesonwhiskey.com\/es-ar\/wp-json\/wp\/v2\/pages\/640700\/revisions"}],"wp:attachment":[{"href":"https:\/\/www.jamesonwhiskey.com\/es-ar\/wp-json\/wp\/v2\/media?parent=640700"}],"wp:term":[{"taxonomy":"category","embeddable":true,"href":"https:\/\/www.jamesonwhiskey.com\/es-ar\/wp-json\/wp\/v2\/categories?post=640700"},{"taxonomy":"post_tag","embeddable":true,"href":"https:\/\/www.jamesonwhiskey.com\/es-ar\/wp-json\/wp\/v2\/tags?post=640700"},{"taxonomy":"our-world-category","embeddable":true,"href":"https:\/\/www.jamesonwhiskey.com\/es-ar\/wp-json\/wp\/v2\/our-world-category?post=640700"}],"curies":[{"name":"wp","href":"https:\/\/api.w.org\/{rel}","templated":true}]}}