{"id":640707,"date":"2021-09-02T10:59:19","date_gmt":"2021-09-02T10:59:19","guid":{"rendered":"https:\/\/live-jameson.pantheonsite.io\/cookie-policy\/"},"modified":"2023-08-09T15:59:50","modified_gmt":"2023-08-09T15:59:50","slug":"cookie-policy","status":"publish","type":"page","link":"https:\/\/www.jamesonwhiskey.com\/es-ar\/cookie-policy\/","title":{"rendered":"Pol\u00edtica de cookies"},"content":{"rendered":"\n<section id=\"block_6033ee1d13e9960a2315f5baab8eaf39\" class=\"hero hero-no-image hero-no-image__no-breadcrumb-spacer lazy\" data-assetkey=\"hero-no-image\">\n  <div class=\"hero-no-image__container \">\n    <div class=\"hero-no-image__container-content\">\n        <div class=\"subheading \">\n    <div class=\"subheading__line\"><\/div>\n    <h2 class=\"h6\">Legal<\/h2>\n  <\/div>\n\n      <h1 class=\"h1\">Pol\u00edtica de cookies<\/h1>\n    <\/div>\n  <\/div>\n<\/section>\n\n\n\n<section id=\"block_bc1971dbcc9142a49e90309387c8ef9d\"\n         class=\"content-one-column content-one-column--bg-light full-width lazy\n        \n        \n        \" data-assetkey=\"content-one-column\">\n    <div class=\"content-one-column__content\">\n        \n                <div class=\"content-one-column__heading\">\n                            <h2 class=\"h1\"><\/h2>\n                    <\/div>\n\n        \n                                                            <div class=\"content-one-column__text wysiwyg align_center_on_desktop\">\n                    <p>Irish Distillers Limited (en adelante, \u00abIDL\u00bb) utiliza cookies para ayudarnos a recordar detalles de sus visitas al Sitio, que incluyen, entre otros, informaci\u00f3n t\u00e9cnica sobre su visita (p. ej., datos de tr\u00e1fico, datos de ubicaci\u00f3n, su direcci\u00f3n IP, el sitio web anterior desde el que nos contact\u00f3 y el tipo de navegador que utiliza). En consecuencia, nuestra Declaraci\u00f3n de privacidad [insertar enlace] se aplicar\u00e1 al tratamiento de la informaci\u00f3n que obtenemos a trav\u00e9s de nuestras cookies.<\/p>\n<p>Una cookie es un peque\u00f1o archivo de datos que implanta nuestro Sitio en su dispositivo (p. ej., su tel\u00e9fono o su computadora) que recopila informaci\u00f3n, entre la que se incluye informaci\u00f3n personal sobre usted. Por ejemplo, una cookie podr\u00eda permitir que el Sitio reconozca su navegador, mientras que otra podr\u00eda almacenar sus preferencias y otra, informaci\u00f3n para permitirle navegar por el Sitio de manera efectiva. Las cookies tambi\u00e9n pueden ayudar a garantizar que los anuncios que ve en l\u00ednea sean m\u00e1s relevantes para usted y sus intereses.<\/p>\n<p>Tipos de cookies que se utilizan en el Sitio<\/p>\n<p>IDL coloca nuestras cookies en su dispositivo a trav\u00e9s del Sitio. En consecuencia, nuestra Declaraci\u00f3n de privacidad se aplicar\u00e1 al tratamiento de la informaci\u00f3n que obtenemos a trav\u00e9s de nuestras cookies. Tambi\u00e9n podemos permitir que los socios comerciales coloquen cookies en su dispositivo.<\/p>\n<p>Los siguientes son los diversos tipos de cookies que se utilizan en el Sitio.<\/p>\n\n                <\/div>\n                        <\/div>\n\n    <\/section>\n\n\n\n<section id=\"block_b9aac196ffb80a7254cae916b75b5680\" class=\"faq  lazy\" data-assetkey=\"faq\">\n  <div class=\"faq__heading\">\n    <h2 class=\"h1\"><\/h2>\n  <\/div>\n\n  <div class=\"faq__lines\">\n                          <details>\n          <summary class=\"h5\">\n            <span class=\"expandable-list-heading\">Cookies necesarias<\/span>\n            <span class=\"expandable-list-toggle\"><\/span>\n          <\/summary>\n          <section class=\"expandable-list-content\">\n            <p>Estas cookies son esenciales para permitirle navegar por los Sitios y usar las caracter\u00edsticas de los Sitios, como el acceso a \u00e1reas seguras del Sitio. Sin estas cookies, los servicios que solicite, como las compras en l\u00ednea, no se pueden prestar.<\/p>\n<p><strong>Nombres de las cookies:<\/strong><\/p>\n<p><strong>&#8220;ageset&#8221;<\/strong><br \/>\nEdad del usuario, en a\u00f1os, como por ejemplo &#8220;38&#8221;. Determinada seg\u00fan la fecha de nacimiento que se seleccion\u00f3 en la verificaci\u00f3n de edad o a trav\u00e9s del inicio de sesi\u00f3n de Facebook.<\/p>\n<p><strong>&#8220;ageverified&#8221;<\/strong><br \/>\nEl usuario complet\u00f3 la verificaci\u00f3n de edad (posibles valores: &#8220;true&#8221; o &#8220;false&#8221;.<\/p>\n<p><strong>&#8220;countrycode&#8221;<\/strong><br \/>\nObtenido desde el pa\u00eds en base a la verificaci\u00f3n del IP, por ejemplo &#8220;GB&#8221;.<\/p>\n<p><strong>&#8220;dob&#8221;<\/strong><br \/>\nSe completa con la opci\u00f3n del usuario en la lista desplegable de verificaci\u00f3n de edad o en la fecha de nacimiento de Facebook a trav\u00e9s de Graph API. Formato: por ejemplo, &#8220;YYY-MM-DD&#8221; (a\u00f1o-mes-d\u00eda).<\/p>\n<p><strong>&#8220;selected_country&#8221;<\/strong><br \/>\nPa\u00eds, en funci\u00f3n de la selecci\u00f3n del usuario en la verificaci\u00f3n de edad, por ejemplo, &#8220;VN&#8221;.<\/p>\n\n          <\/section>\n        <\/details>\n                                <details>\n          <summary class=\"h5\">\n            <span class=\"expandable-list-heading\">Cookies de funcionalidad<\/span>\n            <span class=\"expandable-list-toggle\"><\/span>\n          <\/summary>\n          <section class=\"expandable-list-content\">\n            <p>Estas cookies le permiten al sitio recordar las elecciones que hace (como su idioma preferido o su regi\u00f3n) y proporcionar m\u00e1s caracter\u00edsticas personales. Estas cookies tambi\u00e9n se pueden usar para monitorear y analizar el rendimiento, el funcionamiento y la efectividad del Sitio, para que podamos mejorarlo y optimizarlo.<\/p>\n<p>Al obtener su consentimiento, podemos colocar una cookie en el Sitio para recordar sus preferencias, de modo que no necesite volver a ingresar sus detalles (pa\u00eds\/edad y preferencias de idioma) en la p\u00e1gina de nuestra puerta de enlace cada vez que desee acceder al Sitio. Si comparte su computadora con otra persona, optar por el uso de esta cookie no ser\u00e1 recomendable.<\/p>\n<p>Tambi\u00e9n podemos utilizar cookies de sesi\u00f3n, que son cookies temporales que lo ayudar\u00e1n a navegar a trav\u00e9s de las p\u00e1ginas del Sitio y recordar\u00e1n las preferencias que ha seleccionado durante la sesi\u00f3n. Estas cookies caducan una vez que cierra su navegador.<\/p>\n\n          <\/section>\n        <\/details>\n                                <details>\n          <summary class=\"h5\">\n            <span class=\"expandable-list-heading\">Cookies de rendimiento<\/span>\n            <span class=\"expandable-list-toggle\"><\/span>\n          <\/summary>\n          <section class=\"expandable-list-content\">\n            <p>Estas cookies recopilan informaci\u00f3n sobre la manera en que usa el Sitio, por ejemplo, qu\u00e9 p\u00e1ginas del Sitio utiliza con m\u00e1s frecuencia. La informaci\u00f3n que recopilan estas cookies no lo identifica. Toda la informaci\u00f3n que recopilan estas cookies se agrega y, por lo tanto, es an\u00f3nima.<\/p>\n<p>Usamos Google Analytics para ayudar a monitorear y analizar el uso del Sitio. Google Analytics es un tipo de cookie de rendimiento que recopila informaci\u00f3n de registro de Internet est\u00e1ndar e informaci\u00f3n sobre el comportamiento de los visitantes de manera an\u00f3nima. La informaci\u00f3n que recopila esta cookie se transmite a Google, que luego la utiliza para evaluar el uso del sitio por parte de los visitantes y para compilar informes estad\u00edsticos sobre la actividad del Sitio. Si no desea que lo rastreen con Google Analytics en los sitios web, visite el sitio <a href=\"http:\/\/tools.google.com\/dlpage\/gaoptout\">http:\/\/tools.google.com\/dlpage\/gaoptout<\/a>.<\/p>\n\n          <\/section>\n        <\/details>\n                                <details>\n          <summary class=\"h5\">\n            <span class=\"expandable-list-heading\">C\u00f3mo administrar y deshabilitar cookies<\/span>\n            <span class=\"expandable-list-toggle\"><\/span>\n          <\/summary>\n          <section class=\"expandable-list-content\">\n            <p>Puede optar por no aceptar la configuraci\u00f3n de cookies. Su navegador cuenta con la posibilidad de permitirle configurar c\u00f3mo maneja las cookies, c\u00f3mo rechazar todas las cookies o solicitarle que acepte cada cookie. Pero tenga en cuenta que es posible que algunas partes del sitio no funcionen seg\u00fan lo previsto o que no funcionen sin cookies. Nuestro sistema emitir\u00e1 cookies de manera autom\u00e1tica cuando inicie sesi\u00f3n en el Sitio a menos que haya ajustado la configuraci\u00f3n de su navegador para que rechace las cookies.<\/p>\n\n          <\/section>\n        <\/details>\n                                <details>\n          <summary class=\"h5\">\n            <span class=\"expandable-list-heading\">Modificaciones a la Declaraci\u00f3n de cookies<\/span>\n            <span class=\"expandable-list-toggle\"><\/span>\n          <\/summary>\n          <section class=\"expandable-list-content\">\n            <p>Podemos modificar esta Declaraci\u00f3n de cookies en cualquier momento. Si realizamos modificaciones importantes en la Declaraci\u00f3n de cookies, se lo comunicaremos public\u00e1ndola con sus modificaciones en el Sitio o envi\u00e1ndole un correo electr\u00f3nico.<\/p>\n<p>Es importante que revise la Declaraci\u00f3n de cookies modificada. Si no desea aceptar la Declaraci\u00f3n de cookies modificada, no podemos seguir brind\u00e1ndole el Sitio, y su \u00fanica opci\u00f3n es dejar de acceder al Sitio y desactivar su cuenta de IDL.<\/p>\n<p>Si desea obtener m\u00e1s informaci\u00f3n acerca de las cookies visite el sitio <a href=\"http:\/\/www.aboutcookies.org\">www.aboutcookies.org<\/a><\/p>\n\n          <\/section>\n        <\/details>\n            <\/div>\n<\/section>\n","protected":false},"excerpt":{"rendered":"","protected":false},"author":29,"featured_media":0,"parent":0,"menu_order":4,"comment_status":"closed","ping_status":"closed","template":"","meta":{"_acf_changed":false,"_seopress_robots_primary_cat":"","_seopress_titles_title":"","_seopress_titles_desc":"","_seopress_robots_index":"","inline_featured_image":false,"footnotes":""},"categories":[],"tags":[],"our-world-category":[],"class_list":["post-640707","page","type-page","status-publish","hentry"],"acf":[],"_links":{"self":[{"href":"https:\/\/www.jamesonwhiskey.com\/es-ar\/wp-json\/wp\/v2\/pages\/640707","targetHints":{"allow":["GET"]}}],"collection":[{"href":"https:\/\/www.jamesonwhiskey.com\/es-ar\/wp-json\/wp\/v2\/pages"}],"about":[{"href":"https:\/\/www.jamesonwhiskey.com\/es-ar\/wp-json\/wp\/v2\/types\/page"}],"author":[{"embeddable":true,"href":"https:\/\/www.jamesonwhiskey.com\/es-ar\/wp-json\/wp\/v2\/users\/29"}],"replies":[{"embeddable":true,"href":"https:\/\/www.jamesonwhiskey.com\/es-ar\/wp-json\/wp\/v2\/comments?post=640707"}],"version-history":[{"count":0,"href":"https:\/\/www.jamesonwhiskey.com\/es-ar\/wp-json\/wp\/v2\/pages\/640707\/revisions"}],"wp:attachment":[{"href":"https:\/\/www.jamesonwhiskey.com\/es-ar\/wp-json\/wp\/v2\/media?parent=640707"}],"wp:term":[{"taxonomy":"category","embeddable":true,"href":"https:\/\/www.jamesonwhiskey.com\/es-ar\/wp-json\/wp\/v2\/categories?post=640707"},{"taxonomy":"post_tag","embeddable":true,"href":"https:\/\/www.jamesonwhiskey.com\/es-ar\/wp-json\/wp\/v2\/tags?post=640707"},{"taxonomy":"our-world-category","embeddable":true,"href":"https:\/\/www.jamesonwhiskey.com\/es-ar\/wp-json\/wp\/v2\/our-world-category?post=640707"}],"curies":[{"name":"wp","href":"https:\/\/api.w.org\/{rel}","templated":true}]}}