{"id":3177680,"date":"2025-09-04T15:54:14","date_gmt":"2025-09-04T15:54:14","guid":{"rendered":"https:\/\/www.jamesonwhiskey.com\/?page_id=3177680"},"modified":"2025-09-19T12:17:23","modified_gmt":"2025-09-19T12:17:23","slug":"la-anti-reventa-de-jameson","status":"publish","type":"page","link":"https:\/\/www.jamesonwhiskey.com\/es-es\/la-anti-reventa-de-jameson\/","title":{"rendered":"La Anti-reventa de Jameson"},"content":{"rendered":"\n<section class=\"wp-block-idl-blocks-idl-hero-fullscreen-v2 hero-fullscreen-v2 template-templateV1\">\n<figure class=\"wp-block-idl-blocks-idl-background-image block-bg-image \">\n    <div class=\"pr-block-bg-image__container\">\n        <picture>\n                            <source media=\"(max-width: 600px)\" srcset=\"https:\/\/ik.imagekit.io\/cvygf2xse\/jamesonwhiskey\/wp-content\/uploads\/2025\/09\/6183284_NINONA_LANDING_V2_03_7730823-1.jpg?tr=q-80,w-720\">\n            \n                            <source media=\"(max-width: 1200px)\" srcset=\"https:\/\/ik.imagekit.io\/cvygf2xse\/jamesonwhiskey\/wp-content\/uploads\/2025\/09\/6183284_NINONA_LANDING_V2_01_7725990.jpg?tr=q-80,w-1920\">\n            \n            <img fetchpriority=\"high\" decoding=\"async\"\n                src=\"https:\/\/ik.imagekit.io\/cvygf2xse\/jamesonwhiskey\/wp-content\/uploads\/2025\/09\/6183284_NINONA_LANDING_V2_01_7725990.jpg?tr=q-80,w-1920\"\n                                sizes=\"(max-width: 600px) 500px, (max-width: 1200px) 750px, 1000px\"\n                alt=\"\"\n                width=\"1920\"\n                height=\"810\"\n                loading=\"eager\"\n            >\n        <\/picture>\n    <\/div>\n<\/figure>\n<\/section>\n\n\n\n<figure class=\"wp-block-idl-blocks-idl-background-image block-bg-image \">\n    <div class=\"pr-block-bg-image__container\">\n        <picture>\n                            <source media=\"(max-width: 600px)\" srcset=\"https:\/\/ik.imagekit.io\/cvygf2xse\/jamesonwhiskey\/wp-content\/uploads\/2025\/09\/6183284_NINONA_LANDING_V2_04_7730824-1.jpg?tr=q-80,w-720\">\n            \n                            <source media=\"(max-width: 1200px)\" srcset=\"https:\/\/ik.imagekit.io\/cvygf2xse\/jamesonwhiskey\/wp-content\/uploads\/2025\/09\/6183284_NINONA_LANDING_V2_02_7725991-1.jpg?tr=q-80,w-1920\">\n            \n            <img decoding=\"async\"\n                src=\"https:\/\/ik.imagekit.io\/cvygf2xse\/jamesonwhiskey\/wp-content\/uploads\/2025\/09\/6183284_NINONA_LANDING_V2_02_7725991-1.jpg?tr=q-80,w-1920\"\n                                sizes=\"(max-width: 600px) 500px, (max-width: 1200px) 750px, 1000px\"\n                alt=\"\"\n                width=\"1920\"\n                height=\"810\"\n                loading=\"lazy\"\n            >\n        <\/picture>\n    <\/div>\n<\/figure>\n\n\n\n\n\n<p class=\"has-text-align-center has-white-color has-text-color has-background has-link-color wp-elements-0c681187d3c29ddb310e1d36044bad18\" style=\"background-color:#187b37\"><strong>Disfruta de un consumo responsable. 40\u00ba. <\/strong> <strong>Promoci\u00f3n v\u00e1lida para mayores de edad. Per\u00edodo de participaci\u00f3n desde el 22\/09\/2025 hasta el 30\/11\/2025<\/strong><\/p>\n\n\n\n<p><\/p>\n","protected":false},"excerpt":{"rendered":"<p>Disfruta de un consumo responsable. 40\u00ba. Promoci\u00f3n v\u00e1lida para mayores de edad. Per\u00edodo de participaci\u00f3n desde el 22\/09\/2025 hasta el 30\/11\/2025<\/p>\n","protected":false},"author":335,"featured_media":0,"parent":0,"menu_order":0,"comment_status":"closed","ping_status":"closed","template":"","meta":{"_acf_changed":false,"_seopress_robots_primary_cat":"","_seopress_titles_title":"La Anti-reventa de Jameson | Murcia Sonr\u00ede 2025","_seopress_titles_desc":"Tu ex no vuelve\u2026 pero tus entradas s\u00ed. S\u00famate a la Anti-reventa de Jameson y gana pases dobles para tu artista favorito en Murcia Sonr\u00ede.","_seopress_robots_index":"","inline_featured_image":false,"footnotes":""},"categories":[],"tags":[],"our-world-category":[],"class_list":["post-3177680","page","type-page","status-publish","hentry"],"acf":[],"_links":{"self":[{"href":"https:\/\/www.jamesonwhiskey.com\/es-es\/wp-json\/wp\/v2\/pages\/3177680","targetHints":{"allow":["GET"]}}],"collection":[{"href":"https:\/\/www.jamesonwhiskey.com\/es-es\/wp-json\/wp\/v2\/pages"}],"about":[{"href":"https:\/\/www.jamesonwhiskey.com\/es-es\/wp-json\/wp\/v2\/types\/page"}],"author":[{"embeddable":true,"href":"https:\/\/www.jamesonwhiskey.com\/es-es\/wp-json\/wp\/v2\/users\/335"}],"replies":[{"embeddable":true,"href":"https:\/\/www.jamesonwhiskey.com\/es-es\/wp-json\/wp\/v2\/comments?post=3177680"}],"version-history":[{"count":3,"href":"https:\/\/www.jamesonwhiskey.com\/es-es\/wp-json\/wp\/v2\/pages\/3177680\/revisions"}],"predecessor-version":[{"id":3187733,"href":"https:\/\/www.jamesonwhiskey.com\/es-es\/wp-json\/wp\/v2\/pages\/3177680\/revisions\/3187733"}],"wp:attachment":[{"href":"https:\/\/www.jamesonwhiskey.com\/es-es\/wp-json\/wp\/v2\/media?parent=3177680"}],"wp:term":[{"taxonomy":"category","embeddable":true,"href":"https:\/\/www.jamesonwhiskey.com\/es-es\/wp-json\/wp\/v2\/categories?post=3177680"},{"taxonomy":"post_tag","embeddable":true,"href":"https:\/\/www.jamesonwhiskey.com\/es-es\/wp-json\/wp\/v2\/tags?post=3177680"},{"taxonomy":"our-world-category","embeddable":true,"href":"https:\/\/www.jamesonwhiskey.com\/es-es\/wp-json\/wp\/v2\/our-world-category?post=3177680"}],"curies":[{"name":"wp","href":"https:\/\/api.w.org\/{rel}","templated":true}]}}