{"id":491211,"date":"2023-04-11T18:32:43","date_gmt":"2023-04-11T18:32:43","guid":{"rendered":"https:\/\/live-jameson.pantheonsite.io\/nutritional-information\/"},"modified":"2025-01-17T12:00:51","modified_gmt":"2025-01-17T12:00:51","slug":"nutritional-information","status":"publish","type":"page","link":"https:\/\/www.jamesonwhiskey.com\/es-es\/nutritional-information\/","title":{"rendered":"Informaci\u00f3n nutricional"},"content":{"rendered":"\n<section id=\"block_75aa621083b2ac5afb7f1e740307d98c\" class=\"hero hero-no-image hero-no-image__no-breadcrumb-spacer lazy\" data-assetkey=\"hero-no-image\">\n  <div class=\"hero-no-image__container hero-no-image__container-fullwidth\">\n    <div class=\"hero-no-image__container-content\">\n      \n      <h1 class=\"h1\">Informaci\u00f3n nutricional de Jameson<\/h1>\n    <\/div>\n  <\/div>\n<\/section>\n\n\n\n<section id=\"block_120d63ba3ca512e17977a189900ec88d\"\n         class=\"content-one-column content-one-column--bg-light full-width lazy\n        \n        \n        \" data-assetkey=\"content-one-column\">\n    <div class=\"content-one-column__content\">\n        \n                <div class=\"content-one-column__heading\">\n                            <h2 class=\"h1\"><\/h2>\n                    <\/div>\n\n        \n                                                            <div class=\"content-one-column__text wysiwyg align_center_on_desktop\">\n                    <p>Para obtener m\u00e1s informaci\u00f3n, consulte\u00a0<a href=\"http:\/\/www.wise-drinking.com\/\" target=\"_blank\" rel=\"noopener\">www.wise-drinking.com<\/a><\/p>\n\n                <\/div>\n                        <\/div>\n\n    <\/section>\n\n\n\n<div class=\"wp-block-idl-blocks-idl-section\"><section class=\"idl-section\" style=\"padding:20px 5px\"><div class=\"idl-section-inner\" style=\"max-width:1200px\">\n<div class=\"wp-block-idl-blocks-idl-title idl-block-title\"><H2 class=\"block-title\">JAMESON ORIGINAL<\/H2><\/div>\n\n\n\n<p>Haga clic <a href=\"https:\/\/e-label.pernod-ricard.com\/L002YV\" target=\"_blank\" rel=\"noopener\">aqu\u00ed<\/a> para ver informaci\u00f3n sobre el producto.<\/p>\n\n\n\n<figure class=\"wp-block-image size-full is-resized\"><img loading=\"lazy\" decoding=\"async\" width=\"200\" height=\"200\" src=\"https:\/\/www.jamesonwhiskey.com\/wp-content\/uploads\/2024\/08\/pregnancy-logo.jpeg\" alt=\"\" class=\"wp-image-2833040\" style=\"width:91px;height:auto\" srcset=\"https:\/\/www.jamesonwhiskey.com\/wp-content\/uploads\/2024\/08\/pregnancy-logo.jpeg 200w, https:\/\/www.jamesonwhiskey.com\/wp-content\/uploads\/2024\/08\/pregnancy-logo-150x150.jpeg 150w, https:\/\/www.jamesonwhiskey.com\/wp-content\/uploads\/2024\/08\/pregnancy-logo-100x100.jpeg 100w, https:\/\/www.jamesonwhiskey.com\/wp-content\/uploads\/2024\/08\/pregnancy-logo-195x195.jpeg 195w\" sizes=\"(max-width: 200px) 100vw, 200px\" \/><\/figure>\n<\/div><\/section><\/div>\n\n\n\n<div class=\"wp-block-idl-blocks-idl-section\"><section class=\"idl-section\" style=\"padding:20px 5px\"><div class=\"idl-section-inner\" style=\"max-width:1200px\">\n<div class=\"wp-block-idl-blocks-idl-title idl-block-title\"><H2 class=\"block-title\">JAMESON BLACK BARREL<\/H2><\/div>\n\n\n\n<p>Haga clic <a href=\"https:\/\/e-label.pernod-ricard.com\/L003C2\" target=\"_blank\" rel=\"noreferrer noopener\">aqu\u00ed<\/a> para ver informaci\u00f3n sobre el producto.<\/p>\n\n\n\n<figure class=\"wp-block-image size-full is-resized\"><img loading=\"lazy\" decoding=\"async\" width=\"200\" height=\"200\" src=\"https:\/\/www.jamesonwhiskey.com\/wp-content\/uploads\/2024\/08\/pregnancy-logo.jpeg\" alt=\"\" class=\"wp-image-2833040\" style=\"width:91px;height:auto\" srcset=\"https:\/\/www.jamesonwhiskey.com\/wp-content\/uploads\/2024\/08\/pregnancy-logo.jpeg 200w, https:\/\/www.jamesonwhiskey.com\/wp-content\/uploads\/2024\/08\/pregnancy-logo-150x150.jpeg 150w, https:\/\/www.jamesonwhiskey.com\/wp-content\/uploads\/2024\/08\/pregnancy-logo-100x100.jpeg 100w, https:\/\/www.jamesonwhiskey.com\/wp-content\/uploads\/2024\/08\/pregnancy-logo-195x195.jpeg 195w\" sizes=\"(max-width: 200px) 100vw, 200px\" \/><\/figure>\n<\/div><\/section><\/div>\n\n\n\n<div class=\"wp-block-idl-blocks-idl-section\"><section class=\"idl-section\" style=\"padding:20px 5px\"><div class=\"idl-section-inner\" style=\"max-width:1200px\">\n<div class=\"wp-block-idl-blocks-idl-title idl-block-title\"><H2 class=\"block-title\">JAMESON CASKMATES IPA EDITION<\/H2><\/div>\n\n\n\n<p>Haga clic <a href=\"https:\/\/e-label.pernod-ricard.com\/L01953\" target=\"_blank\" rel=\"noreferrer noopener\">aqu\u00ed<\/a> para ver informaci\u00f3n sobre el producto.<\/p>\n\n\n\n<figure class=\"wp-block-image size-full is-resized\"><img loading=\"lazy\" decoding=\"async\" width=\"200\" height=\"200\" src=\"https:\/\/www.jamesonwhiskey.com\/wp-content\/uploads\/2024\/08\/pregnancy-logo.jpeg\" alt=\"\" class=\"wp-image-2833040\" style=\"width:91px;height:auto\" srcset=\"https:\/\/www.jamesonwhiskey.com\/wp-content\/uploads\/2024\/08\/pregnancy-logo.jpeg 200w, https:\/\/www.jamesonwhiskey.com\/wp-content\/uploads\/2024\/08\/pregnancy-logo-150x150.jpeg 150w, https:\/\/www.jamesonwhiskey.com\/wp-content\/uploads\/2024\/08\/pregnancy-logo-100x100.jpeg 100w, https:\/\/www.jamesonwhiskey.com\/wp-content\/uploads\/2024\/08\/pregnancy-logo-195x195.jpeg 195w\" sizes=\"(max-width: 200px) 100vw, 200px\" \/><\/figure>\n<\/div><\/section><\/div>\n\n\n\n<div class=\"wp-block-idl-blocks-idl-section\"><section class=\"idl-section\" style=\"padding:20px 5px\"><div class=\"idl-section-inner\" style=\"max-width:1200px\">\n<div class=\"wp-block-idl-blocks-idl-title idl-block-title\"><H2 class=\"block-title\">JAMESON CASKMATES STOUT EDITION<\/H2><\/div>\n\n\n\n<p>Haga clic <a href=\"https:\/\/e-label.pernod-ricard.com\/L02823\" target=\"_blank\" rel=\"noreferrer noopener\">aqu\u00ed<\/a> para ver informaci\u00f3n sobre el producto.<\/p>\n\n\n\n<figure class=\"wp-block-image size-full is-resized\"><img loading=\"lazy\" decoding=\"async\" width=\"200\" height=\"200\" src=\"https:\/\/www.jamesonwhiskey.com\/wp-content\/uploads\/2024\/08\/pregnancy-logo.jpeg\" alt=\"\" class=\"wp-image-2833040\" style=\"width:91px;height:auto\" srcset=\"https:\/\/www.jamesonwhiskey.com\/wp-content\/uploads\/2024\/08\/pregnancy-logo.jpeg 200w, https:\/\/www.jamesonwhiskey.com\/wp-content\/uploads\/2024\/08\/pregnancy-logo-150x150.jpeg 150w, https:\/\/www.jamesonwhiskey.com\/wp-content\/uploads\/2024\/08\/pregnancy-logo-100x100.jpeg 100w, https:\/\/www.jamesonwhiskey.com\/wp-content\/uploads\/2024\/08\/pregnancy-logo-195x195.jpeg 195w\" sizes=\"(max-width: 200px) 100vw, 200px\" \/><\/figure>\n<\/div><\/section><\/div>\n\n\n\n<div class=\"wp-block-idl-blocks-idl-section\"><section class=\"idl-section\" style=\"padding:20px 5px\"><div class=\"idl-section-inner\" style=\"max-width:1200px\">\n<div class=\"wp-block-idl-blocks-idl-title idl-block-title\"><H2 class=\"block-title\">JAMESON TRIPLE TRIPLE<\/H2><\/div>\n\n\n\n<p>Haga clic <a href=\"https:\/\/e-label.pernod-ricard.com\/L01911\" target=\"_blank\" rel=\"noreferrer noopener\">aqu\u00ed<\/a> para ver informaci\u00f3n sobre el producto.<\/p>\n\n\n\n<figure class=\"wp-block-image size-full is-resized\"><img loading=\"lazy\" decoding=\"async\" width=\"200\" height=\"200\" src=\"https:\/\/www.jamesonwhiskey.com\/wp-content\/uploads\/2024\/08\/pregnancy-logo.jpeg\" alt=\"\" class=\"wp-image-2833040\" style=\"width:91px;height:auto\" srcset=\"https:\/\/www.jamesonwhiskey.com\/wp-content\/uploads\/2024\/08\/pregnancy-logo.jpeg 200w, https:\/\/www.jamesonwhiskey.com\/wp-content\/uploads\/2024\/08\/pregnancy-logo-150x150.jpeg 150w, https:\/\/www.jamesonwhiskey.com\/wp-content\/uploads\/2024\/08\/pregnancy-logo-100x100.jpeg 100w, https:\/\/www.jamesonwhiskey.com\/wp-content\/uploads\/2024\/08\/pregnancy-logo-195x195.jpeg 195w\" sizes=\"(max-width: 200px) 100vw, 200px\" \/><\/figure>\n<\/div><\/section><\/div>\n\n\n\n<div class=\"wp-block-idl-blocks-idl-section\"><section class=\"idl-section\" style=\"padding:20px 5px\"><div class=\"idl-section-inner\" style=\"max-width:1200px\">\n<div class=\"wp-block-idl-blocks-idl-title idl-block-title\"><H2 class=\"block-title\">JAMESON BOW ST 18<\/H2><\/div>\n\n\n\n<p>Haga clic <a href=\"https:\/\/e-label.pernod-ricard.com\/L01952\" target=\"_blank\" rel=\"noreferrer noopener\">aqu\u00ed<\/a> para ver informaci\u00f3n sobre el producto.<\/p>\n\n\n\n<figure class=\"wp-block-image size-full is-resized\"><img loading=\"lazy\" decoding=\"async\" width=\"200\" height=\"200\" src=\"https:\/\/www.jamesonwhiskey.com\/wp-content\/uploads\/2024\/08\/pregnancy-logo.jpeg\" alt=\"\" class=\"wp-image-2833040\" style=\"width:91px;height:auto\" srcset=\"https:\/\/www.jamesonwhiskey.com\/wp-content\/uploads\/2024\/08\/pregnancy-logo.jpeg 200w, https:\/\/www.jamesonwhiskey.com\/wp-content\/uploads\/2024\/08\/pregnancy-logo-150x150.jpeg 150w, https:\/\/www.jamesonwhiskey.com\/wp-content\/uploads\/2024\/08\/pregnancy-logo-100x100.jpeg 100w, https:\/\/www.jamesonwhiskey.com\/wp-content\/uploads\/2024\/08\/pregnancy-logo-195x195.jpeg 195w\" sizes=\"(max-width: 200px) 100vw, 200px\" \/><\/figure>\n<\/div><\/section><\/div>\n\n\n\n<div class=\"wp-block-idl-blocks-idl-section\"><section class=\"idl-section\" style=\"padding:20px 5px\"><div class=\"idl-section-inner\" style=\"max-width:1200px\">\n<div class=\"wp-block-idl-blocks-idl-title idl-block-title\"><H2 class=\"block-title\">JAMESON CRESTED<\/H2><\/div>\n\n\n\n<p>Haga clic <a href=\"https:\/\/e-label.pernod-ricard.com\/L01903\" target=\"_blank\" rel=\"noreferrer noopener\">aqu\u00ed<\/a> para ver informaci\u00f3n sobre el producto.<\/p>\n\n\n\n<figure class=\"wp-block-image size-full is-resized\"><img loading=\"lazy\" decoding=\"async\" width=\"200\" height=\"200\" src=\"https:\/\/www.jamesonwhiskey.com\/wp-content\/uploads\/2024\/08\/pregnancy-logo.jpeg\" alt=\"\" class=\"wp-image-2833040\" style=\"width:91px;height:auto\" srcset=\"https:\/\/www.jamesonwhiskey.com\/wp-content\/uploads\/2024\/08\/pregnancy-logo.jpeg 200w, https:\/\/www.jamesonwhiskey.com\/wp-content\/uploads\/2024\/08\/pregnancy-logo-150x150.jpeg 150w, https:\/\/www.jamesonwhiskey.com\/wp-content\/uploads\/2024\/08\/pregnancy-logo-100x100.jpeg 100w, https:\/\/www.jamesonwhiskey.com\/wp-content\/uploads\/2024\/08\/pregnancy-logo-195x195.jpeg 195w\" sizes=\"(max-width: 200px) 100vw, 200px\" \/><\/figure>\n<\/div><\/section><\/div>\n\n\n\n<div class=\"wp-block-idl-blocks-idl-section\"><section class=\"idl-section\" style=\"padding:20px 5px\"><div class=\"idl-section-inner\" style=\"max-width:1200px\">\n<div class=\"wp-block-idl-blocks-idl-title idl-block-title\"><H2 class=\"block-title\">LATA JAMESON RTD<\/H2><\/div>\n\n\n\n<p>Haga clic <a href=\"https:\/\/e-label.pernod-ricard.com\/L004L1\" target=\"_blank\" rel=\"noreferrer noopener\">aqu\u00ed<\/a> para ver informaci\u00f3n sobre el producto.<\/p>\n\n\n\n<figure class=\"wp-block-image size-full is-resized\"><img loading=\"lazy\" decoding=\"async\" width=\"200\" height=\"200\" src=\"https:\/\/www.jamesonwhiskey.com\/wp-content\/uploads\/2024\/08\/pregnancy-logo.jpeg\" alt=\"\" class=\"wp-image-2833040\" style=\"width:91px;height:auto\" srcset=\"https:\/\/www.jamesonwhiskey.com\/wp-content\/uploads\/2024\/08\/pregnancy-logo.jpeg 200w, https:\/\/www.jamesonwhiskey.com\/wp-content\/uploads\/2024\/08\/pregnancy-logo-150x150.jpeg 150w, https:\/\/www.jamesonwhiskey.com\/wp-content\/uploads\/2024\/08\/pregnancy-logo-100x100.jpeg 100w, https:\/\/www.jamesonwhiskey.com\/wp-content\/uploads\/2024\/08\/pregnancy-logo-195x195.jpeg 195w\" sizes=\"(max-width: 200px) 100vw, 200px\" \/><\/figure>\n<\/div><\/section><\/div>\n\n\n\n<div class=\"wp-block-idl-blocks-idl-section\"><section class=\"idl-section\" style=\"padding:20px 5px\"><div class=\"idl-section-inner\" style=\"max-width:1200px\">\n<div class=\"wp-block-idl-blocks-idl-title idl-block-title\"><H2 class=\"block-title\">JAMESON 18<\/H2><\/div>\n\n\n\n<p>Haga clic <a href=\"https:\/\/e-label.pernod-ricard.com\/L01892\" target=\"_blank\" rel=\"noreferrer noopener\">aqu\u00ed<\/a> para ver informaci\u00f3n sobre el producto.<\/p>\n\n\n\n<figure class=\"wp-block-image size-full is-resized\"><img loading=\"lazy\" decoding=\"async\" width=\"200\" height=\"200\" src=\"https:\/\/www.jamesonwhiskey.com\/wp-content\/uploads\/2024\/08\/pregnancy-logo.jpeg\" alt=\"\" class=\"wp-image-2833040\" style=\"width:91px;height:auto\" srcset=\"https:\/\/www.jamesonwhiskey.com\/wp-content\/uploads\/2024\/08\/pregnancy-logo.jpeg 200w, https:\/\/www.jamesonwhiskey.com\/wp-content\/uploads\/2024\/08\/pregnancy-logo-150x150.jpeg 150w, https:\/\/www.jamesonwhiskey.com\/wp-content\/uploads\/2024\/08\/pregnancy-logo-100x100.jpeg 100w, https:\/\/www.jamesonwhiskey.com\/wp-content\/uploads\/2024\/08\/pregnancy-logo-195x195.jpeg 195w\" sizes=\"(max-width: 200px) 100vw, 200px\" \/><\/figure>\n<\/div><\/section><\/div>\n\n\n\n<div class=\"wp-block-idl-blocks-idl-section\"><section class=\"idl-section\" style=\"padding:20px 5px\"><div class=\"idl-section-inner\" style=\"max-width:1200px\">\n<div class=\"wp-block-idl-blocks-idl-title idl-block-title\"><H2 class=\"block-title\">JAMESON BLENDERS DOG<\/H2><\/div>\n\n\n\n<p>Haga clic <a href=\"https:\/\/e-label.pernod-ricard.com\/L01897\" target=\"_blank\" rel=\"noreferrer noopener\">aqu\u00ed<\/a> para ver informaci\u00f3n sobre el producto.<\/p>\n\n\n\n<figure class=\"wp-block-image size-full is-resized\"><img loading=\"lazy\" decoding=\"async\" width=\"200\" height=\"200\" src=\"https:\/\/www.jamesonwhiskey.com\/wp-content\/uploads\/2024\/08\/pregnancy-logo.jpeg\" alt=\"\" class=\"wp-image-2833040\" style=\"width:91px;height:auto\" srcset=\"https:\/\/www.jamesonwhiskey.com\/wp-content\/uploads\/2024\/08\/pregnancy-logo.jpeg 200w, https:\/\/www.jamesonwhiskey.com\/wp-content\/uploads\/2024\/08\/pregnancy-logo-150x150.jpeg 150w, https:\/\/www.jamesonwhiskey.com\/wp-content\/uploads\/2024\/08\/pregnancy-logo-100x100.jpeg 100w, https:\/\/www.jamesonwhiskey.com\/wp-content\/uploads\/2024\/08\/pregnancy-logo-195x195.jpeg 195w\" sizes=\"(max-width: 200px) 100vw, 200px\" \/><\/figure>\n<\/div><\/section><\/div>\n\n\n\n<div class=\"wp-block-idl-blocks-idl-section\"><section class=\"idl-section\" style=\"padding:20px 5px\"><div class=\"idl-section-inner\" style=\"max-width:1200px\">\n<div class=\"wp-block-idl-blocks-idl-title idl-block-title\"><H2 class=\"block-title\">JAMESON DISTILLERS SAFE<\/H2><\/div>\n\n\n\n<p>Haga clic <a href=\"https:\/\/e-label.pernod-ricard.com\/L01904\" target=\"_blank\" rel=\"noreferrer noopener\">aqu\u00ed<\/a> para ver informaci\u00f3n sobre el producto.<\/p>\n\n\n\n<figure class=\"wp-block-image size-full is-resized\"><img loading=\"lazy\" decoding=\"async\" width=\"200\" height=\"200\" src=\"https:\/\/www.jamesonwhiskey.com\/wp-content\/uploads\/2024\/08\/pregnancy-logo.jpeg\" alt=\"\" class=\"wp-image-2833040\" style=\"width:91px;height:auto\" srcset=\"https:\/\/www.jamesonwhiskey.com\/wp-content\/uploads\/2024\/08\/pregnancy-logo.jpeg 200w, https:\/\/www.jamesonwhiskey.com\/wp-content\/uploads\/2024\/08\/pregnancy-logo-150x150.jpeg 150w, https:\/\/www.jamesonwhiskey.com\/wp-content\/uploads\/2024\/08\/pregnancy-logo-100x100.jpeg 100w, https:\/\/www.jamesonwhiskey.com\/wp-content\/uploads\/2024\/08\/pregnancy-logo-195x195.jpeg 195w\" sizes=\"(max-width: 200px) 100vw, 200px\" \/><\/figure>\n<\/div><\/section><\/div>\n","protected":false},"excerpt":{"rendered":"","protected":false},"author":29,"featured_media":0,"parent":0,"menu_order":18,"comment_status":"closed","ping_status":"closed","template":"","meta":{"_acf_changed":false,"_seopress_robots_primary_cat":"","_seopress_titles_title":"Informaci\u00f3n nutricional de Jameson | Jameson Irish Whiskey","_seopress_titles_desc":"\u00bfTienes curiosidad por saber cu\u00e1ntas calor\u00edas tiene el Jameson Irish Whiskey y cu\u00e1l es su informaci\u00f3n nutricional? Descubre la informaci\u00f3n nutricional aqu\u00ed.","_seopress_robots_index":"","inline_featured_image":false,"footnotes":""},"categories":[],"tags":[],"our-world-category":[],"class_list":["post-491211","page","type-page","status-publish","hentry"],"acf":[],"_links":{"self":[{"href":"https:\/\/www.jamesonwhiskey.com\/es-es\/wp-json\/wp\/v2\/pages\/491211","targetHints":{"allow":["GET"]}}],"collection":[{"href":"https:\/\/www.jamesonwhiskey.com\/es-es\/wp-json\/wp\/v2\/pages"}],"about":[{"href":"https:\/\/www.jamesonwhiskey.com\/es-es\/wp-json\/wp\/v2\/types\/page"}],"author":[{"embeddable":true,"href":"https:\/\/www.jamesonwhiskey.com\/es-es\/wp-json\/wp\/v2\/users\/29"}],"replies":[{"embeddable":true,"href":"https:\/\/www.jamesonwhiskey.com\/es-es\/wp-json\/wp\/v2\/comments?post=491211"}],"version-history":[{"count":0,"href":"https:\/\/www.jamesonwhiskey.com\/es-es\/wp-json\/wp\/v2\/pages\/491211\/revisions"}],"wp:attachment":[{"href":"https:\/\/www.jamesonwhiskey.com\/es-es\/wp-json\/wp\/v2\/media?parent=491211"}],"wp:term":[{"taxonomy":"category","embeddable":true,"href":"https:\/\/www.jamesonwhiskey.com\/es-es\/wp-json\/wp\/v2\/categories?post=491211"},{"taxonomy":"post_tag","embeddable":true,"href":"https:\/\/www.jamesonwhiskey.com\/es-es\/wp-json\/wp\/v2\/tags?post=491211"},{"taxonomy":"our-world-category","embeddable":true,"href":"https:\/\/www.jamesonwhiskey.com\/es-es\/wp-json\/wp\/v2\/our-world-category?post=491211"}],"curies":[{"name":"wp","href":"https:\/\/api.w.org\/{rel}","templated":true}]}}