{"id":525206,"date":"2021-08-31T16:32:54","date_gmt":"2021-08-31T16:32:54","guid":{"rendered":"https:\/\/live-jameson.pantheonsite.io\/faq\/"},"modified":"2023-06-22T11:16:16","modified_gmt":"2023-06-22T11:16:16","slug":"faq","status":"publish","type":"page","link":"https:\/\/www.jamesonwhiskey.com\/es-es\/faq\/","title":{"rendered":"Preguntas frecuentes"},"content":{"rendered":"\n<section id=\"block_ad0168a2b7478975576232d29f509722\" class=\"hero hero-no-image hero-no-image__no-breadcrumb-spacer lazy\" data-assetkey=\"hero-no-image\">\n  <div class=\"hero-no-image__container hero-no-image__container-fullwidth\">\n    <div class=\"hero-no-image__container-content\">\n        <div class=\"subheading \">\n    <div class=\"subheading__line\"><\/div>\n    <h2 class=\"h6\">Preguntas frecuentes<\/h2>\n  <\/div>\n\n      <h1 class=\"h1\">Sea cual sea la pregunta, probablemente no seas el primero en hacerla, as\u00ed que echa un vistazo a las preguntas m\u00e1s populares que se muestran a continuaci\u00f3n.<\/h1>\n    <\/div>\n  <\/div>\n<\/section>\n\n\n\n<section id=\"block_fbab390a3968f4109658cd10482fc849\" class=\"faq  lazy\" data-assetkey=\"faq\">\n  <div class=\"faq__heading\">\n    <h2 class=\"h1\">Visitas a la destiler\u00eda Jameson<\/h2>\n  <\/div>\n\n  <div class=\"faq__lines\">\n                          <details>\n          <summary class=\"h5\">\n            <span class=\"expandable-list-heading\">\u00bfC\u00f3mo puedo reservar mi visita a la destiler\u00eda de Jameson Bow St. en Dubl\u00edn?<\/span>\n            <span class=\"expandable-list-toggle\"><\/span>\n          <\/summary>\n          <section class=\"expandable-list-content\">\n            <p>Toda la informaci\u00f3n que necesitas para visitar el hogar original de Jameson en Dubl\u00edn, desde las horas de visita hasta las direcciones, est\u00e1 disponible en nuestro sitio web Destiler\u00eda Jameson Bow St.. \u00a1Estamos esperando conocerte!<\/p>\n\n          <\/section>\n        <\/details>\n                                <details>\n          <summary class=\"h5\">\n            <span class=\"expandable-list-heading\">\u00bfSe permiten ni\u00f1os en las experiencias de la destiler\u00eda Jameson Bow St.?<\/span>\n            <span class=\"expandable-list-toggle\"><\/span>\n          <\/summary>\n          <section class=\"expandable-list-content\">\n            <p>Cualquier persona menor de 18 a\u00f1os puede participar en nuestra experiencia Bow St. y aprender nuestra historia y nuestro proceso, pero en lo que respecta a nuestra Cata, tendr\u00e1 que aplazarse para un futuro. Desgraciadamente, no podemos permitir a ninguna persona menor de 18 a\u00f1os la asistencia a las experiencias de Whiskey Makers o Agitadores de Whiskey. Afortunadamente, la paciencia es una virtud, as\u00ed que seguro que volver\u00e1n al cabo de unos a\u00f1os.<\/p>\n\n          <\/section>\n        <\/details>\n                                <details>\n          <summary class=\"h5\">\n            <span class=\"expandable-list-heading\">\u00bfC\u00f3mo puedo reservar mi visita a la destiler\u00eda de Jameson Midleton, Co.? Cork?<\/span>\n            <span class=\"expandable-list-toggle\"><\/span>\n          <\/summary>\n          <section class=\"expandable-list-content\">\n            <p>Toda la informaci\u00f3n que necesitas para visitar nuestra destiler\u00eda Midleton de Jameson, desde el restaurante a los precios de visitas, est\u00e1 disponible en nuestro sitio web Destiler\u00eda Jameson Midleton. \u00a1Estamos deseando recibirte en nuestra casa!<\/p>\n\n          <\/section>\n        <\/details>\n                                <details>\n          <summary class=\"h5\">\n            <span class=\"expandable-list-heading\">\u00bfEs accesible en silla de ruedas la destiler\u00eda Jameson Midleton?<\/span>\n            <span class=\"expandable-list-toggle\"><\/span>\n          <\/summary>\n          <section class=\"expandable-list-content\">\n            <p>Todas nuestras experiencias est\u00e1n abiertas a los visitantes con movilidad reducida, pero el acceso en silla de ruedas est\u00e1 limitado en algunas partes de las visitas Entre bastidores y Experiencia en la Academia, ya que estas incluyen la visita a las partes operativas de nuestra destiler\u00eda.<\/p>\n\n          <\/section>\n        <\/details>\n                                <details>\n          <summary class=\"h5\">\n            <span class=\"expandable-list-heading\">\u00bfPuedo cambiar las fechas o la hora de mi visita a Jameson?<\/span>\n            <span class=\"expandable-list-toggle\"><\/span>\n          <\/summary>\n          <section class=\"expandable-list-content\">\n            <p>Si quieres cambiar la hora o la fecha de tu visita a Jameson, puedes ponerte en contacto con nuestro equipo de la destiler\u00eda Jameson Bow St. en Dubl\u00edn enviando un correo electr\u00f3nico a\u00a0<a href=\"mailto:bowst@jamesonwhiskey.com?subject=Enquiry%20for%20Jameson%20Distillery%20BowSt%20Team\">bowst@jamesonwhiskey.com<\/a>\u00a0o con nuestro equipo en la destiler\u00eda de Jameson Midleton en Co.Cork enviando un correo electr\u00f3nico a\u00a0<a href=\"mailto:midleton@jamesonwhiskey.com?subject=Enquiry%20for%20Jameson%20Distillery%20Midleton%20Team\">midleton@jamesonwhiskey.com<\/a><\/p>\n\n          <\/section>\n        <\/details>\n                                <details>\n          <summary class=\"h5\">\n            <span class=\"expandable-list-heading\">\u00bfHay tarifa con descuento para grupos grandes?<\/span>\n            <span class=\"expandable-list-toggle\"><\/span>\n          <\/summary>\n          <section class=\"expandable-list-content\">\n            <p>Tenemos una tarifa con descuento de 18 \u20ac por adulto para grupos de m\u00e1s de 15 adultos. Tambi\u00e9n disponemos de una tarifa familiar (dos adultos y hasta cuatro ni\u00f1os menores de 18 a\u00f1os) por 55 \u20ac.<\/p>\n\n          <\/section>\n        <\/details>\n                                <details>\n          <summary class=\"h5\">\n            <span class=\"expandable-list-heading\">\u00bfQu\u00e9 ingredientes se utilizan para hacer el Jameson Irish Whiskey?<\/span>\n            <span class=\"expandable-list-toggle\"><\/span>\n          <\/summary>\n          <section class=\"expandable-list-content\">\n            <p>John Jameson estableci\u00f3 la forma de fabricar whiskey en 1780 y hemos estado siguiendo esa t\u00e9cnica con orgullo desde entonces. Puede que no sea la forma m\u00e1s f\u00e1cil, pero nuestra insistencia en utilizar los mejores ingredientes (cebada malteada y sin maltear), la triple destilaci\u00f3n y el envejecimiento de nuestro whiskey en barricas de roble con especias es el secreto que se esconde tras nuestra suavidad caracter\u00edstica.<\/p>\n\n          <\/section>\n        <\/details>\n            <\/div>\n<\/section>\n\n\n\n<section id=\"block_e319f24953f11576b3bf4e4a5743868c\" class=\"faq  lazy\" data-assetkey=\"faq\">\n  <div class=\"faq__heading\">\n    <h2 class=\"h1\">Preguntas acerca de la botella y la marca<\/h2>\n  <\/div>\n\n  <div class=\"faq__lines\">\n                          <details>\n          <summary class=\"h5\">\n            <span class=\"expandable-list-heading\">\u00bfPuedo conseguir una botella personalizada?<\/span>\n            <span class=\"expandable-list-toggle\"><\/span>\n          <\/summary>\n          <section class=\"expandable-list-content\">\n            <p>Las botellas personalizadas de Jameson solo se pueden comprar en nuestras sedes de la marca: la destiler\u00eda Jameson Bow St., en Dubl\u00edn y la destiler\u00eda Jameson Midleton, en Cork o a trav\u00e9s de nuestra\u00a0<a title=\"tienda en l\u00ednea de \" href=\"https:\/\/shop.jamesonwhiskey.com\/collections\/whiskeys\/products\/jameson-distillery-reserve-personalised\">botellas personalizadas de Jameson<\/a>.<\/p>\n\n          <\/section>\n        <\/details>\n                                <details>\n          <summary class=\"h5\">\n            <span class=\"expandable-list-heading\">He descubierto una vieja botella de Jameson y me pregunto si podr\u00edais proporcionarme toda la informaci\u00f3n posible sobre ella.<\/span>\n            <span class=\"expandable-list-toggle\"><\/span>\n          <\/summary>\n          <section class=\"expandable-list-content\">\n            <p>Puedes obtener informaci\u00f3n acerca de la impresionante historia de Jameson Whiskey en nuestras sedes de la marca en Dubl\u00edn y Midleton.<\/p>\n\n          <\/section>\n        <\/details>\n            <\/div>\n<\/section>\n\n\n<section id=\"block_eefbbf5913ea15a2cd56f09d92c79180\" class=\"contact-form  full-width  lazy\" data-assetkey=\"contact-form\">\n    <div class=\"contact-form__wrapper\">\n        <div class=\"contact-form__area1\">\n                                    <div class=\"contact-form__headings\">\n                <h1 class=\"h1\">\u00bfNo encontraste lo que buscabas? No dudes en ponerte en contacto con nosotros.<\/h1>\n            <\/div>\n                    <\/div>\n\n        <div class=\"contact-form__area2\">\n                        <div class=\"contact-form__text wysiwyg\">\n                <p>Si deseas ponerte en contacto con nosotros acerca de la destiler\u00eda de Jameson Bow St., en Dubl\u00edn, env\u00edanos un correo electr\u00f3nico a\u00a0<a href=\"mailto:bowst@jamesonwhiskey.com?subject=Enquiry%20for%20Jameson%20Distillery%20BowSt%20Team\">bowst@jamesonwhiskey.com<\/a>.<\/p>\n<p>Si deseas ponerte en contacto con nosotros acerca de la destiler\u00eda de Jameson Midleton, Co.Cork, env\u00edanos un correo electr\u00f3nico a\u00a0<a href=\"mailto:midleton@jamesonwhiskey.com?subject=Enquiry%20for%20Jameson%20Distillery%20Midleton%20Team\">midleton@jamesonwhiskey.com<\/a>.<\/p>\n<p>Para cualquier otra pregunta, env\u00edanos un correo electr\u00f3nico a\u00a0<a href=\"mailto:info@jamesonwhiskey.com?subject=Enquiry%20for%20Jameson%20Whiskey%20Team\">info@jamesonwhiskey.com<\/a>.<\/p>\n\n            <\/div>\n                        <div class=\"contact-form__form\">\n            \n<div class=\"wpcf7 no-js\" id=\"wpcf7-f138339-o1\" lang=\"en-EN\" dir=\"ltr\">\n<div class=\"screen-reader-response\"><p role=\"status\" aria-live=\"polite\" aria-atomic=\"true\"><\/p> <ul><\/ul><\/div>\n<form action=\"\/es-es\/wp-json\/wp\/v2\/pages\/525206#wpcf7-f138339-o1\" method=\"post\" class=\"wpcf7-form init\" aria-label=\"Contact form\" novalidate=\"novalidate\" data-status=\"init\">\n<div style=\"display: none;\">\n<input type=\"hidden\" name=\"_wpcf7\" value=\"138339\" \/>\n<input type=\"hidden\" name=\"_wpcf7_version\" value=\"5.9.8\" \/>\n<input type=\"hidden\" name=\"_wpcf7_locale\" value=\"en_EN\" \/>\n<input type=\"hidden\" name=\"_wpcf7_unit_tag\" value=\"wpcf7-f138339-o1\" \/>\n<input type=\"hidden\" name=\"_wpcf7_container_post\" value=\"0\" \/>\n<input type=\"hidden\" name=\"_wpcf7_posted_data_hash\" value=\"\" \/>\n<\/div>\n<div class=\"form__select\">\n\t<p><label for=\"topic\" style=\"position:absolute; width:1px; height:1px; padding:0; margin:-1px; \n                overflow:hidden; clip:rect(0,0,0,0); white-space:nowrap; border:0;\">Topic *<\/label>\n<select class=\"wpcf7-form-control wpcf7-select wpcf7-validates-as-required\" id=\"topic\" aria-required=\"true\" aria-invalid=\"false\" name=\"topic\"><option value=\"\">Topic<\/option><option value=\"Information on our Jameson Bow Street Distillery\">Information on our Jameson Bow Street Distillery<\/option><option value=\"Information on our Jameson Midleton Distillery\">Information on our Jameson Midleton Distillery<\/option><option value=\"Queries related to our online shop\">Queries related to our online shop<\/option><\/select>\n\t<\/p>\n<\/div>\n<div class=\"form_row\">\n\t<div class=\"form_col\">\n\t\t<div class=\"form__input\">\n\t\t\t<p><input size=\"40\" maxlength=\"400\" class=\"wpcf7-form-control wpcf7-text wpcf7-validates-as-required\" autocomplete=\"given-name\" aria-required=\"true\" aria-invalid=\"false\" placeholder=\"First name\" value=\"\" type=\"text\" name=\"first-name\" \/>\n\t\t\t<\/p>\n\t\t<\/div>\n\t<\/div>\n\t<div class=\"form_col\">\n\t\t<div class=\"form__input\">\n\t\t\t<p><input size=\"40\" maxlength=\"400\" class=\"wpcf7-form-control wpcf7-text wpcf7-validates-as-required\" autocomplete=\"family-name\" aria-required=\"true\" aria-invalid=\"false\" placeholder=\"Last name\" value=\"\" type=\"text\" name=\"last-name\" \/>\n\t\t\t<\/p>\n\t\t<\/div>\n\t<\/div>\n<\/div>\n<div class=\"form_row\">\n\t<div class=\"form_col\">\n\t\t<div class=\"form__input\">\n\t\t\t<p><input size=\"40\" maxlength=\"400\" class=\"wpcf7-form-control wpcf7-email wpcf7-validates-as-required wpcf7-text wpcf7-validates-as-email\" autocomplete=\"email\" aria-required=\"true\" aria-invalid=\"false\" placeholder=\"Email\" value=\"\" type=\"email\" name=\"email\" \/>\n\t\t\t<\/p>\n\t\t<\/div>\n\t<\/div>\n\t<div class=\"form_col\">\n\t\t<div class=\"form__select\">\n\t\t\t<p><label for=\"country\" style=\"position:absolute; width:1px; height:1px; padding:0; margin:-1px; \n                overflow:hidden; clip:rect(0,0,0,0); white-space:nowrap; border:0;\">Country *<\/label>\n<select class=\"wpcf7-form-control wpcf7-select wpcf7-validates-as-required\" id=\"country\" autocomplete=\"country-name\" aria-required=\"true\" aria-invalid=\"false\" name=\"country\"><option value=\"\">Country<\/option><option value=\"Afghanistan\">Afghanistan<\/option><option value=\"Albania\">Albania<\/option><option value=\"Algeria\">Algeria<\/option><option value=\"American Samoa\">American Samoa<\/option><option value=\"Andorra\">Andorra<\/option><option value=\"Angola\">Angola<\/option><option value=\"Anguilla\">Anguilla<\/option><option value=\"Antarctica\">Antarctica<\/option><option value=\"Antigua And Barbuda\">Antigua And Barbuda<\/option><option value=\"Argentina\">Argentina<\/option><option value=\"Armenia\">Armenia<\/option><option value=\"Aruba\">Aruba<\/option><option value=\"Australia\">Australia<\/option><option value=\"Austria\">Austria<\/option><option value=\"Azerbaijan\">Azerbaijan<\/option><option value=\"Bahamas\">Bahamas<\/option><option value=\"Bahrain\">Bahrain<\/option><option value=\"Bangladesh\">Bangladesh<\/option><option value=\"Barbados\">Barbados<\/option><option value=\"Belarus\">Belarus<\/option><option value=\"Belgium\">Belgium<\/option><option value=\"Belize\">Belize<\/option><option value=\"Benin\">Benin<\/option><option value=\"Bermuda\">Bermuda<\/option><option value=\"Bhutan\">Bhutan<\/option><option value=\"Bolivia\">Bolivia<\/option><option value=\"Bosnia And Herzegovina\">Bosnia And Herzegovina<\/option><option value=\"Botswana\">Botswana<\/option><option value=\"Brazil\">Brazil<\/option><option value=\"British Indian Ocean Territory\">British Indian Ocean Territory<\/option><option value=\"British Virgin Islands\">British Virgin Islands<\/option><option value=\"Brunei\">Brunei<\/option><option value=\"Bulgaria\">Bulgaria<\/option><option value=\"Burkina Faso\">Burkina Faso<\/option><option value=\"Burundi\">Burundi<\/option><option value=\"Cambodia\">Cambodia<\/option><option value=\"Cameroon\">Cameroon<\/option><option value=\"Canada\">Canada<\/option><option value=\"Cape Verde\">Cape Verde<\/option><option value=\"Cayman Islands\">Cayman Islands<\/option><option value=\"Central African Republic\">Central African Republic<\/option><option value=\"Chad\">Chad<\/option><option value=\"Chile\">Chile<\/option><option value=\"Chinese Mainland\">Chinese Mainland<\/option><option value=\"Christmas Island\">Christmas Island<\/option><option value=\"Cocos Islands\">Cocos Islands<\/option><option value=\"Colombia\">Colombia<\/option><option value=\"Comoros\">Comoros<\/option><option value=\"Cook Islands\">Cook Islands<\/option><option value=\"Costa Rica\">Costa Rica<\/option><option value=\"Croatia\">Croatia<\/option><option value=\"Cuba\">Cuba<\/option><option value=\"Curacao\">Curacao<\/option><option value=\"Cyprus\">Cyprus<\/option><option value=\"Czech Republic\">Czech Republic<\/option><option value=\"Democratic Republic Of The Congo\">Democratic Republic Of The Congo<\/option><option value=\"Denmark\">Denmark<\/option><option value=\"Djibouti\">Djibouti<\/option><option value=\"Dominica\">Dominica<\/option><option value=\"Dominican Republic\">Dominican Republic<\/option><option value=\"East Timor\">East Timor<\/option><option value=\"Ecuador\">Ecuador<\/option><option value=\"Egypt\">Egypt<\/option><option value=\"El Salvador\">El Salvador<\/option><option value=\"Equatorial Guinea\">Equatorial Guinea<\/option><option value=\"Eritrea\">Eritrea<\/option><option value=\"Estonia\">Estonia<\/option><option value=\"Ethiopia\">Ethiopia<\/option><option value=\"Falkland Islands\">Falkland Islands<\/option><option value=\"Faroe Islands\">Faroe Islands<\/option><option value=\"Fiji\">Fiji<\/option><option value=\"Finland\">Finland<\/option><option value=\"France\">France<\/option><option value=\"French Polynesia\">French Polynesia<\/option><option value=\"Gabon\">Gabon<\/option><option value=\"Gambia\">Gambia<\/option><option value=\"Georgia\">Georgia<\/option><option value=\"Germany\">Germany<\/option><option value=\"Ghana\">Ghana<\/option><option value=\"Gibraltar\">Gibraltar<\/option><option value=\"Greece\">Greece<\/option><option value=\"Greenland\">Greenland<\/option><option value=\"Grenada\">Grenada<\/option><option value=\"Guam\">Guam<\/option><option value=\"Guatemala\">Guatemala<\/option><option value=\"Guernsey\">Guernsey<\/option><option value=\"Guinea\">Guinea<\/option><option value=\"Guinea-bissau\">Guinea-bissau<\/option><option value=\"Guyana\">Guyana<\/option><option value=\"Haiti\">Haiti<\/option><option value=\"Honduras\">Honduras<\/option><option value=\"Hong Kong SAR\">Hong Kong SAR<\/option><option value=\"Hungary\">Hungary<\/option><option value=\"Iceland\">Iceland<\/option><option value=\"India\">India<\/option><option value=\"Indonesia\">Indonesia<\/option><option value=\"Iran\">Iran<\/option><option value=\"Iraq\">Iraq<\/option><option value=\"Ireland\">Ireland<\/option><option value=\"Isle Of ManIsrael\">Isle Of ManIsrael<\/option><option value=\"Italy\">Italy<\/option><option value=\"Ivory Coast\">Ivory Coast<\/option><option value=\"Jamaica\">Jamaica<\/option><option value=\"Japan\">Japan<\/option><option value=\"Jersey\">Jersey<\/option><option value=\"Jordan\">Jordan<\/option><option value=\"Kazakhstan\">Kazakhstan<\/option><option value=\"Kenya\">Kenya<\/option><option value=\"Kiribati\">Kiribati<\/option><option value=\"Kosovo\">Kosovo<\/option><option value=\"Kuwait\">Kuwait<\/option><option value=\"Kyrgyzstan\">Kyrgyzstan<\/option><option value=\"Laos\">Laos<\/option><option value=\"Latvia\">Latvia<\/option><option value=\"Lebanon\">Lebanon<\/option><option value=\"Lesotho\">Lesotho<\/option><option value=\"Liberia\">Liberia<\/option><option value=\"Libya\">Libya<\/option><option value=\"Liechtenstein\">Liechtenstein<\/option><option value=\"Lithuania\">Lithuania<\/option><option value=\"Luxembourg\">Luxembourg<\/option><option value=\"Macao SAR\">Macao SAR<\/option><option value=\"Macedonia\">Macedonia<\/option><option value=\"Madagascar\">Madagascar<\/option><option value=\"Malawi\">Malawi<\/option><option value=\"Malaysia\">Malaysia<\/option><option value=\"Maldives\">Maldives<\/option><option value=\"Mali\">Mali<\/option><option value=\"Malta\">Malta<\/option><option value=\"Marshall Islands\">Marshall Islands<\/option><option value=\"Mauritania\">Mauritania<\/option><option value=\"Mauritius\">Mauritius<\/option><option value=\"Mayotte\">Mayotte<\/option><option value=\"Mexico\">Mexico<\/option><option value=\"Micronesia\">Micronesia<\/option><option value=\"Moldova\">Moldova<\/option><option value=\"Monaco\">Monaco<\/option><option value=\"Mongolia\">Mongolia<\/option><option value=\"Montenegro\">Montenegro<\/option><option value=\"Montserrat\">Montserrat<\/option><option value=\"Morocco\">Morocco<\/option><option value=\"Mozambique\">Mozambique<\/option><option value=\"Myanmar\">Myanmar<\/option><option value=\"Namibia\">Namibia<\/option><option value=\"Nauru\">Nauru<\/option><option value=\"Nepal\">Nepal<\/option><option value=\"Netherlands\">Netherlands<\/option><option value=\"Netherlands Antilles\">Netherlands Antilles<\/option><option value=\"New Caledonia\">New Caledonia<\/option><option value=\"New Zealand\">New Zealand<\/option><option value=\"Nicaragua\">Nicaragua<\/option><option value=\"Niger\">Niger<\/option><option value=\"Nigeria\">Nigeria<\/option><option value=\"Niue\">Niue<\/option><option value=\"North Korea\">North Korea<\/option><option value=\"Northern Mariana Islands\">Northern Mariana Islands<\/option><option value=\"Norway\">Norway<\/option><option value=\"Oman\">Oman<\/option><option value=\"Pakistan\">Pakistan<\/option><option value=\"Palau\">Palau<\/option><option value=\"Palestine\">Palestine<\/option><option value=\"Panama\">Panama<\/option><option value=\"Papua New Guinea\">Papua New Guinea<\/option><option value=\"Paraguay\">Paraguay<\/option><option value=\"Peru\">Peru<\/option><option value=\"Philippines\">Philippines<\/option><option value=\"Pitcairn\">Pitcairn<\/option><option value=\"Poland\">Poland<\/option><option value=\"Portugal\">Portugal<\/option><option value=\"Puerto Rico\">Puerto Rico<\/option><option value=\"Qatar\">Qatar<\/option><option value=\"Republic Of The Congo\">Republic Of The Congo<\/option><option value=\"Reunion\">Reunion<\/option><option value=\"Romania\">Romania<\/option><option value=\"Russia\">Russia<\/option><option value=\"Rwanda\">Rwanda<\/option><option value=\"Saint Barthelemy\">Saint Barthelemy<\/option><option value=\"Saint Helena\">Saint Helena<\/option><option value=\"Saint Kitts And Nevis\">Saint Kitts And Nevis<\/option><option value=\"Saint Lucia\">Saint Lucia<\/option><option value=\"Saint Martin\">Saint Martin<\/option><option value=\"Saint Pierre And Miquelon\">Saint Pierre And Miquelon<\/option><option value=\"Saint Vincent And The Grenadines\">Saint Vincent And The Grenadines<\/option><option value=\"Samoa\">Samoa<\/option><option value=\"San Marino\">San Marino<\/option><option value=\"Sao Tome And Principe\">Sao Tome And Principe<\/option><option value=\"Saudi Arabia\">Saudi Arabia<\/option><option value=\"Senegal\">Senegal<\/option><option value=\"Serbia\">Serbia<\/option><option value=\"Seychelles\">Seychelles<\/option><option value=\"Sierra Leone\">Sierra Leone<\/option><option value=\"Singapore\">Singapore<\/option><option value=\"Sint Maarten\">Sint Maarten<\/option><option value=\"Slovakia\">Slovakia<\/option><option value=\"Slovenia\">Slovenia<\/option><option value=\"Solomon Islands\">Solomon Islands<\/option><option value=\"Somalia\">Somalia<\/option><option value=\"South Africa\">South Africa<\/option><option value=\"South Korea\">South Korea<\/option><option value=\"South Sudan\">South Sudan<\/option><option value=\"Spain\">Spain<\/option><option value=\"Sri Lanka\">Sri Lanka<\/option><option value=\"Sudan\">Sudan<\/option><option value=\"Suriname\">Suriname<\/option><option value=\"Svalbard And Jan Mayen\">Svalbard And Jan Mayen<\/option><option value=\"Swaziland\">Swaziland<\/option><option value=\"Sweden\">Sweden<\/option><option value=\"Switzerland\">Switzerland<\/option><option value=\"Syria\">Syria<\/option><option value=\"Taiwan Region\">Taiwan Region<\/option><option value=\"Tajikistan\">Tajikistan<\/option><option value=\"Tanzania\">Tanzania<\/option><option value=\"Thailand\">Thailand<\/option><option value=\"Togo\">Togo<\/option><option value=\"Tokelau\">Tokelau<\/option><option value=\"Tonga\">Tonga<\/option><option value=\"Trinidad And Tobago\">Trinidad And Tobago<\/option><option value=\"Tunisia\">Tunisia<\/option><option value=\"Turkey\">Turkey<\/option><option value=\"Turkmenistan\">Turkmenistan<\/option><option value=\"Turks And Caicos Islands\">Turks And Caicos Islands<\/option><option value=\"Tuvalu\">Tuvalu<\/option><option value=\"U.s. Virgin Islands\">U.s. Virgin Islands<\/option><option value=\"Uganda\">Uganda<\/option><option value=\"Ukraine\">Ukraine<\/option><option value=\"United Arab Emirates\">United Arab Emirates<\/option><option value=\"United Kingdom\">United Kingdom<\/option><option value=\"United States\">United States<\/option><option value=\"Uruguay\">Uruguay<\/option><option value=\"Uzbekistan\">Uzbekistan<\/option><option value=\"Vanuatu\">Vanuatu<\/option><option value=\"Vatican\">Vatican<\/option><option value=\"Venezuela\">Venezuela<\/option><option value=\"Vietnam\">Vietnam<\/option><option value=\"Wallis And Futuna\">Wallis And Futuna<\/option><option value=\"Western Sahara\">Western Sahara<\/option><option value=\"Yemen\">Yemen<\/option><option value=\"Zambia\">Zambia<\/option><option value=\"Zimbabwe\">Zimbabwe<\/option><\/select>\n\t\t\t<\/p>\n\t\t<\/div>\n\t<\/div>\n<\/div>\n<div class=\"form_row\">\n\t<div class=\"form_col\">\n\t\t<div class=\"form__input\">\n\t\t\t<p><input size=\"40\" maxlength=\"400\" class=\"wpcf7-form-control wpcf7-text wpcf7-validates-as-required\" autocomplete=\"off\" aria-required=\"true\" aria-invalid=\"false\" placeholder=\"Subject\" value=\"\" type=\"text\" name=\"subject\" \/>\n\t\t\t<\/p>\n\t\t<\/div>\n\t<\/div>\n<\/div>\n<div class=\"form__input\">\n\t<p><textarea cols=\"40\" rows=\"10\" maxlength=\"2000\" class=\"wpcf7-form-control wpcf7-textarea wpcf7-validates-as-required\" autocomplete=\"off\" aria-required=\"true\" aria-invalid=\"false\" placeholder=\"Your message...\" name=\"message\"><\/textarea>\n\t<\/p>\n<\/div>\n<div class=\"form__submit\">\n\t<p><button id=\"button-f40c149\" type=\"submit\" class=\"btn--tertiary\">Send<\/button>\n\t<\/p>\n<\/div>\n<p><script>\ndocument.addEventListener(\"DOMContentLoaded\", function() {\n var submitButton = document.getElementById(\"button-f40c149\");\n submitButton.addEventListener(\"click\", function() {\n dataLayer.push({ \n 'event': 'contact_form_submit'\n });\n });\n});\n<\/script>\n<\/p><div class=\"wpcf7-response-output\" aria-hidden=\"true\"><\/div>\n<\/form>\n<\/div>\n\n            <\/div>\n        <\/div>\n    <\/div>\n<\/section>\n","protected":false},"excerpt":{"rendered":"","protected":false},"author":3,"featured_media":0,"parent":0,"menu_order":8,"comment_status":"closed","ping_status":"closed","template":"","meta":{"_acf_changed":false,"_seopress_robots_primary_cat":"","_seopress_titles_title":"FAQ","_seopress_titles_desc":"FAQ for Jameson Whiskey","_seopress_robots_index":"","inline_featured_image":false,"footnotes":""},"categories":[],"tags":[],"our-world-category":[],"class_list":["post-525206","page","type-page","status-publish","hentry"],"acf":[],"_links":{"self":[{"href":"https:\/\/www.jamesonwhiskey.com\/es-es\/wp-json\/wp\/v2\/pages\/525206","targetHints":{"allow":["GET"]}}],"collection":[{"href":"https:\/\/www.jamesonwhiskey.com\/es-es\/wp-json\/wp\/v2\/pages"}],"about":[{"href":"https:\/\/www.jamesonwhiskey.com\/es-es\/wp-json\/wp\/v2\/types\/page"}],"author":[{"embeddable":true,"href":"https:\/\/www.jamesonwhiskey.com\/es-es\/wp-json\/wp\/v2\/users\/3"}],"replies":[{"embeddable":true,"href":"https:\/\/www.jamesonwhiskey.com\/es-es\/wp-json\/wp\/v2\/comments?post=525206"}],"version-history":[{"count":0,"href":"https:\/\/www.jamesonwhiskey.com\/es-es\/wp-json\/wp\/v2\/pages\/525206\/revisions"}],"wp:attachment":[{"href":"https:\/\/www.jamesonwhiskey.com\/es-es\/wp-json\/wp\/v2\/media?parent=525206"}],"wp:term":[{"taxonomy":"category","embeddable":true,"href":"https:\/\/www.jamesonwhiskey.com\/es-es\/wp-json\/wp\/v2\/categories?post=525206"},{"taxonomy":"post_tag","embeddable":true,"href":"https:\/\/www.jamesonwhiskey.com\/es-es\/wp-json\/wp\/v2\/tags?post=525206"},{"taxonomy":"our-world-category","embeddable":true,"href":"https:\/\/www.jamesonwhiskey.com\/es-es\/wp-json\/wp\/v2\/our-world-category?post=525206"}],"curies":[{"name":"wp","href":"https:\/\/api.w.org\/{rel}","templated":true}]}}