{"id":525209,"date":"2021-09-02T10:59:19","date_gmt":"2021-09-02T10:59:19","guid":{"rendered":"https:\/\/live-jameson.pantheonsite.io\/cookie-policy\/"},"modified":"2023-06-22T11:15:21","modified_gmt":"2023-06-22T11:15:21","slug":"cookie-policy","status":"publish","type":"page","link":"https:\/\/www.jamesonwhiskey.com\/es-es\/cookie-policy\/","title":{"rendered":"Directiva de cookies"},"content":{"rendered":"\n<section id=\"block_aa084bdfbb0ad092e08ffbb7c3c6ae82\" class=\"hero hero-no-image hero-no-image__no-breadcrumb-spacer lazy\" data-assetkey=\"hero-no-image\">\n  <div class=\"hero-no-image__container \">\n    <div class=\"hero-no-image__container-content\">\n        <div class=\"subheading \">\n    <div class=\"subheading__line\"><\/div>\n    <h2 class=\"h6\">Legal<\/h2>\n  <\/div>\n\n      <h1 class=\"h1\">Directiva de cookies<\/h1>\n    <\/div>\n  <\/div>\n<\/section>\n\n\n\n<section id=\"block_f9223b1b402c2963df9fedfc9678cc8f\"\n         class=\"content-one-column content-one-column--bg-light full-width lazy\n        \n        \n        \" data-assetkey=\"content-one-column\">\n    <div class=\"content-one-column__content\">\n        \n                <div class=\"content-one-column__heading\">\n                            <h2 class=\"h1\"><\/h2>\n                    <\/div>\n\n        \n                                                            <div class=\"content-one-column__text wysiwyg align_center_on_desktop\">\n                    <p>Irish Distillers Limited (&#8220;IDL&#8221;) utiliza &#8220;cookies&#8221; para ayudarnos a recordar datos de tus visitas a nuestro Sitio incluidos, sin limitaci\u00f3n, los datos t\u00e9cnicos de tu visita, como los datos de tr\u00e1fico, de ubicaci\u00f3n, tu direcci\u00f3n IP, la web desde la cual entraste a la nuestra y el tipo de navegador que utilizas. En consecuencia, nuestra Declaraci\u00f3n de Privacidad [insertar enlace] se aplicar\u00e1 a nuestra forma de tratar la informaci\u00f3n que obtenemos a trav\u00e9s de nuestras cookies.<\/p>\n<p>&nbsp;<\/p>\n<p>Una cookie es un archivo de datos peque\u00f1o que nuestro Sitio introduce en el dispositivo que utilices (por ejemplo, un tel\u00e9fono o un ordenador) y que se dedica a recoger informaci\u00f3n, incluida tu informaci\u00f3n personal. Por ejemplo, una cookie podr\u00eda permitir que nuestro Sitio reconociera tu navegador; otra podr\u00eda guardar tus preferencias y otra podr\u00eda permitirte navegar por el Sitio con m\u00e1s eficacia. Las cookies tambi\u00e9n pueden contribuir a que los anuncios que ves en Internet sean m\u00e1s adecuados para ti y m\u00e1s acordes con tus intereses.<\/p>\n\n                <\/div>\n                                                                <div class=\"content-one-column__text wysiwyg align_center_on_desktop\">\n                    <h2 class=\"doubleHeader\">Tipos de Cookies que se usan en el Sitio<\/h2>\n<p>&nbsp;<\/p>\n<p>IDL podr\u00eda colocar cookies en tu dispositivo a trav\u00e9s de nuestro Sitio. Nuestra\u00a0<a title=\"Declaraci\u00f3n de Privacidad de \" href=\"https:\/\/www.jamesonwhiskey.com\/privacy-policy\">Jameson Whiskey<\/a>\u00a0se aplicar\u00e1, como corresponda, al tratamiento de la informaci\u00f3n que obtengamos mediante nuestras cookies. Tambi\u00e9n podemos permitir que nuestros socios comerciales coloquen cookies en tus dispositivos.<\/p>\n<p>&nbsp;<\/p>\n<p>A continuaci\u00f3n se enumeran los distintos tipos de cookies que se utilizan en el Sitio.<\/p>\n\n                <\/div>\n                        <\/div>\n\n    <\/section>\n\n\n\n<section id=\"block_bfe3a703db16f4e1851d37e8c66f9d8e\" class=\"faq  lazy\" data-assetkey=\"faq\">\n  <div class=\"faq__heading\">\n    <h2 class=\"h1\"><\/h2>\n  <\/div>\n\n  <div class=\"faq__lines\">\n                          <details>\n          <summary class=\"h5\">\n            <span class=\"expandable-list-heading\">1. Cookies necesarias<\/span>\n            <span class=\"expandable-list-toggle\"><\/span>\n          <\/summary>\n          <section class=\"expandable-list-content\">\n            <p>Estas cookies son fundamentales para que puedas navegar por los Sitios y utilizar las funciones de estos, como, por ejemplo, acceder a zonas seguras del Sitio. Sin ellas, no podr\u00edamos proporcionarte los servicios que nos has solicitado, como la compra en l\u00ednea.<\/p>\n<p><strong>Nombres de cookies:<\/strong><\/p>\n<p>&nbsp;<\/p>\n<p>&#8220;<strong>ageset<\/strong>&#8221;<br \/>\nLa edad del usuario en d\u00edgitos (p. ej., \u201c38\u201d). Determinada por la fecha de nacimiento que has introducido en la casilla de edad o la proporcionada por el inicio de sesi\u00f3n de Facebook.<\/p>\n<p>&nbsp;<\/p>\n<p>&#8220;<strong>ageverified<\/strong>&#8221;<br \/>\nIndica si el usuario ha rellenado la casilla de edad. Los valores posibles son: &#8220;true&#8221; or &#8220;false&#8221;.<\/p>\n<p>&nbsp;<\/p>\n<p>&#8220;<strong>countrycode<\/strong>&#8221;<br \/>\nSe obtiene del pa\u00eds, en funci\u00f3n de la comprobaci\u00f3n de la IP (p. ej., &#8220;GB&#8221;).<\/p>\n<p>&nbsp;<\/p>\n<p>&#8220;<strong>dob<\/strong>&#8221;<br \/>\nSe cumplimenta con la informaci\u00f3n que haya introducido el usuario en la casilla de edad desplegable o con la informaci\u00f3n de la fecha de nacimiento de Facebook, a trav\u00e9s de la Graph API. Formato: p. ej. &#8220;YYY-MM-DD&#8221; (a\u00f1o-mes-d\u00eda).<\/p>\n<p>&nbsp;<\/p>\n<p>&#8220;<strong>selected_country<\/strong>&#8221;<br \/>\nEl pa\u00eds, en funci\u00f3n de la selecci\u00f3n de usuario en la casilla de edad (p. ej., &#8220;VN&#8221;).<\/p>\n\n          <\/section>\n        <\/details>\n                                <details>\n          <summary class=\"h5\">\n            <span class=\"expandable-list-heading\">2. Cookies funcionales<\/span>\n            <span class=\"expandable-list-toggle\"><\/span>\n          <\/summary>\n          <section class=\"expandable-list-content\">\n            <p>Estas cookies permiten que el Sitio recuerde las opciones que has elegido (como tu idioma preferido o tu regi\u00f3n) para ofrecerte opciones m\u00e1s personalizadas. Estas cookies tambi\u00e9n se pueden usar para supervisar y analizar el rendimiento, funcionamiento y eficacia del Sitio para poder mejorarlo y optimizarlo.<\/p>\n<p>&nbsp;<\/p>\n<p>Cuando tengamos tu consentimiento, podremos colocar una cookie en el Sitio para recordar tus preferencias, de modo que no tengas que introducir tus datos (pa\u00eds\/edad y preferencias de idioma) cada vez que accedas al portal y quieras entrar en el Sitio. Si compartes el ordenador con otra persona, no ser\u00eda adecuado aceptar esta cookie.<\/p>\n<p>&nbsp;<\/p>\n<p>Tambi\u00e9n podemos utilizar cookies de sesi\u00f3n, que son cookies temporales que te facilitan la navegaci\u00f3n por las p\u00e1ginas del Sitio y que recuerdan las preferencias seleccionadas durante tu sesi\u00f3n. Estas cookies caducan en cuanto cierras el navegador.<\/p>\n\n          <\/section>\n        <\/details>\n                                <details>\n          <summary class=\"h5\">\n            <span class=\"expandable-list-heading\">3. Cookies de rendimiento<\/span>\n            <span class=\"expandable-list-toggle\"><\/span>\n          <\/summary>\n          <section class=\"expandable-list-content\">\n            <p>Estas cookies recogen informaci\u00f3n sobre tu uso del Sitio, como las p\u00e1ginas del Sitio que sueles visitar con m\u00e1s frecuencia. La informaci\u00f3n que recogen estas cookies no te identifica. Toda la informaci\u00f3n que recogen estas cookies se combina y, por tanto, es an\u00f3nima.<\/p>\n<p>&nbsp;<\/p>\n<p>Utilizamos Google Analytics para supervisar y analizar el uso del Sitio. Google Analytics es un tipo de cookie de rendimiento que recoge informaci\u00f3n est\u00e1ndar de registro de Internet, as\u00ed como informaci\u00f3n de las visitas, de una forma an\u00f3nima. La informaci\u00f3n que recoge esta cookie se env\u00eda a Google, que posteriormente la utiliza para evaluar el uso que hacen los visitantes del Sitio y elaborar informes estad\u00edsticos sobre la actividad del mismo. Para elegir no estar sujeto\/a al seguimiento de Google Analytics en ninguna web, puedes visitar\u00a0<a href=\"http:\/\/tools.google.com\/dlpage\/gaoptout\" target=\"_blank\" rel=\"noopener\">http:\/\/tools.google.com\/dlpage\/gaoptout<\/a>.<\/p>\n\n          <\/section>\n        <\/details>\n                                <details>\n          <summary class=\"h5\">\n            <span class=\"expandable-list-heading\">C\u00f3mo gestionar y desactivar las cookies<\/span>\n            <span class=\"expandable-list-toggle\"><\/span>\n          <\/summary>\n          <section class=\"expandable-list-content\">\n            <p>Puedes elegir rechazar los ajustes de las cookies. Es posible que tu navegador te permita elegir c\u00f3mo se gestionan las cookies, d\u00e1ndote la opci\u00f3n de rechazarlas todas o pregunt\u00e1ndote si quieres aceptarlas una a una. Sin embargo, ten en cuenta que, si no aceptas las cookies, algunas partes del Sitio podr\u00edan no funcionar como es debido, o no funcionar en absoluto. Nuestro sistema env\u00eda cookies autom\u00e1ticamente cada vez que inicias una sesi\u00f3n en nuestro Sitio, salvo que hayas ajustado la configuraci\u00f3n de tu navegador para que las rechace.<\/p>\n\n          <\/section>\n        <\/details>\n                                <details>\n          <summary class=\"h5\">\n            <span class=\"expandable-list-heading\">Cambios a esta Declaraci\u00f3n de cookies<\/span>\n            <span class=\"expandable-list-toggle\"><\/span>\n          <\/summary>\n          <section class=\"expandable-list-content\">\n            <p>Podemos modificar esta Declaraci\u00f3n de cookies en cualquier momento. Si realizamos cambios considerables en la Declaraci\u00f3n de cookies, te lo notificaremos, ya sea publicando la Declaraci\u00f3n de cookies modificada en el Sitio o mediante correo electr\u00f3nico.<\/p>\n<p>&nbsp;<\/p>\n<p>Es importante que consultes la Declaraci\u00f3n de cookies modificada. Si no quieres aceptar la Declaraci\u00f3n de cookies modificada, no podremos seguir ofreci\u00e9ndote el Sitio y la \u00fanica opci\u00f3n es dejar de acceder al mismo y desactivar tu cuenta de IDL.<\/p>\n<p>&nbsp;<\/p>\n<p>Para obtener m\u00e1s informaci\u00f3n sobre las cookies, visita\u00a0<a href=\"http:\/\/www.aboutcookies.org\/\" target=\"_blank\" rel=\"noopener\">www.aboutcookies.org<\/a><\/p>\n\n          <\/section>\n        <\/details>\n                      <\/div>\n<\/section>\n\n\n\n<section id=\"block_b146906d592cb97cd3e935e59b051de3\"\n         class=\"content-one-column content-one-column--bg-light full-width lazy\n        \n        \n        \" data-assetkey=\"content-one-column\">\n    <div class=\"content-one-column__content\">\n        \n\n<div class=\"subheading content-one-column__subheading\">\n        <div class=\"subheading__line\"><\/div>\n    \n    <span class=\"h6\">Last Update: January 2023<\/span>\n<\/div>\n\n                <div class=\"content-one-column__heading\">\n                            <h2 class=\"h1\"><\/h2>\n                    <\/div>\n\n        \n                    <\/div>\n\n    <\/section>\n","protected":false},"excerpt":{"rendered":"","protected":false},"author":29,"featured_media":0,"parent":0,"menu_order":4,"comment_status":"closed","ping_status":"closed","template":"","meta":{"_acf_changed":false,"_seopress_robots_primary_cat":"","_seopress_titles_title":"","_seopress_titles_desc":"","_seopress_robots_index":"","inline_featured_image":false,"footnotes":""},"categories":[],"tags":[],"our-world-category":[],"class_list":["post-525209","page","type-page","status-publish","hentry"],"acf":[],"_links":{"self":[{"href":"https:\/\/www.jamesonwhiskey.com\/es-es\/wp-json\/wp\/v2\/pages\/525209","targetHints":{"allow":["GET"]}}],"collection":[{"href":"https:\/\/www.jamesonwhiskey.com\/es-es\/wp-json\/wp\/v2\/pages"}],"about":[{"href":"https:\/\/www.jamesonwhiskey.com\/es-es\/wp-json\/wp\/v2\/types\/page"}],"author":[{"embeddable":true,"href":"https:\/\/www.jamesonwhiskey.com\/es-es\/wp-json\/wp\/v2\/users\/29"}],"replies":[{"embeddable":true,"href":"https:\/\/www.jamesonwhiskey.com\/es-es\/wp-json\/wp\/v2\/comments?post=525209"}],"version-history":[{"count":0,"href":"https:\/\/www.jamesonwhiskey.com\/es-es\/wp-json\/wp\/v2\/pages\/525209\/revisions"}],"wp:attachment":[{"href":"https:\/\/www.jamesonwhiskey.com\/es-es\/wp-json\/wp\/v2\/media?parent=525209"}],"wp:term":[{"taxonomy":"category","embeddable":true,"href":"https:\/\/www.jamesonwhiskey.com\/es-es\/wp-json\/wp\/v2\/categories?post=525209"},{"taxonomy":"post_tag","embeddable":true,"href":"https:\/\/www.jamesonwhiskey.com\/es-es\/wp-json\/wp\/v2\/tags?post=525209"},{"taxonomy":"our-world-category","embeddable":true,"href":"https:\/\/www.jamesonwhiskey.com\/es-es\/wp-json\/wp\/v2\/our-world-category?post=525209"}],"curies":[{"name":"wp","href":"https:\/\/api.w.org\/{rel}","templated":true}]}}