{"id":640684,"date":"2021-09-02T13:19:37","date_gmt":"2021-09-02T13:19:37","guid":{"rendered":"https:\/\/live-jameson.pantheonsite.io\/privacy-policy\/"},"modified":"2023-08-11T14:55:20","modified_gmt":"2023-08-11T14:55:20","slug":"privacy-policy","status":"publish","type":"page","link":"https:\/\/www.jamesonwhiskey.com\/es-uy\/privacy-policy\/","title":{"rendered":"Pol\u00edtica de privacidad"},"content":{"rendered":"\n<section id=\"block_84b41b7284f8ea464fb354710f74d746\" class=\"hero hero-no-image hero-no-image__no-breadcrumb-spacer lazy\" data-assetkey=\"hero-no-image\">\n  <div class=\"hero-no-image__container \">\n    <div class=\"hero-no-image__container-content\">\n        <div class=\"subheading \">\n    <div class=\"subheading__line\"><\/div>\n    <h2 class=\"h6\">Legal<\/h2>\n  <\/div>\n\n      <h1 class=\"h1\">Pol\u00edtica de privacidad<\/h1>\n    <\/div>\n  <\/div>\n<\/section>\n\n\n\n<section id=\"block_56187408cba341ce34bcd1a109a3295e\"\n         class=\"content-one-column content-one-column--bg-light full-width lazy\n        \n        \n        \" data-assetkey=\"content-one-column\">\n    <div class=\"content-one-column__content\">\n        \n                <div class=\"content-one-column__heading\">\n                            <h2 class=\"h1\"><\/h2>\n                    <\/div>\n\n        \n                                                            <div class=\"content-one-column__text wysiwyg align_center_on_desktop\">\n                    <p><strong>Pol\u00edtica de Privacidad del Sitio de Jameson<\/strong><\/p>\n<p>Jameson es una marca registrada perteneciente al Grupo Pernod Ricard (en adelante \u201cPR\u201d).<br \/>\nPR, en su car\u00e1cter de responsable de la base de datos, se compromete a proteger su privacidad, confidencialidad y a usar responsablemente la informaci\u00f3n general y datos personales por Usted suministrados al utilizar nuestros medios y plataformas digitales (tales como, sitios web, aplicaciones m\u00f3viles, p\u00e1ginas en redes sociales, etc.) o cualquier otra forma utilizada por nuestra compa\u00f1\u00eda para la recolecci\u00f3n de datos tales como comunicaciones comerciales y de marketing (los \u201cDatos\u201d).<\/p>\n<p>El objeto de esta secci\u00f3n es describir el modo y las circunstancias en las que PR recopila, utiliza y comparte los Datos cuando Usted utiliza nuestra web.<\/p>\n<p><strong>Condiciones Generales<\/strong><\/p>\n<p><strong>1<\/strong>. Antes de que PR efect\u00fae cualquier tipo de recolecci\u00f3n de los Datos a trav\u00e9s de la Web [*] o cualquiera de sus medios digitales (en adelante los \u201cSitios\u201d), Usted deber\u00e1 aceptar estas Pol\u00edticas de Privacidad.<\/p>\n<p>2. PR recopilar\u00e1 y tratar\u00e1 los Datos para el desarrollo de su actividad, de acuerdo con los productos que comercializa y para la implementaci\u00f3n de acciones de publicidad o de marketing.<\/p>\n<p>3. Usted podr\u00e1 ejercer los derechos de acceso, rectificaci\u00f3n y supresi\u00f3n sobre los Datos conforme lo que establece la ley 25.326 de Protecci\u00f3n de Datos Personales, y las normativas que en el futuro la reemplacen, y acorde al mecanismo establecido en esta Pol\u00edtica de Privacidad.<\/p>\n<p>4. PR posee una base de datos debidamente inscripta. El responsable del tratamiento de los Datos ser\u00e1 Pernod Ricard Uruguay S.A., domiciliada en Luis Alberto de Herrera 1248, Torre A, piso 20 of.2001, CP 11300, Montevideo, Uruguay.<\/p>\n\n                <\/div>\n                        <\/div>\n\n    <\/section>\n\n\n\n<section id=\"block_ea478c096028d9824d7a0be894859fe7\" class=\"faq  lazy\" data-assetkey=\"faq\">\n  <div class=\"faq__heading\">\n    <h2 class=\"h1\"><\/h2>\n  <\/div>\n\n  <div class=\"faq__lines\">\n                          <details>\n          <summary class=\"h5\">\n            <span class=\"expandable-list-heading\">\u00bfQu\u00e9 datos personales recopilamos sobre Usted y c\u00f3mo lo hacemos?<\/span>\n            <span class=\"expandable-list-toggle\"><\/span>\n          <\/summary>\n          <section class=\"expandable-list-content\">\n            <p>PR recopilar\u00e1 los Datos que Usted le proporcione voluntariamente. Entre otras cosas PR podr\u00e1 solicitar que le brinde: (i) nombre, (ii) edad y\/o (iii) cualquier otra informaci\u00f3n que PR considere necesaria.<br \/>\nLos tipos y cantidad de datos personales recopilados pueden ser modificados y actualizados, dependiendo de la actividad de PR. PR no recopila ni almacena datos sensibles. De conformidad con los requisitos legales aplicables, PR podr\u00eda utilizar una variedad de tecnolog\u00edas que recopilen y provean informaci\u00f3n sobre como los medios digitales son usados por Usted y c\u00f3mo Usted accede a ellos. Tambi\u00e9n PR podr\u00eda usar informaci\u00f3n demogr\u00e1fica sobre Usted en relaci\u00f3n a los medios digitales, que PR podr\u00eda obtener de terceros tales como Google o redes sociales que Usted use (en adelante, \u201cUso de la Informaci\u00f3n\u201d). El Uso de la Informaci\u00f3n podr\u00eda involucrar, por ejemplo, informaci\u00f3n sobre las p\u00e1ginas que Usted ha visitado, el tiempo que haya durado su visita, a qu\u00e9 informaci\u00f3n respecto a los Productos de PR u otro tipo de contenido Usted ha accedido o provisto, en qu\u00e9 idioma lo ha hecho, edad, g\u00e9nero, \u00e1reas de inter\u00e9s cuando est\u00e9n disponibles, y qu\u00e9 tipo de p\u00e1ginas Usted ha visitado antes de visitar la p\u00e1gina actual, es decir el Uso de la Informaci\u00f3n ser\u00e1 \u00fatil para que PR genere perfiles generales determinados, que categoricen preferencias y comportamientos similares sobre distintas personas, identificando a los titulares de los Datos solamente por su pertenencia a dichos grupos gen\u00e9ricos.<\/p>\n\n          <\/section>\n        <\/details>\n                                <details>\n          <summary class=\"h5\">\n            <span class=\"expandable-list-heading\">\u00bfC\u00f3mo y porqu\u00e9 usamos tecnolog\u00edas de seguimiento?<\/span>\n            <span class=\"expandable-list-toggle\"><\/span>\n          <\/summary>\n          <section class=\"expandable-list-content\">\n            <p>PR usa tecnolog\u00edas de seguimiento como cookies, direcciones de IP y archivos de registro. Las tecnolog\u00edas de seguimiento nos ayudan a adecuar nuestros medios digitales a sus necesidades personales.<br \/>\nLos Sitios utilizan cookies y tecnolog\u00edas similares -con sujeci\u00f3n a su consentimiento &#8211; (los \u201cCookies\u201d). Los Cookies son ficheros que se implantan en el disco duro del ordenador de una computadora y que permiten a Usted comunicarse o interactuar f\u00e1cilmente con los Sitios. PR podr\u00e1 utilizar Cookies para personalizar su visita a los Sitios, para registrar el n\u00famero de veces que lo visita y\/o a qu\u00e9 p\u00e1ginas accede. Sin embargo, Usted tiene la posibilidad de configurar su navegador para impedir la recepci\u00f3n de Cookies. No es intenci\u00f3n de PR usar Cookies para obtener informaci\u00f3n no relacionada con nuestros Sitios, nuestra actividad o que no tenga que ver con la interacci\u00f3n entre Usted y los Sitios.<br \/>\nPR usa Cookies para entender mejor como los visitantes usan los medios digitales y los servicios y herramientas que les ofrecemos y mejorar su uso y funcionalidad.<br \/>\nDirecci\u00f3n IP: PR podr\u00e1 obtener la direcci\u00f3n IP (Internet Protocol &#8211; Una direcci\u00f3n IP es un n\u00famero utilizado en una red para identificar el ordenador de cada usuario cada vez que se conecta a Internet) del usuario con el fin de diagnosticar problemas del servidor de PR, evitar problemas de seguridad y para administrar los Sitios. La direcci\u00f3n IP es un n\u00famero que se asigna a su ordenador cuando accede a Internet y no contiene informaci\u00f3n de car\u00e1cter personal. Se usa tambi\u00e9n para identificarlo durante una determinada sesi\u00f3n y para obtener amplios datos demogr\u00e1ficos.<\/p>\n\n          <\/section>\n        <\/details>\n                                <details>\n          <summary class=\"h5\">\n            <span class=\"expandable-list-heading\">\u00bfPara qu\u00e9 usamos sus datos personales?<\/span>\n            <span class=\"expandable-list-toggle\"><\/span>\n          <\/summary>\n          <section class=\"expandable-list-content\">\n            <p>Los Datos recabados en los Sitios y a trav\u00e9s de ellos se utilizar\u00e1n para:<\/p>\n<p><strong>1<\/strong>. Enviarle a Usted toda la informaci\u00f3n relativa a los productos de PR sobre los que Usted tenga inter\u00e9s, as\u00ed como para actualizar los Sitios y\/o nuestro bolet\u00edn y\/o la base de datos. Los Datos tambi\u00e9n ser\u00e1n utilizados para cumplir con las caracter\u00edsticas y servicios a los que Usted se suscriba cuando usa nuestros medios digitales o los Sitios, y para ofrecerle los beneficios y privilegios que implican para Usted estar registrado en nuestros Sitios,<\/p>\n<p><strong>2<\/strong>. Cuando Usted compra productos de PR en los distintos Sitios, PR usa los Datos proporcionados para cumplir con el proceso de entrega de los productos,<\/p>\n<p><strong>3<\/strong>. Para enviarle comunicaciones administrativas o transaccionales (como, por ejemplo, pero sin limitarse a, confirmaci\u00f3n de email, registraci\u00f3n especial, pedidos de baja de los Sitios),<\/p>\n<p><strong>4<\/strong>. Para enviarle informaci\u00f3n secundaria diferente de la informaci\u00f3n principal de los Sitios sobre los Productos de PR, como, por ejemplo, pero sin limitarse a, newsletters, alertas promocionales, etc.).<\/p>\n<p><strong>5<\/strong>. Cuando Usted use un C\u00f3digo QR o su equivalente en los productos de PR, PR usar\u00e1 los Datos para enviarle m\u00e1s informaci\u00f3n sobre los productos donde el C\u00f3digo QR o su equivalente se encuentra,<\/p>\n<p><strong>6<\/strong>. A fin de proveerle un mejor servicio, PR podr\u00eda en ocasiones combinar, actualizar o mejorar los Datos con informaci\u00f3n que recibimos de terceros conforme lo que se establece en esta Pol\u00edtica de Privacidad. Por ejemplo, PR podr\u00eda combinar informaci\u00f3n demogr\u00e1fica o de encuestas.<\/p>\n<p><strong>7<\/strong>. PR har\u00e1 sus mejores esfuerzos para asegurar que los Datos sean precisos, se mantengan actualizados y que no se dupliquen en la base de datos de PR, al verificar cada una de sus interacciones con nosotros o nuestras afiliadas. Para ello resulta fundamental que Usted brinde informaci\u00f3n completa, veraz y actualizada.<\/p>\n<p><strong>8<\/strong>. PR podr\u00eda llevar a cabo el desarrollo de perfiles en base al monitoreo de su navegaci\u00f3n en nuestros medios digitales para entender mejor sus preferencias e intereses y adaptar nuestras comunicaciones comerciales a su perfil,<\/p>\n<p><strong>9<\/strong>. Usted puede en cualquier momento solicitar el acceso a sus Datos, limitar su uso y, en su caso, requerir la actualizaci\u00f3n, modificaci\u00f3n o eliminaci\u00f3n de los Datos que considere err\u00f3neamente registrados, dirigiendo una carta al Departamento de Asuntos Legales de Pernod Ricard Uruguay S.A., sita Luis Alberto de Herrera 1248, Torre A, piso 20 of.2001, CP 11300, Montevideo, Uruguay o un correo electr\u00f3nico a domain.support@pernod-ricard.com Asimismo podr\u00e1 en cualquier momento y siguiendo el mismo procedimiento, retirar el consentimiento sobre los Datos otorgado a PR,<\/p>\n<p><strong>10<\/strong>. PR se reserva el derecho a compartir los Datos con otras entidades, seg\u00fan lo permitido por la ley, con el fin de investigar, prevenir o tomar acci\u00f3n respecto a actividades ilegales, sospecha de fraude, violaci\u00f3n de los derechos de propiedad intelectual, situaciones que implican amenazas potenciales a la seguridad f\u00edsica de cualquier persona, violaciones de los <a href=\"\/es-uy\/terms-and-condititions\/\">T\u00e9rminos y Condiciones<\/a> de Uso del Sitio, esta Pol\u00edtica de Privacidad u otros acuerdos.<\/p>\n<p><strong>11<\/strong>. PR podr\u00eda ceder o transferir sus Datos a terceros vinculados a la prestaci\u00f3n de sus servicios y exclusivamente en el marco de su actividad. En este caso, PR har\u00e1 sus mejores esfuerzos para que dichos terceros procedan a la destrucci\u00f3n de los Datos una vez que se haya cumplido el objeto por el cual se han compartido.<\/p>\n\n          <\/section>\n        <\/details>\n                                <details>\n          <summary class=\"h5\">\n            <span class=\"expandable-list-heading\">\u00bfQu\u00e9 ocurre si Usted no desea proporcionar sus datos personales?<\/span>\n            <span class=\"expandable-list-toggle\"><\/span>\n          <\/summary>\n          <section class=\"expandable-list-content\">\n            <p>Si Usted desea no suministrar sus Datos cuando ello le es requerido, Usted podr\u00eda no poder participar en determinadas actividades o disfrutar de caracter\u00edsticas personalizadas u otros servicios de los Sitios. No obstante, Usted no necesita proveer sus datos personales para navegar simplemente por los Sitios o conocer m\u00e1s acerca de nuestros productos. En cualquier caso, PR le informar\u00e1 siempre que sea necesario que nos provea sus datos personales para poder beneficiarse de un servicio.<\/p>\n\n          <\/section>\n        <\/details>\n                                <details>\n          <summary class=\"h5\">\n            <span class=\"expandable-list-heading\">\u00bfC\u00f3mo se aseguran sus datos personales?<\/span>\n            <span class=\"expandable-list-toggle\"><\/span>\n          <\/summary>\n          <section class=\"expandable-list-content\">\n            <p>PR adopta las medidas t\u00e9cnicas y organizativas necesarias para garantizar la seguridad y confidencialidad de los Datos, de modo de evitar su adulteraci\u00f3n, perdida, consulta o tratamiento no autorizado, y que permitan detectar desviaciones intencionales o no de informaci\u00f3n, ya sea que los riesgos provengan de la acci\u00f3n humana o del medio t\u00e9cnico utilizado.<\/p>\n<p><strong>Creaci\u00f3n de una base de datos \u2013 Derechos sobre sus datos personales<\/strong><\/p>\n<p>El titular de los Datos tiene la facultad de solicitar acceso a y\/o presentar una solicitud de rectificaci\u00f3n o remoci\u00f3n de sus datos personales. A tal efecto el titular de los datos personales podr\u00e1 dirigir una carta al Departamento de Asuntos Legales de Pernod Ricard Uruguay S.A., Luis Alberto de Herrera 1248, Torre A, piso 20 of.2001, CP 11300, Montevideo, Uruguay, solicitando el acceso a sus datos y, en su caso, requerir la actualizaci\u00f3n, modificaci\u00f3n o eliminaci\u00f3n de los datos que considere err\u00f3neamente registrados. Pernod Ricard Uruguay S.A. ser\u00e1 el \u00fanico titular de la base de datos mencionada y la almacenar\u00e1 en Luis Alberto de Herrera 1248, Torre A, piso 20 of.2001, CP 11300, Montevideo, Uruguay, por el plazo que sea de utilidad a los efectos de cumplir con los fines indicados precedentemente. Pernod Ricard Uruguay S.A. proteger\u00e1 la Base de Datos de acuerdo con los est\u00e1ndares impuestos por la normativa vigente y las reglas del arte que razonablemente brinden integridad y seguridad a los datos personales que contiene.\u201d Usted deber\u00e1 tener en cuenta que el tratamiento de datos personales PR lo hace en cumplimiento de la ley 18.331 y su reglamentaci\u00f3n (o la que en el futuro la reemplace). Usted podr\u00e1 encontrar en esta Pol\u00edtica de Privacidad derechos acogidos por las normas de la Uni\u00f3n Europea en materia de protecci\u00f3n de datos, es por ello que dependiendo la jurisdicci\u00f3n en donde Usted se encuentre ser\u00e1 el tratamiento espec\u00edfico que PR pueda aplicar en cada caso concreto.<\/p>\n\n          <\/section>\n        <\/details>\n                                <details>\n          <summary class=\"h5\">\n            <span class=\"expandable-list-heading\">\u00bfA qui\u00e9n revelamos sus datos personales y por qu\u00e9?<\/span>\n            <span class=\"expandable-list-toggle\"><\/span>\n          <\/summary>\n          <section class=\"expandable-list-content\">\n            <p>PR puede revelar los Datos dentro del Grupo Pernod Ricard con los prop\u00f3sitos mencionados en esta Pol\u00edtica de Privacidad.<br \/>\nTambi\u00e9n, PR puede revelar los Datos a terceros, solamente en las siguientes circunstancias: i) con fines comerciales; ii) a fin de dar soporte operativo a nuestros medios digitales, podemos usar proveedores de servicio u otros contratistas. \u00c9stos deber\u00e1n, en todo momento, conferir los mismos niveles de seguridad para el manejo de los Datos de PR. Tambi\u00e9n, cuando les sea requerido legalmente, deber\u00e1n mantener los Datos seguros y privados y deber\u00e1n procesarlos de conformidad con las instrucciones de PR.<br \/>\nEn caso de programas de patrocinio conjunto y fines promocionales, cuando PR organice un programa de patrocinio conjunto en sus medios digitales junto a otras compa\u00f1\u00edas, organizaciones u otro tercero, y como parte de ello, se recopilen y procesen datos personales, PR podr\u00eda compartir los Datos con sus socios o patrocinantes.<br \/>\nPR podr\u00eda revelar los Datos en caso de que, por cuestiones de seguridad o litigio, le sea legalmente requerido.<\/p>\n\n          <\/section>\n        <\/details>\n                                <details>\n          <summary class=\"h5\">\n            <span class=\"expandable-list-heading\">\u00bfSus datos personales se env\u00edan a destinatarios en otros pa\u00edses? \u00bfPor qu\u00e9?<\/span>\n            <span class=\"expandable-list-toggle\"><\/span>\n          <\/summary>\n          <section class=\"expandable-list-content\">\n            <p>PR es una compa\u00f1\u00eda que pertenece a un grupo econ\u00f3mico global y los Datos podr\u00edan ser transferidos internacionalmente entre distintas compa\u00f1\u00edas del Grupo Pernod Ricard ubicadas en diferentes pa\u00edses. PR da cabal cumplimiento con la Ley 18.331, la cual establece los requisitos y par\u00e1metros que los responsables de las bases de datos deben cumplir cuando efect\u00faan cesi\u00f3n y transferencia de datos personales a pa\u00edses que conforme la legislaci\u00f3n uruguaya no cuentan con la legislaci\u00f3n adecuada para el tratamiento de datos personales.<br \/>\nLos proveedores principales de servicio de operaci\u00f3n de medios digitales de PR se encuentran en Francia (en adelante, \u201cNuestros Proveedores Principales\u201d), pa\u00eds que conforme la legislaci\u00f3n uruguaya no posee una legislaci\u00f3n adecuada para el tratamiento de datos personales, es por ello que las transferencias internacionales que PR efect\u00faa se realizan bajo los lineamientos de la normativa aplicable a la materia.<\/p>\n\n          <\/section>\n        <\/details>\n                                <details>\n          <summary class=\"h5\">\n            <span class=\"expandable-list-heading\">\u00bfC\u00f3mo se usan los datos personales de los menores?<\/span>\n            <span class=\"expandable-list-toggle\"><\/span>\n          <\/summary>\n          <section class=\"expandable-list-content\">\n            <p>Los Sitios no se dirige a menores de edad, ni proporciona productos o servicios para el uso por menores de edad. PR no recopila informaci\u00f3n de personas bajo la edad legal para beber. Si ha cumplido la edad legal indicada precedentemente, le recomendamos disfrutar y consumir nuestros productos con moderaci\u00f3n, en caso contrario no utilice los Sitios.<\/p>\n\n          <\/section>\n        <\/details>\n                                <details>\n          <summary class=\"h5\">\n            <span class=\"expandable-list-heading\">\u00bfC\u00f3mo puede contactarse Usted con PR?<\/span>\n            <span class=\"expandable-list-toggle\"><\/span>\n          <\/summary>\n          <section class=\"expandable-list-content\">\n            <p>Si tiene preguntas o comentarios respecto de esta Pol\u00edtica de Privacidad o sobre los Sitios, p\u00f3ngase en contacto con nosotros mediante un correo electr\u00f3nico a <a href=\"mailto:domain.support@pernod-ricard.com\">domain.support@pernod-ricard.com<\/a> con la siguiente informaci\u00f3n:<\/p>\n<p>\u2022 Su nombre, apellido, domicilio, n\u00famero de tel\u00e9fono y direcci\u00f3n de correo electr\u00f3nico de contacto;<\/p>\n<p>\u2022 En el asunto del correo deber\u00e1 consignar \u201cComentario acerca de la Pol\u00edtica de Privacidad del Sitio Web de Jameson Uruguay\u201d.<\/p>\n<p><strong>Legislaci\u00f3n y jurisdicci\u00f3n aplicable<\/strong><br \/>\nLa presente Pol\u00edtica de Privacidad y los temas relacionados con la misma se regir\u00e1n por las leyes de la Rep\u00fablica Oriental del Uruguay, bajo la jurisdicci\u00f3n ordinaria, competente en raz\u00f3n de la materia, de la Ciudad Aut\u00f3noma de Buenos Aires, con renuncia expresa a cualquier fuero o jurisdicci\u00f3n que pudiere corresponderles.<br \/>\nAl aceptar esta Pol\u00edtica de Privacidad Usted estar\u00e1 brindando su consentimiento: (i) para la recopilaci\u00f3n, uso y\/o almacenamiento de los Datos que Usted env\u00ede y\/o cargue en los Sitios; (ii) para que PR pueda transferir, ceder, compartir o revelar los Datos, (iii) para el env\u00edo de comunicaciones promocionales y de marketing, (iv) para el uso de cookies, y en general para el tratamiento de sus Datos de conformidad con esta Pol\u00edtica de Privacidad.<br \/>\nEstas Pol\u00edticas de Privacidad han sido actualizadas el 2 de julio de 2018. Puede que PR modifique nuevamente en el futuro las Pol\u00edticas de Privacidad, por eso lo invitamos a revisarlas con frecuencia.<\/p>\n\n          <\/section>\n        <\/details>\n            <\/div>\n<\/section>\n","protected":false},"excerpt":{"rendered":"","protected":false},"author":29,"featured_media":0,"parent":0,"menu_order":22,"comment_status":"closed","ping_status":"closed","template":"","meta":{"_acf_changed":false,"_seopress_robots_primary_cat":"","_seopress_titles_title":"","_seopress_titles_desc":"","_seopress_robots_index":"","inline_featured_image":false,"footnotes":""},"categories":[],"tags":[],"our-world-category":[],"class_list":["post-640684","page","type-page","status-publish","hentry"],"acf":[],"_links":{"self":[{"href":"https:\/\/www.jamesonwhiskey.com\/es-uy\/wp-json\/wp\/v2\/pages\/640684","targetHints":{"allow":["GET"]}}],"collection":[{"href":"https:\/\/www.jamesonwhiskey.com\/es-uy\/wp-json\/wp\/v2\/pages"}],"about":[{"href":"https:\/\/www.jamesonwhiskey.com\/es-uy\/wp-json\/wp\/v2\/types\/page"}],"author":[{"embeddable":true,"href":"https:\/\/www.jamesonwhiskey.com\/es-uy\/wp-json\/wp\/v2\/users\/29"}],"replies":[{"embeddable":true,"href":"https:\/\/www.jamesonwhiskey.com\/es-uy\/wp-json\/wp\/v2\/comments?post=640684"}],"version-history":[{"count":0,"href":"https:\/\/www.jamesonwhiskey.com\/es-uy\/wp-json\/wp\/v2\/pages\/640684\/revisions"}],"wp:attachment":[{"href":"https:\/\/www.jamesonwhiskey.com\/es-uy\/wp-json\/wp\/v2\/media?parent=640684"}],"wp:term":[{"taxonomy":"category","embeddable":true,"href":"https:\/\/www.jamesonwhiskey.com\/es-uy\/wp-json\/wp\/v2\/categories?post=640684"},{"taxonomy":"post_tag","embeddable":true,"href":"https:\/\/www.jamesonwhiskey.com\/es-uy\/wp-json\/wp\/v2\/tags?post=640684"},{"taxonomy":"our-world-category","embeddable":true,"href":"https:\/\/www.jamesonwhiskey.com\/es-uy\/wp-json\/wp\/v2\/our-world-category?post=640684"}],"curies":[{"name":"wp","href":"https:\/\/api.w.org\/{rel}","templated":true}]}}