{"id":640691,"date":"2021-09-02T10:58:27","date_gmt":"2021-09-02T10:58:27","guid":{"rendered":"https:\/\/live-jameson.pantheonsite.io\/terms-and-condititions\/"},"modified":"2023-08-11T16:25:01","modified_gmt":"2023-08-11T16:25:01","slug":"terms-and-condititions","status":"publish","type":"page","link":"https:\/\/www.jamesonwhiskey.com\/es-uy\/terms-and-condititions\/","title":{"rendered":"T\u00e9rminos y condiciones"},"content":{"rendered":"\n<section id=\"block_698d5f3dd37c1fb3c7313d9fd0f8525b\" class=\"hero hero-no-image hero-no-image__no-breadcrumb-spacer lazy\" data-assetkey=\"hero-no-image\">\n  <div class=\"hero-no-image__container hero-no-image__container-fullwidth\">\n    <div class=\"hero-no-image__container-content\">\n        <div class=\"subheading \">\n    <div class=\"subheading__line\"><\/div>\n    <h2 class=\"h6\">Legal<\/h2>\n  <\/div>\n\n      <h1 class=\"h1\">T\u00e9rminos y condiciones<\/h1>\n    <\/div>\n  <\/div>\n<\/section>\n\n\n\n<section id=\"block_cb26b3fde33f0d54a1f5c8b98723032d\"\n         class=\"content-one-column content-one-column--bg-light full-width lazy\n        \n        \n        \" data-assetkey=\"content-one-column\">\n    <div class=\"content-one-column__content\">\n        \n                <div class=\"content-one-column__heading\">\n                            <h2 class=\"h1\"><\/h2>\n                    <\/div>\n\n        \n                                                            <div class=\"content-one-column__text wysiwyg align_center_on_desktop\">\n                    <p><strong>T\u00e9rminos y Condiciones de Acceso y de Uso del Sitio Web de Jameson<\/strong><\/p>\n<p>Jameson es una marca registrada perteneciente al Grupo Pernod Ricard (en adelante \u201c<strong>PR<\/strong>\u201d). El uso de este sitio web (\u201c<strong>Sitio<\/strong>\u201d) est\u00e1 sujeto a estos T\u00e9rminos y Condiciones de acceso y uso (\u201c<strong>T&#038;C<\/strong>\u201d). PR se reserva el derecho de modificar las T&#038;C, sin necesidad de preaviso y a su discreci\u00f3n. De la misma manera, PR tiene la facultad de modificar, suprimir, interrumpir de forma parcial o total el funcionamiento del sitio web.<\/p>\n<p><strong>Condiciones B\u00e1sicas<\/strong><\/p>\n<p><strong>1<\/strong>. Entrando a la web www.jamesonwhiskey.com\/es-UY Usted est\u00e1 reconociendo y aceptando estos T&#038;C. Si usted no est\u00e1 de acuerdo con estos T&#038;C, no deber\u00eda acceder a este Sitio.<\/p>\n<p><strong>2<\/strong>. Para acceder al Sitio usted debe haber cumplido la edad legal para el consumo de alcohol en su pa\u00eds de residencia, motivo por el cual se le requiere que ingrese su fecha de nacimiento. Si Usted no cumple con este requisito, su uso del Sitio puede constituir una infracci\u00f3n a las leyes aplicables de su pa\u00eds y debe abandonar el sitio inmediatamente. Si ha cumplido la edad legal indicada le recomendamos consumir nuestros productos con moderaci\u00f3n y responsablemente, en caso contrario no utilice el Sitio.<\/p>\n<p><strong>3<\/strong>. En algunos pa\u00edses no est\u00e1 permitido el acceso a sitios web relativos a bebidas alcoh\u00f3licas, si nos visita desde un pa\u00eds donde se aplican tales restricciones, debe salir del Sitio ahora. Si no conoce las leyes aplicables de su pa\u00eds, recomendamos que salga ahora y averig\u00fce su situaci\u00f3n legal antes de continuar.<\/p>\n<p><strong>4<\/strong>. Usted es responsable del uso que le d\u00e9 al Sitio, el contenido que publique en el mismo y de cualquier consecuencia que esto origine. El contenido que usted env\u00ede, publique o exponga a trav\u00e9s del Sitio es p\u00fablico y podr\u00e1 ser visto por otros usuarios, a\u00fan a trav\u00e9s de servicios o sitios web de terceros. Usted \u00fanicamente deber\u00e1 cargar o publicar en el Sitio aquel contenido que tenga derechos para publicar y que no represente una infracci\u00f3n a las buenas maneras y a las leyes aplicables. De la misma manera, el contenido no deber\u00e1 fomentar el consumo irresponsable de las bebidas alcoh\u00f3licas.<\/p>\n<p><strong>5<\/strong>. Est\u00e1 prohibido cargar, enviar, subir o publicar en el Sitio comentarios, fotos u otro tipo de material o contenido violento, agresivo, antisocial, con desnudos \u00edntegros o parciales, discriminatorio en cualquier sentido, ilegal, contrario a la buena educaci\u00f3n, sexual o pornogr\u00e1fico, injurioso, difamatorio, que pudiera constituir o alentar conductas criminales o ilegales, o material que contenga spam o contenido publicitario no solicitado, o que de cualquier modo viole estos T&#038;C. Esta lista es meramente enunciativa y no pretende delimitar taxativamente los usos contrarios a los T&#038;C.<\/p>\n<p><strong>6<\/strong>. Desde que PR es una compa\u00f1\u00eda dedicada a la distribuci\u00f3n y comercializaci\u00f3n de bebidas alcoh\u00f3licas y se halla comprometida con el consumo responsable de las mismas Usted deber\u00e1 cuidar que todos los contenidos que genere no incluyan referencias al: (i) consumo de alcohol en forma previa o concomitante con la conducci\u00f3n de veh\u00edculos de cualquier tipo; (ii) menores de edad, embarazadas o personas padeciendo alguna enfermedad; (iii) consumo de alcohol en forma previa o concomitante con la pr\u00e1ctica de deportes o realizaci\u00f3n de tareas de riesgo; (iv) pornograf\u00eda, o actividades violentas, discriminatorias o il\u00edcitas; (v) pol\u00edtica o religi\u00f3n; (vi) sustancias medicinales; ni (vii) armas, drogas, venenos u otro tipo de elementos o sustancias peligrosas.<\/p>\n<p><strong>7<\/strong>. Usted reconoce que es responsable de cualquier material que cargue, env\u00ede, suba, o publique en el Sitio, y que usted, y no PR, tiene la responsabilidad completa del contenido, incluyendo su legalidad, fiabilidad y originalidad.<\/p>\n<p><strong>8<\/strong>. Usted manifiesta y garantiza que: (i) es propietario del contenido que publique en el Sitio o a trav\u00e9s de \u00e9l o que, de otro modo, tiene el derecho a utilizarlo; (ii) toda persona que participe en cualquier imagen o v\u00eddeo es mayor de edad y ha dado su permiso expreso para aparecer en \u00e9l; (iii) la publicaci\u00f3n y utilizaci\u00f3n del contenido que cargue al Sitio o a trav\u00e9s de \u00e9l no infringe derechos de terceros, incluidos a modo de ejemplo derechos de privacidad, de publicidad, de autor, de marcas comerciales y\/u otros derechos de propiedad intelectual o industrial; (iv) pagar\u00e1 todos los derechos de autor, tasas y cualquier otra suma adeudada como consecuencia del contenido que usted publica en el Sitio o a trav\u00e9s de \u00e9l; y (v) tiene el derecho y la capacidad legal de cumplir estos T&#038;C en su jurisdicci\u00f3n.<\/p>\n<p><strong>9<\/strong>. Al enviar o cargar contenido al Sitio usted acepta que PR tiene el derecho de quitarlo y eliminarlo por cualquier motivo, o por cualquier raz\u00f3n, sin necesidad de dar un aviso previo o justificaci\u00f3n. PR no est\u00e1 obligado a controlar el contenido o material subido o cargado al Sitio, pero se reserva el derecho a filtrar, eliminar, editar, bloquear y\/o supervisar todos los mensajes, fotos, material, o contenido de usuarios que exhiban una conducta contraria con los T&#038;C que rigen el Sitio, sin aviso previo, y sin obligaci\u00f3n de responder ante usted respecto de su retirada. El contenido, la informaci\u00f3n y los materiales suministrados por Usted no est\u00e1n respaldados por PR, de la misma manera las informaciones vertidas por Usted no son necesariamente compartidas por PR.<\/p>\n<p><strong>10<\/strong>. PR se reserva el derecho a denegar el acceso al Sitio a cualquier persona, por el motivo que considere y en cualquier momento.<\/p>\n\n                <\/div>\n                                                                <div class=\"content-one-column__text wysiwyg align_center_on_desktop\">\n                    <p><strong>Privacidad<\/strong><\/p>\n<p><strong>11<\/strong>. Es importante que comprenda la manera en que empleamos la informaci\u00f3n suministrada por Usted, es por ello por lo que ponemos a su disposici\u00f3n nuestra Pol\u00edtica de Privacidad. Usted entiende que a trav\u00e9s del uso del Sitio da el consentimiento a la recopilaci\u00f3n y uso de su informaci\u00f3n.<\/p>\n\n                <\/div>\n                                                                <div class=\"content-one-column__text wysiwyg align_center_on_desktop\">\n                    <p><strong>Derechos<\/strong><\/p>\n<p><strong>12<\/strong>. Usted podr\u00e1 acceder al Sitio para su uso personal, no comercial. Se encuentra estrictamente prohibido copiar, reproducir, distribuir, republicar, cargar, publicar o transmitir el contenido del Sitio, en cualquier lugar y en cualquier forma sin consentimiento de PR. Asimismo, copiar o almacenar cualquier contenido del Sitio a\u00fan para uso personal y no comercial est\u00e1 expresamente prohibido sin el permiso previo por escrito de PR.<\/p>\n<p><strong>13<\/strong>. Todo material, contenido, comentario, sugerencia, idea, concepto creativo, gr\u00e1fico, u otra informaci\u00f3n que usted remita, cargue, suba o introduzca en el Sitio (en conjunto, los \u201cContenidos\u201d), incluyendo, sin limitaci\u00f3n, ideas de productos o publicidad, as\u00ed como todos los materiales y contenidos tangibles o intangibles (incluyendo sin limitaci\u00f3n creatividades, publicaciones y avisos publicitarios, gr\u00e1ficas, videos, fotos, posteos, etc.) sea en estado final o en estados intermedios, entregados o no a PR, ser\u00e1n de propiedad exclusiva de PR. Al ingresar y\/o cargar Contenidos en el Sitio Usted reconoce y acepta esto. En caso que cualquier norma o disposici\u00f3n de autoridad competente impida o restrinja la propiedad que PR tenga sobre tales Contenidos, accediendo al Sitio, cargando y\/o remitiendo cualquier contenido al Sitio Usted otorga a PR una cesi\u00f3n total, incondicionada, exclusiva, ilimitada territorial y temporalmente a PR de la propiedad, todo derecho y\/o acciones (en ejercicio o no) emergentes de esos contenidos que se remiten, incluyendo pero no limitando al derecho de utilizarlos, reproducirlos, publicarlos, editarlos, adaptarlos, traducirlos o modificarlos, de cualquier manera y por cualquier medio existente a la fecha del presente y\/o a crearse en el futuro, sin limitaci\u00f3n alguna y sin que ello genere obligaci\u00f3n de compensaci\u00f3n alguna por parte de PR hacia Usted, renunciando expresamente a todo derecho emergente de dichos contenidos que le pudiera corresponder.<\/p>\n\n                <\/div>\n                                                                <div class=\"content-one-column__text wysiwyg align_center_on_desktop\">\n                    <p><strong>Marcas registradas<\/strong><\/p>\n<p><strong>14<\/strong>. Las marcas, logotipos, dise\u00f1os y dem\u00e1s contenido que aparecen en el Sitio son propiedad de PR o de sus afiliadas, filiales, matrices o empresas relacionadas, o se utilizan con el consentimiento del propietario. El uso, mal uso, difusi\u00f3n o reproducci\u00f3n de las marcas, logotipos, dise\u00f1os, o contenido del Sitio sin autorizaci\u00f3n previa de PR est\u00e1 estrictamente prohibido.<\/p>\n<p><strong>15<\/strong>. Ning\u00fan t\u00edtulo o derecho de propiedad intelectual se le transfiere por el uso o acceso al Sitio. Por el contrario, todos los derechos, t\u00edtulos e intereses sobre y para todos los aspectos del Sitio son propiedad de PR.<\/p>\n\n                <\/div>\n                                                                <div class=\"content-one-column__text wysiwyg align_center_on_desktop\">\n                    <p><strong>Responsabilidad<\/strong><\/p>\n<p><strong>16<\/strong>. PR no garantiza que las funciones contenidas en el Sitio no ser\u00e1n objeto de interrupci\u00f3n y\/o errores, o que los contenidos ser\u00e1n correctos, exactos o fiables, o que el Sitio o el servidor que lo pone a disposici\u00f3n, est\u00e9n libres de virus u otros componentes da\u00f1inos. Usted (y no PR) asume el costo total de cualquier servicio, reparaci\u00f3n o correcci\u00f3n como consecuencia de ello. Al aceptar estos T&#038;C Usted declara la indemnidad de PR y de sus funcionarios, directores y empleados por cualquier por cualquier da\u00f1o, perjuicio o costo que Usted sufra por el uso de estos T&#038;C.<\/p>\n<p><strong>17<\/strong>. Con las limitaciones impuestas por la ley, PR, o sus empresas afiliadas, filiales, matrices, o empresas relacionadas, no asumen responsabilidad alguna por p\u00e9rdidas, da\u00f1os o perjuicios (sean directos, indirectos, incidentales, consiguientes, punitivos, financieros o emergentes) que surjan o padezcan usted o un tercero como consecuencia de una visita o el uso del Sitio, de los materiales publicados o bajados del Sitio, de su incapacidad de utilizar el Sitio, de un fallo, error, omisi\u00f3n, interrupci\u00f3n, defecto, retraso del Sitio o de un virus inform\u00e1tico transmitido a trav\u00e9s del Sitio, independientemente de si la p\u00e9rdida o da\u00f1o surge o no de la negligencia.<\/p>\n<p><strong>18<\/strong>. Queda prohibido el rastreo, scrapping, almacenamiento en cach\u00e9 o acceso a cualquier contenido en el Sitio a trav\u00e9s de medios automatizados.<\/p>\n\n                <\/div>\n                                                                <div class=\"content-one-column__text wysiwyg align_center_on_desktop\">\n                    <p><strong>Enlaces con otros sitios<\/strong><\/p>\n<p><strong>19<\/strong>. El Sitio puede contener enlaces a otros sitios web, los mismos se proporcionan para su conveniencia. Usted acepta que al hacer clic en un enlace saldr\u00e1 del Sitio. PR no revisa, controla, ni es responsable de la disponibilidad de los sitios externos vinculados a este Sitio, y no los respalda ni es responsable de ning\u00fan contenido, publicidad, productos u otros materiales disponibles en dichos sitios o recursos, ni de los resultados que se puedan conseguir al utilizarlos.<\/p>\n<p><strong>20<\/strong>. Si decide acceder a un sitio web con enlace desde este Sitio, Usted asumir\u00e1 todos los riesgos pertinentes. Las transacciones que se realicen entre usted y el sitio web tercero son estrictamente entre usted y el tercero, PR no asume ning\u00fan tipo de responsabilidad al respecto.<\/p>\n<p><strong>21<\/strong>. Es necesario que revise los T\u00e9rminos y Condiciones de Uso de los sitios enlazados a este Sitio, ya que sus pol\u00edticas pueden ser diferentes de las nuestras. Usted debe dirigir cualquier inquietud relacionada con un enlace externo a su administrador o webmaster.<\/p>\n\n                <\/div>\n                                                                <div class=\"content-one-column__text wysiwyg align_center_on_desktop\">\n                    <p><strong>Enlaces con este Sitio<\/strong><\/p>\n<p><strong>22<\/strong>. Si desea crear un enlace con el Sitio, podr\u00e1 hacerlo con la \u00fanica limitaci\u00f3n que el enlace no suponga la reproducci\u00f3n de la p\u00e1gina principal del Sitio, y sujeto a que el enlace cumpla las siguientes condiciones:<\/p>\n<p><strong>a<\/strong>. no retire, distorsione, ni modifique el tama\u00f1o o dise\u00f1o de nuestros logotipos,<br \/>\n<strong>b<\/strong>. no cree un frame u otro entorno de navegador o con m\u00e1rgenes alrededor del Sitio;<br \/>\n<strong>c<\/strong>. no haga entender, por cualquier t\u00edtulo, que se est\u00e1 promocionando productos o servicios distintos de los suyos;<br \/>\n<strong>d<\/strong>. no emplee las marcas registradas publicadas en el Sitio sin el consentimiento escrito de la PR;<br \/>\n<strong>e<\/strong>. no incluya un enlace desde un sitio web que no sea de su propiedad; y<br \/>\n<strong>f<\/strong>. su sitio web no contenga elementos desagradables, ofensivos o pol\u00e9micos, no viole ning\u00fan derecho de propiedad intelectual u otro derecho de tercero, ni infrinja estos T&#038;C y\/o las leyes o normas de aplicaci\u00f3n.<\/p>\n\n                <\/div>\n                                                                <div class=\"content-one-column__text wysiwyg align_center_on_desktop\">\n                    <p><strong>Cambios de estos T&#038;C<\/strong><\/p>\n<p><strong>23<\/strong>. PR se reserva el derecho a su entera discreci\u00f3n a cambiar estos T&#038;C cada vez que lo crea necesario. Por lo tanto, usted debe revisar estos T&#038;C y cualquier condici\u00f3n actualizada antes de entrar al Sitio. Los T&#038;C actualizados entrar\u00e1n en vigor a partir del momento en el que se publiquen, o en una fecha posterior que se especifique en los mismos, y se aplicar\u00e1n al uso que Usted realice del Sitio a partir de ese momento. Los conflictos que surjan antes de la fecha de entrada en vigor de los T&#038;C actualizados estar\u00e1n sujetos a los presentes T&#038;C.<\/p>\n\n                <\/div>\n                                                                <div class=\"content-one-column__text wysiwyg align_center_on_desktop\">\n                    <p><strong>Reclamos<\/strong><\/p>\n<p><strong>24<\/strong>. Si usted cree que el contenido o material del Sitio infringen estos T&#038;C, derechos de autor o cualquier normativa rogamos lo notifique a PR, mediante un correo electr\u00f3nico a domain.support@pernod-ricard.com , con la siguiente informaci\u00f3n:<\/p>\n<p><strong>a<\/strong>. Su nombre, apellido, domicilio, n\u00famero de tel\u00e9fono y direcci\u00f3n de correo electr\u00f3nico de contacto;<br \/>\n<strong>b<\/strong>. En el asunto del correo deber\u00e1 consignar la frase \u201cReclamo por infracci\u00f3n del Sitio Web de Jameson\u201d;<br \/>\n<strong>c<\/strong>. Cualquier informaci\u00f3n que considere relevante;<br \/>\n<strong>d<\/strong>. En caso de infringirse derechos de autor se deber\u00e1 presentar una descripci\u00f3n del material cuyo derecho de autor ha sido infringido y la ubicaci\u00f3n en el Sitio, junto con la firma (f\u00edsica o electr\u00f3nica) de una persona autorizada para actuar en nombre del propietario de dichos derechos de autor.<\/p>\n<p><strong>25<\/strong>. PR no tiene la obligaci\u00f3n de investigar todos los avisos de supuestas infracciones, ni garantiza que se llevar\u00e1 a cabo ninguna acci\u00f3n como consecuencia de su correo electr\u00f3nico, pero har\u00e1 lo posible por eliminar o deshabilitar el acceso al Sitio de cualquier material cuyo derecho que haya sido violado o haya sido objeto de actividad infractora, o viole estos T&#038;C.<\/p>\n\n                <\/div>\n                                                                <div class=\"content-one-column__text wysiwyg align_center_on_desktop\">\n                    <p><strong>Datos Personales<\/strong><\/p>\n<p><strong>26<\/strong>. Al acceder y\/o cargar contenidos en el Sitio Usted autoriza a PR a utilizar los datos personales obtenidos para la creaci\u00f3n de una base de datos con el s\u00f3lo objetivo de conformar un listado de consumidores y\/o potenciales consumidores. Esta base estar\u00e1 sujeta a las reglas y condiciones de la Ley 18.331 y sus decretos (Ley de Protecci\u00f3n de Datos Personales). El titular de los datos personales puede solicitar acceso a y\/o presentar una solicitud de rectificaci\u00f3n o remoci\u00f3n de sus datos personales. A tal efecto el titular de los datos personales podr\u00e1 dirigir una carta al Departamento de Asuntos Legales de Pernod Ricard Uruguay S.A., Luis Alberto de Herrera 1248, Torre A, piso 20 of.2001, CP 11300, Montevideo, Uruguay. Pernod Ricard Uruguay S.A. ser\u00e1 el \u00fanico titular de la base de datos mencionada y la almacenar\u00e1 en Luis Alberto de Herrera 1248, Torre A, piso 20 of.2001, CP 11300, Montevideo, Uruguay, por el plazo que sea de utilidad a los efectos de cumplir con los fines indicados precedentemente. Pernod Ricard Uruguay S.A. proteger\u00e1 la Base de Datos de acuerdo con los est\u00e1ndares impuestos por la normativa vigente y las reglas del arte que razonablemente brinden integridad y seguridad a los datos personales que contiene. PR proteger\u00e1 la Base de Datos de acuerdo con los est\u00e1ndares impuestos por la normativa vigente y las reglas del arte que razonablemente brinden integridad y seguridad a los datos personales que contiene.<\/p>\n\n                <\/div>\n                                                                <div class=\"content-one-column__text wysiwyg align_center_on_desktop\">\n                    <p><strong>Legislaci\u00f3n y jurisdicci\u00f3n aplicable<\/strong><\/p>\n<p><strong>27<\/strong>. Los presentes T&#038;C, la Pol\u00edtica de Privacidad y cualquier tema relacionado con el uso del Sitio se regir\u00e1n por las leyes internas de la Rep\u00fablica Oriental del Uruguay, bajo la jurisdicci\u00f3n ordinaria, competente en raz\u00f3n de la materia, de la Ciudad de Montevideo.<\/p>\n\n                <\/div>\n                        <\/div>\n\n    <\/section>\n","protected":false},"excerpt":{"rendered":"","protected":false},"author":29,"featured_media":0,"parent":0,"menu_order":24,"comment_status":"closed","ping_status":"closed","template":"","meta":{"_acf_changed":false,"_seopress_robots_primary_cat":"","_seopress_titles_title":"","_seopress_titles_desc":"","_seopress_robots_index":"","inline_featured_image":false,"footnotes":""},"categories":[],"tags":[],"our-world-category":[],"class_list":["post-640691","page","type-page","status-publish","hentry"],"acf":[],"_links":{"self":[{"href":"https:\/\/www.jamesonwhiskey.com\/es-uy\/wp-json\/wp\/v2\/pages\/640691","targetHints":{"allow":["GET"]}}],"collection":[{"href":"https:\/\/www.jamesonwhiskey.com\/es-uy\/wp-json\/wp\/v2\/pages"}],"about":[{"href":"https:\/\/www.jamesonwhiskey.com\/es-uy\/wp-json\/wp\/v2\/types\/page"}],"author":[{"embeddable":true,"href":"https:\/\/www.jamesonwhiskey.com\/es-uy\/wp-json\/wp\/v2\/users\/29"}],"replies":[{"embeddable":true,"href":"https:\/\/www.jamesonwhiskey.com\/es-uy\/wp-json\/wp\/v2\/comments?post=640691"}],"version-history":[{"count":0,"href":"https:\/\/www.jamesonwhiskey.com\/es-uy\/wp-json\/wp\/v2\/pages\/640691\/revisions"}],"wp:attachment":[{"href":"https:\/\/www.jamesonwhiskey.com\/es-uy\/wp-json\/wp\/v2\/media?parent=640691"}],"wp:term":[{"taxonomy":"category","embeddable":true,"href":"https:\/\/www.jamesonwhiskey.com\/es-uy\/wp-json\/wp\/v2\/categories?post=640691"},{"taxonomy":"post_tag","embeddable":true,"href":"https:\/\/www.jamesonwhiskey.com\/es-uy\/wp-json\/wp\/v2\/tags?post=640691"},{"taxonomy":"our-world-category","embeddable":true,"href":"https:\/\/www.jamesonwhiskey.com\/es-uy\/wp-json\/wp\/v2\/our-world-category?post=640691"}],"curies":[{"name":"wp","href":"https:\/\/api.w.org\/{rel}","templated":true}]}}