{"id":136749,"date":"2022-10-16T14:43:52","date_gmt":"2022-10-16T14:43:52","guid":{"rendered":"https:\/\/www.jamesonwhiskey.com\/consommer-responsablement\/"},"modified":"2024-03-07T15:02:11","modified_gmt":"2024-03-07T15:02:11","slug":"enjoy-responsibly","status":"publish","type":"page","link":"https:\/\/www.jamesonwhiskey.com\/fr-ca\/enjoy-responsibly\/","title":{"rendered":"\u00c0 consommer avec mod\u00e9ration"},"content":{"rendered":"\n<section id=\"block_8ed759a26d2cb1c780ba1955c248385b\" class=\"hero hero-no-image hero-no-image__no-breadcrumb-spacer lazy\" data-assetkey=\"hero-no-image\">\n  <div class=\"hero-no-image__container hero-no-image__container-fullwidth\">\n    <div class=\"hero-no-image__container-content\">\n        <div class=\"subheading \">\n    <div class=\"subheading__line\"><\/div>\n    <span class=\"h6\">L\u00e9gal<\/span>\n  <\/div>\n\n      <h1 class=\"h1\">\u00c0 consommer avec mod\u00e9ration<\/h1>\n    <\/div>\n  <\/div>\n<\/section>\n\n<section id=\"block_1299d16132e9a3d1e788e93bffb33bf9\"\n         class=\"content-one-column content-one-column--bg-light full-width lazy\n        \n        \n        \" data-assetkey=\"content-one-column\">\n    <div class=\"content-one-column__content\">\n        \n                <div class=\"content-one-column__heading\">\n                            <h2 class=\"h1\"><\/h2>\n                    <\/div>\n\n        \n                                                            <div class=\"content-one-column__text wysiwyg align_center_on_desktop\">\n                    <p><strong>CECI EST LE SITE WEB OFFICIEL DU WHISKEY IRLANDAIS JAMESON O\u00d9 VOUS POURREZ EN SAVOIR PLUS SUR NOTRE FONDATEUR JOHN\u00a0JAMESON, SUR NOS RECETTES DE BOISSONS ET SUR LA FABRICATION DU WHISKEY IRLANDAIS NUM\u00c9RO\u00a01 DANS LE MONDE. CHEZ IRISH\u00a0DISTILLERS PERNOD\u00a0RICARD, NOUS SOUHAITONS PROT\u00c9GER L\u2019H\u00c9RITAGE DE JOHN\u00a0JAMESON EN VOUS DEMANDANT DE LIRE ET DE RESPECTER LES CONSIGNES SUIVANTES.<\/strong><\/p>\n\n                <\/div>\n                                                                <div class=\"content-one-column__text wysiwyg align_center_on_desktop\">\n                    <p>Irish\u00a0Distillers Pernod\u00a0Ricard (www.irishdistillers.ie), fier propri\u00e9taire du whiskey irlandais Jameson, soutient pleinement l\u2019ensemble des codes r\u00e9gissant la commercialisation, la vente, la publicit\u00e9 et le parrainage des produits alcoolis\u00e9s. Notre engagement en ce qui concerne ces codes veille \u00e0 ce que toutes nos activit\u00e9s soient men\u00e9es aux fins de promouvoir la consommation responsable de nos produits aupr\u00e8s d\u2019un public adulte.<\/p>\n<p>En tant que principal fournisseur de spiritueux, de champagnes et de vins de qualit\u00e9, nous avons un r\u00f4le important \u00e0 jouer dans la promotion responsable de nos produits aupr\u00e8s de la client\u00e8le et des consommateurs. Nous nous effor\u00e7ons toujours d\u2019agir d\u2019une mani\u00e8re qui d\u00e9montre que nous m\u00e9ritons la confiance et la satisfaction de nos parties prenantes, o\u00f9 qu\u2019elles soient et quelles qu\u2019elles soient.<\/p>\n<p><strong>Politique sur le contenu g\u00e9n\u00e9r\u00e9 par l\u2019utilisateur<\/strong><br \/>\n Lorsqu\u2019il s\u2019agit de m\u00e9dias sociaux, nous sommes toujours heureux de voir vos publications. Cependant, dans le cadre de notre engagement \u00e0 promouvoir la consommation responsable, nous esp\u00e9rons que vous comprenez que nous nous attendons \u00e0 ce que la communaut\u00e9 ne publie pas de commentaires, photos, vid\u00e9os ou tout autre type de contenu qui\u00a0:<\/p>\n<ul>\n<li>pr\u00e9sente toute personne qui n\u2019a pas ou semble avoir l\u2019\u00e2ge l\u00e9gal pour consommer de l\u2019alcool, y compris toute personne associ\u00e9e \u00e0 la consommation d\u2019alcool, qui n\u2019a pas ou ne semble pas avoir d\u00e9pass\u00e9 l\u2019\u00e2ge l\u00e9gal pour consommer de l\u2019alcool;<\/li>\n<li>est r\u00e9alis\u00e9 par une personne n\u2019ayant pas l\u2019\u00e2ge l\u00e9gal de consommer de l\u2019alcool;<\/li>\n<li>encourage l\u2019achat ou la consommation de boissons alcoolis\u00e9es par des mineurs, ou la consommation ill\u00e9gale, irresponsable ou immod\u00e9r\u00e9e;<\/li>\n<li>promeut la surconsommation, ou condamne ou critique de quelque mani\u00e8re que ce soit toute personne qui choisit de ne pas boire d\u2019alcool;<\/li>\n<li>pr\u00e9sente la consommation irresponsable d\u2019alcool sous un jour positif ou associe l\u2019alcool \u00e0 la conduite, au fonctionnement de toute sorte de machines ou \u00e0 toute activit\u00e9 dangereuse;<\/li>\n<li>implique que les boissons alcoolis\u00e9es ont des effets b\u00e9n\u00e9fiques au niveau physique, psychologique ou intellectuel, ou qu\u2019elles contribuent \u00e0 la r\u00e9ussite sexuelle;<\/li>\n<li>glorifie la force de l\u2019alcool, la teneur en alcool relativement \u00e9lev\u00e9e ou l\u2019effet intoxicant d\u2019une boisson;<\/li>\n<li>mentionne la consommation d\u2019alcool associ\u00e9e \u00e0 tout type de comportement ill\u00e9gal, antisocial, dangereux, agressif ou violent;<\/li>\n<li>pr\u00e9sente des logos, produits ou personnes prot\u00e9g\u00e9s par des droits d\u2019auteur autres que nos marques;<\/li>\n<li><span class=\"ui-provider gz b c d e f g h i j k l m n o p q r s t u v w x y z ab ac ae af ag ah ai aj ak\" dir=\"ltr\">contient un langage, des gestes ou des images potentiellement offensants et blasph\u00e9matoires;<\/span><\/li>\n<li><span class=\"ui-provider gz b c d e f g h i j k l m n o p q r s t u v w x y z ab ac ae af ag ah ai aj ak\" dir=\"ltr\">pourrait \u00eatre consid\u00e9r\u00e9 comme offensant ou de nature mena\u00e7ante sur la base du sexe, de la race, de l\u2019orientation sexuelle, de la religion ou de la culture; ou constitue une attaque personnelle contre un autre utilisateur, un individu, notre soci\u00e9t\u00e9 ou notre marque, ou peut autrement causer de la d\u00e9tresse;<\/span><\/li>\n<li>est consid\u00e9r\u00e9 un pourriel.<\/li>\n<\/ul>\n\n                <\/div>\n                                                                <div class=\"content-one-column__text wysiwyg align_center_on_desktop\">\n                    <p>Jameson se r\u00e9serve le droit de mettre \u00e0 jour ces directives de temps \u00e0 autre, \u00e0 sa discr\u00e9tion.<\/p>\n<p>Les messages ou commentaires des utilisateurs qui entrent en conflit avec l\u2019un des crit\u00e8res ci-dessus peuvent \u00eatre supprim\u00e9s et\/ou les comptes associ\u00e9s bloqu\u00e9s \u00e0 notre seule discr\u00e9tion.<\/p>\n<p>Pour en savoir plus sur les directives de consommation responsable, veuillez consulter les engagements de Pernod Ricard sur la fa\u00e7on de recevoir de mani\u00e8re responsable, ou visitez drinkaware.ie.<\/p>\n<p>\u00c0 la v\u00f4tre!<br \/>\nL\u2019\u00e9quipe Jameson\u00a0Whiskey.<\/p>\n\n                <\/div>\n                        <\/div>\n\n    <\/section>\n","protected":false},"excerpt":{"rendered":"","protected":false},"author":29,"featured_media":0,"parent":0,"menu_order":6,"comment_status":"closed","ping_status":"closed","template":"","meta":{"_acf_changed":false,"_seopress_robots_primary_cat":"","_seopress_titles_title":"","_seopress_titles_desc":"Jameson s\u2019engage \u00e0 assurer la commercialisation, la vente, la publicit\u00e9 et le parrainage des produits alcoolis\u00e9s de mani\u00e8re responsable. En savoir plus ici.","_seopress_robots_index":"","inline_featured_image":false,"footnotes":""},"categories":[],"tags":[],"our-world-category":[],"class_list":["post-136749","page","type-page","status-publish","hentry"],"acf":[],"_links":{"self":[{"href":"https:\/\/www.jamesonwhiskey.com\/fr-ca\/wp-json\/wp\/v2\/pages\/136749","targetHints":{"allow":["GET"]}}],"collection":[{"href":"https:\/\/www.jamesonwhiskey.com\/fr-ca\/wp-json\/wp\/v2\/pages"}],"about":[{"href":"https:\/\/www.jamesonwhiskey.com\/fr-ca\/wp-json\/wp\/v2\/types\/page"}],"author":[{"embeddable":true,"href":"https:\/\/www.jamesonwhiskey.com\/fr-ca\/wp-json\/wp\/v2\/users\/29"}],"replies":[{"embeddable":true,"href":"https:\/\/www.jamesonwhiskey.com\/fr-ca\/wp-json\/wp\/v2\/comments?post=136749"}],"version-history":[{"count":0,"href":"https:\/\/www.jamesonwhiskey.com\/fr-ca\/wp-json\/wp\/v2\/pages\/136749\/revisions"}],"wp:attachment":[{"href":"https:\/\/www.jamesonwhiskey.com\/fr-ca\/wp-json\/wp\/v2\/media?parent=136749"}],"wp:term":[{"taxonomy":"category","embeddable":true,"href":"https:\/\/www.jamesonwhiskey.com\/fr-ca\/wp-json\/wp\/v2\/categories?post=136749"},{"taxonomy":"post_tag","embeddable":true,"href":"https:\/\/www.jamesonwhiskey.com\/fr-ca\/wp-json\/wp\/v2\/tags?post=136749"},{"taxonomy":"our-world-category","embeddable":true,"href":"https:\/\/www.jamesonwhiskey.com\/fr-ca\/wp-json\/wp\/v2\/our-world-category?post=136749"}],"curies":[{"name":"wp","href":"https:\/\/api.w.org\/{rel}","templated":true}]}}