{"id":136763,"date":"2021-09-02T13:19:37","date_gmt":"2021-09-02T13:19:37","guid":{"rendered":"https:\/\/www.jamesonwhiskey.com\/privacy-policy\/"},"modified":"2023-11-09T12:01:34","modified_gmt":"2023-11-09T12:01:34","slug":"privacy-policy","status":"publish","type":"page","link":"https:\/\/www.jamesonwhiskey.com\/fr-ca\/privacy-policy\/","title":{"rendered":"Politique de confidentialit\u00e9"},"content":{"rendered":"\n<section id=\"block_1901733b48ecdb31ede5ab0c62556158\" class=\"hero hero-no-image hero-no-image__no-breadcrumb-spacer lazy\" data-assetkey=\"hero-no-image\">\n  <div class=\"hero-no-image__container \">\n    <div class=\"hero-no-image__container-content\">\n      \n      <h1 class=\"h1\">Politique de confidentialit\u00e9<\/h1>\n    <\/div>\n  <\/div>\n<\/section>\n\n\n\n<section id=\"block_437feaf9fc7cf8c6b2052905db6cb042\"\n         class=\"content-one-column content-one-column--bg-light full-width lazy\n        \n        \n        \" data-assetkey=\"content-one-column\">\n    <div class=\"content-one-column__content\">\n        \n                <div class=\"content-one-column__heading\">\n                            <h2 class=\"h1\"><\/h2>\n                    <\/div>\n\n        \n                                                            <div class=\"content-one-column__text wysiwyg align_center_on_desktop\">\n                    <p>VOUS NE DEVEZ PAS UTILISER CE SITE SI VOUS N\u2019AVEZ PAS L\u2019\u00c2GE L\u00c9GAL DE CONSOMMER DE L\u2019ALCOOL DANS VOTRE PAYS DE R\u00c9SIDENCE OU QUE VOUS N\u2019ACCEPTEZ PAS LES MODALIT\u00c9S DES CONDITIONS G\u00c9N\u00c9RALES D\u2019UTILISATION OU DE LA PR\u00c9SENTE D\u00c9CLARATION DE CONFIDENTIALIT\u00c9. LE FAIT QUE VOUS UTILISIEZ CE SITE WEB SIGNIFIE QUE VOUS ACCEPTEZ LA PR\u00c9SENTE D\u00c9CLARATION DE CONFIDENTIALIT\u00c9, INCLUSE DANS LES CONDITIONS G\u00c9N\u00c9RALES D\u2019UTILISATION.<\/p>\n<p><a href=\"https:\/\/www.jamesonwhiskey.com\/\">www.jamesonwhiskey.com<\/a>\u00a0(le \u00ab\u00a0Site\u00a0\u00bb) est exploit\u00e9 par Irish\u00a0Distillers\u00a0Limited (\u00ab\u00a0IDL\u00a0\u00bb, \u00ab\u00a0Nous\u00a0\u00bb ou \u00ab\u00a0Notre\u00a0\u00bb), une soci\u00e9t\u00e9 priv\u00e9e enregistr\u00e9e en Irlande sous le num\u00e9ro\u00a023732 et ayant son si\u00e8ge social \u00e0 Simmonscourt\u00a0House, Simmonscourt\u00a0Road, Ballsbridge, Dublin\u00a04, Irlande.<\/p>\n\n                <\/div>\n                                                                <div class=\"content-one-column__text wysiwyg align_center_on_desktop\">\n                    <p>1. D\u00c9CLARATION G\u00c9N\u00c9RALE<br \/>\nIDL s\u2019engage \u00e0 garantir la confidentialit\u00e9 de sa client\u00e8le. En nous fournissant vos renseignements personnels, vous signifiez votre acceptation de notre D\u00e9claration de confidentialit\u00e9 et consentez \u00e0 ce que nous puissions collecter, utiliser et divulguer ces renseignements tel que d\u00e9crit dans cette D\u00e9claration de confidentialit\u00e9. Si vous n\u2019acceptez pas la pr\u00e9sente d\u00e9claration de confidentialit\u00e9, veuillez ne nous fournir aucun renseignement personnel.<\/p>\n<p>IDL s\u2019engage \u00e0 utiliser les renseignements collect\u00e9s \u00e0 votre sujet uniquement dans un cadre l\u00e9gal, conform\u00e9ment aux \u00ab Lois de protection des donn\u00e9es \u00bb de 1988 et 2003, ainsi qu\u2019\u00e0 d\u2019autres lois relatives \u00e0 la protection des donn\u00e9es en Irlande. IDL ne vend pas ni n\u2019\u00e9change avec des tiers les noms ou tout autre renseignement \u00e0 propos de notre client\u00e8le en ligne.<\/p>\n\n                <\/div>\n                                                                <div class=\"content-one-column__text wysiwyg align_center_on_desktop\">\n                    <h4 class=\"doubleHeader\">2. COLLECTE ET UTILISATION DES RENSEIGNEMENTS PERSONNELS<\/h4>\n<p>2.1 Renseignements personnels volontairement fournis<\/p>\n<p>Lorsque vous consultez ou utilisez le Site de quelque fa\u00e7on que ce soit, nous pouvons collecter et traiter les renseignements suivants\u00a0:<\/p>\n<ul>\n<li>les d\u00e9tails de vos visites sur le Site, y compris, sans s\u2019y limiter, les renseignements techniques sur vos visites (p.\u00a0ex. les donn\u00e9es de trafic et d\u2019emplacement, votre adresse IP, le site que vous consultiez avant d\u2019acc\u00e9der au n\u00f4tre et vous ayant permis d\u2019y acc\u00e9der, ainsi que le type de navigateur utilis\u00e9);<\/li>\n<li>les d\u00e9tails des transactions que vous avez effectu\u00e9es par l\u2019interm\u00e9diaire de notre Site et l\u2019ex\u00e9cution de vos commandes [nous ne conservons pas ces renseignements une fois les produits achet\u00e9s et le paiement accept\u00e9];<\/li>\n<li>les renseignements que vous nous fournissez, par exemple, en remplissant un formulaire sur notre Site; et<\/li>\n<li>si vous communiquez avec nous, il est possible que nous conservions une copie de cette correspondance.<\/li>\n<\/ul>\n<p>Nous rassemblons ces renseignements pour nous permettre de traiter votre demande ou vous fournir les biens et services demand\u00e9s, ou pour communiquer avec vous sur un sujet li\u00e9 \u00e0 la fourniture des biens et services en g\u00e9n\u00e9ral.<\/p>\n<p>[Tout renseignement ou tout \u00e9l\u00e9ment que vous transmettez au Site ou publiez sur une section publique de celui-ci, y compris des renseignements personnels, questions, commentaires, suggestions ou autres propos, sera consid\u00e9r\u00e9 et trait\u00e9 comme un renseignement non confidentiel et non exclusif. De tels renseignements personnels ne sont pas couverts par la pr\u00e9sente d\u00e9claration de confidentialit\u00e9.]<\/p>\n<p><strong>2.2 Renseignements personnels collect\u00e9s automatiquement au cours d\u2019une utilisation normale du Site<\/strong><\/p>\n<p>Ce Site utilise \u00e9galement des t\u00e9moins pour garder en m\u00e9moire des d\u00e9tails sur vos visites, y compris, sans s\u2019y limiter, des renseignements techniques sur votre visite, et pour surveiller l\u2019utilisation du Site afin de d\u00e9velopper le Site et les services que nous fournissons. Pour de plus amples renseignements sur les t\u00e9moins et leur utilisation sur le Site, veuillez consulter notre\u00a0<a href=\"https:\/\/www.jamesonwhiskey.com\/fr-CA\/cookie-statement\">D\u00e9claration sur les t\u00e9moins<\/a>.<\/p>\n<p>Pour que vous puissiez tirer pleinement parti de votre adh\u00e9sion, il est possible que nous communiquions avec vous pour vous informer des derni\u00e8res promotions et des derniers rabais et \u00e9v\u00e8nements propos\u00e9s par IDL. Lorsque vous nous fournissez vos coordonn\u00e9es, nous vous demanderons si vous souhaitez recevoir ces renseignements. Aucun renseignement ne vous sera envoy\u00e9 sans que vous ayez indiqu\u00e9 votre consentement pour les recevoir. Toutefois, vous pouvez refuser de recevoir ces renseignements en tout temps en communiquant avec nous par t\u00e9l\u00e9phone ou par courriel (coordonn\u00e9es ci-dessous dans la section \u00ab\u00a0Communiquer avec nous\u00a0\u00bb) et en demandant \u00e0 \u00eatre supprim\u00e9(e) de notre liste de distribution, ou en cliquant sur le lien \u00ab\u00a0se d\u00e9sabonner\u00a0\u00bb dans l\u2019un des courriels que nous vous avons envoy\u00e9s. Nous ne vendrons jamais vos coordonn\u00e9es \u00e0 un tiers ext\u00e9rieur \u00e0 des fins commerciales. Si vous effectuez l\u2019une de ces actions, nous ferons en sorte de mettre \u00e0 jour vos pr\u00e9f\u00e9rences ou de supprimer vos renseignements d\u00e8s qu&#8217;il est raisonnablement possible de le faire. Nous ne vendrons jamais vos coordonn\u00e9es \u00e0 un tiers ext\u00e9rieur \u00e0 des fins commerciales. Si vous effectuez l\u2019une de ces actions, nous ferons en sorte de mettre \u00e0 jour vos pr\u00e9f\u00e9rences ou de supprimer vos renseignements d\u00e8s que raisonnablement possible. Un participant qui ne souhaite pas recevoir de futures offres promotionnelles doit \u00e9crire un courriel \u00e0\u00a0<a href=\"mailto:info@jamesonwhiskey.com\">info@jamesonwhiskey.com<\/a>\u00a0pour indiquer au commanditaire qu\u2019il ne d\u00e9sire pas recevoir de telles offres.<\/p>\n\n                <\/div>\n                                                                <div class=\"content-one-column__text wysiwyg align_center_on_desktop\">\n                    <p>3. DIVULGATION DE VOS RENSEIGNEMENTS<br \/>\nNous pouvons divulguer vos renseignements \u00e0 tous les membres de notre groupe, dans et en dehors de l\u2019Espace \u00e9conomique europ\u00e9en, ce qui comprend nos filiales, notre soci\u00e9t\u00e9 de portefeuille et ses filiales qui nous fournissent des services et sont soumises \u00e0 des obligations contractuelles strictes afin de prot\u00e9ger vos renseignements personnels et de les traiter en notre nom et sous notre contr\u00f4le uniquement. Nous pouvons divulguer vos renseignements \u00e0 des tiers dans le cadre d\u2019une vente ou de l\u2019achat d\u2019une entreprise, ou si IDL ou ses ressources font l\u2019objet d\u2019une acquisition par un tiers. Nous pouvons \u00e9galement divulguer vos renseignements \u00e0 un tiers si nous sommes tenus de le faire conform\u00e9ment \u00e0 toute obligation l\u00e9gale, afin d\u2019appliquer les Conditions g\u00e9n\u00e9rales d\u2019utilisation de ce Site ou de prot\u00e9ger les droits, la propri\u00e9t\u00e9 ou la s\u00e9curit\u00e9 d\u2019IDL, de sa client\u00e8le ou d\u2019autres personnes, ce qui comprend l\u2019\u00e9change de renseignements avec d\u2019autres soci\u00e9t\u00e9s et organisations \u00e0 des fins de protection contre la fraude et de r\u00e9duction des risques de cr\u00e9dit. En soumettant vos renseignements personnels, vous acceptez qu\u2019ils soient transf\u00e9r\u00e9s, conserv\u00e9s et trait\u00e9s de la sorte.<\/p>\n\n                <\/div>\n                                                                <div class=\"content-one-column__text wysiwyg align_center_on_desktop\">\n                    <p>4. CONSERVATION DE VOS RENSEIGNEMENTS PERSONNELS<br \/>\nNous conserverons vos renseignements personnels pendant toute la dur\u00e9e d\u2019activit\u00e9 de votre compte ou pendant le temps n\u00e9cessaire \u00e0 la fourniture de services et \u00e0 l\u2019enregistrement de vos transactions aux fins de rapports financiers. Nous conserverons \u00e9galement vos renseignements personnels aussi longtemps que n\u00e9cessaire afin de nous conformer aux obligations l\u00e9gales, de r\u00e9soudre les litiges et d\u2019appliquer nos accords.<\/p>\n\n                <\/div>\n                                                                <div class=\"content-one-column__text wysiwyg align_center_on_desktop\">\n                    <p>5. VOS DROITS<br \/>\nVous \u00eates en droit de conna\u00eetre les renseignements personnels que nous d\u00e9tenons \u00e0 votre sujet et de demander la correction des donn\u00e9es inexactes. Vous \u00eates \u00e9galement en droit de nous demander la mise \u00e0 jour ou la suppression de vos renseignements en communiquant avec nous par t\u00e9l\u00e9phone ou par courriel (coordonn\u00e9es ci-dessous dans la section \u00ab Communiquer avec nous \u00bb).<\/p>\n<p>Lorsque vous faites une telle demande, veuillez fournir les identifiants personnels pr\u00e9c\u00e9demment indiqu\u00e9s sur le Site (p. ex. votre nom et votre adresse courriel). Dans certains cas, vous pouvez \u00e9galement demander la suppression des donn\u00e9es que vous nous avez fournies. Pour exercer ce droit, vous pourriez avoir \u00e0 d\u00e9terminer l\u2019infraction \u00e0 la loi sur la protection des donn\u00e9es par IDL. Toutes les demandes seront trait\u00e9es de mani\u00e8re rapide et efficace, conform\u00e9ment \u00e0 la loi en vigueur.<\/p>\n<p>Vous pouvez \u00e9galement demander une copie des renseignements vous concernant en notre possession. Des frais peuvent s\u2019appliquer pour cette demande; ils n\u2019exc\u00e8deront pas 9,95 $ CA.<\/p>\n<p>Vous pouvez refuser en tout temps le traitement de vos renseignements personnels par nos services, sauf disposition contraire pr\u00e9vue par la loi en vigueur.<\/p>\n\n                <\/div>\n                                                                <div class=\"content-one-column__text wysiwyg align_center_on_desktop\">\n                    <p>6. LIENS VERS D\u2019AUTRES SITES<br \/>\nLe Site peut contenir des liens vers des sites Internet g\u00e9r\u00e9s par des tiers. Lorsque vous cliquez sur un lien tiers, vous quittez le Site. Tout renseignement personnel fourni sur le site de destination ne sera ni collect\u00e9 ni g\u00e9r\u00e9 par IDL, mais sera r\u00e9gi par l\u2019avis de confidentialit\u00e9 et les conditions d\u2019utilisation du site de destination. Nous vous recommandons vivement de passer en revue la D\u00e9claration de confidentialit\u00e9 et les conditions d\u2019utilisation du site de destination pour en savoir plus.<\/p>\n\n                <\/div>\n                                                                <div class=\"content-one-column__text wysiwyg align_center_on_desktop\">\n                    <p>7. S\u00c9CURIT\u00c9<br \/>\nNous nous efforcerons toujours de prot\u00e9ger vos renseignements personnels contre la perte, l\u2019utilisation abusive, l\u2019acc\u00e8s ou la divulgation non autoris\u00e9s, l\u2019alt\u00e9ration ou la destruction. Nous nous engageons \u00e0 s\u00e9curiser vos renseignements, notamment en travaillant avec les principaux fournisseurs de services de paiement s\u00e9curis\u00e9. Nous prendrons toutes les mesures raisonnablement n\u00e9cessaires pour garantir que vos donn\u00e9es sont trait\u00e9es de fa\u00e7on s\u00e9curitaire et conform\u00e9ment \u00e0 la pr\u00e9sente d\u00e9claration de confidentialit\u00e9. Malheureusement, la transmission ou la collecte des donn\u00e9es par Internet n\u2019est jamais totalement s\u00e9curitaire. C\u2019est pourquoi, malgr\u00e9 tous nos efforts pour prot\u00e9ger vos renseignements personnels, nous ne pouvons pas garantir la s\u00e9curit\u00e9 des transmissions.<\/p>\n\n                <\/div>\n                                                                <div class=\"content-one-column__text wysiwyg align_center_on_desktop\">\n                    <p>8. MODIFICATIONS DE LA D\u00c9CLARATION DE CONFIDENTIALIT\u00c9<br \/>\nLa pr\u00e9sente d\u00e9claration de confidentialit\u00e9 est susceptible d\u2019\u00eatre modifi\u00e9e \u00e0 mesure de l\u2019\u00e9volution du Site, afin de tirer parti des avanc\u00e9es techniques. Par cons\u00e9quent, nous encourageons les utilisateurs \u00e0 lire les Conditions g\u00e9n\u00e9rales d\u2019utilisation et \u00e0 v\u00e9rifier r\u00e9guli\u00e8rement la pr\u00e9sente d\u00e9claration de confidentialit\u00e9.<\/p>\n\n                <\/div>\n                                                                <div class=\"content-one-column__text wysiwyg align_center_on_desktop\">\n                    <p>9. COMMUNIQUER AVEC NOUS<br \/>\nPour toute question concernant des probl\u00e8mes de s\u00e9curit\u00e9 ou de confidentialit\u00e9, envoyez un courriel \u00e0info@jamesonwhiskey.com ou appelez-nous au +44 28 90663344.<\/p>\n\n                <\/div>\n                        <\/div>\n\n    <\/section>\n","protected":false},"excerpt":{"rendered":"","protected":false},"author":29,"featured_media":0,"parent":0,"menu_order":22,"comment_status":"closed","ping_status":"closed","template":"","meta":{"_acf_changed":false,"_seopress_robots_primary_cat":"","_seopress_titles_title":"","_seopress_titles_desc":"","_seopress_robots_index":"","inline_featured_image":false,"footnotes":""},"categories":[],"tags":[],"our-world-category":[],"class_list":["post-136763","page","type-page","status-publish","hentry"],"acf":[],"_links":{"self":[{"href":"https:\/\/www.jamesonwhiskey.com\/fr-ca\/wp-json\/wp\/v2\/pages\/136763","targetHints":{"allow":["GET"]}}],"collection":[{"href":"https:\/\/www.jamesonwhiskey.com\/fr-ca\/wp-json\/wp\/v2\/pages"}],"about":[{"href":"https:\/\/www.jamesonwhiskey.com\/fr-ca\/wp-json\/wp\/v2\/types\/page"}],"author":[{"embeddable":true,"href":"https:\/\/www.jamesonwhiskey.com\/fr-ca\/wp-json\/wp\/v2\/users\/29"}],"replies":[{"embeddable":true,"href":"https:\/\/www.jamesonwhiskey.com\/fr-ca\/wp-json\/wp\/v2\/comments?post=136763"}],"version-history":[{"count":0,"href":"https:\/\/www.jamesonwhiskey.com\/fr-ca\/wp-json\/wp\/v2\/pages\/136763\/revisions"}],"wp:attachment":[{"href":"https:\/\/www.jamesonwhiskey.com\/fr-ca\/wp-json\/wp\/v2\/media?parent=136763"}],"wp:term":[{"taxonomy":"category","embeddable":true,"href":"https:\/\/www.jamesonwhiskey.com\/fr-ca\/wp-json\/wp\/v2\/categories?post=136763"},{"taxonomy":"post_tag","embeddable":true,"href":"https:\/\/www.jamesonwhiskey.com\/fr-ca\/wp-json\/wp\/v2\/tags?post=136763"},{"taxonomy":"our-world-category","embeddable":true,"href":"https:\/\/www.jamesonwhiskey.com\/fr-ca\/wp-json\/wp\/v2\/our-world-category?post=136763"}],"curies":[{"name":"wp","href":"https:\/\/api.w.org\/{rel}","templated":true}]}}