{"id":136765,"date":"2021-09-02T10:58:27","date_gmt":"2021-09-02T10:58:27","guid":{"rendered":"https:\/\/www.jamesonwhiskey.com\/terms-and-condititions\/"},"modified":"2023-06-19T12:47:50","modified_gmt":"2023-06-19T12:47:50","slug":"terms-and-condititions","status":"publish","type":"page","link":"https:\/\/www.jamesonwhiskey.com\/fr-ca\/terms-and-condititions\/","title":{"rendered":"Conditions g\u00e9n\u00e9rales d\u2019utilisation"},"content":{"rendered":"\n<section id=\"block_dd27040a4332c6d3b684d89792968e28\" class=\"hero hero-no-image hero-no-image__no-breadcrumb-spacer lazy\" data-assetkey=\"hero-no-image\">\n  <div class=\"hero-no-image__container hero-no-image__container-fullwidth\">\n    <div class=\"hero-no-image__container-content\">\n      \n      <h1 class=\"h1\">Conditions g\u00e9n\u00e9rales d\u2019utilisation<\/h1>\n    <\/div>\n  <\/div>\n<\/section>\n\n\n\n<section id=\"block_3200c1afd1ec93a1fca2d8ef5d0d59ca\"\n         class=\"content-one-column content-one-column--bg-light full-width lazy\n        \n        \n        \" data-assetkey=\"content-one-column\">\n    <div class=\"content-one-column__content\">\n        \n                <div class=\"content-one-column__heading\">\n                            <h2 class=\"h1\"><\/h2>\n                    <\/div>\n\n        \n                                                            <div class=\"content-one-column__text wysiwyg align_center_on_desktop\">\n                    <p>LES CONDITIONS G\u00c9N\u00c9RALES D\u2019UTILISATION SUIVANTES S\u2019APPLIQUENT AUX UTILISATEURS AINSI QU\u2019\u00c0 TOUTES LES PERSONNES QUI CONSULTENT www.jamesonwhiskey.com (CE \u00ab\u00a0SITE\u00a0\u00bb) OU QUI Y ONT ACC\u00c8S. EN UTILISANT OU EN CONSULTANT CE SITE, VOUS EN ACCEPTEZ CES CONDITIONS. SI VOUS NE LES ACCEPTEZ PAS, N\u2019UTILISEZ PAS CE SITE. TOUT ACC\u00c8S \u00c0 CE SITE WEB OU TOUTE UTILISATION DE CELUI-CI EST AUX RISQUES DE L\u2019UTILISATEUR.<\/p>\n<p>Le pr\u00e9sent site est exploit\u00e9 par Irish\u00a0Distillers\u00a0Limited (\u00ab\u00a0IDL\u00a0\u00bb ou \u00ab\u00a0Nous\u00a0\u00bb), une soci\u00e9t\u00e9 priv\u00e9e enregistr\u00e9e en Irlande sous le num\u00e9ro\u00a023732 et ayant son si\u00e8ge social \u00e0 Simmonscourt\u00a0House, Simmonscourt\u00a0Road, Ballsbridge, Dublin\u00a04, Irlande. Veuillez envoyer un courriel \u00e0\u00a0<a href=\"mailto:info@jamesonwhiskey.com\">info@jamesonwhiskey.com<\/a>\u00a0pour toute pr\u00e9occupation que vous pourriez avoir \u00e0 propos de ce site ou de ces conditions g\u00e9n\u00e9rales d\u2019utilisation.<\/p>\n\n                <\/div>\n                                                                <div class=\"content-one-column__text wysiwyg align_center_on_desktop\">\n                    <p>1. <strong>ATTENTION : L&#8217;\u00c2GE L\u00c9GAL DE CONSOMMATION D&#8217;ALCOOL AU CANADA VARIE SELON LES PROVINCES ET LES TERRITOIRES. SI CE N\u2019EST PAS LE CAS, N\u2019ENTREZ PAS SUR LE SITE.<\/strong><\/p>\n\n                <\/div>\n                                                                <div class=\"content-one-column__text wysiwyg align_center_on_desktop\">\n                    <p>2. RESTRICTIONS D\u2019UTILISATION. L\u2019acc\u00e8s au Site est autoris\u00e9 \u00e0 titre temporaire et nous nous r\u00e9servons le droit de retirer, de suspendre ou de modifier les services que nous fournissons sur le Site sans pr\u00e9avis. Le Site \u00e9volue et est mis \u00e0 jour r\u00e9guli\u00e8rement, et IDL ne pourra pas \u00eatre tenue responsable si, pour quelque raison que ce soit, le Site ou tout contenu du Site n&#8217;est pas disponible \u00e0 tout moment ou pendant une p\u00e9riode. Le contenu de ce Site ne peut \u00eatre modifi\u00e9, copi\u00e9, reproduit, distribu\u00e9, republi\u00e9, t\u00e9l\u00e9vers\u00e9, publi\u00e9 ou transmis de quelque fa\u00e7on que ce soit sans le consentement pr\u00e9alable \u00e9crit d\u2019IDL. IDL est d\u00e9tenteur ou licenci\u00e9 de tous les droits de propri\u00e9t\u00e9 intellectuelle sur le Site et du contenu qui y est publi\u00e9. Tous ces droits sont r\u00e9serv\u00e9s. Aucun titre ni aucun droit de propri\u00e9t\u00e9 intellectuelle ne peut vous \u00eatre transf\u00e9r\u00e9 par l\u2019acc\u00e8s au pr\u00e9sent site ou par son utilisation; au contraire, tous les droits, titres et int\u00e9r\u00eats relatifs au Site demeurent la propri\u00e9t\u00e9 d\u2019IDL. Le contenu de ce Site est fourni uniquement \u00e0 des fins l\u00e9gales.<\/p>\n\n                <\/div>\n                                                                <div class=\"content-one-column__text wysiwyg align_center_on_desktop\">\n                    <p>3. LIMITATION DE RESPONSABILIT\u00c9. Dans la mesure autoris\u00e9e par la loi, IDL ne saurait en aucun cas \u00eatre tenue responsable en cas de perte ou de dommage, quels qu\u2019ils soient (y compris, sans s\u2019y limiter, les pertes directes, indirectes, accidentelles ou immat\u00e9rielles telles que la perte de profit, de revenu ou de client\u00e8le, l\u2019interruption de l\u2019activit\u00e9, la perte de donn\u00e9es ou de renseignements, ou les dommages particuliers ou punitifs, m\u00eame dans le cas o\u00f9 IDL a \u00e9t\u00e9 notifi\u00e9e en temps utile d\u2019un tel risque de dommage ou de perte), de pr\u00e9judice ou de blessure de quelque mani\u00e8re que cela survienne et que ce soit caus\u00e9 par un acte d\u00e9lictuel, une rupture de contrat ou une autre raison provenant ou r\u00e9sultant de l\u2019utilisation du Site ou de son acc\u00e8s (ou y \u00e9tant li\u00e9s), ou de l\u2019incapacit\u00e9 \u00e0 utiliser le Site, tout contenu pr\u00e9sent sur le Site ou les sites qui y sont associ\u00e9s, ou sont caus\u00e9s par ce qui suit : d\u00e9faut d\u2019ex\u00e9cution, erreur, omission, interruption, d\u00e9fectuosit\u00e9, d\u00e9lai de transmission, virus informatique ou d\u00e9faillance de la ligne. Aucun \u00e9l\u00e9ment de ces Conditions g\u00e9n\u00e9rales d\u2019utilisation n\u2019exclut la responsabilit\u00e9 d\u2019IDL en cas de d\u00e9c\u00e8s ou de dommage corporel r\u00e9sultant de sa n\u00e9gligence, ni sa responsabilit\u00e9 en cas de fausse d\u00e9claration intentionnelle ou de fausse d\u00e9claration relative \u00e0 une question essentielle, ni toute autre responsabilit\u00e9 qui ne peut \u00eatre exclue ou limit\u00e9e conform\u00e9ment \u00e0 la loi en vigueur. LE CONTENU DU SITE PEUT CONTENIR DES INEXACTITUDES TECHNIQUES OU DES ERREURS TYPOGRAPHIQUES. LE CONTENU DU SITE EST FOURNI \u00ab TEL QUEL \u00bb ET, DANS TOUTE LA MESURE AUTORIS\u00c9E PAR LA LOI, SANS GARANTIE D\u2019AUCUNE SORTE, EXPRESSE OU IMPLICITE (D\u00c9COULANT DU DROIT, DE LA COMMON LAW, DES USAGES DU COMMERCE, DES HABITUDES COMMERCIALES OU D\u2019UNE AUTRE SOURCE). DANS TOUTE LA MESURE AUTORIS\u00c9E PAR LES LOIS EN VIGUEUR, IDL D\u00c9CLINE TOUTE RESPONSABILIT\u00c9 EN CAS DE N\u00c9GLIGENCE ET REJETTE TOUTES D\u00c9CLARATIONS ET GARANTIES, EXPRESSES OU IMPLICITES, Y COMPRIS, SANS S\u2019Y LIMITER, LES GARANTIES IMPLICITES DE QUALIT\u00c9 MARCHANDE, D\u2019AD\u00c9QUATION \u00c0 UNE UTILISATION PARTICULI\u00c8RE OU D\u2019ABSENCE DE CONTREFA\u00c7ON. IDL NE DONNE AUCUNE GARANTIE ET NE FAIT AUCUNE D\u00c9CLARATION IMPLIQUANT QUE L\u2019UTILISATION DE CE SITE SERA ININTERROMPUE ET SANS ERREUR, QUE LE CONTENU PR\u00c9SENT\u00c9 SERA CORRECT, EXACT OU FIABLE, OU QUE CE SITE OU LE SERVEUR PERMETTANT SON FONCTIONNEMENT SONT EXEMPTS DE VIRUS OU AUTRES COMPOSANTS NUISIBLES. IDL NE DONNE AUCUNE GARANTIE, NE FAIT AUCUNE D\u00c9CLARATION QUANT \u00c0 SA RESPONSABILIT\u00c9 ET D\u00c9CLINE TOUTE RESPONSABILIT\u00c9 CONCERNANT L\u2019UTILISATION OU LA FIABILIT\u00c9 DES RENSEIGNEMENTS CONTENUS DANS CE SITE QUANT \u00c0 LEUR EXACTITUDE, LEUR FIABILIT\u00c9 OU AUTRE. VOUS (ET NON IDL) VOUS ENGAGEZ \u00c0 ASSUMER LA TOTALIT\u00c9 DES CO\u00dbTS D\u2019ENTRETIEN, DE R\u00c9PARATION OU DE CORRECTION N\u00c9CESSAIRES.<\/p>\n\n                <\/div>\n                                                                <div class=\"content-one-column__text wysiwyg align_center_on_desktop\">\n                    <p>4. SOUMISSIONS. En envoyant vos remarques, suggestions, questions, id\u00e9es, concepts cr\u00e9atifs, graphiques ou tout autre renseignement (collectivement, une \u00ab Soumission \u00bb), vous acceptez d\u2019accorder \u00e0 IDL une licence non exclusive pour l\u2019utilisation de cette Soumission. M\u00eame si vous conserverez vos droits d\u2019auteur sur votre Soumission, IDL sera autoris\u00e9e \u00e0 utiliser, modifier, alt\u00e9rer, reproduire, publier ou distribuer librement les \u00e9l\u00e9ments contenus dans votre Soumission. Cette licence sera gratuite et perp\u00e9tuelle avec possibilit\u00e9 d\u2019une sous-licence. IDL ne sera pas tenue de traiter la Soumission de fa\u00e7on confidentielle et sa responsabilit\u00e9 ne sera pas engag\u00e9e en cas d\u2019utilisation, quelle qu\u2019elle soit, ou de divulgation de la Soumission; IDL ne devra fournir ni compensation ni reconnaissance pour la Soumission. IDL peut exercer pleinement l\u2019ensemble des droits d\u2019auteur et de publicit\u00e9 sur les \u00e9l\u00e9ments contenus dans votre Soumission dans toutes les juridictions, et ce, pour l\u2019int\u00e9gralit\u00e9 de la p\u00e9riode pendant laquelle de tels droits existent dans ces \u00e9l\u00e9ments. Vous devez vous assurer que votre Soumission n\u2019enfreint aucun droit d\u2019auteur, droit relatif aux bases de donn\u00e9es, droit de marque ou autre droit de propri\u00e9t\u00e9 intellectuelle d\u2019une autre personne et qu\u2019elle ne comporte aucun contenu ill\u00e9gal, mena\u00e7ant, calomnieux, diffamatoire, obsc\u00e8ne, pornographique ou blasph\u00e9matoire qui pourrait constituer ou encourager un comportement d\u00e9lictueux ou ill\u00e9gal, ou qui inciterait \u00e0 une consommation d\u2019alcool irresponsable ou en ferait la promotion (collectivement, le \u00ab Contenu inappropri\u00e9 \u00bb). En envoyant votre Soumission, vous certifiez que vous avez le droit d\u2019accorder \u00e0 IDL une licence de droit d\u2019auteur non exclusive, comme susmentionn\u00e9, et qu\u2019elle est exempte de tout Contenu inappropri\u00e9. Si vous n\u2019\u00eates pas en position d\u2019accorder une telle licence ni de garantir l\u2019absence de Contenu inappropri\u00e9, veuillez ne pas envoyer votre Soumission. IDL se r\u00e9serve le droit d\u2019alt\u00e9rer ou de modifier toute Soumission avant sa publication (le cas \u00e9ch\u00e9ant) afin de supprimer tout Contenu inappropri\u00e9.<\/p>\n\n                <\/div>\n                                                                <div class=\"content-one-column__text wysiwyg align_center_on_desktop\">\n                    <p>5. JURIDICTION. Le pr\u00e9sent accord est r\u00e9gi par les lois en vigueur en Irlande, en d\u00e9pit de tout principe relatif aux conflits de lois. Tout litige d\u00e9coulant de ces Conditions g\u00e9n\u00e9rales d\u2019utilisation sera soumis \u00e0 la juridiction exclusive des tribunaux irlandais, sans que cela porte atteinte au droit d\u2019IDL d\u2019intenter une action en justice contre vous pour violation des pr\u00e9sentes conditions dans votre pays de r\u00e9sidence ou tout autre pays. Sauf indication contraire, tout le contenu du Site est uniquement fourni \u00e0 titre de renseignement concernant IDL et ses produits. IDL g\u00e8re et exploite ce Site \u00e0 partir de la R\u00e9publique d\u2019Irlande et ne pr\u00e9tend en aucune fa\u00e7on que ledit contenu est appropri\u00e9 ou disponible \u00e0 un usage dans d\u2019autres lieux.<\/p>\n\n                <\/div>\n                                                                <div class=\"content-one-column__text wysiwyg align_center_on_desktop\">\n                    <p>6. RENSEIGNEMENTS SUR LES MARQUES DE COMMERCE. Toutes les marques de commerce et l\u2019ensemble des logos, designs, \u00e9tiquettes et designs de bouteilles qui s\u2019y rapportent, ainsi que tout autre droit de propri\u00e9t\u00e9 intellectuelle associ\u00e9 aux produits et aux marques d\u2019IDL utilis\u00e9s dans les pr\u00e9sentes sont la propri\u00e9t\u00e9 d\u2019Irish Distillers; une liste de ces marques de commerce peut \u00eatre demand\u00e9e au responsable des services Internet, Irish Distillers Ltd. Simmonscourt House, Simmonscourt Road, Ballsbridge, Dublin 4, Irlande. L\u2019utilisation correcte ou incorrecte de ces marques de commerce ou de tout contenu pr\u00e9sent sur le Site, \u00e0 l\u2019exception des cas d\u00e9crits ci-dessus, est strictement interdite. Toutes les autres marques de commerce sont la propri\u00e9t\u00e9 de leurs d\u00e9tenteurs respectifs.<\/p>\n\n                <\/div>\n                                                                <div class=\"content-one-column__text wysiwyg align_center_on_desktop\">\n                    <p>7. RENSEIGNEMENTS SUR VOUS ET VOTRE ACC\u00c8S AU SITE. IDL traite les renseignements vous concernant conform\u00e9ment \u00e0 sa D\u00e9claration de confidentialit\u00e9, disponible ici. En utilisant le Site, vous consentez \u00e0 cette proc\u00e9dure et vous engagez \u00e0 ne fournir que des renseignements exacts et \u00e0 jour.<\/p>\n\n                <\/div>\n                                                                <div class=\"content-one-column__text wysiwyg align_center_on_desktop\">\n                    <p>8. VIRUS, PIRATAGE INFORMATIQUE ET AUTRES INFRACTIONS. Il est interdit d\u2019utiliser notre Site \u00e0 des fins abusives en y introduisant volontairement des virus, chevaux de Troie, vers informatiques, bombes logiques ou tout autre contenu malveillant ou technologiquement nuisible. Il est interdit de chercher \u00e0 obtenir un acc\u00e8s non autoris\u00e9 au Site, au service sur lequel le Site est sauvegard\u00e9 ou h\u00e9berg\u00e9, ou aux serveurs, ordinateurs ou bases de donn\u00e9es connect\u00e9s au Site. Il est \u00e9galement interdit d\u2019attaquer ce Site au moyen d\u2019une attaque par d\u00e9ni de service ou d\u2019une attaque par d\u00e9ni de service distribu\u00e9, ou de tout autre moyen. IDL ne sera pas tenu responsable des dommages ou des pertes caus\u00e9s par une attaque par d\u00e9ni de service distribu\u00e9, des virus ou tout autre contenu technologiquement nuisible qui seraient susceptibles d\u2019infecter le mat\u00e9riel ou les programmes informatiques, les donn\u00e9es ou tout autre contenu propri\u00e9taire du fait de l\u2019utilisation du Site ou du t\u00e9l\u00e9versement des documents publi\u00e9s sur celui-ci ou sur tout site Web y \u00e9tant associ\u00e9.<\/p>\n\n                <\/div>\n                                                                <div class=\"content-one-column__text wysiwyg align_center_on_desktop\">\n                    <p>9. DIVERS. Les produits et les promotions d\u2019IDL sont fabriqu\u00e9s et disponibles dans de nombreuses parties du monde. Toutefois, il est possible que ce Site d\u00e9crive des produits, des promotions ou des concours non disponibles dans votre pays ou votre territoire\/province de r\u00e9sidence. Ce Site peut contenir des liens vers d\u2019autres sites et IDL ne pourra \u00eatre tenu responsable du contenu pr\u00e9sent sur ces sites. L\u2019inclusion d\u2019un lien vers un autre site est fournie \u00e0 titre de renseignement uniquement et n\u2019implique aucune approbation de ces sites de la part d\u2019IDL. Par ailleurs, IDL ne fait aucune d\u00e9claration ni ne donne de garantie concernant de tels sites. Tout manquement, de la part d\u2019IDL, quant \u00e0 l\u2019application d\u2019un droit en vertu des pr\u00e9sentes conditions g\u00e9n\u00e9rales d\u2019utilisation, ou de toute partie de celles-ci, ne constitue pas la renonciation \u00e0 ce droit ou \u00e0 cette partie des Conditions g\u00e9n\u00e9rales d\u2019utilisation. Si une partie des pr\u00e9sentes conditions g\u00e9n\u00e9rales d\u2019utilisation est ill\u00e9gale, nulle ou inapplicable, cette partie sera r\u00e9put\u00e9e indivisible et n\u2019affectera pas la validit\u00e9 de toute disposition restante. IDL est susceptible de r\u00e9viser ces Conditions g\u00e9n\u00e9rales d\u2019utilisation ou le contenu du Site \u00e0 tout moment en mettant \u00e0 jour cette publication. Vous \u00eates li\u00e9 par de telles r\u00e9visions; vous devez donc consulter cette page r\u00e9guli\u00e8rement pour acc\u00e9der \u00e0 la toute nouvelle version des Conditions g\u00e9n\u00e9rales d\u2019utilisation auxquelles vous \u00eates li\u00e9.<\/p>\n\n                <\/div>\n                                                                <div class=\"content-one-column__text wysiwyg align_center_on_desktop\">\n                    <p>Merci pour votre visite sur notre site. Consommez nos produits avec mod\u00e9ration. Tous droits r\u00e9serv\u00e9s. Irish Distillers Limited \u2014 Enregistr\u00e9e en Irlande \u2014 Num\u00e9ro 23732 \u2014 Si\u00e8ge social : Simmonscourt House, Simmonscourt Road, Ballsbridge, Dublin 4, Irlande.<\/p>\n\n                <\/div>\n                        <\/div>\n\n    <\/section>\n","protected":false},"excerpt":{"rendered":"","protected":false},"author":29,"featured_media":0,"parent":0,"menu_order":24,"comment_status":"closed","ping_status":"closed","template":"","meta":{"_acf_changed":false,"_seopress_robots_primary_cat":"","_seopress_titles_title":"","_seopress_titles_desc":"","_seopress_robots_index":"","inline_featured_image":false,"footnotes":""},"categories":[],"tags":[],"our-world-category":[],"class_list":["post-136765","page","type-page","status-publish","hentry"],"acf":[],"_links":{"self":[{"href":"https:\/\/www.jamesonwhiskey.com\/fr-ca\/wp-json\/wp\/v2\/pages\/136765","targetHints":{"allow":["GET"]}}],"collection":[{"href":"https:\/\/www.jamesonwhiskey.com\/fr-ca\/wp-json\/wp\/v2\/pages"}],"about":[{"href":"https:\/\/www.jamesonwhiskey.com\/fr-ca\/wp-json\/wp\/v2\/types\/page"}],"author":[{"embeddable":true,"href":"https:\/\/www.jamesonwhiskey.com\/fr-ca\/wp-json\/wp\/v2\/users\/29"}],"replies":[{"embeddable":true,"href":"https:\/\/www.jamesonwhiskey.com\/fr-ca\/wp-json\/wp\/v2\/comments?post=136765"}],"version-history":[{"count":0,"href":"https:\/\/www.jamesonwhiskey.com\/fr-ca\/wp-json\/wp\/v2\/pages\/136765\/revisions"}],"wp:attachment":[{"href":"https:\/\/www.jamesonwhiskey.com\/fr-ca\/wp-json\/wp\/v2\/media?parent=136765"}],"wp:term":[{"taxonomy":"category","embeddable":true,"href":"https:\/\/www.jamesonwhiskey.com\/fr-ca\/wp-json\/wp\/v2\/categories?post=136765"},{"taxonomy":"post_tag","embeddable":true,"href":"https:\/\/www.jamesonwhiskey.com\/fr-ca\/wp-json\/wp\/v2\/tags?post=136765"},{"taxonomy":"our-world-category","embeddable":true,"href":"https:\/\/www.jamesonwhiskey.com\/fr-ca\/wp-json\/wp\/v2\/our-world-category?post=136765"}],"curies":[{"name":"wp","href":"https:\/\/api.w.org\/{rel}","templated":true}]}}