{"id":491886,"date":"2023-04-11T20:21:44","date_gmt":"2023-04-11T20:21:44","guid":{"rendered":"https:\/\/live-jameson.pantheonsite.io\/notre-whiskey\/jameson-18-ans-dage\/"},"modified":"2024-01-04T16:41:01","modified_gmt":"2024-01-04T16:41:01","slug":"jameson-18-years","status":"publish","type":"page","link":"https:\/\/www.jamesonwhiskey.com\/fr-ca\/our-whiskey\/jameson-18-years\/","title":{"rendered":"Jameson 18 ans d\u2019\u00e2ge"},"content":{"rendered":"<section id=\"block_d297a44dfc70622bb3b9e6191305cae3\" class=\"hero hero-halfscreen  lazy\" data-assetkey=\"hero-halfscreen\" data-colour_filter='none' data-colour_filter_opacity='51'>\n\t\t\n\t<div class=\"hero-halfscreen__img_content\">\n\t\t\t\t\t<div class=\"hero-halfscreen__img_content-breadcrumbs\">\n\t\t\t\t\t\t\t\t\t            \n\t\t\t\t\t\t\t<\/div>\n\t\t\n\t\t\t\t\t\t\t\t\t\t\n\n\t\t\t\t\t\t\n\t\t<picture class=\"hero-halfscreen__picture\">\n\t\t\t<source media=\"(min-width: 768px)\" class=\"hero-halfscreen__source hero-halfscreen__source--desktop\" srcset=\"https:\/\/ik.imagekit.io\/cvygf2xse\/jamesonwhiskey\/wp-content\/uploads\/2022\/03\/PRIR2010_JAMESON_18Y_Scen_3-aspect-ratio-960-730.jpg?tr=q-80,w-1920 1920w, https:\/\/ik.imagekit.io\/cvygf2xse\/jamesonwhiskey\/wp-content\/uploads\/2022\/03\/PRIR2010_JAMESON_18Y_Scen_3-aspect-ratio-960-730.jpg?tr=q-80,w-1650 1650w, https:\/\/ik.imagekit.io\/cvygf2xse\/jamesonwhiskey\/wp-content\/uploads\/2022\/03\/PRIR2010_JAMESON_18Y_Scen_3-aspect-ratio-960-730.jpg?tr=q-80,w-1440 1440w, https:\/\/ik.imagekit.io\/cvygf2xse\/jamesonwhiskey\/wp-content\/uploads\/2022\/03\/PRIR2010_JAMESON_18Y_Scen_3-aspect-ratio-960-730.jpg?tr=q-80,w-1280 1280w, https:\/\/ik.imagekit.io\/cvygf2xse\/jamesonwhiskey\/wp-content\/uploads\/2022\/03\/PRIR2010_JAMESON_18Y_Scen_3-aspect-ratio-960-730.jpg?tr=q-80,w-1024 1024w, https:\/\/ik.imagekit.io\/cvygf2xse\/jamesonwhiskey\/wp-content\/uploads\/2022\/03\/PRIR2010_JAMESON_18Y_Scen_3-aspect-ratio-960-730.jpg?tr=q-80,w-768 768w, https:\/\/ik.imagekit.io\/cvygf2xse\/jamesonwhiskey\/wp-content\/uploads\/2022\/03\/PRIR2010_JAMESON_18Y_Scen_3-aspect-ratio-960-730.jpg?tr=q-80,w-500 500w, https:\/\/ik.imagekit.io\/cvygf2xse\/jamesonwhiskey\/wp-content\/uploads\/2022\/03\/PRIR2010_JAMESON_18Y_Scen_3-aspect-ratio-960-730.jpg?tr=q-80,w-420 420w, https:\/\/ik.imagekit.io\/cvygf2xse\/jamesonwhiskey\/wp-content\/uploads\/2022\/03\/PRIR2010_JAMESON_18Y_Scen_3-aspect-ratio-960-730.jpg?tr=q-80,w-400 400w, https:\/\/ik.imagekit.io\/cvygf2xse\/jamesonwhiskey\/wp-content\/uploads\/2022\/03\/PRIR2010_JAMESON_18Y_Scen_3-aspect-ratio-960-730.jpg?tr=q-80,w-375 375w, https:\/\/ik.imagekit.io\/cvygf2xse\/jamesonwhiskey\/wp-content\/uploads\/2022\/03\/PRIR2010_JAMESON_18Y_Scen_3-aspect-ratio-960-730.jpg?tr=q-80,w-360 360w, https:\/\/ik.imagekit.io\/cvygf2xse\/jamesonwhiskey\/wp-content\/uploads\/2022\/03\/PRIR2010_JAMESON_18Y_Scen_3-aspect-ratio-960-730.jpg?tr=q-80,w-320 320w, https:\/\/ik.imagekit.io\/cvygf2xse\/jamesonwhiskey\/wp-content\/uploads\/2022\/03\/PRIR2010_JAMESON_18Y_Scen_3-aspect-ratio-960-730.jpg?tr=q-80,w-300 300w, https:\/\/ik.imagekit.io\/cvygf2xse\/jamesonwhiskey\/wp-content\/uploads\/2022\/03\/PRIR2010_JAMESON_18Y_Scen_3-aspect-ratio-960-730.jpg?tr=q-80,w-275 275w, https:\/\/ik.imagekit.io\/cvygf2xse\/jamesonwhiskey\/wp-content\/uploads\/2022\/03\/PRIR2010_JAMESON_18Y_Scen_3-aspect-ratio-960-730.jpg?tr=q-80,w-200 200w, https:\/\/ik.imagekit.io\/cvygf2xse\/jamesonwhiskey\/wp-content\/uploads\/2022\/03\/PRIR2010_JAMESON_18Y_Scen_3-aspect-ratio-960-730.jpg?tr=q-80,w-100 100w, \" sizes=\"(min-width: 1440px) 100vw, (min-width: 1024px) 1024px, (min-width: 768px) 768px\">\n\t\t\t<source class=\"hero-halfscreen__source hero-halfscreen__source--mobile\" srcset=\"https:\/\/ik.imagekit.io\/cvygf2xse\/jamesonwhiskey\/wp-content\/uploads\/2022\/03\/PRIR2010_JAMESON_18Y_Scen_3.jpg?tr=q-80,w-1920 1920w, https:\/\/ik.imagekit.io\/cvygf2xse\/jamesonwhiskey\/wp-content\/uploads\/2022\/03\/PRIR2010_JAMESON_18Y_Scen_3.jpg?tr=q-80,w-1650 1650w, https:\/\/ik.imagekit.io\/cvygf2xse\/jamesonwhiskey\/wp-content\/uploads\/2022\/03\/PRIR2010_JAMESON_18Y_Scen_3.jpg?tr=q-80,w-1440 1440w, https:\/\/ik.imagekit.io\/cvygf2xse\/jamesonwhiskey\/wp-content\/uploads\/2022\/03\/PRIR2010_JAMESON_18Y_Scen_3.jpg?tr=q-80,w-1280 1280w, https:\/\/ik.imagekit.io\/cvygf2xse\/jamesonwhiskey\/wp-content\/uploads\/2022\/03\/PRIR2010_JAMESON_18Y_Scen_3.jpg?tr=q-80,w-1024 1024w, https:\/\/ik.imagekit.io\/cvygf2xse\/jamesonwhiskey\/wp-content\/uploads\/2022\/03\/PRIR2010_JAMESON_18Y_Scen_3.jpg?tr=q-80,w-768 768w, https:\/\/ik.imagekit.io\/cvygf2xse\/jamesonwhiskey\/wp-content\/uploads\/2022\/03\/PRIR2010_JAMESON_18Y_Scen_3.jpg?tr=q-80,w-500 500w, https:\/\/ik.imagekit.io\/cvygf2xse\/jamesonwhiskey\/wp-content\/uploads\/2022\/03\/PRIR2010_JAMESON_18Y_Scen_3.jpg?tr=q-80,w-420 420w, https:\/\/ik.imagekit.io\/cvygf2xse\/jamesonwhiskey\/wp-content\/uploads\/2022\/03\/PRIR2010_JAMESON_18Y_Scen_3.jpg?tr=q-80,w-400 400w, https:\/\/ik.imagekit.io\/cvygf2xse\/jamesonwhiskey\/wp-content\/uploads\/2022\/03\/PRIR2010_JAMESON_18Y_Scen_3.jpg?tr=q-80,w-375 375w, https:\/\/ik.imagekit.io\/cvygf2xse\/jamesonwhiskey\/wp-content\/uploads\/2022\/03\/PRIR2010_JAMESON_18Y_Scen_3.jpg?tr=q-80,w-360 360w, https:\/\/ik.imagekit.io\/cvygf2xse\/jamesonwhiskey\/wp-content\/uploads\/2022\/03\/PRIR2010_JAMESON_18Y_Scen_3.jpg?tr=q-80,w-320 320w, https:\/\/ik.imagekit.io\/cvygf2xse\/jamesonwhiskey\/wp-content\/uploads\/2022\/03\/PRIR2010_JAMESON_18Y_Scen_3.jpg?tr=q-80,w-300 300w, https:\/\/ik.imagekit.io\/cvygf2xse\/jamesonwhiskey\/wp-content\/uploads\/2022\/03\/PRIR2010_JAMESON_18Y_Scen_3.jpg?tr=q-80,w-275 275w, https:\/\/ik.imagekit.io\/cvygf2xse\/jamesonwhiskey\/wp-content\/uploads\/2022\/03\/PRIR2010_JAMESON_18Y_Scen_3.jpg?tr=q-80,w-200 200w, https:\/\/ik.imagekit.io\/cvygf2xse\/jamesonwhiskey\/wp-content\/uploads\/2022\/03\/PRIR2010_JAMESON_18Y_Scen_3.jpg?tr=q-80,w-100 100w, \" sizes=\"(min-width: 768px) 768px, (min-width: 500px) 500px, 250px\">\n\t\t\t<img loading=\"lazy\" decoding=\"async\" class=\"hero-halfscreen__image\" src=\"https:\/\/ik.imagekit.io\/cvygf2xse\/jamesonwhiskey\/wp-content\/uploads\/2022\/03\/PRIR2010_JAMESON_18Y_Scen_3-aspect-ratio-960-730.jpg?tr=q-80,w-2500\" width=\"2500\" height=\"1901\" alt=\"\" role=\"presentation\">\n\t\t<\/picture>\n\t<\/div>\n\n\t<div\n\t\tclass=\"hero-halfscreen__content\" data-background=\"\">\n\t\t\t\t\t\t\t\t\n\t\t  <div class=\"subheading \">\n    <div class=\"subheading__line\"><\/div>\n    <h2 class=\"h6\">Notre whiskey<\/h2>\n  <\/div>\n\n\t\t<h1 class=\"h1\">WHISKEY IRLANDAIS JAMESON 18\u00a0ANS D\u2019\u00c2GE<\/h1>\n\n\t\t\t\t\t<div class=\"hero-halfscreen__content-intro wysiwyg\">\n\t\t\t\t<p>Vous \u00eates tomb\u00e9 sur quelque chose de sp\u00e9cial ici. Jameson 18 ans a \u00e9t\u00e9 con\u00e7u pour rendre toute occasion m\u00e9morable. C\u2019est un whiskey de 18 ans, le genre de chose que vous ne partagez qu\u2019avec vos meilleurs amis. Et si vous voulez les impressionner, lancez simplement cette phrase dans la conversation\u00a0: C\u2019est un m\u00e9lange unique de trois distillats de signature m\u00fbris dans le meilleur ch\u00eane pendant pr\u00e8s de deux d\u00e9cennies et est soumis \u00e0 une p\u00e9riode de mariage finale d\u2019au moins 6 mois dans un f\u00fbt de ch\u00eane am\u00e9ricain frais, ajoutant une complexit\u00e9 et une \u00e9l\u00e9gance uniques. Bien dit. Laissez simplement la bouteille s\u2019exprimer.<\/p>\n\n\t\t\t<\/div>\n\t\t\n\t\t\t\t\t\t\t\t\n\t\t\t\t\t\t\t\t\t\t\t\t\t\t<a class=\"btn--primary\" title=\"\" href=\"https:\/\/midletondistillerycollection.com\/jameson\/jameson-bow-street-18-years-cask-strength-product\/?utm_source=jamesonwhiskeycom&#038;utm_medium=referral&#038;AvpPassThrough=1\"  rel=\"nofollow noreferrer\">ACHETER MAINTENANT<\/a>\n\t\t\t\t\t\t\t\n\n\t\t\t\n\t\t\t<\/div>\n<\/section>\n\n\n\n<section id=\"block_d5d3b187c73b89281e9005879080d9c4\" class=\"outlined-boxes full-width lazy\" data-assetkey=\"outlined-boxes\">\n  \n  \n  \n  <div\n    class=\"swiper outlined-boxes__swiper\"\n    id=\"swiper-block_d5d3b187c73b89281e9005879080d9c4\"\n    role=\"region\"\n    aria-roledescription=\"carousel\"\n      >\n    <div\n      class=\"swiper-button-prev\"\n      role=\"button\"\n      aria-label=\"Previous slide\"\n      aria-controls=\"swiper-block_d5d3b187c73b89281e9005879080d9c4\"\n    ><\/div>\n\n    <div class=\"swiper-wrapper outlined-boxes__wrapper\" aria-live=\"polite\">\n              <div\n          class=\"swiper-slide outlined-boxes__slide\"\n          role=\"group\"\n          aria-roledescription=\"slide\"\n          aria-label=\"1 of 3\"\n        >\n          <div>\n            \n\n<div class=\"subheading subheading--small\">\n        <div class=\"subheading__line\"><\/div>\n    \n    <span class=\"h6\">Ar\u00f4me<\/span>\n<\/div>\n            <div class=\"outlined-boxes__content wysiwyg\">\n              <p>Huiles aromatiques avec une touche bois\u00e9e et de caramel \u00e9pic\u00e9.<\/p>\n\n            <\/div>\n          <\/div>\n        <\/div>\n              <div\n          class=\"swiper-slide outlined-boxes__slide\"\n          role=\"group\"\n          aria-roledescription=\"slide\"\n          aria-label=\"2 of 3\"\n        >\n          <div>\n            \n\n<div class=\"subheading subheading--small\">\n        <div class=\"subheading__line\"><\/div>\n    \n    <span class=\"h6\">Saveur<\/span>\n<\/div>\n            <div class=\"outlined-boxes__content wysiwyg\">\n              <p>Merveilleusement moelleux et onctueux, une explosion de saveurs complexes en bouche\u00a0: caramel, \u00e9pices, notes de bois et de cuir, subtile saveur de noix du x\u00e9r\u00e8s et vanille.<\/p>\n\n            <\/div>\n          <\/div>\n        <\/div>\n              <div\n          class=\"swiper-slide outlined-boxes__slide\"\n          role=\"group\"\n          aria-roledescription=\"slide\"\n          aria-label=\"3 of 3\"\n        >\n          <div>\n            \n\n<div class=\"subheading subheading--small\">\n        <div class=\"subheading__line\"><\/div>\n    \n    <span class=\"h6\">Finale<\/span>\n<\/div>\n            <div class=\"outlined-boxes__content wysiwyg\">\n              <p>Une finale longue et persistante jusqu\u2019\u00e0 la fin sur le th\u00e8me du bois, des \u00e9pices et du caramel.<\/p>\n\n            <\/div>\n          <\/div>\n        <\/div>\n          <\/div>\n\n    <div\n      class=\"swiper-button-next\"\n      role=\"button\"\n      aria-label=\"Next slide\"\n      aria-controls=\"swiper-block_d5d3b187c73b89281e9005879080d9c4\"\n    ><\/div>\n\n    <div class=\"swiper-pagination\" aria-hidden=\"true\"><\/div>\n\n    <p\n      id=\"status-block_d5d3b187c73b89281e9005879080d9c4\"\n      role=\"status\"\n      aria-live=\"polite\"\n      class=\"visually-hidden\"\n    ><\/p>\n  <\/div>\n<\/section>\n\n\n\n<section id=\"block_326474d2fdb3133562ff7d3989354389\" class=\"newsletter-banner full-width lazy\" data-assetkey=\"newsletter-banner\">\n\t\t<div class=\"newsletter-banner__content\">\n\t\t\t<div class=\"newsletter-banner__bg\">\n\t\t\t\t\t\t\t\t\t\t\t\t\t\t\t\t\t\t\t\t\t\t\t\t\t\t\t\t\t\t\t\t\t\t\t\t\t\t\t\t\t\t\t\t\t\t\t\t\t\t\t\t\t\t<picture class=\"\">\n\t\t\t\t\t\t<source media=\"(min-width: 768px)\" class=\"\" srcset=\"https:\/\/ik.imagekit.io\/cvygf2xse\/jamesonwhiskey\/wp-content\/uploads\/2022\/01\/ECRM_BANNER_DESKTOP.jpg?tr=q-80,w-1024 1024w, https:\/\/ik.imagekit.io\/cvygf2xse\/jamesonwhiskey\/wp-content\/uploads\/2022\/01\/ECRM_BANNER_DESKTOP.jpg?tr=q-80,w-768 768w, https:\/\/ik.imagekit.io\/cvygf2xse\/jamesonwhiskey\/wp-content\/uploads\/2022\/01\/ECRM_BANNER_DESKTOP.jpg?tr=q-80,w-500 500w, https:\/\/ik.imagekit.io\/cvygf2xse\/jamesonwhiskey\/wp-content\/uploads\/2022\/01\/ECRM_BANNER_DESKTOP.jpg?tr=q-80,w-420 420w, https:\/\/ik.imagekit.io\/cvygf2xse\/jamesonwhiskey\/wp-content\/uploads\/2022\/01\/ECRM_BANNER_DESKTOP.jpg?tr=q-80,w-400 400w, https:\/\/ik.imagekit.io\/cvygf2xse\/jamesonwhiskey\/wp-content\/uploads\/2022\/01\/ECRM_BANNER_DESKTOP.jpg?tr=q-80,w-375 375w, https:\/\/ik.imagekit.io\/cvygf2xse\/jamesonwhiskey\/wp-content\/uploads\/2022\/01\/ECRM_BANNER_DESKTOP.jpg?tr=q-80,w-360 360w, https:\/\/ik.imagekit.io\/cvygf2xse\/jamesonwhiskey\/wp-content\/uploads\/2022\/01\/ECRM_BANNER_DESKTOP.jpg?tr=q-80,w-320 320w, https:\/\/ik.imagekit.io\/cvygf2xse\/jamesonwhiskey\/wp-content\/uploads\/2022\/01\/ECRM_BANNER_DESKTOP.jpg?tr=q-80,w-300 300w, https:\/\/ik.imagekit.io\/cvygf2xse\/jamesonwhiskey\/wp-content\/uploads\/2022\/01\/ECRM_BANNER_DESKTOP.jpg?tr=q-80,w-275 275w, https:\/\/ik.imagekit.io\/cvygf2xse\/jamesonwhiskey\/wp-content\/uploads\/2022\/01\/ECRM_BANNER_DESKTOP.jpg?tr=q-80,w-200 200w, https:\/\/ik.imagekit.io\/cvygf2xse\/jamesonwhiskey\/wp-content\/uploads\/2022\/01\/ECRM_BANNER_DESKTOP.jpg?tr=q-80,w-100 100w, \" sizes=\"(min-width: 1440px) 100vw, (min-width: 1024px) 1024px, (min-width: 768px) 768px\">\n\t\t\t\t\t\t<source class=\"\" srcset=\"https:\/\/ik.imagekit.io\/cvygf2xse\/jamesonwhiskey\/wp-content\/uploads\/2022\/01\/ECRM_BANNER_MOBILE.jpg?tr=q-80,w-500 500w, https:\/\/ik.imagekit.io\/cvygf2xse\/jamesonwhiskey\/wp-content\/uploads\/2022\/01\/ECRM_BANNER_MOBILE.jpg?tr=q-80,w-420 420w, https:\/\/ik.imagekit.io\/cvygf2xse\/jamesonwhiskey\/wp-content\/uploads\/2022\/01\/ECRM_BANNER_MOBILE.jpg?tr=q-80,w-400 400w, https:\/\/ik.imagekit.io\/cvygf2xse\/jamesonwhiskey\/wp-content\/uploads\/2022\/01\/ECRM_BANNER_MOBILE.jpg?tr=q-80,w-375 375w, https:\/\/ik.imagekit.io\/cvygf2xse\/jamesonwhiskey\/wp-content\/uploads\/2022\/01\/ECRM_BANNER_MOBILE.jpg?tr=q-80,w-360 360w, https:\/\/ik.imagekit.io\/cvygf2xse\/jamesonwhiskey\/wp-content\/uploads\/2022\/01\/ECRM_BANNER_MOBILE.jpg?tr=q-80,w-320 320w, https:\/\/ik.imagekit.io\/cvygf2xse\/jamesonwhiskey\/wp-content\/uploads\/2022\/01\/ECRM_BANNER_MOBILE.jpg?tr=q-80,w-300 300w, https:\/\/ik.imagekit.io\/cvygf2xse\/jamesonwhiskey\/wp-content\/uploads\/2022\/01\/ECRM_BANNER_MOBILE.jpg?tr=q-80,w-275 275w, https:\/\/ik.imagekit.io\/cvygf2xse\/jamesonwhiskey\/wp-content\/uploads\/2022\/01\/ECRM_BANNER_MOBILE.jpg?tr=q-80,w-200 200w, https:\/\/ik.imagekit.io\/cvygf2xse\/jamesonwhiskey\/wp-content\/uploads\/2022\/01\/ECRM_BANNER_MOBILE.jpg?tr=q-80,w-100 100w, \" sizes=\"(min-width: 768px) 768px, (min-width: 500px) 500px, 250px\">\n\t\t\t\t\t\t<img decoding=\"async\" loading=\"lazy\" class=\"\" src=\"https:\/\/ik.imagekit.io\/cvygf2xse\/jamesonwhiskey\/wp-content\/uploads\/2022\/01\/ECRM_BANNER_DESKTOP.jpg?tr=q-80,w-1200\" width=\"1200\" height=\"362\" alt=\"\" role=\"presentation\">\n\t\t\t\t\t<\/picture>\n\t\t\t\t\t\t\t<\/div>\n\n\t\t\t<div class=\"newsletter-banner__footer\"><\/div>\n\n\t\t\t<div class=\"newsletter-banner__text\">\n\t\t\t\t\n\n<div class=\"subheading \">\n        <div>\n        <svg width=\"40px\" height=\"2px\" viewBox=\"0 0 40 2\" version=\"1.1\" aria-hidden=\"true\" xmlns=\"http:\/\/www.w3.org\/2000\/svg\" xmlns:xlink=\"http:\/\/www.w3.org\/1999\/xlink\">\n            <g stroke=\"none\" stroke-width=\"2\" fill=\"none\" fill-rule=\"evenodd\">\n                <g transform=\"translate(-20.000000, -916.000000)\" fill=\"#FFF\">\n                    <g transform=\"translate(20.000000, 904.000000)\">\n                        <g>\n                            <rect x=\"0\" y=\"12\" width=\"40\" height=\"2\"><\/rect>\n                        <\/g>\n                    <\/g>\n                <\/g>\n            <\/g>\n        <\/svg>\n    <\/div>\n    \n    <span class=\"h6\">Bulletin d\u2019information<\/span>\n<\/div>\n\n\t\t\t\t<h2 class=\"h1\">\n\t\t\t\t\t<span>Inscrivez-vous pour recevoir  <\/span>\n\t\t\t\t\t\t\t\t\t\t\t<br>\n\t\t\t\t\t\t<span>des invitations et des nouvelles exclusives.<\/span>\n\t\t\t\t\t\t\t\t\t<\/h2>\n\t\t\t<\/div>\n\n\t\t\t\t\t\t\t\t\t\t\t\t\t\t\t\t\t\t\t\t\t\n\t\t\t<div class=\"newsletter-banner__button\">\n\t\t\t\n\t\t\t\t\t\t\t\t\t<button\n\t\t\t\t\t\tclass=\"btn--primary\"\n\t\t\t\t\t\ttype=\"button\"\n\t\t\t\t\t\tid=\"newsletter_signup\"\t\t\t\t\t\taria-haspopup=\"dialog\"\n\t\t\t\t\t\t\t\t\t\t\t>\n\t\t\t\t\t\tS\u2019inscrire\n\t\t\t\t\t<\/button>\n\t\t\t\t\t\t\t<\/div>\n\t\t\t<div class=\"newsletter-banner__bottle\">\n\t\t\t\t\t\t\t\t\t\t\t\t\t\t\t\t\t\t\t\t\t\t\t\t<img decoding=\"async\" src=\"https:\/\/ik.imagekit.io\/cvygf2xse\/jamesonwhiskey\/wp-content\/uploads\/2022\/03\/Jameson_image-964x418-1.png?tr=q-80,w-418\" class=\"img-fluid\" alt=\"\" role=\"presentation\" width=\"418\" height=\"964\" loading=\"lazy\">\n\t\t\t\t\t\t\t<\/div>\n\t\t<\/div>\n\t<\/section>\n","protected":false},"excerpt":{"rendered":"","protected":false},"author":23,"featured_media":0,"parent":136753,"menu_order":0,"comment_status":"closed","ping_status":"closed","template":"","meta":{"_acf_changed":false,"_seopress_robots_primary_cat":"","_seopress_titles_title":"Jameson 18 years \u2013 Whiskey irlandais Jameson","_seopress_titles_desc":"Le Jameson 18\u00a0ans d\u2019\u00e2ge est un assemblage de 3\u00a0distillats sign\u00e9s Jameson, vieillis dans les meilleurs f\u00fbts de ch\u00eane. D\u00e9couvrez pourquoi ce whiskey rend toute occasion m\u00e9morable.","_seopress_robots_index":"","inline_featured_image":false,"footnotes":""},"categories":[],"tags":[],"our-world-category":[],"class_list":["post-491886","page","type-page","status-publish","hentry"],"acf":[],"_links":{"self":[{"href":"https:\/\/www.jamesonwhiskey.com\/fr-ca\/wp-json\/wp\/v2\/pages\/491886","targetHints":{"allow":["GET"]}}],"collection":[{"href":"https:\/\/www.jamesonwhiskey.com\/fr-ca\/wp-json\/wp\/v2\/pages"}],"about":[{"href":"https:\/\/www.jamesonwhiskey.com\/fr-ca\/wp-json\/wp\/v2\/types\/page"}],"author":[{"embeddable":true,"href":"https:\/\/www.jamesonwhiskey.com\/fr-ca\/wp-json\/wp\/v2\/users\/23"}],"replies":[{"embeddable":true,"href":"https:\/\/www.jamesonwhiskey.com\/fr-ca\/wp-json\/wp\/v2\/comments?post=491886"}],"version-history":[{"count":0,"href":"https:\/\/www.jamesonwhiskey.com\/fr-ca\/wp-json\/wp\/v2\/pages\/491886\/revisions"}],"up":[{"embeddable":true,"href":"https:\/\/www.jamesonwhiskey.com\/fr-ca\/wp-json\/wp\/v2\/pages\/136753"}],"wp:attachment":[{"href":"https:\/\/www.jamesonwhiskey.com\/fr-ca\/wp-json\/wp\/v2\/media?parent=491886"}],"wp:term":[{"taxonomy":"category","embeddable":true,"href":"https:\/\/www.jamesonwhiskey.com\/fr-ca\/wp-json\/wp\/v2\/categories?post=491886"},{"taxonomy":"post_tag","embeddable":true,"href":"https:\/\/www.jamesonwhiskey.com\/fr-ca\/wp-json\/wp\/v2\/tags?post=491886"},{"taxonomy":"our-world-category","embeddable":true,"href":"https:\/\/www.jamesonwhiskey.com\/fr-ca\/wp-json\/wp\/v2\/our-world-category?post=491886"}],"curies":[{"name":"wp","href":"https:\/\/api.w.org\/{rel}","templated":true}]}}