{"id":152582,"date":"2021-09-02T10:59:19","date_gmt":"2021-09-02T10:59:19","guid":{"rendered":"https:\/\/live-jameson.pantheonsite.io\/cookie-policy\/"},"modified":"2026-05-04T15:26:55","modified_gmt":"2026-05-04T15:26:55","slug":"cookie-policy","status":"publish","type":"page","link":"https:\/\/www.jamesonwhiskey.com\/fr-fr\/cookie-policy\/","title":{"rendered":"Gestion des cookies"},"content":{"rendered":"\n<section id=\"block_356d38c3f4e0d6c4493105b0283e05f2\" class=\"hero hero-no-image hero-no-image__no-breadcrumb-spacer lazy\" data-assetkey=\"hero-no-image\">\n  <div class=\"hero-no-image__container \">\n    <div class=\"hero-no-image__container-content\">\n        <div class=\"subheading \">\n    <div class=\"subheading__line\"><\/div>\n    <span class=\"h6\">Legal<\/span>\n  <\/div>\n\n      <h1 class=\"h1\">Politique relative aux cookies<\/h1>\n    <\/div>\n  <\/div>\n<\/section>\n\n\n\n<section id=\"block_ab491868e829fd3280c47083e0207026\"\n         class=\"content-one-column content-one-column--bg-light_cream full-width lazy\n        \n        \n        \" data-assetkey=\"content-one-column\">\n    <div class=\"content-one-column__content\">\n        \n                <div class=\"content-one-column__heading\">\n                            <h2 class=\"h1\"><\/h2>\n                    <\/div>\n\n        \n                                                            <div class=\"content-one-column__text wysiwyg align_center_on_desktop\">\n                    <p><strong>Sous r\u00e9serve de votre consentement lorsque requis par la loi applicable, notre site internet utilise des cookies et des technologies similaires (\u00ab Cookies \u00bb).<\/strong><\/p>\n<p>La pr\u00e9sente Politique relative aux Cookies (la \u00ab <strong>Politique<\/strong> \u00bb) d\u00e9crit comment Pernod Ricard France, soci\u00e9t\u00e9 d\u00fbment constitu\u00e9e en vertu des lois fran\u00e7aises, dont le si\u00e8ge social est situ\u00e9 \u00e0 Les Docks \u2013 10 Place de la Joliette, 13002 Marseille (\u00ab <strong>Pernod Ricard<\/strong> \u00bb ou \u00ab <strong>nous<\/strong> \u00bb), s\u2019engage \u00e0 respecter votre vie priv\u00e9e concernant l\u2019utilisation de Cookies sur ses sites internet, applications, pages sur les r\u00e9seaux sociaux, etc. (les \u00ab <strong>Supports Num\u00e9riques <\/strong>\u00bb).<\/p>\n<p>Avant d\u2019utiliser nos Supports Num\u00e9riques, veuillez lire attentivement la pr\u00e9sente Politique relative aux Cookies. Dans la mesure o\u00f9 les informations collect\u00e9es au moyen de cookies constituent des donn\u00e9es personnelles, les dispositions de la Politique de confidentialit\u00e9 disponible en pied de page du site s\u2019appliquent en compl\u00e9ment de la pr\u00e9sente Politique relative aux cookies. Si vous n\u2019acceptez pas cette Politique relative aux cookies ou la Politique de confidentialit\u00e9, veuillez ne pas utiliser nos Supports Num\u00e9riques.<\/p>\n<p>Nous nous r\u00e9servons le droit d\u2019apporter des modifications \u00e0 la pr\u00e9sente Politique relative aux Cookies ou \u00e0 la Politique de confidentialit\u00e9 \u00e0 tout moment.<\/p>\n<p>Nous vous informerons, par un moyen appropri\u00e9, de toute modification importante ou substantielle de cette Politique relative aux Cookies ou de la Politique de confidentialit\u00e9. Vous \u00eates \u00e9galement invit\u00e9(e) \u00e0 lire r\u00e9guli\u00e8rement la pr\u00e9sente Politique relative aux cookies ou la Politique de confidentialit\u00e9 afin de vous assurer que vous \u00eates inform\u00e9(e) de tout changement et de la mani\u00e8re dont vos donn\u00e9es personnelles peuvent \u00eatre utilis\u00e9es.<\/p>\n\n                <\/div>\n                        <\/div>\n\n    <\/section>\n\n\n\n<section id=\"block_feaed2726c754ded4b0266754f6d4696\" class=\"faq  lazy\" data-assetkey=\"faq\">\n  <div class=\"faq__heading\">\n    <h2 class=\"h1\"><\/h2>\n  <\/div>\n\n  <div class=\"faq__lines\">\n                          <details>\n          <summary class=\"h5\">\n            <span class=\"expandable-list-heading\">1. Qu&#8217;est-ce qu&#8217;un cookie ?<\/span>\n            <span class=\"expandable-list-toggle\"><\/span>\n          <\/summary>\n          <section class=\"expandable-list-content\">\n            <p>Les Cookies sont de petits fichiers texte ou des informations stock\u00e9s sur votre ordinateur ou appareil mobile (comme un smartphone ou une tablette) lorsque vous visitez nos Supports Num\u00e9riques. Un Cookie contient g\u00e9n\u00e9ralement le nom du site internet ou de l\u2019application d\u2019o\u00f9 il provient, sa dur\u00e9e de conservation (c\u2019est\u2011\u00e0\u2011dire la p\u00e9riode pendant laquelle il restera sur votre appareil) ainsi qu\u2019une valeur, qui est g\u00e9n\u00e9ralement un num\u00e9ro unique g\u00e9n\u00e9r\u00e9 al\u00e9atoirement.<\/p>\n<p>Cookies internes ou cookies tiers : quelle diff\u00e9rence ?<\/p>\n<ul>\n<li><strong>Cookies internes <\/strong>: il s\u2019agit de nos propres Cookies, utilis\u00e9s pour am\u00e9liorer votre exp\u00e9rience. Aucune tierce partie n\u2019a acc\u00e8s aux informations que nous collectons au moyen de nos Cookies internes.<\/li>\n<li><strong>Cookies tiers <\/strong>: il s\u2019agit de Cookies plac\u00e9s sur nos Supports Num\u00e9riques par des tiers pour fournir leurs services, notamment des Cookies publicitaires. Ils d\u00e9posent ces Cookies (Cookies tiers) sur votre appareil lorsque vous visitez nos Supports Num\u00e9riques afin de pouvoir fournir les services qu\u2019ils proposent. Vous trouverez plus d\u2019informations sur ces Cookies dans leurs politiques de confidentialit\u00e9 respectives.<\/li>\n<\/ul>\n\n          <\/section>\n        <\/details>\n                                <details>\n          <summary class=\"h5\">\n            <span class=\"expandable-list-heading\">2. \u00c0 quoi servent les cookies ?<\/span>\n            <span class=\"expandable-list-toggle\"><\/span>\n          <\/summary>\n          <section class=\"expandable-list-content\">\n            <p>Les Cookies utilis\u00e9s sur nos Supports Num\u00e9riques peuvent avoir diff\u00e9rentes finalit\u00e9s.<\/p>\n<p><strong><em>a. Cookies essentiels<\/em><\/strong><\/p>\n<p>Les Cookies essentiels sont des Cookies internes strictement n\u00e9cessaires au fonctionnement de nos Supports Num\u00e9riques et \u00e0 l\u2019utilisation de leurs services et fonctionnalit\u00e9s. Sans ces Cookies, nos Supports Num\u00e9riques ne fonctionneraient pas aussi bien que nous le souhaiterions et nous pourrions ne pas \u00eatre en mesure de fournir certains services ou fonctionnalit\u00e9s que vous demandez.<\/p>\n<p>Les Cookies essentiels permettent \u00e0 nos Supports Num\u00e9riques d\u2019assurer une navigation correcte, de m\u00e9moriser les choix que vous faites (tels que votre nom d\u2019utilisateur, votre langue ou votre r\u00e9gion) \u00e0 des fins de personnalisation, ainsi que de garantir la s\u00e9curit\u00e9. Ces Cookies ne collectent aucune information sur vous pouvant \u00eatre utilis\u00e9e \u00e0 des fins publicitaires ni pour m\u00e9moriser votre historique de navigation sur Internet.<\/p>\n<p>Ces Cookies sont n\u00e9cessaires au fonctionnement de nos Supports Num\u00e9riques, sont consid\u00e9r\u00e9s comme non intrusifs pour la vie priv\u00e9e et am\u00e9liorent l\u2019exp\u00e9rience Internet. Ils ne n\u00e9cessitent donc pas votre consentement et vous ne pouvez pas accepter ou refuser leur utilisation.<\/p>\n<p><strong><em>b. Cookies analytiques<\/em><\/strong><\/p>\n<p>Les Cookies analytiques sont des Cookies tiers qui collectent des informations sur la fa\u00e7on dont vous utilisez nos Supports Num\u00e9riques. Ils nous permettent de mesurer l\u2019audience afin d\u2019am\u00e9liorer l\u2019exp\u00e9rience utilisateur et d\u2019optimiser les performances du site. Par exemple, ils comptabilisent les visites et identifient les parcours de navigation. Lorsque les donn\u00e9es provenant de plusieurs sources sont combin\u00e9es, elles nous fournissent des statistiques agr\u00e9g\u00e9es sur ce qui fonctionne et sur ce qui doit \u00eatre am\u00e9lior\u00e9. Nous utilisons ces informations pour analyser les tendances et g\u00e9rer les Supports Num\u00e9riques.<\/p>\n<p><strong><em>c. Cookies de publicit\u00e9 cibl\u00e9e<\/em><\/strong><\/p>\n<p>Les Cookies de publicit\u00e9 cibl\u00e9e sont des Cookies tiers qui permettent \u00e0 nos partenaires publicitaires d\u2019utiliser votre comportement de navigation et vos centres d\u2019int\u00e9r\u00eat (ex. : pages consult\u00e9es, produits avec lesquels vous avez interagi) pour cr\u00e9er des profils. Pour \u00e9tablir ces profils, ces partenaires peuvent utiliser des informations obtenues par leurs Cookies (\u00e0 l\u2019exclusion de votre nom, adresse, e\u2011mail ou num\u00e9ro de t\u00e9l\u00e9phone) concernant vos visites sur nos sites\/applications et d\u2019autres sites, en les combinant avec des donn\u00e9es agr\u00e9g\u00e9es relatives \u00e0 vos comportements d\u2019achat et \u00e0 vos centres d\u2019int\u00e9r\u00eat provenant d\u2019autres sources en ligne et r\u00e9gions g\u00e9ographiques.<\/p>\n<p>Gr\u00e2ce \u00e0 ces profils, ils peuvent vous afficher des publicit\u00e9s personnalis\u00e9es et effectuer du reciblage si vous avez d\u00e9j\u00e0 interagi avec nos contenus. Ces Cookies permettent de vous identifier lors de votre navigation sur nos Supports Num\u00e9riques et, si vous \u00eates membre, \u00e9galement sur les plateformes de r\u00e9seaux sociaux. Ils sont utilis\u00e9s pour :<br \/>\n(i) vous diffuser des publicit\u00e9s sur nos produits et services sur les r\u00e9seaux sociaux, et<br \/>\n(ii) identifier des personnes similaires \u00e0 vous, selon votre profil social, susceptibles d\u2019\u00eatre int\u00e9ress\u00e9es par les publicit\u00e9s Pernod Ricard.<br \/>\nLorsqu\u2019ils y sont autoris\u00e9s, ils peuvent utiliser votre localisation approximative pour diffuser des publicit\u00e9s adapt\u00e9es \u00e0 votre r\u00e9gion. Ils d\u00e9posent \u00e9galement des Cookies permettant de mesurer la performance de ces publicit\u00e9s \u00e0 des fins de reporting.<\/p>\n<p>Vous pouvez consulter la politique de confidentialit\u00e9 de nos partenaires via le bandeau Cookies.<\/p>\n<p><strong><em>d. Cookies de fonctionnalit\u00e9s suppl\u00e9mentaires<\/em><\/strong><\/p>\n<p>Les Cookies de fonctionnalit\u00e9s suppl\u00e9mentaires sont des Cookies tiers qui ajoutent des fonctionnalit\u00e9s additionnelles \u00e0 nos Supports Num\u00e9riques afin d\u2019am\u00e9liorer l\u2019exp\u00e9rience utilisateur. Ces fonctionnalit\u00e9s incluent l\u2019utilisation de votre localisation approximative pour adapter le contenu pertinent, l\u2019adaptation des pages selon les pr\u00e9f\u00e9rences que vous manifestez lors de la navigation, la conservation d\u2019un profil pour vos prochaines visites, ainsi que la collecte de retours qui nous aident \u00e0 d\u00e9velopper et am\u00e9liorer nos services.<br \/>\nSi vous les d\u00e9sactivez, certains \u00e9l\u00e9ments comme des vid\u00e9os, des cartes ou des composants graphiques pourraient se charger plus lentement (ou ne pas se charger du tout), mais le site principal restera utilisable.<\/p>\n<p><strong><em>e. Cookies des r\u00e9seaux sociaux<\/em><\/strong><\/p>\n<p>Les Cookies des r\u00e9seaux sociaux sont des Cookies tiers d\u00e9pos\u00e9s par nos plateformes partenaires (via des pixels ou plug-ins), qui vous permettent d\u2019interagir avec les fonctionnalit\u00e9s sociales pr\u00e9sentes sur nos Supports Num\u00e9riques. Ils vous permettent de partager du contenu en un clic, d\u2019afficher des vid\u00e9os, publications ou playlists int\u00e9gr\u00e9es \u00e0 nos pages, et de personnaliser ces m\u00e9dias selon vos r\u00e9glages et pr\u00e9f\u00e9rences.<br \/>\nIls peuvent \u00e9galement suivre la fa\u00e7on dont vous interagissez avec le contenu affich\u00e9 (par exemple, cliquer sur \u00ab lire \u00bb ou sur un bouton \u00ab partager \u00bb). Ils peuvent suivre vos visites sur d\u2019autres sites contenant les m\u00eames boutons ou pixels, afin de vous offrir des fonctionnalit\u00e9s sociales et, dans certains cas, des publicit\u00e9s.<\/p>\n<p>Refuser ces cookies entra\u00eenera le blocage de certains contenus sociaux jusqu\u2019\u00e0 que vous les activiez.<\/p>\n<p>Veuillez consulter notre Politique de confidentialit\u00e9 pour plus de d\u00e9tails. Vous pouvez \u00e9galement vous r\u00e9f\u00e9rer aux politiques de confidentialit\u00e9 de nos partenaires via le bandeau cookies.<\/p>\n<p><strong>POUR DES INFORMATIONS D\u00c9TAILL\u00c9ES SUR LES COOKIES IMPLANT\u00c9S SUR NOS SUPPORTS NUM\u00c9RIQUES, VEUILLEZ CONSULTER LE TABLEAU CI-DESSOUS<\/strong> :<\/p>\n<table>\n<tbody>\n<tr>\n<th><strong>Qui place le cookie ?<\/strong><\/th>\n<th><strong>Type<\/strong><\/th>\n<th><strong>Description \/ finalit\u00e9<\/strong><\/th>\n<\/tr>\n<tr>\n<td>Irish Distillers<\/td>\n<td>Cookie permanent<\/td>\n<td>Cookies de visibilit\u00e9\u00a0: Irish Distillers installe un cookie sur votre ordinateur qui indique si vous avez \u00e9t\u00e9 inform\u00e9 de l\u2019utilisation des cookies par le biais d\u2019une banni\u00e8re d\u2019information affich\u00e9e, et si vous avez indiqu\u00e9 votre consentement \u00e0 l\u2019utilisation de cookies qui ne sont pas strictement n\u00e9cessaires \u00e0 la fourniture du service.<\/td>\n<\/tr>\n<tr>\n<td>Irish Distillers<\/td>\n<td>Cookie permanent<\/td>\n<td>Cookie d&#8217;identification de l&#8217;appareil\u00a0: Irish Distillers installe un cookie sur votre ordinateur qui vous identifie et indique au site Web\/\u00e0 l&#8217;application que vous \u00eates connect\u00e9(e).<\/td>\n<\/tr>\n<tr>\n<td>Irish Distillers<\/td>\n<td>Cookie permanent<\/td>\n<td>Cookie local utilisateur\u00a0: Irish Distillers installe un cookie qui sert \u00e0 m\u00e9moriser les sp\u00e9cificit\u00e9s locales.<\/td>\n<\/tr>\n<tr>\n<td>Google<\/td>\n<td>Cookie permanent et de session ID<\/td>\n<td>Google Analytics\u00a0: Les cookies de Google Analytics fonctionnent ensemble pour nous fournir des informations sur la fa\u00e7on dont les gens utilisent nos m\u00e9dias num\u00e9riques.<\/td>\n<\/tr>\n<tr>\n<td>BlueKai<\/td>\n<td>Cookie permanent<\/td>\n<td>Onglet de profilage. BlueKai installe un tracker sur les p\u00e9riph\u00e9riques de l\u2019utilisateur qui recueille des donn\u00e9es \u00e0 propos de la navigation de l\u2019utilisateur sur diff\u00e9rents sites en utilisant le num\u00e9ro ID unique du tracker. PRF utilise les donn\u00e9es pour profiler les utilisateurs et d\u00e9finir des segments de march\u00e9 d\u00e9taill\u00e9s, dans le cadre de sa strat\u00e9gie de campagnes marketing.<\/td>\n<\/tr>\n<tr>\n<td>Google<\/td>\n<td>Cookie permanent<\/td>\n<td>Cookie publicitaire. Les Cookies publicitaires de Google sont utilis\u00e9s pour personnaliser des annonces sur des propri\u00e9t\u00e9s de Google, comme Google Search. Par exemple, ces Cookies sont utilis\u00e9s pour se souvenir de vos recherches les plus r\u00e9centes, de vos pr\u00e9c\u00e9dentes interactions avec les annonces d\u2019un annonceur ou avec des r\u00e9sultats de recherche, ainsi que de vos visites sur le site internet d\u2019un annonceur.<\/td>\n<\/tr>\n<tr>\n<td>Facebook<\/td>\n<td>Cookie permanent<\/td>\n<td>Facebook\u00a0: Des cookies sont utilis\u00e9s pour faciliter le partage de contenu de nos m\u00e9dias num\u00e9riques sur Facebook et vous afficher des publicit\u00e9s cibl\u00e9es.<\/td>\n<\/tr>\n<tr>\n<td>Twitter<\/td>\n<td>Cookie permanent<\/td>\n<td>Twitter\u00a0: Des cookies sont utilis\u00e9s pour faciliter le partage du contenu de nos m\u00e9dias num\u00e9riques sur Twitter.<\/td>\n<\/tr>\n<\/tbody>\n<\/table>\n<p><em>*Session : Cela signifie que le cookie est supprim\u00e9 lorsque vous fermez votre navigateur web<\/em><\/p>\n\n          <\/section>\n        <\/details>\n                                <details>\n          <summary class=\"h5\">\n            <span class=\"expandable-list-heading\">3. Combien de temps les Cookies sont-ils conserv\u00e9s ?<\/span>\n            <span class=\"expandable-list-toggle\"><\/span>\n          <\/summary>\n          <section class=\"expandable-list-content\">\n            <p>Les Cookies auront une dur\u00e9e maximale de conservation apr\u00e8s avoir \u00e9t\u00e9 d\u00e9pos\u00e9s sur le terminal de l\u2019utilisateur, conform\u00e9ment aux exigences de la loi applicable. Pour plus de d\u00e9tails, veuillez consulter le tableau ci\u2011dessus.<\/p>\n\n          <\/section>\n        <\/details>\n                                <details>\n          <summary class=\"h5\">\n            <span class=\"expandable-list-heading\">4. Comment contr\u00f4ler les Cookies sur nos Supports Num\u00e9riques ?<\/span>\n            <span class=\"expandable-list-toggle\"><\/span>\n          <\/summary>\n          <section class=\"expandable-list-content\">\n            <p>\u00c0 l\u2019exception des Cookies consid\u00e9r\u00e9s comme essentiels, les Cookies d\u00e9crits ci\u2011dessus ne seront install\u00e9s sur votre ordinateur que si vous y consentez express\u00e9ment.<\/p>\n<p>Pour effectuer votre choix, veuillez utiliser le bouton \u00ab gestion des cookies \u00bb (\u00ab\u00a0Cookie management\u00a0\u00bb) situ\u00e9 en bas \u00e0 droite de votre \u00e9cran.<\/p>\n<p>Vous pouvez \u00e9galement contr\u00f4ler l\u2019utilisation des Cookies par votre navigateur, et la fonction \u00ab Aide \u00bb de celui\u2011ci devrait pouvoir vous indiquer comment proc\u00e9der.<\/p>\n<p>Veuillez noter que, selon les Cookies que vous activez ou d\u00e9sactivez, vous pourriez ne pas \u00eatre en mesure de vous connecter \u00e0 votre compte, de consulter certains contenus ou d\u2019utiliser d\u2019autres fonctionnalit\u00e9s de nos Supports Num\u00e9riques. Il est possible que certaines parties de nos Supports Num\u00e9riques ne fonctionnent pas du tout ou pr\u00e9sentent un comportement inattendu.<\/p>\n<p>Si vous utilisez diff\u00e9rents appareils pour consulter et acc\u00e9der \u00e0 nos Supports Num\u00e9riques (par ex. votre ordinateur, smartphone, tablette, etc.), vous devrez vous assurer que chaque navigateur sur chaque appareil est param\u00e9tr\u00e9 selon vos pr\u00e9f\u00e9rences en mati\u00e8re de Cookies.<\/p>\n\n          <\/section>\n        <\/details>\n                                <details>\n          <summary class=\"h5\">\n            <span class=\"expandable-list-heading\">5. Comment nous contacter ?  <\/span>\n            <span class=\"expandable-list-toggle\"><\/span>\n          <\/summary>\n          <section class=\"expandable-list-content\">\n            <p>Si vous avez des questions, des commentaires ou des pr\u00e9occupations concernant notre utilisation des Cookies, veuillez nous contacter par mail\u00a0: <a href=\"mailto:contact-rgpd@pernod-ricard.com\">contact-rgpd@pernod-ricard.com<\/a><\/p>\n<p>&nbsp;<\/p>\n<p><strong>Derni\u00e8re mise \u00e0 jour : AVRIL 2026<\/strong><\/p>\n\n          <\/section>\n        <\/details>\n            <\/div>\n<\/section>\n\n\n\n<section id=\"block_aa9c0af63576dea18c31f1e66be04e63\"\n         class=\"content-one-column content-one-column--bg-light full-width lazy\n        \n        \n        \" data-assetkey=\"content-one-column\">\n    <div class=\"content-one-column__content\">\n        \n\n<div class=\"subheading content-one-column__subheading\">\n        <div class=\"subheading__line\"><\/div>\n    \n    <span class=\"h6\">Last Update: January 2023<\/span>\n<\/div>\n\n                <div class=\"content-one-column__heading\">\n                            <h2 class=\"h1\"><\/h2>\n                    <\/div>\n\n        \n                    <\/div>\n\n    <\/section>\n","protected":false},"excerpt":{"rendered":"","protected":false},"author":29,"featured_media":0,"parent":0,"menu_order":4,"comment_status":"closed","ping_status":"closed","template":"","meta":{"_acf_changed":false,"_seopress_robots_primary_cat":"","_seopress_titles_title":"","_seopress_titles_desc":"","_seopress_robots_index":"","inline_featured_image":false,"footnotes":""},"categories":[],"tags":[],"our-world-category":[],"class_list":["post-152582","page","type-page","status-publish","hentry"],"acf":[],"_links":{"self":[{"href":"https:\/\/www.jamesonwhiskey.com\/fr-fr\/wp-json\/wp\/v2\/pages\/152582","targetHints":{"allow":["GET"]}}],"collection":[{"href":"https:\/\/www.jamesonwhiskey.com\/fr-fr\/wp-json\/wp\/v2\/pages"}],"about":[{"href":"https:\/\/www.jamesonwhiskey.com\/fr-fr\/wp-json\/wp\/v2\/types\/page"}],"author":[{"embeddable":true,"href":"https:\/\/www.jamesonwhiskey.com\/fr-fr\/wp-json\/wp\/v2\/users\/29"}],"replies":[{"embeddable":true,"href":"https:\/\/www.jamesonwhiskey.com\/fr-fr\/wp-json\/wp\/v2\/comments?post=152582"}],"version-history":[{"count":3,"href":"https:\/\/www.jamesonwhiskey.com\/fr-fr\/wp-json\/wp\/v2\/pages\/152582\/revisions"}],"predecessor-version":[{"id":3356514,"href":"https:\/\/www.jamesonwhiskey.com\/fr-fr\/wp-json\/wp\/v2\/pages\/152582\/revisions\/3356514"}],"wp:attachment":[{"href":"https:\/\/www.jamesonwhiskey.com\/fr-fr\/wp-json\/wp\/v2\/media?parent=152582"}],"wp:term":[{"taxonomy":"category","embeddable":true,"href":"https:\/\/www.jamesonwhiskey.com\/fr-fr\/wp-json\/wp\/v2\/categories?post=152582"},{"taxonomy":"post_tag","embeddable":true,"href":"https:\/\/www.jamesonwhiskey.com\/fr-fr\/wp-json\/wp\/v2\/tags?post=152582"},{"taxonomy":"our-world-category","embeddable":true,"href":"https:\/\/www.jamesonwhiskey.com\/fr-fr\/wp-json\/wp\/v2\/our-world-category?post=152582"}],"curies":[{"name":"wp","href":"https:\/\/api.w.org\/{rel}","templated":true}]}}