{"id":3197531,"date":"2025-10-15T08:25:43","date_gmt":"2025-10-15T08:25:43","guid":{"rendered":"https:\/\/www.jamesonwhiskey.com\/accessibility-statement\/"},"modified":"2025-10-30T11:26:34","modified_gmt":"2025-10-30T11:26:34","slug":"declaration-accessibilite","status":"publish","type":"page","link":"https:\/\/www.jamesonwhiskey.com\/fr-fr\/declaration-accessibilite\/","title":{"rendered":"D\u00e9claration d&#8217;accessibilit\u00e9"},"content":{"rendered":"\n<section id=\"block_d8d26fb3e09d35689dd1bfda6bae87e1\"\n         class=\"content-one-column content-one-column--bg-light_cream full-width lazy\n        \n        \n        \" data-assetkey=\"content-one-column\">\n    <div class=\"content-one-column__content\">\n        \n                <div class=\"content-one-column__heading\">\n                            <h2 class=\"h1\">D\u00e9claration d&#8217;accessibilit\u00e9<\/h2>\n                    <\/div>\n\n        \n                                                            <div class=\"content-one-column__text wysiwyg align_center_on_desktop\">\n                    <h2>Qu\u2019est-ce que l\u2019accessibilit\u00e9 num\u00e9rique ?<\/h2>\n<p>Un site web accessible est un site qui permet aux personnes en situation de handicap d\u2019acc\u00e9der \u00e0 ses contenus et ses fonctionnalit\u00e9s sans difficult\u00e9.<\/p>\n<p>Un site accessible permet par exemple de :<\/p>\n<ul>\n<li>Naviguer avec une synth\u00e8se vocale et\/ou une plage braille (notamment utilis\u00e9es par les personnes aveugles et malvoyantes).<\/li>\n<li>Personnaliser l\u2019affichage du site selon ses besoins (agrandissement ou r\u00e9tr\u00e9cissement des caract\u00e8res, modification des couleurs, etc.).<\/li>\n<li>Naviguer sans utiliser la souris (avec le clavier uniquement, via un \u00e9cran tactile, \u00e0 la voix ou tout autre p\u00e9riph\u00e9rique adapt\u00e9).<\/li>\n<\/ul>\n<p>Pour cela, le site doit respecter les normes en vigueur lors de sa r\u00e9alisation et de ses mises \u00e0 jour.<\/p>\n<h2>D\u00e9claration d\u2019accessibilit\u00e9 Jameson<\/h2>\n<p>Pernod Ricard France s\u2019engage \u00e0 rendre ses sites internet et applications mobiles accessibles conform\u00e9ment \u00e0 l\u2019article 47 de la loi n\u00b02005-102 du 11 f\u00e9vrier 2005.<\/p>\n<p>Cette d\u00e9claration d\u2019accessibilit\u00e9 s\u2019applique au site Jameson : https:\/\/www.jamesonwhiskey.com\/fr-fr\/.<\/p>\n<h3><strong>\u00c9tat de conformit\u00e9<\/strong><\/h3>\n<p>Le site https:\/\/www.jamesonwhiskey.com\/fr-fr\/ n\u2019a pas fait l\u2019objet d\u2019un audit de conformit\u00e9 r\u00e8glementaire. Il est donc consid\u00e9r\u00e9 comme \u00ab Non conforme \u00bb avec le R\u00e9f\u00e9rentiel G\u00e9n\u00e9ral d\u2019Am\u00e9lioration de l\u2019Accessibilit\u00e9 (RGAA) version 4.1.1. Cependant, diff\u00e9rentes actions sont en cours pour am\u00e9liorer le niveau d\u2019accessibilit\u00e9 de ce site.<\/p>\n<h3><strong>Etablissement de cette d\u00e9claration d\u2019accessibilit\u00e9<\/strong><\/h3>\n<p>Cette d\u00e9claration a \u00e9t\u00e9 \u00e9tablie le 30 octobre 2025.<\/p>\n<h3><strong>Retour d\u2019information et contact<\/strong><\/h3>\n<p>Si vous n\u2019arrivez pas \u00e0 acc\u00e9der \u00e0 un contenu ou \u00e0 un service, vous pouvez contacter le responsable du site Ricard pour \u00eatre orient\u00e9 vers une alternative accessible ou obtenir le contenu sous une autre forme. Envoyer un message : <a href=\"mailto:Accessibility@pernod-ricard.com\">Accessibility@pernod-ricard.com<\/a><\/p>\n<h3><strong>Voies de recours<\/strong><\/h3>\n<p>Cette proc\u00e9dure est \u00e0 utiliser dans le cas suivant.<\/p>\n<p>Vous avez signal\u00e9 au responsable du site internet un d\u00e9faut d\u2019accessibilit\u00e9 qui vous emp\u00eache d\u2019acc\u00e9der \u00e0 un contenu ou \u00e0 un des services du portail et vous n\u2019avez pas obtenu de r\u00e9ponse satisfaisante.<\/p>\n<p>&gt;\u00a0<a href=\"https:\/\/formulaire.defenseurdesdroits.fr\/\" target=\"_blank\" rel=\"noopener\">\u00c9crire un message au D\u00e9fenseur des droits<\/a>.<\/p>\n<p>&gt;\u00a0<a href=\"https:\/\/www.defenseurdesdroits.fr\/saisir\/delegues\" target=\"_blank\" rel=\"noopener\">Contacter le d\u00e9l\u00e9gu\u00e9 du D\u00e9fenseur des Droits dans votre r\u00e9gion<\/a>.<\/p>\n<p>&gt; Envoyer un courrier par la poste (gratuit, ne pas mettre de timbre) :<br \/>\nD\u00e9fenseur des droits<br \/>\nLibre r\u00e9ponse 71120<br \/>\n75342 Paris CEDEX 0<\/p>\n\n                <\/div>\n                        <\/div>\n\n    <\/section>\n","protected":false},"excerpt":{"rendered":"<p>Pernod Ricard and its affiliate companies are committed to inclusion and making their websites and mobile apps accessible.<\/p>\n","protected":false},"author":335,"featured_media":0,"parent":0,"menu_order":0,"comment_status":"closed","ping_status":"closed","template":"","meta":{"_acf_changed":false,"_seopress_robots_primary_cat":"","_seopress_titles_title":"Accessibility Statement | Jameson Irish Whiskey","_seopress_titles_desc":"Pernod Ricard and its affiliate companies are committed to inclusion and making their websites and mobile apps accessible.","_seopress_robots_index":"","inline_featured_image":false,"footnotes":""},"categories":[],"tags":[],"our-world-category":[],"class_list":["post-3197531","page","type-page","status-publish","hentry"],"acf":[],"_links":{"self":[{"href":"https:\/\/www.jamesonwhiskey.com\/fr-fr\/wp-json\/wp\/v2\/pages\/3197531","targetHints":{"allow":["GET"]}}],"collection":[{"href":"https:\/\/www.jamesonwhiskey.com\/fr-fr\/wp-json\/wp\/v2\/pages"}],"about":[{"href":"https:\/\/www.jamesonwhiskey.com\/fr-fr\/wp-json\/wp\/v2\/types\/page"}],"author":[{"embeddable":true,"href":"https:\/\/www.jamesonwhiskey.com\/fr-fr\/wp-json\/wp\/v2\/users\/335"}],"replies":[{"embeddable":true,"href":"https:\/\/www.jamesonwhiskey.com\/fr-fr\/wp-json\/wp\/v2\/comments?post=3197531"}],"version-history":[{"count":3,"href":"https:\/\/www.jamesonwhiskey.com\/fr-fr\/wp-json\/wp\/v2\/pages\/3197531\/revisions"}],"predecessor-version":[{"id":3201950,"href":"https:\/\/www.jamesonwhiskey.com\/fr-fr\/wp-json\/wp\/v2\/pages\/3197531\/revisions\/3201950"}],"wp:attachment":[{"href":"https:\/\/www.jamesonwhiskey.com\/fr-fr\/wp-json\/wp\/v2\/media?parent=3197531"}],"wp:term":[{"taxonomy":"category","embeddable":true,"href":"https:\/\/www.jamesonwhiskey.com\/fr-fr\/wp-json\/wp\/v2\/categories?post=3197531"},{"taxonomy":"post_tag","embeddable":true,"href":"https:\/\/www.jamesonwhiskey.com\/fr-fr\/wp-json\/wp\/v2\/tags?post=3197531"},{"taxonomy":"our-world-category","embeddable":true,"href":"https:\/\/www.jamesonwhiskey.com\/fr-fr\/wp-json\/wp\/v2\/our-world-category?post=3197531"}],"curies":[{"name":"wp","href":"https:\/\/api.w.org\/{rel}","templated":true}]}}