{"id":1684054,"date":"2023-08-25T13:22:03","date_gmt":"2023-08-25T13:22:03","guid":{"rendered":"https:\/\/www.jamesonwhiskey.com\/?page_id=1684054"},"modified":"2023-10-13T14:53:08","modified_gmt":"2023-10-13T14:53:08","slug":"votes","status":"publish","type":"page","link":"https:\/\/www.jamesonwhiskey.com\/fr-ma\/jamesonmusic\/votes\/","title":{"rendered":"Jameson Music Competition &#8211; VOTE NOW"},"content":{"rendered":"\n<section id=\"block_d7f9b43f4dd3bebef4eed8f0764c14ee\"\n         class=\"content-one-column content-one-column--bg-dark full-width lazy\n        \n        \n        \" data-assetkey=\"content-one-column\">\n    <div class=\"content-one-column__content\">\n        \n                <div class=\"content-one-column__heading\">\n                            <h2 class=\"h1\">Il est temps de voter !<\/h2>\n                    <\/div>\n\n        \n                                                            <div class=\"content-one-column__text wysiwyg align_center_on_desktop\">\n                    \n                <\/div>\n                                                                <div class=\"content-one-column__text wysiwyg align_center_on_desktop\">\n                    <p><b>D\u00e9couvrez les artistes pr\u00e9-s\u00e9lectionn\u00e9s dans chaque cat\u00e9gorie et votez pour votre chanteur, guitariste, batteur et bassiste pr\u00e9f\u00e9r\u00e9s pour constituer le Jameson band gagnant !<\/b><\/p>\n<p><strong>Votez et tentez de remporter des cadeaux exclusifs sign\u00e9s Jameson !<\/strong><\/p>\n<p>&nbsp;<\/p>\n\n                <\/div>\n                        <\/div>\n\n    <\/section>\n\n\n<section id=\"block_116e9758931236aaf043549503d780c6\" class=\"cta-button full-width lazy\" data-assetkey=\"cta-button\">\n            \n                        <div class=\"cta-button__wrapper cta-button__red_bg\">\n                <a class=\"btn--secondary\" title=\"\"\n                   href=\"https:\/\/www.jamesonwhiskey.com\/fr-ma\/jamesonmusic\/votes\/chanteurs\/\" target=\"_blank\">SECTION CHANTEURS<\/a>\n            <\/div>\n            <\/section>\n\n\n<section id=\"block_84e765d1ae9d019579a23f488edf13ce\" class=\"cta-button full-width lazy\" data-assetkey=\"cta-button\">\n            \n                        <div class=\"cta-button__wrapper cta-button__red_bg\">\n                <a class=\"btn--secondary\" title=\"\"\n                   href=\"https:\/\/www.jamesonwhiskey.com\/fr-ma\/jamesonmusic\/votes\/batteurs\" target=\"_blank\">SECTION BATTEURS<\/a>\n            <\/div>\n            <\/section>\n\n\n<section id=\"block_5de5c8cc8719e6c237f2feecaf42f181\" class=\"cta-button full-width lazy\" data-assetkey=\"cta-button\">\n            \n                        <div class=\"cta-button__wrapper cta-button__red_bg\">\n                <a class=\"btn--secondary\" title=\"\"\n                   href=\"https:\/\/www.jamesonwhiskey.com\/fr-ma\/jamesonmusic\/votes\/bassistes\/\" target=\"_blank\">SECTION BASSISTES<\/a>\n            <\/div>\n            <\/section>\n\n\n<section id=\"block_17b98d191f39a8f82e72d58067e33466\" class=\"cta-button full-width lazy\" data-assetkey=\"cta-button\">\n            \n                        <div class=\"cta-button__wrapper cta-button__red_bg\">\n                <a class=\"btn--secondary\" title=\"\"\n                   href=\"https:\/\/www.jamesonwhiskey.com\/fr-ma\/jamesonmusic\/votes\/guitaristes\" target=\"_blank\">SECTION GUITARISTES<\/a>\n            <\/div>\n            <\/section>\n","protected":false},"excerpt":{"rendered":"","protected":false},"author":78,"featured_media":0,"parent":493615,"menu_order":0,"comment_status":"closed","ping_status":"closed","template":"","meta":{"_acf_changed":false,"_seopress_robots_primary_cat":"","_seopress_titles_title":"Jameson Music Contest - Vote pour constituer le Jameson Band","_seopress_titles_desc":"D\u00e9couvrez les artistes pr\u00e9-s\u00e9lectionn\u00e9s et votez dans chaque cat\u00e9gorie : Chanteurs, Guitaristes, Bassistes et Batteurs, composez votre meilleur groupe de musique et remportez des cadeaux sign\u00e9s Jameson !","_seopress_robots_index":"","inline_featured_image":false,"footnotes":""},"categories":[],"tags":[],"our-world-category":[],"class_list":["post-1684054","page","type-page","status-publish","hentry"],"acf":[],"_links":{"self":[{"href":"https:\/\/www.jamesonwhiskey.com\/fr-ma\/wp-json\/wp\/v2\/pages\/1684054","targetHints":{"allow":["GET"]}}],"collection":[{"href":"https:\/\/www.jamesonwhiskey.com\/fr-ma\/wp-json\/wp\/v2\/pages"}],"about":[{"href":"https:\/\/www.jamesonwhiskey.com\/fr-ma\/wp-json\/wp\/v2\/types\/page"}],"author":[{"embeddable":true,"href":"https:\/\/www.jamesonwhiskey.com\/fr-ma\/wp-json\/wp\/v2\/users\/78"}],"replies":[{"embeddable":true,"href":"https:\/\/www.jamesonwhiskey.com\/fr-ma\/wp-json\/wp\/v2\/comments?post=1684054"}],"version-history":[{"count":0,"href":"https:\/\/www.jamesonwhiskey.com\/fr-ma\/wp-json\/wp\/v2\/pages\/1684054\/revisions"}],"up":[{"embeddable":true,"href":"https:\/\/www.jamesonwhiskey.com\/fr-ma\/wp-json\/wp\/v2\/pages\/493615"}],"wp:attachment":[{"href":"https:\/\/www.jamesonwhiskey.com\/fr-ma\/wp-json\/wp\/v2\/media?parent=1684054"}],"wp:term":[{"taxonomy":"category","embeddable":true,"href":"https:\/\/www.jamesonwhiskey.com\/fr-ma\/wp-json\/wp\/v2\/categories?post=1684054"},{"taxonomy":"post_tag","embeddable":true,"href":"https:\/\/www.jamesonwhiskey.com\/fr-ma\/wp-json\/wp\/v2\/tags?post=1684054"},{"taxonomy":"our-world-category","embeddable":true,"href":"https:\/\/www.jamesonwhiskey.com\/fr-ma\/wp-json\/wp\/v2\/our-world-category?post=1684054"}],"curies":[{"name":"wp","href":"https:\/\/api.w.org\/{rel}","templated":true}]}}