{"id":2578712,"date":"2023-10-10T09:00:56","date_gmt":"2023-10-10T09:00:56","guid":{"rendered":"https:\/\/www.jamesonwhiskey.com\/?page_id=2578712"},"modified":"2023-10-10T09:40:35","modified_gmt":"2023-10-10T09:40:35","slug":"batteurs","status":"publish","type":"page","link":"https:\/\/www.jamesonwhiskey.com\/fr-ma\/jamesonmusic\/votes\/batteurs\/","title":{"rendered":"Jameson Music &#8211; Votes BATTERIE"},"content":{"rendered":"                                                                        \n                                                                            \n    <section id=\"block_c6a81c37e804045d6e7453b6dc70f286\" class=\"video-list full-width lazy\" data-assetkey=\"video-list\">\n    <div class=\"video-list__wrapper\">\n        \n\n<div class=\"subheading video-list__subheading\">\n        <div class=\"subheading__line\"><\/div>\n    \n    <span class=\"h6\">Cat\u00e9gorie Batteurs<\/span>\n<\/div>\n        <div class=\"video-list__heading\">\n            <h1>Vote pour ton batteur pr\u00e9f\u00e9r\u00e9 !<\/h1>\n        <\/div>\n\n        <div\n            data-ispreview=\"\"\n            data-videos=\"[{&quot;src&quot;:false,&quot;srcset&quot;:false,&quot;width&quot;:null,&quot;height&quot;:null,&quot;alt&quot;:null,&quot;video_url&quot;:&quot;&quot;,&quot;video_title&quot;:&quot;&quot;,&quot;filter_key&quot;:&quot;&quot;,&quot;subheading&quot;:&quot;&quot;,&quot;line_1&quot;:&quot;&quot;,&quot;line_2&quot;:&quot;&quot;,&quot;line_3&quot;:&quot;&quot;,&quot;title&quot;:&quot;Mohamed Razouky&quot;,&quot;description&quot;:&quot;#1&quot;,&quot;site_url&quot;:&quot;https%3A%2F%2Fwww.jamesonwhiskey.com&quot;,&quot;hash&quot;:&quot;d41d8cd98f00b204e9800998ecf8427e&quot;,&quot;visible&quot;:false},{&quot;src&quot;:false,&quot;srcset&quot;:false,&quot;width&quot;:null,&quot;height&quot;:null,&quot;alt&quot;:null,&quot;video_url&quot;:&quot;https:\\\/\\\/www.youtube.com\\\/embed\\\/S_vdw8a_Ze4?feature=oembed&quot;,&quot;video_title&quot;:&quot;Abdelhafid HADDI&quot;,&quot;filter_key&quot;:&quot;&quot;,&quot;subheading&quot;:&quot;&quot;,&quot;line_1&quot;:&quot;&quot;,&quot;line_2&quot;:&quot;&quot;,&quot;line_3&quot;:&quot;&quot;,&quot;title&quot;:&quot;Abdelhafid Haddi&quot;,&quot;description&quot;:&quot;#2&quot;,&quot;site_url&quot;:&quot;https%3A%2F%2Fwww.jamesonwhiskey.com&quot;,&quot;hash&quot;:&quot;d41d8cd98f00b204e9800998ecf8427e&quot;,&quot;visible&quot;:false}]\"\n            data-filterlist=\"false\"\n            data-loadmoretext=\"\"\n            data-playvideo=\"Play video\"\n            data-noresultmessage=\"\"\n            data-filterbytext=\"filter by\"\n            data-filterbydefault=\"\"\n            data-thumbnailoverlay=\"1\"\n            data-locale=\"fr-ma\">\n        <\/div>\n    <\/div>\n<\/section>\n\n\n<section id=\"block_9cb3d6b2b8d153807c9a93188024d7e8\" class=\"video-list full-width lazy\" data-assetkey=\"video-list\">\n    <div class=\"video-list__wrapper\">\n                <div class=\"video-list__heading\">\n            <h1><\/h1>\n        <\/div>\n\n        <div\n            data-ispreview=\"\"\n            data-videos=\"[]\"\n            data-filterlist=\"false\"\n            data-loadmoretext=\"\"\n            data-playvideo=\"Play video\"\n            data-noresultmessage=\"\"\n            data-filterbytext=\"filter by\"\n            data-filterbydefault=\"\"\n            data-thumbnailoverlay=\"1\"\n            data-locale=\"fr-ma\">\n        <\/div>\n    <\/div>\n<\/section>\n\n\n","protected":false},"excerpt":{"rendered":"","protected":false},"author":138,"featured_media":0,"parent":1684054,"menu_order":1,"comment_status":"closed","ping_status":"closed","template":"","meta":{"_acf_changed":false,"_seopress_robots_primary_cat":"","_seopress_titles_title":"Jameson Music Contest - Votes BATTERIE","_seopress_titles_desc":"Vote pour ton artiste pr\u00e9f\u00e9r\u00e9 et constitue la Jameson Band","_seopress_robots_index":"","inline_featured_image":false,"footnotes":""},"categories":[],"tags":[],"our-world-category":[],"class_list":["post-2578712","page","type-page","status-publish","hentry"],"acf":[],"_links":{"self":[{"href":"https:\/\/www.jamesonwhiskey.com\/fr-ma\/wp-json\/wp\/v2\/pages\/2578712","targetHints":{"allow":["GET"]}}],"collection":[{"href":"https:\/\/www.jamesonwhiskey.com\/fr-ma\/wp-json\/wp\/v2\/pages"}],"about":[{"href":"https:\/\/www.jamesonwhiskey.com\/fr-ma\/wp-json\/wp\/v2\/types\/page"}],"author":[{"embeddable":true,"href":"https:\/\/www.jamesonwhiskey.com\/fr-ma\/wp-json\/wp\/v2\/users\/138"}],"replies":[{"embeddable":true,"href":"https:\/\/www.jamesonwhiskey.com\/fr-ma\/wp-json\/wp\/v2\/comments?post=2578712"}],"version-history":[{"count":0,"href":"https:\/\/www.jamesonwhiskey.com\/fr-ma\/wp-json\/wp\/v2\/pages\/2578712\/revisions"}],"up":[{"embeddable":true,"href":"https:\/\/www.jamesonwhiskey.com\/fr-ma\/wp-json\/wp\/v2\/pages\/1684054"}],"wp:attachment":[{"href":"https:\/\/www.jamesonwhiskey.com\/fr-ma\/wp-json\/wp\/v2\/media?parent=2578712"}],"wp:term":[{"taxonomy":"category","embeddable":true,"href":"https:\/\/www.jamesonwhiskey.com\/fr-ma\/wp-json\/wp\/v2\/categories?post=2578712"},{"taxonomy":"post_tag","embeddable":true,"href":"https:\/\/www.jamesonwhiskey.com\/fr-ma\/wp-json\/wp\/v2\/tags?post=2578712"},{"taxonomy":"our-world-category","embeddable":true,"href":"https:\/\/www.jamesonwhiskey.com\/fr-ma\/wp-json\/wp\/v2\/our-world-category?post=2578712"}],"curies":[{"name":"wp","href":"https:\/\/api.w.org\/{rel}","templated":true}]}}