{"id":263367,"date":"2022-10-27T10:28:55","date_gmt":"2022-10-27T10:28:55","guid":{"rendered":"https:\/\/live-jameson.pantheonsite.io\/our-story\/"},"modified":"2023-02-15T15:29:34","modified_gmt":"2023-02-15T15:29:34","slug":"our-story","status":"publish","type":"page","link":"https:\/\/www.jamesonwhiskey.com\/fr-ma\/our-story\/","title":{"rendered":"Notre histoire"},"content":{"rendered":"\n<section id=\"block_ae93516f6abff72617ad1d716bcdbfeb\" class=\"hero hero-no-image hero-no-image__no-breadcrumb-spacer lazy\" data-assetkey=\"hero-no-image\">\n  <div class=\"hero-no-image__container \">\n    <div class=\"hero-no-image__container-content\">\n        <div class=\"subheading \">\n    <div class=\"subheading__line\"><\/div>\n    <span class=\"h6\">stories<\/span>\n  <\/div>\n\n      <h1 class=\"h1\">Articles<\/h1>\n    <\/div>\n  <\/div>\n<\/section>\n\n\n                                                                                                                                                                                                                                                                                                                                                                                                                                                                                                                                                                                                                                                                                                                                                                                                                                                                                                                                                                                                                                                                                                                                                                                                                                                                                                                                                                                                                                                                                                                                                                                                                                                                                                                                                                                                                                                                                                                                                                                                                                                                                    \n\n\n\n<section id=\"block_fda9b51d7cca9adc7199f190b74b6db9\" class=\"article-list\" data-assetkey=\"article-list\">\n    <div>\n        <div class=\"article-list__title\">\n            \n\n<div class=\"subheading article-list__subheading\">\n        <div class=\"subheading__line\"><\/div>\n    \n    <span class=\"h6\">Read<\/span>\n<\/div>\n            <h1>Latest Stories<\/h1>\n        <\/div>\n\n        <div\n            data-posts='[]'\n            data-ispreview=\"\"\n            data-hidearticlecategories=\"\"\n            data-allcategories='[{\"name\":\"View All\",\"slug\":\"all\",\"term_id\":\"all\"}]'\n            data-alltext=\"View All\"\n            data-loadmoretext=\"Load More Stories\"\n            data-sortbytext=\"sort by\"\n            data-filterbytext=\"filter by topic\"\n            data-thumbnailoverlay=\"1\"\n            data-dateaddedtext=\"Date added\"\n            data-popularitytext=\"Popularity\"\n            data-locale=\"fr-ma\">\n        <\/div>\n    <\/div>\n<\/section>\n\n\n                                                                                                                                                                                                                                                                                                                                                                                                                                                                                                                                                                                                                                                                                                                                                                                                                                                                                                                                                                                                                                                                                                                                                                                                                                                                                                                                                                                                                                                                                                                                                                                                                                                                                                                                                                                                                                                                                                                                                                                                                                                                                  ","protected":false},"excerpt":{"rendered":"<p>L&#8217;histoire de Jameson commence en 1780 en Irlande, quand John Jameson s&#8217;\u00e9tablit \u00e0 Dublin et d\u00e9cide de cr\u00e9er l&#8217;une des premi\u00e8res distilleries du pays.<\/p>\n","protected":false},"author":29,"featured_media":0,"parent":0,"menu_order":20,"comment_status":"closed","ping_status":"closed","template":"","meta":{"_acf_changed":false,"_seopress_robots_primary_cat":"","_seopress_titles_title":"","_seopress_titles_desc":"","_seopress_robots_index":"","inline_featured_image":false,"footnotes":""},"categories":[],"tags":[],"our-world-category":[],"class_list":["post-263367","page","type-page","status-publish","hentry"],"acf":[],"_links":{"self":[{"href":"https:\/\/www.jamesonwhiskey.com\/fr-ma\/wp-json\/wp\/v2\/pages\/263367","targetHints":{"allow":["GET"]}}],"collection":[{"href":"https:\/\/www.jamesonwhiskey.com\/fr-ma\/wp-json\/wp\/v2\/pages"}],"about":[{"href":"https:\/\/www.jamesonwhiskey.com\/fr-ma\/wp-json\/wp\/v2\/types\/page"}],"author":[{"embeddable":true,"href":"https:\/\/www.jamesonwhiskey.com\/fr-ma\/wp-json\/wp\/v2\/users\/29"}],"replies":[{"embeddable":true,"href":"https:\/\/www.jamesonwhiskey.com\/fr-ma\/wp-json\/wp\/v2\/comments?post=263367"}],"version-history":[{"count":0,"href":"https:\/\/www.jamesonwhiskey.com\/fr-ma\/wp-json\/wp\/v2\/pages\/263367\/revisions"}],"wp:attachment":[{"href":"https:\/\/www.jamesonwhiskey.com\/fr-ma\/wp-json\/wp\/v2\/media?parent=263367"}],"wp:term":[{"taxonomy":"category","embeddable":true,"href":"https:\/\/www.jamesonwhiskey.com\/fr-ma\/wp-json\/wp\/v2\/categories?post=263367"},{"taxonomy":"post_tag","embeddable":true,"href":"https:\/\/www.jamesonwhiskey.com\/fr-ma\/wp-json\/wp\/v2\/tags?post=263367"},{"taxonomy":"our-world-category","embeddable":true,"href":"https:\/\/www.jamesonwhiskey.com\/fr-ma\/wp-json\/wp\/v2\/our-world-category?post=263367"}],"curies":[{"name":"wp","href":"https:\/\/api.w.org\/{rel}","templated":true}]}}