{"id":263373,"date":"2022-10-16T14:44:17","date_gmt":"2022-10-16T14:44:17","guid":{"rendered":"https:\/\/live-jameson.pantheonsite.io\/jameson-irish-whiskey\/"},"modified":"2023-04-24T14:39:32","modified_gmt":"2023-04-24T14:39:32","slug":"jameson-irish-whiskey","status":"publish","type":"page","link":"https:\/\/www.jamesonwhiskey.com\/fr-ma\/our-whiskey\/jameson-irish-whiskey\/","title":{"rendered":"JAMESON ORIGINAL"},"content":{"rendered":"<section id=\"block_82cbd7cbae0473bfbbcd92228e9311ab\" class=\"hero hero-halfscreen  lazy\" data-assetkey=\"hero-halfscreen\" data-colour_filter='none' data-colour_filter_opacity='51'>\n\t\t\n\t<div class=\"hero-halfscreen__img_content\">\n\t\t\t\t\t<div class=\"hero-halfscreen__img_content-breadcrumbs\">\n\t\t\t\t\t\t\t\t\t            \n\t\t\t\t\t\t\t<\/div>\n\t\t\n\t\t\t\t\t\t\t\t\t\t\n\n                        \n        <picture class=\"hero-halfscreen__picture\">\n\t\t\t<source media=\"(min-width: 768px)\" class=\"hero-halfscreen__source hero-halfscreen__source--desktop\" srcset=\"https:\/\/ik.imagekit.io\/cvygf2xse\/jamesonwhiskey\/wp-content\/uploads\/2022\/12\/PreviewMedium-180618_WADES_JAMESON_NIKON_05_JGL_NEW_BARMAN_1574_EXTD_RGB-aspect-ratio-960-730-1.png?tr=q-80,w-1024 1024w, https:\/\/ik.imagekit.io\/cvygf2xse\/jamesonwhiskey\/wp-content\/uploads\/2022\/12\/PreviewMedium-180618_WADES_JAMESON_NIKON_05_JGL_NEW_BARMAN_1574_EXTD_RGB-aspect-ratio-960-730-1.png?tr=q-80,w-768 768w, https:\/\/ik.imagekit.io\/cvygf2xse\/jamesonwhiskey\/wp-content\/uploads\/2022\/12\/PreviewMedium-180618_WADES_JAMESON_NIKON_05_JGL_NEW_BARMAN_1574_EXTD_RGB-aspect-ratio-960-730-1.png?tr=q-80,w-500 500w, https:\/\/ik.imagekit.io\/cvygf2xse\/jamesonwhiskey\/wp-content\/uploads\/2022\/12\/PreviewMedium-180618_WADES_JAMESON_NIKON_05_JGL_NEW_BARMAN_1574_EXTD_RGB-aspect-ratio-960-730-1.png?tr=q-80,w-420 420w, https:\/\/ik.imagekit.io\/cvygf2xse\/jamesonwhiskey\/wp-content\/uploads\/2022\/12\/PreviewMedium-180618_WADES_JAMESON_NIKON_05_JGL_NEW_BARMAN_1574_EXTD_RGB-aspect-ratio-960-730-1.png?tr=q-80,w-400 400w, https:\/\/ik.imagekit.io\/cvygf2xse\/jamesonwhiskey\/wp-content\/uploads\/2022\/12\/PreviewMedium-180618_WADES_JAMESON_NIKON_05_JGL_NEW_BARMAN_1574_EXTD_RGB-aspect-ratio-960-730-1.png?tr=q-80,w-375 375w, https:\/\/ik.imagekit.io\/cvygf2xse\/jamesonwhiskey\/wp-content\/uploads\/2022\/12\/PreviewMedium-180618_WADES_JAMESON_NIKON_05_JGL_NEW_BARMAN_1574_EXTD_RGB-aspect-ratio-960-730-1.png?tr=q-80,w-360 360w, https:\/\/ik.imagekit.io\/cvygf2xse\/jamesonwhiskey\/wp-content\/uploads\/2022\/12\/PreviewMedium-180618_WADES_JAMESON_NIKON_05_JGL_NEW_BARMAN_1574_EXTD_RGB-aspect-ratio-960-730-1.png?tr=q-80,w-320 320w, https:\/\/ik.imagekit.io\/cvygf2xse\/jamesonwhiskey\/wp-content\/uploads\/2022\/12\/PreviewMedium-180618_WADES_JAMESON_NIKON_05_JGL_NEW_BARMAN_1574_EXTD_RGB-aspect-ratio-960-730-1.png?tr=q-80,w-300 300w, https:\/\/ik.imagekit.io\/cvygf2xse\/jamesonwhiskey\/wp-content\/uploads\/2022\/12\/PreviewMedium-180618_WADES_JAMESON_NIKON_05_JGL_NEW_BARMAN_1574_EXTD_RGB-aspect-ratio-960-730-1.png?tr=q-80,w-275 275w, https:\/\/ik.imagekit.io\/cvygf2xse\/jamesonwhiskey\/wp-content\/uploads\/2022\/12\/PreviewMedium-180618_WADES_JAMESON_NIKON_05_JGL_NEW_BARMAN_1574_EXTD_RGB-aspect-ratio-960-730-1.png?tr=q-80,w-200 200w, https:\/\/ik.imagekit.io\/cvygf2xse\/jamesonwhiskey\/wp-content\/uploads\/2022\/12\/PreviewMedium-180618_WADES_JAMESON_NIKON_05_JGL_NEW_BARMAN_1574_EXTD_RGB-aspect-ratio-960-730-1.png?tr=q-80,w-100 100w, \" sizes=\"(min-width: 1440px) 100vw, (min-width: 1024px) 1024px, (min-width: 768px) 768px\">\n\t\t\t<source class=\"hero-halfscreen__source hero-halfscreen__source--mobile\" srcset=\"https:\/\/ik.imagekit.io\/cvygf2xse\/jamesonwhiskey\/wp-content\/uploads\/2022\/12\/PreviewMedium-180618_WADES_JAMESON_NIKON_05_JGL_NEW_BARMAN_1574_EXTD_RGB-aspect-ratio-1-1.png?tr=q-80,w-500 500w, https:\/\/ik.imagekit.io\/cvygf2xse\/jamesonwhiskey\/wp-content\/uploads\/2022\/12\/PreviewMedium-180618_WADES_JAMESON_NIKON_05_JGL_NEW_BARMAN_1574_EXTD_RGB-aspect-ratio-1-1.png?tr=q-80,w-420 420w, https:\/\/ik.imagekit.io\/cvygf2xse\/jamesonwhiskey\/wp-content\/uploads\/2022\/12\/PreviewMedium-180618_WADES_JAMESON_NIKON_05_JGL_NEW_BARMAN_1574_EXTD_RGB-aspect-ratio-1-1.png?tr=q-80,w-400 400w, https:\/\/ik.imagekit.io\/cvygf2xse\/jamesonwhiskey\/wp-content\/uploads\/2022\/12\/PreviewMedium-180618_WADES_JAMESON_NIKON_05_JGL_NEW_BARMAN_1574_EXTD_RGB-aspect-ratio-1-1.png?tr=q-80,w-375 375w, https:\/\/ik.imagekit.io\/cvygf2xse\/jamesonwhiskey\/wp-content\/uploads\/2022\/12\/PreviewMedium-180618_WADES_JAMESON_NIKON_05_JGL_NEW_BARMAN_1574_EXTD_RGB-aspect-ratio-1-1.png?tr=q-80,w-360 360w, https:\/\/ik.imagekit.io\/cvygf2xse\/jamesonwhiskey\/wp-content\/uploads\/2022\/12\/PreviewMedium-180618_WADES_JAMESON_NIKON_05_JGL_NEW_BARMAN_1574_EXTD_RGB-aspect-ratio-1-1.png?tr=q-80,w-320 320w, https:\/\/ik.imagekit.io\/cvygf2xse\/jamesonwhiskey\/wp-content\/uploads\/2022\/12\/PreviewMedium-180618_WADES_JAMESON_NIKON_05_JGL_NEW_BARMAN_1574_EXTD_RGB-aspect-ratio-1-1.png?tr=q-80,w-300 300w, https:\/\/ik.imagekit.io\/cvygf2xse\/jamesonwhiskey\/wp-content\/uploads\/2022\/12\/PreviewMedium-180618_WADES_JAMESON_NIKON_05_JGL_NEW_BARMAN_1574_EXTD_RGB-aspect-ratio-1-1.png?tr=q-80,w-275 275w, https:\/\/ik.imagekit.io\/cvygf2xse\/jamesonwhiskey\/wp-content\/uploads\/2022\/12\/PreviewMedium-180618_WADES_JAMESON_NIKON_05_JGL_NEW_BARMAN_1574_EXTD_RGB-aspect-ratio-1-1.png?tr=q-80,w-200 200w, https:\/\/ik.imagekit.io\/cvygf2xse\/jamesonwhiskey\/wp-content\/uploads\/2022\/12\/PreviewMedium-180618_WADES_JAMESON_NIKON_05_JGL_NEW_BARMAN_1574_EXTD_RGB-aspect-ratio-1-1.png?tr=q-80,w-100 100w, \" sizes=\"(min-width: 768px) 768px, (min-width: 500px) 500px, 250px\">\n\t\t\t<img loading=\"lazy\" decoding=\"async\" class=\"hero-halfscreen__image\" src=\"https:\/\/ik.imagekit.io\/cvygf2xse\/jamesonwhiskey\/wp-content\/uploads\/2022\/12\/PreviewMedium-180618_WADES_JAMESON_NIKON_05_JGL_NEW_BARMAN_1574_EXTD_RGB-aspect-ratio-960-730-1.png?tr=q-80,w-1024\" width=\"1024\" height=\"560\" alt=\"\" role=\"presentation\">\n\t\t<\/picture>\n\t<\/div>\n\n\t<div class=\"hero-halfscreen__content\">\n                \n\t\t  <div class=\"subheading \">\n    <div class=\"subheading__line\"><\/div>\n    <h2 class=\"h6\">Notre whiskey<\/h2>\n  <\/div>\n\n\t\t<h1 class=\"h1\">JAMESON ORIGINAL<\/h1>\n\n\t\t\t\t\t<div class=\"hero-halfscreen__content-intro wysiwyg\">\n\t\t\t\t<p>Jameson Original est un whisky irlandais issu de l&#8217;assemblage du meilleur whiskey de grain, l\u00e9ger et floral, et d\u2019une plus grande proportion de whisky Pot Still, provenant \u00e0 la fois d\u2019orge malt\u00e9e et d\u2019orge non malt\u00e9e, ajoutant un profil robuste, cr\u00e9meux et \u00e9pic\u00e9.<\/p>\n<p>L\u2019incroyable douceur de notre whiskey vient de notre proc\u00e9d\u00e9 caract\u00e9ristique de la triple distillation. Nos whiskies sont distill\u00e9s dans 2 types d\u2019alambic (Alambic charentais et alambic \u00e0 colonne).<\/p>\n<p>Jameson Original est ensuite vieilli entre 4 et 7 ans dans d&#8217;anciens f\u00fbts de bourbon (ch\u00eane am\u00e9ricain) et de x\u00e9r\u00e8s (ch\u00eane europ\u00e9en) qui leur conf\u00e8rent les notes bois\u00e9es, de vanille et la douceur du x\u00e9r\u00e8s, si caract\u00e9ristiques de leur personnalit\u00e9.<\/p>\n\n\t\t\t<\/div>\n\t\t\n\t\t\t\t\t\t\t\t\n\t\t\t\t\t\t\t\t\t\t\t\t\n\n\t\t\t\n\t\t\t<\/div>\n<\/section>\n\n\n\n\n\n<section id=\"block_23ffae20e72a53c82fdf7ff8d5d4dd45\" class=\"outlined-boxes full-width lazy\" data-assetkey=\"outlined-boxes\">\n  \n  \n  \n  <div\n    class=\"swiper outlined-boxes__swiper\"\n    id=\"swiper-block_23ffae20e72a53c82fdf7ff8d5d4dd45\"\n    role=\"region\"\n    aria-roledescription=\"carousel\"\n      >\n    <div\n      class=\"swiper-button-prev\"\n      role=\"button\"\n      aria-label=\"Previous slide\"\n      aria-controls=\"swiper-block_23ffae20e72a53c82fdf7ff8d5d4dd45\"\n    ><\/div>\n\n    <div class=\"swiper-wrapper outlined-boxes__wrapper\" aria-live=\"polite\">\n              <div\n          class=\"swiper-slide outlined-boxes__slide\"\n          role=\"group\"\n          aria-roledescription=\"slide\"\n          aria-label=\"1 of 3\"\n        >\n          <div>\n            \n\n<div class=\"subheading subheading--small\">\n        <div class=\"subheading__line\"><\/div>\n    \n    <span class=\"h6\">Nez<\/span>\n<\/div>\n            <div class=\"outlined-boxes__content wysiwyg\">\n              <p>Un parfum floral l\u00e9ger, ponctu\u00e9 de notes \u00e9pic\u00e9es, bois\u00e9es et de notes sucr\u00e9es.<\/p>\n\n            <\/div>\n          <\/div>\n        <\/div>\n              <div\n          class=\"swiper-slide outlined-boxes__slide\"\n          role=\"group\"\n          aria-roledescription=\"slide\"\n          aria-label=\"2 of 3\"\n        >\n          <div>\n            \n\n<div class=\"subheading subheading--small\">\n        <div class=\"subheading__line\"><\/div>\n    \n    <span class=\"h6\">Bouche<\/span>\n<\/div>\n            <div class=\"outlined-boxes__content wysiwyg\">\n              <p>L\u2019\u00e9quilibre parfait entre des notes d\u2019\u00e9pices, de noix et de vanille, avec une pointe de x\u00e9r\u00e8s sucr\u00e9 et une douceur exceptionnelle.<\/p>\n\n            <\/div>\n          <\/div>\n        <\/div>\n              <div\n          class=\"swiper-slide outlined-boxes__slide\"\n          role=\"group\"\n          aria-roledescription=\"slide\"\n          aria-label=\"3 of 3\"\n        >\n          <div>\n            \n\n<div class=\"subheading subheading--small\">\n        <div class=\"subheading__line\"><\/div>\n    \n    <span class=\"h6\">Finale<\/span>\n<\/div>\n            <div class=\"outlined-boxes__content wysiwyg\">\n              <p>Finale douce et persistante<\/p>\n\n            <\/div>\n          <\/div>\n        <\/div>\n          <\/div>\n\n    <div\n      class=\"swiper-button-next\"\n      role=\"button\"\n      aria-label=\"Next slide\"\n      aria-controls=\"swiper-block_23ffae20e72a53c82fdf7ff8d5d4dd45\"\n    ><\/div>\n\n    <div class=\"swiper-pagination\" aria-hidden=\"true\"><\/div>\n\n    <p\n      id=\"status-block_23ffae20e72a53c82fdf7ff8d5d4dd45\"\n      role=\"status\"\n      aria-live=\"polite\"\n      class=\"visually-hidden\"\n    ><\/p>\n  <\/div>\n<\/section>\n\n\n\n    \n<section id=\"block_dc3e3127d2c72514bdad3f535e7ba488\" class=\"three-tiles full-width lazy\" data-assetkey=\"three-tiles\">\n    <div class=\"three-tiles--with-link three-tiles--no-navigation three-tiles--no-background\">\n        <div class=\"three-tiles__content\">\n            \n\n<div class=\"subheading three-tiles__subheading\">\n        <div>\n        <svg width=\"40px\" height=\"2px\" viewBox=\"0 0 40 2\" version=\"1.1\" aria-hidden=\"true\" xmlns=\"http:\/\/www.w3.org\/2000\/svg\" xmlns:xlink=\"http:\/\/www.w3.org\/1999\/xlink\">\n            <g stroke=\"none\" stroke-width=\"2\" fill=\"none\" fill-rule=\"evenodd\">\n                <g transform=\"translate(-20.000000, -916.000000)\" fill=\"#154734\">\n                    <g transform=\"translate(20.000000, 904.000000)\">\n                        <g>\n                            <rect x=\"0\" y=\"12\" width=\"40\" height=\"2\"><\/rect>\n                        <\/g>\n                    <\/g>\n                <\/g>\n            <\/g>\n        <\/svg>\n    <\/div>\n    \n    <span class=\"h6\">Cocktails<\/span>\n<\/div>\n            <h2 class=\"h2 three-tiles__heading three-tiles__heading--row1\">\n                <span class=\"three-tiles__heading--color1\">Jameson Original  <\/span>                <br>\n            <\/h2>\n                            <h2 class=\"h2 three-tiles__heading\">\n                <span class=\"three-tiles__heading--color2\">Recettes de cocktails<\/span>\n                <\/h2>\n            \n            \n            <div class=\"three-tiles__wrapper\">\n                                                                \n                <div\n                    class=\"swiper three-tiles__swiper\"\n                    id=\"three-tiles-block_dc3e3127d2c72514bdad3f535e7ba488\"\n                    role=\"region\"\n                    aria-roledescription=\"carousel\"\n                    aria-labelledby=\"cid-three-tiles-block_dc3e3127d2c72514bdad3f535e7ba488\"\n                    tabindex=\"-1\"\n                    data-module=\"three-tiles-swiper\"\n                >\n                    <span id=\"cid-three-tiles-block_dc3e3127d2c72514bdad3f535e7ba488\" class=\"visually-hidden\">\n                        Jameson Original  \n                    <\/span>\n\n                    <div class=\"swiper-wrapper\" aria-live=\"polite\">\n                                                                                                                                                                                                                                                                            <a\n                                href=\"https:\/\/www.jamesonwhiskey.com\/fr-ma\/cocktail-recipes\/jameson-ginger-lime\/\"\n                                class=\"swiper-slide three-tiles__slide three-tiles__slide--articles\"\n                                role=\"group\"\n                                aria-roledescription=\"slide\"\n                                aria-label=\"1 of 3\"\n                                \n                                 title=\"Jameson, Ginger &#038; Lime\"\n                            >\n                                <div class=\"three-tiles__slide-content\">\n                                    <h3 class=\"h3\">\n                                        Jameson, Ginger &amp; Lime\n                                    <\/h3>\n                                <\/div>\n                                <div class=\"three-tiles__slide-picture\">\n                                                                                                                                                                                                                                    OK\n                                <picture>\n                                    <source srcset=\"https:\/\/ik.imagekit.io\/cvygf2xse\/jamesonwhiskey\/wp-content\/uploads\/2022\/01\/1-1_62fc82cc-7cf6-49db-962a-f08268373e1b.jpg?tr=q-80,w-768 768w, https:\/\/ik.imagekit.io\/cvygf2xse\/jamesonwhiskey\/wp-content\/uploads\/2022\/01\/1-1_62fc82cc-7cf6-49db-962a-f08268373e1b.jpg?tr=q-80,w-500 500w, https:\/\/ik.imagekit.io\/cvygf2xse\/jamesonwhiskey\/wp-content\/uploads\/2022\/01\/1-1_62fc82cc-7cf6-49db-962a-f08268373e1b.jpg?tr=q-80,w-420 420w, https:\/\/ik.imagekit.io\/cvygf2xse\/jamesonwhiskey\/wp-content\/uploads\/2022\/01\/1-1_62fc82cc-7cf6-49db-962a-f08268373e1b.jpg?tr=q-80,w-400 400w, https:\/\/ik.imagekit.io\/cvygf2xse\/jamesonwhiskey\/wp-content\/uploads\/2022\/01\/1-1_62fc82cc-7cf6-49db-962a-f08268373e1b.jpg?tr=q-80,w-375 375w, https:\/\/ik.imagekit.io\/cvygf2xse\/jamesonwhiskey\/wp-content\/uploads\/2022\/01\/1-1_62fc82cc-7cf6-49db-962a-f08268373e1b.jpg?tr=q-80,w-360 360w, https:\/\/ik.imagekit.io\/cvygf2xse\/jamesonwhiskey\/wp-content\/uploads\/2022\/01\/1-1_62fc82cc-7cf6-49db-962a-f08268373e1b.jpg?tr=q-80,w-320 320w, https:\/\/ik.imagekit.io\/cvygf2xse\/jamesonwhiskey\/wp-content\/uploads\/2022\/01\/1-1_62fc82cc-7cf6-49db-962a-f08268373e1b.jpg?tr=q-80,w-300 300w, https:\/\/ik.imagekit.io\/cvygf2xse\/jamesonwhiskey\/wp-content\/uploads\/2022\/01\/1-1_62fc82cc-7cf6-49db-962a-f08268373e1b.jpg?tr=q-80,w-275 275w, https:\/\/ik.imagekit.io\/cvygf2xse\/jamesonwhiskey\/wp-content\/uploads\/2022\/01\/1-1_62fc82cc-7cf6-49db-962a-f08268373e1b.jpg?tr=q-80,w-200 200w, https:\/\/ik.imagekit.io\/cvygf2xse\/jamesonwhiskey\/wp-content\/uploads\/2022\/01\/1-1_62fc82cc-7cf6-49db-962a-f08268373e1b.jpg?tr=q-80,w-100 100w, \" sizes=\"(min-width: 1024px) 100vw, (min-width: 768px) 768px, (min-width: 414px) 500px, 250px\">\n                                    <img decoding=\"async\" loading=\"lazy\" src=\"https:\/\/ik.imagekit.io\/cvygf2xse\/jamesonwhiskey\/wp-content\/uploads\/2022\/01\/1-1_62fc82cc-7cf6-49db-962a-f08268373e1b.jpg?tr=q-80,w-800\" width=\"800\" height=\"800\" alt=\"Whiskey and Ginger Ale Cocktail\">\n                                <\/picture>\n                                \n                                <\/div>\n                            <\/a>\n                                                                                                                                                                                                                                                                            <a\n                                href=\"https:\/\/www.jamesonwhiskey.com\/fr-ma\/cocktail-recipes\/the-midleton-mule\/\"\n                                class=\"swiper-slide three-tiles__slide three-tiles__slide--articles\"\n                                role=\"group\"\n                                aria-roledescription=\"slide\"\n                                aria-label=\"2 of 3\"\n                                \n                                 title=\"Midleton Mule\"\n                            >\n                                <div class=\"three-tiles__slide-content\">\n                                    <h3 class=\"h3\">\n                                        Midleton Mule\n                                    <\/h3>\n                                <\/div>\n                                <div class=\"three-tiles__slide-picture\">\n                                                                                                                                                                                                                                    OK\n                                <picture>\n                                    <source srcset=\"https:\/\/ik.imagekit.io\/cvygf2xse\/jamesonwhiskey\/wp-content\/uploads\/2023\/02\/JJ_1921_Content-Q3_Drinks_Shoot_1022_1x1-0180-aspect-ratio-380-380.jpg?tr=q-80,w-500 500w, https:\/\/ik.imagekit.io\/cvygf2xse\/jamesonwhiskey\/wp-content\/uploads\/2023\/02\/JJ_1921_Content-Q3_Drinks_Shoot_1022_1x1-0180-aspect-ratio-380-380.jpg?tr=q-80,w-420 420w, https:\/\/ik.imagekit.io\/cvygf2xse\/jamesonwhiskey\/wp-content\/uploads\/2023\/02\/JJ_1921_Content-Q3_Drinks_Shoot_1022_1x1-0180-aspect-ratio-380-380.jpg?tr=q-80,w-400 400w, https:\/\/ik.imagekit.io\/cvygf2xse\/jamesonwhiskey\/wp-content\/uploads\/2023\/02\/JJ_1921_Content-Q3_Drinks_Shoot_1022_1x1-0180-aspect-ratio-380-380.jpg?tr=q-80,w-375 375w, https:\/\/ik.imagekit.io\/cvygf2xse\/jamesonwhiskey\/wp-content\/uploads\/2023\/02\/JJ_1921_Content-Q3_Drinks_Shoot_1022_1x1-0180-aspect-ratio-380-380.jpg?tr=q-80,w-360 360w, https:\/\/ik.imagekit.io\/cvygf2xse\/jamesonwhiskey\/wp-content\/uploads\/2023\/02\/JJ_1921_Content-Q3_Drinks_Shoot_1022_1x1-0180-aspect-ratio-380-380.jpg?tr=q-80,w-320 320w, https:\/\/ik.imagekit.io\/cvygf2xse\/jamesonwhiskey\/wp-content\/uploads\/2023\/02\/JJ_1921_Content-Q3_Drinks_Shoot_1022_1x1-0180-aspect-ratio-380-380.jpg?tr=q-80,w-300 300w, https:\/\/ik.imagekit.io\/cvygf2xse\/jamesonwhiskey\/wp-content\/uploads\/2023\/02\/JJ_1921_Content-Q3_Drinks_Shoot_1022_1x1-0180-aspect-ratio-380-380.jpg?tr=q-80,w-275 275w, https:\/\/ik.imagekit.io\/cvygf2xse\/jamesonwhiskey\/wp-content\/uploads\/2023\/02\/JJ_1921_Content-Q3_Drinks_Shoot_1022_1x1-0180-aspect-ratio-380-380.jpg?tr=q-80,w-200 200w, https:\/\/ik.imagekit.io\/cvygf2xse\/jamesonwhiskey\/wp-content\/uploads\/2023\/02\/JJ_1921_Content-Q3_Drinks_Shoot_1022_1x1-0180-aspect-ratio-380-380.jpg?tr=q-80,w-100 100w, \" sizes=\"(min-width: 1024px) 100vw, (min-width: 768px) 768px, (min-width: 414px) 500px, 250px\">\n                                    <img decoding=\"async\" loading=\"lazy\" src=\"https:\/\/ik.imagekit.io\/cvygf2xse\/jamesonwhiskey\/wp-content\/uploads\/2023\/02\/JJ_1921_Content-Q3_Drinks_Shoot_1022_1x1-0180-aspect-ratio-380-380.jpg?tr=q-80,w-750\" width=\"750\" height=\"750\" alt=\"\">\n                                <\/picture>\n                                \n                                <\/div>\n                            <\/a>\n                                                                                                                                                                                                                                                                            <a\n                                href=\"https:\/\/www.jamesonwhiskey.com\/fr-ma\/cocktail-recipes\/hot-toddy\/\"\n                                class=\"swiper-slide three-tiles__slide three-tiles__slide--articles\"\n                                role=\"group\"\n                                aria-roledescription=\"slide\"\n                                aria-label=\"3 of 3\"\n                                \n                                 title=\"Hot Toddy\"\n                            >\n                                <div class=\"three-tiles__slide-content\">\n                                    <h3 class=\"h3\">\n                                        Hot Toddy\n                                    <\/h3>\n                                <\/div>\n                                <div class=\"three-tiles__slide-picture\">\n                                                                                                                                                                                                                                    OK\n                                <picture>\n                                    <source srcset=\"https:\/\/ik.imagekit.io\/cvygf2xse\/jamesonwhiskey\/wp-content\/uploads\/2023\/02\/JJ_1808_Q2_Drinks_Shoot_0622_Web_750_750-4-1-aspect-ratio-380-380.jpg?tr=q-80,w-500 500w, https:\/\/ik.imagekit.io\/cvygf2xse\/jamesonwhiskey\/wp-content\/uploads\/2023\/02\/JJ_1808_Q2_Drinks_Shoot_0622_Web_750_750-4-1-aspect-ratio-380-380.jpg?tr=q-80,w-420 420w, https:\/\/ik.imagekit.io\/cvygf2xse\/jamesonwhiskey\/wp-content\/uploads\/2023\/02\/JJ_1808_Q2_Drinks_Shoot_0622_Web_750_750-4-1-aspect-ratio-380-380.jpg?tr=q-80,w-400 400w, https:\/\/ik.imagekit.io\/cvygf2xse\/jamesonwhiskey\/wp-content\/uploads\/2023\/02\/JJ_1808_Q2_Drinks_Shoot_0622_Web_750_750-4-1-aspect-ratio-380-380.jpg?tr=q-80,w-375 375w, https:\/\/ik.imagekit.io\/cvygf2xse\/jamesonwhiskey\/wp-content\/uploads\/2023\/02\/JJ_1808_Q2_Drinks_Shoot_0622_Web_750_750-4-1-aspect-ratio-380-380.jpg?tr=q-80,w-360 360w, https:\/\/ik.imagekit.io\/cvygf2xse\/jamesonwhiskey\/wp-content\/uploads\/2023\/02\/JJ_1808_Q2_Drinks_Shoot_0622_Web_750_750-4-1-aspect-ratio-380-380.jpg?tr=q-80,w-320 320w, https:\/\/ik.imagekit.io\/cvygf2xse\/jamesonwhiskey\/wp-content\/uploads\/2023\/02\/JJ_1808_Q2_Drinks_Shoot_0622_Web_750_750-4-1-aspect-ratio-380-380.jpg?tr=q-80,w-300 300w, https:\/\/ik.imagekit.io\/cvygf2xse\/jamesonwhiskey\/wp-content\/uploads\/2023\/02\/JJ_1808_Q2_Drinks_Shoot_0622_Web_750_750-4-1-aspect-ratio-380-380.jpg?tr=q-80,w-275 275w, https:\/\/ik.imagekit.io\/cvygf2xse\/jamesonwhiskey\/wp-content\/uploads\/2023\/02\/JJ_1808_Q2_Drinks_Shoot_0622_Web_750_750-4-1-aspect-ratio-380-380.jpg?tr=q-80,w-200 200w, https:\/\/ik.imagekit.io\/cvygf2xse\/jamesonwhiskey\/wp-content\/uploads\/2023\/02\/JJ_1808_Q2_Drinks_Shoot_0622_Web_750_750-4-1-aspect-ratio-380-380.jpg?tr=q-80,w-100 100w, \" sizes=\"(min-width: 1024px) 100vw, (min-width: 768px) 768px, (min-width: 414px) 500px, 250px\">\n                                    <img decoding=\"async\" loading=\"lazy\" src=\"https:\/\/ik.imagekit.io\/cvygf2xse\/jamesonwhiskey\/wp-content\/uploads\/2023\/02\/JJ_1808_Q2_Drinks_Shoot_0622_Web_750_750-4-1-aspect-ratio-380-380.jpg?tr=q-80,w-750\" width=\"750\" height=\"750\" alt=\"\">\n                                <\/picture>\n                                \n                                <\/div>\n                            <\/a>\n                                        <\/div>\n\n                \n                <p id=\"status-three-tiles-block_dc3e3127d2c72514bdad3f535e7ba488\" role=\"status\" aria-live=\"polite\" class=\"visually-hidden\"><\/p>\n                <\/div>\n                                                            <div class=\"three-tiles__link\">\n                            <a href=\"https:\/\/www.jamesonwhiskey.com\/fr-ma\/cocktail-recipes\/\" class=\"btn--quaternary\"\n                               title=\"Voir tout\" >Voir tout<\/a>\n                        <\/div>\n                                                <\/div>\n        <\/div>\n\n            <\/div>\n<\/section>\n","protected":false},"excerpt":{"rendered":"","protected":false},"author":3,"featured_media":299624,"parent":263377,"menu_order":17,"comment_status":"closed","ping_status":"closed","template":"","meta":{"_acf_changed":false,"_seopress_robots_primary_cat":"","_seopress_titles_title":"Jameson distill\u00e9 trois fois \u2013 Jameson Irish Whiskey","_seopress_titles_desc":"L\u2019onctuosit\u00e9 unique en son genre du Jameson Irish Whiskey est le r\u00e9sultat d\u2019une triple distillation des meilleurs whiskeys \u00e0 grain fin et distill\u00e9s dans un alambic \u00e0 feu nu, puis d\u2019un vieillissement en f\u00fbts de ch\u00eane.","_seopress_robots_index":"","inline_featured_image":false,"footnotes":""},"categories":[],"tags":[],"our-world-category":[],"class_list":["post-263373","page","type-page","status-publish","has-post-thumbnail","hentry"],"acf":[],"_links":{"self":[{"href":"https:\/\/www.jamesonwhiskey.com\/fr-ma\/wp-json\/wp\/v2\/pages\/263373","targetHints":{"allow":["GET"]}}],"collection":[{"href":"https:\/\/www.jamesonwhiskey.com\/fr-ma\/wp-json\/wp\/v2\/pages"}],"about":[{"href":"https:\/\/www.jamesonwhiskey.com\/fr-ma\/wp-json\/wp\/v2\/types\/page"}],"author":[{"embeddable":true,"href":"https:\/\/www.jamesonwhiskey.com\/fr-ma\/wp-json\/wp\/v2\/users\/3"}],"replies":[{"embeddable":true,"href":"https:\/\/www.jamesonwhiskey.com\/fr-ma\/wp-json\/wp\/v2\/comments?post=263373"}],"version-history":[{"count":0,"href":"https:\/\/www.jamesonwhiskey.com\/fr-ma\/wp-json\/wp\/v2\/pages\/263373\/revisions"}],"up":[{"embeddable":true,"href":"https:\/\/www.jamesonwhiskey.com\/fr-ma\/wp-json\/wp\/v2\/pages\/263377"}],"wp:featuredmedia":[{"embeddable":true,"href":"https:\/\/www.jamesonwhiskey.com\/fr-ma\/wp-json\/wp\/v2\/media\/299624"}],"wp:attachment":[{"href":"https:\/\/www.jamesonwhiskey.com\/fr-ma\/wp-json\/wp\/v2\/media?parent=263373"}],"wp:term":[{"taxonomy":"category","embeddable":true,"href":"https:\/\/www.jamesonwhiskey.com\/fr-ma\/wp-json\/wp\/v2\/categories?post=263373"},{"taxonomy":"post_tag","embeddable":true,"href":"https:\/\/www.jamesonwhiskey.com\/fr-ma\/wp-json\/wp\/v2\/tags?post=263373"},{"taxonomy":"our-world-category","embeddable":true,"href":"https:\/\/www.jamesonwhiskey.com\/fr-ma\/wp-json\/wp\/v2\/our-world-category?post=263373"}],"curies":[{"name":"wp","href":"https:\/\/api.w.org\/{rel}","templated":true}]}}