{"id":263375,"date":"2022-10-16T14:43:52","date_gmt":"2022-10-16T14:43:52","guid":{"rendered":"https:\/\/live-jameson.pantheonsite.io\/enjoy-responsibly\/"},"modified":"2023-03-20T10:11:40","modified_gmt":"2023-03-20T10:11:40","slug":"enjoy-responsibly","status":"publish","type":"page","link":"https:\/\/www.jamesonwhiskey.com\/fr-ma\/enjoy-responsibly\/","title":{"rendered":"<strong>Responsabilit\u00e9 sociale<\/strong>"},"content":{"rendered":"\n<section id=\"block_05759b2bc0d2e6f5f9b91599731cd797\" class=\"hero hero-no-image hero-no-image__no-breadcrumb-spacer lazy\" data-assetkey=\"hero-no-image\">\n  <div class=\"hero-no-image__container hero-no-image__container-fullwidth\">\n    <div class=\"hero-no-image__container-content\">\n        <div class=\"subheading \">\n    <div class=\"subheading__line\"><\/div>\n    <h2 class=\"h6\">Responsabilit\u00e9 sociale<\/h2>\n  <\/div>\n\n      <h1 class=\"h1\">Responsabilit\u00e9 sociale<\/h1>\n    <\/div>\n  <\/div>\n<\/section>\n\n\n                                                                                                                                                                                                                                                                                                                                                                                                                                                                                                                                                                                                                                                                                                                                                                                                                                                                                                                                                                                                                                                                                                                                                                                                                                                                                                                                                                                                                                                                                                                                                                                                                                                                                                                                                                                                                                                                                                                                                                                                                                                                                    \n<section id=\"block_b72a69b2cb90c7e50558fa039c315331\"\n         class=\"content-one-column content-one-column--bg-light full-width lazy\n        \n        \n        \" data-assetkey=\"content-one-column\">\n    <div class=\"content-one-column__content\">\n        \n                <div class=\"content-one-column__heading\">\n                            <h2 class=\"h1\"><\/h2>\n                    <\/div>\n\n        \n                                                            <div class=\"content-one-column__text wysiwyg align_center_on_desktop\">\n                    <p><strong>IL S\u2019AGIT DU SITE OFFICIEL DU JAMESON IRISH WHISKEY SUR LEQUEL VOUS POURREZ TROUVER DES INFORMATIONS SUR NOTRE FONDATEUR JOHN JAMESON, LES RECETTES DE NOS BOISSONS ET LE MODE DE FABRICATION DU WHISKEY IRLANDAIS N\u00b0 1 DANS LE MONDE. CHEZ IRISH DISTILLERS PERNOD RICARD, NOUS SOUHAITONS PROT\u00c9GER L\u2019H\u00c9RITAGE DE JOHN JAMESON. C\u2019EST POURQUOI NOUS VOUS DEMANDONS DE LIRE LES DIRECTIVES SUIVANTES ET DE VOUS Y CONFORMER.<\/strong><\/p>\n<p>&nbsp;<\/p>\n<h3>1. CONSOMMATION RESPONSABLE<\/h3>\n<p>Vous garantissez et reconnaissez avoir l\u2019\u00e2ge l\u00e9gal minimum requis pour consommer et\/ou acheter de l\u2019alcool, conform\u00e9ment \u00e0 la r\u00e9glementation en vigueur dans votre pays de r\u00e9sidence. Nous vous rappelons qu\u2019aucun site ou compte (Twitter, Instagram, You tube, Facebook, etc.) relatif \u00e0 la marque ne doit \u00eatre partag\u00e9 avec des personnes mineures.<\/p>\n<p>Le groupe Pernod Ricard est engag\u00e9 depuis longtemps dans la promotion d\u2019une consommation responsable des boissons alcoolis\u00e9es.<\/p>\n<p>Au travers d\u2019une s\u00e9rie d\u2019initiatives, notamment en partenariat avec des associations, organisations et repr\u00e9sentants des autorit\u00e9s publiques, Pernod Ricard et ses soci\u00e9t\u00e9s affili\u00e9es sont profond\u00e9ment impliqu\u00e9es dans la promotion d\u2019une consommation responsable et visant \u00e0 d\u00e9courager l\u2019abus et la consommation inappropri\u00e9e de leurs produits.<\/p>\n<p>Lorsque vous utilisez les sites ou comptes (Twitter, Instagram, You tube, Facebook, etc.) de la marque nous attendons de vous que les contenus charg\u00e9s, publi\u00e9s, transmis ou partag\u00e9s soient en totale ad\u00e9quation avec une consommation responsable des boissons alcoolis\u00e9es et n\u2019encouragent pas une consommation excessive ou inappropri\u00e9e de celles-ci. Nous attendons donc d\u2019un utilisateur qu\u2019il ne charge, publie, transmette ou partage aucun contenu qui :<\/p>\n<p>\u2022 repr\u00e9sente des personnes qui sont ou semblent mineures, notamment en train de consommer de l\u2019alcool ;<\/p>\n<p>\u2022 soit post\u00e9 par des personnes mineures ;<\/p>\n<p>\u2022 encourage l\u2019achat ou la consommation d\u2019alcool par des mineurs, ou une consommation excessive ou immod\u00e9r\u00e9e d\u2019alcool ;<\/p>\n<p>\u2022 constitue une critique de l\u2019abstinence ou de la sobri\u00e9t\u00e9 ;<\/p>\n<p>\u2022 associe la consommation de boissons alcoolis\u00e9es \u00e0 la conduite de v\u00e9hicules \u00e0 moteur ou au maniement de machines potentiellement dangereuses ;<\/p>\n<p>\u2022 sugg\u00e8re que l\u2019alcool est dot\u00e9 de propri\u00e9t\u00e9s th\u00e9rapeutiques ou que la consommation d\u2019alcool contribue \u00e0 la r\u00e9ussite sentimentale, sportive, sexuelle ou constitue un signe de maturit\u00e9, un attribut de virilit\u00e9, ou est indispensable \u00e0 la r\u00e9ussite sociale ;<\/p>\n<p>\u2022 pr\u00e9sente la consommation de boissons alcoolis\u00e9es comme une aide pour surmonter des probl\u00e8mes individuels ou collectifs ;<\/p>\n<p>\u2022 mette en valeur le degr\u00e9 d\u2019alcool ou les effets toxiques des boissons alcoolis\u00e9es ;<\/p>\n<p>\u2022 associe la consommation d\u2019alcool \u00e0 tous types de comportements ill\u00e9gaux, antisociaux, dangereux, agressifs ou violents.<\/p>\n<p>Nous nous r\u00e9servons donc le droit de supprimer toute contribution qui serait contraire aux principes \u00e9nonc\u00e9s ci-dessus.<\/p>\n<p>Pour plus d\u2019informations sur notre engagement, visitez le site\u00a0<a href=\"https:\/\/www.wise-drinking.com\/\">https:\/\/www.wise-drinking.com\/<\/a>.<\/p>\n<p>&nbsp;<\/p>\n<h3>2. MODERATION<\/h3>\n<p>L\u2019utilisateur des sites ou comptes (Twitter, Instagram, You tube, Facebook, etc.) de la marque s\u2019engage en outre \u00e0 ce que le contenu de ses contributions respecte les lois et r\u00e8glements en vigueur.<\/p>\n<p>A ce titre, il lui est \u00e9galement interdit charger, publier, transmettre ou partager tout contenu qui seraient :<\/p>\n<p>\u2022 \u00e0 caract\u00e8re violent, d\u00e9nigrant, diffamatoire, raciste, injurieux, illicite, obsc\u00e8ne, pornographique, p\u00e9dophile ; \u00e0 caract\u00e8re politique ou incitant \u00e0 la violence, au suicide ;<\/p>\n<p>\u2022 faisant l\u2019apologie des crimes de guerre ou des crimes contre l\u2019humanit\u00e9 ;<\/p>\n<p>\u2022 appelant au meurtre ou incitant \u00e0 la commission d\u2019un d\u00e9lit ;<\/p>\n<p>\u2022 incitant \u00e0 la discrimination ou \u00e0 la haine ;<\/p>\n<p>\u2022 injurieux, grossiers, vulgaires, ou de nature \u00e0 heurter la sensibilit\u00e9 des personnes mineures ;<\/p>\n<p>\u2022 qui correspondraient \u00e0 l\u2019exercice d\u2019une activit\u00e9 commerciale. A ce titre sont interdites :<\/p>\n<p>les contributions et commentaires contenant un lien hypertexte renvoyant vers un site commercial ; les contributions et commentaires publicitaires ;<\/p>\n<p>\u2022 susceptibles de porter atteinte aux droits des tiers et aux droits de la personnalit\u00e9.<\/p>\n<p>Nous nous r\u00e9servons le droit de supprimer les commentaires ne respectant pas les r\u00e8gles \u00e9nonc\u00e9es ci-dessus.<\/p>\n\n                <\/div>\n                        <\/div>\n\n    <\/section>\n\n\n                                                                                                                                                                                                                                                                                                                                                                                                                                                                                                                                                                                                                                                                                                                                                                                                                                                                                                                                                                                                                                                                                                                                                                                                                                                                                                                                                                                                                                                                                                                                                                                                                                                                                                                                                                                                                                                                                                                                                                                                                                                                                  ","protected":false},"excerpt":{"rendered":"","protected":false},"author":29,"featured_media":0,"parent":0,"menu_order":6,"comment_status":"closed","ping_status":"closed","template":"","meta":{"_acf_changed":false,"_seopress_robots_primary_cat":"","_seopress_titles_title":"","_seopress_titles_desc":"","_seopress_robots_index":"","inline_featured_image":false,"footnotes":""},"categories":[],"tags":[],"our-world-category":[],"class_list":["post-263375","page","type-page","status-publish","hentry"],"acf":[],"_links":{"self":[{"href":"https:\/\/www.jamesonwhiskey.com\/fr-ma\/wp-json\/wp\/v2\/pages\/263375","targetHints":{"allow":["GET"]}}],"collection":[{"href":"https:\/\/www.jamesonwhiskey.com\/fr-ma\/wp-json\/wp\/v2\/pages"}],"about":[{"href":"https:\/\/www.jamesonwhiskey.com\/fr-ma\/wp-json\/wp\/v2\/types\/page"}],"author":[{"embeddable":true,"href":"https:\/\/www.jamesonwhiskey.com\/fr-ma\/wp-json\/wp\/v2\/users\/29"}],"replies":[{"embeddable":true,"href":"https:\/\/www.jamesonwhiskey.com\/fr-ma\/wp-json\/wp\/v2\/comments?post=263375"}],"version-history":[{"count":0,"href":"https:\/\/www.jamesonwhiskey.com\/fr-ma\/wp-json\/wp\/v2\/pages\/263375\/revisions"}],"wp:attachment":[{"href":"https:\/\/www.jamesonwhiskey.com\/fr-ma\/wp-json\/wp\/v2\/media?parent=263375"}],"wp:term":[{"taxonomy":"category","embeddable":true,"href":"https:\/\/www.jamesonwhiskey.com\/fr-ma\/wp-json\/wp\/v2\/categories?post=263375"},{"taxonomy":"post_tag","embeddable":true,"href":"https:\/\/www.jamesonwhiskey.com\/fr-ma\/wp-json\/wp\/v2\/tags?post=263375"},{"taxonomy":"our-world-category","embeddable":true,"href":"https:\/\/www.jamesonwhiskey.com\/fr-ma\/wp-json\/wp\/v2\/our-world-category?post=263375"}],"curies":[{"name":"wp","href":"https:\/\/api.w.org\/{rel}","templated":true}]}}