{"id":263385,"date":"2021-09-02T10:58:27","date_gmt":"2021-09-02T10:58:27","guid":{"rendered":"https:\/\/live-jameson.pantheonsite.io\/terms-and-condititions\/"},"modified":"2025-05-05T16:20:26","modified_gmt":"2025-05-05T16:20:26","slug":"terms-and-condititions","status":"publish","type":"page","link":"https:\/\/www.jamesonwhiskey.com\/fr-ma\/terms-and-condititions\/","title":{"rendered":"Conditions g\u00e9n\u00e9rales"},"content":{"rendered":"\n<section id=\"block_4820b8b7fa0bc714f554edd45e9f7685\" class=\"hero hero-no-image hero-no-image__no-breadcrumb-spacer lazy\" data-assetkey=\"hero-no-image\">\n  <div class=\"hero-no-image__container hero-no-image__container-fullwidth\">\n    <div class=\"hero-no-image__container-content\">\n        <div class=\"subheading \">\n    <div class=\"subheading__line\"><\/div>\n    <h1 class=\"h6\">Legal<\/h1>\n  <\/div>\n\n      <h1 class=\"h1\">Conditions g\u00e9n\u00e9rales<\/h1>\n    <\/div>\n  <\/div>\n<\/section>\n\n\n\n<section id=\"block_4b99b805456cce1cef158efd1be49cb8\"\n         class=\"content-one-column content-one-column--bg-light full-width lazy\n        \n        \n        \" data-assetkey=\"content-one-column\">\n    <div class=\"content-one-column__content\">\n        \n                <div class=\"content-one-column__heading\">\n                            <h2 class=\"h1\"><\/h2>\n                    <\/div>\n\n        \n                                                            <div class=\"content-one-column__text wysiwyg align_center_on_desktop\">\n                    <p>LES CONDITIONS G\u00c9N\u00c9RALES SUIVANTES S\u2019APPLIQUENT AUX UTILISATEURS, VISITEURS ET \u00c0 TOUTES LES PERSONNES AYANT ACC\u00c8S \u00c0 www.jamesonwhiskey.com (CE \u00ab SITE \u00bb). EN UTILISANT OU EN CONSULTANT CE SITE, VOUS ACCEPTEZ CES CONDITIONS. SI VOUS N\u2019ACCEPTEZ PAS CES CONDITIONS, VEUILLEZ NE PAS UTILISER CE SITE. TOUT ACC\u00c8S \u00c0 OU UTILISATION DE CE SITE WEB S\u2019EFFECTUE AUX RISQUES DE L\u2019UTILISATEUR.<\/p>\n<p>Ce site est administr\u00e9 par Irish Distillers Limited (\u00ab IDL \u00bb ou \u00ab Nous \u00bb), une entreprise priv\u00e9e enregistr\u00e9e en Irlande avec le num\u00e9ro d\u2019immatriculation 23732 et dont le si\u00e8ge est situ\u00e9 Simmonscourt House, Simmonscourt Road, Ballsbridge, Dublin 4, Irlande. Veuillez nous contacter \u00e0 l\u2019adresse info@jamesonwhiskey.com pour toute question li\u00e9e \u00e0 ce site ou \u00e0 ces conditions g\u00e9n\u00e9rales.<\/p>\n\n                <\/div>\n                                                                <div class=\"content-one-column__text wysiwyg align_center_on_desktop\">\n                    <p><strong>POUR UTILISER CE SITE, VOUS DEVEZ AVOIR ATTEINT L\u2019\u00c2GE L\u00c9GAL POUR LA CONSOMMATION D\u2019ALCOOL DANS VOTRE PAYS DE R\u00c9SIDENCE. SI CE N\u2019EST PAS LE CAS, NE CONSULTEZ PAS CE SITE.<\/strong><\/p>\n\n                <\/div>\n                                                                <div class=\"content-one-column__text wysiwyg align_center_on_desktop\">\n                    <p><strong>RESTRICTIONS D\u2019UTILISATION.<\/strong> L\u2019acc\u00e8s \u00e0 ce Site est autoris\u00e9 \u00e0 titre temporaire et nous nous r\u00e9servons le droit de supprimer, interrompre ou modifier les services que nous proposons sur le Site sans pr\u00e9avis. Ce Site est modifi\u00e9 et mis \u00e0 jour r\u00e9guli\u00e8rement. IDL d\u00e9cline toute responsabilit\u00e9, si pour quelque raison que ce soit, le Site ou son contenu est indisponible \u00e0 tout moment ou pour toute dur\u00e9e. Le contenu de ce Site ne peut pas \u00eatre modifi\u00e9, copi\u00e9, reproduit, distribu\u00e9, r\u00e9\u00e9dit\u00e9, t\u00e9l\u00e9charg\u00e9, affich\u00e9 ou transmis de quelque mani\u00e8re que ce soit, sans avoir obtenu au pr\u00e9alable le consentement \u00e9crit d\u2019IDL. IDL est propri\u00e9taire ou titulaire de la licence de tous les droits de propri\u00e9t\u00e9 intellectuelle sur le Site et de tout contenu publi\u00e9 sur celui-ci. Tous ces droits sont r\u00e9serv\u00e9s. Le fait d\u2019utiliser ou d\u2019acc\u00e9der au pr\u00e9sent Site ne vous conf\u00e8re aucun titre ou droit de propri\u00e9t\u00e9 intellectuelle. Au contraire, tous les droits, titres et int\u00e9r\u00eats relatifs \u00e0 tous les aspects du Site demeurent la propri\u00e9t\u00e9 d\u2019IDL. Toutes les informations contenues dans ce Site sont exclusivement d\u00e9livr\u00e9es \u00e0 des fins l\u00e9gales.<\/p>\n\n                <\/div>\n                                                                <div class=\"content-one-column__text wysiwyg align_center_on_desktop\">\n                    <p><strong>SCLAUSE LIMITATIVE DE RESPONSABILIT\u00c9. <\/strong>Dans les limites pr\u00e9vues par la loi, IDL ne pourra en aucune circonstance \u00eatre tenu pour responsable de toute perte ou de tout dommage de quelque nature que ce soit (y compris, mais sans s\u2019y limiter, toute perte directe, fortuite, cons\u00e9cutive ou indirecte, y compris la perte de b\u00e9n\u00e9fices, la perte de recettes ou de revenu, la perte de client\u00e8le, l\u2019interruption d\u2019activit\u00e9s ou la perte de donn\u00e9es ou d\u2019informations ou de dommages-int\u00e9r\u00eats sp\u00e9ciaux ou punitifs, m\u00eame si IDL a \u00e9t\u00e9 averti pr\u00e9alablement de la possibilit\u00e9 de tels pertes ou dommages-int\u00e9r\u00eats), tout pr\u00e9judice ou blessure quelle que soit sa cause, et qu\u2019il soit ou non provoqu\u00e9 de mani\u00e8re d\u00e9lictuelle, r\u00e9sulte d\u2019une violation de contrat ou d\u2019une autre cause, qu\u2019il soit li\u00e9, d\u00e9coule ou r\u00e9sulte de l\u2019utilisation de, ou de l\u2019acc\u00e8s \u00e0, ou de l\u2019incapacit\u00e9 d\u2019utilisation de ce Site, de tout contenu de ce Site ou des sites qui lui sont li\u00e9s, ou soit provoqu\u00e9 par un d\u00e9faut d\u2019ex\u00e9cution, une erreur, une omission, une interruption, une d\u00e9fectuosit\u00e9, un retard de transmission op\u00e9rationnelle, un virus informatique ou une panne de la ligne de transmission. Aucune disposition des pr\u00e9sentes Conditions g\u00e9n\u00e9rales n\u2019exclut la responsabilit\u00e9 d\u2019IDL en cas de d\u00e9c\u00e8s ou de dommage corporel r\u00e9sultant de sa n\u00e9gligence ou de sa responsabilit\u00e9 en cas de fausse d\u00e9claration, de d\u00e9claration trompeuse relative \u00e0 une question essentielle, ou de toute autre circonstance pour laquelle la responsabilit\u00e9 ne peut \u00eatre exclue ni limit\u00e9e en vertu de la loi en vigueur. LE CONTENU DE CE SITE POURRAIT PR\u00c9SENTER DES INEXACTITUDES TECHNIQUES OU DES ERREURS TYPOGRAPHIQUES. LE CONTENU DE CE SITE EST FOURNI \u00ab TEL QUEL \u00bb ET DANS LES LIMITES AUTORIS\u00c9ES PAR LA LOI, SANS GARANTIE EXPRESSE OU TACITE D\u2019AUCUNE SORTE (QU\u2019IL S\u2019AGISSE DU DROIT L\u00c9GISLATIF, DU DROIT COUTUMIER, QUE CELA D\u00c9COULE D\u2019UNE TRANSACTION, DES USAGES COMMERCIAUX OU AUTRE). DANS LES LIMITES AUTORIS\u00c9ES PAR LES LOIS EN VIGUEUR, IDL D\u00c9CLINE TOUTE RESPONSABILIT\u00c9 R\u00c9SULTANT DE N\u00c9GLIGENCE ET D\u00c9CLINE TOUTE RESPONSABILIT\u00c9 QUANT AUX D\u00c9CLARATIONS ET AUX GARANTIES, EXPRESSES OU IMPLICITES, Y COMPRIS, MAIS SANS S\u2019Y LIMITER, AUX GARANTIES IMPLICITES DE QUALIT\u00c9 MARCHANDE, DE CONFORMIT\u00c9 \u00c0 DES BESOINS PARTICULIERS OU D\u2019ABSENCE DE CONTREFA\u00c7ON. IDL NE FORMULE AUCUNE GARANTIE NI D\u00c9CLARATION DE L\u2019UTILISATION SANS INTERRUPTION OU DE L\u2019ABSENCE D\u2019ERREUR DE CE SITE, DE L\u2019EXACTITUDE, DE LA PERTINENCE OU DE LA FIABILIT\u00c9 DU CONTENU DE CE SITE OU DE L\u2019ABSENCE SUR CE SITE OU SUR LE SERVEUR QUI EN ASSURE LA DISPONIBILIT\u00c9, DE TOUT VIRUS OU AUTRE COMPOSANT DANGEREUX. IDL NE FORMULE AUCUNE GARANTIE NI D\u00c9CLARATION ET D\u00c9CLINE EXPRESS\u00c9MENT TOUTE RESPONSABILIT\u00c9 CONCERNANT L\u2019UTILISATION OU LA FIABILIT\u00c9 DES INFORMATIONS CONTENUES DANS CE SITE EN TERMES DE PERTINENCE, FIABILIT\u00c9 OU AUTRE. VOUS (ET NON IDL) ASSUMEREZ SEUL(E) L\u2019INT\u00c9GRALIT\u00c9 DU CO\u00dbT DE TOUTE R\u00c9VISION, R\u00c9PARATION OU RECTIFICATION N\u00c9CESSAIRE.<\/p>\n\n                <\/div>\n                                                                <div class=\"content-one-column__text wysiwyg align_center_on_desktop\">\n                    <p><strong>SOUMISSIONS<\/strong> En soumettant toute remarque, suggestion, question, id\u00e9e, concept cr\u00e9atif, graphique ou autre information (d\u00e9sign\u00e9s collectivement par la \u00ab Soumission \u00bb), vous acceptez d\u2019accorder \u00e0 IDL une licence non exclusive pour l\u2019utilisation de cette Soumission. M\u00eame si vous conservez la propri\u00e9t\u00e9 intellectuelle de votre Soumission, IDL aura le droit d\u2019utiliser, r\u00e9viser, modifier, reproduire, publier et\/ou distribuer librement le contenu de votre Soumission. Cette licence sera gratuite, perp\u00e9tuelle et pourra donner lieu \u00e0 des sous-licences. IDL ne sera pas tenu de traiter la Soumission comme confidentielle, ne pourra \u00eatre tenu pour responsable de l\u2019utilisation ou de la divulgation de la Soumission, quelle qu\u2019elle soit, et ne devra fournir aucune indemnisation ni reconnaissance de la Soumission. IDL peut exercer tous les droits d\u2019auteur et de publicit\u00e9 sur le contenu de votre Soumission dans tous les champs d\u2019application, dans leur int\u00e9gralit\u00e9 et pendant l\u2019ensemble de la p\u00e9riode pour laquelle de tels droits, quels qu\u2019ils soient, sont acquis sur ce contenu. Vous devez vous assurer que votre Soumission n\u2019enfreigne pas de droits d\u2019auteur, droits relatifs aux bases de donn\u00e9es, aux marques commerciales ou tout autre droit de propri\u00e9t\u00e9 intellectuelle de toute autre personne et qu\u2019elle ne comporte aucun contenu ill\u00e9gal, mena\u00e7ant, calomnieux, diffamatoire, obsc\u00e8ne, pornographique ou blasph\u00e9matoire qui pourrait constituer ou encourager un acte criminel ou une conduite ill\u00e9gale ou encourager ou favoriser la consommation irresponsable d\u2019alcool (d\u00e9sign\u00e9s collectivement par le \u00ab Contenu inappropri\u00e9 \u00bb). En pr\u00e9sentant votre Soumission, vous certifiez que vous avez le droit d\u2019octroyer \u00e0 IDL la licence non exclusive de droits d\u2019auteur d\u00e9crite ci-dessus et qu\u2019elle ne contient aucun Contenu inappropri\u00e9. Si vous n\u2019\u00eates pas en mesure d\u2019octroyer une telle licence ou de garantir que votre Soumission ne contient aucun Contenu inappropri\u00e9, veuillez ne pas pr\u00e9senter votre Soumission. IDL se r\u00e9serve le droit de r\u00e9viser ou de modifier toute Soumission avant sa publication (le cas \u00e9ch\u00e9ant) afin de supprimer tout Contenu inappropri\u00e9.<\/p>\n\n                <\/div>\n                                                                <div class=\"content-one-column__text wysiwyg align_center_on_desktop\">\n                    <p><strong>JURIDICTION.<\/strong> Cet accord sera r\u00e9gi conform\u00e9ment \u00e0 la l\u00e9gislation irlandaise, ind\u00e9pendamment de tout principe de conflit de lois. Tout litige d\u00e9coulant de ces Conditions g\u00e9n\u00e9rales sera soumis \u00e0 la comp\u00e9tence exclusive des tribunaux irlandais, m\u00eame si cela n\u2019affecte pas le droit d\u2019IDL d\u2019engager une proc\u00e9dure contre vous pour violation de ces conditions g\u00e9n\u00e9rales dans votre pays de r\u00e9sidence ou dans tout autre pays concern\u00e9. Sauf indications contraires, l\u2019int\u00e9gralit\u00e9 du contenu de ce Site est fournie uniquement \u00e0 titre d\u2019information sur IDL et ses produits. IDL g\u00e8re et exploite ce Site \u00e0 partir de la R\u00e9publique d\u2019Irlande et ne d\u00e9clare pas que le contenu du site est appropri\u00e9 ou disponible \u00e0 l\u2019utilisation dans d\u2019autres lieux.<\/p>\n\n                <\/div>\n                                                                <div class=\"content-one-column__text wysiwyg align_center_on_desktop\">\n                    <p><strong>INFORMATIONS RELATIVES AUX MARQUES COMMERCIALES.<\/strong> Toutes les marques commerciales et tous les logos, dessins, \u00e9tiquettes et conceptions de bouteilles apparent\u00e9s ainsi que tous les autres droits de propri\u00e9t\u00e9 intellectuelle associ\u00e9s aux produits et aux marques d\u2019IDL utilis\u00e9s ici appartiennent \u00e0 Irish Distillers \u2014 une liste de ces marques commerciales peut \u00eatre obtenue aupr\u00e8s du responsable Internet \u00e0 l\u2019adresse Irish Distillers Ltd. Simmonscourt House, Simmonscourt Road, Ballsbridge, Dublin 4, Irlande. L\u2019utilisation ou le d\u00e9tournement de ces marques commerciales ou de tout contenu de ce Site, sauf dans les cas cit\u00e9s pr\u00e9c\u00e9demment, est strictement interdit. Toutes les autres marques commerciales appartiennent \u00e0 leurs propri\u00e9taires respectifs.<\/p>\n\n                <\/div>\n                                                                <div class=\"content-one-column__text wysiwyg align_center_on_desktop\">\n                    <p><strong>INFORMATIONS PERSONNELLES ET RELATIVES \u00c0 VOTRE VISITE SUR CE SITE.<\/strong> IDL traite vos informations personnelles conform\u00e9ment \u00e0 sa D\u00e9claration de confidentialit\u00e9, qui est disponible ici. En utilisant ce Site, vous autorisez ce traitement et vous garantissez que tous les renseignements que vous avez fournis sont exacts et \u00e0 jour.<\/p>\n\n                <\/div>\n                                                                <div class=\"content-one-column__text wysiwyg align_center_on_desktop\">\n                    <p><strong>VIRUS, PIRATAGE ET AUTRES INFRACTIONS<\/strong><br \/>\nIl est interdit d\u2019utiliser le Site \u00e0 des fins abusives en introduisant volontairement des virus, chevaux de Troie, vers, bombes logiques ou tout autre programme malveillant ou dommageable sur le plan technologique. Vous ne devez pas tenter d\u2019acc\u00e9der sans autorisation au Site, au service sur lequel le Site est stock\u00e9 et\/ou h\u00e9berg\u00e9 ou \u00e0 tout serveur, ordinateur ou base de donn\u00e9es reli\u00e9 au Site. Vous ne devez pas attaquer ce site par le biais d\u2019une attaque par d\u00e9ni de service ou d\u2019une attaque par d\u00e9ni de service distribu\u00e9e ou de tout autre moyen similaire. IDL ne sera responsable d\u2019aucune perte ou dommage r\u00e9sultant d\u2019une attaque par d\u00e9ni de service distribu\u00e9e, virus ou tout autre mat\u00e9riel technologiquement nuisible qui pourrait infecter vos \u00e9quipements informatiques, logiciels informatiques, donn\u00e9es ou autre mat\u00e9riel vous appartenant en raison de votre utilisation du Site ou du t\u00e9l\u00e9chargement de tout \u00e9l\u00e9ment figurant sur celui-ci ou sur tout site web associ\u00e9.<\/p>\n\n                <\/div>\n                                                                <div class=\"content-one-column__text wysiwyg align_center_on_desktop\">\n                    <p><strong>DIVERS.<\/strong> Les produits et promotions d\u2019IDL sont disponibles dans de nombreuses r\u00e9gions du monde. Toutefois, il se peut que ce Site d\u00e9crive des produits, promotions ou concours qui ne soient pas disponibles dans votre pays ou votre \u00c9tat de r\u00e9sidence. Ce Site peut \u00eatre associ\u00e9 \u00e0 d\u2019autres sites et IDL n\u2019est pas responsable du contenu de ces sites. L\u2019ajout d\u2019un lien vers tout autre site est r\u00e9alis\u00e9 uniquement \u00e0 titre informatif et n\u2019implique pas l\u2019approbation de ces sites par IDL. IDL ne fait aucune d\u00e9claration et ne donne aucune garantie sur ces sites. Le manquement d\u2019IDL au respect de tout droit figurant dans ces Conditions g\u00e9n\u00e9rales ou de toute partie de celles-ci ne permet pas de conclure \u00e0 la renonciation de tout droit ou partie de ces Conditions g\u00e9n\u00e9rales. Si une partie de ces Conditions g\u00e9n\u00e9rales est ill\u00e9gale, nulle ou non applicable, cette partie sera consid\u00e9r\u00e9e comme dissociable et n\u2019affectera en rien la validit\u00e9 des autres dispositions. IDL peut modifier ces Conditions g\u00e9n\u00e9rales ou le contenu du Site \u00e0 tout moment en mettant \u00e0 jour cette publication. Vous \u00eates tenu de respecter ces modifications et devriez donc consulter p\u00e9riodiquement cette page pour v\u00e9rifier les Conditions g\u00e9n\u00e9rales actuelles \u00e0 respecter.<\/p>\n\n                <\/div>\n                                                                <div class=\"content-one-column__text wysiwyg align_center_on_desktop\">\n                    <p>Nous vous remercions d\u2019avoir consult\u00e9 notre site. Savourez nos produits de mani\u00e8re responsable. Tous droits r\u00e9serv\u00e9s. Irish Distillers Limited \u2014 Enregistr\u00e9 en Irlande \u2014 Num\u00e9ro 23732 \u2014 Si\u00e8ge : Simmonscourt House, Simmonscourt Road, Ballsbridge, Dublin 4, Irlande.<\/p>\n\n                <\/div>\n                        <\/div>\n\n    <\/section>\n","protected":false},"excerpt":{"rendered":"","protected":false},"author":29,"featured_media":0,"parent":0,"menu_order":24,"comment_status":"closed","ping_status":"closed","template":"","meta":{"_acf_changed":false,"_seopress_robots_primary_cat":"","_seopress_titles_title":"","_seopress_titles_desc":"","_seopress_robots_index":"","inline_featured_image":false,"footnotes":""},"categories":[],"tags":[],"our-world-category":[],"class_list":["post-263385","page","type-page","status-publish","hentry"],"acf":[],"_links":{"self":[{"href":"https:\/\/www.jamesonwhiskey.com\/fr-ma\/wp-json\/wp\/v2\/pages\/263385","targetHints":{"allow":["GET"]}}],"collection":[{"href":"https:\/\/www.jamesonwhiskey.com\/fr-ma\/wp-json\/wp\/v2\/pages"}],"about":[{"href":"https:\/\/www.jamesonwhiskey.com\/fr-ma\/wp-json\/wp\/v2\/types\/page"}],"author":[{"embeddable":true,"href":"https:\/\/www.jamesonwhiskey.com\/fr-ma\/wp-json\/wp\/v2\/users\/29"}],"replies":[{"embeddable":true,"href":"https:\/\/www.jamesonwhiskey.com\/fr-ma\/wp-json\/wp\/v2\/comments?post=263385"}],"version-history":[{"count":1,"href":"https:\/\/www.jamesonwhiskey.com\/fr-ma\/wp-json\/wp\/v2\/pages\/263385\/revisions"}],"predecessor-version":[{"id":3107786,"href":"https:\/\/www.jamesonwhiskey.com\/fr-ma\/wp-json\/wp\/v2\/pages\/263385\/revisions\/3107786"}],"wp:attachment":[{"href":"https:\/\/www.jamesonwhiskey.com\/fr-ma\/wp-json\/wp\/v2\/media?parent=263385"}],"wp:term":[{"taxonomy":"category","embeddable":true,"href":"https:\/\/www.jamesonwhiskey.com\/fr-ma\/wp-json\/wp\/v2\/categories?post=263385"},{"taxonomy":"post_tag","embeddable":true,"href":"https:\/\/www.jamesonwhiskey.com\/fr-ma\/wp-json\/wp\/v2\/tags?post=263385"},{"taxonomy":"our-world-category","embeddable":true,"href":"https:\/\/www.jamesonwhiskey.com\/fr-ma\/wp-json\/wp\/v2\/our-world-category?post=263385"}],"curies":[{"name":"wp","href":"https:\/\/api.w.org\/{rel}","templated":true}]}}