{"id":119615,"date":"2022-10-05T14:51:49","date_gmt":"2022-10-05T14:51:49","guid":{"rendered":"https:\/\/live-jameson.pantheonsite.io\/enjoy-responsibly\/"},"modified":"2024-03-01T16:56:27","modified_gmt":"2024-03-01T16:56:27","slug":"enjoy-responsibly","status":"publish","type":"page","link":"https:\/\/www.jamesonwhiskey.com\/it-it\/enjoy-responsibly\/","title":{"rendered":"Bevi responsabilmente"},"content":{"rendered":"\n<section id=\"block_e91a5a7082225c9a4f94083e3037e36a\" class=\"hero hero-no-image hero-no-image__no-breadcrumb-spacer lazy\" data-assetkey=\"hero-no-image\">\n  <div class=\"hero-no-image__container hero-no-image__container-fullwidth\">\n    <div class=\"hero-no-image__container-content\">\n        <div class=\"subheading \">\n    <div class=\"subheading__line\"><\/div>\n    <span class=\"h6\">Legale<\/span>\n  <\/div>\n\n      <h1 class=\"h1\">Bevi responsabilmente<\/h1>\n    <\/div>\n  <\/div>\n<\/section>\n\n\n\n<section id=\"block_5410f843ebf557a085cac4c322a7f0ba\"\n         class=\"content-one-column content-one-column--bg-light_cream full-width lazy\n        \n        \n        \" data-assetkey=\"content-one-column\">\n    <div class=\"content-one-column__content\">\n        \n                <div class=\"content-one-column__heading\">\n                            <h2 class=\"h1\"><\/h2>\n                    <\/div>\n\n        \n                                                            <div class=\"content-one-column__text wysiwyg align_center_on_desktop\">\n                    <p><strong>QUESTO \u00c8 IL SITO WEB UFFICIALE DEL JAMESON IRISH WHISKEY, CHE CONTIENE INFORMAZIONI SUL NOSTRO FONDATORE JOHN JAMESON, LE RICETTE DEI NOSTRI COCKTAIL E TUTTI I DETTAGLI SULLA PRODUZIONE DELL\u2019IRISH WHISKEY N. 1 NEL MONDO. GLI IRISH DISTILLERS PERNOD RICARD VOGLIONO PROTEGGERE LA PREZIOSA EREDIT\u00c0 DI JOHN JAMESON E TI CHIEDONO DI LEGGERE E RISPETTARE LE LINEE GUIDA SOTTO RIPORTATE.<\/strong><\/p>\n\n                <\/div>\n                                                                <div class=\"content-one-column__text wysiwyg align_center_on_desktop\">\n                    <p>La societ\u00e0 Irish Distillers Pernod Ricard (www.irishdistillers.ie), fiera proprietaria del Jameson Irish Whiskey, supporta totalmente tutti i codici che regolano il marketing, la vendita, la pubblicit\u00e0 e la sponsorizzazione di prodotti alcolici. Il nostro impegno in questo ambito assicura che tutte le nostre attivit\u00e0 vengano svolte con la finalit\u00e0 di promuovere un consumo responsabile dei nostri prodotti tra un pubblico adulto.<\/p>\n<p>Essendo tra i principali fornitori di distillati, vini e champagne, giochiamo un ruolo fondamentale nella promozione responsabile dei nostri prodotti nei confronti di clienti e consumatori. Cerchiamo sempre di agire in modo da meritare la fiducia e l\u2019apprezzamento dei nostri stakeholder, a prescindere da chi sono e dove si trovano.<\/p>\n<p>Quando si tratta di social media, amiamo stare in contatto con tutti i nostri appassionati. Siccome per\u00f2 siamo costantemente impegnati a promuovere un consumo di alcool responsabile, ci auguriamo che i membri della nostra community non pubblichino commenti, foto, video o altri tipi di contenuti che:<\/p>\n<li>Mostrino persone che non hanno raggiunto (o che non sembrino avere raggiunto) l\u2019et\u00e0 legale per assumere bevande alcoliche.<\/li>\n<li>Siano stati scritti\/realizzati da persone che non hanno raggiunto l\u2019et\u00e0 legale per assumere bevande alcoliche.<\/li>\n<li>Incoraggino l\u2019acquisto di alcolici da parte di minorenni e\/o il consumo irresponsabile e smodato di alcolici.<\/li>\n<li>Mettano l\u2019atto di bere bevande alcoliche in relazione a qualunque genere di comportamento illegale, antisociale, pericoloso, aggressivo o violento.<\/li>\n<li>Esaltino il contenuto alcolico oppure la sua capacit\u00e0 di provocare uno stato di ebbrezza.<\/li>\n<li>Suggeriscano che il consumo di alcolici aiuti ad essere pi\u00f9 sicuri di s\u00e9 oppure a superare problemi personali.<\/li>\n<li>Suggeriscano che il consumo di alcolici possa avere dei benefici fisici, psicologici, intellettuali o sessuali per chi ne faccia uso.<\/li>\n<li>Ritraggano il consumo smodato di alcolici in una luce positiva oppure associno il consumo di bevande alcoliche alla guida, all\u2019utilizzo di macchinari di qualsiasi tipo e pi\u00f9 in generale a qualunque attivit\u00e0 pericolosa.<\/li>\n<li>Promuovano il consumo eccessivo d\u2019alcool oppure, viceversa, critichino chi sceglie di non consumarne.<\/li>\n<p>In qualit\u00e0 di azienda dedicata alla prevenzione del bere pericoloso, esamineremo tutti i contenuti e rimuover\u00e0 quelli non conformi o impropri entro 72 ore.\n<\/ul>\n\n                <\/div>\n                                                                <div class=\"content-one-column__text wysiwyg align_center_on_desktop\">\n                    <p><strong>Policy sui contenuti generati dagli utenti<\/strong><\/p>\n<p>Per maggiori informazioni consulta il sito: http:\/\/www.responsibledrinking.org\/<\/p>\n<p>Giochiamo un ruolo fondamentale nella promozione responsabile dei nostri prodotti nei confronti di clienti e consumatori. Cerchiamo sempre di agire in modo da meritare la fiducia e l\u2019apprezzamento dei nostri stakeholder, a prescindere da chi sono e dove si trovano.<\/p>\n<p>I messaggi degli utenti che sono in conflitto con i criteri di cui sopra verranno rimossi e ci vedremo costretti a bloccare i relativi account. In qualche modo, anche noi siamo stati \u201cbloccati\u201d durante il Proibizionismo e, sapendo cosa vuol dire, non lo auguriamo a nessuno.<\/p>\n<p>Per ulteriori informazioni sulle linee guida per un consumo responsabile degli alcolici, consultare la sezione Commitments on Responsible Hosting di Pernod Ricard o il sito drinkaware.ie.<\/p>\n<p>Salute!<br \/>\nJameson Whiskey Team.<\/p>\n\n                <\/div>\n                        <\/div>\n\n    <\/section>\n","protected":false},"excerpt":{"rendered":"","protected":false},"author":29,"featured_media":0,"parent":0,"menu_order":6,"comment_status":"closed","ping_status":"closed","template":"","meta":{"_acf_changed":false,"_seopress_robots_primary_cat":"","_seopress_titles_title":"Bevi responsabilmente | Jameson Irish Whiskey","_seopress_titles_desc":"Scopri come goderti il tuo Jameson in modo responsabile. &quot;Enjoy Responsibly&quot; offre consigli utili e informazioni importanti sulla moderazione dell&#039;alcol. ","_seopress_robots_index":"","inline_featured_image":false,"footnotes":""},"categories":[],"tags":[],"our-world-category":[],"class_list":["post-119615","page","type-page","status-publish","hentry"],"acf":[],"_links":{"self":[{"href":"https:\/\/www.jamesonwhiskey.com\/it-it\/wp-json\/wp\/v2\/pages\/119615","targetHints":{"allow":["GET"]}}],"collection":[{"href":"https:\/\/www.jamesonwhiskey.com\/it-it\/wp-json\/wp\/v2\/pages"}],"about":[{"href":"https:\/\/www.jamesonwhiskey.com\/it-it\/wp-json\/wp\/v2\/types\/page"}],"author":[{"embeddable":true,"href":"https:\/\/www.jamesonwhiskey.com\/it-it\/wp-json\/wp\/v2\/users\/29"}],"replies":[{"embeddable":true,"href":"https:\/\/www.jamesonwhiskey.com\/it-it\/wp-json\/wp\/v2\/comments?post=119615"}],"version-history":[{"count":0,"href":"https:\/\/www.jamesonwhiskey.com\/it-it\/wp-json\/wp\/v2\/pages\/119615\/revisions"}],"wp:attachment":[{"href":"https:\/\/www.jamesonwhiskey.com\/it-it\/wp-json\/wp\/v2\/media?parent=119615"}],"wp:term":[{"taxonomy":"category","embeddable":true,"href":"https:\/\/www.jamesonwhiskey.com\/it-it\/wp-json\/wp\/v2\/categories?post=119615"},{"taxonomy":"post_tag","embeddable":true,"href":"https:\/\/www.jamesonwhiskey.com\/it-it\/wp-json\/wp\/v2\/tags?post=119615"},{"taxonomy":"our-world-category","embeddable":true,"href":"https:\/\/www.jamesonwhiskey.com\/it-it\/wp-json\/wp\/v2\/our-world-category?post=119615"}],"curies":[{"name":"wp","href":"https:\/\/api.w.org\/{rel}","templated":true}]}}