{"id":130801,"date":"2021-09-02T10:58:27","date_gmt":"2021-09-02T10:58:27","guid":{"rendered":"https:\/\/live-jameson.pantheonsite.io\/terms-and-condititions\/"},"modified":"2024-02-15T16:13:32","modified_gmt":"2024-02-15T16:13:32","slug":"terms-and-condititions","status":"publish","type":"page","link":"https:\/\/www.jamesonwhiskey.com\/it-it\/terms-and-condititions\/","title":{"rendered":"Termini e condizioni"},"content":{"rendered":"\n<section id=\"block_c370726c26492625ddb4e02ac0c2eeb9\" class=\"hero hero-no-image hero-no-image__no-breadcrumb-spacer lazy\" data-assetkey=\"hero-no-image\">\n  <div class=\"hero-no-image__container hero-no-image__container-fullwidth\">\n    <div class=\"hero-no-image__container-content\">\n        <div class=\"subheading \">\n    <div class=\"subheading__line\"><\/div>\n    <h2 class=\"h6\">Legal<\/h2>\n  <\/div>\n\n      <h1 class=\"h1\">Termini e Condizioni<\/h1>\n    <\/div>\n  <\/div>\n<\/section>\n\n\n\n<section id=\"block_42a442402128cc4e4820b88c8eef9fac\"\n         class=\"content-one-column content-one-column--bg-light_cream full-width lazy\n        \n        \n        \" data-assetkey=\"content-one-column\">\n    <div class=\"content-one-column__content\">\n        \n                <div class=\"content-one-column__heading\">\n                            <h2 class=\"h1\"><\/h2>\n                    <\/div>\n\n        \n                                                            <div class=\"content-one-column__text wysiwyg align_center_on_desktop\">\n                    <p>I PRESENTI TERMINI E CONDIZIONI (\u201cT&amp;C\u201d) SI APPLICANO A TUTTI GLI UTENTI, I VISITATORI E LE PERSONE CHE ACCEDONO AL SITO WEB www.jamesonwhiskey.com\/it-it UTILIZZANDO O VISUALIZZANDO QUESTO SITO, L\u2019UTENTE ACCETTA I PRESENTI T&amp;C. SE NON SI ACCETTANO I T&amp;C, \u00c8 OPPORTUNO CHE NON SI UTILIZZI QUESTO SITO L\u2019ACCESSO E L\u2019UTILIZZO DEL SITO WEB AVVENGONO A RISCHIO E PERICOLO DELL\u2019UTENTE.<\/p>\n<p>Questo sito viene gestito dalla Pernod Ricard Italia (\u201cPRI\u201d o \u201cNoi\u201d), avente Codice Fiscale\/Partita IVA N. 00867250151, iscritta al Registro delle Imprese di Milano REA N. MI-6952 con sede legale presso Via Gaetano de Castillia, 23 &#8211; 20124 &#8211; Milano, Italia, soggetta all\u2019attivit\u00e0 di direzione e coordinamento di Pernod Ricard S.A. con sede in Parigi (Francia). PRI \u00e8 una societ\u00e0 del Gruppo Pernod Ricard (\u201cGruppo\u201d). Per qualsiasi dubbio relativo a questo sito o ai Termini e Condizioni, \u00e8 possibile scrivere all\u2019indirizzo <a href=\"https:\/\/www.jamesonwhiskey.com\/it-IT\/TA-Privacy@pernod-ricard.com\">TA-Privacy@pernod-ricard.com.<\/a><\/p>\n\n                <\/div>\n                                                                <div class=\"content-one-column__text wysiwyg align_center_on_desktop\">\n                    <ol>\n<li><strong>PER UTILIZZARE QUESTO SITO \u00c8 NECESSARIO AVERE L\u2019ET\u00c0 MINIMA LEGALE PER BERE ALCOLICI NEL PROPRIO PAESE. IN CASO CONTRARIO, NON \u00c8 POSSIBILE ACCEDERE AL SITO.<\/strong><\/li>\n<li><strong>LIMITAZIONI D\u2019USO<\/strong>. L\u2019accesso a questo Sito viene concesso a titolo temporaneo e ci riserviamo il diritto di ritirare, sospendere o modificare i servizi offerti attraverso il Sito senza preavviso. Il Sito viene modificato e aggiornato a cadenza regolare e PRI o altre societ\u00e0 del Gruppo non potr\u00e0 essere ritenuta responsabile della mancata disponibilit\u00e0 del Sito o di uno qualsiasi dei materiali in esso contenuti, per qualsiasi motivo, in qualsiasi momento o per qualsivoglia periodo di tempo. I materiali presenti sul Sito non possono essere modificati, copiati, riprodotti, distribuiti, ripubblicati, caricati, pubblicati o trasmessi sotto qualsiasi forma senza previo consenso scritto di PRI. PRI o altre societ\u00e0 del Gruppo detiene la propriet\u00e0 o la licenza per i diritti di propriet\u00e0 intellettuale sul Sito e per i materiali in esso contenuti. Tali diritti sono riservati. I diritti di titolarit\u00e0 o di propriet\u00e0 intellettuale non vengono ceduti agli utenti che accedono o utilizzano il Sito; tutti i diritti, la titolarit\u00e0 e l\u2019interesse verso qualsiasi aspetto del Sito rimangono di propriet\u00e0 di PRI o altre societ\u00e0 del Gruppo . I materiali contenuti nel Sito vengono forniti solo per gli scopi previsti dalla legge. Nessun sito Web o account (Twitter, Instagram, Youtube, Facebook, ecc.) relativo al marchio deve essere condivisibile con persone al di sotto dell\u2019et\u00e0 legale per bere. <\/li>\n<li><strong>LIMITAZIONE DI RESPONSABILIT\u00c0<\/strong>. Nella misura consentita dalla legge, in nessun caso PRI o altre societ\u00e0 del Gruppo potr\u00e0 essere ritenuta responsabile di perdite o danni (compresi, a puro titolo esemplificativo, danni diretti, incidentali, conseguenti o indiretti, come perdite di profitti, mancati guadagni o entrate, perdita di avviamento, interruzione dell\u2019attivit\u00e0 o perdita di dati o informazioni o danni speciali o punitivi, anche nel caso in cui PRI o altre societ\u00e0 del Gruppo abbia ricevuto notifica anticipata del possibile verificarsi di tali perdite o danni), offese o lesioni di qualsiasi tipo, provocati da colpa, violazione del contratto o altro, che sono riconducibili, derivano o sono dovuti all\u2019uso, all\u2019accesso o all\u2019impossibilit\u00e0 di utilizzare questo Sito, i materiali in esso contenuti o altri siti collegati a questo Sito, o sono provocati da qualsiasi malfunzionamento, errore, omissione, interruzione, difetto, ritardo di trasmissione, virus digitale o guasto alle linee di comunicazione. I presenti T&amp;C non possono tuttavia escludere la responsabilit\u00e0 di Vin caso di decesso o lesioni personali dovuti a una sua negligenza, n\u00e9 la responsabilit\u00e0 in caso di false dichiarazioni o dichiarazioni inesatte in merito a questioni fondamentali, n\u00e9 altre responsabilit\u00e0 che non possono essere escluse o limitate ai sensi delle leggi applicabili. I MATERIALI CONTENUTI IN QUESTO SITO POSSONO CONTENERE IMPRECISIONI TECNICHE O ERRORI TIPOGRAFICI. I MATERIALI DI QUESTO SITO VENGONO FORNITI \u201cCOS\u00cc COME SONO\u201d E, NELLA MISURA MASSIMA CONSENTITA DALLA LEGGE, SENZA ALCUNA GARANZIA, ESPRESSA O IMPLICITA, SIA PER STATUTO, CONSUETUDINE, ACCORDI, USO COMMERCIALE O ALTRO. NELLA MISURA MASSIMA CONSENTITA DALLE LEGGI APPLICABILI, PRI, IRISH DISTILLERS LTD. E LE ALTRE SOCIET\u00c0 DEL GRUPPO DECLINANO QUALSIASI RESPONSABILIT\u00c0 PER NEGLIGENZA E RINUNCIA A QUALSIASI DICHIARAZIONE O GARANZIA, ESPRESSA O IMPLICITA, INCLUSE, A TITOLO ESEMPLIFICATIVO E NON ESCLUSIVO, LE GARANZIE IMPLICITE DI COMMERCIABILIT\u00c0, IDONEIT\u00c0 AD UNO SCOPO PARTICOLARE E NON VIOLAZIONE. PRI E LE ALTRE SOCIET\u00c0 DEL GRUPPO NON FORNISCONO GARANZIE E NON RILASCIANO ALCUNA DICHIARAZIONE RIGUARDO AL FATTO CHE L\u2019USO DI QUESTO SITO POSSA AVVENIRE SENZA INTERRUZIONI O ERRORI, CHE I CONTENUTI SIANO CORRETTI, ACCURATI O AFFIDABILI O CHE QUESTO SITO O IL SERVER CHE NE CONSENTE L\u2019UTILIZZO SIANO AL RIPARO DA VIRUS O ALTRI COMPONENTI DANNOSI. PRI E LE ALTRE SOCIET\u00c0 DEL GRUPPO NON FORNISCONO GARANZIE, NON RILASCIANO ALCUNA DICHIARAZIONE E DECLINANO ESPRESSAMENTE QUALSIASI RESPONSABILIT\u00c0 RIGUARDO ALL\u2019USO O ALL\u2019AFFIDAMENTO FATTO SULLE INFORMAZIONI CONTENUTE IN QUESTO SITO IN TERMINI DI ACCURATEZZA, AFFIDABILIT\u00c0 O ALTRO. L\u2019UTENTE (E NON PRI O ALTRA SOCIET\u00c0 DEL GRUPPO) SI ASSUME L\u2019ONERE DI QUALSIASI INTERVENTO DI ASSISTENZA, RIPARAZIONE O CORREZIONE NECESSARIO.<\/li>\n<li><strong>INVIO DI CONTENUTI<\/strong>. Inviando qualsiasi tipo di commento, suggerimento, domanda, idea, progetto creativo, elemento grafico o altre informazioni (congiuntamente definiti \u201cInvio di contenuto\u201d),<\/li>\n<li>l\u2019utente concede a PRI o ad altra societ\u00e0 del Gruppo una licenza non esclusiva per l\u2019utilizzo di tale Invio di contenuto. L\u2019utente manterr\u00e0 la propriet\u00e0 dei diritti d\u2019autore per l\u2019Invio di contenuto, ma PRI o altra societ\u00e0 del Gruppo avr\u00e0 il diritto di utilizzare, modificare, variare, riprodurre, pubblicare e\/o distribuire il materiale oggetto dell\u2019Invio di contenuto. Tale licenza avr\u00e0 carattere gratuito, perpetuo e cedibile in sottolicenza. PRI o altra societ\u00e0 del Gruppo non sar\u00e0 tenuta a trattare l\u2019Invio di contenuto in via confidenziale e non sar\u00e0 ritenuta responsabile dell\u2019eventuale utilizzo o diffusione di tale Invio n\u00e9 dovr\u00e0 corrispondere alcun compenso o riconoscimento per l\u2019Invio di contenuto. PRI o altra societ\u00e0 del Gruppo pu\u00f2 esercitare i suoi diritti d\u2019autore e pubblicit\u00e0 sul materiale dell\u2019Invio di contenuto in tutte le giurisdizioni, nella misura completa e per tutto il periodo di tempo previsti per il materiale in questione. L\u2019utente \u00e8 tenuto a garantire che il suo Invio di contenuto non violi alcun diritto d\u2019autore, diritto di database, marchio commerciale o altro diritto di propriet\u00e0 intellettuale di altre persone e che non contenga materiale illegittimo, minatorio, calunnioso, diffamatorio, osceno, pornografico o blasfemo che potrebbe costituire o incoraggiare un comportamento criminale o illegale o favorire o promuovere un consumo di alcool non responsabile (congiuntamente definito \u201cMateriale inappropriato\u201d). Procedendo all\u2019Invio di contenuto, l\u2019utente conferma di poter concedere a PRI o ad altra societ\u00e0 del Gruppo la licenza non esclusiva per i diritti d\u2019autore sopra descritta e garantisce l\u2019assenza di Materiale inappropriato nell\u2019Invio in questione. Se l\u2019utente non si trova nella posizione di poter concedere tale licenza o di garantire che l\u2019Invio non contenga Materiale inappropriato, non deve effettuare l\u2019Invio. PRI o altra societ\u00e0 del Gruppo si riserva il diritto di modificare o correggere qualsiasi Invio di contenuto prima dell\u2019eventuale pubblicazione, per assicurare l\u2019eliminazione di qualsiasi Materiale inappropriato.<\/li>\n<li><strong>GIURISDIZIONE<\/strong>. I presenti T&amp;C sono disciplinati dalle leggi italiane, in deroga a eventuali norme sui conflitti di leggi. Qualsiasi controversia insorta in relazione ai presenti T&amp;C ricadr\u00e0 sotto la giurisdizione esclusiva dei tribunali italiani; questo non influir\u00e0 tuttavia in alcun modo sul diritto di PRI di avviare procedimenti contro eventuali violazioni dei T&amp;C nei paesi di residenza degli utenti o in qualsiasi altro paese interessato. Salvo laddove diversamente indicato, tutti i materiali presenti in questo Sito vengono resi disponibili solo per fornire informazioni su PRI o di altra societ\u00e0 del Gruppo e sui suoi prodotti. PRI o altra societ\u00e0 del Gruppo controlla e gestisce questo Sito dall\u2019Italia\u00a0ed esclude qualsiasi dichiarazione che affermi che i materiali siano appropriati o disponibili per l\u2019uso in altri luoghi.<\/li>\n<li><strong>INFORMAZIONI SUI MARCHI<\/strong>. Tutti i marchi e i relativi loghi, design, etichette, design delle bottiglie e tutte le altre propriet\u00e0 intellettuali associate ai prodotti e ai marchi Jameson qui citati sono di propriet\u00e0 di PRI o di altra societ\u00e0 del Gruppo. L\u2019uso o l\u2019uso improprio di questi marchi o di qualsiasi altro contenuto di questo Sito, fatta eccezione per i casi sopra descritti, \u00e8 severamente vietato. Tutti gli altri marchi sono di propriet\u00e0 dei rispettivi proprietari.<\/li>\n<li><strong>INFORMAZIONI SULL\u2019UTENTE E SULLA SUA VISITA AL SITO<\/strong>. PRI o altra societ\u00e0 del Gruppo elabora le informazioni sugli utenti rispettando le disposizioni dell\u2019Informativa sulla privacy, consultabile su questo sito. Facendo uso del Sito l\u2019utente acconsente a tale elaborazione dati e garantisce che le informazioni da lui\/lei fornite sono precise e aggiornate.<\/li>\n<li><strong>VIRUS, HACKING E ALTRI ATTACCHI<\/strong>. L\u2019utente deve astenersi dal far un cattivo uso del Sito introducendo consapevolmente virus, trojan, worm, bombe logiche o altri elementi dannosi o tecnologicamente pericolosi. L\u2019utente deve astenersi dal tentare di ottenere accesso non autorizzato al Sito, al servizio su cui il Sito \u00e8 memorizzato o in hosting o a qualsiasi altro server, computer o database collegato al Sito. L\u2019utente deve astenersi dal lanciare attacchi denial-of-service, attacchi denial-of-service distribuiti o altri attacchi simili. PRI o altra societ\u00e0 del Gruppo non sar\u00e0 ritenuta responsabile di eventuali perdite o danni provocati da un attacco denial-of-service distribuito, da virus o da altro materiale tecnologicamente pericoloso che potrebbe infettare i computer, i programmi in essi contenuti, i dati o altro materiale di propriet\u00e0 in seguito all\u2019uso del Sito o al download di materiale pubblicato sul Sito o su qualsiasi altro sito web collegato al Sito.<\/li>\n<li><strong>VARIE<\/strong>. I prodotti e le promozioni di Jameson altra societ\u00e0 del Gruppo vengono ideati, realizzati e distribuiti in molti paesi del mondo. Di conseguenza, sul Sito possono essere presentati prodotti, promozioni o concorsi non disponibili nel paese o nello stato dell\u2019utente. Questo Sito pu\u00f2 essere collegato ad altri siti e PRI o altra societ\u00e0 del Gruppo non \u00e8 responsabile del contenuto di tali siti. L\u2019inserimento di un collegamento a qualsiasi altro sito avviene con finalit\u00e0 puramente informative e non implica alcuna approvazione di tale sito da parte di PRI o altra societ\u00e0 del Gruppo; PRI o altra societ\u00e0 del Gruppo non rilascia inoltre dichiarazioni o garanzie relativamente a questi siti. La mancata applicazione da parte di PRI o altra societ\u00e0 del Gruppo di qualsiasi diritto stabilito dai presenti T&amp;C o di parte di essi non potr\u00e0 in alcun modo essere interpretata come una rinuncia a tale diritto o a parte dei presenti T&amp;C. L\u2019eventuale carattere di illegalit\u00e0, non validit\u00e0 o inapplicabilit\u00e0 di una qualsiasi delle disposizioni dei presenti T&amp;C determiner\u00e0 la separazione di tale parte e non intaccher\u00e0 in alcun modo la validit\u00e0 delle altre disposizioni. PRI o altra societ\u00e0 del Gruppo potr\u00e0 modificare i presenti T&amp;C o il contenuto del Sito in qualsiasi momento aggiornando questa pagina. L\u2019utente \u00e8 tenuto a rispettare le nuove disposizioni introdotte e deve pertanto visitare periodicamente questa pagina per restare aggiornato sui T&amp;C in vigore.<\/li>\n<\/ol>\n\n                <\/div>\n                                                                <div class=\"content-one-column__text wysiwyg align_center_on_desktop\">\n                    <p>Vogliamo ringraziare tutti gli utenti che visitano il nostro sito, invitandoli a gustare i nostri prodotti in modo responsabile. Tutti i diritti riservati. Pernod Ricard Italia S.p.A. con socio unico &#8211; Via Gaetano de Castillia, 23 \u2013 20124 Milano Codice Fiscale\/Partita IVA n\u00b0 00867250151 Registro delle Imprese di Milano REA n\u00b0 MI-6952 Capitale sociale Euro 11.000.000,00 i.v. Societ\u00e0 soggetta all\u2019attivit\u00e0 di direzione e coordinamento di PERNOD RICARD S.A. con sede a Parigi (Francia), 12 Place des \u00c9tats-Unis .<\/p>\n\n                <\/div>\n                        <\/div>\n\n    <\/section>\n","protected":false},"excerpt":{"rendered":"","protected":false},"author":29,"featured_media":0,"parent":0,"menu_order":24,"comment_status":"closed","ping_status":"closed","template":"","meta":{"_acf_changed":false,"_seopress_robots_primary_cat":"","_seopress_titles_title":"Termini e condizioni | Jameson Irish Whiskey","_seopress_titles_desc":"Scopri i termini e condizioni di Jameson Whiskey: i presenti si applicano a tutti gli utenti, visitatori e persone che accedono al sito web. Le informazioni.","_seopress_robots_index":"","inline_featured_image":false,"footnotes":""},"categories":[],"tags":[],"our-world-category":[],"class_list":["post-130801","page","type-page","status-publish","hentry"],"acf":[],"_links":{"self":[{"href":"https:\/\/www.jamesonwhiskey.com\/it-it\/wp-json\/wp\/v2\/pages\/130801","targetHints":{"allow":["GET"]}}],"collection":[{"href":"https:\/\/www.jamesonwhiskey.com\/it-it\/wp-json\/wp\/v2\/pages"}],"about":[{"href":"https:\/\/www.jamesonwhiskey.com\/it-it\/wp-json\/wp\/v2\/types\/page"}],"author":[{"embeddable":true,"href":"https:\/\/www.jamesonwhiskey.com\/it-it\/wp-json\/wp\/v2\/users\/29"}],"replies":[{"embeddable":true,"href":"https:\/\/www.jamesonwhiskey.com\/it-it\/wp-json\/wp\/v2\/comments?post=130801"}],"version-history":[{"count":0,"href":"https:\/\/www.jamesonwhiskey.com\/it-it\/wp-json\/wp\/v2\/pages\/130801\/revisions"}],"wp:attachment":[{"href":"https:\/\/www.jamesonwhiskey.com\/it-it\/wp-json\/wp\/v2\/media?parent=130801"}],"wp:term":[{"taxonomy":"category","embeddable":true,"href":"https:\/\/www.jamesonwhiskey.com\/it-it\/wp-json\/wp\/v2\/categories?post=130801"},{"taxonomy":"post_tag","embeddable":true,"href":"https:\/\/www.jamesonwhiskey.com\/it-it\/wp-json\/wp\/v2\/tags?post=130801"},{"taxonomy":"our-world-category","embeddable":true,"href":"https:\/\/www.jamesonwhiskey.com\/it-it\/wp-json\/wp\/v2\/our-world-category?post=130801"}],"curies":[{"name":"wp","href":"https:\/\/api.w.org\/{rel}","templated":true}]}}