{"id":2571580,"date":"2023-09-27T13:19:56","date_gmt":"2023-09-27T13:19:56","guid":{"rendered":"https:\/\/www.jamesonwhiskey.com\/?page_id=2571580"},"modified":"2026-02-26T08:45:00","modified_gmt":"2026-02-26T08:45:00","slug":"whiskey-cocktail-iba","status":"publish","type":"page","link":"https:\/\/www.jamesonwhiskey.com\/it-it\/whiskey-istruzioni-per-uso\/whiskey-cocktail-iba\/","title":{"rendered":"Cocktail IBA: tra l\u2019\u00e9lite dei bartender e i whiskey che fanno storia"},"content":{"rendered":"\t<section id=\"block_6dd4ab48555c29e2a504c15faf18f143\" class=\"hero hero-halfscreen hero-halfscreen--filter hero-halfscreen--filter-opacity lazy\" data-assetkey=\"hero-halfscreen\" data-colour_filter='opacity' data-colour_filter_opacity='75'>\n\t\t\n\t<div class=\"hero-halfscreen__img_content\">\n\t\t\t\t\t<div class=\"hero-halfscreen__img_content-breadcrumbs\">\n\t\t\t\t\t\t\t\t\t            \n\t\t\t\t\t\t\t<\/div>\n\t\t\n\t\t\t\t\t\t\t\t\t\t\n\n\t\t\t\t\t\t\n\t\t<picture class=\"hero-halfscreen__picture\">\n\t\t\t<source media=\"(min-width: 768px)\" class=\"hero-halfscreen__source hero-halfscreen__source--desktop\" srcset=\"https:\/\/ik.imagekit.io\/cvygf2xse\/jamesonwhiskey\/wp-content\/uploads\/2023\/08\/resizes_960x730_0000_the-drop.jpg?tr=q-80,w-768 768w, https:\/\/ik.imagekit.io\/cvygf2xse\/jamesonwhiskey\/wp-content\/uploads\/2023\/08\/resizes_960x730_0000_the-drop.jpg?tr=q-80,w-500 500w, https:\/\/ik.imagekit.io\/cvygf2xse\/jamesonwhiskey\/wp-content\/uploads\/2023\/08\/resizes_960x730_0000_the-drop.jpg?tr=q-80,w-420 420w, https:\/\/ik.imagekit.io\/cvygf2xse\/jamesonwhiskey\/wp-content\/uploads\/2023\/08\/resizes_960x730_0000_the-drop.jpg?tr=q-80,w-400 400w, https:\/\/ik.imagekit.io\/cvygf2xse\/jamesonwhiskey\/wp-content\/uploads\/2023\/08\/resizes_960x730_0000_the-drop.jpg?tr=q-80,w-375 375w, https:\/\/ik.imagekit.io\/cvygf2xse\/jamesonwhiskey\/wp-content\/uploads\/2023\/08\/resizes_960x730_0000_the-drop.jpg?tr=q-80,w-360 360w, https:\/\/ik.imagekit.io\/cvygf2xse\/jamesonwhiskey\/wp-content\/uploads\/2023\/08\/resizes_960x730_0000_the-drop.jpg?tr=q-80,w-320 320w, https:\/\/ik.imagekit.io\/cvygf2xse\/jamesonwhiskey\/wp-content\/uploads\/2023\/08\/resizes_960x730_0000_the-drop.jpg?tr=q-80,w-300 300w, https:\/\/ik.imagekit.io\/cvygf2xse\/jamesonwhiskey\/wp-content\/uploads\/2023\/08\/resizes_960x730_0000_the-drop.jpg?tr=q-80,w-275 275w, https:\/\/ik.imagekit.io\/cvygf2xse\/jamesonwhiskey\/wp-content\/uploads\/2023\/08\/resizes_960x730_0000_the-drop.jpg?tr=q-80,w-200 200w, https:\/\/ik.imagekit.io\/cvygf2xse\/jamesonwhiskey\/wp-content\/uploads\/2023\/08\/resizes_960x730_0000_the-drop.jpg?tr=q-80,w-100 100w, \" sizes=\"(min-width: 1440px) 100vw, (min-width: 1024px) 1024px, (min-width: 768px) 768px\">\n\t\t\t<source class=\"hero-halfscreen__source hero-halfscreen__source--mobile\" srcset=\"\" sizes=\"(min-width: 768px) 768px, (min-width: 500px) 500px, 250px\">\n\t\t\t<img loading=\"lazy\" decoding=\"async\" class=\"hero-halfscreen__image\" src=\"https:\/\/ik.imagekit.io\/cvygf2xse\/jamesonwhiskey\/wp-content\/uploads\/2023\/08\/resizes_960x730_0000_the-drop.jpg?tr=q-80,w-960\" width=\"960\" height=\"730\" alt=\"\" role=\"presentation\">\n\t\t<\/picture>\n\t<\/div>\n\n\t<div\n\t\tclass=\"hero-halfscreen__content\" data-background=\"\">\n\t\t\t\t\t\t\t\t\n\t\t\n\t\t<h1 class=\"h1\">Cocktail IBA: tra l\u2019\u00e9lite dei bartender e i whiskey che fanno storia<\/h1>\n\n\t\t\t\t\t<div class=\"hero-halfscreen__content-intro wysiwyg\">\n\t\t\t\t<p>Ah, il whiskey! Quella bevanda che ti fa sentire come un protagonista di un film noir, seduto al bancone di un bar, con un cappello leggermente inclinato e uno sguardo misterioso. Ma aspetta un attimo&#8230; non stiamo parlando di un qualsiasi bicchiere di whiskey. Stiamo parlando dei <b>cocktail IBA con whiskey<\/b>! E se non sai cosa siano, beh, sei nel posto giusto.<br \/>\nImmagina un club esclusivo dove solo i migliori cocktail vengono ammessi, e il whiskey&#8230; oh, <a href=\"https:\/\/www.jamesonwhiskey.com\/it-it\/our-whiskey\/jameson-irish-whiskey\/\">Jameson Irish Whiskey!<\/a> \u00c8 il ribelle, l&#8217;irriverente, il protagonista di questa avventura. Preparati a un viaggio tra i bicchieri pi\u00f9 prestigiosi del mondo, dove il whiskey non \u00e8 solo un ingrediente, ma una vera e propria leggenda.<\/p>\n\n\t\t\t<\/div>\n\t\t\n\t\t\t\t\t\t\t\t\n\t\t\t\t\t\t\t\t\t\t\t\t\n\n\t\t\t\n\t\t\t<\/div>\n<\/section>\n\n\n\n<a name=\"_ourprocess\" class=\"anchor__name\"><\/a><section id=\"block_d47364f46a4b3e7500f0fa95764a1fcd\" class=\"content-two-column lazy full-width content-two-column--template-default content-two-column--orientation-inverted content-two-column--bg-light content-two-column--bg-img-default content-two-column--bg-img-color-none \" style=\"--bgImageColourFilter: 90%\" data-assetkey=\"content-two-column\">\n    <div class=\"content-two-column__wrapper\">\n        <div class=\"content-two-column__text\">\n            \n                        <div class=\"content-two-column__heading\">\n                                    <h2 class=\"h1\">La lista dei cocktail IBA<\/h2>\n                            <\/div>\n\n            \n            <div class=\"content-two-column__content wysiwyg\">\n                <p>Quando si parla di cocktail, la <b>lista cocktail IBA<\/b> \u00e8 il Santo Graal per ogni appassionato di mixology. Ma cosa la rende cos\u00ec speciale? L&#8217;<a href=\"https:\/\/iba-world.com\/\">IBA<\/a>, o <b>International Bartender Association<\/b>, \u00e8 l&#8217;organizzazione che stabilisce gli standard d&#8217;oro per i cocktail a livello mondiale. <b>Ogni bevanda che fa parte di questa lista ha superato una serie di rigorosi test di sapore, presentazione e, ovviamente, stile<\/b>. \u00c8 come la passerella di Milano per i modelli\u2026 ma per i cocktail. E tra questi drink d&#8217;\u00e9lite, i <a href=\"https:\/\/www.jamesonwhiskey.com\/it-it\/cocktail-recipes\/\">cocktail a base di whiskey<\/a> spiccano per la loro audacia e carattere, pronti a conquistare il palato di chiunque osi assaporarli.<\/p>\n\n            <\/div>\n\n            \n        <\/div>\n\n        <div class=\"content-two-column__media\">\n                                                                                                                                                                        <picture class=\"content-two-column__picture\">\n                        <source class=\"content-two-column__source\" srcset=\"https:\/\/ik.imagekit.io\/cvygf2xse\/jamesonwhiskey\/wp-content\/uploads\/2023\/09\/SCrowe-JW-Refresh-3873.jpg?tr=q-80,w-500 500w, https:\/\/ik.imagekit.io\/cvygf2xse\/jamesonwhiskey\/wp-content\/uploads\/2023\/09\/SCrowe-JW-Refresh-3873.jpg?tr=q-80,w-420 420w, https:\/\/ik.imagekit.io\/cvygf2xse\/jamesonwhiskey\/wp-content\/uploads\/2023\/09\/SCrowe-JW-Refresh-3873.jpg?tr=q-80,w-400 400w, https:\/\/ik.imagekit.io\/cvygf2xse\/jamesonwhiskey\/wp-content\/uploads\/2023\/09\/SCrowe-JW-Refresh-3873.jpg?tr=q-80,w-375 375w, https:\/\/ik.imagekit.io\/cvygf2xse\/jamesonwhiskey\/wp-content\/uploads\/2023\/09\/SCrowe-JW-Refresh-3873.jpg?tr=q-80,w-360 360w, https:\/\/ik.imagekit.io\/cvygf2xse\/jamesonwhiskey\/wp-content\/uploads\/2023\/09\/SCrowe-JW-Refresh-3873.jpg?tr=q-80,w-320 320w, https:\/\/ik.imagekit.io\/cvygf2xse\/jamesonwhiskey\/wp-content\/uploads\/2023\/09\/SCrowe-JW-Refresh-3873.jpg?tr=q-80,w-300 300w, https:\/\/ik.imagekit.io\/cvygf2xse\/jamesonwhiskey\/wp-content\/uploads\/2023\/09\/SCrowe-JW-Refresh-3873.jpg?tr=q-80,w-275 275w, https:\/\/ik.imagekit.io\/cvygf2xse\/jamesonwhiskey\/wp-content\/uploads\/2023\/09\/SCrowe-JW-Refresh-3873.jpg?tr=q-80,w-200 200w, https:\/\/ik.imagekit.io\/cvygf2xse\/jamesonwhiskey\/wp-content\/uploads\/2023\/09\/SCrowe-JW-Refresh-3873.jpg?tr=q-80,w-100 100w, \" sizes=\"(min-width: 1024px) 100vw, (min-width: 768px) 768px, (min-width: 414px) 500px, 250px\">\n                        <img fetchpriority=\"high\" decoding=\"async\" loading=\"eager\" class=\"content-two-column__image\" src=\"https:\/\/ik.imagekit.io\/cvygf2xse\/jamesonwhiskey\/wp-content\/uploads\/2023\/09\/SCrowe-JW-Refresh-3873.jpg?tr=q-80,w-760\" width=\"760\" height=\"760\" alt=\"\">\n                    <\/picture>\n                                    <\/div>\n    <\/div>\n\n    \n    \n    <\/section>\n\n\n\n<a name=\"_ingredients\" class=\"anchor__name\"><\/a><section id=\"block_2944ee7515277f1323bdf71df0cd13a9\" class=\"content-two-column lazy full-width content-two-column--template-default content-two-column--orientation-default content-two-column--bg-dark content-two-column--bg-img-default content-two-column--bg-img-color-none \" style=\"--bgImageColourFilter: 90%\" data-assetkey=\"content-two-column\">\n    <div class=\"content-two-column__wrapper\">\n        <div class=\"content-two-column__text\">\n            \n                        <div class=\"content-two-column__heading\">\n                                    <h2 class=\"h1\">La ricetta del Manhattan cocktail IBA: un classico intramontabile<\/h2>\n                            <\/div>\n\n            \n            <div class=\"content-two-column__content wysiwyg\">\n                <p>Se i cocktail fossero attori, il Manhattan sarebbe il <b>divo dal fascino senza tempo<\/b>, quello che non ha bisogno di presentazioni. Ma per chi non lo conoscesse (e qui ci chiediamo dove tu sia stato fino ad ora), ecco una breve introduzione.<br \/>\nQuesto cocktail nasce nella Grande Mela, e come la citt\u00e0 da cui prende il nome, \u00e8 audace, sofisticato e un po&#8217; irriverente. Gli <b>ingredienti del <a href=\"https:\/\/www.jamesonwhiskey.com\/it-it\/whiskey-istruzioni-per-uso\/manhattan-cocktail-guida-completa\/\">Manhattan cocktail<\/a><\/b> sono semplici ma belli <i>strong<\/i>. <b>E allora cosa succede quando si prende un classico come il Manhattan e si aggiunge un tocco irlandese? Nasce il <a href=\"https:\/\/www.jamesonwhiskey.com\/it-it\/cocktail-recipes\/the-tipperary\/\">Tipperary<\/a><\/b>, una rivisitazione firmata Jameson. Gli ingredienti sono un mix perfetto tra tradizione e innovazione: <b>whiskey Jameson Original, vermouth rosso e Chartreuse verde<\/b>. Questa combinazione crea un&#8217;armonia di sapori che ti avvolge, con note dolci, erbacee e leggermente amare. Guarnito con una scorza d&#8217;arancia, il Tipperary \u00e8 il drink perfetto per chi vuole fare un tuffo nel passato, godendosi ogni sorso con stile e ironia.<\/p>\n\n            <\/div>\n\n            \n        <\/div>\n\n        <div class=\"content-two-column__media\">\n                                                                                                                                                                        <picture class=\"content-two-column__picture\">\n                        <source class=\"content-two-column__source\" srcset=\"https:\/\/ik.imagekit.io\/cvygf2xse\/jamesonwhiskey\/wp-content\/uploads\/2023\/09\/El-General_750x750_A.jpg?tr=q-80,w-500 500w, https:\/\/ik.imagekit.io\/cvygf2xse\/jamesonwhiskey\/wp-content\/uploads\/2023\/09\/El-General_750x750_A.jpg?tr=q-80,w-420 420w, https:\/\/ik.imagekit.io\/cvygf2xse\/jamesonwhiskey\/wp-content\/uploads\/2023\/09\/El-General_750x750_A.jpg?tr=q-80,w-400 400w, https:\/\/ik.imagekit.io\/cvygf2xse\/jamesonwhiskey\/wp-content\/uploads\/2023\/09\/El-General_750x750_A.jpg?tr=q-80,w-375 375w, https:\/\/ik.imagekit.io\/cvygf2xse\/jamesonwhiskey\/wp-content\/uploads\/2023\/09\/El-General_750x750_A.jpg?tr=q-80,w-360 360w, https:\/\/ik.imagekit.io\/cvygf2xse\/jamesonwhiskey\/wp-content\/uploads\/2023\/09\/El-General_750x750_A.jpg?tr=q-80,w-320 320w, https:\/\/ik.imagekit.io\/cvygf2xse\/jamesonwhiskey\/wp-content\/uploads\/2023\/09\/El-General_750x750_A.jpg?tr=q-80,w-300 300w, https:\/\/ik.imagekit.io\/cvygf2xse\/jamesonwhiskey\/wp-content\/uploads\/2023\/09\/El-General_750x750_A.jpg?tr=q-80,w-275 275w, https:\/\/ik.imagekit.io\/cvygf2xse\/jamesonwhiskey\/wp-content\/uploads\/2023\/09\/El-General_750x750_A.jpg?tr=q-80,w-200 200w, https:\/\/ik.imagekit.io\/cvygf2xse\/jamesonwhiskey\/wp-content\/uploads\/2023\/09\/El-General_750x750_A.jpg?tr=q-80,w-100 100w, \" sizes=\"(min-width: 1024px) 100vw, (min-width: 768px) 768px, (min-width: 414px) 500px, 250px\">\n                        <img decoding=\"async\" loading=\"lazy\" class=\"content-two-column__image\" src=\"https:\/\/ik.imagekit.io\/cvygf2xse\/jamesonwhiskey\/wp-content\/uploads\/2023\/09\/El-General_750x750_A.jpg?tr=q-80,w-750\" width=\"750\" height=\"750\" alt=\"\">\n                    <\/picture>\n                                    <\/div>\n    <\/div>\n\n    \n    \n    <\/section>\n\n\n<a name=\"_ingredients\" class=\"anchor__name\"><\/a>\n<section id=\"block_b40e825d821f1915482fd840b54f185a\"\n         class=\"content-one-column content-one-column--bg-light_cream full-width lazy\n        \n        \n        \" data-assetkey=\"content-one-column\">\n    <div class=\"content-one-column__content\">\n        \n                <div class=\"content-one-column__heading\">\n                            <h2 class=\"h1\">Irish Coffee: la ricetta dell&#8217;IBA, un incontro magico tra caff\u00e8 e whiskey<\/h2>\n                    <\/div>\n\n        \n                                                            <div class=\"content-one-column__text wysiwyg align_left_on_desktop\">\n                    <p>L&#8217;<b>Irish Coffee IBA<\/b> non \u00e8 solo un cocktail, \u00e8 un&#8217;esperienza. Immagina di svegliarti in una mattina fredda e nebbiosa in Irlanda, con il bisogno di qualcosa che ti scaldi l&#8217;anima. Ecco che entra in gioco l&#8217;<a href=\"https:\/\/www.jamesonwhiskey.com\/it-it\/whiskey-istruzioni-per-uso\/irish-coffee-guida-completa\">Irish Coffee<\/a>. Una miscela perfetta di <b>caff\u00e8 bollente, whiskey, zucchero e una generosa spolverata di panna montata<\/b>. Questa bevanda \u00e8 il ponte perfetto tra la tradizione irlandese e l&#8217;arte della mixology. Ogni sorso \u00e8 come un abbraccio caldo, con il pizzico impertinente del whiskey che ti fa sorridere. Che sia un after-dinner o come dolce risveglio, l&#8217;Irish Coffee \u00e8 sempre una scelta vincente.<\/p>\n\n                <\/div>\n                        <\/div>\n\n    <\/section>\n\n\n\n<a name=\"_ingredients\" class=\"anchor__name\"><\/a><section id=\"block_2e90a79d8a817f813d42bfdf91f3068d\" class=\"content-two-column lazy full-width content-two-column--template-default content-two-column--orientation-default content-two-column--bg-dark content-two-column--bg-img-default content-two-column--bg-img-color-none \" style=\"--bgImageColourFilter: 90%\" data-assetkey=\"content-two-column\">\n    <div class=\"content-two-column__wrapper\">\n        <div class=\"content-two-column__text\">\n            \n                        <div class=\"content-two-column__heading\">\n                                    <h2 class=\"h1\"> Whiskey Sour: ricetta IBA per l&#8217;equilibrio perfetto<\/h2>\n                            <\/div>\n\n            \n            <div class=\"content-two-column__content wysiwyg\">\n                <p>Il <b>Whiskey Sour<\/b> \u00e8 uno di quei cocktail che ti conquista al primo sorso. Grazie alla ricetta IBA, questo drink ha raggiunto la perfezione. Una <b>base robusta di whiskey, unita al succo di limone fresco<\/b>, crea un mix audace di dolce e aspro. Ma non finisce qui: un <b>pizzico di zucchero<\/b> aggiunge la dolcezza giusta, mentre, in alcune varianti, un <b>bianco d&#8217;uovo<\/b> dona una texture vellutata e spumosa. Servito con una <b>fetta di limone o una ciliegia<\/b>, il <a href=\"https:\/\/www.jamesonwhiskey.com\/it-it\/cocktail-recipes\/classic-whiskey-sour\/\">Whiskey Sour IBA<\/a> \u00e8 la testimonianza che, a volte, le cose semplici sono le pi\u00f9 sorprendenti. Un cocktail che celebra l&#8217;armonia dei sapori in ogni goccia.<\/p>\n\n            <\/div>\n\n            \n        <\/div>\n\n        <div class=\"content-two-column__media\">\n                                                                                                                                                                        <picture class=\"content-two-column__picture\">\n                        <source class=\"content-two-column__source\" srcset=\"https:\/\/ik.imagekit.io\/cvygf2xse\/jamesonwhiskey\/wp-content\/uploads\/2023\/09\/Jameson-original-homepage-hero-thumbnail.jpg?tr=q-80,w-100 100w, \" sizes=\"(min-width: 1024px) 100vw, (min-width: 768px) 768px, (min-width: 414px) 500px, 250px\">\n                        <img decoding=\"async\" loading=\"lazy\" class=\"content-two-column__image\" src=\"https:\/\/ik.imagekit.io\/cvygf2xse\/jamesonwhiskey\/wp-content\/uploads\/2023\/09\/Jameson-original-homepage-hero-thumbnail.jpg?tr=q-80,w-175\" width=\"175\" height=\"207\" alt=\"\">\n                    <\/picture>\n                                    <\/div>\n    <\/div>\n\n    \n    \n    <\/section>\n\n\n<a name=\"_ingredients\" class=\"anchor__name\"><\/a>\n<section id=\"block_43255c563e78e1ec80ccc60fe9911aa4\"\n         class=\"content-one-column content-one-column--bg-light full-width lazy\n        \n        \n        \" data-assetkey=\"content-one-column\">\n    <div class=\"content-one-column__content\">\n        \n                <div class=\"content-one-column__heading\">\n                            <h2 class=\"h1\">La Classificazione dei Cocktail IBA: un mondo da esplorare<\/h2>\n                    <\/div>\n\n        \n                                                            <div class=\"content-one-column__text wysiwyg align_left_on_desktop\">\n                    <p>La <b>classificazione dei cocktail IBA<\/b> non \u00e8 solo una lista, ma un vero e proprio viaggio attraverso la storia e la cultura del bere bene. L&#8217;IBA, con la sua rigorosa selezione, ha suddiviso i cocktail in diverse categorie, rendendo pi\u00f9 semplice per i bartender e gli appassionati navigare tra le infinite combinazioni di sapori e ingredienti. Dalle bevande &#8220;<i>Unforgettables<\/i>&#8220;, che hanno resistito alla prova del tempo, alle &#8220;<i>Contemporary Classics<\/i>&#8220;, che rappresentano la moderna arte della mixology, ogni categoria ha qualcosa di unico da offrire. E poi ci sono i cocktail a base di whiskey, che, come abbiamo visto, occupano un posto d&#8217;onore in questa classificazione.<br \/>\nLa <b>lista IBA<\/b> \u00e8 una risorsa inestimabile, un invito a sperimentare e a scoprire nuovi orizzonti nel mondo dei cocktail!<\/p>\n\n                <\/div>\n                        <\/div>\n\n    <\/section>\n\n\n\n<section id=\"block_e3d623058ab5bc3a597dd6b462b95b74\" class=\"newsletter-banner full-width lazy\" data-assetkey=\"newsletter-banner\">\n\t\t<div class=\"newsletter-banner__content\">\n\t\t\t<div class=\"newsletter-banner__bg\">\n\t\t\t\t\t\t\t\t\t\t\t\t\t\t\t\t\t\t\t\t\t\t\t\t\t\t\t\t\t\t\t\t\t\t\t\t\t\t\t\t\t\t\t\t\t\t\t\t\t\t\t\t\t\t<picture class=\"\">\n\t\t\t\t\t\t<source media=\"(min-width: 768px)\" class=\"\" srcset=\"https:\/\/ik.imagekit.io\/cvygf2xse\/jamesonwhiskey\/wp-content\/uploads\/2022\/01\/ECRM_BANNER_DESKTOP.jpg?tr=q-80,w-1024 1024w, https:\/\/ik.imagekit.io\/cvygf2xse\/jamesonwhiskey\/wp-content\/uploads\/2022\/01\/ECRM_BANNER_DESKTOP.jpg?tr=q-80,w-768 768w, https:\/\/ik.imagekit.io\/cvygf2xse\/jamesonwhiskey\/wp-content\/uploads\/2022\/01\/ECRM_BANNER_DESKTOP.jpg?tr=q-80,w-500 500w, https:\/\/ik.imagekit.io\/cvygf2xse\/jamesonwhiskey\/wp-content\/uploads\/2022\/01\/ECRM_BANNER_DESKTOP.jpg?tr=q-80,w-420 420w, https:\/\/ik.imagekit.io\/cvygf2xse\/jamesonwhiskey\/wp-content\/uploads\/2022\/01\/ECRM_BANNER_DESKTOP.jpg?tr=q-80,w-400 400w, https:\/\/ik.imagekit.io\/cvygf2xse\/jamesonwhiskey\/wp-content\/uploads\/2022\/01\/ECRM_BANNER_DESKTOP.jpg?tr=q-80,w-375 375w, https:\/\/ik.imagekit.io\/cvygf2xse\/jamesonwhiskey\/wp-content\/uploads\/2022\/01\/ECRM_BANNER_DESKTOP.jpg?tr=q-80,w-360 360w, https:\/\/ik.imagekit.io\/cvygf2xse\/jamesonwhiskey\/wp-content\/uploads\/2022\/01\/ECRM_BANNER_DESKTOP.jpg?tr=q-80,w-320 320w, https:\/\/ik.imagekit.io\/cvygf2xse\/jamesonwhiskey\/wp-content\/uploads\/2022\/01\/ECRM_BANNER_DESKTOP.jpg?tr=q-80,w-300 300w, https:\/\/ik.imagekit.io\/cvygf2xse\/jamesonwhiskey\/wp-content\/uploads\/2022\/01\/ECRM_BANNER_DESKTOP.jpg?tr=q-80,w-275 275w, https:\/\/ik.imagekit.io\/cvygf2xse\/jamesonwhiskey\/wp-content\/uploads\/2022\/01\/ECRM_BANNER_DESKTOP.jpg?tr=q-80,w-200 200w, https:\/\/ik.imagekit.io\/cvygf2xse\/jamesonwhiskey\/wp-content\/uploads\/2022\/01\/ECRM_BANNER_DESKTOP.jpg?tr=q-80,w-100 100w, \" sizes=\"(min-width: 1440px) 100vw, (min-width: 1024px) 1024px, (min-width: 768px) 768px\">\n\t\t\t\t\t\t<source class=\"\" srcset=\"https:\/\/ik.imagekit.io\/cvygf2xse\/jamesonwhiskey\/wp-content\/uploads\/2023\/02\/ECRM_BANNER_MOBILE-285x300-1.png?tr=q-80,w-275 275w, https:\/\/ik.imagekit.io\/cvygf2xse\/jamesonwhiskey\/wp-content\/uploads\/2023\/02\/ECRM_BANNER_MOBILE-285x300-1.png?tr=q-80,w-200 200w, https:\/\/ik.imagekit.io\/cvygf2xse\/jamesonwhiskey\/wp-content\/uploads\/2023\/02\/ECRM_BANNER_MOBILE-285x300-1.png?tr=q-80,w-100 100w, \" sizes=\"(min-width: 768px) 768px, (min-width: 500px) 500px, 250px\">\n\t\t\t\t\t\t<img decoding=\"async\" loading=\"lazy\" class=\"\" src=\"https:\/\/ik.imagekit.io\/cvygf2xse\/jamesonwhiskey\/wp-content\/uploads\/2022\/01\/ECRM_BANNER_DESKTOP.jpg?tr=q-80,w-1200\" width=\"1200\" height=\"362\" alt=\"\" role=\"presentation\">\n\t\t\t\t\t<\/picture>\n\t\t\t\t\t\t\t<\/div>\n\n\t\t\t<div class=\"newsletter-banner__footer\"><\/div>\n\n\t\t\t<div class=\"newsletter-banner__text\">\n\t\t\t\t\n\n<div class=\"subheading \">\n        <div>\n        <svg width=\"40px\" height=\"2px\" viewBox=\"0 0 40 2\" version=\"1.1\" aria-hidden=\"true\" xmlns=\"http:\/\/www.w3.org\/2000\/svg\" xmlns:xlink=\"http:\/\/www.w3.org\/1999\/xlink\">\n            <g stroke=\"none\" stroke-width=\"2\" fill=\"none\" fill-rule=\"evenodd\">\n                <g transform=\"translate(-20.000000, -916.000000)\" fill=\"#FFF\">\n                    <g transform=\"translate(20.000000, 904.000000)\">\n                        <g>\n                            <rect x=\"0\" y=\"12\" width=\"40\" height=\"2\"><\/rect>\n                        <\/g>\n                    <\/g>\n                <\/g>\n            <\/g>\n        <\/svg>\n    <\/div>\n    \n    <span class=\"h6\">Newsletter  <\/span>\n<\/div>\n\n\t\t\t\t<h2 class=\"h1\">\n\t\t\t\t\t<span>Iscriviti per ricevere<\/span>\n\t\t\t\t\t\t\t\t\t\t\t<br>\n\t\t\t\t\t\t<span>notizie e inviti esclusivi<\/span>\n\t\t\t\t\t\t\t\t\t<\/h2>\n\t\t\t<\/div>\n\n\t\t\t\t\t\t\t\t\t\t\t\t\t\t\t\t\t\t\t\t\t\n\t\t\t<div class=\"newsletter-banner__button\">\n\t\t\t\n\t\t\t\t\t\t\t\t\t<a\n\t\t\t\t\t\thref=\" https:\/\/www.jamesonwhiskey.com\/it-it\/jclub\/ \"\t\t\t\t\t\tclass=\"btn--primary\"\n\t\t\t\t\t\t\t\t\t\t\t\t\t\t\t\t\t>\n\t\t\t\t\t\tIscriviti\n\t\t\t\t\t<\/a>\n\t\t\t\t\t\t\t<\/div>\n\t\t\t<div class=\"newsletter-banner__bottle\">\n\t\t\t\t\t\t\t\t\t\t\t\t\t\t\t\t\t\t\t\t\t\t\t\t<img decoding=\"async\" src=\"https:\/\/ik.imagekit.io\/cvygf2xse\/jamesonwhiskey\/wp-content\/uploads\/2023\/02\/Jameson_image-964x418-1-130x300-1.png?tr=q-80,w-130\" class=\"img-fluid\" alt=\"\" role=\"presentation\" width=\"418\" height=\"964\" loading=\"lazy\">\n\t\t\t\t\t\t\t<\/div>\n\t\t<\/div>\n\t<\/section>\n","protected":false},"excerpt":{"rendered":"","protected":false},"author":105,"featured_media":649688,"parent":304714,"menu_order":0,"comment_status":"closed","ping_status":"closed","template":"","meta":{"_acf_changed":false,"_seopress_robots_primary_cat":"","_seopress_titles_title":"Parliamo di drink IBA: lista e ricette | Jameson Irish Whiskey","_seopress_titles_desc":"Come si costruisce un Manhattan cocktail IBA? E il whiskey sour: la ricetta IBA per cosa si contraddistingue? Scopri di pi\u00f9 sulla classificazione dei cocktail IBA.","_seopress_robots_index":"","inline_featured_image":false,"footnotes":""},"categories":[],"tags":[],"our-world-category":[],"class_list":["post-2571580","page","type-page","status-publish","has-post-thumbnail","hentry"],"acf":[],"_links":{"self":[{"href":"https:\/\/www.jamesonwhiskey.com\/it-it\/wp-json\/wp\/v2\/pages\/2571580","targetHints":{"allow":["GET"]}}],"collection":[{"href":"https:\/\/www.jamesonwhiskey.com\/it-it\/wp-json\/wp\/v2\/pages"}],"about":[{"href":"https:\/\/www.jamesonwhiskey.com\/it-it\/wp-json\/wp\/v2\/types\/page"}],"author":[{"embeddable":true,"href":"https:\/\/www.jamesonwhiskey.com\/it-it\/wp-json\/wp\/v2\/users\/105"}],"replies":[{"embeddable":true,"href":"https:\/\/www.jamesonwhiskey.com\/it-it\/wp-json\/wp\/v2\/comments?post=2571580"}],"version-history":[{"count":2,"href":"https:\/\/www.jamesonwhiskey.com\/it-it\/wp-json\/wp\/v2\/pages\/2571580\/revisions"}],"predecessor-version":[{"id":3309072,"href":"https:\/\/www.jamesonwhiskey.com\/it-it\/wp-json\/wp\/v2\/pages\/2571580\/revisions\/3309072"}],"up":[{"embeddable":true,"href":"https:\/\/www.jamesonwhiskey.com\/it-it\/wp-json\/wp\/v2\/pages\/304714"}],"wp:featuredmedia":[{"embeddable":true,"href":"https:\/\/www.jamesonwhiskey.com\/it-it\/wp-json\/wp\/v2\/media\/649688"}],"wp:attachment":[{"href":"https:\/\/www.jamesonwhiskey.com\/it-it\/wp-json\/wp\/v2\/media?parent=2571580"}],"wp:term":[{"taxonomy":"category","embeddable":true,"href":"https:\/\/www.jamesonwhiskey.com\/it-it\/wp-json\/wp\/v2\/categories?post=2571580"},{"taxonomy":"post_tag","embeddable":true,"href":"https:\/\/www.jamesonwhiskey.com\/it-it\/wp-json\/wp\/v2\/tags?post=2571580"},{"taxonomy":"our-world-category","embeddable":true,"href":"https:\/\/www.jamesonwhiskey.com\/it-it\/wp-json\/wp\/v2\/our-world-category?post=2571580"}],"curies":[{"name":"wp","href":"https:\/\/api.w.org\/{rel}","templated":true}]}}