{"id":2575654,"date":"2023-10-04T13:48:21","date_gmt":"2023-10-04T13:48:21","guid":{"rendered":"https:\/\/www.jamesonwhiskey.com\/?page_id=2575654"},"modified":"2026-05-04T07:44:54","modified_gmt":"2026-05-04T07:44:54","slug":"cocktail-pre-after-dinner","status":"publish","type":"page","link":"https:\/\/www.jamesonwhiskey.com\/it-it\/whiskey-istruzioni-per-uso\/cocktail-pre-after-dinner\/","title":{"rendered":"Pre-dinner o after-dinner: i cocktail che ti fanno dire \u201cadesso \u00e8 il momento giusto!\u201d"},"content":{"rendered":"\t<section id=\"block_d47cde9e8f7ffbf178165d28bed99fe0\" class=\"hero hero-halfscreen hero-halfscreen--filter hero-halfscreen--filter-opacity lazy\" data-assetkey=\"hero-halfscreen\" data-colour_filter='opacity' data-colour_filter_opacity='75'>\n\t\t\n\t<div class=\"hero-halfscreen__img_content\">\n\t\t\t\t\t<div class=\"hero-halfscreen__img_content-breadcrumbs\">\n\t\t\t\t\t\t\t\t\t            \n\t\t\t\t\t\t\t<\/div>\n\t\t\n\t\t\t\t\t\t\t\t\t\t\n\n\t\t\t\t\t\t\n\t\t<picture class=\"hero-halfscreen__picture\">\n\t\t\t<source media=\"(min-width: 768px)\" class=\"hero-halfscreen__source hero-halfscreen__source--desktop\" srcset=\"https:\/\/ik.imagekit.io\/cvygf2xse\/jamesonwhiskey\/wp-content\/uploads\/2023\/07\/image-960x730-2.png?tr=q-80,w-768 768w, https:\/\/ik.imagekit.io\/cvygf2xse\/jamesonwhiskey\/wp-content\/uploads\/2023\/07\/image-960x730-2.png?tr=q-80,w-500 500w, https:\/\/ik.imagekit.io\/cvygf2xse\/jamesonwhiskey\/wp-content\/uploads\/2023\/07\/image-960x730-2.png?tr=q-80,w-420 420w, https:\/\/ik.imagekit.io\/cvygf2xse\/jamesonwhiskey\/wp-content\/uploads\/2023\/07\/image-960x730-2.png?tr=q-80,w-400 400w, https:\/\/ik.imagekit.io\/cvygf2xse\/jamesonwhiskey\/wp-content\/uploads\/2023\/07\/image-960x730-2.png?tr=q-80,w-375 375w, https:\/\/ik.imagekit.io\/cvygf2xse\/jamesonwhiskey\/wp-content\/uploads\/2023\/07\/image-960x730-2.png?tr=q-80,w-360 360w, https:\/\/ik.imagekit.io\/cvygf2xse\/jamesonwhiskey\/wp-content\/uploads\/2023\/07\/image-960x730-2.png?tr=q-80,w-320 320w, https:\/\/ik.imagekit.io\/cvygf2xse\/jamesonwhiskey\/wp-content\/uploads\/2023\/07\/image-960x730-2.png?tr=q-80,w-300 300w, https:\/\/ik.imagekit.io\/cvygf2xse\/jamesonwhiskey\/wp-content\/uploads\/2023\/07\/image-960x730-2.png?tr=q-80,w-275 275w, https:\/\/ik.imagekit.io\/cvygf2xse\/jamesonwhiskey\/wp-content\/uploads\/2023\/07\/image-960x730-2.png?tr=q-80,w-200 200w, https:\/\/ik.imagekit.io\/cvygf2xse\/jamesonwhiskey\/wp-content\/uploads\/2023\/07\/image-960x730-2.png?tr=q-80,w-100 100w, \" sizes=\"(min-width: 1440px) 100vw, (min-width: 1024px) 1024px, (min-width: 768px) 768px\">\n\t\t\t<source class=\"hero-halfscreen__source hero-halfscreen__source--mobile\" srcset=\"\" sizes=\"(min-width: 768px) 768px, (min-width: 500px) 500px, 250px\">\n\t\t\t<img loading=\"lazy\" decoding=\"async\" class=\"hero-halfscreen__image\" src=\"https:\/\/ik.imagekit.io\/cvygf2xse\/jamesonwhiskey\/wp-content\/uploads\/2023\/07\/image-960x730-2.png?tr=q-80,w-960\" width=\"960\" height=\"730\" alt=\"\" role=\"presentation\">\n\t\t<\/picture>\n\t<\/div>\n\n\t<div\n\t\tclass=\"hero-halfscreen__content\" data-background=\"\">\n\t\t\t\t\t\t\t\t\n\t\t\n\t\t<h1 class=\"h1\">Pre-dinner o after-dinner: i cocktail che ti fanno dire \u201cadesso \u00e8 il momento giusto!\u201d<\/h1>\n\n\t\t\t\t\t<div class=\"hero-halfscreen__content-intro wysiwyg\">\n\t\t\t\t<p>L&#8217;eterno dilemma: <strong>cocktail pre dinner<\/strong> o <strong>cocktail after dinner<\/strong>? Ogni serata ha il suo ritmo, e ogni ritmo ha il suo drink. Mentre alcuni cocktail sono perfetti per dare il via alla festa, altri sono l&#8217;ideale per concludere la serata in bellezza. Ma come navigare in questo mare di opzioni e scegliere il cocktail giusto per l&#8217;occasione giusta? Immergiti con noi nel mondo dei cocktail e scopri i segreti dietro la scelta del momento perfetto per ogni drink.<\/p>\n\n\t\t\t<\/div>\n\t\t\n\t\t\t\t\t\t\t\t\n\t\t\t\t\t\t\t\t\t\t\t\t\n\n\t\t\t\n\t\t\t<\/div>\n<\/section>\n\n\n<a name=\"_ingredients\" class=\"anchor__name\"><\/a>\n<section id=\"block_cc9ed843a13e5c93ff6316ff7c2a8fa4\"\n         class=\"content-one-column content-one-column--bg-light full-width lazy\n        \n        \n        \" data-assetkey=\"content-one-column\">\n    <div class=\"content-one-column__content\">\n        \n                <div class=\"content-one-column__heading\">\n                            <h2 class=\"h1\">La classificazione dei cocktail: pre dinner o after dinner<\/h2>\n                    <\/div>\n\n        \n                                                            <div class=\"content-one-column__text wysiwyg align_left_on_desktop\">\n                    <p>Entrare in un bar e dare un&#8217;occhiata al men\u00f9 dei cocktail pu\u00f2 essere paragonato a tuffarsi in un libro di storia: ogni drink ha una sua origine, una sua personalit\u00e0 e, ovviamente, una sua categoria. S\u00ec, perch\u00e9 i cocktail, come le canzoni in una playlist, hanno il loro momento ideale. <strong>Ci sono i cocktail pre dinner, pensati per stuzzicare l&#8217;appetito e preparare il palato ai piaceri della tavola. Poi ci sono i cocktail after dinner, quei drink che ti coccolano dopo una buona cena, magari aiutandoti a digerire quella fetta di torta in pi\u00f9 a cui non hai saputo resistere.<\/strong> E non dimentichiamoci dei cocktail serali, compagni perfetti di chiacchiere e risate con gli amici. Ogni cocktail ha una sua collocazione ideale nella serata, e conoscere queste categorie pu\u00f2 trasformare la tua esperienza da bevitore occasionale a vero e proprio intenditore.<\/p>\n\n                <\/div>\n                        <\/div>\n\n    <\/section>\n\n\n\n<a name=\"_ingredients\" class=\"anchor__name\"><\/a><section id=\"block_fc1a3fee38abe0ad5fc7b0322128aa3a\" class=\"content-two-column lazy full-width content-two-column--template-default content-two-column--orientation-inverted content-two-column--bg-dark content-two-column--bg-img-default content-two-column--bg-img-color-none \" style=\"--bgImageColourFilter: 90%\" data-assetkey=\"content-two-column\">\n    <div class=\"content-two-column__wrapper\">\n        <div class=\"content-two-column__text\">\n            \n                        <div class=\"content-two-column__heading\">\n                                    <h2 class=\"h1\">Esempi di cocktails pre-dinner<\/h2>\n                            <\/div>\n\n            \n            <div class=\"content-two-column__content wysiwyg\">\n                <p>Prima di tuffarti in una cena succulenta, perch\u00e9 non iniziare con un cocktail che ti mette nell&#8217;umore giusto? I <strong>cocktails pre dinner<\/strong> sono come un antipasto: leggeri, stimolanti e perfetti per preparare il palato. Il <a href=\"https:\/\/www.jamesonwhiskey.com\/it-it\/whiskey-istruzioni-per-uso\/manhattan-cocktail-guida-completa\/\"><strong>Manhattan<\/strong><\/a> \u00e8 uno di questi: un mix elegante di whiskey, vermouth e bitter, ideale per stuzzicare l&#8217;appetito. Se invece cerchi qualcosa di fresco e agrumato, il <a href=\"https:\/\/www.jamesonwhiskey.com\/it-it\/cocktail-recipes\/jameson-bow-st-smash\/\">Jameson Bow St. Smash<\/a><br \/>\npotrebbe fare al caso tuo, con il suo mix di whiskey, limone e menta. E per chi ama i sapori classici, un semplice <a href=\"https:\/\/www.jamesonwhiskey.com\/it-it\/whiskey-istruzioni-per-uso\/old-fashioned-guida-completa\"> Old Fashioned<\/a>, con il suo equilibrio di whiskey, zucchero e bitter, \u00e8 sempre una scelta vincente. Inizia la tua serata con uno di questi cocktail e preparati a una cena indimenticabile!<\/p>\n\n            <\/div>\n\n            \n        <\/div>\n\n        <div class=\"content-two-column__media\">\n                                                                                                                                                                        <picture class=\"content-two-column__picture\">\n                        <source class=\"content-two-column__source\" srcset=\"https:\/\/ik.imagekit.io\/cvygf2xse\/jamesonwhiskey\/wp-content\/uploads\/2022\/08\/Whiskey-Experience-996x996-1.jpg?tr=q-80,w-768 768w, https:\/\/ik.imagekit.io\/cvygf2xse\/jamesonwhiskey\/wp-content\/uploads\/2022\/08\/Whiskey-Experience-996x996-1.jpg?tr=q-80,w-500 500w, https:\/\/ik.imagekit.io\/cvygf2xse\/jamesonwhiskey\/wp-content\/uploads\/2022\/08\/Whiskey-Experience-996x996-1.jpg?tr=q-80,w-420 420w, https:\/\/ik.imagekit.io\/cvygf2xse\/jamesonwhiskey\/wp-content\/uploads\/2022\/08\/Whiskey-Experience-996x996-1.jpg?tr=q-80,w-400 400w, https:\/\/ik.imagekit.io\/cvygf2xse\/jamesonwhiskey\/wp-content\/uploads\/2022\/08\/Whiskey-Experience-996x996-1.jpg?tr=q-80,w-375 375w, https:\/\/ik.imagekit.io\/cvygf2xse\/jamesonwhiskey\/wp-content\/uploads\/2022\/08\/Whiskey-Experience-996x996-1.jpg?tr=q-80,w-360 360w, https:\/\/ik.imagekit.io\/cvygf2xse\/jamesonwhiskey\/wp-content\/uploads\/2022\/08\/Whiskey-Experience-996x996-1.jpg?tr=q-80,w-320 320w, https:\/\/ik.imagekit.io\/cvygf2xse\/jamesonwhiskey\/wp-content\/uploads\/2022\/08\/Whiskey-Experience-996x996-1.jpg?tr=q-80,w-300 300w, https:\/\/ik.imagekit.io\/cvygf2xse\/jamesonwhiskey\/wp-content\/uploads\/2022\/08\/Whiskey-Experience-996x996-1.jpg?tr=q-80,w-275 275w, https:\/\/ik.imagekit.io\/cvygf2xse\/jamesonwhiskey\/wp-content\/uploads\/2022\/08\/Whiskey-Experience-996x996-1.jpg?tr=q-80,w-200 200w, https:\/\/ik.imagekit.io\/cvygf2xse\/jamesonwhiskey\/wp-content\/uploads\/2022\/08\/Whiskey-Experience-996x996-1.jpg?tr=q-80,w-100 100w, \" sizes=\"(min-width: 1024px) 100vw, (min-width: 768px) 768px, (min-width: 414px) 500px, 250px\">\n                        <img decoding=\"async\" loading=\"lazy\" class=\"content-two-column__image\" src=\"https:\/\/ik.imagekit.io\/cvygf2xse\/jamesonwhiskey\/wp-content\/uploads\/2022\/08\/Whiskey-Experience-996x996-1.jpg?tr=q-80,w-996\" width=\"996\" height=\"996\" alt=\"\">\n                    <\/picture>\n                                    <\/div>\n    <\/div>\n\n    \n    \n    <\/section>\n\n\n<a name=\"_ingredients\" class=\"anchor__name\"><\/a>\n<section id=\"block_37cfefcd27931b6d0e08c3c234f7ae0c\"\n         class=\"content-one-column content-one-column--bg-light_cream full-width lazy\n        \n        \n        \" data-assetkey=\"content-one-column\">\n    <div class=\"content-one-column__content\">\n        \n                <div class=\"content-one-column__heading\">\n                            <h2 class=\"h1\">Gli after-dinner cocktail da degustare<\/h2>\n                    <\/div>\n\n        \n                                                            <div class=\"content-one-column__text wysiwyg align_left_on_desktop\">\n                    <p>I cocktail after dinner sono come la ciliegina sulla torta di una serata perfetta. E se <a href=\"https:\/\/www.jamesonwhiskey.com\/it-it\/cocktail-recipes\/old-fashioned\/\">sei un amante del whiskey<\/a>, beh, sei fortunato! Ci sono numerosi cocktail a base di whiskey che sono l&#8217;ideale per il dopocena. Prendiamo il <a href=\"https:\/\/www.jamesonwhiskey.com\/it-it\/whiskey-istruzioni-per-uso\/whiskey-sour-guida-completa\/\">Whiskey Sour<\/a>: l&#8217;equilibrio tra il dolce e l&#8217;acido, con quel tocco di whiskey, lo rende perfetto per rinfrescare il palato. Oppure il <a href=\"https:\/\/www.jamesonwhiskey.com\/it-it\/whiskey-istruzioni-per-uso\/boulevardier-cocktail-guida-completa\/\">Jameson Boulevardier<\/a>, un cocktail sofisticato e ricco, con whiskey, vermouth rosso e bitter: \u00e8 come un abbraccio caldo in un bicchiere. E non dimentichiamoci dell&#8217;<a href=\"https:\/\/www.jamesonwhiskey.com\/it-it\/whiskey-istruzioni-per-uso\/irish-coffee-guida-completa\">Irish Coffee<\/a>, un classico intramontabile che combina whiskey, caff\u00e8 e panna. Il modo perfetto per concludere una cena invernale. In breve, i <a href=\"https:\/\/www.jamesonwhiskey.com\/it-it\/cocktail-recipes\/\">cocktail<\/a> da bere dopocena a base di whiskey offrono una vasta gamma di sapori e texture, garantendo che ci sia qualcosa per tutti i gusti.<\/p>\n\n                <\/div>\n                        <\/div>\n\n    <\/section>\n\n\n\n<a name=\"_ingredients\" class=\"anchor__name\"><\/a><section id=\"block_ef7a02f7d1fc106787b7bec7cdf6a593\" class=\"content-two-column lazy full-width content-two-column--template-default content-two-column--orientation-inverted content-two-column--bg-dark content-two-column--bg-img-default content-two-column--bg-img-color-none \" style=\"--bgImageColourFilter: 90%\" data-assetkey=\"content-two-column\">\n    <div class=\"content-two-column__wrapper\">\n        <div class=\"content-two-column__text\">\n            \n                        <div class=\"content-two-column__heading\">\n                                    <h2 class=\"h1\">Un cocktail digestivo con whiskey<\/h2>\n                            <\/div>\n\n            \n            <div class=\"content-two-column__content wysiwyg\">\n                <p>Quando si tratta di concludere una serata in bellezza, il cocktail digestivo \u00e8 il tuo alleato. E se stai cercando qualcosa di sofisticato e avvolgente, il <a href=\"https:\/\/www.jamesonwhiskey.com\/it-it\/cocktail-recipes\/jameson-godfather\/\">Godfather<\/a> \u00e8 la scelta giusta. Questo cocktail combina la dolcezza dell&#8217;Amaretto con la robustezza del whiskey, creando un equilibrio perfetto tra dolce e forte. Per prepararlo, prendi <a href=\"https:\/\/www.jamesonwhiskey.com\/it-it\/our-whiskey\/\">il tuo Jameson preferito<\/a> e mixalo con un po&#8217; di Amaretto in un bicchiere con ghiaccio. Mescola delicatamente e servi. Il Godfather \u00e8 come un abbraccio caldo e avvolgente, perfetto per rilassarsi dopo una cena abbondante e godersi la fine della serata.<br \/>\nChe tu scelga un cocktail pre-dinner vivace o un drink after-dinner avvolgente, con il whiskey Jameson sei sempre sul pezzo. E se qualcuno ti chiede consigli? Beh, ora potrai vantarti della tua nuova fama da esperto di cocktail!<\/p>\n\n            <\/div>\n\n            \n        <\/div>\n\n        <div class=\"content-two-column__media\">\n                                                                                                                                                                        <picture class=\"content-two-column__picture\">\n                        <source class=\"content-two-column__source\" srcset=\"https:\/\/ik.imagekit.io\/cvygf2xse\/jamesonwhiskey\/wp-content\/uploads\/2022\/02\/16-9_15d4d9c5-9961-4ac9-9f6d-845a23618254.jpg?tr=q-80,w-1440 1440w, https:\/\/ik.imagekit.io\/cvygf2xse\/jamesonwhiskey\/wp-content\/uploads\/2022\/02\/16-9_15d4d9c5-9961-4ac9-9f6d-845a23618254.jpg?tr=q-80,w-1280 1280w, https:\/\/ik.imagekit.io\/cvygf2xse\/jamesonwhiskey\/wp-content\/uploads\/2022\/02\/16-9_15d4d9c5-9961-4ac9-9f6d-845a23618254.jpg?tr=q-80,w-1024 1024w, https:\/\/ik.imagekit.io\/cvygf2xse\/jamesonwhiskey\/wp-content\/uploads\/2022\/02\/16-9_15d4d9c5-9961-4ac9-9f6d-845a23618254.jpg?tr=q-80,w-768 768w, https:\/\/ik.imagekit.io\/cvygf2xse\/jamesonwhiskey\/wp-content\/uploads\/2022\/02\/16-9_15d4d9c5-9961-4ac9-9f6d-845a23618254.jpg?tr=q-80,w-500 500w, https:\/\/ik.imagekit.io\/cvygf2xse\/jamesonwhiskey\/wp-content\/uploads\/2022\/02\/16-9_15d4d9c5-9961-4ac9-9f6d-845a23618254.jpg?tr=q-80,w-420 420w, https:\/\/ik.imagekit.io\/cvygf2xse\/jamesonwhiskey\/wp-content\/uploads\/2022\/02\/16-9_15d4d9c5-9961-4ac9-9f6d-845a23618254.jpg?tr=q-80,w-400 400w, https:\/\/ik.imagekit.io\/cvygf2xse\/jamesonwhiskey\/wp-content\/uploads\/2022\/02\/16-9_15d4d9c5-9961-4ac9-9f6d-845a23618254.jpg?tr=q-80,w-375 375w, https:\/\/ik.imagekit.io\/cvygf2xse\/jamesonwhiskey\/wp-content\/uploads\/2022\/02\/16-9_15d4d9c5-9961-4ac9-9f6d-845a23618254.jpg?tr=q-80,w-360 360w, https:\/\/ik.imagekit.io\/cvygf2xse\/jamesonwhiskey\/wp-content\/uploads\/2022\/02\/16-9_15d4d9c5-9961-4ac9-9f6d-845a23618254.jpg?tr=q-80,w-320 320w, https:\/\/ik.imagekit.io\/cvygf2xse\/jamesonwhiskey\/wp-content\/uploads\/2022\/02\/16-9_15d4d9c5-9961-4ac9-9f6d-845a23618254.jpg?tr=q-80,w-300 300w, https:\/\/ik.imagekit.io\/cvygf2xse\/jamesonwhiskey\/wp-content\/uploads\/2022\/02\/16-9_15d4d9c5-9961-4ac9-9f6d-845a23618254.jpg?tr=q-80,w-275 275w, https:\/\/ik.imagekit.io\/cvygf2xse\/jamesonwhiskey\/wp-content\/uploads\/2022\/02\/16-9_15d4d9c5-9961-4ac9-9f6d-845a23618254.jpg?tr=q-80,w-200 200w, https:\/\/ik.imagekit.io\/cvygf2xse\/jamesonwhiskey\/wp-content\/uploads\/2022\/02\/16-9_15d4d9c5-9961-4ac9-9f6d-845a23618254.jpg?tr=q-80,w-100 100w, \" sizes=\"(min-width: 1024px) 100vw, (min-width: 768px) 768px, (min-width: 414px) 500px, 250px\">\n                        <img decoding=\"async\" loading=\"lazy\" class=\"content-two-column__image\" src=\"https:\/\/ik.imagekit.io\/cvygf2xse\/jamesonwhiskey\/wp-content\/uploads\/2022\/02\/16-9_15d4d9c5-9961-4ac9-9f6d-845a23618254.jpg?tr=q-80,w-1600\" width=\"1600\" height=\"900\" alt=\"\">\n                    <\/picture>\n                                    <\/div>\n    <\/div>\n\n    \n    \n    <\/section>\n\n\n\n<section id=\"block_4b312c9f602040784739df6d2ce97751\" class=\"newsletter-banner full-width lazy\" data-assetkey=\"newsletter-banner\">\n\t\t<div class=\"newsletter-banner__content\">\n\t\t\t<div class=\"newsletter-banner__bg\">\n\t\t\t\t\t\t\t\t\t\t\t\t\t\t\t\t\t\t\t\t\t\t\t\t\t\t\t\t\t\t\t\t\t\t\t\t\t\t\t\t\t\t\t\t\t\t\t\t\t\t\t\t\t\t<picture class=\"\">\n\t\t\t\t\t\t<source media=\"(min-width: 768px)\" class=\"\" srcset=\"https:\/\/ik.imagekit.io\/cvygf2xse\/jamesonwhiskey\/wp-content\/uploads\/2022\/01\/ECRM_BANNER_DESKTOP.jpg?tr=q-80,w-1024 1024w, https:\/\/ik.imagekit.io\/cvygf2xse\/jamesonwhiskey\/wp-content\/uploads\/2022\/01\/ECRM_BANNER_DESKTOP.jpg?tr=q-80,w-768 768w, https:\/\/ik.imagekit.io\/cvygf2xse\/jamesonwhiskey\/wp-content\/uploads\/2022\/01\/ECRM_BANNER_DESKTOP.jpg?tr=q-80,w-500 500w, https:\/\/ik.imagekit.io\/cvygf2xse\/jamesonwhiskey\/wp-content\/uploads\/2022\/01\/ECRM_BANNER_DESKTOP.jpg?tr=q-80,w-420 420w, https:\/\/ik.imagekit.io\/cvygf2xse\/jamesonwhiskey\/wp-content\/uploads\/2022\/01\/ECRM_BANNER_DESKTOP.jpg?tr=q-80,w-400 400w, https:\/\/ik.imagekit.io\/cvygf2xse\/jamesonwhiskey\/wp-content\/uploads\/2022\/01\/ECRM_BANNER_DESKTOP.jpg?tr=q-80,w-375 375w, https:\/\/ik.imagekit.io\/cvygf2xse\/jamesonwhiskey\/wp-content\/uploads\/2022\/01\/ECRM_BANNER_DESKTOP.jpg?tr=q-80,w-360 360w, https:\/\/ik.imagekit.io\/cvygf2xse\/jamesonwhiskey\/wp-content\/uploads\/2022\/01\/ECRM_BANNER_DESKTOP.jpg?tr=q-80,w-320 320w, https:\/\/ik.imagekit.io\/cvygf2xse\/jamesonwhiskey\/wp-content\/uploads\/2022\/01\/ECRM_BANNER_DESKTOP.jpg?tr=q-80,w-300 300w, https:\/\/ik.imagekit.io\/cvygf2xse\/jamesonwhiskey\/wp-content\/uploads\/2022\/01\/ECRM_BANNER_DESKTOP.jpg?tr=q-80,w-275 275w, https:\/\/ik.imagekit.io\/cvygf2xse\/jamesonwhiskey\/wp-content\/uploads\/2022\/01\/ECRM_BANNER_DESKTOP.jpg?tr=q-80,w-200 200w, https:\/\/ik.imagekit.io\/cvygf2xse\/jamesonwhiskey\/wp-content\/uploads\/2022\/01\/ECRM_BANNER_DESKTOP.jpg?tr=q-80,w-100 100w, \" sizes=\"(min-width: 1440px) 100vw, (min-width: 1024px) 1024px, (min-width: 768px) 768px\">\n\t\t\t\t\t\t<source class=\"\" srcset=\"https:\/\/ik.imagekit.io\/cvygf2xse\/jamesonwhiskey\/wp-content\/uploads\/2023\/02\/ECRM_BANNER_MOBILE-285x300-1.png?tr=q-80,w-275 275w, https:\/\/ik.imagekit.io\/cvygf2xse\/jamesonwhiskey\/wp-content\/uploads\/2023\/02\/ECRM_BANNER_MOBILE-285x300-1.png?tr=q-80,w-200 200w, https:\/\/ik.imagekit.io\/cvygf2xse\/jamesonwhiskey\/wp-content\/uploads\/2023\/02\/ECRM_BANNER_MOBILE-285x300-1.png?tr=q-80,w-100 100w, \" sizes=\"(min-width: 768px) 768px, (min-width: 500px) 500px, 250px\">\n\t\t\t\t\t\t<img decoding=\"async\" loading=\"lazy\" class=\"\" src=\"https:\/\/ik.imagekit.io\/cvygf2xse\/jamesonwhiskey\/wp-content\/uploads\/2022\/01\/ECRM_BANNER_DESKTOP.jpg?tr=q-80,w-1200\" width=\"1200\" height=\"362\" alt=\"\" role=\"presentation\">\n\t\t\t\t\t<\/picture>\n\t\t\t\t\t\t\t<\/div>\n\n\t\t\t<div class=\"newsletter-banner__footer\"><\/div>\n\n\t\t\t<div class=\"newsletter-banner__text\">\n\t\t\t\t\n\n<div class=\"subheading \">\n        <div>\n        <svg width=\"40px\" height=\"2px\" viewBox=\"0 0 40 2\" version=\"1.1\" aria-hidden=\"true\" xmlns=\"http:\/\/www.w3.org\/2000\/svg\" xmlns:xlink=\"http:\/\/www.w3.org\/1999\/xlink\">\n            <g stroke=\"none\" stroke-width=\"2\" fill=\"none\" fill-rule=\"evenodd\">\n                <g transform=\"translate(-20.000000, -916.000000)\" fill=\"#FFF\">\n                    <g transform=\"translate(20.000000, 904.000000)\">\n                        <g>\n                            <rect x=\"0\" y=\"12\" width=\"40\" height=\"2\"><\/rect>\n                        <\/g>\n                    <\/g>\n                <\/g>\n            <\/g>\n        <\/svg>\n    <\/div>\n    \n    <span class=\"h6\">Newsletter  <\/span>\n<\/div>\n\n\t\t\t\t<h2 class=\"h1\">\n\t\t\t\t\t<span>Iscriviti per ricevere<\/span>\n\t\t\t\t\t\t\t\t\t\t\t<br>\n\t\t\t\t\t\t<span>notizie e inviti esclusivi<\/span>\n\t\t\t\t\t\t\t\t\t<\/h2>\n\t\t\t<\/div>\n\n\t\t\t\t\t\t\t\t\t\t\t\t\t\t\t\t\t\t\t\t\t\n\t\t\t<div class=\"newsletter-banner__button\">\n\t\t\t\n\t\t\t\t\t\t\t\t\t<a\n\t\t\t\t\t\thref=\" https:\/\/www.jamesonwhiskey.com\/it-it\/jclub\/ \"\t\t\t\t\t\tclass=\"btn--primary\"\n\t\t\t\t\t\t\t\t\t\t\t\t\t\t\t\t\t>\n\t\t\t\t\t\tIscriviti\n\t\t\t\t\t<\/a>\n\t\t\t\t\t\t\t<\/div>\n\t\t\t<div class=\"newsletter-banner__bottle\">\n\t\t\t\t\t\t\t\t\t\t\t\t\t\t\t\t\t\t\t\t\t\t\t\t<img decoding=\"async\" src=\"https:\/\/ik.imagekit.io\/cvygf2xse\/jamesonwhiskey\/wp-content\/uploads\/2023\/02\/Jameson_image-964x418-1-130x300-1.png?tr=q-80,w-130\" class=\"img-fluid\" alt=\"\" role=\"presentation\" width=\"418\" height=\"964\" loading=\"lazy\">\n\t\t\t\t\t\t\t<\/div>\n\t\t<\/div>\n\t<\/section>\n","protected":false},"excerpt":{"rendered":"","protected":false},"author":105,"featured_media":590362,"parent":304714,"menu_order":0,"comment_status":"closed","ping_status":"closed","template":"","meta":{"_acf_changed":false,"_seopress_robots_primary_cat":"","_seopress_titles_title":"L'ora dei cocktail: after-dinner o prima? | Jameson Irish Whiskey","_seopress_titles_desc":"Sarebbe meglio un drink post cena o un cocktail pre dinner? Non preoccuparti, ci pensiamo noi: ti consigliamo quando, come e perch\u00e8 bere un cocktail.","_seopress_robots_index":"","inline_featured_image":false,"footnotes":""},"categories":[],"tags":[],"our-world-category":[],"class_list":["post-2575654","page","type-page","status-publish","has-post-thumbnail","hentry"],"acf":[],"_links":{"self":[{"href":"https:\/\/www.jamesonwhiskey.com\/it-it\/wp-json\/wp\/v2\/pages\/2575654","targetHints":{"allow":["GET"]}}],"collection":[{"href":"https:\/\/www.jamesonwhiskey.com\/it-it\/wp-json\/wp\/v2\/pages"}],"about":[{"href":"https:\/\/www.jamesonwhiskey.com\/it-it\/wp-json\/wp\/v2\/types\/page"}],"author":[{"embeddable":true,"href":"https:\/\/www.jamesonwhiskey.com\/it-it\/wp-json\/wp\/v2\/users\/105"}],"replies":[{"embeddable":true,"href":"https:\/\/www.jamesonwhiskey.com\/it-it\/wp-json\/wp\/v2\/comments?post=2575654"}],"version-history":[{"count":3,"href":"https:\/\/www.jamesonwhiskey.com\/it-it\/wp-json\/wp\/v2\/pages\/2575654\/revisions"}],"predecessor-version":[{"id":3356381,"href":"https:\/\/www.jamesonwhiskey.com\/it-it\/wp-json\/wp\/v2\/pages\/2575654\/revisions\/3356381"}],"up":[{"embeddable":true,"href":"https:\/\/www.jamesonwhiskey.com\/it-it\/wp-json\/wp\/v2\/pages\/304714"}],"wp:featuredmedia":[{"embeddable":true,"href":"https:\/\/www.jamesonwhiskey.com\/it-it\/wp-json\/wp\/v2\/media\/590362"}],"wp:attachment":[{"href":"https:\/\/www.jamesonwhiskey.com\/it-it\/wp-json\/wp\/v2\/media?parent=2575654"}],"wp:term":[{"taxonomy":"category","embeddable":true,"href":"https:\/\/www.jamesonwhiskey.com\/it-it\/wp-json\/wp\/v2\/categories?post=2575654"},{"taxonomy":"post_tag","embeddable":true,"href":"https:\/\/www.jamesonwhiskey.com\/it-it\/wp-json\/wp\/v2\/tags?post=2575654"},{"taxonomy":"our-world-category","embeddable":true,"href":"https:\/\/www.jamesonwhiskey.com\/it-it\/wp-json\/wp\/v2\/our-world-category?post=2575654"}],"curies":[{"name":"wp","href":"https:\/\/api.w.org\/{rel}","templated":true}]}}