{"id":2575774,"date":"2023-10-04T15:05:56","date_gmt":"2023-10-04T15:05:56","guid":{"rendered":"https:\/\/www.jamesonwhiskey.com\/?page_id=2575774"},"modified":"2025-04-01T09:48:40","modified_gmt":"2025-04-01T09:48:40","slug":"tradizioni-irlanda-simboli","status":"publish","type":"page","link":"https:\/\/www.jamesonwhiskey.com\/it-it\/whiskey-istruzioni-per-uso\/tradizioni-irlanda-simboli\/","title":{"rendered":"I simboli dell&#8217;Irlanda: curiosit\u00e0 e tradizioni"},"content":{"rendered":"\t<section id=\"block_76f0f8649d47dd38fa361ec79f4bcdcc\" class=\"hero hero-halfscreen hero-halfscreen--filter hero-halfscreen--filter-opacity lazy\" data-assetkey=\"hero-halfscreen\" data-colour_filter='opacity' data-colour_filter_opacity='75'>\n\t\t\n\t<div class=\"hero-halfscreen__img_content\">\n\t\t\t\t\t<div class=\"hero-halfscreen__img_content-breadcrumbs\">\n\t\t\t\t\t\t\t\t\t            \n\t\t\t\t\t\t\t<\/div>\n\t\t\n\t\t\t\t\t\t\t\t\t\t\n\n                        \n        <picture class=\"hero-halfscreen__picture\">\n\t\t\t<source media=\"(min-width: 768px)\" class=\"hero-halfscreen__source hero-halfscreen__source--desktop\" srcset=\"https:\/\/ik.imagekit.io\/cvygf2xse\/jamesonwhiskey\/wp-content\/uploads\/2023\/07\/image-960x730-1.png?tr=q-80,w-768 768w, https:\/\/ik.imagekit.io\/cvygf2xse\/jamesonwhiskey\/wp-content\/uploads\/2023\/07\/image-960x730-1.png?tr=q-80,w-500 500w, https:\/\/ik.imagekit.io\/cvygf2xse\/jamesonwhiskey\/wp-content\/uploads\/2023\/07\/image-960x730-1.png?tr=q-80,w-420 420w, https:\/\/ik.imagekit.io\/cvygf2xse\/jamesonwhiskey\/wp-content\/uploads\/2023\/07\/image-960x730-1.png?tr=q-80,w-400 400w, https:\/\/ik.imagekit.io\/cvygf2xse\/jamesonwhiskey\/wp-content\/uploads\/2023\/07\/image-960x730-1.png?tr=q-80,w-375 375w, https:\/\/ik.imagekit.io\/cvygf2xse\/jamesonwhiskey\/wp-content\/uploads\/2023\/07\/image-960x730-1.png?tr=q-80,w-360 360w, https:\/\/ik.imagekit.io\/cvygf2xse\/jamesonwhiskey\/wp-content\/uploads\/2023\/07\/image-960x730-1.png?tr=q-80,w-320 320w, https:\/\/ik.imagekit.io\/cvygf2xse\/jamesonwhiskey\/wp-content\/uploads\/2023\/07\/image-960x730-1.png?tr=q-80,w-300 300w, https:\/\/ik.imagekit.io\/cvygf2xse\/jamesonwhiskey\/wp-content\/uploads\/2023\/07\/image-960x730-1.png?tr=q-80,w-275 275w, https:\/\/ik.imagekit.io\/cvygf2xse\/jamesonwhiskey\/wp-content\/uploads\/2023\/07\/image-960x730-1.png?tr=q-80,w-200 200w, https:\/\/ik.imagekit.io\/cvygf2xse\/jamesonwhiskey\/wp-content\/uploads\/2023\/07\/image-960x730-1.png?tr=q-80,w-100 100w, \" sizes=\"(min-width: 1440px) 100vw, (min-width: 1024px) 1024px, (min-width: 768px) 768px\">\n\t\t\t<source class=\"hero-halfscreen__source hero-halfscreen__source--mobile\" srcset=\"\" sizes=\"(min-width: 768px) 768px, (min-width: 500px) 500px, 250px\">\n\t\t\t<img loading=\"lazy\" decoding=\"async\" class=\"hero-halfscreen__image\" src=\"https:\/\/ik.imagekit.io\/cvygf2xse\/jamesonwhiskey\/wp-content\/uploads\/2023\/07\/image-960x730-1.png?tr=q-80,w-960\" width=\"960\" height=\"730\" alt=\"\" role=\"presentation\">\n\t\t<\/picture>\n\t<\/div>\n\n\t<div class=\"hero-halfscreen__content\">\n                \n\t\t\n\t\t<h1 class=\"h1\">I simboli dell&#8217;Irlanda: curiosit\u00e0 e tradizioni<\/h1>\n\n\t\t\t\t\t<div class=\"hero-halfscreen__content-intro wysiwyg\">\n\t\t\t\t<p>Ah, l&#8217;Irlanda! Terra di panorami mozzafiato, di gente ospitale e, ovviamente, di <a href=\"https:\/\/www.jamesonwhiskey.com\/it-it\/our-history\/\">whiskey<\/a>! Ma c&#8217;\u00e8 molto di pi\u00f9 da scoprire in questa isola verde. Tra <strong>simboli<\/strong> e <strong>curiosit\u00e0<\/strong>, <strong>l&#8217;Irlanda<\/strong> \u00e8 un puzzle complesso di storia, leggende e un po&#8217; di magia. Preparati un bicchiere di <a href=\"https:\/\/www.jamesonwhiskey.com\/it-it\/our-whiskey\/jameson-irish-whiskey\/\">Jameson Irish Whiskey<\/a>, mettiti comodo e iniziamo questo tour nella <strong>cultura irlandese<\/strong>!<\/p>\n\n\t\t\t<\/div>\n\t\t\n\t\t\t\t\t\t\t\t\n\t\t\t\t\t\t\t\t\t\t\t\t\n\n\t\t\t\n\t\t\t<\/div>\n<\/section>\n\n\n\n<a name=\"_ingredients\" class=\"anchor__name\"><\/a><section id=\"block_30128195f937cf37d40cacfd0c08b009\" class=\"content-two-column lazy full-width content-two-column--template-default content-two-column--orientation-default content-two-column--bg-light content-two-column--bg-img-default content-two-column--bg-img-color-none \" style=\"--bgImageColourFilter: 90%\" data-assetkey=\"content-two-column\">\n    <div class=\"content-two-column__wrapper\">\n        <div class=\"content-two-column__text\">\n            \n                        <div class=\"content-two-column__heading\">\n                                    <h2 class=\"h1\">Tradizioni irlandesi: simboli e curiosit\u00e0<\/h2>\n                            <\/div>\n\n            \n            <div class=\"content-two-column__content wysiwyg\">\n                <p>Preparati a un viaggio in <strong>un\u2019Irlanda di simboli e tradizioni<\/Strong>, elementi che la rendono una terra di fascino e mistero. Ecco alcune tra le <strong>10 tradizioni irlandesi<\/strong> pi\u00f9 iconiche:<\/p>\n<p>\u2022\t<strong>Il trifoglio<\/strong>: il <strong>simbolo d\u2019Irlanda<\/strong> per eccellenza, questa piantina non \u00e8 solo carina da vedere. Ogni 17 marzo, giorno di <strong>San Patrizio<\/strong>, i trifogli invadono l&#8217;isola.<br \/>\n\u2022\t<strong>I Leprechaun<\/strong>: dimentica i puffi. Questi piccoli gnomi sono i custodi di tesori nascosti e fanno parte della mitologia irlandese.<br \/>\n\u2022\t<strong>Claddagh Ring<\/strong>: vuoi sapere se quel ragazzo o quella ragazza \u00e8 impegnato\/a? Guarda come indossa l&#8217;anello Claddagh. Mani, cuore e corona simbolizzano amicizia, amore e lealt\u00e0. Ma la posizione dell&#8217;anello svela tutto!<br \/>\n\u2022\t<strong>La croce celtica d\u2019Irlanda<\/strong>: San Patrizio ha fatto un mix tra il <strong>simbolismo celtico e cristiano<\/strong> alla classica croce, aggiungendo un cerchio che rappresenta il sole. Con il tempo, \u00e8 diventata un simbolo con significati che vanno dall&#8217;astrologico al teologico.<br \/>\n\u2022\t<strong>L\u2019arpa irlandese<\/strong>: vuoi essere l&#8217;anima della festa in Irlanda? Impara a <strong>suonare l&#8217;arpa<\/strong>. Questo strumento musicale \u00e8 talmente radicato nella cultura irlandese che \u00e8 diventato un <strong>simbolo nazionale<\/strong>.<\/p>\n<p>Nessuna discussione sulle <a href=\"https:\/\/www.jamesonwhiskey.com\/it-it\/how-jameson-irish-whiskey-is-made\/\"><strong>tradizioni irlandesi<\/strong><\/a> sarebbe completa senza menzionare il <strong>whiskey<\/strong>. Dal momento che l&#8217;Irlanda \u00e8 la patria di alcune delle distillerie pi\u00f9 antiche del mondo, ogni <a href=\"https:\/\/www.jamesonwhiskey.com\/it-it\/whiskey-istruzioni-per-uso\/quali-bicchieri-whiskey\/\">bicchiere di <strong>whiskey<\/strong><\/a> <strong>\u00e8 un simbolo di cultura, storia e identit\u00e0 nazionale<\/strong>. Questo oro liquido \u00e8 <a herf=\"https:\/\/www.jamesonwhiskey.com\/it-it\/whiskey-istruzioni-per-uso\/la-storia-del-whiskey\/\">cos\u00ec radicato nella <strong>cultura irlandese<\/strong><\/a> che addirittura la parola stessa deriva da una frase gaelica che significa &#8220;<strong><u>acqua della vita<\/u><\/strong>&#8220;.<\/p>\n\n            <\/div>\n\n            \n        <\/div>\n\n        <div class=\"content-two-column__media\">\n                                                                                                                                                                        <picture class=\"content-two-column__picture\">\n                        <source class=\"content-two-column__source\" srcset=\"https:\/\/ik.imagekit.io\/cvygf2xse\/jamesonwhiskey\/wp-content\/uploads\/2023\/08\/orlag.jpeg?tr=q-80,w-768 768w, https:\/\/ik.imagekit.io\/cvygf2xse\/jamesonwhiskey\/wp-content\/uploads\/2023\/08\/orlag.jpeg?tr=q-80,w-500 500w, https:\/\/ik.imagekit.io\/cvygf2xse\/jamesonwhiskey\/wp-content\/uploads\/2023\/08\/orlag.jpeg?tr=q-80,w-420 420w, https:\/\/ik.imagekit.io\/cvygf2xse\/jamesonwhiskey\/wp-content\/uploads\/2023\/08\/orlag.jpeg?tr=q-80,w-400 400w, https:\/\/ik.imagekit.io\/cvygf2xse\/jamesonwhiskey\/wp-content\/uploads\/2023\/08\/orlag.jpeg?tr=q-80,w-375 375w, https:\/\/ik.imagekit.io\/cvygf2xse\/jamesonwhiskey\/wp-content\/uploads\/2023\/08\/orlag.jpeg?tr=q-80,w-360 360w, https:\/\/ik.imagekit.io\/cvygf2xse\/jamesonwhiskey\/wp-content\/uploads\/2023\/08\/orlag.jpeg?tr=q-80,w-320 320w, https:\/\/ik.imagekit.io\/cvygf2xse\/jamesonwhiskey\/wp-content\/uploads\/2023\/08\/orlag.jpeg?tr=q-80,w-300 300w, https:\/\/ik.imagekit.io\/cvygf2xse\/jamesonwhiskey\/wp-content\/uploads\/2023\/08\/orlag.jpeg?tr=q-80,w-275 275w, https:\/\/ik.imagekit.io\/cvygf2xse\/jamesonwhiskey\/wp-content\/uploads\/2023\/08\/orlag.jpeg?tr=q-80,w-200 200w, https:\/\/ik.imagekit.io\/cvygf2xse\/jamesonwhiskey\/wp-content\/uploads\/2023\/08\/orlag.jpeg?tr=q-80,w-100 100w, \" sizes=\"(min-width: 1024px) 100vw, (min-width: 768px) 768px, (min-width: 414px) 500px, 250px\">\n                        <img fetchpriority=\"high\" decoding=\"async\" loading=\"eager\" class=\"content-two-column__image\" src=\"https:\/\/ik.imagekit.io\/cvygf2xse\/jamesonwhiskey\/wp-content\/uploads\/2023\/08\/orlag.jpeg?tr=q-80,w-853\" width=\"853\" height=\"908\" alt=\"\">\n                    <\/picture>\n                                    <\/div>\n    <\/div>\n\n    \n    \n    <\/section>\n\n\n<a name=\"_ingredients\" class=\"anchor__name\"><\/a>\n<section id=\"block_b9389ca6a9f72dec4b7feb738818fa89\"\n         class=\"content-one-column content-one-column--bg-dark full-width lazy\n        \n        \n        \" data-assetkey=\"content-one-column\">\n    <div class=\"content-one-column__content\">\n        \n                <div class=\"content-one-column__heading\">\n                            <h2 class=\"h1\">I simboli della cultura irlandese: elfi irlandesi e folletti<\/h2>\n                    <\/div>\n\n        \n                                                            <div class=\"content-one-column__text wysiwyg align_left_on_desktop\">\n                    <p>In Irlanda, la magia e il mistero fanno parte della <strong>cultura irlandese<\/strong>. Parliamo di <strong>due simboli<\/strong> fortemente radicati nel folklore irlandese: gli <strong>Elfi<\/strong> e i <strong>Leprechaun<\/strong>.<br \/>\nGli Elfi sono <strong>creature leggendarie<\/strong> dalla pelle molto chiara e orecchie appuntite. Secondo la tradizione, sono arrivati in Irlanda molto prima degli esseri umani.<br \/>\nIl <strong>Leprechaun<\/strong> \u00e8 il folletto <strong>simbolo d\u2019Irlanda<\/strong>, noto per il suo amore per l&#8217;oro e le scarpe. Vestito generalmente di verde o rosso, il Leprechaun \u00e8 famoso per nascondere il suo tesoro alla fine dell&#8217;arcobaleno. <strong>Curiosit\u00e0 irlandese<\/strong>: secondo la leggenda, <strong>puoi scoprire dove hanno nascosto le loro sacche di monete d&#8217;oro solo se li catturi e poni le domande giuste<\/strong>. Buona caccia!<\/p>\n\n                <\/div>\n                        <\/div>\n\n    <\/section>\n\n\n\n<a name=\"_ingredients\" class=\"anchor__name\"><\/a><section id=\"block_ab417b30f29f8984dc64b769c65c8fa0\" class=\"content-two-column lazy full-width content-two-column--template-default content-two-column--orientation-default content-two-column--bg-light content-two-column--bg-img-default content-two-column--bg-img-color-none \" style=\"--bgImageColourFilter: 90%\" data-assetkey=\"content-two-column\">\n    <div class=\"content-two-column__wrapper\">\n        <div class=\"content-two-column__text\">\n            \n                        <div class=\"content-two-column__heading\">\n                                    <h3 class=\"h1\">Cosa significa il trifoglio in Irlanda?<\/h3>\n                            <\/div>\n\n            \n            <div class=\"content-two-column__content wysiwyg\">\n                <p>Quando si parla di <strong>simboli irlandesi<\/strong>, il <strong>trifoglio<\/strong> spicca senza dubbio come uno dei pi\u00f9 iconici. Nota anche come &#8220;shamrock&#8221;, questa pianta a tre foglie \u00e8 un emblema carico di significato. Secondo la leggenda, fu <strong>San Patrizio a utilizzare il trifoglio per illustrare il concetto della Santissima Trinit\u00e0<\/strong> ai pagani irlandesi. Il trifoglio \u00e8 anche ritenuto un <strong>portafortuna<\/strong>, soprattutto se si trova la <strong>rara variante a quattro foglie<\/strong>. Quindi, la prossima volta che ti trovi in Irlanda e vedi un trifoglio, ricorda che hai tra le mani un simbolo che \u00e8 un pezzo di storia e tradizione.<\/p>\n<div class=\"content-two-column_content heading\">\n<h2 class=\"h1\"><font color=\"#154734\">Cose tipiche irlandesi: le feste tradizionali<\/font><\/h2>\n<\/div>\n<p>Se parliamo di <strong>feste irlandesi<\/strong>, \u00e8 impossibile non citare la festa nazionale dell&#8217;Irlanda: il <a href=\"https:\/\/www.jamesonwhiskey.com\/it-it\/whiskey-istruzioni-per-uso\/whiskey-irlandese-caratteristiche-come-berlo\/\">giorno di San Patrizio<\/a>. Celebrato il <strong>17 marzo<\/strong>, questo evento trasforma le citt\u00e0 in un mare di verde e offre un&#8217;immersione completa nella cultura irlandese. In Irlanda, la festivit\u00e0 non si limita a un solo giorno; \u00e8 un fenomeno che spazia dall&#8217;antica <strong>celebrazione di Samhain<\/strong>, che ha ispirato l&#8217;Halloween moderno, ai <strong>festeggiamenti estivi di Beltane<\/strong>. Un mix di musica, danza e, naturalmente, un pizzico di magia folkloristica. Con queste celebrazioni, i paesaggi mozzafiato dell&#8217;Irlanda diventano una vera e propria esperienza, che arricchisce e coinvolge tutti coloro che partecipano alle sue <strong>feste tradizionali<\/strong>.<\/p>\n\n            <\/div>\n\n            \n        <\/div>\n\n        <div class=\"content-two-column__media\">\n                                                                                                                                                                        <picture class=\"content-two-column__picture\">\n                        <source class=\"content-two-column__source\" srcset=\"https:\/\/ik.imagekit.io\/cvygf2xse\/jamesonwhiskey\/wp-content\/uploads\/2023\/09\/Untitled-1_0004_Pic-1.jpg?tr=q-80,w-500 500w, https:\/\/ik.imagekit.io\/cvygf2xse\/jamesonwhiskey\/wp-content\/uploads\/2023\/09\/Untitled-1_0004_Pic-1.jpg?tr=q-80,w-420 420w, https:\/\/ik.imagekit.io\/cvygf2xse\/jamesonwhiskey\/wp-content\/uploads\/2023\/09\/Untitled-1_0004_Pic-1.jpg?tr=q-80,w-400 400w, https:\/\/ik.imagekit.io\/cvygf2xse\/jamesonwhiskey\/wp-content\/uploads\/2023\/09\/Untitled-1_0004_Pic-1.jpg?tr=q-80,w-375 375w, https:\/\/ik.imagekit.io\/cvygf2xse\/jamesonwhiskey\/wp-content\/uploads\/2023\/09\/Untitled-1_0004_Pic-1.jpg?tr=q-80,w-360 360w, https:\/\/ik.imagekit.io\/cvygf2xse\/jamesonwhiskey\/wp-content\/uploads\/2023\/09\/Untitled-1_0004_Pic-1.jpg?tr=q-80,w-320 320w, https:\/\/ik.imagekit.io\/cvygf2xse\/jamesonwhiskey\/wp-content\/uploads\/2023\/09\/Untitled-1_0004_Pic-1.jpg?tr=q-80,w-300 300w, https:\/\/ik.imagekit.io\/cvygf2xse\/jamesonwhiskey\/wp-content\/uploads\/2023\/09\/Untitled-1_0004_Pic-1.jpg?tr=q-80,w-275 275w, https:\/\/ik.imagekit.io\/cvygf2xse\/jamesonwhiskey\/wp-content\/uploads\/2023\/09\/Untitled-1_0004_Pic-1.jpg?tr=q-80,w-200 200w, https:\/\/ik.imagekit.io\/cvygf2xse\/jamesonwhiskey\/wp-content\/uploads\/2023\/09\/Untitled-1_0004_Pic-1.jpg?tr=q-80,w-100 100w, \" sizes=\"(min-width: 1024px) 100vw, (min-width: 768px) 768px, (min-width: 414px) 500px, 250px\">\n                        <img decoding=\"async\" loading=\"lazy\" class=\"content-two-column__image\" src=\"https:\/\/ik.imagekit.io\/cvygf2xse\/jamesonwhiskey\/wp-content\/uploads\/2023\/09\/Untitled-1_0004_Pic-1.jpg?tr=q-80,w-750\" width=\"750\" height=\"750\" alt=\"\">\n                    <\/picture>\n                                    <\/div>\n    <\/div>\n\n    \n    \n    <\/section>\n\n\n\n<a name=\"_ingredients\" class=\"anchor__name\"><\/a><section id=\"block_cd4d118f2e1cde3c9d6051c463c2bcbd\" class=\"content-two-column lazy full-width content-two-column--template-default content-two-column--orientation-default content-two-column--bg-dark content-two-column--bg-img-default content-two-column--bg-img-color-none \" style=\"--bgImageColourFilter: 90%\" data-assetkey=\"content-two-column\">\n    <div class=\"content-two-column__wrapper\">\n        <div class=\"content-two-column__text\">\n            \n                        <div class=\"content-two-column__heading\">\n                                    <h3 class=\"h1\">A tutta voce: l&#8217;inno dell&#8217;Irlanda e quello della nazionale di rugby<\/h3>\n                            <\/div>\n\n            \n            <div class=\"content-two-column__content wysiwyg\">\n                <p>Quando si parla di <strong>simboli in Irlanda<\/strong>, non si pu\u00f2 non menzionare &#8220;<strong><u>Ireland&#8217;s Call<\/u><\/strong>&#8220;, l\u2019<strong>inno d\u2019Irlanda nel rugby<\/strong>. Questo inno \u00e8 stato appositamente creato per rappresentare tutti e quattro i territori dell&#8217;Irlanda. Diverso <strong>dall&#8217;inno nazionale &#8220;Amhr\u00e1n na bhFiann&#8221;<\/strong>, &#8220;Ireland&#8217;s Call&#8221; risuona negli stadi ogni volta che la nazionale di rugby irlandese entra in campo, e ha il potere di unificare sotto una sola bandiera le diverse identit\u00e0 che compongono questo paese.<br \/>\nOgni angolo dell&#8217;Irlanda \u00e8 un capitolo di una storia affascinante, un mix di realt\u00e0 e mitologia che aspetta solo di essere esplorata: le cose da scoprire in Irlanda non finiscono mai. E ricorda, un <strong>viaggio in Irlanda<\/strong> non \u00e8 mai completo senza un bicchiere di <a href=\"https:\/\/www.jamesonwhiskey.com\/it-it\/whiskey-istruzioni-per-uso\/whiskey-irlandese-caratteristiche-come-berlo\/\">whiskey irlandese<\/a> per brindare a un&#8217;<strong>esperienza autentica e indimenticabile<\/strong>.<\/p>\n\n            <\/div>\n\n            \n        <\/div>\n\n        <div class=\"content-two-column__media\">\n                                                                                                                                                                        <picture class=\"content-two-column__picture\">\n                        <source class=\"content-two-column__source\" srcset=\"https:\/\/ik.imagekit.io\/cvygf2xse\/jamesonwhiskey\/wp-content\/uploads\/2023\/09\/callout_flag_jameson.jpg?tr=q-80,w-768 768w, https:\/\/ik.imagekit.io\/cvygf2xse\/jamesonwhiskey\/wp-content\/uploads\/2023\/09\/callout_flag_jameson.jpg?tr=q-80,w-500 500w, https:\/\/ik.imagekit.io\/cvygf2xse\/jamesonwhiskey\/wp-content\/uploads\/2023\/09\/callout_flag_jameson.jpg?tr=q-80,w-420 420w, https:\/\/ik.imagekit.io\/cvygf2xse\/jamesonwhiskey\/wp-content\/uploads\/2023\/09\/callout_flag_jameson.jpg?tr=q-80,w-400 400w, https:\/\/ik.imagekit.io\/cvygf2xse\/jamesonwhiskey\/wp-content\/uploads\/2023\/09\/callout_flag_jameson.jpg?tr=q-80,w-375 375w, https:\/\/ik.imagekit.io\/cvygf2xse\/jamesonwhiskey\/wp-content\/uploads\/2023\/09\/callout_flag_jameson.jpg?tr=q-80,w-360 360w, https:\/\/ik.imagekit.io\/cvygf2xse\/jamesonwhiskey\/wp-content\/uploads\/2023\/09\/callout_flag_jameson.jpg?tr=q-80,w-320 320w, https:\/\/ik.imagekit.io\/cvygf2xse\/jamesonwhiskey\/wp-content\/uploads\/2023\/09\/callout_flag_jameson.jpg?tr=q-80,w-300 300w, https:\/\/ik.imagekit.io\/cvygf2xse\/jamesonwhiskey\/wp-content\/uploads\/2023\/09\/callout_flag_jameson.jpg?tr=q-80,w-275 275w, https:\/\/ik.imagekit.io\/cvygf2xse\/jamesonwhiskey\/wp-content\/uploads\/2023\/09\/callout_flag_jameson.jpg?tr=q-80,w-200 200w, https:\/\/ik.imagekit.io\/cvygf2xse\/jamesonwhiskey\/wp-content\/uploads\/2023\/09\/callout_flag_jameson.jpg?tr=q-80,w-100 100w, \" sizes=\"(min-width: 1024px) 100vw, (min-width: 768px) 768px, (min-width: 414px) 500px, 250px\">\n                        <img decoding=\"async\" loading=\"lazy\" class=\"content-two-column__image\" src=\"https:\/\/ik.imagekit.io\/cvygf2xse\/jamesonwhiskey\/wp-content\/uploads\/2023\/09\/callout_flag_jameson.jpg?tr=q-80,w-996\" width=\"996\" height=\"1050\" alt=\"\">\n                    <\/picture>\n                                    <\/div>\n    <\/div>\n\n    \n    \n    <\/section>\n\n\n\n<section id=\"block_b307d4d893fa5664eb5632cb308553da\" class=\"newsletter-banner full-width lazy\" data-assetkey=\"newsletter-banner\">\n\t\t<div class=\"newsletter-banner__content\">\n\t\t\t<div class=\"newsletter-banner__bg\">\n\t\t\t\t\t\t\t\t\t\t\t\t\t\t\t\t\t\t\t\t\t\t\t\t\t\t\t\t\t\t\t\t\t\t\t\t\t\t\t\t\t\t\t\t\t\t\t\t\t\t\t\t\t\t<picture class=\"\">\n\t\t\t\t\t\t<source media=\"(min-width: 768px)\" class=\"\" srcset=\"https:\/\/ik.imagekit.io\/cvygf2xse\/jamesonwhiskey\/wp-content\/uploads\/2022\/01\/ECRM_BANNER_DESKTOP.jpg?tr=q-80,w-1024 1024w, https:\/\/ik.imagekit.io\/cvygf2xse\/jamesonwhiskey\/wp-content\/uploads\/2022\/01\/ECRM_BANNER_DESKTOP.jpg?tr=q-80,w-768 768w, https:\/\/ik.imagekit.io\/cvygf2xse\/jamesonwhiskey\/wp-content\/uploads\/2022\/01\/ECRM_BANNER_DESKTOP.jpg?tr=q-80,w-500 500w, https:\/\/ik.imagekit.io\/cvygf2xse\/jamesonwhiskey\/wp-content\/uploads\/2022\/01\/ECRM_BANNER_DESKTOP.jpg?tr=q-80,w-420 420w, https:\/\/ik.imagekit.io\/cvygf2xse\/jamesonwhiskey\/wp-content\/uploads\/2022\/01\/ECRM_BANNER_DESKTOP.jpg?tr=q-80,w-400 400w, https:\/\/ik.imagekit.io\/cvygf2xse\/jamesonwhiskey\/wp-content\/uploads\/2022\/01\/ECRM_BANNER_DESKTOP.jpg?tr=q-80,w-375 375w, https:\/\/ik.imagekit.io\/cvygf2xse\/jamesonwhiskey\/wp-content\/uploads\/2022\/01\/ECRM_BANNER_DESKTOP.jpg?tr=q-80,w-360 360w, https:\/\/ik.imagekit.io\/cvygf2xse\/jamesonwhiskey\/wp-content\/uploads\/2022\/01\/ECRM_BANNER_DESKTOP.jpg?tr=q-80,w-320 320w, https:\/\/ik.imagekit.io\/cvygf2xse\/jamesonwhiskey\/wp-content\/uploads\/2022\/01\/ECRM_BANNER_DESKTOP.jpg?tr=q-80,w-300 300w, https:\/\/ik.imagekit.io\/cvygf2xse\/jamesonwhiskey\/wp-content\/uploads\/2022\/01\/ECRM_BANNER_DESKTOP.jpg?tr=q-80,w-275 275w, https:\/\/ik.imagekit.io\/cvygf2xse\/jamesonwhiskey\/wp-content\/uploads\/2022\/01\/ECRM_BANNER_DESKTOP.jpg?tr=q-80,w-200 200w, https:\/\/ik.imagekit.io\/cvygf2xse\/jamesonwhiskey\/wp-content\/uploads\/2022\/01\/ECRM_BANNER_DESKTOP.jpg?tr=q-80,w-100 100w, \" sizes=\"(min-width: 1440px) 100vw, (min-width: 1024px) 1024px, (min-width: 768px) 768px\">\n\t\t\t\t\t\t<source class=\"\" srcset=\"https:\/\/ik.imagekit.io\/cvygf2xse\/jamesonwhiskey\/wp-content\/uploads\/2023\/02\/ECRM_BANNER_MOBILE-285x300-1.png?tr=q-80,w-275 275w, https:\/\/ik.imagekit.io\/cvygf2xse\/jamesonwhiskey\/wp-content\/uploads\/2023\/02\/ECRM_BANNER_MOBILE-285x300-1.png?tr=q-80,w-200 200w, https:\/\/ik.imagekit.io\/cvygf2xse\/jamesonwhiskey\/wp-content\/uploads\/2023\/02\/ECRM_BANNER_MOBILE-285x300-1.png?tr=q-80,w-100 100w, \" sizes=\"(min-width: 768px) 768px, (min-width: 500px) 500px, 250px\">\n\t\t\t\t\t\t<img decoding=\"async\" loading=\"lazy\" class=\"\" src=\"https:\/\/ik.imagekit.io\/cvygf2xse\/jamesonwhiskey\/wp-content\/uploads\/2022\/01\/ECRM_BANNER_DESKTOP.jpg?tr=q-80,w-1200\" width=\"1200\" height=\"362\" alt=\"\" role=\"presentation\">\n\t\t\t\t\t<\/picture>\n\t\t\t\t\t\t\t<\/div>\n\n\t\t\t<div class=\"newsletter-banner__footer\"><\/div>\n\n\t\t\t<div class=\"newsletter-banner__text\">\n\t\t\t\t\n\n<div class=\"subheading \">\n        <div>\n        <svg width=\"40px\" height=\"2px\" viewBox=\"0 0 40 2\" version=\"1.1\" aria-hidden=\"true\" xmlns=\"http:\/\/www.w3.org\/2000\/svg\" xmlns:xlink=\"http:\/\/www.w3.org\/1999\/xlink\">\n            <g stroke=\"none\" stroke-width=\"2\" fill=\"none\" fill-rule=\"evenodd\">\n                <g transform=\"translate(-20.000000, -916.000000)\" fill=\"#FFF\">\n                    <g transform=\"translate(20.000000, 904.000000)\">\n                        <g>\n                            <rect x=\"0\" y=\"12\" width=\"40\" height=\"2\"><\/rect>\n                        <\/g>\n                    <\/g>\n                <\/g>\n            <\/g>\n        <\/svg>\n    <\/div>\n    \n    <span class=\"h6\">Newsletter  <\/span>\n<\/div>\n\n\t\t\t\t<h3 class=\"h1\">\n\t\t\t\t\t<span>Iscriviti per ricevere<\/span>\n\t\t\t\t\t\t\t\t\t\t\t<br>\n\t\t\t\t\t\t<span>notizie e inviti esclusivi<\/span>\n\t\t\t\t\t\t\t\t\t<\/h3>\n\t\t\t<\/div>\n\n\t\t\t\t\t\t\t\t\t\t\t\t\t\t\t\t\t\t\t\t\t\n\t\t\t<div class=\"newsletter-banner__button\">\n\t\t\t\n\t\t\t\t\t\t\t\t\t<a\n\t\t\t\t\t\thref=\" https:\/\/www.jamesonwhiskey.com\/it-it\/jclub\/ \"\t\t\t\t\t\tclass=\"btn--primary\"\n\t\t\t\t\t\t\t\t\t\t\t\t\t\t\t\t\t>\n\t\t\t\t\t\tIscriviti\n\t\t\t\t\t<\/a>\n\t\t\t\t\t\t\t<\/div>\n\t\t\t<div class=\"newsletter-banner__bottle\">\n\t\t\t\t\t\t\t\t\t\t\t\t\t\t\t\t\t\t\t\t\t\t\t\t<img decoding=\"async\" src=\"https:\/\/ik.imagekit.io\/cvygf2xse\/jamesonwhiskey\/wp-content\/uploads\/2023\/02\/Jameson_image-964x418-1-130x300-1.png?tr=q-80,w-130\" class=\"img-fluid\" alt=\"\" role=\"presentation\" width=\"418\" height=\"964\" loading=\"lazy\">\n\t\t\t\t\t\t\t<\/div>\n\t\t<\/div>\n\t<\/section>\n","protected":false},"excerpt":{"rendered":"","protected":false},"author":105,"featured_media":590362,"parent":304714,"menu_order":0,"comment_status":"closed","ping_status":"closed","template":"","meta":{"_acf_changed":false,"_seopress_robots_primary_cat":"","_seopress_titles_title":"Curiosit\u00e0 d'Irlanda: whiskey e tradizioni | Jameson Irish Whiskey","_seopress_titles_desc":"I simboli dell'Irlanda e le tradizioni irlandesi: quale posto migliore per scoprirle se non con un bicchiere di whiskey in mano, durante una festa irlandese?","_seopress_robots_index":"","inline_featured_image":false,"footnotes":""},"categories":[],"tags":[],"our-world-category":[],"class_list":["post-2575774","page","type-page","status-publish","has-post-thumbnail","hentry"],"acf":[],"_links":{"self":[{"href":"https:\/\/www.jamesonwhiskey.com\/it-it\/wp-json\/wp\/v2\/pages\/2575774","targetHints":{"allow":["GET"]}}],"collection":[{"href":"https:\/\/www.jamesonwhiskey.com\/it-it\/wp-json\/wp\/v2\/pages"}],"about":[{"href":"https:\/\/www.jamesonwhiskey.com\/it-it\/wp-json\/wp\/v2\/types\/page"}],"author":[{"embeddable":true,"href":"https:\/\/www.jamesonwhiskey.com\/it-it\/wp-json\/wp\/v2\/users\/105"}],"replies":[{"embeddable":true,"href":"https:\/\/www.jamesonwhiskey.com\/it-it\/wp-json\/wp\/v2\/comments?post=2575774"}],"version-history":[{"count":0,"href":"https:\/\/www.jamesonwhiskey.com\/it-it\/wp-json\/wp\/v2\/pages\/2575774\/revisions"}],"up":[{"embeddable":true,"href":"https:\/\/www.jamesonwhiskey.com\/it-it\/wp-json\/wp\/v2\/pages\/304714"}],"wp:featuredmedia":[{"embeddable":true,"href":"https:\/\/www.jamesonwhiskey.com\/it-it\/wp-json\/wp\/v2\/media\/590362"}],"wp:attachment":[{"href":"https:\/\/www.jamesonwhiskey.com\/it-it\/wp-json\/wp\/v2\/media?parent=2575774"}],"wp:term":[{"taxonomy":"category","embeddable":true,"href":"https:\/\/www.jamesonwhiskey.com\/it-it\/wp-json\/wp\/v2\/categories?post=2575774"},{"taxonomy":"post_tag","embeddable":true,"href":"https:\/\/www.jamesonwhiskey.com\/it-it\/wp-json\/wp\/v2\/tags?post=2575774"},{"taxonomy":"our-world-category","embeddable":true,"href":"https:\/\/www.jamesonwhiskey.com\/it-it\/wp-json\/wp\/v2\/our-world-category?post=2575774"}],"curies":[{"name":"wp","href":"https:\/\/api.w.org\/{rel}","templated":true}]}}