{"id":2581763,"date":"2023-10-11T12:12:10","date_gmt":"2023-10-11T12:12:10","guid":{"rendered":"https:\/\/www.jamesonwhiskey.com\/?page_id=2581763"},"modified":"2023-10-23T08:59:58","modified_gmt":"2023-10-23T08:59:58","slug":"cose-da-vedere-irlanda","status":"publish","type":"page","link":"https:\/\/www.jamesonwhiskey.com\/it-it\/whiskey-istruzioni-per-uso\/cose-da-vedere-irlanda\/","title":{"rendered":"In viaggio: luoghi e cose da vedere in Irlanda"},"content":{"rendered":"\t<section id=\"block_8d9cdb0476f40e4ac69875ab28600a4b\" class=\"hero hero-halfscreen hero-halfscreen--filter hero-halfscreen--filter-opacity lazy\" data-assetkey=\"hero-halfscreen\" data-colour_filter='opacity' data-colour_filter_opacity='75'>\n\t\t\n\t<div class=\"hero-halfscreen__img_content\">\n\t\t\t\t\t<div class=\"hero-halfscreen__img_content-breadcrumbs\">\n\t\t\t\t\t\t\t\t\t            \n\t\t\t\t\t\t\t<\/div>\n\t\t\n\t\t\t\t\t\t\t\t\t\t\n\n\t\t\t\t\t\t\n\t\t<picture class=\"hero-halfscreen__picture\">\n\t\t\t<source media=\"(min-width: 768px)\" class=\"hero-halfscreen__source hero-halfscreen__source--desktop\" srcset=\"https:\/\/ik.imagekit.io\/cvygf2xse\/jamesonwhiskey\/wp-content\/uploads\/2023\/09\/IDL-Imagery-Resize_960x730_0007_Jameson-BB-Tumblers.jpg?tr=q-80,w-768 768w, https:\/\/ik.imagekit.io\/cvygf2xse\/jamesonwhiskey\/wp-content\/uploads\/2023\/09\/IDL-Imagery-Resize_960x730_0007_Jameson-BB-Tumblers.jpg?tr=q-80,w-500 500w, https:\/\/ik.imagekit.io\/cvygf2xse\/jamesonwhiskey\/wp-content\/uploads\/2023\/09\/IDL-Imagery-Resize_960x730_0007_Jameson-BB-Tumblers.jpg?tr=q-80,w-420 420w, https:\/\/ik.imagekit.io\/cvygf2xse\/jamesonwhiskey\/wp-content\/uploads\/2023\/09\/IDL-Imagery-Resize_960x730_0007_Jameson-BB-Tumblers.jpg?tr=q-80,w-400 400w, https:\/\/ik.imagekit.io\/cvygf2xse\/jamesonwhiskey\/wp-content\/uploads\/2023\/09\/IDL-Imagery-Resize_960x730_0007_Jameson-BB-Tumblers.jpg?tr=q-80,w-375 375w, https:\/\/ik.imagekit.io\/cvygf2xse\/jamesonwhiskey\/wp-content\/uploads\/2023\/09\/IDL-Imagery-Resize_960x730_0007_Jameson-BB-Tumblers.jpg?tr=q-80,w-360 360w, https:\/\/ik.imagekit.io\/cvygf2xse\/jamesonwhiskey\/wp-content\/uploads\/2023\/09\/IDL-Imagery-Resize_960x730_0007_Jameson-BB-Tumblers.jpg?tr=q-80,w-320 320w, https:\/\/ik.imagekit.io\/cvygf2xse\/jamesonwhiskey\/wp-content\/uploads\/2023\/09\/IDL-Imagery-Resize_960x730_0007_Jameson-BB-Tumblers.jpg?tr=q-80,w-300 300w, https:\/\/ik.imagekit.io\/cvygf2xse\/jamesonwhiskey\/wp-content\/uploads\/2023\/09\/IDL-Imagery-Resize_960x730_0007_Jameson-BB-Tumblers.jpg?tr=q-80,w-275 275w, https:\/\/ik.imagekit.io\/cvygf2xse\/jamesonwhiskey\/wp-content\/uploads\/2023\/09\/IDL-Imagery-Resize_960x730_0007_Jameson-BB-Tumblers.jpg?tr=q-80,w-200 200w, https:\/\/ik.imagekit.io\/cvygf2xse\/jamesonwhiskey\/wp-content\/uploads\/2023\/09\/IDL-Imagery-Resize_960x730_0007_Jameson-BB-Tumblers.jpg?tr=q-80,w-100 100w, \" sizes=\"(min-width: 1440px) 100vw, (min-width: 1024px) 1024px, (min-width: 768px) 768px\">\n\t\t\t<source class=\"hero-halfscreen__source hero-halfscreen__source--mobile\" srcset=\"\" sizes=\"(min-width: 768px) 768px, (min-width: 500px) 500px, 250px\">\n\t\t\t<img loading=\"lazy\" decoding=\"async\" class=\"hero-halfscreen__image\" src=\"https:\/\/ik.imagekit.io\/cvygf2xse\/jamesonwhiskey\/wp-content\/uploads\/2023\/09\/IDL-Imagery-Resize_960x730_0007_Jameson-BB-Tumblers.jpg?tr=q-80,w-960\" width=\"960\" height=\"730\" alt=\"\" role=\"presentation\">\n\t\t<\/picture>\n\t<\/div>\n\n\t<div\n\t\tclass=\"hero-halfscreen__content\" data-background=\"\">\n\t\t\t\t\t\t\t\t\n\t\t\n\t\t<h1 class=\"h1\">In viaggio: luoghi e cose da vedere in Irlanda<\/h1>\n\n\t\t\t\t\t<div class=\"hero-halfscreen__content-intro wysiwyg\">\n\t\t\t\t<p>Se stai cercando una destinazione di viaggio diversa dal solito, <strong>l&#8217;Irlanda<\/strong> potrebbe essere la risposta ai tuoi desideri. Non \u00e8 solo la terra di pub accoglienti e paesaggi verdi: \u00e8 un luogo ricco di storia, cultura e panorami naturali che tolgono il fiato. In questo articolo, esploreremo le <strong>cose da vedere in Irlanda<\/strong>, dai <strong>luoghi misteriosi<\/strong> alle attrazioni in Irlanda che non puoi assolutamente perdere. Ma non \u00e8 tutto: se sei un appassionato di <a href=\"https:\/\/www.jamesonwhiskey.com\/it-it\/our-history\/\">whiskey e della sua storia<\/a>, preparati a scoprire anche un tour attraverso le <strong>distillerie irlandesi<\/strong>, per arricchire la tua esperienza di viaggio.<\/p>\n\n\t\t\t<\/div>\n\t\t\n\t\t\t\t\t\t\t\t\n\t\t\t\t\t\t\t\t\t\t\t\t\n\n\t\t\t\n\t\t\t<\/div>\n<\/section>\n\n\n\n<a name=\"_ingredients\" class=\"anchor__name\"><\/a><section id=\"block_c4fde83e7a281bd1c3f28541ce80110a\" class=\"content-two-column lazy full-width content-two-column--template-default content-two-column--orientation-default content-two-column--bg-light content-two-column--bg-img-default content-two-column--bg-img-color-none \" style=\"--bgImageColourFilter: 90%\" data-assetkey=\"content-two-column\">\n    <div class=\"content-two-column__wrapper\">\n        <div class=\"content-two-column__text\">\n            \n                        <div class=\"content-two-column__heading\">\n                                    <h2 class=\"h1\">Un viaggio in Irlanda: cosa vedere e visitare<\/h2>\n                            <\/div>\n\n            \n            <div class=\"content-two-column__content wysiwyg\">\n                <p>L&#8217;Irlanda \u00e8 una meta che vale la pena scoprire in ogni stagione, ma se vuoi evitare la pioggia (almeno un po&#8217;), ti suggeriamo di <strong>visitarla tra marzo e settembre. Ma quali cose vedere in Irlanda<\/strong>?<br \/>\nPer iniziare, <strong>Dublino<\/strong> \u00e8 una miscela vivace di storia e modernit\u00e0. Non perderti il <strong>Trinity College<\/strong> e il <strong>Newgrange<\/strong>, uno dei <strong>monumenti pi\u00f9 importanti dell&#8217;Irlanda. Cork<\/strong>, la seconda citt\u00e0 pi\u00f9 grande del paese, \u00e8 famosa per la sua atmosfera boh\u00e9mien, il mercato alimentare coperto English Market e, naturalmente, la Blarney Stone. Vicino potrai visitare il <strong>porto di Cobh<\/strong>, l&#8217;ultimo porto di scalo del Titanic.<br \/>\nSe sei un appassionato di storia medievale, inoltre, la citt\u00e0 di <strong>Kilkenny<\/strong> \u00e8 famosa per il suo castello e la cattedrale, \u00e8 anche un luogo ideale per esplorare stradine acciottolate e pub affascinanti.<br \/>\nPer un tuffo nella cultura tradizionale irlandese <strong>Galway<\/strong> \u00e8 il punto di partenza ideale per esplorare le <strong>Isole Aran<\/strong> e la regione del <strong>Connemara<\/strong>. Ed infine, perch\u00e9 non fare una tappa a <strong>Belfast<\/strong>? Questa citt\u00e0 \u00e8 non solo la capitale dell&#8217;Irlanda del Nord, ma \u00e8 anche ricca di storia industriale e politica.<\/p>\n\n            <\/div>\n\n            \n        <\/div>\n\n        <div class=\"content-two-column__media\">\n                                                                                                                                                                        <picture class=\"content-two-column__picture\">\n                        <source class=\"content-two-column__source\" srcset=\"https:\/\/ik.imagekit.io\/cvygf2xse\/jamesonwhiskey\/wp-content\/uploads\/2023\/09\/Untitled-design-2023-09-07T153621.342.png?tr=q-80,w-768 768w, https:\/\/ik.imagekit.io\/cvygf2xse\/jamesonwhiskey\/wp-content\/uploads\/2023\/09\/Untitled-design-2023-09-07T153621.342.png?tr=q-80,w-500 500w, https:\/\/ik.imagekit.io\/cvygf2xse\/jamesonwhiskey\/wp-content\/uploads\/2023\/09\/Untitled-design-2023-09-07T153621.342.png?tr=q-80,w-420 420w, https:\/\/ik.imagekit.io\/cvygf2xse\/jamesonwhiskey\/wp-content\/uploads\/2023\/09\/Untitled-design-2023-09-07T153621.342.png?tr=q-80,w-400 400w, https:\/\/ik.imagekit.io\/cvygf2xse\/jamesonwhiskey\/wp-content\/uploads\/2023\/09\/Untitled-design-2023-09-07T153621.342.png?tr=q-80,w-375 375w, https:\/\/ik.imagekit.io\/cvygf2xse\/jamesonwhiskey\/wp-content\/uploads\/2023\/09\/Untitled-design-2023-09-07T153621.342.png?tr=q-80,w-360 360w, https:\/\/ik.imagekit.io\/cvygf2xse\/jamesonwhiskey\/wp-content\/uploads\/2023\/09\/Untitled-design-2023-09-07T153621.342.png?tr=q-80,w-320 320w, https:\/\/ik.imagekit.io\/cvygf2xse\/jamesonwhiskey\/wp-content\/uploads\/2023\/09\/Untitled-design-2023-09-07T153621.342.png?tr=q-80,w-300 300w, https:\/\/ik.imagekit.io\/cvygf2xse\/jamesonwhiskey\/wp-content\/uploads\/2023\/09\/Untitled-design-2023-09-07T153621.342.png?tr=q-80,w-275 275w, https:\/\/ik.imagekit.io\/cvygf2xse\/jamesonwhiskey\/wp-content\/uploads\/2023\/09\/Untitled-design-2023-09-07T153621.342.png?tr=q-80,w-200 200w, https:\/\/ik.imagekit.io\/cvygf2xse\/jamesonwhiskey\/wp-content\/uploads\/2023\/09\/Untitled-design-2023-09-07T153621.342.png?tr=q-80,w-100 100w, \" sizes=\"(min-width: 1024px) 100vw, (min-width: 768px) 768px, (min-width: 414px) 500px, 250px\">\n                        <img fetchpriority=\"high\" decoding=\"async\" loading=\"eager\" class=\"content-two-column__image\" src=\"https:\/\/ik.imagekit.io\/cvygf2xse\/jamesonwhiskey\/wp-content\/uploads\/2023\/09\/Untitled-design-2023-09-07T153621.342.png?tr=q-80,w-950\" width=\"950\" height=\"950\" alt=\"\">\n                    <\/picture>\n                                    <\/div>\n    <\/div>\n\n    \n    \n    <\/section>\n\n\n<a name=\"_ingredients\" class=\"anchor__name\"><\/a>\n<section id=\"block_cb1731d1c90e53dd4eda234bf3b7aa54\"\n         class=\"content-one-column content-one-column--bg-dark full-width lazy\n        \n        \n        \" data-assetkey=\"content-one-column\">\n    <div class=\"content-one-column__content\">\n        \n                <div class=\"content-one-column__heading\">\n                            <h2 class=\"h1\">Irlanda: posti magici e misteriosi da visitare<\/h2>\n                    <\/div>\n\n        \n                                                            <div class=\"content-one-column__text wysiwyg align_left_on_desktop\">\n                    <p>Se sei un fan del fantastico e del misterioso, l&#8217;Irlanda \u00e8 un tesoro di luoghi che sembrano usciti da una favola o, in alcuni casi, direttamente da una serie televisiva. Parliamo, ad esempio, del &#8220;Trono di Spade&#8221;. Diversi <strong>luoghi misteriosi in Irlanda<\/strong> sono stati utilizzati come location per questa serie. <strong>Dark Hedges<\/strong>, con i suoi alberi contorti che formano un tunnel naturale, \u00e8 stato il set di The Kingsroad. Poi c&#8217;\u00e8 il Castello Nero e la Barriera, riprodotti in tutto il loro gelido splendore al <strong>Castello Black<\/strong> e nella vicina <strong>foresta di Tollymore<\/strong>.<br \/>\nMa l&#8217;Irlanda ha anche la sua quota di magia che non troverai in TV. Prendi la <strong>Giant&#8217;s Causeway<\/strong>, con le sue colonne di basalto che sembrano le scalinate di un castello per giganti. O il <strong>Ring of Kerry<\/strong>, dove i paesaggi offrono una vista che ti far\u00e0 chiedere se sei ancora nel mondo reale. E non dimenticare le leggende che avvolgono luoghi come il <strong>Lago di Glendalough<\/strong> o la <strong>Collina di Tara<\/strong>, antico seggio dei Re d&#8217;Irlanda.<\/p>\n\n                <\/div>\n                        <\/div>\n\n    <\/section>\n\n\n\n<a name=\"_ingredients\" class=\"anchor__name\"><\/a><section id=\"block_a34a5e7ddb7fed615f0bd7335c7ecc91\" class=\"content-two-column lazy full-width content-two-column--template-default content-two-column--orientation-default content-two-column--bg-light content-two-column--bg-img-default content-two-column--bg-img-color-none \" style=\"--bgImageColourFilter: 90%\" data-assetkey=\"content-two-column\">\n    <div class=\"content-two-column__wrapper\">\n        <div class=\"content-two-column__text\">\n            \n                        <div class=\"content-two-column__heading\">\n                                    <h2 class=\"h1\">Le principali attrazioni turistiche dell&#8217;Irlanda<\/h2>\n                            <\/div>\n\n            \n            <div class=\"content-two-column__content wysiwyg\">\n                <p>\u00c8 tempo di immergerti <strong>negli eventi e nelle attrazioni in Irlanda<\/strong> che catturano l&#8217;essenza di questo paese affascinante.<br \/>\nNel sud, il Rock of Cashel \u00e8 uno dei <strong>monumenti pi\u00f9 importanti dell&#8217;Irlanda<\/strong>, con una storia che risale ai tempi di San Patrizio. Se vieni in marzo, la <strong>festa di San Patrizio<\/strong> \u00e8 un&#8217;esperienza che non dimenticherai facilmente, specialmente se partecipi ai festeggiamenti a Dublino.<br \/>\nSe ti piace l&#8217;arte, il <strong>Museo d&#8217;Arte Moderna Irlandese<\/strong> a Dublino \u00e8 un must, mentre per i fan della letteratura, una visita alla <strong>casa di James Joyce<\/strong> o al <strong>museo dedicato a W.B. Yeats<\/strong> pu\u00f2 essere una piacevole immersione nel patrimonio letterario irlandese.<br \/>\nE, infine, se vuoi un&#8217;esperienza realmente autentica, le distillerie irlandesi sono sempre l\u00ec ad aspettarti. Che tu sia un neofita o un vero intenditore di <strong>whiskey<\/strong>, un <a href=\"https:\/\/www.jamesonwhiskey.com\/it-it\/visit-our-distilleries\/\"><strong>tour di una distilleria come quella di Jameson<\/strong><\/a> \u00e8 un&#8217;esperienza da non perdere. Ti far\u00e0 scoprire i segreti della produzione e, ovviamente, concluder\u00e0 con una degustazione che ti far\u00e0 apprezzare ancora di pi\u00f9 il <a href=\"https:\/\/www.jamesonwhiskey.com\/it-it\/our-whiskey\/jameson-irish-whiskey\/\"><strong>whiskey irlandese<\/strong><\/a>.<\/p>\n\n            <\/div>\n\n            \n        <\/div>\n\n        <div class=\"content-two-column__media\">\n                                                                                                                                                                        <picture class=\"content-two-column__picture\">\n                        <source class=\"content-two-column__source\" srcset=\"https:\/\/ik.imagekit.io\/cvygf2xse\/jamesonwhiskey\/wp-content\/uploads\/2023\/09\/MIDLETON-DISTILLERY-EXPERIENCE-960-X730.jpg?tr=q-80,w-768 768w, https:\/\/ik.imagekit.io\/cvygf2xse\/jamesonwhiskey\/wp-content\/uploads\/2023\/09\/MIDLETON-DISTILLERY-EXPERIENCE-960-X730.jpg?tr=q-80,w-500 500w, https:\/\/ik.imagekit.io\/cvygf2xse\/jamesonwhiskey\/wp-content\/uploads\/2023\/09\/MIDLETON-DISTILLERY-EXPERIENCE-960-X730.jpg?tr=q-80,w-420 420w, https:\/\/ik.imagekit.io\/cvygf2xse\/jamesonwhiskey\/wp-content\/uploads\/2023\/09\/MIDLETON-DISTILLERY-EXPERIENCE-960-X730.jpg?tr=q-80,w-400 400w, https:\/\/ik.imagekit.io\/cvygf2xse\/jamesonwhiskey\/wp-content\/uploads\/2023\/09\/MIDLETON-DISTILLERY-EXPERIENCE-960-X730.jpg?tr=q-80,w-375 375w, https:\/\/ik.imagekit.io\/cvygf2xse\/jamesonwhiskey\/wp-content\/uploads\/2023\/09\/MIDLETON-DISTILLERY-EXPERIENCE-960-X730.jpg?tr=q-80,w-360 360w, https:\/\/ik.imagekit.io\/cvygf2xse\/jamesonwhiskey\/wp-content\/uploads\/2023\/09\/MIDLETON-DISTILLERY-EXPERIENCE-960-X730.jpg?tr=q-80,w-320 320w, https:\/\/ik.imagekit.io\/cvygf2xse\/jamesonwhiskey\/wp-content\/uploads\/2023\/09\/MIDLETON-DISTILLERY-EXPERIENCE-960-X730.jpg?tr=q-80,w-300 300w, https:\/\/ik.imagekit.io\/cvygf2xse\/jamesonwhiskey\/wp-content\/uploads\/2023\/09\/MIDLETON-DISTILLERY-EXPERIENCE-960-X730.jpg?tr=q-80,w-275 275w, https:\/\/ik.imagekit.io\/cvygf2xse\/jamesonwhiskey\/wp-content\/uploads\/2023\/09\/MIDLETON-DISTILLERY-EXPERIENCE-960-X730.jpg?tr=q-80,w-200 200w, https:\/\/ik.imagekit.io\/cvygf2xse\/jamesonwhiskey\/wp-content\/uploads\/2023\/09\/MIDLETON-DISTILLERY-EXPERIENCE-960-X730.jpg?tr=q-80,w-100 100w, \" sizes=\"(min-width: 1024px) 100vw, (min-width: 768px) 768px, (min-width: 414px) 500px, 250px\">\n                        <img decoding=\"async\" loading=\"lazy\" class=\"content-two-column__image\" src=\"https:\/\/ik.imagekit.io\/cvygf2xse\/jamesonwhiskey\/wp-content\/uploads\/2023\/09\/MIDLETON-DISTILLERY-EXPERIENCE-960-X730.jpg?tr=q-80,w-960\" width=\"960\" height=\"730\" alt=\"\">\n                    <\/picture>\n                                    <\/div>\n    <\/div>\n\n    \n    \n    <\/section>\n\n\n\n<a name=\"_ingredients\" class=\"anchor__name\"><\/a><section id=\"block_36a97118e7401238242e962cf97cd17d\" class=\"content-two-column lazy full-width content-two-column--template-default content-two-column--orientation-default content-two-column--bg-dark content-two-column--bg-img-default content-two-column--bg-img-color-none \" style=\"--bgImageColourFilter: 90%\" data-assetkey=\"content-two-column\">\n    <div class=\"content-two-column__wrapper\">\n        <div class=\"content-two-column__text\">\n            \n                        <div class=\"content-two-column__heading\">\n                                    <h2 class=\"h1\">La bellezza naturalistica: pianure e laghi d&#8217;Irlanda da non perdere<\/h2>\n                            <\/div>\n\n            \n            <div class=\"content-two-column__content wysiwyg\">\n                <p>Una volta che hai assaporato la cultura urbana e l&#8217;energia delle citt\u00e0, \u00e8 tempo di indirizzare la tua bussola verso la <strong>natura incontaminata e i paesaggi mozzafiato d\u2019Irlanda<\/strong>. Tra le <strong>cose da fare e vedere in Irlanda<\/strong>, non puoi assolutamente perderti la visita ai <strong>laghi dell&#8217;Irlanda<\/strong>. Il <strong>Lago Corrib in Galway<\/strong> \u00e8 uno dei pi\u00f9 grandi laghi dell&#8217;isola e offre opportunit\u00e0 per la pesca, la vela e persino l&#8217;osservazione degli uccelli.<br \/>\nSe sei pi\u00f9 per le passeggiate solitarie o le escursioni, le <strong>pianure del Burren<\/strong> ti offriranno un paesaggio lunare di pietra calcarea, intervallato da rari tipi di flora. E gli amanti delle scogliere devono assolutamente visitare le <strong>Cliffs of Moher<\/strong>, uno dei luoghi pi\u00f9 iconici e fotografati d&#8217;Irlanda, ma questo sicuramente lo sapevi gi\u00e0.<br \/>\nInsomma, tra <strong>laghi, pianure e montagne<\/strong>, l&#8217;Irlanda offre una vasta gamma di <strong>cose da vedere e da fare<\/strong> che possono soddisfare qualsiasi amante della natura, con un <a href=\"https:\/\/www.jamesonwhiskey.com\/it-it\/cocktail-recipes\/\">cocktail con whiskey<\/a> in mano. Pronto a partire?<\/p>\n\n            <\/div>\n\n            \n        <\/div>\n\n        <div class=\"content-two-column__media\">\n                                                                                                                                                                        <picture class=\"content-two-column__picture\">\n                        <source class=\"content-two-column__source\" srcset=\"https:\/\/ik.imagekit.io\/cvygf2xse\/jamesonwhiskey\/wp-content\/uploads\/2023\/09\/Untitled-2_0002_Pic-3.jpg?tr=q-80,w-768 768w, https:\/\/ik.imagekit.io\/cvygf2xse\/jamesonwhiskey\/wp-content\/uploads\/2023\/09\/Untitled-2_0002_Pic-3.jpg?tr=q-80,w-500 500w, https:\/\/ik.imagekit.io\/cvygf2xse\/jamesonwhiskey\/wp-content\/uploads\/2023\/09\/Untitled-2_0002_Pic-3.jpg?tr=q-80,w-420 420w, https:\/\/ik.imagekit.io\/cvygf2xse\/jamesonwhiskey\/wp-content\/uploads\/2023\/09\/Untitled-2_0002_Pic-3.jpg?tr=q-80,w-400 400w, https:\/\/ik.imagekit.io\/cvygf2xse\/jamesonwhiskey\/wp-content\/uploads\/2023\/09\/Untitled-2_0002_Pic-3.jpg?tr=q-80,w-375 375w, https:\/\/ik.imagekit.io\/cvygf2xse\/jamesonwhiskey\/wp-content\/uploads\/2023\/09\/Untitled-2_0002_Pic-3.jpg?tr=q-80,w-360 360w, https:\/\/ik.imagekit.io\/cvygf2xse\/jamesonwhiskey\/wp-content\/uploads\/2023\/09\/Untitled-2_0002_Pic-3.jpg?tr=q-80,w-320 320w, https:\/\/ik.imagekit.io\/cvygf2xse\/jamesonwhiskey\/wp-content\/uploads\/2023\/09\/Untitled-2_0002_Pic-3.jpg?tr=q-80,w-300 300w, https:\/\/ik.imagekit.io\/cvygf2xse\/jamesonwhiskey\/wp-content\/uploads\/2023\/09\/Untitled-2_0002_Pic-3.jpg?tr=q-80,w-275 275w, https:\/\/ik.imagekit.io\/cvygf2xse\/jamesonwhiskey\/wp-content\/uploads\/2023\/09\/Untitled-2_0002_Pic-3.jpg?tr=q-80,w-200 200w, https:\/\/ik.imagekit.io\/cvygf2xse\/jamesonwhiskey\/wp-content\/uploads\/2023\/09\/Untitled-2_0002_Pic-3.jpg?tr=q-80,w-100 100w, \" sizes=\"(min-width: 1024px) 100vw, (min-width: 768px) 768px, (min-width: 414px) 500px, 250px\">\n                        <img decoding=\"async\" loading=\"lazy\" class=\"content-two-column__image\" src=\"https:\/\/ik.imagekit.io\/cvygf2xse\/jamesonwhiskey\/wp-content\/uploads\/2023\/09\/Untitled-2_0002_Pic-3.jpg?tr=q-80,w-960\" width=\"960\" height=\"730\" alt=\"\">\n                    <\/picture>\n                                    <\/div>\n    <\/div>\n\n    \n    \n    <\/section>\n\n\n\n<section id=\"block_f2fb1bc2d4f9154604b47a73ec539756\" class=\"newsletter-banner full-width lazy\" data-assetkey=\"newsletter-banner\">\n\t\t<div class=\"newsletter-banner__content\">\n\t\t\t<div class=\"newsletter-banner__bg\">\n\t\t\t\t\t\t\t\t\t\t\t\t\t\t\t\t\t\t\t\t\t\t\t\t\t\t\t\t\t\t\t\t\t\t\t\t\t\t\t\t\t\t\t\t\t\t\t\t\t\t\t\t\t\t<picture class=\"\">\n\t\t\t\t\t\t<source media=\"(min-width: 768px)\" class=\"\" srcset=\"https:\/\/ik.imagekit.io\/cvygf2xse\/jamesonwhiskey\/wp-content\/uploads\/2022\/01\/ECRM_BANNER_DESKTOP.jpg?tr=q-80,w-1024 1024w, https:\/\/ik.imagekit.io\/cvygf2xse\/jamesonwhiskey\/wp-content\/uploads\/2022\/01\/ECRM_BANNER_DESKTOP.jpg?tr=q-80,w-768 768w, https:\/\/ik.imagekit.io\/cvygf2xse\/jamesonwhiskey\/wp-content\/uploads\/2022\/01\/ECRM_BANNER_DESKTOP.jpg?tr=q-80,w-500 500w, https:\/\/ik.imagekit.io\/cvygf2xse\/jamesonwhiskey\/wp-content\/uploads\/2022\/01\/ECRM_BANNER_DESKTOP.jpg?tr=q-80,w-420 420w, https:\/\/ik.imagekit.io\/cvygf2xse\/jamesonwhiskey\/wp-content\/uploads\/2022\/01\/ECRM_BANNER_DESKTOP.jpg?tr=q-80,w-400 400w, https:\/\/ik.imagekit.io\/cvygf2xse\/jamesonwhiskey\/wp-content\/uploads\/2022\/01\/ECRM_BANNER_DESKTOP.jpg?tr=q-80,w-375 375w, https:\/\/ik.imagekit.io\/cvygf2xse\/jamesonwhiskey\/wp-content\/uploads\/2022\/01\/ECRM_BANNER_DESKTOP.jpg?tr=q-80,w-360 360w, https:\/\/ik.imagekit.io\/cvygf2xse\/jamesonwhiskey\/wp-content\/uploads\/2022\/01\/ECRM_BANNER_DESKTOP.jpg?tr=q-80,w-320 320w, https:\/\/ik.imagekit.io\/cvygf2xse\/jamesonwhiskey\/wp-content\/uploads\/2022\/01\/ECRM_BANNER_DESKTOP.jpg?tr=q-80,w-300 300w, https:\/\/ik.imagekit.io\/cvygf2xse\/jamesonwhiskey\/wp-content\/uploads\/2022\/01\/ECRM_BANNER_DESKTOP.jpg?tr=q-80,w-275 275w, https:\/\/ik.imagekit.io\/cvygf2xse\/jamesonwhiskey\/wp-content\/uploads\/2022\/01\/ECRM_BANNER_DESKTOP.jpg?tr=q-80,w-200 200w, https:\/\/ik.imagekit.io\/cvygf2xse\/jamesonwhiskey\/wp-content\/uploads\/2022\/01\/ECRM_BANNER_DESKTOP.jpg?tr=q-80,w-100 100w, \" sizes=\"(min-width: 1440px) 100vw, (min-width: 1024px) 1024px, (min-width: 768px) 768px\">\n\t\t\t\t\t\t<source class=\"\" srcset=\"https:\/\/ik.imagekit.io\/cvygf2xse\/jamesonwhiskey\/wp-content\/uploads\/2023\/02\/ECRM_BANNER_MOBILE-285x300-1.png?tr=q-80,w-275 275w, https:\/\/ik.imagekit.io\/cvygf2xse\/jamesonwhiskey\/wp-content\/uploads\/2023\/02\/ECRM_BANNER_MOBILE-285x300-1.png?tr=q-80,w-200 200w, https:\/\/ik.imagekit.io\/cvygf2xse\/jamesonwhiskey\/wp-content\/uploads\/2023\/02\/ECRM_BANNER_MOBILE-285x300-1.png?tr=q-80,w-100 100w, \" sizes=\"(min-width: 768px) 768px, (min-width: 500px) 500px, 250px\">\n\t\t\t\t\t\t<img decoding=\"async\" loading=\"lazy\" class=\"\" src=\"https:\/\/ik.imagekit.io\/cvygf2xse\/jamesonwhiskey\/wp-content\/uploads\/2022\/01\/ECRM_BANNER_DESKTOP.jpg?tr=q-80,w-1200\" width=\"1200\" height=\"362\" alt=\"\" role=\"presentation\">\n\t\t\t\t\t<\/picture>\n\t\t\t\t\t\t\t<\/div>\n\n\t\t\t<div class=\"newsletter-banner__footer\"><\/div>\n\n\t\t\t<div class=\"newsletter-banner__text\">\n\t\t\t\t\n\n<div class=\"subheading \">\n        <div>\n        <svg width=\"40px\" height=\"2px\" viewBox=\"0 0 40 2\" version=\"1.1\" aria-hidden=\"true\" xmlns=\"http:\/\/www.w3.org\/2000\/svg\" xmlns:xlink=\"http:\/\/www.w3.org\/1999\/xlink\">\n            <g stroke=\"none\" stroke-width=\"2\" fill=\"none\" fill-rule=\"evenodd\">\n                <g transform=\"translate(-20.000000, -916.000000)\" fill=\"#FFF\">\n                    <g transform=\"translate(20.000000, 904.000000)\">\n                        <g>\n                            <rect x=\"0\" y=\"12\" width=\"40\" height=\"2\"><\/rect>\n                        <\/g>\n                    <\/g>\n                <\/g>\n            <\/g>\n        <\/svg>\n    <\/div>\n    \n    <span class=\"h6\">Newsletter  <\/span>\n<\/div>\n\n\t\t\t\t<h2 class=\"h1\">\n\t\t\t\t\t<span>Iscriviti per ricevere<\/span>\n\t\t\t\t\t\t\t\t\t\t\t<br>\n\t\t\t\t\t\t<span>notizie e inviti esclusivi<\/span>\n\t\t\t\t\t\t\t\t\t<\/h2>\n\t\t\t<\/div>\n\n\t\t\t\t\t\t\t\t\t\t\t\t\t\t\t\t\t\t\t\t\t\n\t\t\t<div class=\"newsletter-banner__button\">\n\t\t\t\n\t\t\t\t\t\t\t\t\t<a\n\t\t\t\t\t\thref=\" https:\/\/www.jamesonwhiskey.com\/it-it\/jclub\/ \"\t\t\t\t\t\tclass=\"btn--primary\"\n\t\t\t\t\t\t\t\t\t\t\t\t\t\t\t\t\t>\n\t\t\t\t\t\tIscriviti\n\t\t\t\t\t<\/a>\n\t\t\t\t\t\t\t<\/div>\n\t\t\t<div class=\"newsletter-banner__bottle\">\n\t\t\t\t\t\t\t\t\t\t\t\t\t\t\t\t\t\t\t\t\t\t\t\t<img decoding=\"async\" src=\"https:\/\/ik.imagekit.io\/cvygf2xse\/jamesonwhiskey\/wp-content\/uploads\/2023\/02\/Jameson_image-964x418-1-130x300-1.png?tr=q-80,w-130\" class=\"img-fluid\" alt=\"\" role=\"presentation\" width=\"418\" height=\"964\" loading=\"lazy\">\n\t\t\t\t\t\t\t<\/div>\n\t\t<\/div>\n\t<\/section>\n","protected":false},"excerpt":{"rendered":"","protected":false},"author":105,"featured_media":2573459,"parent":304714,"menu_order":0,"comment_status":"closed","ping_status":"closed","template":"","meta":{"_acf_changed":false,"_seopress_robots_primary_cat":"","_seopress_titles_title":"Luoghi e cose da vedere in Irlanda | Jameson Irish Whiskey","_seopress_titles_desc":"Un tuffo in Irlanda: cosa vedere e visitare, i monumenti pi\u00f9 importanti dell&#039;Irlanda e tutto quello che non devi perderti tra Dublino e dintorni.","_seopress_robots_index":"","inline_featured_image":false,"footnotes":""},"categories":[],"tags":[],"our-world-category":[],"class_list":["post-2581763","page","type-page","status-publish","has-post-thumbnail","hentry"],"acf":[],"_links":{"self":[{"href":"https:\/\/www.jamesonwhiskey.com\/it-it\/wp-json\/wp\/v2\/pages\/2581763","targetHints":{"allow":["GET"]}}],"collection":[{"href":"https:\/\/www.jamesonwhiskey.com\/it-it\/wp-json\/wp\/v2\/pages"}],"about":[{"href":"https:\/\/www.jamesonwhiskey.com\/it-it\/wp-json\/wp\/v2\/types\/page"}],"author":[{"embeddable":true,"href":"https:\/\/www.jamesonwhiskey.com\/it-it\/wp-json\/wp\/v2\/users\/105"}],"replies":[{"embeddable":true,"href":"https:\/\/www.jamesonwhiskey.com\/it-it\/wp-json\/wp\/v2\/comments?post=2581763"}],"version-history":[{"count":0,"href":"https:\/\/www.jamesonwhiskey.com\/it-it\/wp-json\/wp\/v2\/pages\/2581763\/revisions"}],"up":[{"embeddable":true,"href":"https:\/\/www.jamesonwhiskey.com\/it-it\/wp-json\/wp\/v2\/pages\/304714"}],"wp:featuredmedia":[{"embeddable":true,"href":"https:\/\/www.jamesonwhiskey.com\/it-it\/wp-json\/wp\/v2\/media\/2573459"}],"wp:attachment":[{"href":"https:\/\/www.jamesonwhiskey.com\/it-it\/wp-json\/wp\/v2\/media?parent=2581763"}],"wp:term":[{"taxonomy":"category","embeddable":true,"href":"https:\/\/www.jamesonwhiskey.com\/it-it\/wp-json\/wp\/v2\/categories?post=2581763"},{"taxonomy":"post_tag","embeddable":true,"href":"https:\/\/www.jamesonwhiskey.com\/it-it\/wp-json\/wp\/v2\/tags?post=2581763"},{"taxonomy":"our-world-category","embeddable":true,"href":"https:\/\/www.jamesonwhiskey.com\/it-it\/wp-json\/wp\/v2\/our-world-category?post=2581763"}],"curies":[{"name":"wp","href":"https:\/\/api.w.org\/{rel}","templated":true}]}}