{"id":341220,"date":"2023-02-28T14:43:10","date_gmt":"2023-02-28T14:43:10","guid":{"rendered":"https:\/\/live-jameson.pantheonsite.io\/?page_id=341220"},"modified":"2023-03-07T15:55:10","modified_gmt":"2023-03-07T15:55:10","slug":"jameson-speed-round-regolamento","status":"publish","type":"page","link":"https:\/\/www.jamesonwhiskey.com\/it-it\/jameson-speed-round-regolamento\/","title":{"rendered":"jameson speed round regolamento"},"content":{"rendered":"<section id=\"block_51f5d895a6baf2444a0bd1e2d32ecd94\" class=\"hosts-text full-width lazy\" data-assetkey=\"hosts-text\">\n    <div class=\"hosts-text__wrapper\">\n        <div class=\"hosts-text__title\">\n            <h2 class=\"h1\">REGOLAMENTO (IG 11\/23)<\/h2>\n                    <\/div>\n\n        <p>del concorso a premi promosso da PERNOD RICARD ITALIA S.p.A. (di seguito la \u201cSociet\u00e0 Promotrice\u201d) con sede legale in Via De Castillia 23 &#8211; 20124 Milano &#8211; Codice Fiscale e Partita IVA 00867250151, denominato \u201cJAMESON SPEED ROUND\u201d (di seguito il \u201cConcorso\u201d)<\/p>\n<p><strong>SOGGETTO DELEGATO:<\/strong><br \/>\nDM GROUP S.r.l. \u2013 Piazza Carlo Emanuele II, 13 \u2013 10123 Torino \u2013 Codice fiscale e Partita IVA 06550740010.<\/p>\n<p><strong>AREA:<\/strong><br \/>\nIntero territorio nazionale italiano e Repubblica di San Marino.<\/p>\n<p><strong>PERIODO:<\/strong><br \/>\nPeriodo di registrazione al concorso dal 08.03.2023 al 25.04.2023<br \/>\nSelezione online: entro il 27.04.2023<br \/>\nPrime selezioni live dal 08.05.2023 al 15.05.2023<br \/>\nSelezione live finale il 12.06.2023.<\/p>\n<p><strong>PRODOTTI PROMOZIONATI:<\/strong><br \/>\nTutti i prodotti Jameson<\/p>\n<p><strong>DESTINATARI:<\/strong><br \/>\nBartender donne, maggiorenni al momento della partecipazione e residenti e\/o domiciliate in Italia o nella Repubblica di San Marino.<\/p>\n<p>Si precisa che sono esclusi dalla partecipazione al Concorso:<br \/>\n&#8211; le dipendenti della Societ\u00e0 Promotrice e i loro parenti diretti<br \/>\n&#8211; le dipendenti delle societ\u00e0 collegate<\/p>\n<p><strong>MECCANICA:<\/strong><br \/>\nIscrizioni online<br \/>\nNel periodo dal 08.03.2023 al 25.04.2023, la Societ\u00e0 promotrice inviter\u00e0 in varie forme le suddette destinatarie a visitare il sito https:\/\/www.jamesonwhiskey.com\/it-it\/jameson-speed-round ed effettuare l\u2019iscrizione al concorso, compilando l\u2019apposito form di registrazione (si precisa che l\u2019iscrizione \u00e8 gratuita).<br \/>\nUna volta effettuata l\u2019iscrizione, la Bartender dovr\u00e0 caricare la ricetta (espressa in ml) e la fotografia di un drink realizzato con i prodotti Jameson e indicare la localit\u00e0 della selezione live a cui vorr\u00e0 partecipare nel caso venisse selezionata con la selezione online.<\/p>\n<p>La ricetta caricata per essere ritenuta valida dovr\u00e0 rispettare i seguenti criteri:<br \/>\n&#8211; contenere minimo 30ml di Jameson Original o Jameson Black Barrel.<br \/>\n&#8211; contenere una delle due referenze Jameson pi\u00f9 un massimo di 3 ingredienti, esclusa la garnish. Il drink deve essere facilmente replicabile.<\/p>\n<p>Entro il 27.04.2023, tutte le ricette caricate on line entro le ore 24.00 del 25.04.2023, saranno valutate da una commissione di esperti nominati dalla Societ\u00e0 promotrice che ne valuter\u00e0 la conformit\u00e0 rispetto ai punti sopra elencati.<br \/>\nSaranno selezionate n. 30 ricette\/bartender che accederanno alle Selezioni live (10 per ciascuna delle selezioni previste).<br \/>\nTutte le 30 bartender selezionate saranno informate tramite e-mail entro il 28.04.2023.<\/p>\n<p>Selezioni live<br \/>\nNel periodo dal 08.05.2023 al 15.05.2023, verranno effettuate le selezioni live in 3 citt\u00e0 italiane e precisamente:<br \/>\n&#8211; Milano \u2013 8 Maggio 2023 (presso Pinch Milano)<br \/>\n&#8211; Roma \u2013 9 Maggio 2023 (presso The Barber Shop Speakeasy)<br \/>\n&#8211; Palermo 15 Maggio 2023 (presso Sartoria)<\/p>\n<p>Le selezioni live saranno strutturate come segue:<br \/>\n1 &#8211; Le bartender verranno estratte a sorte, da 1 a 10, prima dell&#8217;inizio della prova;<br \/>\n2 &#8211; Ogni bartender trover\u00e0 tutto il necessario per effettuare la prova gi\u00e0 in sede, ad esclusione del necessario il proprio Signature Drink<br \/>\n3 &#8211; Ogni bartender avr\u00e0 2 minuti per organizzare l&#8217;allestimento base della postazione e il necessario per il proprio signature Jms.<br \/>\n4 &#8211; La prova &#8220;a tempo&#8221; terminer\u00e0 quando verranno servite le 5 bevande, che non potranno pi\u00f9 essere toccate dal concorrente. Tempo massimo 8 minuti (squalifica se maggiore).<br \/>\n5 &#8211; Il cocktail Jms Signature verr\u00e0 valutato con un punteggio solo se i 5 drink assegnati saranno stati tutti serviti.<br \/>\n6 &#8211; Le bartender saranno valutate su tempo, gusto, esecuzione dei drink richiesti, pi\u00f9 valutazione per il Jms Signature Cocktail.<\/p>\n<p>La Giuria di esperti selezioner\u00e0, per ogni localit\u00e0\/selezione live, n. 4 bartender che si aggiudicheranno la partecipazione alla Selezione finale live (vedi capitolo relativo).<br \/>\nQualora si verificasse una situazione di parit\u00e0 nel totale dei punteggi espressi dalla Giuria, verr\u00e0 richiesto ai partecipanti in parit\u00e0 di ripetere la sola prova di \u201cSpeed round\u201d.<\/p>\n<p>Le 12 bartender che accederanno alla Selezione finale live saranno informate, tramite e-mail, entro il 22 Maggio 2023.<\/p>\n<p>Si precisa che:<br \/>\n&#8211; le spese per raggiungere le localit\u00e0 saranno a carico delle partecipanti;<br \/>\n&#8211; la Societ\u00e0 promotrice metter\u00e0 a disposizione delle partecipanti i suoi prodotti e le attrezzature necessari per la realizzazione delle ricette, ad esclusione degli ingredienti e le attrezzature necessari per il loro signature drink.<\/p>\n<p>Selezione finale live<br \/>\nLe 12 bartender finaliste saranno messe alla prova direttamente presso il locale \u201cOfficina Milano\u201d di Milano, il 12 Giugno 2023.<br \/>\nNel caso in cui una bartender selezionata non possa partecipare, per qualsiasi motivo, nella data stabilita, verr\u00e0 eliminata.<\/p>\n<p>Le 12 bartender saranno giudicate da una Giuria di esperti. La finale verr\u00e0 strutturata in questo modo:<br \/>\n1 &#8211; Le bartender estrarranno a sorte i numeri, da 1 a 4, con i quali saranno divise in 3 gruppi. Questo determiner\u00e0 anche l\u2019ordine di partenza dei gruppi.<br \/>\n2 &#8211; Ogni bartender trover\u00e0 tutto il necessario per eseguire la prova gi\u00e0 in postazione.<br \/>\n3 &#8211; Ogni bartender avr\u00e0 2 minuti per organizzare il set up base della postazione (tempo massimo della prova 8 minuti, dopo i quali si viene squalificati).<br \/>\n4 &#8211; I giudici si comporteranno come \u201cconsumatori\u201d, presentando la comanda con i 5 drink alle tre competitor solo al momento della prova. La comanda sar\u00e0 identica per i 3 gruppi.<br \/>\n5 &#8211; Dopo aver visto la comanda, si avr\u00e0 un minuto per preparare i bicchieri, se si vorr\u00e0 anche con ghiaccio.<br \/>\n6 &#8211; La prova \u201ca tempo\u201d terminer\u00e0 nel momento in cui verranno serviti i drink, che non potranno pi\u00f9 essere toccati dalle concorrenti.<br \/>\n7 &#8211; Le bartender verranno valutate su tempo e gusto dei drink richiesti.<br \/>\n8 &#8211; Un punteggio sar\u00e0 assegnato anche alla capacit\u00e0 di intrattenere.<br \/>\n9 &#8211; Eliminazione diretta per ottavi e quarti. 4 Best Signature in semifinale con esecuzione singola. One to One ultime 3.<\/p>\n<p>La Giuria di esperti selezioner\u00e0 n. 3 bartender che si aggiudicheranno ciascuno in premio:<br \/>\n&#8211; 1a classificata: un Viaggio a Dublino per partecipare al \u201cJameson Hosts\u201d dal 19 al 22 Settembre 2023<br \/>\n&#8211; 2a e 3a classificata: un kit composto da Shaker personalizzato, jigger, strainer e \u201ccoppa\u201d premio personalizzata<\/p>\n<p>Qualora si verificasse una situazione di parit\u00e0 nel totale dei punteggi espressi dalla Giuria, si replicher\u00e0 la prova finale.<\/p>\n<p>Si precisa che:<br \/>\n&#8211; l\u2019ordine di uscita avverr\u00e0 tramite sorteggio;<br \/>\n&#8211; ogni bartender sar\u00e0 giudicata singolarmente;<br \/>\n&#8211; il tempo di gara per ogni bartender sar\u00e0 di 10 minuti (2 set up + 8 prova) totali;<br \/>\n&#8211; qualora la bartender non dovesse rispettare il termine di gara, la sua sar\u00e0 ritenuta nulla;<br \/>\n&#8211; la Societ\u00e0 promotrice metter\u00e0 a disposizione delle partecipanti i suoi prodotti e le attrezzature necessari per la realizzazione delle ricette, ad esclusione degli ingredienti e le attrezzature necessari per il loro signature drink;<br \/>\n&#8211; la Societ\u00e0 promotrice si occuper\u00e0 di sostenere le spese di viaggio, vitto ed alloggio di tutte le 12 finaliste.<\/p>\n<p><strong>PRECISAZIONI PER TUTTE LE FASI DI CONCORSO<\/strong><\/p>\n<p>&#8211; il servizio web del Concorso sar\u00e0 attivo tutti i giorni, 24 ore su 24, a partire dal 08.03.2023 e fino al 25.04.2023;<br \/>\n&#8211; ogni utente, riconoscibile dai dati anagrafici inseriti al momento della registrazione e dall\u2019indirizzo e-mail, potr\u00e0 registrarsi e partecipare al concorso una sola volta;<br \/>\n&#8211; gli utenti saranno responsabili dei dati anagrafici comunicati e la Societ\u00e0 Promotrice non si assume alcuna responsabilit\u00e0 per indicazione di dati falsi e\/o non veritieri. In ogni caso, la Societ\u00e0 Promotrice, o terzi da essa incaricati e nel rispetto della normativa sulla privacy, si riserva la facolt\u00e0 di richiedere copia del documento di identit\u00e0 per verificare la veridicit\u00e0 dei dati anagrafici forniti. A seguito dei suddetti controlli, i soggetti non legittimati a partecipare saranno automaticamente esclusi dal Concorso ed in caso di vincita non verr\u00e0 loro assegnato alcun premio. La Societ\u00e0 Promotrice si riserva il diritto di escludere qualsiasi partecipante qualora risultino violate le norme del presente regolamento.<br \/>\n&#8211; la Societ\u00e0 Promotrice non si assume alcuna responsabilit\u00e0 nel caso in cui si verifichi una delle seguenti condizioni:<br \/>\n&#8211; la mailbox di una selezionata risulti piena<br \/>\n&#8211; la mailbox di una selezionata risulti disabilitata<br \/>\n&#8211; l\u2019e-mail indicata dalla partecipante risulti inesistente, errata o incompleta<br \/>\n&#8211; l\u2019e-mail indicata in fase di registrazione sia inserita in una blacklist<br \/>\n&#8211; l\u2019e-mail di avviso vincita\/istruzioni per redimere il premio\/mail di comunicazioni varie finisca negli spam<br \/>\nInoltre, la partecipante \u00e8 l\u2019unica responsabile della gestione della propria casella di posta elettronica;<br \/>\n&#8211; la partecipante, dal momento della richiesta di partecipazione ed iscrizione al concorso, dichiara di essere consapevole del fatto che si impegna a concedere alla Societ\u00e0 promotrice il diritto e la licenza di utilizzare, adattare, pubblicare, riprodurre sia la ricetta che le immagini ad essa collegate, senza richiedere alcun compenso e senza limiti di tempo (anche dopo la conclusione del concorso);<br \/>\n&#8211; le partecipanti saranno responsabili della propria persona durante tutte le fasi del concorso;<br \/>\n&#8211; alle partecipanti sar\u00e0 fatto obbligo di firmare, prima dell\u2019inizio delle selezioni, una liberatoria di non responsabilit\u00e0 per eventuali infortuni e danni estetici derivanti dall\u2019utilizzo di oggetti e\/o strumenti nel corso delle selezioni;<br \/>\n&#8211; alle partecipanti sar\u00e0 fatto obbligo di firmare, prima dell\u2019inizio delle selezioni, una liberatoria per la cessione dei diritti di immagine nonch\u00e9 l\u2019autorizzazione all\u2019utilizzo dei propri dati personali ai fini della legge sulla Privacy;<br \/>\n&#8211; le date delle selezioni potrebbero essere annullate e\/o variare per cause di forza maggiore, questo non d\u00e0 diritto a nessun tipo di reclamo o di rivalsa da parte della partecipante nei confronti della Societ\u00e0 Promotrice e del soggetto delegato.<\/p>\n<p>Tutte le selezioni, sia quella online che quelle live, avverranno alla presenza di un Funzionario della Camera di commercio o di un Notaio.<\/p>\n<p><strong>PREMI:<\/strong><br \/>\n&#8211; n. 1 un Viaggio a Dublino per una persona per partecipare al \u201cJameson Hosts\u201d dal 19 al 22 Settembre 2023, del valore commerciale di \u20ac 3.000,00 (IVA esclusa)<br \/>\n&#8211; n. 2 kit composti ciascuno da Shaker personalizzato, jigger, strainer e \u201ccoppa\u201d premio personalizzata, del valore commerciale unitario di \u20ac 250,00 (IVA esclusa), per un valore complessivo di \u20ac 500,00 (IVA esclusa)<\/p>\n<p>Relativamente al viaggio si precisa che:<br \/>\n&#8211; comprende tutti i trasferimenti, alloggio, cibo, bevande, intrattenimento, trasporto da e per Dublino;<br \/>\n&#8211; la vincitrice, se impossibilitata ad usufruirne, potr\u00e0 cederlo, tramite apposita delega, ad una persona a sua scelta;<br \/>\n&#8211; sono esclusi i costi di trasferimento dalla residenza della vincitrice al luogo di partenza e ritorno e tutte le voci non incluse nella descrizione del premio, cos\u00ec come sono esclusi eventuali danni subiti dalla vincitrice verificatisi precedentemente e successivamente al soggiorno.<\/p>\n<p><strong>MONTEPREMI:<\/strong><br \/>\n\u20ac 3.500,00 (IVA esclusa)<br \/>\nA garanzia dei premi messi in palio, \u00e8 stata prestata apposita cauzione pari al 100% del montepremi.<\/p>\n<p><strong>RINUNCIA ALLA RIVALSA:<\/strong><br \/>\nLa Societ\u00e0 Promotrice dichiara di rinunciare alla facolt\u00e0 di rivalsa della ritenuta alla fonte di cui all&#8217;art. 30 D.P.R. del 29\/09\/73 a favore delle vincitrici.<\/p>\n<p><strong>ADEMPIMENTI E GARANZIE:<\/strong><br \/>\n&#8211; Il server di registrazione dati \u00e8 ubicato in Italia.<br \/>\n&#8211; Non \u00e8 previsto alcun costo aggiuntivo relativamente al collegamento ad Internet se non quello relativo al costo di connessione previsto dal piano tariffario del fornitore di accesso ad Internet di ogni singolo utente.<br \/>\n&#8211; La Societ\u00e0 Promotrice non si assume alcuna responsabilit\u00e0 per problemi di accesso, impedimento, disfunzione o difficolt\u00e0 riguardante gli strumenti tecnici, il computer, i cavi, l\u2019elettronica, il software e l\u2019hardware, la trasmissione e la connessione, la linea telefonica che possa impedire ad un utente di accedere al sito Internet.<br \/>\n&#8211; Le utenti che, secondo il giudizio insindacabile della Societ\u00e0 Promotrice o di terze parti incaricate dalla stessa, partecipino con mezzi e strumenti in grado di eludere l\u2019aleatoriet\u00e0, o comunque giudicati in maniera sospetta, fraudolenta, o in violazione del normale svolgimento dell\u2019iniziativa, verranno esclusi dalla partecipazione e non potranno godere dell\u2019eventuale premio. Pertanto, la Societ\u00e0 Promotrice, o terze parti incaricate dalla stessa, si riservano il diritto di procedere, nei confronti di tutte le partecipanti e nei termini giudicati pi\u00f9 opportuni, e nel rispetto delle leggi vigenti.<br \/>\n&#8211; Ogni altra motivazione, che possa far sospettare frode rispetto ai fini espliciti della presente iniziativa, dar\u00e0 diritto alla Societ\u00e0 Promotrice di non adempiere a quanto previsto. L\u2019utente, a seguito di una richiesta, avr\u00e0 comunque spiegazioni delle ragioni che avranno spinto la Societ\u00e0 Promotrice a tale comportamento.<br \/>\n&#8211; I Premi non possono essere convertiti in denaro n\u00e9 gettoni d\u2019oro, non sono commerciabili n\u00e9 possono essere rimborsati.<br \/>\n&#8211; La societ\u00e0 si riserva la facolt\u00e0 di sostituire i premi in palio con altri aventi medesime prestazioni e valore, nel caso quelli descritti e presentati ai partecipanti non siano pi\u00f9 disponibili per cessata produzione\/importazione o per modifiche\/aggiornamenti.<br \/>\n&#8211; Per quanto riguarda tutti i premi si precisa che nessuna responsabilit\u00e0 \u00e8 imputabile alla Societ\u00e0 promotrice derivante dall\u2019uso improprio dei suddetti premi da parte dei vincitori o dall\u2019uso effettuato da persone non adeguate per et\u00e0 o per condizioni fisiche mentali.<br \/>\n&#8211; La Societ\u00e0 Promotrice non si assume alcuna responsabilit\u00e0 in caso di mancato recapito della comunicazione di selezione dovuto all\u2019indicazione di indirizzi e-mail\/di residenza e\/o numeri telefonici errati e\/o non veritieri da parte delle selezionate e\/o a disguidi tecnici.<br \/>\n&#8211; I dati personali saranno utilizzati dalla Societ\u00e0 Promotrice per le attivit\u00e0 correlate allo svolgimento del Concorso e per tutte le attivit\u00e0 allo stesso Concorso connesse (a titolo esemplificativo e non esaustivo: estrazione, contatti telefonici\/e-mail o altro) in ottemperanza al Regolamento Europeo 2016\/679 (GDPR).<br \/>\n&#8211; La partecipazione al Concorso comporta l\u2019accettazione dei termini e delle condizioni indicate nel presente regolamento.<\/p>\n<p><strong>ONLUS BENEFICIARIA:<\/strong><br \/>\nAi sensi dell\u2019art. 10 comma 5 DPR 430\/2001, i premi non richiesti o non assegnati con il concorso a premi, diversi da quelli rifiutati, saranno devoluti alla Onlus: ONLUS Aidos \u2013 Associazione Italiana Donne per lo Sviluppo ETS \u2013 Via Via dei Giubbonari 30 00186 Roma \u2013 Codice Fiscale 96047770589.<\/p>\n<p><strong>PUBBLICITA\u2019:<\/strong><br \/>\nLa pubblicit\u00e0 del Concorso sar\u00e0 strettamente conforme al presente regolamento e verr\u00e0 effettuata mediante social media (Instagram). Inoltre, il Concorso potrebbe essere promosso su tutti i mezzi ritenuti necessari per un\u2019adeguata visibilit\u00e0, si cita a titolo di esempio i mezzi stampa<br \/>\nIl regolamento integrale del Concorso sar\u00e0 reperibile all\u2019interno della landing page del Concorso sul sito internet https:\/\/www.jamesonwhiskey.com\/it-it\/jameson-speed-round-regolamento.<\/p>\n<p>Per PERNOD RICARD ITALIA S.r.l.<br \/>\nIl soggetto delegato<br \/>\nDM GROUP S.r.l.<\/p>\n<p>Torino, 20\/02\/2023<\/p>\n<p><a class=\"btn--primary\" title=\"\" href=\"https:\/\/www.jamesonwhiskey.com\/it-it\/\" target=\"_blank\" rel=\"nofollow noopener noreferrer\">HOME<\/a><\/p>\n\n\n        <!-- <div class=\"hosts-text__button\">\n            <a href=\"#\" id=\"mark-\" class=\"btn btn--secondary\">Mark as read<\/a>\n        <\/div> -->\n    <\/div>\n<\/section>\n\n\n                                                                                                                                                                                                                                                                                                                                                                                                                                                                                                                                                                                                                                                                                                                                                                                                                                                                                                                                                                                                                                                                                                                                                                                                                                                                                                                                                                                                                                                                                                                                                                                                                                                                                                                                                                                                                                                                                                                                                                                                                                                                                  ","protected":false},"excerpt":{"rendered":"","protected":false},"author":108,"featured_media":0,"parent":0,"menu_order":0,"comment_status":"closed","ping_status":"closed","template":"","meta":{"_acf_changed":false,"_seopress_robots_primary_cat":"","_seopress_titles_title":"","_seopress_titles_desc":"","_seopress_robots_index":"","inline_featured_image":false,"footnotes":""},"categories":[],"tags":[],"our-world-category":[],"class_list":["post-341220","page","type-page","status-publish","hentry"],"acf":[],"_links":{"self":[{"href":"https:\/\/www.jamesonwhiskey.com\/it-it\/wp-json\/wp\/v2\/pages\/341220","targetHints":{"allow":["GET"]}}],"collection":[{"href":"https:\/\/www.jamesonwhiskey.com\/it-it\/wp-json\/wp\/v2\/pages"}],"about":[{"href":"https:\/\/www.jamesonwhiskey.com\/it-it\/wp-json\/wp\/v2\/types\/page"}],"author":[{"embeddable":true,"href":"https:\/\/www.jamesonwhiskey.com\/it-it\/wp-json\/wp\/v2\/users\/108"}],"replies":[{"embeddable":true,"href":"https:\/\/www.jamesonwhiskey.com\/it-it\/wp-json\/wp\/v2\/comments?post=341220"}],"version-history":[{"count":0,"href":"https:\/\/www.jamesonwhiskey.com\/it-it\/wp-json\/wp\/v2\/pages\/341220\/revisions"}],"wp:attachment":[{"href":"https:\/\/www.jamesonwhiskey.com\/it-it\/wp-json\/wp\/v2\/media?parent=341220"}],"wp:term":[{"taxonomy":"category","embeddable":true,"href":"https:\/\/www.jamesonwhiskey.com\/it-it\/wp-json\/wp\/v2\/categories?post=341220"},{"taxonomy":"post_tag","embeddable":true,"href":"https:\/\/www.jamesonwhiskey.com\/it-it\/wp-json\/wp\/v2\/tags?post=341220"},{"taxonomy":"our-world-category","embeddable":true,"href":"https:\/\/www.jamesonwhiskey.com\/it-it\/wp-json\/wp\/v2\/our-world-category?post=341220"}],"curies":[{"name":"wp","href":"https:\/\/api.w.org\/{rel}","templated":true}]}}