{"id":520112,"date":"2023-05-30T12:59:37","date_gmt":"2023-05-30T12:59:37","guid":{"rendered":"https:\/\/www.jamesonwhiskey.com\/camping-with-friends\/"},"modified":"2023-06-12T14:30:38","modified_gmt":"2023-06-12T14:30:38","slug":"camping-with-friends","status":"publish","type":"page","link":"https:\/\/www.jamesonwhiskey.com\/it-it\/embrace-summer-spontaneity\/camping-with-friends\/","title":{"rendered":"Come vivere un campeggio indimenticabile con i tuoi amici"},"content":{"rendered":"<section id=\"block_683d59b784069f5c1047015424455b5f\" class=\"hero hero-halfscreen  lazy\" data-assetkey=\"hero-halfscreen\" data-colour_filter='none' data-colour_filter_opacity='51'>\n\t\t\n\t<div class=\"hero-halfscreen__img_content\">\n\t\t\t\t\t<div class=\"hero-halfscreen__img_content-breadcrumbs\">\n\t\t\t\t\t\t\t\t\t            \n\t\t\t\t\t\t\t<\/div>\n\t\t\n\t\t\t\t\t\t\t\t\t\t\n\n\t\t\t\t\t\t\n\t\t<picture class=\"hero-halfscreen__picture\">\n\t\t\t<source media=\"(min-width: 768px)\" class=\"hero-halfscreen__source hero-halfscreen__source--desktop\" srcset=\"https:\/\/ik.imagekit.io\/cvygf2xse\/jamesonwhiskey\/wp-content\/uploads\/2023\/05\/OriginalSizeJPEG-April_Static_8-2-aspect-ratio-1-1.jpg?tr=q-80,w-1024 1024w, https:\/\/ik.imagekit.io\/cvygf2xse\/jamesonwhiskey\/wp-content\/uploads\/2023\/05\/OriginalSizeJPEG-April_Static_8-2-aspect-ratio-1-1.jpg?tr=q-80,w-768 768w, https:\/\/ik.imagekit.io\/cvygf2xse\/jamesonwhiskey\/wp-content\/uploads\/2023\/05\/OriginalSizeJPEG-April_Static_8-2-aspect-ratio-1-1.jpg?tr=q-80,w-500 500w, https:\/\/ik.imagekit.io\/cvygf2xse\/jamesonwhiskey\/wp-content\/uploads\/2023\/05\/OriginalSizeJPEG-April_Static_8-2-aspect-ratio-1-1.jpg?tr=q-80,w-420 420w, https:\/\/ik.imagekit.io\/cvygf2xse\/jamesonwhiskey\/wp-content\/uploads\/2023\/05\/OriginalSizeJPEG-April_Static_8-2-aspect-ratio-1-1.jpg?tr=q-80,w-400 400w, https:\/\/ik.imagekit.io\/cvygf2xse\/jamesonwhiskey\/wp-content\/uploads\/2023\/05\/OriginalSizeJPEG-April_Static_8-2-aspect-ratio-1-1.jpg?tr=q-80,w-375 375w, https:\/\/ik.imagekit.io\/cvygf2xse\/jamesonwhiskey\/wp-content\/uploads\/2023\/05\/OriginalSizeJPEG-April_Static_8-2-aspect-ratio-1-1.jpg?tr=q-80,w-360 360w, https:\/\/ik.imagekit.io\/cvygf2xse\/jamesonwhiskey\/wp-content\/uploads\/2023\/05\/OriginalSizeJPEG-April_Static_8-2-aspect-ratio-1-1.jpg?tr=q-80,w-320 320w, https:\/\/ik.imagekit.io\/cvygf2xse\/jamesonwhiskey\/wp-content\/uploads\/2023\/05\/OriginalSizeJPEG-April_Static_8-2-aspect-ratio-1-1.jpg?tr=q-80,w-300 300w, https:\/\/ik.imagekit.io\/cvygf2xse\/jamesonwhiskey\/wp-content\/uploads\/2023\/05\/OriginalSizeJPEG-April_Static_8-2-aspect-ratio-1-1.jpg?tr=q-80,w-275 275w, https:\/\/ik.imagekit.io\/cvygf2xse\/jamesonwhiskey\/wp-content\/uploads\/2023\/05\/OriginalSizeJPEG-April_Static_8-2-aspect-ratio-1-1.jpg?tr=q-80,w-200 200w, https:\/\/ik.imagekit.io\/cvygf2xse\/jamesonwhiskey\/wp-content\/uploads\/2023\/05\/OriginalSizeJPEG-April_Static_8-2-aspect-ratio-1-1.jpg?tr=q-80,w-100 100w, \" sizes=\"(min-width: 1440px) 100vw, (min-width: 1024px) 1024px, (min-width: 768px) 768px\">\n\t\t\t<source class=\"hero-halfscreen__source hero-halfscreen__source--mobile\" srcset=\"https:\/\/ik.imagekit.io\/cvygf2xse\/jamesonwhiskey\/wp-content\/uploads\/2023\/05\/OriginalSizeJPEG-April_Static_8-2-aspect-ratio-1-1-1.jpg?tr=q-80,w-1024 1024w, https:\/\/ik.imagekit.io\/cvygf2xse\/jamesonwhiskey\/wp-content\/uploads\/2023\/05\/OriginalSizeJPEG-April_Static_8-2-aspect-ratio-1-1-1.jpg?tr=q-80,w-768 768w, https:\/\/ik.imagekit.io\/cvygf2xse\/jamesonwhiskey\/wp-content\/uploads\/2023\/05\/OriginalSizeJPEG-April_Static_8-2-aspect-ratio-1-1-1.jpg?tr=q-80,w-500 500w, https:\/\/ik.imagekit.io\/cvygf2xse\/jamesonwhiskey\/wp-content\/uploads\/2023\/05\/OriginalSizeJPEG-April_Static_8-2-aspect-ratio-1-1-1.jpg?tr=q-80,w-420 420w, https:\/\/ik.imagekit.io\/cvygf2xse\/jamesonwhiskey\/wp-content\/uploads\/2023\/05\/OriginalSizeJPEG-April_Static_8-2-aspect-ratio-1-1-1.jpg?tr=q-80,w-400 400w, https:\/\/ik.imagekit.io\/cvygf2xse\/jamesonwhiskey\/wp-content\/uploads\/2023\/05\/OriginalSizeJPEG-April_Static_8-2-aspect-ratio-1-1-1.jpg?tr=q-80,w-375 375w, https:\/\/ik.imagekit.io\/cvygf2xse\/jamesonwhiskey\/wp-content\/uploads\/2023\/05\/OriginalSizeJPEG-April_Static_8-2-aspect-ratio-1-1-1.jpg?tr=q-80,w-360 360w, https:\/\/ik.imagekit.io\/cvygf2xse\/jamesonwhiskey\/wp-content\/uploads\/2023\/05\/OriginalSizeJPEG-April_Static_8-2-aspect-ratio-1-1-1.jpg?tr=q-80,w-320 320w, https:\/\/ik.imagekit.io\/cvygf2xse\/jamesonwhiskey\/wp-content\/uploads\/2023\/05\/OriginalSizeJPEG-April_Static_8-2-aspect-ratio-1-1-1.jpg?tr=q-80,w-300 300w, https:\/\/ik.imagekit.io\/cvygf2xse\/jamesonwhiskey\/wp-content\/uploads\/2023\/05\/OriginalSizeJPEG-April_Static_8-2-aspect-ratio-1-1-1.jpg?tr=q-80,w-275 275w, https:\/\/ik.imagekit.io\/cvygf2xse\/jamesonwhiskey\/wp-content\/uploads\/2023\/05\/OriginalSizeJPEG-April_Static_8-2-aspect-ratio-1-1-1.jpg?tr=q-80,w-200 200w, https:\/\/ik.imagekit.io\/cvygf2xse\/jamesonwhiskey\/wp-content\/uploads\/2023\/05\/OriginalSizeJPEG-April_Static_8-2-aspect-ratio-1-1-1.jpg?tr=q-80,w-100 100w, \" sizes=\"(min-width: 768px) 768px, (min-width: 500px) 500px, 250px\">\n\t\t\t<img loading=\"lazy\" decoding=\"async\" class=\"hero-halfscreen__image\" src=\"https:\/\/ik.imagekit.io\/cvygf2xse\/jamesonwhiskey\/wp-content\/uploads\/2023\/05\/OriginalSizeJPEG-April_Static_8-2-aspect-ratio-1-1.jpg?tr=q-80,w-1152\" width=\"1152\" height=\"1152\" alt=\"\" role=\"presentation\">\n\t\t<\/picture>\n\t<\/div>\n\n\t<div\n\t\tclass=\"hero-halfscreen__content\" data-background=\"\">\n\t\t\t\t\t\t\t\t\n\t\t  <div class=\"subheading \">\n    <div class=\"subheading__line\"><\/div>\n    <h2 class=\"h6\">DI \u201cS\u00cc\u201d ALL\u2019ESTATE<\/h2>\n  <\/div>\n\n\t\t<h1 class=\"h1\">La guida di Jameson per un campeggio indimenticabile con gli amici<\/h1>\n\n\t\t\t\t\t<div class=\"hero-halfscreen__content-intro wysiwyg\">\n\t\t\t\t<p>Dopo quei mesi bui e freddi, \u00e8 ora di iniziare a dire &#8220;S\u00ec&#8221; a tutto, o quasi. E fortuna per te, Jameson \u00e8 qui per aiutarti ad allargare il tuo giro di amici, per creare super ricordi con alcuni suggerimenti estivi.<\/p>\n<p>Con il cambio stagione arriva&#8230;<\/p>\n<p>Il Campeggio.<\/p>\n<p>L&#8217;occasione perfetta per uscire e vivere la vita &#8220;semplice&#8221; con tutti i tuoi amici. Ecco a te quindi qualche ispirazione all&#8217;aria aperta. Da appetitose idee per i pasti a un elenco di attivit\u00e0 di cose da fare, i migliori consigli per trovare il posto perfetto per il campeggio e tutta l&#8217;attrezzatura essenziale di cui avrai bisogno per rendere indimenticabili le tue avventure.<\/p>\n\n\t\t\t<\/div>\n\t\t\n\t\t\t\t\t\t\t\t\n\t\t\t\t\t\t\t\t\t\t\t\t\n\n\t\t\t\n\t\t\t<\/div>\n<\/section>\n\n\n\n<section id=\"block_6d32a630b84d285072ea547a838ca090\" class=\"content-two-column lazy full-width content-two-column--template-default content-two-column--orientation-default content-two-column--bg-light content-two-column--bg-img-default content-two-column--bg-img-color-none \" style=\"--bgImageColourFilter: 90%\" data-assetkey=\"content-two-column\">\n    <div class=\"content-two-column__wrapper\">\n        <div class=\"content-two-column__text\">\n            \n                        <div class=\"content-two-column__heading\">\n                                    <h2 class=\"h1\">Scegliere la giusta destinazione per il campeggio<\/h2>\n                            <\/div>\n\n            \n            <div class=\"content-two-column__content wysiwyg\">\n                <p>Per prima cosa, quando pianifichi il tuo viaggio in campeggio, determinare la tua destinazione \u00e8 fondamentale. Quindi, se ti stai chiedendo dove andare, non preoccuparti. Basta scegliere tra un normale campeggio o la natura selvaggia. E una volta deciso, usa i nostri suggerimenti per un campeggio di qualit\u00e0 per preparare i tuoi amici al migliore tempo insieme possibile:<\/p>\n<ul>\n<li>Monta la tenda e l&#8217;attrezzatura su un terreno pi\u00f9 elevato in caso di pioggia e inondazioni.\n<li>Assicurati che l&#8217;area sia piana e liscia per assicurarti un buon riposo notturno\n<\/li>\n<p>Pianificare in anticipo. Fai una lista di cosa portare e non dimenticare di controllare le condizioni meteorologiche.<\/p>\n<li>Controlla la presenza di sole e ombra durante il settaggio.<\/li>\n\n            <\/div>\n\n            \n        <\/div>\n\n        <div class=\"content-two-column__media\">\n                                                                                                                                                                        <picture class=\"content-two-column__picture\">\n                        <source class=\"content-two-column__source\" srcset=\"https:\/\/ik.imagekit.io\/cvygf2xse\/jamesonwhiskey\/wp-content\/uploads\/2023\/05\/198598516_335483304606219_538405345372298380_n-2.jpg?tr=q-80,w-1024 1024w, https:\/\/ik.imagekit.io\/cvygf2xse\/jamesonwhiskey\/wp-content\/uploads\/2023\/05\/198598516_335483304606219_538405345372298380_n-2.jpg?tr=q-80,w-768 768w, https:\/\/ik.imagekit.io\/cvygf2xse\/jamesonwhiskey\/wp-content\/uploads\/2023\/05\/198598516_335483304606219_538405345372298380_n-2.jpg?tr=q-80,w-500 500w, https:\/\/ik.imagekit.io\/cvygf2xse\/jamesonwhiskey\/wp-content\/uploads\/2023\/05\/198598516_335483304606219_538405345372298380_n-2.jpg?tr=q-80,w-420 420w, https:\/\/ik.imagekit.io\/cvygf2xse\/jamesonwhiskey\/wp-content\/uploads\/2023\/05\/198598516_335483304606219_538405345372298380_n-2.jpg?tr=q-80,w-400 400w, https:\/\/ik.imagekit.io\/cvygf2xse\/jamesonwhiskey\/wp-content\/uploads\/2023\/05\/198598516_335483304606219_538405345372298380_n-2.jpg?tr=q-80,w-375 375w, https:\/\/ik.imagekit.io\/cvygf2xse\/jamesonwhiskey\/wp-content\/uploads\/2023\/05\/198598516_335483304606219_538405345372298380_n-2.jpg?tr=q-80,w-360 360w, https:\/\/ik.imagekit.io\/cvygf2xse\/jamesonwhiskey\/wp-content\/uploads\/2023\/05\/198598516_335483304606219_538405345372298380_n-2.jpg?tr=q-80,w-320 320w, https:\/\/ik.imagekit.io\/cvygf2xse\/jamesonwhiskey\/wp-content\/uploads\/2023\/05\/198598516_335483304606219_538405345372298380_n-2.jpg?tr=q-80,w-300 300w, https:\/\/ik.imagekit.io\/cvygf2xse\/jamesonwhiskey\/wp-content\/uploads\/2023\/05\/198598516_335483304606219_538405345372298380_n-2.jpg?tr=q-80,w-275 275w, https:\/\/ik.imagekit.io\/cvygf2xse\/jamesonwhiskey\/wp-content\/uploads\/2023\/05\/198598516_335483304606219_538405345372298380_n-2.jpg?tr=q-80,w-200 200w, https:\/\/ik.imagekit.io\/cvygf2xse\/jamesonwhiskey\/wp-content\/uploads\/2023\/05\/198598516_335483304606219_538405345372298380_n-2.jpg?tr=q-80,w-100 100w, \" sizes=\"(min-width: 1024px) 100vw, (min-width: 768px) 768px, (min-width: 414px) 500px, 250px\">\n                        <img fetchpriority=\"high\" decoding=\"async\" loading=\"eager\" class=\"content-two-column__image\" src=\"https:\/\/ik.imagekit.io\/cvygf2xse\/jamesonwhiskey\/wp-content\/uploads\/2023\/05\/198598516_335483304606219_538405345372298380_n-2.jpg?tr=q-80,w-1080\" width=\"1080\" height=\"1349\" alt=\"friends doing a cheers with Jameson while camping\">\n                    <\/picture>\n                                    <\/div>\n    <\/div>\n\n    \n    \n    <\/section>\n\n\n\n<section id=\"block_29bd83c056742fd8d294afe215aea007\"\n         class=\"content-one-column content-one-column--bg-dark full-width lazy\n        \n        \n        \" data-assetkey=\"content-one-column\">\n    <div class=\"content-one-column__content\">\n        \n                <div class=\"content-one-column__heading\">\n                            <h2 class=\"h1\">Scegliere la giusta destinazione per il campeggio<\/h2>\n                    <\/div>\n\n        \n                                                            <div class=\"content-one-column__text wysiwyg align_center_on_desktop\">\n                    <p>Prima volta in campeggio? Nessun problema. Ecco il nostro elenco facile facile di essentials per il campeggio:<\/p>\n<p>Una tenda abbastanza grande per tutti.<br \/>\n+ forse anche un po&#8217; di spazio in pi\u00f9 per borse e accessori.<br \/>\nUn materasso ad aria o un materassino<br \/>\nUn sacco a pelo<br \/>\nCuscini<br \/>\nCarta igienica<br \/>\nBottiglia d&#8217;acqua<br \/>\nUn kit di pronto soccorso<br \/>\nTorce elettriche (e batterie)<br \/>\nSedie da campeggio<br \/>\nSacchi della spazzatura<br \/>\nDisinfettante per le mani<br \/>\nUn tavolo da campeggio<\/p>\n\n                <\/div>\n                        <\/div>\n\n    <\/section>\n\n\n\n<section id=\"block_0b3b74dd956333729fd36287f74a2306\"\n         class=\"content-one-column content-one-column--bg-dark full-width lazy\n        \n        \n        \" data-assetkey=\"content-one-column\">\n    <div class=\"content-one-column__content\">\n        \n                <div class=\"content-one-column__heading\">\n                            <h2 class=\"h1\">Allestimento del campo, come piantare una tenda<\/h2>\n                    <\/div>\n\n        \n                                                            <div class=\"content-one-column__text wysiwyg align_center_on_desktop\">\n                    <p>Trovare un&#8217;altura per il tuo campeggio \u00e8 l&#8217;ingrediente segreto per un buon riposo notturno. Salvando te e la tua tenda dal risveglio in una pozzanghera. Ma quando si tratta di piantare la tua tenda, fai in modo che tutti partecipino. Aiuter\u00e0 a costruire legami che verranno poi celebrati con un sorso.<\/p>\n<p>Avvicinando te e il tuo giro di amicizie. Quindi, ti starai chiedendo qual \u00e8 il modo migliore per piantare una tenda?<\/p>\n<p>1. Trova un posto buono, piatto e in alto per la tua tenda. Assicurati di considerare le dimensioni della tenda quando esplori una papabile area.<br \/>\n2. Posiziona l&#8217;impronta della tenda verso il basso; Questo d\u00e0 il contorno della tenda e protegge il fondo della tenda dall&#8217;acqua e dall&#8217;umidit\u00e0.<br \/>\n3. Appoggia il corpo della tenda sopra l&#8217;impronta.<br \/>\n4. Assembla i pali e falli passare attraverso gli anelli di tenuta corretti sul corpo della tenda e sull&#8217;impronta.<br \/>\n5. Fissare il corpo della tenda e il footrint ai pali.<br \/>\n6. Aggiungi il telo antipioggia in cima, fissandolo correttamente.<br \/>\n7. Fissa gli angoli della tenda nel terreno.<br \/>\n8. Fai il giro della tenda e stringi il telo antipioggia in modo che una quantit\u00e0 limitata di acqua possa penetrare all&#8217;interno.<\/p>\n\n                <\/div>\n                        <\/div>\n\n    <\/section>\n\n\n\n<section id=\"block_890359b67144e07ab653de101ce1f172\"\n         class=\"content-one-column content-one-column--bg-light full-width lazy\n        \n        \n        \" data-assetkey=\"content-one-column\">\n    <div class=\"content-one-column__content\">\n        \n                <div class=\"content-one-column__heading\">\n                            <h2 class=\"h1\">Esplora l&#8217;area locale con un&#8217;escursione<\/h2>\n                    <\/div>\n\n        \n                                                            <div class=\"content-one-column__text wysiwyg align_center_on_desktop\">\n                    <p>I campeggi sono circondati da tot sentieri per scoprire la zona locale, offrendo un&#8217;ampia quantit\u00e0 di avventura per te e i tuoi amici. Se c&#8217;\u00e8 una bel panorama da scoprire, cogli questa opportunit\u00e0 per incontrare i tuoi migliori amici. E assicurati di portare con te un GPS e una mappa adeguati per sicurezza, soprattutto se il sentiero non \u00e8 chiaramente segnalato.<\/p>\n\n                <\/div>\n                        <\/div>\n\n    <\/section>\n\n\n\n<section id=\"block_1c5ca0b9fee4f00d5461f672ee3a4ebd\"\n         class=\"content-one-column content-one-column--bg-dark full-width lazy\n        \n        \n        \" data-assetkey=\"content-one-column\">\n    <div class=\"content-one-column__content\">\n        \n                <div class=\"content-one-column__heading\">\n                            <h2 class=\"h1\">Stupisci i tuoi amici con un pasto da re (e regine) del campeggio<\/h2>\n                    <\/div>\n\n        \n                                                            <div class=\"content-one-column__text wysiwyg align_center_on_desktop\">\n                    <p>Preparare il cibo in anticipo \u00e8 un modo sicuro per impressionare il gruppo. In questo modo, puoi vivere il momento, creando ricordi magici. Il nostro preferito \u00e8 preparare dei panini al formaggio grigliati.<\/p>\n<p>Ma\u00a0\u00e8 importante mantenere le cose semplici. E l&#8217;elenco seguente fa proprio questo:<\/p>\n<p>Nachos al fuoco<br \/>\nPanini per la colazione con salsiccia<br \/>\nHot dog o salsicce<br \/>\nSpiedini di manzo o pollo e verdure<br \/>\nMarshmallow<\/p>\n\n                <\/div>\n                        <\/div>\n\n    <\/section>\n\n\n\n<section id=\"block_f41d873d6d1d6441e58e2340566c5928\"\n         class=\"content-one-column content-one-column--bg-light full-width lazy\n        \n        \n        \" data-assetkey=\"content-one-column\">\n    <div class=\"content-one-column__content\">\n        \n                <div class=\"content-one-column__heading\">\n                            <h2 class=\"h1\">Giochi per rilassarsi<\/h2>\n                    <\/div>\n\n        \n                                                            <div class=\"content-one-column__text wysiwyg align_center_on_desktop\">\n                    <p>La natura selvaggia non \u00e8 solo divertimento e giochi. Ma a volte lo \u00e8. Giochi come cattura bandiera, cacce al tesoro e sciarada intorno al fuoco vanno tutti a meraviglia.<\/p>\n<p>Potresti anche provare a pescare, fare paddleboarding, nuotare o, come accennato in precedenza, fare quell&#8217;escursione panoramica.<\/p>\n<p>Ma ricorda, l&#8217;abito giusto pu\u00f2 fare la differenza. Se hai intenzione di condividere alcuni racconti spettrali sul fuoco, non dimenticare di mettere in valigia quella fidata torcia: dopotutto, un buon spavento merita una buona illuminazione. E se l&#8217;escursionismo \u00e8 all&#8217;ordine del giorno, assicurati di portare stivali robusti.<\/p>\n\n                <\/div>\n                        <\/div>\n\n    <\/section>\n\n\n\n<section id=\"block_46bab0f21a747dbd09554372ca562f33\" class=\"content-two-column lazy full-width content-two-column--template-default content-two-column--orientation-inverted content-two-column--bg-dark content-two-column--bg-img-default content-two-column--bg-img-color-none \" style=\"--bgImageColourFilter: 90%\" data-assetkey=\"content-two-column\">\n    <div class=\"content-two-column__wrapper\">\n        <div class=\"content-two-column__text\">\n            \n                        <div class=\"content-two-column__heading\">\n                                    <h2 class=\"h1\">Cocktail da campeggio per ampliare la tua cerchia<\/h2>\n                            <\/div>\n\n            \n            <div class=\"content-two-column__content wysiwyg\">\n                <p>Il modo migliore per allargare la tua cerchia \u00e8 con alcuni <a href=\"https:\/\/www.jamesonwhiskey.com\/it-it\/cocktail-recipes\/collection\/simple-and-easy-cocktails\/\">cocktail semplici e facili <\/a>. Condividere storie davanti a un buon drink, come:<\/p>\n<ul>\n<li><a href=\"https:\/\/www.jamesonwhiskey.com\/en\/our-whiskey\/jameson-ginger-lime-rtd-can\/\">Jameson, Ginger Ale &#038; Lime Ready To Drink<\/a>: Non c&#8217;\u00e8 bisogno di preparazione qui! Prendi semplicemente qualche lattina e vai.<\/li>\n<li><a href=\"https:\/\/www.jamesonwhiskey.com\/it-it\/cocktail-recipes\/pineapple-whiskey-sour\/\">Pineapple Whisky Sour<\/a>: Combina Jameson con tepache all&#8217;ananas e succo di limone per questo rinfrescante dissetante.<\/li>\n<li><a href=\"https:\/\/www.jamesonwhiskey.com\/it-it\/cocktail-recipes\/the-sour-bonder\/\">The Sour Bonder<\/a>: crea un legame con il tuo cerchio su questo ginger- mix di birra, che non solo aiuta gli amici pi\u00f9 cari a entrare in contatto, ma pu\u00f2 anche aiutare i nemici ad affrontare le loro divergenze.<\/li>\n<li><a href=\"https:\/\/www.jamesonwhiskey.com\/it-it\/cocktail-recipes\/summer-punch\/\">Summer Punch<\/a>: dai il via all&#8217;estate con il botto con questo punch estivo! <\/li>\n<p>Scegli cocktail che richiedono ingredienti simili per alleggerire il carico durante l&#8217;imballaggio. E non dimenticare di portare un cocktail mixer per preparare il drink perfetto da condividere con gli amici. Gi\u00e0 che ci sei, potresti semplicemente portare <a href=\"https:\/\/midletondistillerycollection.com\/jameson\/hip-flasks-collection\/\">fiaschette<\/a> o <a href=\"https: \/\/midletondistillerycollection.com\/jameson\/bar-accessories-collection\/\">barware<\/a> per rendere unica questa esperienza in campeggio con <a href=\"https:\/\/www.jamesonwhiskey.com\/it -it\/il-nostro-whiskey\/jameson-irish-whiskey\/\">Jameson Irish Whiskey<\/a>.<\/p>\n<p>Ora, se il campeggio non ha placato la tua sete di divertimento estivo, dai un&#8217;occhiata alla nostra <a href=\"https:\/\/www.jamesonwhiskey.com\/it-it\/say-yes-to-summer\/\">Jameson Guide to Summer Spontaneit\u00e0<\/a>.<\/p>\n\n            <\/div>\n\n            \n        <\/div>\n\n        <div class=\"content-two-column__media\">\n                                                                                                                                                                        <picture class=\"content-two-column__picture\">\n                        <source class=\"content-two-column__source\" srcset=\"https:\/\/ik.imagekit.io\/cvygf2xse\/jamesonwhiskey\/wp-content\/uploads\/2023\/05\/April_Static_17-1.jpg?tr=q-80,w-1440 1440w, https:\/\/ik.imagekit.io\/cvygf2xse\/jamesonwhiskey\/wp-content\/uploads\/2023\/05\/April_Static_17-1.jpg?tr=q-80,w-1280 1280w, https:\/\/ik.imagekit.io\/cvygf2xse\/jamesonwhiskey\/wp-content\/uploads\/2023\/05\/April_Static_17-1.jpg?tr=q-80,w-1024 1024w, https:\/\/ik.imagekit.io\/cvygf2xse\/jamesonwhiskey\/wp-content\/uploads\/2023\/05\/April_Static_17-1.jpg?tr=q-80,w-768 768w, https:\/\/ik.imagekit.io\/cvygf2xse\/jamesonwhiskey\/wp-content\/uploads\/2023\/05\/April_Static_17-1.jpg?tr=q-80,w-500 500w, https:\/\/ik.imagekit.io\/cvygf2xse\/jamesonwhiskey\/wp-content\/uploads\/2023\/05\/April_Static_17-1.jpg?tr=q-80,w-420 420w, https:\/\/ik.imagekit.io\/cvygf2xse\/jamesonwhiskey\/wp-content\/uploads\/2023\/05\/April_Static_17-1.jpg?tr=q-80,w-400 400w, https:\/\/ik.imagekit.io\/cvygf2xse\/jamesonwhiskey\/wp-content\/uploads\/2023\/05\/April_Static_17-1.jpg?tr=q-80,w-375 375w, https:\/\/ik.imagekit.io\/cvygf2xse\/jamesonwhiskey\/wp-content\/uploads\/2023\/05\/April_Static_17-1.jpg?tr=q-80,w-360 360w, https:\/\/ik.imagekit.io\/cvygf2xse\/jamesonwhiskey\/wp-content\/uploads\/2023\/05\/April_Static_17-1.jpg?tr=q-80,w-320 320w, https:\/\/ik.imagekit.io\/cvygf2xse\/jamesonwhiskey\/wp-content\/uploads\/2023\/05\/April_Static_17-1.jpg?tr=q-80,w-300 300w, https:\/\/ik.imagekit.io\/cvygf2xse\/jamesonwhiskey\/wp-content\/uploads\/2023\/05\/April_Static_17-1.jpg?tr=q-80,w-275 275w, https:\/\/ik.imagekit.io\/cvygf2xse\/jamesonwhiskey\/wp-content\/uploads\/2023\/05\/April_Static_17-1.jpg?tr=q-80,w-200 200w, https:\/\/ik.imagekit.io\/cvygf2xse\/jamesonwhiskey\/wp-content\/uploads\/2023\/05\/April_Static_17-1.jpg?tr=q-80,w-100 100w, \" sizes=\"(min-width: 1024px) 100vw, (min-width: 768px) 768px, (min-width: 414px) 500px, 250px\">\n                        <img decoding=\"async\" loading=\"lazy\" class=\"content-two-column__image\" src=\"https:\/\/ik.imagekit.io\/cvygf2xse\/jamesonwhiskey\/wp-content\/uploads\/2023\/05\/April_Static_17-1.jpg?tr=q-80,w-1440\" width=\"1440\" height=\"1800\" alt=\"Jameson branded hip flask being used while camping\">\n                    <\/picture>\n                                    <\/div>\n    <\/div>\n\n    \n    \n    <\/section>\n","protected":false},"excerpt":{"rendered":"","protected":false},"author":121,"featured_media":220657,"parent":520140,"menu_order":0,"comment_status":"closed","ping_status":"closed","template":"","meta":{"_acf_changed":false,"_seopress_robots_primary_cat":"","_seopress_titles_title":"How To Craft An Unforgettable Camping Experience with Mates.","_seopress_titles_desc":"Make your next camping trip unforgettable with Jameson Irish whiskey. Featuring tips &amp; tricks for the perfect location. And those packing essentials too. Italy","_seopress_robots_index":"","inline_featured_image":false,"footnotes":""},"categories":[],"tags":[],"our-world-category":[],"class_list":["post-520112","page","type-page","status-publish","has-post-thumbnail","hentry"],"acf":[],"_links":{"self":[{"href":"https:\/\/www.jamesonwhiskey.com\/it-it\/wp-json\/wp\/v2\/pages\/520112","targetHints":{"allow":["GET"]}}],"collection":[{"href":"https:\/\/www.jamesonwhiskey.com\/it-it\/wp-json\/wp\/v2\/pages"}],"about":[{"href":"https:\/\/www.jamesonwhiskey.com\/it-it\/wp-json\/wp\/v2\/types\/page"}],"author":[{"embeddable":true,"href":"https:\/\/www.jamesonwhiskey.com\/it-it\/wp-json\/wp\/v2\/users\/121"}],"replies":[{"embeddable":true,"href":"https:\/\/www.jamesonwhiskey.com\/it-it\/wp-json\/wp\/v2\/comments?post=520112"}],"version-history":[{"count":0,"href":"https:\/\/www.jamesonwhiskey.com\/it-it\/wp-json\/wp\/v2\/pages\/520112\/revisions"}],"up":[{"embeddable":true,"href":"https:\/\/www.jamesonwhiskey.com\/it-it\/wp-json\/wp\/v2\/pages\/520140"}],"wp:featuredmedia":[{"embeddable":true,"href":"https:\/\/www.jamesonwhiskey.com\/it-it\/wp-json\/wp\/v2\/media\/220657"}],"wp:attachment":[{"href":"https:\/\/www.jamesonwhiskey.com\/it-it\/wp-json\/wp\/v2\/media?parent=520112"}],"wp:term":[{"taxonomy":"category","embeddable":true,"href":"https:\/\/www.jamesonwhiskey.com\/it-it\/wp-json\/wp\/v2\/categories?post=520112"},{"taxonomy":"post_tag","embeddable":true,"href":"https:\/\/www.jamesonwhiskey.com\/it-it\/wp-json\/wp\/v2\/tags?post=520112"},{"taxonomy":"our-world-category","embeddable":true,"href":"https:\/\/www.jamesonwhiskey.com\/it-it\/wp-json\/wp\/v2\/our-world-category?post=520112"}],"curies":[{"name":"wp","href":"https:\/\/api.w.org\/{rel}","templated":true}]}}