{"id":589322,"date":"2023-07-06T12:55:55","date_gmt":"2023-07-06T12:55:55","guid":{"rendered":"https:\/\/www.jamesonwhiskey.com\/?page_id=589322"},"modified":"2025-03-18T15:41:23","modified_gmt":"2025-03-18T15:41:23","slug":"differenza-tra-bourbon-whiskey","status":"publish","type":"page","link":"https:\/\/www.jamesonwhiskey.com\/it-it\/whiskey-istruzioni-per-uso\/differenza-tra-bourbon-whiskey\/","title":{"rendered":"Differenza tra bourbon e whiskey"},"content":{"rendered":"\t<section id=\"block_1138d1cec016f4b219f46f6825c65373\" class=\"hero hero-halfscreen hero-halfscreen--filter hero-halfscreen--filter-opacity lazy\" data-assetkey=\"hero-halfscreen\" data-colour_filter='opacity' data-colour_filter_opacity='75'>\n\t\t\n\t<div class=\"hero-halfscreen__img_content\">\n\t\t\t\t\t<div class=\"hero-halfscreen__img_content-breadcrumbs\">\n\t\t\t\t\t\t\t\t\t            \n\t\t\t\t\t\t\t<\/div>\n\t\t\n\t\t\t\t\t\t\t\t\t\t\n\n                        \n        <picture class=\"hero-halfscreen__picture\">\n\t\t\t<source media=\"(min-width: 768px)\" class=\"hero-halfscreen__source hero-halfscreen__source--desktop\" srcset=\"https:\/\/ik.imagekit.io\/cvygf2xse\/jamesonwhiskey\/wp-content\/uploads\/2023\/04\/A-guide-to-Different-Whiskey-Types-Desktop-1-1.png?tr=q-80,w-768 768w, https:\/\/ik.imagekit.io\/cvygf2xse\/jamesonwhiskey\/wp-content\/uploads\/2023\/04\/A-guide-to-Different-Whiskey-Types-Desktop-1-1.png?tr=q-80,w-500 500w, https:\/\/ik.imagekit.io\/cvygf2xse\/jamesonwhiskey\/wp-content\/uploads\/2023\/04\/A-guide-to-Different-Whiskey-Types-Desktop-1-1.png?tr=q-80,w-420 420w, https:\/\/ik.imagekit.io\/cvygf2xse\/jamesonwhiskey\/wp-content\/uploads\/2023\/04\/A-guide-to-Different-Whiskey-Types-Desktop-1-1.png?tr=q-80,w-400 400w, https:\/\/ik.imagekit.io\/cvygf2xse\/jamesonwhiskey\/wp-content\/uploads\/2023\/04\/A-guide-to-Different-Whiskey-Types-Desktop-1-1.png?tr=q-80,w-375 375w, https:\/\/ik.imagekit.io\/cvygf2xse\/jamesonwhiskey\/wp-content\/uploads\/2023\/04\/A-guide-to-Different-Whiskey-Types-Desktop-1-1.png?tr=q-80,w-360 360w, https:\/\/ik.imagekit.io\/cvygf2xse\/jamesonwhiskey\/wp-content\/uploads\/2023\/04\/A-guide-to-Different-Whiskey-Types-Desktop-1-1.png?tr=q-80,w-320 320w, https:\/\/ik.imagekit.io\/cvygf2xse\/jamesonwhiskey\/wp-content\/uploads\/2023\/04\/A-guide-to-Different-Whiskey-Types-Desktop-1-1.png?tr=q-80,w-300 300w, https:\/\/ik.imagekit.io\/cvygf2xse\/jamesonwhiskey\/wp-content\/uploads\/2023\/04\/A-guide-to-Different-Whiskey-Types-Desktop-1-1.png?tr=q-80,w-275 275w, https:\/\/ik.imagekit.io\/cvygf2xse\/jamesonwhiskey\/wp-content\/uploads\/2023\/04\/A-guide-to-Different-Whiskey-Types-Desktop-1-1.png?tr=q-80,w-200 200w, https:\/\/ik.imagekit.io\/cvygf2xse\/jamesonwhiskey\/wp-content\/uploads\/2023\/04\/A-guide-to-Different-Whiskey-Types-Desktop-1-1.png?tr=q-80,w-100 100w, \" sizes=\"(min-width: 1440px) 100vw, (min-width: 1024px) 1024px, (min-width: 768px) 768px\">\n\t\t\t<source class=\"hero-halfscreen__source hero-halfscreen__source--mobile\" srcset=\"\" sizes=\"(min-width: 768px) 768px, (min-width: 500px) 500px, 250px\">\n\t\t\t<img loading=\"lazy\" decoding=\"async\" class=\"hero-halfscreen__image\" src=\"https:\/\/ik.imagekit.io\/cvygf2xse\/jamesonwhiskey\/wp-content\/uploads\/2023\/04\/A-guide-to-Different-Whiskey-Types-Desktop-1-1.png?tr=q-80,w-960\" width=\"960\" height=\"730\" alt=\"\" role=\"presentation\">\n\t\t<\/picture>\n\t<\/div>\n\n\t<div class=\"hero-halfscreen__content\">\n                \n\t\t\n\t\t<h1 class=\"h1\">Qual \u00e8 la differenza tra bourbon e whiskey?<\/h1>\n\n\t\t\t\t\t<div class=\"hero-halfscreen__content-intro wysiwyg\">\n\t\t\t\t<p>Partiamo della basi: <strong>il Bourbon \u00e8 un whiskey<\/strong>? Si, lo \u00e8. E noi siamo qui per raccontarti di tutto e di pi\u00f9 sulle differenze tra i due.<\/p>\n<p>Il whiskey, intanto \u00e8 una bevanda popolare in tutto il mondo, con una serie di variabili e metodi che rendono ogni whiskey unico per il luogo in cui viene prodotto: che sia in Irlanda, Scozia o in America con lo stile bourbon.<\/p>\n<p>La differenza fondamentale si trova solitamente, ma non sempre, negli <strong>ingredienti<\/strong> e nei <strong>metodi di produzione<\/strong> utilizzati. Per qualificarsi come bourbon, almeno il 51% dei cereali utilizzati deve essere mais, secondo la nota American Bourbon Association.<br \/>\nIl resto deve essere costituito da segale, grano o orzo maltato. Tutto sta nei dettagli.<\/p>\n\n\t\t\t<\/div>\n\t\t\n\t\t\t\t\t\t\t\t\n\t\t\t\t\t\t\t\t\t\t\t\t\n\n\t\t\t\n\t\t\t<\/div>\n<\/section>\n\n\n\n<a name=\"_ingredients\" class=\"anchor__name\"><\/a><section id=\"block_a29086a834ecf33ee7a72b4b42ace961\" class=\"content-two-column lazy full-width content-two-column--template-default content-two-column--orientation-default content-two-column--bg-light content-two-column--bg-img-default content-two-column--bg-img-color-none \" style=\"--bgImageColourFilter: 90%\" data-assetkey=\"content-two-column\">\n    <div class=\"content-two-column__wrapper\">\n        <div class=\"content-two-column__text\">\n            \n                        <div class=\"content-two-column__heading\">\n                                    <h3 class=\"h1\">Bourbon e whiskey: la differenza sta negli ingredienti<\/h3>\n                            <\/div>\n\n            \n            <div class=\"content-two-column__content wysiwyg\">\n                <p>La differenza fondamentale tra il bourbon whiskey e altri amati whiskey sta nella miscela, che influisce sul profilo aromatico.<\/p>\n<p>Per essere classificato come bourbon, il miscuglio utilizzato deve contenere \u2013 come detto \u2013 almeno il 51% di mais, e molti distillatori optano per una miscela di cereali che si aggira intorno al 65-75% di mais. Non \u00e8 un segreto che il mais sia considerato un cereale dolce. In altre parole, quando si parla di bourbon, non \u00e8 solo il gusto a essere dolce, ma anche l&#8217;ingrediente principale.<br \/>\nIl bourbon \u00e8 l\u2019autentico sogno dei puristi del whiskey: durante il processo di distillazione non si pu\u00f2 aggiungere nulla, tranne l&#8217;acqua. Ci\u00f2 significa che tutto il sapore deve provenire da cereali accuratamente selezionati e da botti di rovere nuove e carbonizzate. Le rigide norme hanno dato origine persino al Tennessee whiskey e al rye whiskey americano, in quanto alcuni marchi hanno voluto variare le cose con ingredienti aggiuntivi: che sottigliezze eh?<\/p>\n\n            <\/div>\n\n            \n        <\/div>\n\n        <div class=\"content-two-column__media\">\n                                                                                                                                                                        <picture class=\"content-two-column__picture\">\n                        <source class=\"content-two-column__source\" srcset=\"https:\/\/ik.imagekit.io\/cvygf2xse\/jamesonwhiskey\/wp-content\/uploads\/2022\/02\/heroLandscape_1600x900_CoopersCroze.jpeg?tr=q-80,w-1440 1440w, https:\/\/ik.imagekit.io\/cvygf2xse\/jamesonwhiskey\/wp-content\/uploads\/2022\/02\/heroLandscape_1600x900_CoopersCroze.jpeg?tr=q-80,w-1280 1280w, https:\/\/ik.imagekit.io\/cvygf2xse\/jamesonwhiskey\/wp-content\/uploads\/2022\/02\/heroLandscape_1600x900_CoopersCroze.jpeg?tr=q-80,w-1024 1024w, https:\/\/ik.imagekit.io\/cvygf2xse\/jamesonwhiskey\/wp-content\/uploads\/2022\/02\/heroLandscape_1600x900_CoopersCroze.jpeg?tr=q-80,w-768 768w, https:\/\/ik.imagekit.io\/cvygf2xse\/jamesonwhiskey\/wp-content\/uploads\/2022\/02\/heroLandscape_1600x900_CoopersCroze.jpeg?tr=q-80,w-500 500w, https:\/\/ik.imagekit.io\/cvygf2xse\/jamesonwhiskey\/wp-content\/uploads\/2022\/02\/heroLandscape_1600x900_CoopersCroze.jpeg?tr=q-80,w-420 420w, https:\/\/ik.imagekit.io\/cvygf2xse\/jamesonwhiskey\/wp-content\/uploads\/2022\/02\/heroLandscape_1600x900_CoopersCroze.jpeg?tr=q-80,w-400 400w, https:\/\/ik.imagekit.io\/cvygf2xse\/jamesonwhiskey\/wp-content\/uploads\/2022\/02\/heroLandscape_1600x900_CoopersCroze.jpeg?tr=q-80,w-375 375w, https:\/\/ik.imagekit.io\/cvygf2xse\/jamesonwhiskey\/wp-content\/uploads\/2022\/02\/heroLandscape_1600x900_CoopersCroze.jpeg?tr=q-80,w-360 360w, https:\/\/ik.imagekit.io\/cvygf2xse\/jamesonwhiskey\/wp-content\/uploads\/2022\/02\/heroLandscape_1600x900_CoopersCroze.jpeg?tr=q-80,w-320 320w, https:\/\/ik.imagekit.io\/cvygf2xse\/jamesonwhiskey\/wp-content\/uploads\/2022\/02\/heroLandscape_1600x900_CoopersCroze.jpeg?tr=q-80,w-300 300w, https:\/\/ik.imagekit.io\/cvygf2xse\/jamesonwhiskey\/wp-content\/uploads\/2022\/02\/heroLandscape_1600x900_CoopersCroze.jpeg?tr=q-80,w-275 275w, https:\/\/ik.imagekit.io\/cvygf2xse\/jamesonwhiskey\/wp-content\/uploads\/2022\/02\/heroLandscape_1600x900_CoopersCroze.jpeg?tr=q-80,w-200 200w, https:\/\/ik.imagekit.io\/cvygf2xse\/jamesonwhiskey\/wp-content\/uploads\/2022\/02\/heroLandscape_1600x900_CoopersCroze.jpeg?tr=q-80,w-100 100w, \" sizes=\"(min-width: 1024px) 100vw, (min-width: 768px) 768px, (min-width: 414px) 500px, 250px\">\n                        <img fetchpriority=\"high\" decoding=\"async\" loading=\"eager\" class=\"content-two-column__image\" src=\"https:\/\/ik.imagekit.io\/cvygf2xse\/jamesonwhiskey\/wp-content\/uploads\/2022\/02\/heroLandscape_1600x900_CoopersCroze.jpeg?tr=q-80,w-1600\" width=\"1600\" height=\"900\" alt=\"\">\n                    <\/picture>\n                                    <\/div>\n    <\/div>\n\n    \n    \n    <\/section>\n\n\n<a name=\"_ingredients\" class=\"anchor__name\"><\/a>\n<section id=\"block_1c9a96a23b92a24b2607448c8fe56bb3\"\n         class=\"content-one-column content-one-column--bg-dark full-width lazy\n        \n        \n        \" data-assetkey=\"content-one-column\">\n    <div class=\"content-one-column__content\">\n        \n                <div class=\"content-one-column__heading\">\n                            <h3 class=\"h1\">I diversi processi di invecchiamento di bourbon e whiskey<\/h3>\n                    <\/div>\n\n        \n                                                            <div class=\"content-one-column__text wysiwyg align_left_on_desktop\">\n                    <p>La quercia \u00e8 il vero VIP della maturazione di whiskey e bourbon: \u00e8 forte ma porosa e d\u00e0 al liquido lo spazio per respirare e sviluppare il suo sapore distinto. A differenza di altri legni, la quercia non perde colpi quando viene sovra-saturata. \u00c8 il partner affidabile e costante che ogni whiskey merita lungo il suo percorso<\/p>\n<p>Il Bourbon whiskey \u00e8 soggetto a regole molto severe: per legge, deve essere invecchiato in botti di rovere carbonizzate e nuove di zecca, senza additivi o coloranti. Per ottenere l&#8217;ambito titolo di &#8220;straight bourbon whiskey&#8221;, l&#8217;acquavite deve essere invecchiata in botti di rovere nuove e carbonizzate per almeno due anni.<br \/>\nVale la pena notare che queste botti possono essere utilizzate una sola volta per il bourbon, ma possono continuare a conferire il sapore distinto del bourbon nel processo di invecchiamento di altri liquori, come la tequila in Messico o lo scotch in Scozia. Un&#8217;eredit\u00e0 deliziosa!<\/p>\n<p>Il <a href=\"https:\/\/www.jamesonwhiskey.com\/it-it\/our-whiskey\/jameson-irish-whiskey\/\">Jameson Irish Whiskey<\/a> \u00e8 accuratamente realizzato con un processo di invecchiamento unico che prevede l&#8217;utilizzo di botti precedentemente utilizzate per l&#8217;invecchiamento del bourbon negli Stati Uniti e di un vino fortificato chiamato Sherry in Spagna. Questo permette alle botti di imprimere la loro personalit\u00e0 unica al whiskey, con note di legno tostato, vaniglia e sherry dolce che aggiungono complessit\u00e0 al prodotto finale.<br \/>\nInsomma, un vero matrimonio di sapori che eleva il Jameson Irish Whiskey\u00a0un nuovo livello di morbidezza.<\/p>\n<div class=\"content-two-column_content heading\">\n<h3 class=\"h1\"><span style=\"color: f1e6b2;\">Irlanda vs Kentucky<\/span><\/h3>\n<\/div>\n<p>Per ottenere l&#8217;ambita etichetta &#8220;Irish&#8221;, il whiskey irlandese deve maturare per almeno tre anni sull&#8217;isola, una regola che viene applicata rigorosamente. Non si pu\u00f2 derogare.<\/p>\n<p>Il bourbon, al contrario \u00e8 una bevanda patriottica che pu\u00f2 nascere solo sul suolo americano, mentre il whiskey \u00e8 una bevanda mondana che, in alternativa, pu\u00f2 essere prodotta in luoghi come Brooklyn e Scozia.<br \/>\nNel 1964 il Congresso ha concesso al bourbon il titolo di &#8220;spirito nativo d&#8217;America&#8221;, richiedendo che venisse distillato esclusivamente negli Stati Uniti. Anche se tecnicamente il bourbon pu\u00f2 essere prodotto in qualsiasi parte del Paese, \u00e8 il Kentucky a regnare sovrano come capitale del bourbon, sfornando l&#8217;incredibile 95% dell&#8217;offerta mondiale di bourbon whiskey.<\/p>\n\n                <\/div>\n                        <\/div>\n\n    <\/section>\n\n\n\n<a name=\"_ingredients\" class=\"anchor__name\"><\/a><section id=\"block_711babc8d98cc069ccd40ee3e61a3770\" class=\"content-two-column lazy full-width content-two-column--template-default content-two-column--orientation-default content-two-column--bg-light content-two-column--bg-img-default content-two-column--bg-img-color-none \" style=\"--bgImageColourFilter: 90%\" data-assetkey=\"content-two-column\">\n    <div class=\"content-two-column__wrapper\">\n        <div class=\"content-two-column__text\">\n            \n                        <div class=\"content-two-column__heading\">\n                                    <h3 class=\"h1\">Differenza di gusto tra bourbon e whiskey<\/h3>\n                            <\/div>\n\n            \n            <div class=\"content-two-column__content wysiwyg\">\n                <p>Il whiskey irlandese \u00e8 l&#8217;operatore pi\u00f9 liscio del mondo del whiskey, noto per il suo sapore distintamente morbido. E Jameson Irish Whiskey incarna proprio questa vellutata morbidezza.<\/p>\n<p>Al contrario, il bourbon non riesce ad eguagliare i sottili profili di sapore che elevano il whiskey irlandese a vera e propria scelta da intenditori. Il bourbon \u00e8 il dolce parlante del mondo del whiskey, che si fa strada nelle nostre papille gustative con una deliziosa miscela di vaniglia, quercia e note speziate di caramello.<\/p>\n\n            <\/div>\n\n            \n        <\/div>\n\n        <div class=\"content-two-column__media\">\n                                                                                                                                                                        <picture class=\"content-two-column__picture\">\n                        <source class=\"content-two-column__source\" srcset=\"https:\/\/ik.imagekit.io\/cvygf2xse\/jamesonwhiskey\/wp-content\/uploads\/2023\/02\/WHISKEY-ISTRUZIONI-PER-LUSO-1-1.jpg?tr=q-80,w-100 100w, \" sizes=\"(min-width: 1024px) 100vw, (min-width: 768px) 768px, (min-width: 414px) 500px, 250px\">\n                        <img decoding=\"async\" loading=\"lazy\" class=\"content-two-column__image\" src=\"https:\/\/ik.imagekit.io\/cvygf2xse\/jamesonwhiskey\/wp-content\/uploads\/2023\/02\/WHISKEY-ISTRUZIONI-PER-LUSO-1-1.jpg?tr=q-80,w-141\" width=\"141\" height=\"176\" alt=\"whiskey istruzioni per luso\">\n                    <\/picture>\n                                    <\/div>\n    <\/div>\n\n    \n    \n    <\/section>\n\n\n\n<a name=\"_ingredients\" class=\"anchor__name\"><\/a><section id=\"block_58b28eb8595d4820718a6faa15af9217\" class=\"content-two-column lazy full-width content-two-column--template-default content-two-column--orientation-default content-two-column--bg-dark content-two-column--bg-img-default content-two-column--bg-img-color-none \" style=\"--bgImageColourFilter: 90%\" data-assetkey=\"content-two-column\">\n    <div class=\"content-two-column__wrapper\">\n        <div class=\"content-two-column__text\">\n            \n                        <div class=\"content-two-column__heading\">\n                                    <h3 class=\"h1\">Per finire, un cocktail a testa<\/h3>\n                            <\/div>\n\n            \n            <div class=\"content-two-column__content wysiwyg\">\n                <p>&#8211; <strong>Mint Julep<\/strong>: il Bourbon whiskey \u00e8 tradizionalmente associato a questo cocktail, amato soprattutto dagli amanti delle corse a cavallo. A proposito, ti facciamo assaggiare una nostra versione rivisitata: l\u2019<a href=\"https:\/\/www.jamesonwhiskey.com\/it-it\/cocktail-recipes\/the-honey-julep\/\">Honey Julep<\/a>.<br \/>\n&#8211; <strong>Whiskey Sour<\/strong>: il tradizionale whiskey irlandese non si pu\u00f2 invece non associare al nostro <a href=\"https:\/\/www.jamesonwhiskey.com\/it-it\/cocktail-recipes\/classic-whiskey-sour\/\">whiskey sour<\/a>. Vai sul sicuro e offrilo ai tuoi amici.<\/p>\n\n            <\/div>\n\n            \n        <\/div>\n\n        <div class=\"content-two-column__media\">\n                                                                                                                                                                        <picture class=\"content-two-column__picture\">\n                        <source class=\"content-two-column__source\" srcset=\"https:\/\/ik.imagekit.io\/cvygf2xse\/jamesonwhiskey\/wp-content\/uploads\/2021\/11\/secret-whiskey-tasting.jpg?tr=q-80,w-500 500w, https:\/\/ik.imagekit.io\/cvygf2xse\/jamesonwhiskey\/wp-content\/uploads\/2021\/11\/secret-whiskey-tasting.jpg?tr=q-80,w-420 420w, https:\/\/ik.imagekit.io\/cvygf2xse\/jamesonwhiskey\/wp-content\/uploads\/2021\/11\/secret-whiskey-tasting.jpg?tr=q-80,w-400 400w, https:\/\/ik.imagekit.io\/cvygf2xse\/jamesonwhiskey\/wp-content\/uploads\/2021\/11\/secret-whiskey-tasting.jpg?tr=q-80,w-375 375w, https:\/\/ik.imagekit.io\/cvygf2xse\/jamesonwhiskey\/wp-content\/uploads\/2021\/11\/secret-whiskey-tasting.jpg?tr=q-80,w-360 360w, https:\/\/ik.imagekit.io\/cvygf2xse\/jamesonwhiskey\/wp-content\/uploads\/2021\/11\/secret-whiskey-tasting.jpg?tr=q-80,w-320 320w, https:\/\/ik.imagekit.io\/cvygf2xse\/jamesonwhiskey\/wp-content\/uploads\/2021\/11\/secret-whiskey-tasting.jpg?tr=q-80,w-300 300w, https:\/\/ik.imagekit.io\/cvygf2xse\/jamesonwhiskey\/wp-content\/uploads\/2021\/11\/secret-whiskey-tasting.jpg?tr=q-80,w-275 275w, https:\/\/ik.imagekit.io\/cvygf2xse\/jamesonwhiskey\/wp-content\/uploads\/2021\/11\/secret-whiskey-tasting.jpg?tr=q-80,w-200 200w, https:\/\/ik.imagekit.io\/cvygf2xse\/jamesonwhiskey\/wp-content\/uploads\/2021\/11\/secret-whiskey-tasting.jpg?tr=q-80,w-100 100w, \" sizes=\"(min-width: 1024px) 100vw, (min-width: 768px) 768px, (min-width: 414px) 500px, 250px\">\n                        <img decoding=\"async\" loading=\"lazy\" class=\"content-two-column__image\" src=\"https:\/\/ik.imagekit.io\/cvygf2xse\/jamesonwhiskey\/wp-content\/uploads\/2021\/11\/secret-whiskey-tasting.jpg?tr=q-80,w-760\" width=\"760\" height=\"760\" alt=\"Whiskey Tasting Jameson\">\n                    <\/picture>\n                                    <\/div>\n    <\/div>\n\n    \n    \n    <\/section>\n\n\n\n<section id=\"block_4d8a6587674a082fdba573d3ad1605b4\" class=\"newsletter-banner full-width lazy\" data-assetkey=\"newsletter-banner\">\n\t\t<div class=\"newsletter-banner__content\">\n\t\t\t<div class=\"newsletter-banner__bg\">\n\t\t\t\t\t\t\t\t\t\t\t\t\t\t\t\t\t\t\t\t\t\t\t\t\t\t\t\t\t\t\t\t\t\t\t\t\t\t\t\t\t\t\t\t\t\t\t\t\t\t\t\t\t\t<picture class=\"\">\n\t\t\t\t\t\t<source media=\"(min-width: 768px)\" class=\"\" srcset=\"https:\/\/ik.imagekit.io\/cvygf2xse\/jamesonwhiskey\/wp-content\/uploads\/2022\/01\/ECRM_BANNER_DESKTOP.jpg?tr=q-80,w-1024 1024w, https:\/\/ik.imagekit.io\/cvygf2xse\/jamesonwhiskey\/wp-content\/uploads\/2022\/01\/ECRM_BANNER_DESKTOP.jpg?tr=q-80,w-768 768w, https:\/\/ik.imagekit.io\/cvygf2xse\/jamesonwhiskey\/wp-content\/uploads\/2022\/01\/ECRM_BANNER_DESKTOP.jpg?tr=q-80,w-500 500w, https:\/\/ik.imagekit.io\/cvygf2xse\/jamesonwhiskey\/wp-content\/uploads\/2022\/01\/ECRM_BANNER_DESKTOP.jpg?tr=q-80,w-420 420w, https:\/\/ik.imagekit.io\/cvygf2xse\/jamesonwhiskey\/wp-content\/uploads\/2022\/01\/ECRM_BANNER_DESKTOP.jpg?tr=q-80,w-400 400w, https:\/\/ik.imagekit.io\/cvygf2xse\/jamesonwhiskey\/wp-content\/uploads\/2022\/01\/ECRM_BANNER_DESKTOP.jpg?tr=q-80,w-375 375w, https:\/\/ik.imagekit.io\/cvygf2xse\/jamesonwhiskey\/wp-content\/uploads\/2022\/01\/ECRM_BANNER_DESKTOP.jpg?tr=q-80,w-360 360w, https:\/\/ik.imagekit.io\/cvygf2xse\/jamesonwhiskey\/wp-content\/uploads\/2022\/01\/ECRM_BANNER_DESKTOP.jpg?tr=q-80,w-320 320w, https:\/\/ik.imagekit.io\/cvygf2xse\/jamesonwhiskey\/wp-content\/uploads\/2022\/01\/ECRM_BANNER_DESKTOP.jpg?tr=q-80,w-300 300w, https:\/\/ik.imagekit.io\/cvygf2xse\/jamesonwhiskey\/wp-content\/uploads\/2022\/01\/ECRM_BANNER_DESKTOP.jpg?tr=q-80,w-275 275w, https:\/\/ik.imagekit.io\/cvygf2xse\/jamesonwhiskey\/wp-content\/uploads\/2022\/01\/ECRM_BANNER_DESKTOP.jpg?tr=q-80,w-200 200w, https:\/\/ik.imagekit.io\/cvygf2xse\/jamesonwhiskey\/wp-content\/uploads\/2022\/01\/ECRM_BANNER_DESKTOP.jpg?tr=q-80,w-100 100w, \" sizes=\"(min-width: 1440px) 100vw, (min-width: 1024px) 1024px, (min-width: 768px) 768px\">\n\t\t\t\t\t\t<source class=\"\" srcset=\"https:\/\/ik.imagekit.io\/cvygf2xse\/jamesonwhiskey\/wp-content\/uploads\/2023\/02\/ECRM_BANNER_MOBILE-285x300-1.png?tr=q-80,w-275 275w, https:\/\/ik.imagekit.io\/cvygf2xse\/jamesonwhiskey\/wp-content\/uploads\/2023\/02\/ECRM_BANNER_MOBILE-285x300-1.png?tr=q-80,w-200 200w, https:\/\/ik.imagekit.io\/cvygf2xse\/jamesonwhiskey\/wp-content\/uploads\/2023\/02\/ECRM_BANNER_MOBILE-285x300-1.png?tr=q-80,w-100 100w, \" sizes=\"(min-width: 768px) 768px, (min-width: 500px) 500px, 250px\">\n\t\t\t\t\t\t<img decoding=\"async\" loading=\"lazy\" class=\"\" src=\"https:\/\/ik.imagekit.io\/cvygf2xse\/jamesonwhiskey\/wp-content\/uploads\/2022\/01\/ECRM_BANNER_DESKTOP.jpg?tr=q-80,w-1200\" width=\"1200\" height=\"362\" alt=\"\" role=\"presentation\">\n\t\t\t\t\t<\/picture>\n\t\t\t\t\t\t\t<\/div>\n\n\t\t\t<div class=\"newsletter-banner__footer\"><\/div>\n\n\t\t\t<div class=\"newsletter-banner__text\">\n\t\t\t\t\n\n<div class=\"subheading \">\n        <div>\n        <svg width=\"40px\" height=\"2px\" viewBox=\"0 0 40 2\" version=\"1.1\" aria-hidden=\"true\" xmlns=\"http:\/\/www.w3.org\/2000\/svg\" xmlns:xlink=\"http:\/\/www.w3.org\/1999\/xlink\">\n            <g stroke=\"none\" stroke-width=\"2\" fill=\"none\" fill-rule=\"evenodd\">\n                <g transform=\"translate(-20.000000, -916.000000)\" fill=\"#FFF\">\n                    <g transform=\"translate(20.000000, 904.000000)\">\n                        <g>\n                            <rect x=\"0\" y=\"12\" width=\"40\" height=\"2\"><\/rect>\n                        <\/g>\n                    <\/g>\n                <\/g>\n            <\/g>\n        <\/svg>\n    <\/div>\n    \n    <span class=\"h6\">Newsletter  <\/span>\n<\/div>\n\n\t\t\t\t<h3 class=\"h1\">\n\t\t\t\t\t<span>Iscriviti per ricevere<\/span>\n\t\t\t\t\t\t\t\t\t\t\t<br>\n\t\t\t\t\t\t<span>notizie e inviti esclusivi<\/span>\n\t\t\t\t\t\t\t\t\t<\/h3>\n\t\t\t<\/div>\n\n\t\t\t\t\t\t\t\t\t\t\t\t\t\t\t\t\t\t\t\t\t\n\t\t\t<div class=\"newsletter-banner__button\">\n\t\t\t\n\t\t\t\t\t\t\t\t\t<a\n\t\t\t\t\t\thref=\" https:\/\/www.jamesonwhiskey.com\/it-it\/jclub\/ \"\t\t\t\t\t\tclass=\"btn--primary\"\n\t\t\t\t\t\t\t\t\t\t\t\t\t\t\t\t\t>\n\t\t\t\t\t\tIscriviti\n\t\t\t\t\t<\/a>\n\t\t\t\t\t\t\t<\/div>\n\t\t\t<div class=\"newsletter-banner__bottle\">\n\t\t\t\t\t\t\t\t\t\t\t\t\t\t\t\t\t\t\t\t\t\t\t\t<img decoding=\"async\" src=\"https:\/\/ik.imagekit.io\/cvygf2xse\/jamesonwhiskey\/wp-content\/uploads\/2023\/02\/Jameson_image-964x418-1-130x300-1.png?tr=q-80,w-130\" class=\"img-fluid\" alt=\"\" role=\"presentation\" width=\"418\" height=\"964\" loading=\"lazy\">\n\t\t\t\t\t\t\t<\/div>\n\t\t<\/div>\n\t<\/section>\n","protected":false},"excerpt":{"rendered":"","protected":false},"author":105,"featured_media":487286,"parent":304714,"menu_order":0,"comment_status":"closed","ping_status":"closed","template":"","meta":{"_acf_changed":false,"_seopress_robots_primary_cat":"","_seopress_titles_title":"Differenza tra bourbon e whiskey | Jameson Irish Whiskey","_seopress_titles_desc":"Scopri le differenze e similitudini nel gusto e nel sapore tra il whiskey e il bourbon","_seopress_robots_index":"","inline_featured_image":false,"footnotes":""},"categories":[],"tags":[],"our-world-category":[],"class_list":["post-589322","page","type-page","status-publish","has-post-thumbnail","hentry"],"acf":[],"_links":{"self":[{"href":"https:\/\/www.jamesonwhiskey.com\/it-it\/wp-json\/wp\/v2\/pages\/589322","targetHints":{"allow":["GET"]}}],"collection":[{"href":"https:\/\/www.jamesonwhiskey.com\/it-it\/wp-json\/wp\/v2\/pages"}],"about":[{"href":"https:\/\/www.jamesonwhiskey.com\/it-it\/wp-json\/wp\/v2\/types\/page"}],"author":[{"embeddable":true,"href":"https:\/\/www.jamesonwhiskey.com\/it-it\/wp-json\/wp\/v2\/users\/105"}],"replies":[{"embeddable":true,"href":"https:\/\/www.jamesonwhiskey.com\/it-it\/wp-json\/wp\/v2\/comments?post=589322"}],"version-history":[{"count":0,"href":"https:\/\/www.jamesonwhiskey.com\/it-it\/wp-json\/wp\/v2\/pages\/589322\/revisions"}],"up":[{"embeddable":true,"href":"https:\/\/www.jamesonwhiskey.com\/it-it\/wp-json\/wp\/v2\/pages\/304714"}],"wp:featuredmedia":[{"embeddable":true,"href":"https:\/\/www.jamesonwhiskey.com\/it-it\/wp-json\/wp\/v2\/media\/487286"}],"wp:attachment":[{"href":"https:\/\/www.jamesonwhiskey.com\/it-it\/wp-json\/wp\/v2\/media?parent=589322"}],"wp:term":[{"taxonomy":"category","embeddable":true,"href":"https:\/\/www.jamesonwhiskey.com\/it-it\/wp-json\/wp\/v2\/categories?post=589322"},{"taxonomy":"post_tag","embeddable":true,"href":"https:\/\/www.jamesonwhiskey.com\/it-it\/wp-json\/wp\/v2\/tags?post=589322"},{"taxonomy":"our-world-category","embeddable":true,"href":"https:\/\/www.jamesonwhiskey.com\/it-it\/wp-json\/wp\/v2\/our-world-category?post=589322"}],"curies":[{"name":"wp","href":"https:\/\/api.w.org\/{rel}","templated":true}]}}