{"id":594568,"date":"2023-07-11T14:13:42","date_gmt":"2023-07-11T14:13:42","guid":{"rendered":"https:\/\/www.jamesonwhiskey.com\/?page_id=594568"},"modified":"2025-02-12T08:07:07","modified_gmt":"2025-02-12T08:07:07","slug":"whiskey-on-the-rocks","status":"publish","type":"page","link":"https:\/\/www.jamesonwhiskey.com\/it-it\/whiskey-istruzioni-per-uso\/whiskey-on-the-rocks\/","title":{"rendered":"Scopri l\u2019arte del whiskey on the rocks"},"content":{"rendered":"\t<section id=\"block_32b338102a79dbdeae7b9854f205843d\" class=\"hero hero-halfscreen hero-halfscreen--filter hero-halfscreen--filter-opacity lazy\" data-assetkey=\"hero-halfscreen\" data-colour_filter='opacity' data-colour_filter_opacity='75'>\n\t\t\n\t<div class=\"hero-halfscreen__img_content\">\n\t\t\t\t\t<div class=\"hero-halfscreen__img_content-breadcrumbs\">\n\t\t\t\t\t\t\t\t\t            \n\t\t\t\t\t\t\t<\/div>\n\t\t\n\t\t\t\t\t\t\t\t\t\t\n\n                        \n        <picture class=\"hero-halfscreen__picture\">\n\t\t\t<source media=\"(min-width: 768px)\" class=\"hero-halfscreen__source hero-halfscreen__source--desktop\" srcset=\"https:\/\/ik.imagekit.io\/cvygf2xse\/jamesonwhiskey\/wp-content\/uploads\/2022\/06\/science-of-taste_960x730.png?tr=q-80,w-768 768w, https:\/\/ik.imagekit.io\/cvygf2xse\/jamesonwhiskey\/wp-content\/uploads\/2022\/06\/science-of-taste_960x730.png?tr=q-80,w-500 500w, https:\/\/ik.imagekit.io\/cvygf2xse\/jamesonwhiskey\/wp-content\/uploads\/2022\/06\/science-of-taste_960x730.png?tr=q-80,w-420 420w, https:\/\/ik.imagekit.io\/cvygf2xse\/jamesonwhiskey\/wp-content\/uploads\/2022\/06\/science-of-taste_960x730.png?tr=q-80,w-400 400w, https:\/\/ik.imagekit.io\/cvygf2xse\/jamesonwhiskey\/wp-content\/uploads\/2022\/06\/science-of-taste_960x730.png?tr=q-80,w-375 375w, https:\/\/ik.imagekit.io\/cvygf2xse\/jamesonwhiskey\/wp-content\/uploads\/2022\/06\/science-of-taste_960x730.png?tr=q-80,w-360 360w, https:\/\/ik.imagekit.io\/cvygf2xse\/jamesonwhiskey\/wp-content\/uploads\/2022\/06\/science-of-taste_960x730.png?tr=q-80,w-320 320w, https:\/\/ik.imagekit.io\/cvygf2xse\/jamesonwhiskey\/wp-content\/uploads\/2022\/06\/science-of-taste_960x730.png?tr=q-80,w-300 300w, https:\/\/ik.imagekit.io\/cvygf2xse\/jamesonwhiskey\/wp-content\/uploads\/2022\/06\/science-of-taste_960x730.png?tr=q-80,w-275 275w, https:\/\/ik.imagekit.io\/cvygf2xse\/jamesonwhiskey\/wp-content\/uploads\/2022\/06\/science-of-taste_960x730.png?tr=q-80,w-200 200w, https:\/\/ik.imagekit.io\/cvygf2xse\/jamesonwhiskey\/wp-content\/uploads\/2022\/06\/science-of-taste_960x730.png?tr=q-80,w-100 100w, \" sizes=\"(min-width: 1440px) 100vw, (min-width: 1024px) 1024px, (min-width: 768px) 768px\">\n\t\t\t<source class=\"hero-halfscreen__source hero-halfscreen__source--mobile\" srcset=\"\" sizes=\"(min-width: 768px) 768px, (min-width: 500px) 500px, 250px\">\n\t\t\t<img loading=\"lazy\" decoding=\"async\" class=\"hero-halfscreen__image\" src=\"https:\/\/ik.imagekit.io\/cvygf2xse\/jamesonwhiskey\/wp-content\/uploads\/2022\/06\/science-of-taste_960x730.png?tr=q-80,w-960\" width=\"960\" height=\"730\" alt=\"\" role=\"presentation\">\n\t\t<\/picture>\n\t<\/div>\n\n\t<div class=\"hero-halfscreen__content\">\n                \n\t\t\n\t\t<h1 class=\"h1\">Scopri l\u2019arte del whiskey on the rocks<\/h1>\n\n\t\t\t\t\t<div class=\"hero-halfscreen__content-intro wysiwyg\">\n\t\t\t\t<p>Il whiskey on the rocks \u00e8 una bevanda che viene servita direttamente con cubetti di ghiaccio. \u00c8 un modo popolare di bere il whiskey, perch\u00e9 il ghiaccio aiuta a raffreddare e diluire la bevanda, rendendola pi\u00f9 rinfrescante.<\/p>\n<p>L&#8217;aggiunta di un po&#8217; di ghiaccio al whiskey pu\u00f2 migliorare l&#8217;esperienza di consumo, non solo raffreddandolo ma anche diluendone leggermente la forza. Quindi, se non ami bere il vostro whiskey liscio, prova ad aggiungere qualche cubetto di ghiaccio per esaltare il sapore\u2026 e fatti stuzzicare da quel brivido di freschezza lungo la schiena.<\/p>\n\n\t\t\t<\/div>\n\t\t\n\t\t\t\t\t\t\t\t\n\t\t\t\t\t\t\t\t\t\t\t\t\n\n\t\t\t\n\t\t\t<\/div>\n<\/section>\n\n\n<a name=\"_ingredients\" class=\"anchor__name\"><\/a>\n<section id=\"block_ad0f12ea1b66fe878c0626ac9e4ada68\"\n         class=\"content-one-column content-one-column--bg-light full-width lazy\n        \n        \n        \" data-assetkey=\"content-one-column\">\n    <div class=\"content-one-column__content\">\n        \n                <div class=\"content-one-column__heading\">\n                            <h2 class=\"h1\">Cos&#8217;\u00e8 il whiskey on the rocks: significato<\/h2>\n                    <\/div>\n\n        \n                                                            <div class=\"content-one-column__text wysiwyg align_left_on_desktop\">\n                    <p>Avviso ai naviganti: il tipo di ghiaccio scelto pu\u00f2 influire notevolmente sul sapore del whiskey.<br \/>\nOpta per dei cubetti di ghiaccio grandi e trasparenti per uno scioglimento lento che non sovrasti i sapori delicati del tuo drink. Il ghiaccio tritato, invece, \u00e8 da evitare perch\u00e9 pu\u00f2 diluire rapidamente il whiskey e alterarne il gusto. Quindi, la prossima volta che ti verserai un bicchiere di whiskey, ricordatevi di scegliere il ghiaccio con saggezza. Ti stai gi\u00e0 annoiando? Aspetta<\/p>\n\n                <\/div>\n                        <\/div>\n\n    <\/section>\n\n\n\n<a name=\"_ingredients\" class=\"anchor__name\"><\/a><section id=\"block_eed3223056c27874eb32d4dd29296346\" class=\"content-two-column lazy full-width content-two-column--template-default content-two-column--orientation-default content-two-column--bg-dark content-two-column--bg-img-default content-two-column--bg-img-color-none \" style=\"--bgImageColourFilter: 90%\" data-assetkey=\"content-two-column\">\n    <div class=\"content-two-column__wrapper\">\n        <div class=\"content-two-column__text\">\n            \n                        <div class=\"content-two-column__heading\">\n                                    <h2 class=\"h1\">Duello all\u2019ultimo whiskey: on the rocks vs liscio<\/h2>\n                            <\/div>\n\n            \n            <div class=\"content-two-column__content wysiwyg\">\n                <p>Un annoso dubbio che accomuna da sempre tutti gli appassionati di whiskey\u2026<br \/>\nAlcuni preferiscono il sapore audace e ardente del whiskey liscio, mentre altri apprezzano la maggiore diluizione e il freddo del whiskey con ghiaccio.<br \/>\nIl modo migliore per scoprire qual \u00e8 quello giusto per te \u00e8 provarli entrambi e vedere quale si adatta meglio ai tuoi gusti: non aspettavi altro eh?<\/p>\n<p>Chi \u00e8 gi\u00e0 oggi un fervido appassionato di whiskey pu\u00f2 provare a sorseggiarlo liscio, ma chi si avvicina per la prima volta al mondo del whiskey pu\u00f2 iniziare con un whiskey con ghiaccio\u2026 subito, che gi\u00e0 sei in ritardo.<\/p>\n\n            <\/div>\n\n            \n        <\/div>\n\n        <div class=\"content-two-column__media\">\n                                                                                                                                                                        <picture class=\"content-two-column__picture\">\n                        <source class=\"content-two-column__source\" srcset=\"https:\/\/ik.imagekit.io\/cvygf2xse\/jamesonwhiskey\/wp-content\/uploads\/2022\/01\/blackbarrel_hero_5.jpg?tr=q-80,w-500 500w, https:\/\/ik.imagekit.io\/cvygf2xse\/jamesonwhiskey\/wp-content\/uploads\/2022\/01\/blackbarrel_hero_5.jpg?tr=q-80,w-420 420w, https:\/\/ik.imagekit.io\/cvygf2xse\/jamesonwhiskey\/wp-content\/uploads\/2022\/01\/blackbarrel_hero_5.jpg?tr=q-80,w-400 400w, https:\/\/ik.imagekit.io\/cvygf2xse\/jamesonwhiskey\/wp-content\/uploads\/2022\/01\/blackbarrel_hero_5.jpg?tr=q-80,w-375 375w, https:\/\/ik.imagekit.io\/cvygf2xse\/jamesonwhiskey\/wp-content\/uploads\/2022\/01\/blackbarrel_hero_5.jpg?tr=q-80,w-360 360w, https:\/\/ik.imagekit.io\/cvygf2xse\/jamesonwhiskey\/wp-content\/uploads\/2022\/01\/blackbarrel_hero_5.jpg?tr=q-80,w-320 320w, https:\/\/ik.imagekit.io\/cvygf2xse\/jamesonwhiskey\/wp-content\/uploads\/2022\/01\/blackbarrel_hero_5.jpg?tr=q-80,w-300 300w, https:\/\/ik.imagekit.io\/cvygf2xse\/jamesonwhiskey\/wp-content\/uploads\/2022\/01\/blackbarrel_hero_5.jpg?tr=q-80,w-275 275w, https:\/\/ik.imagekit.io\/cvygf2xse\/jamesonwhiskey\/wp-content\/uploads\/2022\/01\/blackbarrel_hero_5.jpg?tr=q-80,w-200 200w, https:\/\/ik.imagekit.io\/cvygf2xse\/jamesonwhiskey\/wp-content\/uploads\/2022\/01\/blackbarrel_hero_5.jpg?tr=q-80,w-100 100w, \" sizes=\"(min-width: 1024px) 100vw, (min-width: 768px) 768px, (min-width: 414px) 500px, 250px\">\n                        <img decoding=\"async\" loading=\"lazy\" class=\"content-two-column__image\" src=\"https:\/\/ik.imagekit.io\/cvygf2xse\/jamesonwhiskey\/wp-content\/uploads\/2022\/01\/blackbarrel_hero_5.jpg?tr=q-80,w-750\" width=\"750\" height=\"750\" alt=\"Whiskey on the Rocks\">\n                    <\/picture>\n                                    <\/div>\n    <\/div>\n\n    \n    \n    <\/section>\n\n\n<a name=\"_ingredients\" class=\"anchor__name\"><\/a>\n<section id=\"block_9588b507638808d3d62ed980922448e6\"\n         class=\"content-one-column content-one-column--bg-light full-width lazy\n        \n        \n        \" data-assetkey=\"content-one-column\">\n    <div class=\"content-one-column__content\">\n        \n                <div class=\"content-one-column__heading\">\n                            <h2 class=\"h1\">Come preparare il whiskey on the rocks<\/h2>\n                    <\/div>\n\n        \n                                                            <div class=\"content-one-column__text wysiwyg align_left_on_desktop\">\n                    <p>Per rendere il tuo whiskey con ghiaccio davvero irresistibile, segui questi semplici passaggi:<\/p>\n<p>1. Riempi il bicchiere da whiskey con 2-3 cubetti di ghiaccio.<br \/>\n2. Versa con cura il whiskey.<br \/>\n3. Mescola delicatamente la bevanda per amalgamare gli aromi e risvegliare l\u2019anima del whiskey.<br \/>\n4. Lascia raffreddare il whiskey per un momento, per permettere ai sapori di mescolarsi e al ghiaccio di fare la sua magia.<br \/>\n5. Bevi un sorso e lasciati avvolgere dall\u2019Irlanda in tutta la sua essenza. Cheers!<\/p>\n\n                <\/div>\n                        <\/div>\n\n    <\/section>\n\n\n<a name=\"_ingredients\" class=\"anchor__name\"><\/a>\n<section id=\"block_33e209495249c6965ac44b32bd96d66e\"\n         class=\"content-one-column content-one-column--bg-dark full-width lazy\n        \n        \n        \" data-assetkey=\"content-one-column\">\n    <div class=\"content-one-column__content\">\n        \n                <div class=\"content-one-column__heading\">\n                            <h2 class=\"h1\">Quanto whiskey per l&#8217;on the rocks?<\/h2>\n                    <\/div>\n\n        \n                                                            <div class=\"content-one-column__text wysiwyg align_left_on_desktop\">\n                    <p>Per un&#8217;esperienza perfetta, versa 50 ml del tuo Jameson Whiskey preferito su 2 cubetti di ghiaccio nel bicchiere che hai scelto. Questa quantit\u00e0 permette ai sapori del whiskey di risaltare, senza essere sovrastati dal gusto del ghiaccio.<\/p>\n\n                <\/div>\n                        <\/div>\n\n    <\/section>\n\n\n\n<a name=\"_ingredients\" class=\"anchor__name\"><\/a><section id=\"block_27c51af6fd976670c297bc0f42ab3461\" class=\"content-two-column lazy full-width content-two-column--template-default content-two-column--orientation-inverted content-two-column--bg-dark content-two-column--bg-img-default content-two-column--bg-img-color-none \" style=\"--bgImageColourFilter: 90%\" data-assetkey=\"content-two-column\">\n    <div class=\"content-two-column__wrapper\">\n        <div class=\"content-two-column__text\">\n            \n                        <div class=\"content-two-column__heading\">\n                                    <h2 class=\"h1\">Il miglior bicchiere per il whiskey on the rocks<\/h2>\n                            <\/div>\n\n            \n            <div class=\"content-two-column__content wysiwyg\">\n                <p>Il tipo di bicchiere che si utilizza pu\u00f2 rendere il sapore del whiskey pi\u00f9 o meno intenso. Un bicchiere rocks o tumbler \u00e8 una buona scelta per sorseggiare con ghiaccio. Questi bicchieri sono corti e larghi, perfetti per mantenere il whiskey freddo alla perfezione. <\/p>\n\n            <\/div>\n\n            \n        <\/div>\n\n        <div class=\"content-two-column__media\">\n                                                                                                                                                                        <picture class=\"content-two-column__picture\">\n                        <source class=\"content-two-column__source\" srcset=\"https:\/\/ik.imagekit.io\/cvygf2xse\/jamesonwhiskey\/wp-content\/uploads\/2022\/05\/3-2-1-min.png?tr=q-80,w-500 500w, https:\/\/ik.imagekit.io\/cvygf2xse\/jamesonwhiskey\/wp-content\/uploads\/2022\/05\/3-2-1-min.png?tr=q-80,w-420 420w, https:\/\/ik.imagekit.io\/cvygf2xse\/jamesonwhiskey\/wp-content\/uploads\/2022\/05\/3-2-1-min.png?tr=q-80,w-400 400w, https:\/\/ik.imagekit.io\/cvygf2xse\/jamesonwhiskey\/wp-content\/uploads\/2022\/05\/3-2-1-min.png?tr=q-80,w-375 375w, https:\/\/ik.imagekit.io\/cvygf2xse\/jamesonwhiskey\/wp-content\/uploads\/2022\/05\/3-2-1-min.png?tr=q-80,w-360 360w, https:\/\/ik.imagekit.io\/cvygf2xse\/jamesonwhiskey\/wp-content\/uploads\/2022\/05\/3-2-1-min.png?tr=q-80,w-320 320w, https:\/\/ik.imagekit.io\/cvygf2xse\/jamesonwhiskey\/wp-content\/uploads\/2022\/05\/3-2-1-min.png?tr=q-80,w-300 300w, https:\/\/ik.imagekit.io\/cvygf2xse\/jamesonwhiskey\/wp-content\/uploads\/2022\/05\/3-2-1-min.png?tr=q-80,w-275 275w, https:\/\/ik.imagekit.io\/cvygf2xse\/jamesonwhiskey\/wp-content\/uploads\/2022\/05\/3-2-1-min.png?tr=q-80,w-200 200w, https:\/\/ik.imagekit.io\/cvygf2xse\/jamesonwhiskey\/wp-content\/uploads\/2022\/05\/3-2-1-min.png?tr=q-80,w-100 100w, \" sizes=\"(min-width: 1024px) 100vw, (min-width: 768px) 768px, (min-width: 414px) 500px, 250px\">\n                        <img decoding=\"async\" loading=\"lazy\" class=\"content-two-column__image\" src=\"https:\/\/ik.imagekit.io\/cvygf2xse\/jamesonwhiskey\/wp-content\/uploads\/2022\/05\/3-2-1-min.png?tr=q-80,w-750\" width=\"750\" height=\"750\" alt=\"Jameson Orange on the Rocks\">\n                    <\/picture>\n                                    <\/div>\n    <\/div>\n\n    \n    \n    <\/section>\n\n\n<a name=\"_ingredients\" class=\"anchor__name\"><\/a>\n<section id=\"block_027494008b530a6a69513beae27c9512\"\n         class=\"content-one-column content-one-column--bg-light full-width lazy\n        \n        \n        \" data-assetkey=\"content-one-column\">\n    <div class=\"content-one-column__content\">\n        \n                <div class=\"content-one-column__heading\">\n                            <h2 class=\"h1\">Come bere il whiskey on the rocks<\/h2>\n                    <\/div>\n\n        \n                                                            <div class=\"content-one-column__text wysiwyg align_left_on_desktop\">\n                    <p>Il segreto per gustare il whiskey \u00e8 prendersi il tempo necessario e assaporarlo lentamente. Alcuni amano bere un piccolo sorso e farlo girare in bocca per cogliere le varie note di degustazione. Altri preferiscono assaporare e annusare prima l\u2019aroma.<\/p>\n<p>In ogni caso, la cosa pi\u00f9 importante \u00e8 rilassarsi e assaporare l&#8217;esperienza. Dopotutto, le cose belle arrivano a chi le aspetta, e il whiskey on the rocks vale sicuramente l&#8217;attesa.<\/p>\n\n                <\/div>\n                        <\/div>\n\n    <\/section>\n\n\n<a name=\"_ingredients\" class=\"anchor__name\"><\/a>\n<section id=\"block_53fd4a14295743ba01193500c9ccb2c4\"\n         class=\"content-one-column content-one-column--bg-dark full-width lazy\n        \n        \n        \" data-assetkey=\"content-one-column\">\n    <div class=\"content-one-column__content\">\n        \n                <div class=\"content-one-column__heading\">\n                            <h2 class=\"h1\">Si salve, vorrei un whiskey on the rocks<\/h2>\n                    <\/div>\n\n        \n                                                            <div class=\"content-one-column__text wysiwyg align_left_on_desktop\">\n                    <p>Concludiamo con una considerazione fondamentale: qualsiasi persona dovrebbe possedere il proprio barista di fiducia. Quello a cui poter chiedere: \u201cil solito, grazie!\u201d.<\/p>\n<p>Ecco, per ordinare il whiskey on the rocks recati dal tuo barista di fiducia chiedendogli: &#8220;Vorrei un whiskey con ghiaccio, per favore&#8221;. Il barista verser\u00e0 il tuo whiskey preferito su alcuni cubetti di ghiaccio, dandoti la possibilit\u00e0 di gustarti e rinfrescarti con un autentico whiskey on the rocks.<\/p>\n<p>Ti abbiamo convinto? Bene, ora prova il whiskey on the rocks con il nostro <a href=\"https:\/\/www.jamesonwhiskey.com\/it-it\/our-whiskey\/jameson-irish-whiskey\/\">Jameson Irish Whiskey<\/a>.<\/p>\n\n                <\/div>\n                        <\/div>\n\n    <\/section>\n\n\n\n<section id=\"block_ecbd085470c538cc787a4169657a3e01\" class=\"newsletter-banner full-width lazy\" data-assetkey=\"newsletter-banner\">\n\t\t<div class=\"newsletter-banner__content\">\n\t\t\t<div class=\"newsletter-banner__bg\">\n\t\t\t\t\t\t\t\t\t\t\t\t\t\t\t\t\t\t\t\t\t\t\t\t\t\t\t\t\t\t\t\t\t\t\t\t\t\t\t\t\t\t\t\t\t\t\t\t\t\t\t\t\t\t<picture class=\"\">\n\t\t\t\t\t\t<source media=\"(min-width: 768px)\" class=\"\" srcset=\"https:\/\/ik.imagekit.io\/cvygf2xse\/jamesonwhiskey\/wp-content\/uploads\/2022\/01\/ECRM_BANNER_DESKTOP.jpg?tr=q-80,w-1024 1024w, https:\/\/ik.imagekit.io\/cvygf2xse\/jamesonwhiskey\/wp-content\/uploads\/2022\/01\/ECRM_BANNER_DESKTOP.jpg?tr=q-80,w-768 768w, https:\/\/ik.imagekit.io\/cvygf2xse\/jamesonwhiskey\/wp-content\/uploads\/2022\/01\/ECRM_BANNER_DESKTOP.jpg?tr=q-80,w-500 500w, https:\/\/ik.imagekit.io\/cvygf2xse\/jamesonwhiskey\/wp-content\/uploads\/2022\/01\/ECRM_BANNER_DESKTOP.jpg?tr=q-80,w-420 420w, https:\/\/ik.imagekit.io\/cvygf2xse\/jamesonwhiskey\/wp-content\/uploads\/2022\/01\/ECRM_BANNER_DESKTOP.jpg?tr=q-80,w-400 400w, https:\/\/ik.imagekit.io\/cvygf2xse\/jamesonwhiskey\/wp-content\/uploads\/2022\/01\/ECRM_BANNER_DESKTOP.jpg?tr=q-80,w-375 375w, https:\/\/ik.imagekit.io\/cvygf2xse\/jamesonwhiskey\/wp-content\/uploads\/2022\/01\/ECRM_BANNER_DESKTOP.jpg?tr=q-80,w-360 360w, https:\/\/ik.imagekit.io\/cvygf2xse\/jamesonwhiskey\/wp-content\/uploads\/2022\/01\/ECRM_BANNER_DESKTOP.jpg?tr=q-80,w-320 320w, https:\/\/ik.imagekit.io\/cvygf2xse\/jamesonwhiskey\/wp-content\/uploads\/2022\/01\/ECRM_BANNER_DESKTOP.jpg?tr=q-80,w-300 300w, https:\/\/ik.imagekit.io\/cvygf2xse\/jamesonwhiskey\/wp-content\/uploads\/2022\/01\/ECRM_BANNER_DESKTOP.jpg?tr=q-80,w-275 275w, https:\/\/ik.imagekit.io\/cvygf2xse\/jamesonwhiskey\/wp-content\/uploads\/2022\/01\/ECRM_BANNER_DESKTOP.jpg?tr=q-80,w-200 200w, https:\/\/ik.imagekit.io\/cvygf2xse\/jamesonwhiskey\/wp-content\/uploads\/2022\/01\/ECRM_BANNER_DESKTOP.jpg?tr=q-80,w-100 100w, \" sizes=\"(min-width: 1440px) 100vw, (min-width: 1024px) 1024px, (min-width: 768px) 768px\">\n\t\t\t\t\t\t<source class=\"\" srcset=\"https:\/\/ik.imagekit.io\/cvygf2xse\/jamesonwhiskey\/wp-content\/uploads\/2023\/02\/ECRM_BANNER_MOBILE-285x300-1.png?tr=q-80,w-275 275w, https:\/\/ik.imagekit.io\/cvygf2xse\/jamesonwhiskey\/wp-content\/uploads\/2023\/02\/ECRM_BANNER_MOBILE-285x300-1.png?tr=q-80,w-200 200w, https:\/\/ik.imagekit.io\/cvygf2xse\/jamesonwhiskey\/wp-content\/uploads\/2023\/02\/ECRM_BANNER_MOBILE-285x300-1.png?tr=q-80,w-100 100w, \" sizes=\"(min-width: 768px) 768px, (min-width: 500px) 500px, 250px\">\n\t\t\t\t\t\t<img decoding=\"async\" loading=\"lazy\" class=\"\" src=\"https:\/\/ik.imagekit.io\/cvygf2xse\/jamesonwhiskey\/wp-content\/uploads\/2022\/01\/ECRM_BANNER_DESKTOP.jpg?tr=q-80,w-1200\" width=\"1200\" height=\"362\" alt=\"\" role=\"presentation\">\n\t\t\t\t\t<\/picture>\n\t\t\t\t\t\t\t<\/div>\n\n\t\t\t<div class=\"newsletter-banner__footer\"><\/div>\n\n\t\t\t<div class=\"newsletter-banner__text\">\n\t\t\t\t\n\n<div class=\"subheading \">\n        <div>\n        <svg width=\"40px\" height=\"2px\" viewBox=\"0 0 40 2\" version=\"1.1\" aria-hidden=\"true\" xmlns=\"http:\/\/www.w3.org\/2000\/svg\" xmlns:xlink=\"http:\/\/www.w3.org\/1999\/xlink\">\n            <g stroke=\"none\" stroke-width=\"2\" fill=\"none\" fill-rule=\"evenodd\">\n                <g transform=\"translate(-20.000000, -916.000000)\" fill=\"#FFF\">\n                    <g transform=\"translate(20.000000, 904.000000)\">\n                        <g>\n                            <rect x=\"0\" y=\"12\" width=\"40\" height=\"2\"><\/rect>\n                        <\/g>\n                    <\/g>\n                <\/g>\n            <\/g>\n        <\/svg>\n    <\/div>\n    \n    <span class=\"h6\">Newsletter  <\/span>\n<\/div>\n\n\t\t\t\t<h2 class=\"h1\">\n\t\t\t\t\t<span>Iscriviti per ricevere<\/span>\n\t\t\t\t\t\t\t\t\t\t\t<br>\n\t\t\t\t\t\t<span>notizie e inviti esclusivi<\/span>\n\t\t\t\t\t\t\t\t\t<\/h2>\n\t\t\t<\/div>\n\n\t\t\t\t\t\t\t\t\t\t\t\t\t\t\t\t\t\t\t\t\t\n\t\t\t<div class=\"newsletter-banner__button\">\n\t\t\t\n\t\t\t\t\t\t\t\t\t<a\n\t\t\t\t\t\thref=\" https:\/\/www.jamesonwhiskey.com\/it-it\/jclub\/ \"\t\t\t\t\t\tclass=\"btn--primary\"\n\t\t\t\t\t\t\t\t\t\t\t\t\t\t\t\t\t>\n\t\t\t\t\t\tIscriviti\n\t\t\t\t\t<\/a>\n\t\t\t\t\t\t\t<\/div>\n\t\t\t<div class=\"newsletter-banner__bottle\">\n\t\t\t\t\t\t\t\t\t\t\t\t\t\t\t\t\t\t\t\t\t\t\t\t<img decoding=\"async\" src=\"https:\/\/ik.imagekit.io\/cvygf2xse\/jamesonwhiskey\/wp-content\/uploads\/2023\/02\/Jameson_image-964x418-1-130x300-1.png?tr=q-80,w-130\" class=\"img-fluid\" alt=\"\" role=\"presentation\" width=\"418\" height=\"964\" loading=\"lazy\">\n\t\t\t\t\t\t\t<\/div>\n\t\t<\/div>\n\t<\/section>\n","protected":false},"excerpt":{"rendered":"","protected":false},"author":105,"featured_media":101862,"parent":304714,"menu_order":0,"comment_status":"closed","ping_status":"closed","template":"","meta":{"_acf_changed":false,"_seopress_robots_primary_cat":"","_seopress_titles_title":"Whiskey on the rock: significato | Jameson Irish Whiskey","_seopress_titles_desc":"Scopri tutto ci\u00f2 che c'\u00e8 da sapere sulla straordinaria arte del whiskey on the rocks drink: il significato e le sue peculiarit\u00e0 per gustarselo al meglio.","_seopress_robots_index":"","inline_featured_image":false,"footnotes":""},"categories":[],"tags":[],"our-world-category":[],"class_list":["post-594568","page","type-page","status-publish","has-post-thumbnail","hentry"],"acf":[],"_links":{"self":[{"href":"https:\/\/www.jamesonwhiskey.com\/it-it\/wp-json\/wp\/v2\/pages\/594568","targetHints":{"allow":["GET"]}}],"collection":[{"href":"https:\/\/www.jamesonwhiskey.com\/it-it\/wp-json\/wp\/v2\/pages"}],"about":[{"href":"https:\/\/www.jamesonwhiskey.com\/it-it\/wp-json\/wp\/v2\/types\/page"}],"author":[{"embeddable":true,"href":"https:\/\/www.jamesonwhiskey.com\/it-it\/wp-json\/wp\/v2\/users\/105"}],"replies":[{"embeddable":true,"href":"https:\/\/www.jamesonwhiskey.com\/it-it\/wp-json\/wp\/v2\/comments?post=594568"}],"version-history":[{"count":0,"href":"https:\/\/www.jamesonwhiskey.com\/it-it\/wp-json\/wp\/v2\/pages\/594568\/revisions"}],"up":[{"embeddable":true,"href":"https:\/\/www.jamesonwhiskey.com\/it-it\/wp-json\/wp\/v2\/pages\/304714"}],"wp:featuredmedia":[{"embeddable":true,"href":"https:\/\/www.jamesonwhiskey.com\/it-it\/wp-json\/wp\/v2\/media\/101862"}],"wp:attachment":[{"href":"https:\/\/www.jamesonwhiskey.com\/it-it\/wp-json\/wp\/v2\/media?parent=594568"}],"wp:term":[{"taxonomy":"category","embeddable":true,"href":"https:\/\/www.jamesonwhiskey.com\/it-it\/wp-json\/wp\/v2\/categories?post=594568"},{"taxonomy":"post_tag","embeddable":true,"href":"https:\/\/www.jamesonwhiskey.com\/it-it\/wp-json\/wp\/v2\/tags?post=594568"},{"taxonomy":"our-world-category","embeddable":true,"href":"https:\/\/www.jamesonwhiskey.com\/it-it\/wp-json\/wp\/v2\/our-world-category?post=594568"}],"curies":[{"name":"wp","href":"https:\/\/api.w.org\/{rel}","templated":true}]}}