{"id":332818,"date":"2023-02-26T11:54:52","date_gmt":"2023-02-26T11:54:52","guid":{"rendered":"https:\/\/live-jameson.pantheonsite.io\/baudi-atbildigi\/"},"modified":"2023-09-13T09:35:39","modified_gmt":"2023-09-13T09:35:39","slug":"enjoy-responsibly","status":"publish","type":"page","link":"https:\/\/www.jamesonwhiskey.com\/lv-lv\/enjoy-responsibly\/","title":{"rendered":"Baudi atbild\u012bgi"},"content":{"rendered":"\n<section id=\"block_a7e0f48369cbc96cd00729581714fe55\" class=\"hero hero-no-image hero-no-image__no-breadcrumb-spacer lazy\" data-assetkey=\"hero-no-image\">\n  <div class=\"hero-no-image__container hero-no-image__container-fullwidth\">\n    <div class=\"hero-no-image__container-content\">\n        <div class=\"subheading \">\n    <div class=\"subheading__line\"><\/div>\n    <span class=\"h6\">Juridisk\u0101 inform\u0101cija<\/span>\n  <\/div>\n\n      <h1 class=\"h1\">Baudi atbild\u012bgi<\/h1>\n    <\/div>\n  <\/div>\n<\/section>\n\n\n\n<section id=\"block_884975fb2e4e576afcc95d077c7c687e\"\n         class=\"content-one-column content-one-column--bg-light full-width lazy\n        \n        \n        \" data-assetkey=\"content-one-column\">\n    <div class=\"content-one-column__content\">\n        \n                <div class=\"content-one-column__heading\">\n                            <h2 class=\"h1\"><\/h2>\n                    <\/div>\n\n        \n                                                            <div class=\"content-one-column__text wysiwyg align_center_on_desktop\">\n                    <p>\u0160\u012a IR VISKIJA JAMESON IRISH WHISKEY OFICI\u0100L\u0100 T\u012aMEK\u013bA VIETNE, KUR\u0100 VARAT UZZIN\u0100T PAR VISKIJA DAR\u012aTAVAS DIBIN\u0100T\u0100JU D\u017dONU D\u017dEIMSONU, SKAT\u012aT M\u016aSU DZ\u0112RIENU RECEPTES UN UZZIN\u0100T, K\u0100 TIEK RA\u017dOTS PASAUL\u0112 POPUL\u0100R\u0100KAIS \u012aRU VISKIJS. UZ\u0145\u0112MUMS IRISH DISTILLERS PERNOD RICARD V\u0112LAS AIZSARG\u0100T D\u017dONA D\u017dEIMSONA MANTOJUMU, T\u0100D\u0112\u013b L\u016aDZAM IZLAS\u012aT UN IEV\u0112ROT T\u0100L\u0100K SNIEGT\u0100S VADL\u012aNIJAS.<\/p>\n\n                <\/div>\n                                                                <div class=\"content-one-column__text wysiwyg align_center_on_desktop\">\n                    <ul>\n<li><a href=\"https:\/\/www.pernod-ricard.com\/en\">Pernod Ricard<\/a><\/li>\n<li><a href=\"https:\/\/www.drinkaware.ie\/\">Drinkaware.ie<\/a><\/li>\n<li><a href=\"http:\/\/acceptresponsibility.org\/\">Uz\u0146emieties atbild\u012bbu<\/a><\/li>\n<li><a href=\"http:\/\/www.responsibledrinking.eu\/\">responsibledrinking.eu<\/a><\/li>\n<li><a href=\"https:\/\/www.responsibility.org\/\">responsibility.org<\/a><\/li>\n<li><ahref=\"http:\/\/www.acceptresponsibility.org.uk\/\">acceptresponsibility.org.uk<\/a><\/li>\n<\/ul>\n\n                <\/div>\n                                                                <div class=\"content-one-column__text wysiwyg align_center_on_desktop\">\n                    <p>Viskija Jameson Irish Whiskey \u012bpa\u0161nieks Irish Distillers Pernod Ricard (www.irishdistillers.ie) piln\u012bb\u0101 atbalsta da\u017e\u0101dos likumus, kas attiecas uz alkoholisko dz\u0113rienu m\u0101rketingu, p\u0101rdo\u0161anu, rekl\u0101mu un sponsor\u0113\u0161anu. M\u0113s ap\u0146emamies iev\u0113rot \u0161os likumus un veicam visas darb\u012bbas ar m\u0113r\u0137i veicin\u0101t m\u016bsu produktu atbild\u012bgu lieto\u0161anu pilngad\u012bg\u0101m person\u0101m.<\/p>\n<p>M\u0113s esam nozar\u0113 vado\u0161ais Premium klases stipro alkoholisko dz\u0113rienu, \u0161ampanie\u0161a un v\u012bnu ra\u017eot\u0101js, t\u0101p\u0113c atbildam par savu produktu atbild\u012bgu reklam\u0113\u0161anu klientiem un pat\u0113r\u0113t\u0101jiem. M\u016bsu m\u0113r\u0137is ir ar sav\u0101m darb\u012bb\u0101m izpeln\u012bties visu ieinteres\u0113to pu\u0161u uztic\u012bbu un cie\u0146u.<\/p>\n<p>M\u0113s labpr\u0101t sa\u0146emam zi\u0146as soci\u0101lajos pla\u0161sazi\u0146as l\u012bdzek\u013cos. Tom\u0113r, t\u0101 k\u0101 esam ap\u0146\u0113mu\u0161ies veicin\u0101t atbild\u012bgu alkohola lieto\u0161anu, ceram uz j\u016bsu sapratni \u2014 m\u016bsu kopien\u0101 nedr\u012bkst public\u0113t koment\u0101rus, fotoatt\u0113lus, videoklipus un cita veida saturu, uz kuru attiecas t\u0101l\u0101k min\u0113tais:<\/p>\n<p>satur\u0101 ir ietvertas jebk\u0101das personas, kas nav sasniegu\u0161as vecumu, kur\u0101 at\u013cauta alkohola lieto\u0161ana, vai personas, kuras izskat\u0101s p\u0113c person\u0101m, kas nav sasniegu\u0161as vecumu, kur\u0101 at\u013cauta alkohola lieto\u0161ana;<br \/>\nsaturu izveidojusi persona, kura nav sasniegusi vecumu, kur\u0101 at\u013cauta alkohola lieto\u0161ana;<br \/>\nsaturs, kas mudina nepilngad\u012bgas personas ieg\u0101d\u0101ties vai dzert alkoholiskus dz\u0113rienus un\/vai atbalsta bezatbild\u012bgu vai p\u0101rm\u0113r\u012bgu alkohola lieto\u0161anu;<br \/>\nsaturs, kas atbalsta jebk\u0101du nepareizu vai vardarb\u012bgu uzved\u012bbu.<\/p>\n<p>Ja konstat\u0113sim bie\u017eu t\u0101da satura public\u0113\u0161anu, kas ir pretrun\u0101 ar jebkuru no iepriek\u0161 min\u0113tajiem krit\u0113rijiem, b\u016bsim spiesti blo\u0137\u0113t visus saist\u012btos kontus. Sav\u0101 zi\u0146\u0101 m\u0113s pa\u0161i tik\u0101m ierobe\u017eoti laik\u0101, kad bija aizliegta alkohola tirdzniec\u012bba. T\u0101d\u0113\u013c zin\u0101m, ko tas noz\u012bm\u0113 un ka tas nav pat\u012bkami.<\/p>\n<p>Priek\u0101! Jameson viskija komanda.<\/p>\n\n                <\/div>\n                        <\/div>\n\n    <\/section>\n","protected":false},"excerpt":{"rendered":"","protected":false},"author":29,"featured_media":0,"parent":0,"menu_order":6,"comment_status":"closed","ping_status":"closed","template":"","meta":{"_acf_changed":false,"_seopress_robots_primary_cat":"","_seopress_titles_title":"","_seopress_titles_desc":"","_seopress_robots_index":"","inline_featured_image":false,"footnotes":""},"categories":[],"tags":[],"our-world-category":[],"class_list":["post-332818","page","type-page","status-publish","hentry"],"acf":[],"_links":{"self":[{"href":"https:\/\/www.jamesonwhiskey.com\/lv-lv\/wp-json\/wp\/v2\/pages\/332818","targetHints":{"allow":["GET"]}}],"collection":[{"href":"https:\/\/www.jamesonwhiskey.com\/lv-lv\/wp-json\/wp\/v2\/pages"}],"about":[{"href":"https:\/\/www.jamesonwhiskey.com\/lv-lv\/wp-json\/wp\/v2\/types\/page"}],"author":[{"embeddable":true,"href":"https:\/\/www.jamesonwhiskey.com\/lv-lv\/wp-json\/wp\/v2\/users\/29"}],"replies":[{"embeddable":true,"href":"https:\/\/www.jamesonwhiskey.com\/lv-lv\/wp-json\/wp\/v2\/comments?post=332818"}],"version-history":[{"count":0,"href":"https:\/\/www.jamesonwhiskey.com\/lv-lv\/wp-json\/wp\/v2\/pages\/332818\/revisions"}],"wp:attachment":[{"href":"https:\/\/www.jamesonwhiskey.com\/lv-lv\/wp-json\/wp\/v2\/media?parent=332818"}],"wp:term":[{"taxonomy":"category","embeddable":true,"href":"https:\/\/www.jamesonwhiskey.com\/lv-lv\/wp-json\/wp\/v2\/categories?post=332818"},{"taxonomy":"post_tag","embeddable":true,"href":"https:\/\/www.jamesonwhiskey.com\/lv-lv\/wp-json\/wp\/v2\/tags?post=332818"},{"taxonomy":"our-world-category","embeddable":true,"href":"https:\/\/www.jamesonwhiskey.com\/lv-lv\/wp-json\/wp\/v2\/our-world-category?post=332818"}],"curies":[{"name":"wp","href":"https:\/\/api.w.org\/{rel}","templated":true}]}}