{"id":332822,"date":"2023-02-26T11:55:24","date_gmt":"2023-02-26T11:55:24","guid":{"rendered":"https:\/\/live-jameson.pantheonsite.io\/sikfailu-politika\/"},"modified":"2023-09-13T08:40:45","modified_gmt":"2023-09-13T08:40:45","slug":"cookie-policy","status":"publish","type":"page","link":"https:\/\/www.jamesonwhiskey.com\/lv-lv\/cookie-policy\/","title":{"rendered":"S\u012bkfailu politika"},"content":{"rendered":"\n<section id=\"block_ef35f52e1a41584602498f61a871b776\" class=\"hero hero-no-image hero-no-image__no-breadcrumb-spacer lazy\" data-assetkey=\"hero-no-image\">\n  <div class=\"hero-no-image__container \">\n    <div class=\"hero-no-image__container-content\">\n        <div class=\"subheading \">\n    <div class=\"subheading__line\"><\/div>\n    <span class=\"h6\">Juridisk\u0101 inform\u0101cija<\/span>\n  <\/div>\n\n      <h1 class=\"h1\">S\u012bkfailu politika<\/h1>\n    <\/div>\n  <\/div>\n<\/section>\n\n\n\n<section id=\"block_bd3d9649736f7e8196a6e675a10a481d\"\n         class=\"content-one-column content-one-column--bg-light full-width lazy\n        \n        \n        \" data-assetkey=\"content-one-column\">\n    <div class=\"content-one-column__content\">\n        \n                <div class=\"content-one-column__heading\">\n                            <h2 class=\"h1\"><\/h2>\n                    <\/div>\n\n        \n                                                            <div class=\"content-one-column__text wysiwyg align_center_on_desktop\">\n                    <p>Uz\u0146\u0113mums Irish Distillers Limited (\u201eIDL\u201d) izmanto s\u012bkfailus, lai saglab\u0101tu inform\u0101ciju par j\u016bsu veiktajiem Vietnes apmekl\u0113jumiem, tostarp (bet ne tikai) tehnisku inform\u0101ciju par j\u016bsu apmekl\u0113jumu (piem\u0113ram, datpl\u016bsmas datus, atra\u0161an\u0101s vietas datus, j\u016bsu IP adresi, iepriek\u0161\u0113jo t\u012bmek\u013ca vietni, no kuras nok\u013cuv\u0101t m\u016bsu Vietn\u0113, k\u0101 ar\u012b izmantoto p\u0101rl\u016bkprogrammas veidu). T\u0101d\u0113\u013c m\u016bsu Pazi\u0146ojums par konfidencialit\u0101ti [ievietot saiti] attiecas ar\u012b uz inform\u0101ciju, ko ieg\u016bstam no s\u012bkfailiem.<\/p>\n<p>S\u012bkfails ir neliels datu fails, ko Vietne saglab\u0101 j\u016bsu ier\u012bc\u0113 (piem\u0113ram, t\u0101lrun\u012b vai dator\u0101), lai apkopotu inform\u0101ciju, tostarp j\u016bsu personisko inform\u0101ciju. Piem\u0113ram, s\u012bkfails var at\u013caut Vietnei atpaz\u012bt j\u016bsu p\u0101rl\u016bkprogrammu vai saglab\u0101t j\u016bsu preferences un citu inform\u0101ciju, t\u0101d\u0113j\u0101di pal\u012bdzot jums efekt\u012bv\u0101k p\u0101rl\u016bkot Vietni. S\u012bkfaili var nodro\u0161in\u0101t ar\u012b jums un j\u016bsu interes\u0113m atbilsto\u0161\u0101ku rekl\u0101mu par\u0101d\u012b\u0161anu tie\u0161saist\u0113.<\/p>\n\n                <\/div>\n                        <\/div>\n\n    <\/section>\n\n\n\n<section id=\"block_d6319028d72bf69be15193cb4a01a238\" class=\"faq  lazy\" data-assetkey=\"faq\">\n  <div class=\"faq__heading\">\n    <h2 class=\"h1\">Inform\u0101cija par s\u012bkfailiem<\/h2>\n  <\/div>\n\n  <div class=\"faq__lines\">\n                          <details>\n          <summary class=\"h5\">\n            <span class=\"expandable-list-heading\">Vietn\u0113 izmantoto s\u012bkfailu veidi<\/span>\n            <span class=\"expandable-list-toggle\"><\/span>\n          <\/summary>\n          <section class=\"expandable-list-content\">\n            <p>Vietnes izmanto\u0161anas gad\u012bjum\u0101 IDL var ievietot s\u012bkfailus Tav\u0101 ier\u012bc\u0113. T\u0101d\u0113j\u0101di m\u016bsu Pazi\u0146ojums par konfidencialit\u0101ti attiecas uz to, k\u0101 m\u0113s apstr\u0101d\u0101jam no s\u012bkfailiem ieg\u016bto inform\u0101ciju. M\u0113s varam ar\u012b at\u013caut saviem biznesa partneriem ievietot s\u012bkfailus Tav\u0101 ier\u012bc\u0113.<\/p>\n<p>T\u0101l\u0101k aprakst\u012bti da\u017e\u0101di Vietn\u0113 izmantoto s\u012bkfailu veidi.<\/p>\n\n          <\/section>\n        <\/details>\n                                <details>\n          <summary class=\"h5\">\n            <span class=\"expandable-list-heading\">Nepiecie\u0161amie s\u012bkfaili<\/span>\n            <span class=\"expandable-list-toggle\"><\/span>\n          <\/summary>\n          <section class=\"expandable-list-content\">\n            <p>\u0160ie s\u012bkfaili ir nepiecie\u0161ami, lai Tu var\u0113tu p\u0101rl\u016bkot Vietni un izmantot Vietnes funkcijas, piem\u0113ram, piek\u013c\u016bt Vietnes dro\u0161aj\u0101m da\u013c\u0101m. Bez \u0161iem s\u012bkfailiem nevar nodro\u0161in\u0101t Tevis piepras\u012btos pakalpojumus, piem\u0113ram, iepirk\u0161anos tie\u0161saist\u0113.<\/p>\n<p>ageset. Lietot\u0101ja vecums gados, piem\u0113ram, \u201e38\u201d. Tas tiek noteikts p\u0113c dzim\u0161anas datuma, kas nor\u0101d\u012bts vecuma p\u0101rbaud\u0113, vai ieg\u016bts no Facebook pieteik\u0161an\u0101s inform\u0101cijas.<\/p>\n<p>ageverified. Nor\u0101da, vai lietot\u0101js ir veicis vecuma p\u0101rbaudi (iesp\u0113jam\u0101s v\u0113rt\u012bbas: \u201etrue\u201d (patiess) vai \u201efalse\u201d (aplams)).<\/p>\n<p>countrycode. Inform\u0101cija par valsti tiek ieg\u016bta, veicot IP p\u0101rbaudi, piem\u0113ram, \u201eGB\u201d.<\/p>\n<p>dob. Dzim\u0161anas datums tiek noteikts p\u0113c lietot\u0101ja nor\u0101d\u012btajiem datiem vecuma p\u0101rbaudes nolai\u017eamaj\u0101 izv\u0113ln\u0113, vai ar\u012b inform\u0101cija tiek ieg\u016bta no Facebook, izmantojot Graph API. Form\u0101ts: piem\u0113ram, \u201eYYY-MM-DD\u201d (gads-m\u0113nesis-diena).<\/p>\n<p>selected_country. Valsts atbilsto\u0161i lietot\u0101ja veiktajai atlasei vecuma p\u0101rbaud\u0113, piem\u0113ram, \u201eVN\u201d.<\/p>\n\n          <\/section>\n        <\/details>\n                                <details>\n          <summary class=\"h5\">\n            <span class=\"expandable-list-heading\">Funkcionalit\u0101tes s\u012bkfaili<\/span>\n            <span class=\"expandable-list-toggle\"><\/span>\n          <\/summary>\n          <section class=\"expandable-list-content\">\n            <p>Vietne izmanto \u0161os s\u012bkfailus, lai iegaum\u0113tu Tavu izv\u0113li (piem\u0113ram, v\u0113lamo valodu vai re\u0123ionu) un var\u0113tu nodro\u0161in\u0101t personaliz\u0113tas funkcijas. \u0160os s\u012bkfailus var ar\u012b izmantot, lai p\u0101rraudz\u012btu un analiz\u0113tu Vietnes veiktsp\u0113ju, darb\u012bbu un efektivit\u0101ti, un m\u0113s varam izmantot \u0161o inform\u0101ciju, lai uzlabotu un optimiz\u0113tu Vietni.<\/p>\n<p>Ja sniegsi piekri\u0161anu, varam saglab\u0101t Vietnes s\u012bkfailu un iegaum\u0113t Tavas preferences, lai Tev neb\u016btu atk\u0101rtoti j\u0101ievada inform\u0101cija par sevi (valsts\/vecums un valodas preferences) m\u016bsu vecuma p\u0101rbaudes lap\u0101 ikreiz, kad v\u0113l\u0113sies piek\u013c\u016bt Vietnei. Ja Tavu datoru izmanto ar\u012b citas personas, nav ieteicams piekrist \u0161\u012b s\u012bkfaila izmanto\u0161anai.<\/p>\n<p>M\u0113s varam izmantot ar\u012b sesijas s\u012bkfailus\u00a0\u2014 \u012bslaic\u012bgus s\u012bkfailus, kas pal\u012bdz p\u0101rl\u016bkot Vietnes lapas un iegaum\u0113 sesijas laik\u0101 izv\u0113l\u0113t\u0101s preferences. \u0160o s\u012bkfailu der\u012bgums beidzas, tikl\u012bdz aizver p\u0101rl\u016bkprogrammu.<\/p>\n\n          <\/section>\n        <\/details>\n                                <details>\n          <summary class=\"h5\">\n            <span class=\"expandable-list-heading\">Veiktsp\u0113jas s\u012bkfaili | M\u0113r\u0137auditorijas atlases s\u012bkfaili<\/span>\n            <span class=\"expandable-list-toggle\"><\/span>\n          <\/summary>\n          <section class=\"expandable-list-content\">\n            <p>\u0160ie s\u012bkfaili v\u0101c inform\u0101ciju par Vietnes lietojumu, piem\u0113ram, inform\u0101ciju par Tevis visbie\u017e\u0101k skat\u012btaj\u0101m Vietnes lap\u0101m. \u0160o s\u012bkfailu sav\u0101kt\u0101 inform\u0101cija Tevi neidentific\u0113. Visa \u0161o s\u012bkfailu sav\u0101kt\u0101 inform\u0101cija tiek apkopota un t\u0101d\u0113\u013c ir anon\u012bma. \u0160os s\u012bkfailus, izmantojot m\u016bsu vietni, var iestat\u012bt m\u016bsu rekl\u0101mas partneri. Tie var tos izmantot, lai izveidotu Tavu intere\u0161u profilu un r\u0101d\u012btu Tev atbilsto\u0161as rekl\u0101mas cit\u0101s vietn\u0113s. Tie neglab\u0101 tie\u0161i personisko inform\u0101ciju, bet to darb\u012bbas pamat\u0101 ir sp\u0113ja unik\u0101li identific\u0113t Tavu p\u0101rl\u016bkprogrammu un ier\u012bci, kur\u0101 p\u0101rl\u016bko internetu. Ja neat\u013causi \u0161o s\u012bkfailu izmanto\u0161anu, Tev tiks r\u0101d\u012btas maz\u0101k piel\u0101gotas rekl\u0101mas.<\/p>\n<p>M\u0113s izmantojam pakalpojumu Google Analytics, lai p\u0101rraudz\u012btu un analiz\u0113tu Vietnes lietojumu. Google Analytics izmanto t\u0101dus veiktsp\u0113jas s\u012bkfailus, kas anon\u012bmi v\u0101c standarta interneta \u017eurn\u0101lfailus un apmekl\u0113t\u0101ju uzved\u012bbas inform\u0101ciju. \u0160o s\u012bkfailu apkopot\u0101 inform\u0101cija tiek p\u0101rs\u016bt\u012bta uz\u0146\u0113mumam Google, kas to izmanto, lai nov\u0113rt\u0113tu, k\u0101 apmekl\u0113t\u0101ji izmanto Vietni, un kompil\u0113tu statistikas p\u0101rskatus par darb\u012bb\u0101m Vietn\u0113. Lai atteiktos no Google Analytics veiktas izseko\u0161anas vis\u0101s t\u012bmek\u013ca vietn\u0113s, apmekl\u0113 vietni <a href=\"http:\/\/tools.google.com\/dlpage\/gaoptout\" rel=\"noopener\" target=\"_blank\">http:\/\/tools.google.com\/dlpage\/gaoptout<\/a>.<\/p>\n\n          <\/section>\n        <\/details>\n                                <details>\n          <summary class=\"h5\">\n            <span class=\"expandable-list-heading\">S\u012bkfailu p\u0101rvald\u012bba un atsp\u0113jo\u0161ana<\/span>\n            <span class=\"expandable-list-toggle\"><\/span>\n          <\/summary>\n          <section class=\"expandable-list-content\">\n            <p>Vari izv\u0113l\u0113ties nepiekrist s\u012bkfailu iestat\u012b\u0161anai. Tava p\u0101rl\u016bkprogramma var at\u013caut iestat\u012bt ar s\u012bkfailiem veicam\u0101s darb\u012bbas, piem\u0113ram, noraid\u012bt visus s\u012bkfailus vai l\u016bgt Tavu piekri\u0161anu katra atsevi\u0161\u0137a s\u012bkfaila izmanto\u0161anai. Tom\u0113r \u0146em v\u0113r\u0101 \u2014 ja neizmantosi s\u012bkfailus, da\u017eas Vietnes da\u013cas var nedarboties, k\u0101 paredz\u0113ts, vai nedarboties visp\u0101r. M\u016bsu sist\u0113ma autom\u0101tiski izdos s\u012bkfailus, kad pieteiksies Vietn\u0113, ja vien Tavas p\u0101rl\u016bkprogrammas iestat\u012bjumi neb\u016bs piel\u0101goti t\u0101, lai p\u0101rl\u016bkprogramma atteiktos no s\u012bkfailu izmanto\u0161anas.<\/p>\n\n          <\/section>\n        <\/details>\n                                <details>\n          <summary class=\"h5\">\n            <span class=\"expandable-list-heading\">Izmai\u0146as \u0161aj\u0101 Pazi\u0146ojum\u0101 par s\u012bkfailiem<\/span>\n            <span class=\"expandable-list-toggle\"><\/span>\n          <\/summary>\n          <section class=\"expandable-list-content\">\n            <p>Jebkur\u0101 laik\u0101 varam main\u012bt \u0161o Pazi\u0146ojumu par s\u012bkfailiem. Ja veiksim iev\u0113rojamas izmai\u0146as Pazi\u0146ojum\u0101 par s\u012bkfailiem, m\u0113s par to inform\u0113sim, public\u0113jot main\u012bto Pazi\u0146ojumu par s\u012bkfailiem Vietn\u0113 vai nos\u016btot Tev e-pasta zi\u0146ojumu.<\/p>\n<p>Oblig\u0101ti p\u0101rskati main\u012bto Pazi\u0146ojumu par s\u012bkfailiem. Ja nev\u0113lies piekrist main\u012btajam Pazi\u0146ojumam par s\u012bkfailiem, m\u0113s nevaram turpin\u0101t nodro\u0161in\u0101t Tev Vietnes lieto\u0161anu. Tava vien\u012bg\u0101 iesp\u0113ja ir turpm\u0101k nepiek\u013c\u016bt Vietnei un deaktiviz\u0113t savu IDL kontu.<\/p>\n<p>Pla\u0161\u0101ku inform\u0101ciju par s\u012bkfailiem, l\u016bdzu, skati vietn\u0113 <a href=\"http:\/\/www.aboutcookies.org\" rel=\"noopener\" target=\"_blank\">About Cookies<\/a><\/p>\n\n          <\/section>\n        <\/details>\n            <\/div>\n<\/section>\n","protected":false},"excerpt":{"rendered":"","protected":false},"author":29,"featured_media":0,"parent":0,"menu_order":4,"comment_status":"closed","ping_status":"closed","template":"","meta":{"_acf_changed":false,"_seopress_robots_primary_cat":"","_seopress_titles_title":"","_seopress_titles_desc":"","_seopress_robots_index":"","inline_featured_image":false,"footnotes":""},"categories":[],"tags":[],"our-world-category":[],"class_list":["post-332822","page","type-page","status-publish","hentry"],"acf":[],"_links":{"self":[{"href":"https:\/\/www.jamesonwhiskey.com\/lv-lv\/wp-json\/wp\/v2\/pages\/332822","targetHints":{"allow":["GET"]}}],"collection":[{"href":"https:\/\/www.jamesonwhiskey.com\/lv-lv\/wp-json\/wp\/v2\/pages"}],"about":[{"href":"https:\/\/www.jamesonwhiskey.com\/lv-lv\/wp-json\/wp\/v2\/types\/page"}],"author":[{"embeddable":true,"href":"https:\/\/www.jamesonwhiskey.com\/lv-lv\/wp-json\/wp\/v2\/users\/29"}],"replies":[{"embeddable":true,"href":"https:\/\/www.jamesonwhiskey.com\/lv-lv\/wp-json\/wp\/v2\/comments?post=332822"}],"version-history":[{"count":0,"href":"https:\/\/www.jamesonwhiskey.com\/lv-lv\/wp-json\/wp\/v2\/pages\/332822\/revisions"}],"wp:attachment":[{"href":"https:\/\/www.jamesonwhiskey.com\/lv-lv\/wp-json\/wp\/v2\/media?parent=332822"}],"wp:term":[{"taxonomy":"category","embeddable":true,"href":"https:\/\/www.jamesonwhiskey.com\/lv-lv\/wp-json\/wp\/v2\/categories?post=332822"},{"taxonomy":"post_tag","embeddable":true,"href":"https:\/\/www.jamesonwhiskey.com\/lv-lv\/wp-json\/wp\/v2\/tags?post=332822"},{"taxonomy":"our-world-category","embeddable":true,"href":"https:\/\/www.jamesonwhiskey.com\/lv-lv\/wp-json\/wp\/v2\/our-world-category?post=332822"}],"curies":[{"name":"wp","href":"https:\/\/api.w.org\/{rel}","templated":true}]}}