{"id":333245,"date":"2023-02-26T12:33:24","date_gmt":"2023-02-26T12:33:24","guid":{"rendered":"https:\/\/live-jameson.pantheonsite.io\/musu-viskijs\/jameson-18-years\/"},"modified":"2024-01-31T13:34:17","modified_gmt":"2024-01-31T13:34:17","slug":"jameson-18-years","status":"publish","type":"page","link":"https:\/\/www.jamesonwhiskey.com\/lv-lv\/our-whiskey\/jameson-18-years\/","title":{"rendered":"Jameson 18\u00a0Years"},"content":{"rendered":"<section id=\"block_16e40f2b37d9b6dc68002c2717728b44\" class=\"hero hero-halfscreen  lazy\" data-assetkey=\"hero-halfscreen\" data-colour_filter='none' data-colour_filter_opacity='51'>\n\t\t\n\t<div class=\"hero-halfscreen__img_content\">\n\t\t\t\t\t<div class=\"hero-halfscreen__img_content-breadcrumbs\">\n\t\t\t\t\t\t\t\t\t            \n\t\t\t\t\t\t\t<\/div>\n\t\t\n\t\t\t\t\t\t\t\t\t\t\n\n                        \n        <picture class=\"hero-halfscreen__picture\">\n\t\t\t<source media=\"(min-width: 768px)\" class=\"hero-halfscreen__source hero-halfscreen__source--desktop\" srcset=\"https:\/\/ik.imagekit.io\/cvygf2xse\/jamesonwhiskey\/wp-content\/uploads\/2022\/03\/PRIR2010_JAMESON_18Y_Scen_3-aspect-ratio-960-730.jpg?tr=q-80,w-1920 1920w, https:\/\/ik.imagekit.io\/cvygf2xse\/jamesonwhiskey\/wp-content\/uploads\/2022\/03\/PRIR2010_JAMESON_18Y_Scen_3-aspect-ratio-960-730.jpg?tr=q-80,w-1650 1650w, https:\/\/ik.imagekit.io\/cvygf2xse\/jamesonwhiskey\/wp-content\/uploads\/2022\/03\/PRIR2010_JAMESON_18Y_Scen_3-aspect-ratio-960-730.jpg?tr=q-80,w-1440 1440w, https:\/\/ik.imagekit.io\/cvygf2xse\/jamesonwhiskey\/wp-content\/uploads\/2022\/03\/PRIR2010_JAMESON_18Y_Scen_3-aspect-ratio-960-730.jpg?tr=q-80,w-1280 1280w, https:\/\/ik.imagekit.io\/cvygf2xse\/jamesonwhiskey\/wp-content\/uploads\/2022\/03\/PRIR2010_JAMESON_18Y_Scen_3-aspect-ratio-960-730.jpg?tr=q-80,w-1024 1024w, https:\/\/ik.imagekit.io\/cvygf2xse\/jamesonwhiskey\/wp-content\/uploads\/2022\/03\/PRIR2010_JAMESON_18Y_Scen_3-aspect-ratio-960-730.jpg?tr=q-80,w-768 768w, https:\/\/ik.imagekit.io\/cvygf2xse\/jamesonwhiskey\/wp-content\/uploads\/2022\/03\/PRIR2010_JAMESON_18Y_Scen_3-aspect-ratio-960-730.jpg?tr=q-80,w-500 500w, https:\/\/ik.imagekit.io\/cvygf2xse\/jamesonwhiskey\/wp-content\/uploads\/2022\/03\/PRIR2010_JAMESON_18Y_Scen_3-aspect-ratio-960-730.jpg?tr=q-80,w-420 420w, https:\/\/ik.imagekit.io\/cvygf2xse\/jamesonwhiskey\/wp-content\/uploads\/2022\/03\/PRIR2010_JAMESON_18Y_Scen_3-aspect-ratio-960-730.jpg?tr=q-80,w-400 400w, https:\/\/ik.imagekit.io\/cvygf2xse\/jamesonwhiskey\/wp-content\/uploads\/2022\/03\/PRIR2010_JAMESON_18Y_Scen_3-aspect-ratio-960-730.jpg?tr=q-80,w-375 375w, https:\/\/ik.imagekit.io\/cvygf2xse\/jamesonwhiskey\/wp-content\/uploads\/2022\/03\/PRIR2010_JAMESON_18Y_Scen_3-aspect-ratio-960-730.jpg?tr=q-80,w-360 360w, https:\/\/ik.imagekit.io\/cvygf2xse\/jamesonwhiskey\/wp-content\/uploads\/2022\/03\/PRIR2010_JAMESON_18Y_Scen_3-aspect-ratio-960-730.jpg?tr=q-80,w-320 320w, https:\/\/ik.imagekit.io\/cvygf2xse\/jamesonwhiskey\/wp-content\/uploads\/2022\/03\/PRIR2010_JAMESON_18Y_Scen_3-aspect-ratio-960-730.jpg?tr=q-80,w-300 300w, https:\/\/ik.imagekit.io\/cvygf2xse\/jamesonwhiskey\/wp-content\/uploads\/2022\/03\/PRIR2010_JAMESON_18Y_Scen_3-aspect-ratio-960-730.jpg?tr=q-80,w-275 275w, https:\/\/ik.imagekit.io\/cvygf2xse\/jamesonwhiskey\/wp-content\/uploads\/2022\/03\/PRIR2010_JAMESON_18Y_Scen_3-aspect-ratio-960-730.jpg?tr=q-80,w-200 200w, https:\/\/ik.imagekit.io\/cvygf2xse\/jamesonwhiskey\/wp-content\/uploads\/2022\/03\/PRIR2010_JAMESON_18Y_Scen_3-aspect-ratio-960-730.jpg?tr=q-80,w-100 100w, \" sizes=\"(min-width: 1440px) 100vw, (min-width: 1024px) 1024px, (min-width: 768px) 768px\">\n\t\t\t<source class=\"hero-halfscreen__source hero-halfscreen__source--mobile\" srcset=\"https:\/\/ik.imagekit.io\/cvygf2xse\/jamesonwhiskey\/wp-content\/uploads\/2022\/03\/PRIR2010_JAMESON_18Y_Scen_3.jpg?tr=q-80,w-1920 1920w, https:\/\/ik.imagekit.io\/cvygf2xse\/jamesonwhiskey\/wp-content\/uploads\/2022\/03\/PRIR2010_JAMESON_18Y_Scen_3.jpg?tr=q-80,w-1650 1650w, https:\/\/ik.imagekit.io\/cvygf2xse\/jamesonwhiskey\/wp-content\/uploads\/2022\/03\/PRIR2010_JAMESON_18Y_Scen_3.jpg?tr=q-80,w-1440 1440w, https:\/\/ik.imagekit.io\/cvygf2xse\/jamesonwhiskey\/wp-content\/uploads\/2022\/03\/PRIR2010_JAMESON_18Y_Scen_3.jpg?tr=q-80,w-1280 1280w, https:\/\/ik.imagekit.io\/cvygf2xse\/jamesonwhiskey\/wp-content\/uploads\/2022\/03\/PRIR2010_JAMESON_18Y_Scen_3.jpg?tr=q-80,w-1024 1024w, https:\/\/ik.imagekit.io\/cvygf2xse\/jamesonwhiskey\/wp-content\/uploads\/2022\/03\/PRIR2010_JAMESON_18Y_Scen_3.jpg?tr=q-80,w-768 768w, https:\/\/ik.imagekit.io\/cvygf2xse\/jamesonwhiskey\/wp-content\/uploads\/2022\/03\/PRIR2010_JAMESON_18Y_Scen_3.jpg?tr=q-80,w-500 500w, https:\/\/ik.imagekit.io\/cvygf2xse\/jamesonwhiskey\/wp-content\/uploads\/2022\/03\/PRIR2010_JAMESON_18Y_Scen_3.jpg?tr=q-80,w-420 420w, https:\/\/ik.imagekit.io\/cvygf2xse\/jamesonwhiskey\/wp-content\/uploads\/2022\/03\/PRIR2010_JAMESON_18Y_Scen_3.jpg?tr=q-80,w-400 400w, https:\/\/ik.imagekit.io\/cvygf2xse\/jamesonwhiskey\/wp-content\/uploads\/2022\/03\/PRIR2010_JAMESON_18Y_Scen_3.jpg?tr=q-80,w-375 375w, https:\/\/ik.imagekit.io\/cvygf2xse\/jamesonwhiskey\/wp-content\/uploads\/2022\/03\/PRIR2010_JAMESON_18Y_Scen_3.jpg?tr=q-80,w-360 360w, https:\/\/ik.imagekit.io\/cvygf2xse\/jamesonwhiskey\/wp-content\/uploads\/2022\/03\/PRIR2010_JAMESON_18Y_Scen_3.jpg?tr=q-80,w-320 320w, https:\/\/ik.imagekit.io\/cvygf2xse\/jamesonwhiskey\/wp-content\/uploads\/2022\/03\/PRIR2010_JAMESON_18Y_Scen_3.jpg?tr=q-80,w-300 300w, https:\/\/ik.imagekit.io\/cvygf2xse\/jamesonwhiskey\/wp-content\/uploads\/2022\/03\/PRIR2010_JAMESON_18Y_Scen_3.jpg?tr=q-80,w-275 275w, https:\/\/ik.imagekit.io\/cvygf2xse\/jamesonwhiskey\/wp-content\/uploads\/2022\/03\/PRIR2010_JAMESON_18Y_Scen_3.jpg?tr=q-80,w-200 200w, https:\/\/ik.imagekit.io\/cvygf2xse\/jamesonwhiskey\/wp-content\/uploads\/2022\/03\/PRIR2010_JAMESON_18Y_Scen_3.jpg?tr=q-80,w-100 100w, \" sizes=\"(min-width: 768px) 768px, (min-width: 500px) 500px, 250px\">\n\t\t\t<img loading=\"lazy\" decoding=\"async\" class=\"hero-halfscreen__image\" src=\"https:\/\/ik.imagekit.io\/cvygf2xse\/jamesonwhiskey\/wp-content\/uploads\/2022\/03\/PRIR2010_JAMESON_18Y_Scen_3-aspect-ratio-960-730.jpg?tr=q-80,w-2500\" width=\"2500\" height=\"1901\" alt=\"\" role=\"presentation\">\n\t\t<\/picture>\n\t<\/div>\n\n\t<div class=\"hero-halfscreen__content\">\n                \n\t\t  <div class=\"subheading \">\n    <div class=\"subheading__line\"><\/div>\n    <h2 class=\"h6\">M\u016bsu viskijs<\/h2>\n  <\/div>\n\n\t\t<h1 class=\"h1\">JAMESON 18\u00a0YEARS \u012aRU VISKIJS<\/h1>\n\n\t\t\t\t\t<div class=\"hero-halfscreen__content-intro wysiwyg\">\n\t\t\t\t<p>\u0160is ir kas \u012bpa\u0161s. Jameson 18\u00a0Years jebkuru notikumu padara neaizmirstamu. \u0160is ir 18\u00a0gadus nogatavin\u0101ts viskijs, kuru ir v\u0113rts pataup\u012bt mirk\u013ciem kop\u0101 ar vislab\u0101kajiem draugiem. Un, ja v\u0113lies vi\u0146us p\u0101rsteigt, iepin sarun\u0101 \u0161o fr\u0101zi: \u201eTas ir unik\u0101ls tr\u012bs izteiksm\u012bgu destil\u0101tu mais\u012bjums, kas gandr\u012bz divdesmit gadus nogatavin\u0101ts vislab\u0101kaj\u0101s ozolkoka muc\u0101s un p\u0113c tam v\u0113l vismaz 6\u00a0m\u0113ne\u0161us iztur\u0113ts jaun\u0101s Amerikas ozolkoka muc\u0101s, kas pie\u0161\u0137ir unik\u0101lu bu\u0137eti un eleganci.\u201d J\u0101, tas izklaus\u0101s viedi. Varb\u016bt vienk\u0101r\u0161i \u013cauj run\u0101t dz\u0113rienam.<\/p>\n\n\t\t\t<\/div>\n\t\t\n\t\t\t\t\t\t\t\t\n\t\t\t\t\t\t\t\t\t\t\t\t\t\t<a class=\"btn--primary\" title=\"\" href=\"https:\/\/midletondistillerycollection.com\/jameson\/jameson-bow-street-18-years-cask-strength-product\/?utm_source=jamesonwhiskeycom&#038;utm_medium=referral&#038;AvpPassThrough=1\"  rel=\"nofollow noreferrer\">BUY NOW<\/a>\n\t\t\t\t\t\t\t\n\n\t\t\t\n\t\t\t<\/div>\n<\/section>\n\n\n\n<section id=\"block_f7670714dc55d5611a17bcaefe6142df\" class=\"outlined-boxes full-width lazy\" data-assetkey=\"outlined-boxes\">\n  \n  \n  \n  <div\n    class=\"swiper outlined-boxes__swiper\"\n    id=\"swiper-block_f7670714dc55d5611a17bcaefe6142df\"\n    role=\"region\"\n    aria-roledescription=\"carousel\"\n      >\n    <div\n      class=\"swiper-button-prev\"\n      role=\"button\"\n      aria-label=\"Previous slide\"\n      aria-controls=\"swiper-block_f7670714dc55d5611a17bcaefe6142df\"\n    ><\/div>\n\n    <div class=\"swiper-wrapper outlined-boxes__wrapper\" aria-live=\"polite\">\n              <div\n          class=\"swiper-slide outlined-boxes__slide\"\n          role=\"group\"\n          aria-roledescription=\"slide\"\n          aria-label=\"1 of 3\"\n        >\n          <div>\n            \n\n<div class=\"subheading subheading--small\">\n        <div class=\"subheading__line\"><\/div>\n    \n    <span class=\"h6\">Arom\u0101ta bu\u0137ete<\/span>\n<\/div>\n            <div class=\"outlined-boxes__content wysiwyg\">\n              <p>Arom\u0101tiskas e\u013c\u013cas ar koksnes un pikanta \u012brisa nians\u0113m.<\/p>\n\n            <\/div>\n          <\/div>\n        <\/div>\n              <div\n          class=\"swiper-slide outlined-boxes__slide\"\n          role=\"group\"\n          aria-roledescription=\"slide\"\n          aria-label=\"2 of 3\"\n        >\n          <div>\n            \n\n<div class=\"subheading subheading--small\">\n        <div class=\"subheading__line\"><\/div>\n    \n    <span class=\"h6\">Gar\u0161a<\/span>\n<\/div>\n            <div class=\"outlined-boxes__content wysiwyg\">\n              <p>Br\u012bni\u0161\u0137\u012bgi maiga, samtaina un daudzveid\u012bga gar\u0161u bu\u0137ete: \u012briss, gar\u0161vielas, koksnes un \u0101das nianses, maigs \u0161erija riekstainums un vani\u013ca.<\/p>\n\n            <\/div>\n          <\/div>\n        <\/div>\n              <div\n          class=\"swiper-slide outlined-boxes__slide\"\n          role=\"group\"\n          aria-roledescription=\"slide\"\n          aria-label=\"3 of 3\"\n        >\n          <div>\n            \n\n<div class=\"subheading subheading--small\">\n        <div class=\"subheading__line\"><\/div>\n    \n    <span class=\"h6\">P\u0113cgar\u0161a<\/span>\n<\/div>\n            <div class=\"outlined-boxes__content wysiwyg\">\n              <p>Ilga un palieko\u0161a koksnes, gar\u0161vielu un \u012brisa p\u0113cgar\u0161a.<\/p>\n\n            <\/div>\n          <\/div>\n        <\/div>\n          <\/div>\n\n    <div\n      class=\"swiper-button-next\"\n      role=\"button\"\n      aria-label=\"Next slide\"\n      aria-controls=\"swiper-block_f7670714dc55d5611a17bcaefe6142df\"\n    ><\/div>\n\n    <div class=\"swiper-pagination\" aria-hidden=\"true\"><\/div>\n\n    <p\n      id=\"status-block_f7670714dc55d5611a17bcaefe6142df\"\n      role=\"status\"\n      aria-live=\"polite\"\n      class=\"visually-hidden\"\n    ><\/p>\n  <\/div>\n<\/section>\n","protected":false},"excerpt":{"rendered":"","protected":false},"author":23,"featured_media":0,"parent":332808,"menu_order":0,"comment_status":"closed","ping_status":"closed","template":"","meta":{"_acf_changed":false,"_seopress_robots_primary_cat":"","_seopress_titles_title":"Jameson 18\u00a0Years\u00a0\u2014 Jameson \u012bru viskijs","_seopress_titles_desc":"Jameson 18\u00a0Years ir 3\u00a0izteiksm\u012bgu, vislab\u0101kaj\u0101s ozolkoka muc\u0101s nogatavin\u0101tu destil\u0101tu mais\u012bjums. Uzzini, k\u0101p\u0113c \u0161is viskijs jebkuru notikumu padara neaizmirstamu.","_seopress_robots_index":"","inline_featured_image":false,"footnotes":""},"categories":[],"tags":[],"our-world-category":[],"class_list":["post-333245","page","type-page","status-publish","hentry"],"acf":[],"_links":{"self":[{"href":"https:\/\/www.jamesonwhiskey.com\/lv-lv\/wp-json\/wp\/v2\/pages\/333245","targetHints":{"allow":["GET"]}}],"collection":[{"href":"https:\/\/www.jamesonwhiskey.com\/lv-lv\/wp-json\/wp\/v2\/pages"}],"about":[{"href":"https:\/\/www.jamesonwhiskey.com\/lv-lv\/wp-json\/wp\/v2\/types\/page"}],"author":[{"embeddable":true,"href":"https:\/\/www.jamesonwhiskey.com\/lv-lv\/wp-json\/wp\/v2\/users\/23"}],"replies":[{"embeddable":true,"href":"https:\/\/www.jamesonwhiskey.com\/lv-lv\/wp-json\/wp\/v2\/comments?post=333245"}],"version-history":[{"count":0,"href":"https:\/\/www.jamesonwhiskey.com\/lv-lv\/wp-json\/wp\/v2\/pages\/333245\/revisions"}],"up":[{"embeddable":true,"href":"https:\/\/www.jamesonwhiskey.com\/lv-lv\/wp-json\/wp\/v2\/pages\/332808"}],"wp:attachment":[{"href":"https:\/\/www.jamesonwhiskey.com\/lv-lv\/wp-json\/wp\/v2\/media?parent=333245"}],"wp:term":[{"taxonomy":"category","embeddable":true,"href":"https:\/\/www.jamesonwhiskey.com\/lv-lv\/wp-json\/wp\/v2\/categories?post=333245"},{"taxonomy":"post_tag","embeddable":true,"href":"https:\/\/www.jamesonwhiskey.com\/lv-lv\/wp-json\/wp\/v2\/tags?post=333245"},{"taxonomy":"our-world-category","embeddable":true,"href":"https:\/\/www.jamesonwhiskey.com\/lv-lv\/wp-json\/wp\/v2\/our-world-category?post=333245"}],"curies":[{"name":"wp","href":"https:\/\/api.w.org\/{rel}","templated":true}]}}