{"id":2867410,"date":"2024-11-04T09:19:20","date_gmt":"2024-11-04T09:19:20","guid":{"rendered":"https:\/\/www.jamesonwhiskey.com\/?page_id=2867410"},"modified":"2026-03-31T14:23:01","modified_gmt":"2026-03-31T14:23:01","slug":"konkurs","status":"publish","type":"page","link":"https:\/\/www.jamesonwhiskey.com\/pl-pl\/konkurs\/","title":{"rendered":"Konkurs Jameson Triple Triple x ZEW"},"content":{"rendered":"\n<div style=\"height:100px\" aria-hidden=\"true\" class=\"wp-block-spacer\"><\/div>\n\n\n\n\n\n\n<section id=\"block_ed3e5bb3217fd4cbb950f18d557baa0b\" class=\"hero hero-fullscreen  lazy\" data-assetkey=\"hero-fullscreen\"\n         data-colour_filter='none'\n         data-colour_filter_opacity='50'\n>\n\n        \n    <picture class=\"hero-fullscreen__picture \">\n        <source media=\"(min-width: 768px)\" srcset=\"https:\/\/ik.imagekit.io\/cvygf2xse\/jamesonwhiskey\/wp-content\/uploads\/2026\/03\/konkurs-jameson-zew-desktop.jpg?tr=q-80,w-1920 1920w, https:\/\/ik.imagekit.io\/cvygf2xse\/jamesonwhiskey\/wp-content\/uploads\/2026\/03\/konkurs-jameson-zew-desktop.jpg?tr=q-80,w-1650 1650w, https:\/\/ik.imagekit.io\/cvygf2xse\/jamesonwhiskey\/wp-content\/uploads\/2026\/03\/konkurs-jameson-zew-desktop.jpg?tr=q-80,w-1440 1440w, https:\/\/ik.imagekit.io\/cvygf2xse\/jamesonwhiskey\/wp-content\/uploads\/2026\/03\/konkurs-jameson-zew-desktop.jpg?tr=q-80,w-1280 1280w, https:\/\/ik.imagekit.io\/cvygf2xse\/jamesonwhiskey\/wp-content\/uploads\/2026\/03\/konkurs-jameson-zew-desktop.jpg?tr=q-80,w-1024 1024w, https:\/\/ik.imagekit.io\/cvygf2xse\/jamesonwhiskey\/wp-content\/uploads\/2026\/03\/konkurs-jameson-zew-desktop.jpg?tr=q-80,w-768 768w, https:\/\/ik.imagekit.io\/cvygf2xse\/jamesonwhiskey\/wp-content\/uploads\/2026\/03\/konkurs-jameson-zew-desktop.jpg?tr=q-80,w-500 500w, https:\/\/ik.imagekit.io\/cvygf2xse\/jamesonwhiskey\/wp-content\/uploads\/2026\/03\/konkurs-jameson-zew-desktop.jpg?tr=q-80,w-420 420w, https:\/\/ik.imagekit.io\/cvygf2xse\/jamesonwhiskey\/wp-content\/uploads\/2026\/03\/konkurs-jameson-zew-desktop.jpg?tr=q-80,w-400 400w, https:\/\/ik.imagekit.io\/cvygf2xse\/jamesonwhiskey\/wp-content\/uploads\/2026\/03\/konkurs-jameson-zew-desktop.jpg?tr=q-80,w-375 375w, https:\/\/ik.imagekit.io\/cvygf2xse\/jamesonwhiskey\/wp-content\/uploads\/2026\/03\/konkurs-jameson-zew-desktop.jpg?tr=q-80,w-360 360w, https:\/\/ik.imagekit.io\/cvygf2xse\/jamesonwhiskey\/wp-content\/uploads\/2026\/03\/konkurs-jameson-zew-desktop.jpg?tr=q-80,w-320 320w, https:\/\/ik.imagekit.io\/cvygf2xse\/jamesonwhiskey\/wp-content\/uploads\/2026\/03\/konkurs-jameson-zew-desktop.jpg?tr=q-80,w-300 300w, https:\/\/ik.imagekit.io\/cvygf2xse\/jamesonwhiskey\/wp-content\/uploads\/2026\/03\/konkurs-jameson-zew-desktop.jpg?tr=q-80,w-275 275w, https:\/\/ik.imagekit.io\/cvygf2xse\/jamesonwhiskey\/wp-content\/uploads\/2026\/03\/konkurs-jameson-zew-desktop.jpg?tr=q-80,w-200 200w, https:\/\/ik.imagekit.io\/cvygf2xse\/jamesonwhiskey\/wp-content\/uploads\/2026\/03\/konkurs-jameson-zew-desktop.jpg?tr=q-80,w-100 100w, \" sizes=\"(min-width: 1440px) 100vw, (min-width: 1024px) 1024px, (min-width: 768px) 768px\">\n        <source srcset=\"https:\/\/ik.imagekit.io\/cvygf2xse\/jamesonwhiskey\/wp-content\/uploads\/2026\/03\/konkurs-jameson-zew-mobile.jpg?tr=q-80,w-320 320w, https:\/\/ik.imagekit.io\/cvygf2xse\/jamesonwhiskey\/wp-content\/uploads\/2026\/03\/konkurs-jameson-zew-mobile.jpg?tr=q-80,w-300 300w, https:\/\/ik.imagekit.io\/cvygf2xse\/jamesonwhiskey\/wp-content\/uploads\/2026\/03\/konkurs-jameson-zew-mobile.jpg?tr=q-80,w-275 275w, https:\/\/ik.imagekit.io\/cvygf2xse\/jamesonwhiskey\/wp-content\/uploads\/2026\/03\/konkurs-jameson-zew-mobile.jpg?tr=q-80,w-200 200w, https:\/\/ik.imagekit.io\/cvygf2xse\/jamesonwhiskey\/wp-content\/uploads\/2026\/03\/konkurs-jameson-zew-mobile.jpg?tr=q-80,w-100 100w, \" sizes=\"(min-width: 768px) 768px, (min-width: 500px) 500px, 250px\">\n        <img loading=\"lazy\" decoding=\"async\" src=\"https:\/\/ik.imagekit.io\/cvygf2xse\/jamesonwhiskey\/wp-content\/uploads\/2026\/03\/konkurs-jameson-zew-desktop.jpg?tr=q-80,w-1920\" width=\"1920\" height=\"750\" alt=\"Konkurs Jameson x Zew\">\n    <\/picture>\n\n    <div class=\"hero-fullscreen__container\">\n                                    <div class=\"hero-fullscreen__container-no-breadcrumb-spacer\"><\/div>\n                            <div class=\"hero-fullscreen__container-content\n            \">\n                                                        <\/div>\n    <\/div>\n<\/section>\n\n\n\n<section id=\"block_1ce6290fe4cd57ff6227cb55e28ac5ba\"\n         class=\"content-one-column content-one-column--bg-dark_cream full-width lazy\n        \n        content-one-column__half-padding\n        \" data-assetkey=\"content-one-column\">\n    <div class=\"content-one-column__content\">\n        \n\n<div class=\"subheading content-one-column__subheading\">\n        <div class=\"subheading__line\"><\/div>\n    \n    <span class=\"h6\">Konkurs Jameson<\/span>\n<\/div>\n\n                <div class=\"content-one-column__heading\">\n                            <h1 class=\"h1\">Konkurs z charakterem!<\/h1>\n                    <\/div>\n\n        \n                                                            <div class=\"content-one-column__text wysiwyg align_left_on_desktop\">\n                    <p>Jameson Triple Triple to whiskey dla tych, kt\u00f3rzy nie lubi\u0105 oczywistych wybor\u00f3w. Jest nietuzinkowa: z jednej strony uderza wyrazistym smakiem, z drugiej zaskakuje niebywa\u0142\u0105 \u0142agodno\u015bci\u0105. To zas\u0142uga potr\u00f3jnej destylacji i cierpliwo\u015bci, kt\u00f3r\u0105 wk\u0142adamy w ka\u017cd\u0105 kropl\u0119.<\/p>\n<p>A Ty? Czy Tw\u00f3j charakter te\u017c ma wiele twarzy? Skoro tu jeste\u015b, prawdopodobnie \u0142\u0105czysz w sobie cechy, kt\u00f3re tworz\u0105 mieszank\u0119 jedyn\u0105 w swoim rodzaju. Czas to pokaza\u0107!<\/p>\n\n                <\/div>\n                        <\/div>\n\n    <\/section>\n\n\n\n<section id=\"block_b54e8a747c254687f1a9ce8ada3fa80a\" class=\"content-two-column lazy full-width content-two-column--template-default content-two-column--orientation-inverted content-two-column--bg-light content-two-column--bg-img-default content-two-column--bg-img-color-none \" style=\"--bgImageColourFilter: 90%\" data-assetkey=\"content-two-column\">\n    <div class=\"content-two-column__wrapper\">\n        <div class=\"content-two-column__text\">\n            \n\n<div class=\"subheading content-two-column__subheading\">\n        <div class=\"subheading__line\"><\/div>\n    \n    <span class=\"h6\">Nagrody<\/span>\n<\/div>\n\n                        <div class=\"content-two-column__heading\">\n                                    <h2 class=\"h1\">Poczuj ZEW wygranej!<\/h2>\n                            <\/div>\n\n            \n            <div class=\"content-two-column__content wysiwyg\">\n                <p>Wierzymy, \u017ce unikalna osobowo\u015b\u0107 zas\u0142uguje na odpowiedni\u0105 opraw\u0119.<\/p>\n<p><strong>Przygotowali\u015bmy 50 limitowanych zestaw\u00f3w, w kt\u00f3rych sk\u0142ad wchodz\u0105:<\/strong><\/p>\n<p>\ud83e\uddf4 kosmetyki ZEW<\/p>\n<p>\ud83e\udd43 butelka Jameson Triple Triple<\/p>\n\n            <\/div>\n\n            \n        <\/div>\n\n        <div class=\"content-two-column__media\">\n                                                                                                                                                                        <picture class=\"content-two-column__picture\">\n                        <source class=\"content-two-column__source\" srcset=\"https:\/\/ik.imagekit.io\/cvygf2xse\/jamesonwhiskey\/wp-content\/uploads\/2026\/03\/jameson-zew-zestaw-nagrod.png?tr=q-80,w-420 420w, https:\/\/ik.imagekit.io\/cvygf2xse\/jamesonwhiskey\/wp-content\/uploads\/2026\/03\/jameson-zew-zestaw-nagrod.png?tr=q-80,w-400 400w, https:\/\/ik.imagekit.io\/cvygf2xse\/jamesonwhiskey\/wp-content\/uploads\/2026\/03\/jameson-zew-zestaw-nagrod.png?tr=q-80,w-375 375w, https:\/\/ik.imagekit.io\/cvygf2xse\/jamesonwhiskey\/wp-content\/uploads\/2026\/03\/jameson-zew-zestaw-nagrod.png?tr=q-80,w-360 360w, https:\/\/ik.imagekit.io\/cvygf2xse\/jamesonwhiskey\/wp-content\/uploads\/2026\/03\/jameson-zew-zestaw-nagrod.png?tr=q-80,w-320 320w, https:\/\/ik.imagekit.io\/cvygf2xse\/jamesonwhiskey\/wp-content\/uploads\/2026\/03\/jameson-zew-zestaw-nagrod.png?tr=q-80,w-300 300w, https:\/\/ik.imagekit.io\/cvygf2xse\/jamesonwhiskey\/wp-content\/uploads\/2026\/03\/jameson-zew-zestaw-nagrod.png?tr=q-80,w-275 275w, https:\/\/ik.imagekit.io\/cvygf2xse\/jamesonwhiskey\/wp-content\/uploads\/2026\/03\/jameson-zew-zestaw-nagrod.png?tr=q-80,w-200 200w, https:\/\/ik.imagekit.io\/cvygf2xse\/jamesonwhiskey\/wp-content\/uploads\/2026\/03\/jameson-zew-zestaw-nagrod.png?tr=q-80,w-100 100w, \" sizes=\"(min-width: 1024px) 100vw, (min-width: 768px) 768px, (min-width: 414px) 500px, 250px\">\n                        <img decoding=\"async\" loading=\"lazy\" class=\"content-two-column__image\" src=\"https:\/\/ik.imagekit.io\/cvygf2xse\/jamesonwhiskey\/wp-content\/uploads\/2026\/03\/jameson-zew-zestaw-nagrod.png?tr=q-80,w-483\" width=\"483\" height=\"483\" alt=\"Zestaw nagr\u00f3d w konkursie Jameson Triple Triple\">\n                    <\/picture>\n                                    <\/div>\n    <\/div>\n\n    \n    \n    <\/section>\n\n\n\n\n\n<section id=\"block_ef6e52b1855f3bea1a981da97e1c93e0\" class=\"content-two-column lazy full-width content-two-column--template-default content-two-column--orientation-default content-two-column--bg-light content-two-column--bg-img-default content-two-column--bg-img-color-none \" style=\"--bgImageColourFilter: 90%\" data-assetkey=\"content-two-column\">\n    <div class=\"content-two-column__wrapper\">\n        <div class=\"content-two-column__text\">\n            \n\n<div class=\"subheading content-two-column__subheading\">\n        <div class=\"subheading__line\"><\/div>\n    \n    <span class=\"h6\">Zadanie konkursowe<\/span>\n<\/div>\n\n                        <div class=\"content-two-column__heading\">\n                                    <h2 class=\"h1\">Jak wygra\u0107?<\/h2>\n                            <\/div>\n\n            \n            <div class=\"content-two-column__content wysiwyg\">\n                <p>Jameson Triple Triple to suma trzech r\u00f3\u017cnych beczek. My wiemy, co nas definiuje, a teraz chcemy us\u0142ysze\u0107 Twoj\u0105 histori\u0119! Nie szukamy wypracowa\u0144 \u2013 wystarcz\u0105 trzy konkretne s\u0142owa.<\/p>\n<p>Zasady gry:<\/p>\n<h3>Wymie\u0144 trzy s\u0142owa, kt\u00f3re najlepiej oddaj\u0105 Tw\u00f3j charakter i kr\u00f3tko uzasadnij sw\u00f3j wyb\u00f3r.<\/h3>\n<p>&nbsp;<\/p>\n<p>Wype\u0142nij formularz poni\u017cej, podziel si\u0119 swoj\u0105 definicj\u0105 charakteru i zawalcz o jeden z limitowanych zestaw\u00f3w Jameson x ZEW. \ud83e\udd19<\/p>\n\n            <\/div>\n\n            \n        <\/div>\n\n        <div class=\"content-two-column__media\">\n                                                                                                                                                                        <picture class=\"content-two-column__picture\">\n                        <source class=\"content-two-column__source\" srcset=\"https:\/\/ik.imagekit.io\/cvygf2xse\/jamesonwhiskey\/wp-content\/uploads\/2022\/02\/JJ_2300_TRIPLE-TRIPLE-GLOBAL_SA_3000x3000_0824_9-scaled.jpg?tr=q-80,w-2560 2560w, https:\/\/ik.imagekit.io\/cvygf2xse\/jamesonwhiskey\/wp-content\/uploads\/2022\/02\/JJ_2300_TRIPLE-TRIPLE-GLOBAL_SA_3000x3000_0824_9-scaled.jpg?tr=q-80,w-1920 1920w, https:\/\/ik.imagekit.io\/cvygf2xse\/jamesonwhiskey\/wp-content\/uploads\/2022\/02\/JJ_2300_TRIPLE-TRIPLE-GLOBAL_SA_3000x3000_0824_9-scaled.jpg?tr=q-80,w-1650 1650w, https:\/\/ik.imagekit.io\/cvygf2xse\/jamesonwhiskey\/wp-content\/uploads\/2022\/02\/JJ_2300_TRIPLE-TRIPLE-GLOBAL_SA_3000x3000_0824_9-scaled.jpg?tr=q-80,w-1440 1440w, https:\/\/ik.imagekit.io\/cvygf2xse\/jamesonwhiskey\/wp-content\/uploads\/2022\/02\/JJ_2300_TRIPLE-TRIPLE-GLOBAL_SA_3000x3000_0824_9-scaled.jpg?tr=q-80,w-1280 1280w, https:\/\/ik.imagekit.io\/cvygf2xse\/jamesonwhiskey\/wp-content\/uploads\/2022\/02\/JJ_2300_TRIPLE-TRIPLE-GLOBAL_SA_3000x3000_0824_9-scaled.jpg?tr=q-80,w-1024 1024w, https:\/\/ik.imagekit.io\/cvygf2xse\/jamesonwhiskey\/wp-content\/uploads\/2022\/02\/JJ_2300_TRIPLE-TRIPLE-GLOBAL_SA_3000x3000_0824_9-scaled.jpg?tr=q-80,w-768 768w, https:\/\/ik.imagekit.io\/cvygf2xse\/jamesonwhiskey\/wp-content\/uploads\/2022\/02\/JJ_2300_TRIPLE-TRIPLE-GLOBAL_SA_3000x3000_0824_9-scaled.jpg?tr=q-80,w-500 500w, https:\/\/ik.imagekit.io\/cvygf2xse\/jamesonwhiskey\/wp-content\/uploads\/2022\/02\/JJ_2300_TRIPLE-TRIPLE-GLOBAL_SA_3000x3000_0824_9-scaled.jpg?tr=q-80,w-420 420w, https:\/\/ik.imagekit.io\/cvygf2xse\/jamesonwhiskey\/wp-content\/uploads\/2022\/02\/JJ_2300_TRIPLE-TRIPLE-GLOBAL_SA_3000x3000_0824_9-scaled.jpg?tr=q-80,w-400 400w, https:\/\/ik.imagekit.io\/cvygf2xse\/jamesonwhiskey\/wp-content\/uploads\/2022\/02\/JJ_2300_TRIPLE-TRIPLE-GLOBAL_SA_3000x3000_0824_9-scaled.jpg?tr=q-80,w-375 375w, https:\/\/ik.imagekit.io\/cvygf2xse\/jamesonwhiskey\/wp-content\/uploads\/2022\/02\/JJ_2300_TRIPLE-TRIPLE-GLOBAL_SA_3000x3000_0824_9-scaled.jpg?tr=q-80,w-360 360w, https:\/\/ik.imagekit.io\/cvygf2xse\/jamesonwhiskey\/wp-content\/uploads\/2022\/02\/JJ_2300_TRIPLE-TRIPLE-GLOBAL_SA_3000x3000_0824_9-scaled.jpg?tr=q-80,w-320 320w, https:\/\/ik.imagekit.io\/cvygf2xse\/jamesonwhiskey\/wp-content\/uploads\/2022\/02\/JJ_2300_TRIPLE-TRIPLE-GLOBAL_SA_3000x3000_0824_9-scaled.jpg?tr=q-80,w-300 300w, https:\/\/ik.imagekit.io\/cvygf2xse\/jamesonwhiskey\/wp-content\/uploads\/2022\/02\/JJ_2300_TRIPLE-TRIPLE-GLOBAL_SA_3000x3000_0824_9-scaled.jpg?tr=q-80,w-275 275w, https:\/\/ik.imagekit.io\/cvygf2xse\/jamesonwhiskey\/wp-content\/uploads\/2022\/02\/JJ_2300_TRIPLE-TRIPLE-GLOBAL_SA_3000x3000_0824_9-scaled.jpg?tr=q-80,w-200 200w, https:\/\/ik.imagekit.io\/cvygf2xse\/jamesonwhiskey\/wp-content\/uploads\/2022\/02\/JJ_2300_TRIPLE-TRIPLE-GLOBAL_SA_3000x3000_0824_9-scaled.jpg?tr=q-80,w-100 100w, \" sizes=\"(min-width: 1024px) 100vw, (min-width: 768px) 768px, (min-width: 414px) 500px, 250px\">\n                        <img decoding=\"async\" loading=\"lazy\" class=\"content-two-column__image\" src=\"https:\/\/ik.imagekit.io\/cvygf2xse\/jamesonwhiskey\/wp-content\/uploads\/2022\/02\/JJ_2300_TRIPLE-TRIPLE-GLOBAL_SA_3000x3000_0824_9-scaled.jpg?tr=q-80,w-2560\" width=\"2560\" height=\"2560\" alt=\"Jameson Triple Triple\">\n                    <\/picture>\n                                    <\/div>\n    <\/div>\n\n    \n    \n    <\/section>\n\n\n\n<div style=\"height:60px\" aria-hidden=\"true\" class=\"wp-block-spacer\"><\/div>\n\n\n","protected":false},"excerpt":{"rendered":"","protected":false},"author":179,"featured_media":0,"parent":0,"menu_order":0,"comment_status":"closed","ping_status":"closed","template":"","meta":{"_acf_changed":false,"_seopress_robots_primary_cat":"","_seopress_titles_title":"Konkurs Jameson. Wygraj zestawy kosmetyk\u00f3w ZEW i butelki Triple Triple - Jameson Whiskey PL","_seopress_titles_desc":"We\u017a udzia\u0142 w konkursie Jameson Triple Triple x ZEW i graj o wyj\u0105tkowe nagrody! Sprawd\u017a aktualne zasady gry i do\u0142\u0105cz do \u015bwiata irlandzkiej whiskey.","_seopress_robots_index":"","inline_featured_image":false,"footnotes":""},"categories":[],"tags":[],"our-world-category":[],"class_list":["post-2867410","page","type-page","status-publish","hentry"],"acf":[],"_links":{"self":[{"href":"https:\/\/www.jamesonwhiskey.com\/pl-pl\/wp-json\/wp\/v2\/pages\/2867410","targetHints":{"allow":["GET"]}}],"collection":[{"href":"https:\/\/www.jamesonwhiskey.com\/pl-pl\/wp-json\/wp\/v2\/pages"}],"about":[{"href":"https:\/\/www.jamesonwhiskey.com\/pl-pl\/wp-json\/wp\/v2\/types\/page"}],"author":[{"embeddable":true,"href":"https:\/\/www.jamesonwhiskey.com\/pl-pl\/wp-json\/wp\/v2\/users\/179"}],"replies":[{"embeddable":true,"href":"https:\/\/www.jamesonwhiskey.com\/pl-pl\/wp-json\/wp\/v2\/comments?post=2867410"}],"version-history":[{"count":2,"href":"https:\/\/www.jamesonwhiskey.com\/pl-pl\/wp-json\/wp\/v2\/pages\/2867410\/revisions"}],"predecessor-version":[{"id":3325544,"href":"https:\/\/www.jamesonwhiskey.com\/pl-pl\/wp-json\/wp\/v2\/pages\/2867410\/revisions\/3325544"}],"wp:attachment":[{"href":"https:\/\/www.jamesonwhiskey.com\/pl-pl\/wp-json\/wp\/v2\/media?parent=2867410"}],"wp:term":[{"taxonomy":"category","embeddable":true,"href":"https:\/\/www.jamesonwhiskey.com\/pl-pl\/wp-json\/wp\/v2\/categories?post=2867410"},{"taxonomy":"post_tag","embeddable":true,"href":"https:\/\/www.jamesonwhiskey.com\/pl-pl\/wp-json\/wp\/v2\/tags?post=2867410"},{"taxonomy":"our-world-category","embeddable":true,"href":"https:\/\/www.jamesonwhiskey.com\/pl-pl\/wp-json\/wp\/v2\/our-world-category?post=2867410"}],"curies":[{"name":"wp","href":"https:\/\/api.w.org\/{rel}","templated":true}]}}