{"id":3196617,"date":"2025-10-13T14:48:12","date_gmt":"2025-10-13T14:48:12","guid":{"rendered":"https:\/\/www.jamesonwhiskey.com\/accessibility-statement\/"},"modified":"2025-10-15T13:05:19","modified_gmt":"2025-10-15T13:05:19","slug":"accessibility-statement","status":"publish","type":"page","link":"https:\/\/www.jamesonwhiskey.com\/pl-pl\/accessibility-statement\/","title":{"rendered":"O\u015bwiadczenie o dost\u0119pno\u015bci"},"content":{"rendered":"\n<section id=\"block_aa6315dc7915cd5e4cc396c3a10d6edb\"\n         class=\"content-one-column content-one-column--bg-light_cream full-width lazy\n        \n        \n        \" data-assetkey=\"content-one-column\">\n    <div class=\"content-one-column__content\">\n        \n                <div class=\"content-one-column__heading\">\n                            <h2 class=\"h1\">O\u015bwiadczenie o dost\u0119pno\u015bci<\/h2>\n                    <\/div>\n\n        \n                                                            <div class=\"content-one-column__text wysiwyg align_center_on_desktop\">\n                    <p>Firma Pernod Ricard oraz sp\u00f3\u0142ki z ni\u0105 stowarzyszone s\u0105 zaanga\u017cowane w promowanie inkluzji i zapewnienie dost\u0119pno\u015bci swoich stron internetowych i aplikacji mobilnych. W przypadku, gdy nie mo\u017cesz uzyska\u0107 dost\u0119pu do jakiejkolwiek tre\u015bci lub us\u0142ugi, skontaktuj si\u0119 z nami poprzez e-mail: <a href=\"mailto:accessibility@pernod-ricard.com\">accessibility@pernod-ricard.com<\/a>, aby\u015bmy mogli zapewni\u0107 dost\u0119pn\u0105 alternatyw\u0119 lub udost\u0119pni\u0107 tre\u015b\u0107 w innej formie.<\/p>\n\n                <\/div>\n                        <\/div>\n\n    <\/section>\n","protected":false},"excerpt":{"rendered":"<p>Pernod Ricard i jego sp\u00f3\u0142ki zale\u017cne s\u0105 zaanga\u017cowane w dzia\u0142ania na rzecz integracji i zapewnienia dost\u0119pno\u015bci swoich stron internetowych i aplikacji mobilnych.<\/p>\n","protected":false},"author":335,"featured_media":0,"parent":0,"menu_order":0,"comment_status":"closed","ping_status":"closed","template":"","meta":{"_acf_changed":false,"_seopress_robots_primary_cat":"","_seopress_titles_title":"O\u015bwiadczenie o dost\u0119pno\u015bci - Jameson Whiskey PL","_seopress_titles_desc":"Pernod Ricard and its affiliate companies are committed to inclusion and making their websites and mobile apps accessible.","_seopress_robots_index":"","inline_featured_image":false,"footnotes":""},"categories":[],"tags":[],"our-world-category":[],"class_list":["post-3196617","page","type-page","status-publish","hentry"],"acf":[],"_links":{"self":[{"href":"https:\/\/www.jamesonwhiskey.com\/pl-pl\/wp-json\/wp\/v2\/pages\/3196617","targetHints":{"allow":["GET"]}}],"collection":[{"href":"https:\/\/www.jamesonwhiskey.com\/pl-pl\/wp-json\/wp\/v2\/pages"}],"about":[{"href":"https:\/\/www.jamesonwhiskey.com\/pl-pl\/wp-json\/wp\/v2\/types\/page"}],"author":[{"embeddable":true,"href":"https:\/\/www.jamesonwhiskey.com\/pl-pl\/wp-json\/wp\/v2\/users\/335"}],"replies":[{"embeddable":true,"href":"https:\/\/www.jamesonwhiskey.com\/pl-pl\/wp-json\/wp\/v2\/comments?post=3196617"}],"version-history":[{"count":3,"href":"https:\/\/www.jamesonwhiskey.com\/pl-pl\/wp-json\/wp\/v2\/pages\/3196617\/revisions"}],"predecessor-version":[{"id":3197647,"href":"https:\/\/www.jamesonwhiskey.com\/pl-pl\/wp-json\/wp\/v2\/pages\/3196617\/revisions\/3197647"}],"wp:attachment":[{"href":"https:\/\/www.jamesonwhiskey.com\/pl-pl\/wp-json\/wp\/v2\/media?parent=3196617"}],"wp:term":[{"taxonomy":"category","embeddable":true,"href":"https:\/\/www.jamesonwhiskey.com\/pl-pl\/wp-json\/wp\/v2\/categories?post=3196617"},{"taxonomy":"post_tag","embeddable":true,"href":"https:\/\/www.jamesonwhiskey.com\/pl-pl\/wp-json\/wp\/v2\/tags?post=3196617"},{"taxonomy":"our-world-category","embeddable":true,"href":"https:\/\/www.jamesonwhiskey.com\/pl-pl\/wp-json\/wp\/v2\/our-world-category?post=3196617"}],"curies":[{"name":"wp","href":"https:\/\/api.w.org\/{rel}","templated":true}]}}