{"id":80275,"date":"2022-05-31T17:58:50","date_gmt":"2022-05-31T17:58:50","guid":{"rendered":"https:\/\/www.jamesonwhiskey.com\/zasady-dotyczace-plikow-cookie\/"},"modified":"2022-09-18T18:21:10","modified_gmt":"2022-09-18T18:21:10","slug":"cookie-policy","status":"publish","type":"page","link":"https:\/\/www.jamesonwhiskey.com\/pl-pl\/cookie-policy\/","title":{"rendered":"Zasady dotycz\u0105ce plik\u00f3w cookie"},"content":{"rendered":"\n<section id=\"block_6242d072eca43\" class=\"hero hero-no-image hero-no-image__no-breadcrumb-spacer lazy\" data-assetkey=\"hero-no-image\">\n  <div class=\"hero-no-image__container \">\n    <div class=\"hero-no-image__container-content\">\n        <div class=\"subheading \">\n    <div class=\"subheading__line\"><\/div>\n    <span class=\"h6\">Informacje prawne<\/span>\n  <\/div>\n\n      <h1 class=\"h1\">Zasady dotycz\u0105ce plik\u00f3w cookie<\/h1>\n    <\/div>\n  <\/div>\n<\/section>\n\n\n                                                                                                                                                                                                                                                                                                                                                                                                                                                                                                                                                                                                                                                                                                                                                                                                                                                                                                                                                                                                                                                                                                                                                                                                                                                                                                                                                                                                                                                                                                                                                                                                                                                                                                                                                                                                                                                                                                                                                                                                                                                                                    \n<section id=\"block_6221dd6bbecda\"\n         class=\"content-one-column content-one-column--bg-light full-width lazy\n        \n        \n        \" data-assetkey=\"content-one-column\">\n    <div class=\"content-one-column__content\">\n        \n                <div class=\"content-one-column__heading\">\n                            <h2 class=\"h1\"><\/h2>\n                    <\/div>\n\n        \n                                                            <div class=\"content-one-column__text wysiwyg align_center_on_desktop\">\n                    <p>Irish Distillers International Limited (\u201eIDIL\u201d) korzysta z tzw. plik\u00f3w cookie, aby \u0142atwiej zapami\u0119ta\u0107 szczeg\u00f3\u0142y wizyt u\u017cytkownika w Witrynie, w tym mi\u0119dzy innymi informacje techniczne dotycz\u0105ce wizyty u\u017cytkownika, np. dane o ruchu, dane o lokalizacji, adres IP, strona internetowa, z kt\u00f3rej u\u017cytkownik przeszed\u0142 na nasz\u0105 Witryn\u0119, a tak\u017ce rodzaj u\u017cywanej przegl\u0105darki. Informacje uzyskiwane za po\u015brednictwem plik\u00f3w cookie s\u0105 traktowane w spos\u00f3b opisany w naszym O\u015bwiadczeniu dotycz\u0105cym ochrony prywatno\u015bci. Plik cookie to ma\u0142y plik danych umieszczany przez nasz\u0105 Witryn\u0119 na urz\u0105dzeniu u\u017cytkownika (np. telefonie lub komputerze), wykorzystywany do gromadzenia informacji na temat u\u017cytkownika, m.in. danych osobowych. Jeden plik cookie mo\u017ce na przyk\u0142ad umo\u017cliwi\u0107 Witrynie rozpoznawanie przegl\u0105darki, a inny \u2014 s\u0142u\u017cy\u0107 do przechowywania preferencji i innych informacji umo\u017cliwiaj\u0105cych efektywn\u0105 nawigacj\u0119 po Witrynie. Pliki cookie mog\u0105 r\u00f3wnie\u017c pom\u00f3c w zapewnieniu, \u017ce reklamy wy\u015bwietlane online s\u0105 lepiej dostosowane do potrzeb u\u017cytkownika i pasuj\u0105 do jego zainteresowa\u0144.<\/p>\n\n                <\/div>\n                        <\/div>\n\n    <\/section>\n\n\n                                                                                                                                                                                                                                                                                                                                                                                                                                                                                                                                                                                                                                                                                                                                                                                                                                                                                                                                                                                                                                                                                                                                                                                                                                                                                                                                                                                                                                                                                                                                                                                                                                                                                                                                                                                                                                                                                                                                                                                                                                                                                    \n<section id=\"block_6221de20becde\" class=\"faq  lazy\" data-assetkey=\"faq\">\n  <div class=\"faq__heading\">\n    <h2 class=\"h1\">Informacje na temat plik\u00f3w cookie<\/h2>\n  <\/div>\n\n  <div class=\"faq__lines\">\n                          <details>\n          <summary class=\"h5\">\n            <span class=\"expandable-list-heading\">Rodzaje plik\u00f3w cookie u\u017cywanych w Witrynie<\/span>\n            <span class=\"expandable-list-toggle\"><\/span>\n          <\/summary>\n          <section class=\"expandable-list-content\">\n            <p>IDIL mo\u017ce za po\u015brednictwem Witryny umieszcza\u0107 pliki cookie na urz\u0105dzeniu u\u017cytkownika. Informacje uzyskiwane przez nas za po\u015brednictwem plik\u00f3w cookie s\u0105 traktowane w spos\u00f3b opisany w naszym O\u015bwiadczeniu dotycz\u0105cym ochrony prywatno\u015bci. Mo\u017cemy r\u00f3wnie\u017c zezwoli\u0107 partnerom handlowym na umieszczanie plik\u00f3w cookie na urz\u0105dzeniu u\u017cytkownika.<\/p>\n<p>Poni\u017cej przedstawiono r\u00f3\u017cne rodzaje plik\u00f3w cookie u\u017cywanych w Witrynie.<\/p>\n\n          <\/section>\n        <\/details>\n                                <details>\n          <summary class=\"h5\">\n            <span class=\"expandable-list-heading\">Niezb\u0119dne pliki cookie<\/span>\n            <span class=\"expandable-list-toggle\"><\/span>\n          <\/summary>\n          <section class=\"expandable-list-content\">\n            <p>Te pliki cookie s\u0105 niezb\u0119dne, aby umo\u017cliwi\u0107 u\u017cytkownikowi poruszanie si\u0119 po Witrynach i korzystanie z funkcji Witryn, takich jak dost\u0119p do bezpiecznych obszar\u00f3w Witryny. Bez tych plik\u00f3w cookie nie jest mo\u017cliwe \u015bwiadczenie us\u0142ug, o kt\u00f3re prosi\u0142 u\u017cytkownik, takich jak zakupy online.<\/p>\n<p>ageset: Wiek u\u017cytkownika w latach, np. \u201e38\u201d. Warto\u015b\u0107 okre\u015blona przez dat\u0119 urodzenia wybran\u0105 w okienku z potwierdzeniem wieku lub podan\u0105 podczas rejestracji w serwisie Facebook.<\/p>\n<p>ageverified: Informacja o tym, czy u\u017cytkownik wype\u0142ni\u0142 okienko z potwierdzeniem wieku (mo\u017cliwe warto\u015bci: \u201etrue\u201d lub \u201efalse\u201d).<\/p>\n<p>countrycode: Warto\u015b\u0107 pozyskiwana na podstawie sprawdzania adresu IP, np. \u201eGB\u201d.<\/p>\n<p>dob: Warto\u015b\u0107 wype\u0142niana w zale\u017cno\u015bci od wyboru dokonanego przez u\u017cytkownika na li\u015bcie rozwijanej w okienku z potwierdzeniem wieku lub warto\u015bci daty urodzenia w serwisie Facebook przy u\u017cyciu interfejsu Graph API. Format: np. \u201eYYY-MM-DD\u201d (rok-miesi\u0105c-dzie\u0144).<\/p>\n<p>selected_country: Nazwa kraju, okre\u015blona na podstawie wyboru dokonanego przez u\u017cytkownika w okienku z potwierdzeniem wieku, np. \u201eVN\u201d.<\/p>\n\n          <\/section>\n        <\/details>\n                                <details>\n          <summary class=\"h5\">\n            <span class=\"expandable-list-heading\">Funkcjonalne pliki cookie<\/span>\n            <span class=\"expandable-list-toggle\"><\/span>\n          <\/summary>\n          <section class=\"expandable-list-content\">\n            <p>Dzi\u0119ki tym plikom cookie Witryna zapami\u0119tuje wybory u\u017cytkownika (np. preferowany j\u0119zyk lub region) oraz oferuje mu bardziej spersonalizowane funkcje. Te pliki cookie mog\u0105 by\u0107 r\u00f3wnie\u017c wykorzystywane do monitorowania i analizowania wydajno\u015bci, dzia\u0142ania i skuteczno\u015bci Witryny, aby\u015bmy mogli j\u0105 ulepsza\u0107 i zoptymalizowa\u0107.<\/p>\n<p>Po uzyskaniu zgody u\u017cytkownika mo\u017cemy umie\u015bci\u0107 plik cookie w Witrynie, aby zapami\u0119ta\u0107 preferencje u\u017cytkownika; dzi\u0119ki temu nie b\u0119dzie on musia\u0142 ponownie wprowadza\u0107 swoich danych (kraju, wieku i preferencji j\u0119zykowych) na stronie z okienkiem do wprowadzania wieku za ka\u017cdym razem, gdy b\u0119dzie chcia\u0142 uzyska\u0107 dost\u0119p do Witryny. Nie nale\u017cy udziela\u0107 zgody na korzystanie z tego pliku cookie na komputerach wsp\u00f3\u0142dzielonych z innymi osobami.<\/p>\n<p>Mo\u017cemy r\u00f3wnie\u017c u\u017cywa\u0107 sesyjnych plik\u00f3w cookie, czyli tymczasowych plik\u00f3w cookie u\u0142atwiaj\u0105cych nawigacj\u0119 po stronach w Witrynie i zapami\u0119tuj\u0105cych preferencje wybrane podczas danej sesji. Wa\u017cno\u015b\u0107 tych plik\u00f3w cookie wygasa po zamkni\u0119ciu przegl\u0105darki.<\/p>\n\n          <\/section>\n        <\/details>\n                                <details>\n          <summary class=\"h5\">\n            <span class=\"expandable-list-heading\">Pliki cookie dotycz\u0105ce wydajno\u015bci | targetowania<\/span>\n            <span class=\"expandable-list-toggle\"><\/span>\n          <\/summary>\n          <section class=\"expandable-list-content\">\n            <p>Te pliki cookie pozwalaj\u0105 gromadzi\u0107 informacje o tym, w jaki spos\u00f3b u\u017cytkownik korzysta z Witryny, na przyk\u0142ad kt\u00f3re jej strony najcz\u0119\u015bciej odwiedza. Informacje zebrane przez te pliki cookie nie pozwalaj\u0105 na identyfikacj\u0119 u\u017cytkownika. Wszystkie informacje gromadzone przez te pliki cookie maj\u0105 charakter zagregowany, s\u0105 wi\u0119c anonimowe. Te pliki cookie mog\u0105 by\u0107 umieszczane w naszej witrynie przez naszych partner\u00f3w reklamowych. Mog\u0105 one by\u0107 wykorzystywane przez te firmy do tworzenia profilu zainteresowa\u0144 u\u017cytkownika i wy\u015bwietlania mu odpowiednich reklam w innych witrynach. Nie przechowuj\u0105 one bezpo\u015brednio danych osobowych, ale opieraj\u0105 si\u0119 na jednoznacznym identyfikowaniu przegl\u0105darki i urz\u0105dzenia internetowego u\u017cytkownika. Je\u015bli u\u017cytkownik nie zezwoli na korzystanie z tych plik\u00f3w cookie, b\u0119dzie otrzymywa\u0142 mniej ukierunkowanych reklam.<\/p>\n<p>Do monitorowania i analizowania korzystania z Witryny u\u017cywamy funkcji Google Analytics. Google Analytics to typ pliku cookie dotycz\u0105cego wydajno\u015bci, kt\u00f3ry gromadzi standardowe dane rejestrowane w internetowych plikach dziennika (tzw. logach) oraz informacje o zachowaniach odwiedzaj\u0105cych w formie anonimowej. Informacje zgromadzone przez ten plik cookie s\u0105 przekazywane do firmy Google, kt\u00f3ra nast\u0119pnie wykorzystuje je do analizy korzystania z Witryny przez odwiedzaj\u0105cych i do kompilowania raport\u00f3w statystycznych o aktywno\u015bci w Witrynie. Aby zrezygnowa\u0107 z \u015bledzenia przez Google Analytics na wszystkich stronach internetowych, odwied\u017a adres <a href=\"http:\/\/tools.google.com\/dlpage\/gaoptout\" rel=\"noopener\" target=\"_blank\">http:\/\/tools.google.com\/dlpage\/gaoptout<\/a>.<\/p>\n\n          <\/section>\n        <\/details>\n                                <details>\n          <summary class=\"h5\">\n            <span class=\"expandable-list-heading\">Jak zarz\u0105dza\u0107 plikami cookie i wy\u0142\u0105cza\u0107 je<\/span>\n            <span class=\"expandable-list-toggle\"><\/span>\n          <\/summary>\n          <section class=\"expandable-list-content\">\n            <p>U\u017cytkownik mo\u017ce nie wyrazi\u0107 zgody na zapisywanie plik\u00f3w cookie. Czasami przegl\u0105darka umo\u017cliwia skonfigurowanie sposobu obs\u0142ugi plik\u00f3w cookie, np. odrzucania wszystkich plik\u00f3w cookie lub wy\u015bwietlania monitu o zaakceptowanie ka\u017cdego pliku cookie. Nale\u017cy jednak pami\u0119ta\u0107, \u017ce niekt\u00f3re cz\u0119\u015bci Witryny bez plik\u00f3w cookie mog\u0105 nie funkcjonowa\u0107 w\u0142a\u015bciwie lub mog\u0105 nie dzia\u0142a\u0107 w og\u00f3le. Po zalogowaniu si\u0119 w Witrynie nasz system automatycznie generuje pliki cookie, chyba \u017ce u\u017cytkownik dostosuje ustawienia przegl\u0105darki tak, aby pliki cookie by\u0142y odrzucane.<\/p>\n\n          <\/section>\n        <\/details>\n                                <details>\n          <summary class=\"h5\">\n            <span class=\"expandable-list-heading\">Zmiany w niniejszym O\u015bwiadczeniu dotycz\u0105cym plik\u00f3w cookie<\/span>\n            <span class=\"expandable-list-toggle\"><\/span>\n          <\/summary>\n          <section class=\"expandable-list-content\">\n            <p>Mo\u017cemy zmieni\u0107 niniejsze O\u015bwiadczenie dotycz\u0105ce plik\u00f3w cookie w dowolnym momencie. W przypadku wprowadzenia istotnych zmian w O\u015bwiadczeniu dotycz\u0105cym plik\u00f3w cookie powiadomimy o tym u\u017cytkownik\u00f3w, publikuj\u0105c zmienione O\u015bwiadczenie dotycz\u0105ce plik\u00f3w cookie w witrynie lub wysy\u0142aj\u0105c wiadomo\u015b\u0107 e-mail.<\/p>\n<p>Zach\u0119camy do zapoznania si\u0119 ze zmienionym O\u015bwiadczeniem dotycz\u0105cym plik\u00f3w cookie. Je\u015bli u\u017cytkownik nie wyra\u017ca zgody na zmienione O\u015bwiadczenie dotycz\u0105ce plik\u00f3w cookie, nie mo\u017cemy nadal udost\u0119pnia\u0107 mu Witryny, a jedyn\u0105 dost\u0119pn\u0105 dla u\u017cytkownika opcj\u0105 jest zaprzestanie wizyt w Witrynie i dezaktywacja konta IDIL.<\/p>\n<p>Wi\u0119cej informacji na temat plik\u00f3w cookie mo\u017cna znale\u017a\u0107 na stronie <a href=\"http:\/\/www.aboutcookies.org\" rel=\"noopener\" target=\"_blank\">Informacje na temat plik\u00f3w cookie<\/a><\/p>\n\n          <\/section>\n        <\/details>\n            <\/div>\n<\/section>\n\n\n                                                                                                                                                                                                                                                                                                                                                                                                                                                                                                                                                                                                                                                                                                                                                                                                                                                                                                                                                                                                                                                                                                                                                                                                                                                                                                                                                                                                                                                                                                                                                                                                                                                                                                                                                                                                                                                                                                                                                                                                                                                                                  ","protected":false},"excerpt":{"rendered":"","protected":false},"author":29,"featured_media":0,"parent":0,"menu_order":4,"comment_status":"closed","ping_status":"closed","template":"","meta":{"_acf_changed":false,"_seopress_robots_primary_cat":"","_seopress_titles_title":"","_seopress_titles_desc":"","_seopress_robots_index":"","inline_featured_image":false,"footnotes":""},"categories":[],"tags":[],"our-world-category":[],"class_list":["post-80275","page","type-page","status-publish","hentry"],"acf":[],"_links":{"self":[{"href":"https:\/\/www.jamesonwhiskey.com\/pl-pl\/wp-json\/wp\/v2\/pages\/80275","targetHints":{"allow":["GET"]}}],"collection":[{"href":"https:\/\/www.jamesonwhiskey.com\/pl-pl\/wp-json\/wp\/v2\/pages"}],"about":[{"href":"https:\/\/www.jamesonwhiskey.com\/pl-pl\/wp-json\/wp\/v2\/types\/page"}],"author":[{"embeddable":true,"href":"https:\/\/www.jamesonwhiskey.com\/pl-pl\/wp-json\/wp\/v2\/users\/29"}],"replies":[{"embeddable":true,"href":"https:\/\/www.jamesonwhiskey.com\/pl-pl\/wp-json\/wp\/v2\/comments?post=80275"}],"version-history":[{"count":0,"href":"https:\/\/www.jamesonwhiskey.com\/pl-pl\/wp-json\/wp\/v2\/pages\/80275\/revisions"}],"wp:attachment":[{"href":"https:\/\/www.jamesonwhiskey.com\/pl-pl\/wp-json\/wp\/v2\/media?parent=80275"}],"wp:term":[{"taxonomy":"category","embeddable":true,"href":"https:\/\/www.jamesonwhiskey.com\/pl-pl\/wp-json\/wp\/v2\/categories?post=80275"},{"taxonomy":"post_tag","embeddable":true,"href":"https:\/\/www.jamesonwhiskey.com\/pl-pl\/wp-json\/wp\/v2\/tags?post=80275"},{"taxonomy":"our-world-category","embeddable":true,"href":"https:\/\/www.jamesonwhiskey.com\/pl-pl\/wp-json\/wp\/v2\/our-world-category?post=80275"}],"curies":[{"name":"wp","href":"https:\/\/api.w.org\/{rel}","templated":true}]}}