{"id":80280,"date":"2022-05-31T17:59:39","date_gmt":"2022-05-31T17:59:39","guid":{"rendered":"https:\/\/www.jamesonwhiskey.com\/warunki-korzystania-z-witryny\/"},"modified":"2022-09-18T18:26:31","modified_gmt":"2022-09-18T18:26:31","slug":"terms-and-condititions","status":"publish","type":"page","link":"https:\/\/www.jamesonwhiskey.com\/pl-pl\/terms-and-condititions\/","title":{"rendered":"Warunki korzystania z witryny"},"content":{"rendered":"\n<section id=\"block_620cee5934254\" class=\"hero hero-no-image hero-no-image__no-breadcrumb-spacer lazy\" data-assetkey=\"hero-no-image\">\n  <div class=\"hero-no-image__container hero-no-image__container-fullwidth\">\n    <div class=\"hero-no-image__container-content\">\n        <div class=\"subheading \">\n    <div class=\"subheading__line\"><\/div>\n    <span class=\"h6\">Informacje prawne<\/span>\n  <\/div>\n\n      <h1 class=\"h1\">Warunki korzystania z witryny<\/h1>\n    <\/div>\n  <\/div>\n<\/section>\n\n\n                                                                                                                                                                                                                                                                                                                                                                                                                                                                                                                                                                                                                                                                                                                                                                                                                                                                                                                                                                                                                                                                                                                                                                                                                                                                                                                                                                                                                                                                                                                                                                                                                                                                                                                                                                                                                                                                                                                                                                                                                                                                                    \n<section id=\"block_620cee0734253\"\n         class=\"content-one-column content-one-column--bg-light full-width lazy\n        \n        \n        \" data-assetkey=\"content-one-column\">\n    <div class=\"content-one-column__content\">\n        \n                <div class=\"content-one-column__heading\">\n                            <h2 class=\"h1\"><\/h2>\n                    <\/div>\n\n        \n                                                            <div class=\"content-one-column__text wysiwyg align_center_on_desktop\">\n                    <p class=\"p1\"><b>PONI\u017bSZE WARUNKI MAJ\u0104 ZASTOSOWANIE DO U\u017bYTKOWNIK\u00d3W, ODWIEDZAJ\u0104CYCH I WSZYSTKICH OS\u00d3B MAJ\u0104CYCH DOST\u0118P DO STRONY INTERNETOWEJ www.jamesonwhiskey.com (TEJ \u201eWITRYNY\u201d). KORZYSTAJ\u0104C Z TEJ WITRYNY LUB PRZEGL\u0104DAJ\u0104C J\u0104, U\u017bYTKOWNIK AKCEPTUJE NINIEJSZE WARUNKI. JE\u015aLI U\u017bYTKOWNIK NIE WYRA\u017bA NA NIE ZGODY, NIE MO\u017bE KORZYSTA\u0106 Z TEJ WITRYNY. U\u017bYTKOWNIK UZYSKUJE DOST\u0118P DO TEJ WITRYNY I KORZYSTA Z NIEJ NA W\u0141ASNE RYZYKO.<\/b><\/p>\n<p class=\"p1\">Ta Witryna jest prowadzona przez Irish Distillers International Limited, prywatn\u0105 sp\u00f3\u0142k\u0119 zarejestrowan\u0105 w Irlandii pod numerem 15558 i maj\u0105c\u0105 siedzib\u0119 pod adresem: Simmonscourt House, Simmonscourt Road, Ballsbridge, Dublin 4, Irlandia, oraz jej podmioty stowarzyszone (\u201eIDIL\u201d lub \u201emy\u201d). Wszelkie pytania dotycz\u0105ce tej Witryny lub niniejszych warunk\u00f3w korzystania z niej nale\u017cy przesy\u0142a\u0107 pod adres\u00a0<b>info@jamesonwhiskey.com<\/b>.<\/p>\n\n                <\/div>\n                                                                <div class=\"content-one-column__text wysiwyg align_center_on_desktop\">\n                    <p class=\"p1\"><b>ABY M\u00d3C KORZYSTA\u0106 Z TEJ WITRYNY, U\u017bYTKOWNIK MUSI OSI\u0104GN\u0104\u0106 WIEK UPRAWNIAJ\u0104CY DO KUPOWANIA ALKOHOLU W SWOIM KRAJU ZAMIESZKANIA. W PRZECIWNYM RAZIE NIE MO\u017bE ODWIEDZA\u0106 TEJ WITRYNY. OGRANICZENIA DOTYCZ\u0104CE KORZYSTANIA.<\/b>\u00a0Dost\u0119p do tej Witryny jest dozwolony na czas okre\u015blony, a IDIL zastrzega sobie prawo do wycofania, zawieszenia lub zmiany us\u0142ug udost\u0119pnianych w Witrynie bez wcze\u015bniejszego powiadomienia. Ta Witryna ulega zmianom i jest regularnie aktualizowana. IDIL nie ponosi \u017cadnej odpowiedzialno\u015bci za niedost\u0119pno\u015b\u0107 Witryny lub zamieszczonych w niej materia\u0142\u00f3w w jakimkolwiek czasie lub okresie. Materia\u0142\u00f3w z tej Witryny nie wolno modyfikowa\u0107, kopiowa\u0107, reprodukowa\u0107, rozpowszechnia\u0107, ponownie publikowa\u0107, przesy\u0142a\u0107, publikowa\u0107 ani przekazywa\u0107 w \u017cadnej formie bez uprzedniej pisemnej zgody IDIL. IDIL jest w\u0142a\u015bcicielem lub licencjobiorc\u0105 wszystkich praw w\u0142asno\u015bci intelektualnej odnosz\u0105cych si\u0119 do Witryny oraz opublikowanych w niej materia\u0142\u00f3w. Wszelkie takie prawa s\u0105 zastrze\u017cone. Korzystanie przez u\u017cytkownika z Witryny lub uzyskiwanie do niej dost\u0119pu nie powoduje przeniesienia na u\u017cytkownika \u017cadnych tytu\u0142\u00f3w ani praw w\u0142asno\u015bci intelektualnej. Przeciwnie, wszelkie prawa, tytu\u0142y i udzia\u0142y w cz\u0119\u015bci lub ca\u0142o\u015bci zawarto\u015bci Witryny pozostaj\u0105 w\u0142asno\u015bci\u0105 IDIL. Materia\u0142y umieszczone w tej Witrynie s\u0105 udost\u0119pniane wy\u0142\u0105cznie w celach zgodnych z prawem.<\/p>\n\n                <\/div>\n                                                                <div class=\"content-one-column__text wysiwyg align_center_on_desktop\">\n                    <p class=\"p1\"><b>OGRANICZENIE ODPOWIEDZIALNO\u015aCI.<\/b>\u00a0W zakresie dozwolonym przez prawo IDIL nie ponosi, w \u017cadnych okoliczno\u015bciach, odpowiedzialno\u015bci za \u017cadne straty ani szkody (w tym mi\u0119dzy innymi za straty bezpo\u015brednie, przypadkowe, wt\u00f3rne lub po\u015brednie, takie jak utrata zysk\u00f3w, dochod\u00f3w lub przychod\u00f3w, utrata warto\u015bci firmy, zak\u0142\u00f3cenie dzia\u0142alno\u015bci, utrata danych lub informacji, szkody szczeg\u00f3lne lub podlegaj\u0105ce sankcjom, nawet je\u015bli IDIL zosta\u0142a powiadomiona z wyprzedzeniem o mo\u017cliwo\u015bci ich wyst\u0105pienia), uszkodzenia cia\u0142a lub obra\u017cenia niezale\u017cnie od tego, czy powsta\u0142y w wyniku czynu niedozwolonego, naruszenia umowy czy w inny spos\u00f3b, odnosz\u0105ce si\u0119 do, wynikaj\u0105ce z lub b\u0119d\u0105ce konsekwencj\u0105 korzystania z, dost\u0119pu do lub niemo\u017cno\u015bci korzystania z Witryny, kt\u00f3regokolwiek z materia\u0142\u00f3w w tej Witrynie lub witrynach powi\u0105zanych z t\u0105 Witryn\u0105 albo spowodowane przez jakiekolwiek usterki, b\u0142\u0119dy, pomini\u0119cia, zak\u0142\u00f3cenia, wady, op\u00f3\u017anienia w transmisji operacyjnej, wirusy komputerowe b\u0105d\u017a awarie linii. \u017badne z postanowie\u0144 niniejszych Warunk\u00f3w nie wy\u0142\u0105cza odpowiedzialno\u015bci IDIL za \u015bmier\u0107 lub uszkodzenie cia\u0142a wynikaj\u0105ce z jej zaniedbania, odpowiedzialno\u015bci za nieuczciwe wprowadzenie w b\u0142\u0105d lub wprowadzenie w b\u0142\u0105d w kwestiach podstawowych ani \u017cadnej innej odpowiedzialno\u015bci, kt\u00f3rej nie mo\u017cna wy\u0142\u0105czy\u0107 ani ograniczy\u0107 na mocy obowi\u0105zuj\u0105cego prawa.<\/p>\n<p class=\"p1\">MATERIA\u0141Y UMIESZCZONE W TEJ WITRYNIE MOG\u0104 ZAWIERA\u0106 NIE\u015aCIS\u0141O\u015aCI TECHNICZNE LUB B\u0141\u0118DY TYPOGRAFICZNE. MATERIA\u0141Y UMIESZCZONE W TEJ WITRYNIE S\u0104 DOSTARCZANE W STANIE, W JAKIM SI\u0118 ZNAJDUJ\u0104 (\u201eAS IS\u201d) ORAZ, W MAKSYMALNYM ZAKRESIE DOZWOLONYM PRZEZ PRAWO, BEZ \u017bADNYCH WYRA\u017bONYCH BEZPO\u015aREDNIO LUB DOMNIEMANYCH GWARANCJI (WYNIKAJ\u0104CYCH Z USTAWY, PRAWA ZWYCZAJOWEGO, SPOSOBU REALIZOWANIA TRANSAKCJI, ZWYCZAJU HANDLOWEGO LUB INNYCH PRZEPIS\u00d3W). W NAJSZERSZYM ZAKRESIE DOZWOLONYM PRZEZ OBOWI\u0104ZUJ\u0104CE PRAWO IDIL NIE PONOSI \u017bADNEJ ODPOWIEDZIALNO\u015aCI Z TYTU\u0141U ZANIEDBANIA ORAZ WYKLUCZA WSZELKIE O\u015aWIADCZENIA I GWARANCJE, WYRA\u017bONE BEZPO\u015aREDNIO LUB DOMNIEMANE, W TYM, MI\u0118DZY INNYMI, DOMNIEMANE GWARANCJE U\u017bYTECZNO\u015aCI HANDLOWEJ, PRZYDATNO\u015aCI DO OKRE\u015aLONEGO CELU LUB NIENARUSZANIA PRAW. IDIL NIE GWARANTUJE ANI NIE SK\u0141ADA \u017bADNYCH O\u015aWIADCZE\u0143, \u017bE KORZYSTANIE Z NINIEJSZEJ WITRYNY B\u0118DZIE PRZEBIEGA\u0106 NIEPRZERWANIE ANI W SPOS\u00d3B WOLNY OD B\u0141\u0118D\u00d3W, \u017bE JEJ TRE\u015a\u0106 B\u0118DZIE POPRAWNA, DOK\u0141ADNA LUB RZETELNA ANI \u017bE NINIEJSZA WITRYNA LUB SERWER, NA KT\u00d3RYM JEST ONA UDOST\u0118PNIONA, S\u0104 WOLNE OD WIRUS\u00d3W LUB INNYCH SZKODLIWYCH ELEMENT\u00d3W. IDIL NIE GWARANTUJE ANI NIE SK\u0141ADA \u017bADNYCH O\u015aWIADCZE\u0143 CO DO DOK\u0141ADNO\u015aCI, RZETELNO\u015aCI I INNYCH CECH INFORMACJI ZAWARTYCH W NINIEJSZEJ WITRYNIE ORAZ WYRA\u0179NIE WYKLUCZA WSZELK\u0104 ODPOWIEDZIALNO\u015a\u0106 ZWI\u0104ZAN\u0104 Z U\u017bYTKOWANIEM TYCH INFORMACJI LUB POLEGANIEM NA NICH. WSZYSTKIE KOSZTY NIEZB\u0118DNYCH CZYNNO\u015aCI SERWISOWYCH, NAPRAW I POPRAWEK PONOSI U\u017bYTKOWNIK (NIE IDIL).<\/p>\n\n                <\/div>\n                                                                <div class=\"content-one-column__text wysiwyg align_center_on_desktop\">\n                    <p class=\"p1\"><b>PRZES\u0141ANE TRE\u015aCI.\u00a0<\/b>Przesy\u0142aj\u0105c uwagi, sugestie, pytania, pomys\u0142y, koncepcje tw\u00f3rcze, materia\u0142y graficzne lub inne informacje (zwane zbiorczo \u201ePrzes\u0142anymi Tre\u015bciami\u201d), u\u017cytkownik udziela IDIL niewy\u0142\u0105cznej licencji na wykorzystanie tych Przesy\u0142anych Tre\u015bci. Chocia\u017c u\u017cytkownik pozostaje w\u0142a\u015bcicielem praw autorskich do Przes\u0142anych Tre\u015bci, IDIL ma prawo do swobodnego u\u017cywania, edytowania, modyfikowania, reprodukowania, publikowania lub rozpowszechniania materia\u0142\u00f3w zawartych w Przes\u0142anych Tre\u015bciach. Licencja ta jest bezp\u0142atna, bezterminowa i mo\u017ce by\u0107 sublicencjonowana. IDIL nie ma obowi\u0105zku traktowania Przes\u0142anych Tre\u015bci jako poufnych, nie ponosi odpowiedzialno\u015bci za ich wykorzystanie w jakikolwiek formie ani ujawnienie, ani te\u017c nie jest zobowi\u0105zana do przekazania u\u017cytkownikowi wynagrodzenia ani potwierdzenia otrzymania Przes\u0142anych Tre\u015bci. IDIL mo\u017ce korzysta\u0107 ze wszystkich praw autorskich i praw do rozpowszechniania materia\u0142\u00f3w zawartych w Przes\u0142anych Tre\u015bciach we wszystkich jurysdykcjach, w pe\u0142nym zakresie i przez ca\u0142y okres, w jakim rzeczone prawa obowi\u0105zuj\u0105. U\u017cytkownik ma obowi\u0105zek zapewnienia, \u017ce Przes\u0142ane Tre\u015bci nie naruszaj\u0105 niczyich praw autorskich, praw do baz danych, znak\u00f3w towarowych ani innych praw w\u0142asno\u015bci intelektualnej oraz \u017ce nie zawieraj\u0105 \u017cadnych materia\u0142\u00f3w nielegalnych, maj\u0105cych charakter gr\u00f3\u017ab, oszczerczych, znies\u0142awiaj\u0105cych, nieprzyzwoitych, pornograficznych lub wulgarnych, kt\u00f3re mog\u0105 stanowi\u0107 przest\u0119pstwo lub narusza\u0107 prawo albo zach\u0119ca\u0107 do takich dzia\u0142a\u0144 b\u0105d\u017a te\u017c zach\u0119ca\u0107 do nieodpowiedzialnego spo\u017cywania alkoholu lub promowa\u0107 je (\u201eMateria\u0142y Niew\u0142a\u015bciwe\u201d). Przekazuj\u0105c Przesy\u0142ane Tre\u015bci u\u017cytkownik gwarantuje, \u017ce ma prawo do przyznania IDIL niewy\u0142\u0105cznej licencji na prawa autorskie opisane powy\u017cej i \u017ce tre\u015bci te nie zawieraj\u0105 \u017cadnych Materia\u0142\u00f3w Niew\u0142a\u015bciwych. Je\u015bli u\u017cytkownik nie jest w stanie udzieli\u0107 takiej licencji lub zagwarantowa\u0107, \u017ce Przes\u0142ane Tre\u015bci nie zawieraj\u0105 Materia\u0142\u00f3w Niew\u0142a\u015bciwych, nie powinien ich przesy\u0142a\u0107. IDIL zastrzega sobie prawo do modyfikacji lub uzupe\u0142nienia Przesy\u0142anych Tre\u015bci przed ich ewentualnym opublikowaniem w celu usuni\u0119cia z nich wszelkich Materia\u0142\u00f3w Niew\u0142a\u015bciwych.<\/p>\n\n                <\/div>\n                                                                <div class=\"content-one-column__text wysiwyg align_center_on_desktop\">\n                    <p class=\"p1\"><b>JURYSDYKCJA.<\/b>\u00a0Niniejsza umowa podlega przepisom prawa Irlandii, niezale\u017cnie od wszelkich zasad przepis\u00f3w kolizyjnych. Wszelkie spory wynikaj\u0105ce z niniejszych Warunk\u00f3w u\u017cytkowania podlegaj\u0105 wy\u0142\u0105cznej jurysdykcji s\u0105d\u00f3w irlandzkich, ale nie ma to wp\u0142ywu na prawo IDIL do wszcz\u0119cia post\u0119powania przeciwko u\u017cytkownikowi w zwi\u0105zku z naruszeniem tych warunk\u00f3w u\u017cytkowania w kraju jego zamieszkania lub w innym w\u0142a\u015bciwym kraju. O ile nie zaznaczono inaczej, wszystkie materia\u0142y umieszczone w tej Witrynie s\u0105 udost\u0119pniane wy\u0142\u0105cznie w celu dostarczenia informacji o IDIL i jej produktach. IDIL kontroluje i prowadzi t\u0119 Witryn\u0119 z terytorium Republiki Irlandii i nie gwarantuje, \u017ce materia\u0142y umieszczone w Witrynie s\u0105 odpowiednie lub dost\u0119pne do u\u017cytku w innych lokalizacjach.<\/p>\n\n                <\/div>\n                                                                <div class=\"content-one-column__text wysiwyg align_center_on_desktop\">\n                    <p class=\"p1\"><b>INFORMACJE O ZNAKACH TOWAROWYCH.<\/b>\u00a0Wszystkie znaki towarowe i zwi\u0105zane z nimi logotypy, projekty, etykiety, wzory butelek i innego rodzaju w\u0142asno\u015b\u0107 intelektualna dotycz\u0105ca produkt\u00f3w i marek IDIL s\u0105 w\u0142asno\u015bci\u0105 sp\u00f3\u0142ki Irish Distillers International Ltd. \u2014 wykaz tych znak\u00f3w towarowych mo\u017cna uzyska\u0107 pod adresem: Internet Manager, Irish Distillers International Ltd. Simmonscourt House, Simmonscourt Road, Ballsbridge, Dublin 4, Irlandia. U\u017cywanie lub niew\u0142a\u015bciwe u\u017cywanie tych znak\u00f3w towarowych b\u0105d\u017a jakiejkolwiek zawarto\u015bci tej Witryny, z wyj\u0105tkiem przypadk\u00f3w wymienionych powy\u017cej, jest surowo zabronione. Wszystkie pozosta\u0142e znaki towarowe s\u0105 w\u0142asno\u015bci\u0105 poszczeg\u00f3lnych w\u0142a\u015bcicieli znak\u00f3w towarowych.<\/p>\n\n                <\/div>\n                                                                <div class=\"content-one-column__text wysiwyg align_center_on_desktop\">\n                    <p class=\"p1\"><b>INFORMACJE O U\u017bYTKOWNIKU I ODWIEDZANIE WITRYNY.<\/b>\u00a0IDIL przetwarza informacje o u\u017cytkowniku zgodnie z O\u015bwiadczeniem dotycz\u0105cym ochrony prywatno\u015bci, kt\u00f3re jest dost\u0119pne tutaj. Korzystaj\u0105c z tej Witryny u\u017cytkownik wyra\u017ca zgod\u0119 na takie przetwarzanie danych i gwarantuje, \u017ce wszystkie przekazane przez niego informacje s\u0105 dok\u0142adne i aktualne.<\/p>\n\n                <\/div>\n                                                                <div class=\"content-one-column__text wysiwyg align_center_on_desktop\">\n                    <p class=\"p1\"><b>INNE POSTANOWIENIA<\/b>. Produkty i promocje IDIL s\u0105 opracowywane i dost\u0119pne w wielu cz\u0119\u015bciach \u015bwiata. W Witrynie mog\u0105 jednak by\u0107 opisywane produkty, promocje lub konkursy, kt\u00f3re nie s\u0105 dost\u0119pne w kraju lub miejscu zamieszkania u\u017cytkownika. Ta Witryna mo\u017ce by\u0107 powi\u0105zana z innymi stronami internetowymi, a IDIL nie ponosi odpowiedzialno\u015bci za zawarto\u015b\u0107 tych stron. Wszelkie \u0142\u0105cza do innych stron internetowych s\u0105 umieszczane wy\u0142\u0105cznie w celach informacyjnych i nie oznaczaj\u0105 popierania tych stron przez IDIL; IDIL nie sk\u0142ada \u017cadnych o\u015bwiadcze\u0144 ani nie udziela \u017cadnych gwarancji dotycz\u0105cych takich stron. Odst\u0105pienie przez IDIL od egzekwowania jakichkolwiek praw wynikaj\u0105cych z niniejszych Warunk\u00f3w lub jakiejkolwiek ich cz\u0119\u015bci nie stanowi zrzeczenia si\u0119 takiego prawa ani uniewa\u017cnienia odno\u015bnej cz\u0119\u015bci niniejszych Warunk\u00f3w. Je\u017celi jakakolwiek cz\u0119\u015b\u0107 niniejszych Warunk\u00f3w jest niezgodna z prawem, niewa\u017cna lub niewykonalna, zostanie ona uznana za wy\u0142\u0105czon\u0105 i nie wp\u0142ynie na wa\u017cno\u015b\u0107 pozosta\u0142ych postanowie\u0144. IDIL mo\u017ce w dowolnym momencie dokona\u0107 zmiany niniejszych Warunk\u00f3w i tre\u015bci Witryny, aktualizuj\u0105c niniejszy wpis. Takie zmiany s\u0105 wi\u0105\u017c\u0105ce dla u\u017cytkownika, dlatego nale\u017cy okresowo odwiedza\u0107 t\u0119 stron\u0119, aby zapozna\u0107 si\u0119 z aktualnymi Warunkami.<\/p>\n<p class=\"p1\">Dzi\u0119kujemy za odwiedzenie naszej Witryny. Prosimy korzysta\u0107 z naszych produkt\u00f3w w spos\u00f3b odpowiedzialny. Wszelkie prawa zastrze\u017cone. Irish Distillers International Limited \u2014 zarejestrowano w Irlandii pod numerem 15558\u2014 zarejestrowana siedziba: Simmonscourt House, Simmonscourt Road, Ballsbridge, Dublin 4, Irlandia.<\/p>\n\n                <\/div>\n                                                                <div class=\"content-one-column__text wysiwyg align_center_on_desktop\">\n                    <p class=\"p1\"><b>Inspektor ds. praw autorskich i w\u0142asno\u015bci intelektualnej na Stany Zjednoczone<\/b><br \/>\nJe\u015bli u\u017cytkownik uwa\u017ca, \u017ce jakiekolwiek wykorzystanie w\u0142asno\u015bci intelektualnej w Witrynie narusza jego prawa autorskie, powinien wys\u0142a\u0107 na pi\u015bmie do wskazanego poni\u017cej Inspektora ds. praw autorskich nast\u0119puj\u0105ce informacje:<\/p>\n<ul class=\"ul1\">\n<li class=\"li1\">sw\u00f3j adres, numer telefonu i adres e-mail;<\/li>\n<li class=\"li1\">opis dzie\u0142a chronionego prawem autorskim, kt\u00f3rego dotyczy naruszenie;<\/li>\n<li class=\"li1\">opis domniemanego dzia\u0142ania naruszaj\u0105cego prawo i miejsca, w kt\u00f3rym znajduje si\u0119 domniemany materia\u0142 naruszaj\u0105cy prawo;<\/li>\n<li class=\"li1\">o\u015bwiadczenie, \u017ce u\u017cytkownik w dobrej wierze wyra\u017ca przekonanie, i\u017c sporne u\u017cycie nie zosta\u0142o zatwierdzone przez niego, w\u0142a\u015bciciela praw autorskich, jego przedstawiciela ani przepisy;<\/li>\n<li class=\"li1\">elektroniczny lub fizyczny podpis osoby upowa\u017cnionej do dzia\u0142ania w imieniu w\u0142a\u015bciciela praw autorskich; oraz<\/li>\n<li class=\"li1\">z\u0142o\u017cone pod kar\u0105 krzywoprzysi\u0119stwa o\u015bwiadczenie, \u017ce podane informacje s\u0105 dok\u0142adne i \u017ce u\u017cytkownik jest w\u0142a\u015bcicielem praw autorskich lub ma upowa\u017cnienie do dzia\u0142ania w imieniu w\u0142a\u015bciciela praw autorskich.<\/li>\n<\/ul>\n<p class=\"p1\"><b>Inspektor ds. praw autorskich<\/b><\/p>\n<p class=\"p2\">Cassie Ostle<br \/>\nLegal Manager<br \/>\nSimmonscourt House<br \/>\nSimmonscourt Rd, Ballsbridge<br \/>\nDublin 4<br \/>\nIRLANDIA<br \/>\n+353 (0)1 212 9000<br \/>\n<a href=\"mailto:info@jamesonwhiskey.com\"><b>info@jamesonwhiskey.com<\/b><\/a><\/p>\n\n                <\/div>\n                        <\/div>\n\n    <\/section>\n\n\n                                                                                                                                                                                                                                                                                                                                                                                                                                                                                                                                                                                                                                                                                                                                                                                                                                                                                                                                                                                                                                                                                                                                                                                                                                                                                                                                                                                                                                                                                                                                                                                                                                                                                                                                                                                                                                                                                                                                                                                                                                                                                  ","protected":false},"excerpt":{"rendered":"","protected":false},"author":29,"featured_media":0,"parent":0,"menu_order":24,"comment_status":"closed","ping_status":"closed","template":"","meta":{"_acf_changed":false,"_seopress_robots_primary_cat":"","_seopress_titles_title":"","_seopress_titles_desc":"","_seopress_robots_index":"","inline_featured_image":false,"footnotes":""},"categories":[],"tags":[],"our-world-category":[],"class_list":["post-80280","page","type-page","status-publish","hentry"],"acf":[],"_links":{"self":[{"href":"https:\/\/www.jamesonwhiskey.com\/pl-pl\/wp-json\/wp\/v2\/pages\/80280","targetHints":{"allow":["GET"]}}],"collection":[{"href":"https:\/\/www.jamesonwhiskey.com\/pl-pl\/wp-json\/wp\/v2\/pages"}],"about":[{"href":"https:\/\/www.jamesonwhiskey.com\/pl-pl\/wp-json\/wp\/v2\/types\/page"}],"author":[{"embeddable":true,"href":"https:\/\/www.jamesonwhiskey.com\/pl-pl\/wp-json\/wp\/v2\/users\/29"}],"replies":[{"embeddable":true,"href":"https:\/\/www.jamesonwhiskey.com\/pl-pl\/wp-json\/wp\/v2\/comments?post=80280"}],"version-history":[{"count":0,"href":"https:\/\/www.jamesonwhiskey.com\/pl-pl\/wp-json\/wp\/v2\/pages\/80280\/revisions"}],"wp:attachment":[{"href":"https:\/\/www.jamesonwhiskey.com\/pl-pl\/wp-json\/wp\/v2\/media?parent=80280"}],"wp:term":[{"taxonomy":"category","embeddable":true,"href":"https:\/\/www.jamesonwhiskey.com\/pl-pl\/wp-json\/wp\/v2\/categories?post=80280"},{"taxonomy":"post_tag","embeddable":true,"href":"https:\/\/www.jamesonwhiskey.com\/pl-pl\/wp-json\/wp\/v2\/tags?post=80280"},{"taxonomy":"our-world-category","embeddable":true,"href":"https:\/\/www.jamesonwhiskey.com\/pl-pl\/wp-json\/wp\/v2\/our-world-category?post=80280"}],"curies":[{"name":"wp","href":"https:\/\/api.w.org\/{rel}","templated":true}]}}