{"id":619867,"date":"2021-09-02T10:59:19","date_gmt":"2021-09-02T10:59:19","guid":{"rendered":"https:\/\/live-jameson.pantheonsite.io\/cookie-policy\/"},"modified":"2023-08-30T18:48:36","modified_gmt":"2023-08-30T18:48:36","slug":"cookie-policy","status":"publish","type":"page","link":"https:\/\/www.jamesonwhiskey.com\/pt-br\/cookie-policy\/","title":{"rendered":"Pol\u00edtica de Cookies"},"content":{"rendered":"\n<section id=\"block_e277d4b9a8a392974f5e7ad6c1adce04\" class=\"hero hero-no-image hero-no-image__no-breadcrumb-spacer lazy\" data-assetkey=\"hero-no-image\">\n  <div class=\"hero-no-image__container hero-no-image__container-fullwidth\">\n    <div class=\"hero-no-image__container-content\">\n        <div class=\"subheading \">\n    <div class=\"subheading__line\"><\/div>\n    <h2 class=\"h6\">Legal<\/h2>\n  <\/div>\n\n      <h1 class=\"h1\">Pol\u00edtica de Cookies<\/h1>\n    <\/div>\n  <\/div>\n<\/section>\n\n\n\n<section id=\"block_ab6d2ed1e97d2d2dd03b1b3f14e11ddd\"\n         class=\"content-one-column content-one-column--bg-light full-width lazy\n        \n        \n        \" data-assetkey=\"content-one-column\">\n    <div class=\"content-one-column__content\">\n        \n                <div class=\"content-one-column__heading\">\n                            <h2 class=\"h1\">Declara\u00e7\u00e3o Geral<\/h2>\n                    <\/div>\n\n        \n                                                            <div class=\"content-one-column__text wysiwyg align_center_on_desktop\">\n                    <p>A Irish Distillers Limited (&#8220;IDL&#8221;) utiliza &#8220;cookies&#8221; para ajudar a memorizar os detalhes das suas visitas ao Site, incluindo, mas n\u00e3o se limitando a, informa\u00e7\u00f5es t\u00e9cnicas acerca da sua visita como: dados de tr\u00e1fego, dados de localiza\u00e7\u00e3o, endere\u00e7o IP, o site a partir do qual chegou a n\u00f3s e o tipo de browser utilizado. Desta forma, a nossa <a href=\"\/pt-br\/privacy-policy\/\">Pol\u00edtica de Privacidade<\/a> ir\u00e1 aplicar-se ao nosso tratamento das informa\u00e7\u00f5es obtidas atrav\u00e9s dos cookies.<\/p>\n<p><strong> O QUE S\u00c3O COOKIES? <\/strong><br \/>\nInstalados em seu dispositivo por meio de seu navegador quando voc\u00ea acessar nosso website, cookies s\u00e3o pequenos arquivos que armazenam informa\u00e7\u00f5es relacionadas \u00e0 sua navega\u00e7\u00e3o. Utilizamos cookies para analisar sua navega\u00e7\u00e3o com o objetivo de melhorar e personalizar sua experi\u00eancia. Os cookies coletam automaticamente as seguintes informa\u00e7\u00f5es:<\/p>\n<ul>\n<li> Identifica\u00e7\u00e3o do dispositivo utilizado (desktop, notebook, smartphone, tablet), do sistema operacional empregado, do navegador utilizado e do endere\u00e7o de IP. Estes dados s\u00e3o empregados para fins meramente estat\u00edsticos, auxiliando a corre\u00e7\u00e3o de problemas t\u00e9cnicos e o aprimoramento da experi\u00eancia de navega\u00e7\u00e3o. <\/li>\n<li> Identifica\u00e7\u00e3o de quais se\u00e7\u00f5es, conte\u00fados e servi\u00e7os do website foram visualizados, o tempo de navega\u00e7\u00e3o e eventuais refer\u00eancias externas que o endere\u00e7aram ao nosso website (como links de terceiros). Estes dados s\u00e3o coletados para personalizar sua experi\u00eancia em novos acessos. <\/li>\n<li> Identifica\u00e7\u00e3o do idioma e pa\u00eds de origem do usu\u00e1rio. Estes dados t\u00eam a finalidade de padronizar as prefer\u00eancias do usu\u00e1rio em novos acessos. <\/li>\n<\/ul>\n<p>Estes dados s\u00e3o tratados de acordo com nossa <a href=\"\/pt-br\/privacy-policy\/\">Pol\u00edtica de Privacidade<\/a>.<\/p>\n\n                <\/div>\n                        <\/div>\n\n    <\/section>\n\n\n\n<section id=\"block_a9c50851652a2dd29c9cd26324c3e09e\"\n         class=\"content-one-column content-one-column--bg-dark full-width lazy\n        \n        \n        \" data-assetkey=\"content-one-column\">\n    <div class=\"content-one-column__content\">\n        \n                <div class=\"content-one-column__heading\">\n                            <h2 class=\"h1\">Tipos de cookies utilizados no Site<\/h2>\n                    <\/div>\n\n        \n                                                            <div class=\"content-one-column__text wysiwyg align_center_on_desktop\">\n                    <p>A IDL poder\u00e1 colocar os cookies no seu dispositivo atrav\u00e9s do Site. Desta forma, a nossa <a href=\"\/pt-br\/privacy-policy\/\">Pol\u00edtica de Privacidade<\/a> ir\u00e1 aplicar-se ao nosso tratamento das informa\u00e7\u00f5es obtidas atrav\u00e9s dos cookies. Tamb\u00e9m podemos permitir que os nossos parceiros comerciais coloquem cookies no seu dispositivo.<\/p>\n<p>Poderemos utilizar em nosso website qualquer um dos seguintes tipos de cookies:<\/p>\n\n                <\/div>\n                        <\/div>\n\n    <\/section>\n\n\n\n<section id=\"block_c6a7e474cec2eced65d7e76b08091bbe\" class=\"faq  lazy\" data-assetkey=\"faq\">\n  <div class=\"faq__heading\">\n    <h2 class=\"h1\">Cookie Information<\/h2>\n  <\/div>\n\n  <div class=\"faq__lines\">\n                          <details>\n          <summary class=\"h5\">\n            <span class=\"expandable-list-heading\">Cookies estritamente necess\u00e1rios<\/span>\n            <span class=\"expandable-list-toggle\"><\/span>\n          <\/summary>\n          <section class=\"expandable-list-content\">\n            <p>Relacionados ao funcionamento do website e n\u00e3o podem ser desativados. S\u00e3o acionados apenas em conformidade \u00e0s a\u00e7\u00f5es efetuadas pelo usu\u00e1rio que constituam qualquer pedido de servi\u00e7os, como a escolha de prefer\u00eancias de privacidade, acesso ou compila\u00e7\u00e3o de m\u00f3dulos. O fundamento legal para a coleta desta categoria de cookies \u00e9 o leg\u00edtimo interesse da Pernod Ricard (art. 7\u00ba, IX, da LGPD).<\/p>\n<p><strong>Nomes de cookies:<\/strong><\/p>\n<p><strong>&#8220;ageset&#8221;<\/strong><br \/>\nIdade do utilizador em anos, por ex., &#8220;38&#8221;. Determinado pela data de nascimento selecionada na barreira da idade ou fornecida no in\u00edcio de sess\u00e3o do Facebook.<\/p>\n<p><strong>&#8220;ageverified&#8221;<\/strong><br \/>\nO utilizador preencheu a barreira da idade (valores poss\u00edveis: &#8220;true&#8221; ou &#8220;false&#8221;).<\/p>\n<p><strong>&#8220;countrycode&#8221;<\/strong><br \/>\nObtido a partir do pa\u00eds, com base na verifica\u00e7\u00e3o de IP, por exemplo &#8220;GB&#8221;.<\/p>\n<p><strong>&#8220;dob&#8221;<\/strong><br \/>\nPreenchido pela escolha do utilizador no menu pendente da barreira da idade ou pelas informa\u00e7\u00f5es de data de nascimento do Facebook atrav\u00e9s da Graph API. Formato: por ex., &#8220;YYY-MM-DD&#8221; (ano-m\u00eas-dia).<\/p>\n<p><strong>&#8220;selected_country&#8221;<\/strong><br \/>\nPa\u00eds, com base na sele\u00e7\u00e3o do utilizador na barreira da idade, por ex., &#8220;VN&#8221;.<\/p>\n\n          <\/section>\n        <\/details>\n                                <details>\n          <summary class=\"h5\">\n            <span class=\"expandable-list-heading\">Cookies de funcionalidade<\/span>\n            <span class=\"expandable-list-toggle\"><\/span>\n          <\/summary>\n          <section class=\"expandable-list-content\">\n            <p>permitem que o nosso website lembre as escolhas que voc\u00ea fez durante a navega\u00e7\u00e3o, a fim de personalizar sua experi\u00eancia. Podemos armazenar informa\u00e7\u00f5es sobre a sua localiza\u00e7\u00e3o geogr\u00e1fica, tamanho do texto, fontes e outros elementos personaliz\u00e1veis do website. Esses cookies ainda podem ser usados para rastrear quais produtos e v\u00eddeos foram mostrados e evitar repeti\u00e7\u00e3o. Dependendo do contexto, estes cookies poder\u00e3o armazenar certos tipos de dados pessoais, conforme necess\u00e1rio para oferecer funcionalidade. O fundamento legal para a coleta desta categoria de cookies \u00e9 o consentimento do usu\u00e1rio (art. 7\u00ba, I, da LGPD).<\/p>\n<p>Ap\u00f3s obter o seu consentimento, poderemos colocar um cookie no Site para memorizar as suas prefer\u00eancias, para que n\u00e3o tenha de introduzir novamente os seus detalhes (prefer\u00eancias de pa\u00eds\/idade e idioma) na nossa p\u00e1gina inicial sempre que quiser aceder ao Site. Se partilhar o seu computador com outra pessoa, a utiliza\u00e7\u00e3o deste cookie n\u00e3o ser\u00e1 adequada.<\/p>\n<p>Tamb\u00e9m pode utilizar cookies de sess\u00e3o tempor\u00e1rios que auxiliam na navega\u00e7\u00e3o em p\u00e1ginas do Site e memorizam as prefer\u00eancias selecionadas durante a sess\u00e3o. Estes cookies expiram ap\u00f3s fechar o browser.<\/p>\n\n          <\/section>\n        <\/details>\n                                <details>\n          <summary class=\"h5\">\n            <span class=\"expandable-list-heading\">Cookies de desempenho<\/span>\n            <span class=\"expandable-list-toggle\"><\/span>\n          <\/summary>\n          <section class=\"expandable-list-content\">\n            <p>permitem contabilizar visitas e fontes de tr\u00e1fico, de modo a conseguir dimensionar e melhorar nosso website. Ajudam a saber, por exemplo, quais s\u00e3o as p\u00e1ginas menos e mais populares, al\u00e9m de tra\u00e7ar como os usu\u00e1rios interagem no website. Estas informa\u00e7\u00f5es s\u00e3o agregadas e anonimizadas. O fundamento legal para a coleta desta categoria de cookies \u00e9 o consentimento do usu\u00e1rio (art. 7\u00ba, I, da LGPD).<\/p>\n<p>Utilizamos o Google Analytics para ajudar a monitorizar e analisar a utiliza\u00e7\u00e3o do Site. O Google Analytics \u00e9 um tipo de cookie de desempenho que recolhe informa\u00e7\u00f5es padr\u00e3o de registo de Internet e de comportamento dos visitantes de forma an\u00f3nima. As informa\u00e7\u00f5es recolhidas por este cookie s\u00e3o transmitidas para a Google, que as utiliza posteriormente para avaliar a utiliza\u00e7\u00e3o dos visitantes do Site e para compilar relat\u00f3rios estat\u00edsticos da atividade do Site. Para recusar a monitoriza\u00e7\u00e3o do Google Analytics em todos os sites, visite http:\/\/tools.google.com\/dlpage\/gaoptout.<\/p>\n\n          <\/section>\n        <\/details>\n                                <details>\n          <summary class=\"h5\">\n            <span class=\"expandable-list-heading\">Cookies de publicidade<\/span>\n            <span class=\"expandable-list-toggle\"><\/span>\n          <\/summary>\n          <section class=\"expandable-list-content\">\n            <p>Configurados pelos nossos parceiros publicit\u00e1rios, podem ser utilizados por essas empresas para construir um perfil dos seus interesses e mostrar an\u00fancios pertinentes em outros websites. Funcionam por identifica\u00e7\u00e3o \u00fanica do seu navegador e dispositivo e podem armazenar certos tipos de dados pessoais. Se n\u00e3o permitir estes cookies, n\u00e3o desfrutar\u00e1 de publicidade personalizada em diferentes websites. O fundamento legal para a coleta desta categoria de cookies \u00e9 o consentimento do usu\u00e1rio (art. 7\u00ba, I, da LGPD).<\/p>\n\n          <\/section>\n        <\/details>\n            <\/div>\n<\/section>\n\n\n\n<section id=\"block_06035bfc3c568c00ac8be7d042e5f3e1\"\n         class=\"content-one-column content-one-column--bg-dark full-width lazy\n        \n        \n        \" data-assetkey=\"content-one-column\">\n    <div class=\"content-one-column__content\">\n        \n                <div class=\"content-one-column__heading\">\n                            <h2 class=\"h1\">Cookies em Links e Conte\u00fados de Terceiros<\/h2>\n                    <\/div>\n\n        \n                                                            <div class=\"content-one-column__text wysiwyg align_center_on_desktop\">\n                    <p>Quando disponibilizamos conte\u00fado de terceiros em nosso website, \u00e9 prov\u00e1vel que os cookies destes terceiros sejam igualmente instalados em seus dispositivos. A Pernod Ricard n\u00e3o possui qualquer controle ou responsabilidade sobre o uso, a finalidade e o funcionamento de tais cookies. Desse modo, recomendamos fortemente que busque conhecer a pol\u00edtica de cookies desses terceiros para mais informa\u00e7\u00f5es.<\/p>\n\n                <\/div>\n                        <\/div>\n\n    <\/section>\n\n\n\n<section id=\"block_4f604bfb8575cce8151a0e47801f24da\"\n         class=\"content-one-column content-one-column--bg-light full-width lazy\n        \n        \n        \" data-assetkey=\"content-one-column\">\n    <div class=\"content-one-column__content\">\n        \n                <div class=\"content-one-column__heading\">\n                            <h2 class=\"h1\">Controle e Restri\u00e7\u00e3o de Cookies<\/h2>\n                    <\/div>\n\n        \n                                                            <div class=\"content-one-column__text wysiwyg align_center_on_desktop\">\n                    <p>Um alerta sobre a coleta e utiliza\u00e7\u00e3o de cookies \u00e9 apresentado em nosso website no seu primeiro acesso, por meio de pop-up, juntamente com o link para esta Pol\u00edtica. Caso n\u00e3o desejar que os cookies sejam coletados, voc\u00ea pode rejeitar todos eles ou escolher quais ser\u00e3o coletados de acordo com sua vontade. Contudo, lembramos que a recusa de cookies pode resultar na perda de funcionalidades ou restri\u00e7\u00e3o de acesso a se\u00e7\u00f5es de nosso website.<\/p>\n<p>Para gerenciar o seu uso ou excluir os cookies utilizados em nosso website e em websites de terceiros, voc\u00ea poder\u00e1 tamb\u00e9m acessar as configura\u00e7\u00f5es do seu navegador. Abaixo, disponibilizamos o passo-a-passo para gerenciar cookies nos navegadores mais utilizados pelos usu\u00e1rios:<\/p>\n<p><a href=\"https:\/\/support.google.com\/chrome\/answer\/95647?hl=pt-BR&#038;co=GENIE.Platform%3DDesktop\">Google Chrome<\/a><br \/>\n<a href=\"https:\/\/support.microsoft.com\/pt-br\/microsoft-edge\/excluir-cookies-no-microsoft-edge-63947406-40ac-c3b8-57b9-2a946a29ae09\">Microsoft Edge<\/a><br \/>\n<a href=\"https:\/\/support.mozilla.org\/pt-BR\/kb\/limpe-cookies-e-dados-de-sites-no-firefox\">Mozilla Firefox<\/a><br \/>\n<a href=\"https:\/\/support.microsoft.com\/pt-br\/windows\/excluir-e-gerenciar-cookies-168dab11-0753-043d-7c16-ede5947fc64d\">Internet Explorer<\/a><br \/>\n<a href=\"https:\/\/support.apple.com\/pt-br\/HT201265\">Safari<\/a><\/p>\n<p>Em caso de d\u00favidas, voc\u00ea pode nos contatar por meio do seguinte endere\u00e7o eletr\u00f4nico: [<a href=\"mailto:privacidade.brasil@pernod-ricard.com\">privacidade.brasil@pernod-ricard.com<\/a>] ou visitar [allaboutcookies.org] para obter informa\u00e7\u00f5es adicionais sobre cookies em geral.<\/p>\n\n                <\/div>\n                        <\/div>\n\n    <\/section>\n\n\n\n<section id=\"block_b6d5ce1a6a922cc135d44ca9a9f37c86\"\n         class=\"content-one-column content-one-column--bg-dark full-width lazy\n        \n        \n        \" data-assetkey=\"content-one-column\">\n    <div class=\"content-one-column__content\">\n        \n\n<div class=\"subheading content-one-column__subheading\">\n        <div class=\"subheading__line\"><\/div>\n    \n    <span class=\"h6\">Last Update: August 2023<\/span>\n<\/div>\n\n                <div class=\"content-one-column__heading\">\n                            <h2 class=\"h1\"><\/h2>\n                    <\/div>\n\n        \n                    <\/div>\n\n    <\/section>\n","protected":false},"excerpt":{"rendered":"","protected":false},"author":29,"featured_media":0,"parent":0,"menu_order":4,"comment_status":"closed","ping_status":"closed","template":"","meta":{"_acf_changed":false,"_seopress_robots_primary_cat":"","_seopress_titles_title":"","_seopress_titles_desc":"","_seopress_robots_index":"","inline_featured_image":false,"footnotes":""},"categories":[],"tags":[],"our-world-category":[],"class_list":["post-619867","page","type-page","status-publish","hentry"],"acf":[],"_links":{"self":[{"href":"https:\/\/www.jamesonwhiskey.com\/pt-br\/wp-json\/wp\/v2\/pages\/619867","targetHints":{"allow":["GET"]}}],"collection":[{"href":"https:\/\/www.jamesonwhiskey.com\/pt-br\/wp-json\/wp\/v2\/pages"}],"about":[{"href":"https:\/\/www.jamesonwhiskey.com\/pt-br\/wp-json\/wp\/v2\/types\/page"}],"author":[{"embeddable":true,"href":"https:\/\/www.jamesonwhiskey.com\/pt-br\/wp-json\/wp\/v2\/users\/29"}],"replies":[{"embeddable":true,"href":"https:\/\/www.jamesonwhiskey.com\/pt-br\/wp-json\/wp\/v2\/comments?post=619867"}],"version-history":[{"count":0,"href":"https:\/\/www.jamesonwhiskey.com\/pt-br\/wp-json\/wp\/v2\/pages\/619867\/revisions"}],"wp:attachment":[{"href":"https:\/\/www.jamesonwhiskey.com\/pt-br\/wp-json\/wp\/v2\/media?parent=619867"}],"wp:term":[{"taxonomy":"category","embeddable":true,"href":"https:\/\/www.jamesonwhiskey.com\/pt-br\/wp-json\/wp\/v2\/categories?post=619867"},{"taxonomy":"post_tag","embeddable":true,"href":"https:\/\/www.jamesonwhiskey.com\/pt-br\/wp-json\/wp\/v2\/tags?post=619867"},{"taxonomy":"our-world-category","embeddable":true,"href":"https:\/\/www.jamesonwhiskey.com\/pt-br\/wp-json\/wp\/v2\/our-world-category?post=619867"}],"curies":[{"name":"wp","href":"https:\/\/api.w.org\/{rel}","templated":true}]}}