{"id":619868,"date":"2021-09-02T13:19:37","date_gmt":"2021-09-02T13:19:37","guid":{"rendered":"https:\/\/live-jameson.pantheonsite.io\/privacy-policy\/"},"modified":"2025-03-20T10:45:01","modified_gmt":"2025-03-20T10:45:01","slug":"privacy-policy","status":"publish","type":"page","link":"https:\/\/www.jamesonwhiskey.com\/pt-br\/privacy-policy\/","title":{"rendered":"Pol\u00edtica de Privacidade"},"content":{"rendered":"\n<section id=\"block_39b00e594d7cd352b50ec934bb0a9efb\" class=\"hero hero-no-image hero-no-image__no-breadcrumb-spacer lazy\" data-assetkey=\"hero-no-image\">\n  <div class=\"hero-no-image__container hero-no-image__container-fullwidth\">\n    <div class=\"hero-no-image__container-content\">\n        <div class=\"subheading \">\n    <div class=\"subheading__line\"><\/div>\n    <h2 class=\"h6\">Legal<\/h2>\n  <\/div>\n\n      <h1 class=\"h1\">Pol\u00edtica de Privacidade<\/h1>\n    <\/div>\n  <\/div>\n<\/section>\n\n\n\n<section id=\"block_4867860cb23c7560f1283f77ffc575f8\"\n         class=\"content-one-column content-one-column--bg-light_cream full-width lazy\n        \n        \n        \" data-assetkey=\"content-one-column\">\n    <div class=\"content-one-column__content\">\n        \n                <div class=\"content-one-column__heading\">\n                            <h2 class=\"h1\">Declara\u00e7\u00e3o Geral<\/h2>\n                    <\/div>\n\n        \n                                                            <div class=\"content-one-column__text wysiwyg align_center_on_desktop\">\n                    <p><strong>Jameson<\/strong> \u00e9 uma das marcas do <a href=\"https:\/\/p-r.app\/marcas\"><strong>Grupo Pernod Ricard<\/strong><\/a> no Brasil e seguimos a <a href=\"https:\/\/p-r.app\/privacidade\"><strong>POL\u00cdTICA DE PRIVACIDADE DA PERNOD RICARD BRASIL<\/strong><\/a>, tamb\u00e9m dispon\u00edvel em seu inteiro teor em: <a href=\"https:\/\/p-r.app\/privacidade\">https:\/\/p-r.app\/privacidade<\/a>.<\/p>\n<p>Para mais informa\u00e7\u00f5es ou d\u00favidas, voc\u00ea pode entrar em contato conosco atrav\u00e9s do e-mail: <a href=\"mailto:privacidade.brasil@pernod-ricard.com\">privacidade.brasil@pernod-ricard.com<\/a>.<\/p>\n<p><!-- notionvc: 04c0e8b2-7a42-47bb-8c9d-062ef16ee597 --><\/p>\n\n                <\/div>\n                        <\/div>\n\n    <\/section>\n","protected":false},"excerpt":{"rendered":"","protected":false},"author":29,"featured_media":0,"parent":0,"menu_order":22,"comment_status":"closed","ping_status":"closed","template":"","meta":{"_acf_changed":false,"_seopress_robots_primary_cat":"","_seopress_titles_title":"","_seopress_titles_desc":"","_seopress_robots_index":"","inline_featured_image":false,"footnotes":""},"categories":[],"tags":[],"our-world-category":[],"class_list":["post-619868","page","type-page","status-publish","hentry"],"acf":[],"_links":{"self":[{"href":"https:\/\/www.jamesonwhiskey.com\/pt-br\/wp-json\/wp\/v2\/pages\/619868","targetHints":{"allow":["GET"]}}],"collection":[{"href":"https:\/\/www.jamesonwhiskey.com\/pt-br\/wp-json\/wp\/v2\/pages"}],"about":[{"href":"https:\/\/www.jamesonwhiskey.com\/pt-br\/wp-json\/wp\/v2\/types\/page"}],"author":[{"embeddable":true,"href":"https:\/\/www.jamesonwhiskey.com\/pt-br\/wp-json\/wp\/v2\/users\/29"}],"replies":[{"embeddable":true,"href":"https:\/\/www.jamesonwhiskey.com\/pt-br\/wp-json\/wp\/v2\/comments?post=619868"}],"version-history":[{"count":0,"href":"https:\/\/www.jamesonwhiskey.com\/pt-br\/wp-json\/wp\/v2\/pages\/619868\/revisions"}],"wp:attachment":[{"href":"https:\/\/www.jamesonwhiskey.com\/pt-br\/wp-json\/wp\/v2\/media?parent=619868"}],"wp:term":[{"taxonomy":"category","embeddable":true,"href":"https:\/\/www.jamesonwhiskey.com\/pt-br\/wp-json\/wp\/v2\/categories?post=619868"},{"taxonomy":"post_tag","embeddable":true,"href":"https:\/\/www.jamesonwhiskey.com\/pt-br\/wp-json\/wp\/v2\/tags?post=619868"},{"taxonomy":"our-world-category","embeddable":true,"href":"https:\/\/www.jamesonwhiskey.com\/pt-br\/wp-json\/wp\/v2\/our-world-category?post=619868"}],"curies":[{"name":"wp","href":"https:\/\/api.w.org\/{rel}","templated":true}]}}