{"id":619870,"date":"2023-05-11T16:32:21","date_gmt":"2023-05-11T16:32:21","guid":{"rendered":"https:\/\/live-jameson.pantheonsite.io\/nutritional-information\/"},"modified":"2025-01-17T15:01:31","modified_gmt":"2025-01-17T15:01:31","slug":"nutritional-information","status":"publish","type":"page","link":"https:\/\/www.jamesonwhiskey.com\/pt-br\/nutritional-information\/","title":{"rendered":"Informa\u00e7\u00e3o nutricional"},"content":{"rendered":"\n<section id=\"block_8d215cac16a121a4467a97f19885cf80\" class=\"hero hero-no-image hero-no-image__no-breadcrumb-spacer lazy\" data-assetkey=\"hero-no-image\">\n  <div class=\"hero-no-image__container hero-no-image__container-fullwidth\">\n    <div class=\"hero-no-image__container-content\">\n      \n      <h1 class=\"h1\">Informa\u00e7\u00f5es e factos nutricionais Jameson<\/h1>\n    <\/div>\n  <\/div>\n<\/section>\n\n\n\n<section id=\"block_24add9f3b7ea0f421d52fe30c62c50fa\"\n         class=\"content-one-column content-one-column--bg-light full-width lazy\n        \n        \n        \" data-assetkey=\"content-one-column\">\n    <div class=\"content-one-column__content\">\n        \n                <div class=\"content-one-column__heading\">\n                            <h2 class=\"h1\"><\/h2>\n                    <\/div>\n\n        \n                                                            <div class=\"content-one-column__text wysiwyg align_center_on_desktop\">\n                    <p>Para mais informa\u00e7\u00f5es, consulta\u00a0<a href=\"http:\/\/www.wise-drinking.com\/\" target=\"_blank\" rel=\"noopener\">www.wise-drinking.com<\/a><\/p>\n\n                <\/div>\n                        <\/div>\n\n    <\/section>\n\n\n\n<div class=\"wp-block-idl-blocks-idl-section\"><section class=\"idl-section\" style=\"padding:20px 5px\"><div class=\"idl-section-inner\" style=\"max-width:1200px\">\n<div class=\"wp-block-idl-blocks-idl-title idl-block-title\"><H2 class=\"block-title\">JAMESON ORIGINAL<\/H2><\/div>\n\n\n\n<p>Clique <a href=\"https:\/\/e-label.pernod-ricard.com\/L002YV\" target=\"_blank\" rel=\"noopener\">aqui<\/a> para informa\u00e7\u00f5es do produto<\/p>\n\n\n\n<figure class=\"wp-block-image size-full is-resized\"><img loading=\"lazy\" decoding=\"async\" width=\"200\" height=\"200\" src=\"https:\/\/www.jamesonwhiskey.com\/wp-content\/uploads\/2024\/08\/pregnancy-logo.jpeg\" alt=\"\" class=\"wp-image-2833036\" style=\"width:106px;height:auto\" srcset=\"https:\/\/www.jamesonwhiskey.com\/wp-content\/uploads\/2024\/08\/pregnancy-logo.jpeg 200w, https:\/\/www.jamesonwhiskey.com\/wp-content\/uploads\/2024\/08\/pregnancy-logo-150x150.jpeg 150w, https:\/\/www.jamesonwhiskey.com\/wp-content\/uploads\/2024\/08\/pregnancy-logo-100x100.jpeg 100w, https:\/\/www.jamesonwhiskey.com\/wp-content\/uploads\/2024\/08\/pregnancy-logo-195x195.jpeg 195w\" sizes=\"(max-width: 200px) 100vw, 200px\" \/><\/figure>\n<\/div><\/section><\/div>\n\n\n\n<div class=\"wp-block-idl-blocks-idl-section\"><section class=\"idl-section\" style=\"padding:20px 5px\"><div class=\"idl-section-inner\" style=\"max-width:1200px\">\n<div class=\"wp-block-idl-blocks-idl-title idl-block-title\"><H2 class=\"block-title\">JAMESON BLACK BARREL<\/H2><\/div>\n\n\n\n<p>Clique <a href=\"https:\/\/e-label.pernod-ricard.com\/L003C2\" target=\"_blank\" rel=\"noreferrer noopener\">aqui<\/a> para informa\u00e7\u00f5es do produto<\/p>\n\n\n\n<figure class=\"wp-block-image size-full is-resized\"><img loading=\"lazy\" decoding=\"async\" width=\"200\" height=\"200\" src=\"https:\/\/www.jamesonwhiskey.com\/wp-content\/uploads\/2024\/08\/pregnancy-logo.jpeg\" alt=\"\" class=\"wp-image-2833036\" style=\"width:106px;height:auto\" srcset=\"https:\/\/www.jamesonwhiskey.com\/wp-content\/uploads\/2024\/08\/pregnancy-logo.jpeg 200w, https:\/\/www.jamesonwhiskey.com\/wp-content\/uploads\/2024\/08\/pregnancy-logo-150x150.jpeg 150w, https:\/\/www.jamesonwhiskey.com\/wp-content\/uploads\/2024\/08\/pregnancy-logo-100x100.jpeg 100w, https:\/\/www.jamesonwhiskey.com\/wp-content\/uploads\/2024\/08\/pregnancy-logo-195x195.jpeg 195w\" sizes=\"(max-width: 200px) 100vw, 200px\" \/><\/figure>\n<\/div><\/section><\/div>\n\n\n\n<div class=\"wp-block-idl-blocks-idl-section\"><section class=\"idl-section\" style=\"padding:20px 5px\"><div class=\"idl-section-inner\" style=\"max-width:1200px\">\n<div class=\"wp-block-idl-blocks-idl-title idl-block-title\"><H2 class=\"block-title\">JAMESON CASKMATES IPA EDITION<\/H2><\/div>\n\n\n\n<p>Clique <a href=\"https:\/\/e-label.pernod-ricard.com\/L01953\" target=\"_blank\" rel=\"noreferrer noopener\">aqui<\/a> para informa\u00e7\u00f5es do produto<\/p>\n\n\n\n<figure class=\"wp-block-image size-full is-resized\"><img loading=\"lazy\" decoding=\"async\" width=\"200\" height=\"200\" src=\"https:\/\/www.jamesonwhiskey.com\/wp-content\/uploads\/2024\/08\/pregnancy-logo.jpeg\" alt=\"\" class=\"wp-image-2833036\" style=\"width:106px;height:auto\" srcset=\"https:\/\/www.jamesonwhiskey.com\/wp-content\/uploads\/2024\/08\/pregnancy-logo.jpeg 200w, https:\/\/www.jamesonwhiskey.com\/wp-content\/uploads\/2024\/08\/pregnancy-logo-150x150.jpeg 150w, https:\/\/www.jamesonwhiskey.com\/wp-content\/uploads\/2024\/08\/pregnancy-logo-100x100.jpeg 100w, https:\/\/www.jamesonwhiskey.com\/wp-content\/uploads\/2024\/08\/pregnancy-logo-195x195.jpeg 195w\" sizes=\"(max-width: 200px) 100vw, 200px\" \/><\/figure>\n<\/div><\/section><\/div>\n\n\n\n<div class=\"wp-block-idl-blocks-idl-section\"><section class=\"idl-section\" style=\"padding:20px 5px\"><div class=\"idl-section-inner\" style=\"max-width:1200px\">\n<div class=\"wp-block-idl-blocks-idl-title idl-block-title\"><H2 class=\"block-title\">JAMESON CASKMATES STOUT EDITION<\/H2><\/div>\n\n\n\n<p>Clique <a href=\"https:\/\/e-label.pernod-ricard.com\/L02823\" target=\"_blank\" rel=\"noreferrer noopener\">aqui<\/a> para informa\u00e7\u00f5es do produto<\/p>\n\n\n\n<figure class=\"wp-block-image size-full is-resized\"><img loading=\"lazy\" decoding=\"async\" width=\"200\" height=\"200\" src=\"https:\/\/www.jamesonwhiskey.com\/wp-content\/uploads\/2024\/08\/pregnancy-logo.jpeg\" alt=\"\" class=\"wp-image-2833036\" style=\"width:106px;height:auto\" srcset=\"https:\/\/www.jamesonwhiskey.com\/wp-content\/uploads\/2024\/08\/pregnancy-logo.jpeg 200w, https:\/\/www.jamesonwhiskey.com\/wp-content\/uploads\/2024\/08\/pregnancy-logo-150x150.jpeg 150w, https:\/\/www.jamesonwhiskey.com\/wp-content\/uploads\/2024\/08\/pregnancy-logo-100x100.jpeg 100w, https:\/\/www.jamesonwhiskey.com\/wp-content\/uploads\/2024\/08\/pregnancy-logo-195x195.jpeg 195w\" sizes=\"(max-width: 200px) 100vw, 200px\" \/><\/figure>\n<\/div><\/section><\/div>\n\n\n\n<div class=\"wp-block-idl-blocks-idl-section\"><section class=\"idl-section\" style=\"padding:20px 5px\"><div class=\"idl-section-inner\" style=\"max-width:1200px\">\n<div class=\"wp-block-idl-blocks-idl-title idl-block-title\"><H2 class=\"block-title\">JAMESON TRIPLE TRIPLE<\/H2><\/div>\n\n\n\n<p>Clique <a href=\"https:\/\/e-label.pernod-ricard.com\/L01911\" target=\"_blank\" rel=\"noreferrer noopener\">aqui<\/a> para informa\u00e7\u00f5es do produto<\/p>\n\n\n\n<figure class=\"wp-block-image size-full is-resized\"><img loading=\"lazy\" decoding=\"async\" width=\"200\" height=\"200\" src=\"https:\/\/www.jamesonwhiskey.com\/wp-content\/uploads\/2024\/08\/pregnancy-logo.jpeg\" alt=\"\" class=\"wp-image-2833036\" style=\"width:106px;height:auto\" srcset=\"https:\/\/www.jamesonwhiskey.com\/wp-content\/uploads\/2024\/08\/pregnancy-logo.jpeg 200w, https:\/\/www.jamesonwhiskey.com\/wp-content\/uploads\/2024\/08\/pregnancy-logo-150x150.jpeg 150w, https:\/\/www.jamesonwhiskey.com\/wp-content\/uploads\/2024\/08\/pregnancy-logo-100x100.jpeg 100w, https:\/\/www.jamesonwhiskey.com\/wp-content\/uploads\/2024\/08\/pregnancy-logo-195x195.jpeg 195w\" sizes=\"(max-width: 200px) 100vw, 200px\" \/><\/figure>\n<\/div><\/section><\/div>\n\n\n\n<div class=\"wp-block-idl-blocks-idl-section\"><section class=\"idl-section\" style=\"padding:20px 5px\"><div class=\"idl-section-inner\" style=\"max-width:1200px\">\n<div class=\"wp-block-idl-blocks-idl-title idl-block-title\"><H2 class=\"block-title\">JAMESON BOW ST 18<\/H2><\/div>\n\n\n\n<p>Clique <a href=\"https:\/\/e-label.pernod-ricard.com\/L01952\" target=\"_blank\" rel=\"noreferrer noopener\">aqui<\/a> para informa\u00e7\u00f5es do produto<\/p>\n\n\n\n<figure class=\"wp-block-image size-full is-resized\"><img loading=\"lazy\" decoding=\"async\" width=\"200\" height=\"200\" src=\"https:\/\/www.jamesonwhiskey.com\/wp-content\/uploads\/2024\/08\/pregnancy-logo.jpeg\" alt=\"\" class=\"wp-image-2833036\" style=\"width:106px;height:auto\" srcset=\"https:\/\/www.jamesonwhiskey.com\/wp-content\/uploads\/2024\/08\/pregnancy-logo.jpeg 200w, https:\/\/www.jamesonwhiskey.com\/wp-content\/uploads\/2024\/08\/pregnancy-logo-150x150.jpeg 150w, https:\/\/www.jamesonwhiskey.com\/wp-content\/uploads\/2024\/08\/pregnancy-logo-100x100.jpeg 100w, https:\/\/www.jamesonwhiskey.com\/wp-content\/uploads\/2024\/08\/pregnancy-logo-195x195.jpeg 195w\" sizes=\"(max-width: 200px) 100vw, 200px\" \/><\/figure>\n<\/div><\/section><\/div>\n\n\n\n<div class=\"wp-block-idl-blocks-idl-section\"><section class=\"idl-section\" style=\"padding:20px 5px\"><div class=\"idl-section-inner\" style=\"max-width:1200px\">\n<div class=\"wp-block-idl-blocks-idl-title idl-block-title\"><H2 class=\"block-title\">JAMESON CRESTED<\/H2><\/div>\n\n\n\n<p>Clique <a href=\"https:\/\/e-label.pernod-ricard.com\/L01903\" target=\"_blank\" rel=\"noreferrer noopener\">aqui<\/a> para informa\u00e7\u00f5es do produto<\/p>\n\n\n\n<figure class=\"wp-block-image size-full is-resized\"><img loading=\"lazy\" decoding=\"async\" width=\"200\" height=\"200\" src=\"https:\/\/www.jamesonwhiskey.com\/wp-content\/uploads\/2024\/08\/pregnancy-logo.jpeg\" alt=\"\" class=\"wp-image-2833036\" style=\"width:106px;height:auto\" srcset=\"https:\/\/www.jamesonwhiskey.com\/wp-content\/uploads\/2024\/08\/pregnancy-logo.jpeg 200w, https:\/\/www.jamesonwhiskey.com\/wp-content\/uploads\/2024\/08\/pregnancy-logo-150x150.jpeg 150w, https:\/\/www.jamesonwhiskey.com\/wp-content\/uploads\/2024\/08\/pregnancy-logo-100x100.jpeg 100w, https:\/\/www.jamesonwhiskey.com\/wp-content\/uploads\/2024\/08\/pregnancy-logo-195x195.jpeg 195w\" sizes=\"(max-width: 200px) 100vw, 200px\" \/><\/figure>\n<\/div><\/section><\/div>\n\n\n\n<div class=\"wp-block-idl-blocks-idl-section\"><section class=\"idl-section\" style=\"padding:20px 5px\"><div class=\"idl-section-inner\" style=\"max-width:1200px\">\n<div class=\"wp-block-idl-blocks-idl-title idl-block-title\"><H2 class=\"block-title\">JAMESON RTD CAN<\/H2><\/div>\n\n\n\n<p>Clique <a href=\"https:\/\/e-label.pernod-ricard.com\/L004L1\" target=\"_blank\" rel=\"noreferrer noopener\">aqui<\/a> para informa\u00e7\u00f5es do produto<\/p>\n\n\n\n<figure class=\"wp-block-image size-full is-resized\"><img loading=\"lazy\" decoding=\"async\" width=\"200\" height=\"200\" src=\"https:\/\/www.jamesonwhiskey.com\/wp-content\/uploads\/2024\/08\/pregnancy-logo.jpeg\" alt=\"\" class=\"wp-image-2833036\" style=\"width:106px;height:auto\" srcset=\"https:\/\/www.jamesonwhiskey.com\/wp-content\/uploads\/2024\/08\/pregnancy-logo.jpeg 200w, https:\/\/www.jamesonwhiskey.com\/wp-content\/uploads\/2024\/08\/pregnancy-logo-150x150.jpeg 150w, https:\/\/www.jamesonwhiskey.com\/wp-content\/uploads\/2024\/08\/pregnancy-logo-100x100.jpeg 100w, https:\/\/www.jamesonwhiskey.com\/wp-content\/uploads\/2024\/08\/pregnancy-logo-195x195.jpeg 195w\" sizes=\"(max-width: 200px) 100vw, 200px\" \/><\/figure>\n<\/div><\/section><\/div>\n\n\n\n<div class=\"wp-block-idl-blocks-idl-section\"><section class=\"idl-section\" style=\"padding:20px 5px\"><div class=\"idl-section-inner\" style=\"max-width:1200px\">\n<div class=\"wp-block-idl-blocks-idl-title idl-block-title\"><H2 class=\"block-title\">JAMESON 18<\/H2><\/div>\n\n\n\n<p>Clique <a href=\"https:\/\/e-label.pernod-ricard.com\/L01892\" target=\"_blank\" rel=\"noreferrer noopener\">aqui<\/a> para informa\u00e7\u00f5es do produto<\/p>\n\n\n\n<figure class=\"wp-block-image size-full is-resized\"><img loading=\"lazy\" decoding=\"async\" width=\"200\" height=\"200\" src=\"https:\/\/www.jamesonwhiskey.com\/wp-content\/uploads\/2024\/08\/pregnancy-logo.jpeg\" alt=\"\" class=\"wp-image-2833036\" style=\"width:106px;height:auto\" srcset=\"https:\/\/www.jamesonwhiskey.com\/wp-content\/uploads\/2024\/08\/pregnancy-logo.jpeg 200w, https:\/\/www.jamesonwhiskey.com\/wp-content\/uploads\/2024\/08\/pregnancy-logo-150x150.jpeg 150w, https:\/\/www.jamesonwhiskey.com\/wp-content\/uploads\/2024\/08\/pregnancy-logo-100x100.jpeg 100w, https:\/\/www.jamesonwhiskey.com\/wp-content\/uploads\/2024\/08\/pregnancy-logo-195x195.jpeg 195w\" sizes=\"(max-width: 200px) 100vw, 200px\" \/><\/figure>\n<\/div><\/section><\/div>\n\n\n\n<div class=\"wp-block-idl-blocks-idl-section\"><section class=\"idl-section\" style=\"padding:20px 5px\"><div class=\"idl-section-inner\" style=\"max-width:1200px\">\n<div class=\"wp-block-idl-blocks-idl-title idl-block-title\"><H2 class=\"block-title\">JAMESON BLENDERS DOG<\/H2><\/div>\n\n\n\n<p>Clique <a href=\"https:\/\/e-label.pernod-ricard.com\/L01897\" target=\"_blank\" rel=\"noreferrer noopener\">aqui<\/a> para informa\u00e7\u00f5es do produto<\/p>\n\n\n\n<figure class=\"wp-block-image size-full is-resized\"><img loading=\"lazy\" decoding=\"async\" width=\"200\" height=\"200\" src=\"https:\/\/www.jamesonwhiskey.com\/wp-content\/uploads\/2024\/08\/pregnancy-logo.jpeg\" alt=\"\" class=\"wp-image-2833036\" style=\"width:106px;height:auto\" srcset=\"https:\/\/www.jamesonwhiskey.com\/wp-content\/uploads\/2024\/08\/pregnancy-logo.jpeg 200w, https:\/\/www.jamesonwhiskey.com\/wp-content\/uploads\/2024\/08\/pregnancy-logo-150x150.jpeg 150w, https:\/\/www.jamesonwhiskey.com\/wp-content\/uploads\/2024\/08\/pregnancy-logo-100x100.jpeg 100w, https:\/\/www.jamesonwhiskey.com\/wp-content\/uploads\/2024\/08\/pregnancy-logo-195x195.jpeg 195w\" sizes=\"(max-width: 200px) 100vw, 200px\" \/><\/figure>\n<\/div><\/section><\/div>\n\n\n\n<div class=\"wp-block-idl-blocks-idl-section\"><section class=\"idl-section\" style=\"padding:20px 5px\"><div class=\"idl-section-inner\" style=\"max-width:1200px\">\n<div class=\"wp-block-idl-blocks-idl-title idl-block-title\"><H2 class=\"block-title\">JAMESON DISTILLERS SAFE<\/H2><\/div>\n\n\n\n<p>Clique <a href=\"https:\/\/e-label.pernod-ricard.com\/L01904\" target=\"_blank\" rel=\"noreferrer noopener\">aqui<\/a> para informa\u00e7\u00f5es do produto<\/p>\n\n\n\n<figure class=\"wp-block-image size-full is-resized\"><img loading=\"lazy\" decoding=\"async\" width=\"200\" height=\"200\" src=\"https:\/\/www.jamesonwhiskey.com\/wp-content\/uploads\/2024\/08\/pregnancy-logo.jpeg\" alt=\"\" class=\"wp-image-2833036\" style=\"width:106px;height:auto\" srcset=\"https:\/\/www.jamesonwhiskey.com\/wp-content\/uploads\/2024\/08\/pregnancy-logo.jpeg 200w, https:\/\/www.jamesonwhiskey.com\/wp-content\/uploads\/2024\/08\/pregnancy-logo-150x150.jpeg 150w, https:\/\/www.jamesonwhiskey.com\/wp-content\/uploads\/2024\/08\/pregnancy-logo-100x100.jpeg 100w, https:\/\/www.jamesonwhiskey.com\/wp-content\/uploads\/2024\/08\/pregnancy-logo-195x195.jpeg 195w\" sizes=\"(max-width: 200px) 100vw, 200px\" \/><\/figure>\n<\/div><\/section><\/div>\n","protected":false},"excerpt":{"rendered":"","protected":false},"author":29,"featured_media":0,"parent":0,"menu_order":18,"comment_status":"closed","ping_status":"closed","template":"","meta":{"_acf_changed":false,"_seopress_robots_primary_cat":"","_seopress_titles_title":"Informa\u00e7\u00e3o nutricional Jameson | Jameson Irish Whiskey","_seopress_titles_desc":"Gostarias de saber qual a quantidade de calorias existentes e a informa\u00e7\u00e3o nutricional relativa a Jameson Irish Whiskey? Descobre aqui todas as informa\u00e7\u00f5es nutricionais.","_seopress_robots_index":"","inline_featured_image":false,"footnotes":""},"categories":[],"tags":[],"our-world-category":[],"class_list":["post-619870","page","type-page","status-publish","hentry"],"acf":[],"_links":{"self":[{"href":"https:\/\/www.jamesonwhiskey.com\/pt-br\/wp-json\/wp\/v2\/pages\/619870","targetHints":{"allow":["GET"]}}],"collection":[{"href":"https:\/\/www.jamesonwhiskey.com\/pt-br\/wp-json\/wp\/v2\/pages"}],"about":[{"href":"https:\/\/www.jamesonwhiskey.com\/pt-br\/wp-json\/wp\/v2\/types\/page"}],"author":[{"embeddable":true,"href":"https:\/\/www.jamesonwhiskey.com\/pt-br\/wp-json\/wp\/v2\/users\/29"}],"replies":[{"embeddable":true,"href":"https:\/\/www.jamesonwhiskey.com\/pt-br\/wp-json\/wp\/v2\/comments?post=619870"}],"version-history":[{"count":0,"href":"https:\/\/www.jamesonwhiskey.com\/pt-br\/wp-json\/wp\/v2\/pages\/619870\/revisions"}],"wp:attachment":[{"href":"https:\/\/www.jamesonwhiskey.com\/pt-br\/wp-json\/wp\/v2\/media?parent=619870"}],"wp:term":[{"taxonomy":"category","embeddable":true,"href":"https:\/\/www.jamesonwhiskey.com\/pt-br\/wp-json\/wp\/v2\/categories?post=619870"},{"taxonomy":"post_tag","embeddable":true,"href":"https:\/\/www.jamesonwhiskey.com\/pt-br\/wp-json\/wp\/v2\/tags?post=619870"},{"taxonomy":"our-world-category","embeddable":true,"href":"https:\/\/www.jamesonwhiskey.com\/pt-br\/wp-json\/wp\/v2\/our-world-category?post=619870"}],"curies":[{"name":"wp","href":"https:\/\/api.w.org\/{rel}","templated":true}]}}