{"id":505875,"date":"2023-05-11T16:42:09","date_gmt":"2023-05-11T16:42:09","guid":{"rendered":"https:\/\/live-jameson.pantheonsite.io\/o-nosso-whiskey\/jameson-18-years\/"},"modified":"2024-01-31T13:48:32","modified_gmt":"2024-01-31T13:48:32","slug":"jameson-18-years","status":"publish","type":"page","link":"https:\/\/www.jamesonwhiskey.com\/pt-pt\/our-whiskey\/jameson-18-years\/","title":{"rendered":"Jameson 18 Years"},"content":{"rendered":"<section id=\"block_7c7ebe66d72c486908cd861728164be9\" class=\"hero hero-halfscreen  lazy\" data-assetkey=\"hero-halfscreen\" data-colour_filter='none' data-colour_filter_opacity='51'>\n\t\t\n\t<div class=\"hero-halfscreen__img_content\">\n\t\t\t\t\t<div class=\"hero-halfscreen__img_content-breadcrumbs\">\n\t\t\t\t\t\t\t\t\t            \n\t\t\t\t\t\t\t<\/div>\n\t\t\n\t\t\t\t\t\t\t\t\t\t\n\n                        \n        <picture class=\"hero-halfscreen__picture\">\n\t\t\t<source media=\"(min-width: 768px)\" class=\"hero-halfscreen__source hero-halfscreen__source--desktop\" srcset=\"https:\/\/ik.imagekit.io\/cvygf2xse\/jamesonwhiskey\/wp-content\/uploads\/2022\/03\/PRIR2010_JAMESON_18Y_Scen_3-aspect-ratio-960-730.jpg?tr=q-80,w-1920 1920w, https:\/\/ik.imagekit.io\/cvygf2xse\/jamesonwhiskey\/wp-content\/uploads\/2022\/03\/PRIR2010_JAMESON_18Y_Scen_3-aspect-ratio-960-730.jpg?tr=q-80,w-1650 1650w, https:\/\/ik.imagekit.io\/cvygf2xse\/jamesonwhiskey\/wp-content\/uploads\/2022\/03\/PRIR2010_JAMESON_18Y_Scen_3-aspect-ratio-960-730.jpg?tr=q-80,w-1440 1440w, https:\/\/ik.imagekit.io\/cvygf2xse\/jamesonwhiskey\/wp-content\/uploads\/2022\/03\/PRIR2010_JAMESON_18Y_Scen_3-aspect-ratio-960-730.jpg?tr=q-80,w-1280 1280w, https:\/\/ik.imagekit.io\/cvygf2xse\/jamesonwhiskey\/wp-content\/uploads\/2022\/03\/PRIR2010_JAMESON_18Y_Scen_3-aspect-ratio-960-730.jpg?tr=q-80,w-1024 1024w, https:\/\/ik.imagekit.io\/cvygf2xse\/jamesonwhiskey\/wp-content\/uploads\/2022\/03\/PRIR2010_JAMESON_18Y_Scen_3-aspect-ratio-960-730.jpg?tr=q-80,w-768 768w, https:\/\/ik.imagekit.io\/cvygf2xse\/jamesonwhiskey\/wp-content\/uploads\/2022\/03\/PRIR2010_JAMESON_18Y_Scen_3-aspect-ratio-960-730.jpg?tr=q-80,w-500 500w, https:\/\/ik.imagekit.io\/cvygf2xse\/jamesonwhiskey\/wp-content\/uploads\/2022\/03\/PRIR2010_JAMESON_18Y_Scen_3-aspect-ratio-960-730.jpg?tr=q-80,w-420 420w, https:\/\/ik.imagekit.io\/cvygf2xse\/jamesonwhiskey\/wp-content\/uploads\/2022\/03\/PRIR2010_JAMESON_18Y_Scen_3-aspect-ratio-960-730.jpg?tr=q-80,w-400 400w, https:\/\/ik.imagekit.io\/cvygf2xse\/jamesonwhiskey\/wp-content\/uploads\/2022\/03\/PRIR2010_JAMESON_18Y_Scen_3-aspect-ratio-960-730.jpg?tr=q-80,w-375 375w, https:\/\/ik.imagekit.io\/cvygf2xse\/jamesonwhiskey\/wp-content\/uploads\/2022\/03\/PRIR2010_JAMESON_18Y_Scen_3-aspect-ratio-960-730.jpg?tr=q-80,w-360 360w, https:\/\/ik.imagekit.io\/cvygf2xse\/jamesonwhiskey\/wp-content\/uploads\/2022\/03\/PRIR2010_JAMESON_18Y_Scen_3-aspect-ratio-960-730.jpg?tr=q-80,w-320 320w, https:\/\/ik.imagekit.io\/cvygf2xse\/jamesonwhiskey\/wp-content\/uploads\/2022\/03\/PRIR2010_JAMESON_18Y_Scen_3-aspect-ratio-960-730.jpg?tr=q-80,w-300 300w, https:\/\/ik.imagekit.io\/cvygf2xse\/jamesonwhiskey\/wp-content\/uploads\/2022\/03\/PRIR2010_JAMESON_18Y_Scen_3-aspect-ratio-960-730.jpg?tr=q-80,w-275 275w, https:\/\/ik.imagekit.io\/cvygf2xse\/jamesonwhiskey\/wp-content\/uploads\/2022\/03\/PRIR2010_JAMESON_18Y_Scen_3-aspect-ratio-960-730.jpg?tr=q-80,w-200 200w, https:\/\/ik.imagekit.io\/cvygf2xse\/jamesonwhiskey\/wp-content\/uploads\/2022\/03\/PRIR2010_JAMESON_18Y_Scen_3-aspect-ratio-960-730.jpg?tr=q-80,w-100 100w, \" sizes=\"(min-width: 1440px) 100vw, (min-width: 1024px) 1024px, (min-width: 768px) 768px\">\n\t\t\t<source class=\"hero-halfscreen__source hero-halfscreen__source--mobile\" srcset=\"https:\/\/ik.imagekit.io\/cvygf2xse\/jamesonwhiskey\/wp-content\/uploads\/2022\/03\/PRIR2010_JAMESON_18Y_Scen_3.jpg?tr=q-80,w-1920 1920w, https:\/\/ik.imagekit.io\/cvygf2xse\/jamesonwhiskey\/wp-content\/uploads\/2022\/03\/PRIR2010_JAMESON_18Y_Scen_3.jpg?tr=q-80,w-1650 1650w, https:\/\/ik.imagekit.io\/cvygf2xse\/jamesonwhiskey\/wp-content\/uploads\/2022\/03\/PRIR2010_JAMESON_18Y_Scen_3.jpg?tr=q-80,w-1440 1440w, https:\/\/ik.imagekit.io\/cvygf2xse\/jamesonwhiskey\/wp-content\/uploads\/2022\/03\/PRIR2010_JAMESON_18Y_Scen_3.jpg?tr=q-80,w-1280 1280w, https:\/\/ik.imagekit.io\/cvygf2xse\/jamesonwhiskey\/wp-content\/uploads\/2022\/03\/PRIR2010_JAMESON_18Y_Scen_3.jpg?tr=q-80,w-1024 1024w, https:\/\/ik.imagekit.io\/cvygf2xse\/jamesonwhiskey\/wp-content\/uploads\/2022\/03\/PRIR2010_JAMESON_18Y_Scen_3.jpg?tr=q-80,w-768 768w, https:\/\/ik.imagekit.io\/cvygf2xse\/jamesonwhiskey\/wp-content\/uploads\/2022\/03\/PRIR2010_JAMESON_18Y_Scen_3.jpg?tr=q-80,w-500 500w, https:\/\/ik.imagekit.io\/cvygf2xse\/jamesonwhiskey\/wp-content\/uploads\/2022\/03\/PRIR2010_JAMESON_18Y_Scen_3.jpg?tr=q-80,w-420 420w, https:\/\/ik.imagekit.io\/cvygf2xse\/jamesonwhiskey\/wp-content\/uploads\/2022\/03\/PRIR2010_JAMESON_18Y_Scen_3.jpg?tr=q-80,w-400 400w, https:\/\/ik.imagekit.io\/cvygf2xse\/jamesonwhiskey\/wp-content\/uploads\/2022\/03\/PRIR2010_JAMESON_18Y_Scen_3.jpg?tr=q-80,w-375 375w, https:\/\/ik.imagekit.io\/cvygf2xse\/jamesonwhiskey\/wp-content\/uploads\/2022\/03\/PRIR2010_JAMESON_18Y_Scen_3.jpg?tr=q-80,w-360 360w, https:\/\/ik.imagekit.io\/cvygf2xse\/jamesonwhiskey\/wp-content\/uploads\/2022\/03\/PRIR2010_JAMESON_18Y_Scen_3.jpg?tr=q-80,w-320 320w, https:\/\/ik.imagekit.io\/cvygf2xse\/jamesonwhiskey\/wp-content\/uploads\/2022\/03\/PRIR2010_JAMESON_18Y_Scen_3.jpg?tr=q-80,w-300 300w, https:\/\/ik.imagekit.io\/cvygf2xse\/jamesonwhiskey\/wp-content\/uploads\/2022\/03\/PRIR2010_JAMESON_18Y_Scen_3.jpg?tr=q-80,w-275 275w, https:\/\/ik.imagekit.io\/cvygf2xse\/jamesonwhiskey\/wp-content\/uploads\/2022\/03\/PRIR2010_JAMESON_18Y_Scen_3.jpg?tr=q-80,w-200 200w, https:\/\/ik.imagekit.io\/cvygf2xse\/jamesonwhiskey\/wp-content\/uploads\/2022\/03\/PRIR2010_JAMESON_18Y_Scen_3.jpg?tr=q-80,w-100 100w, \" sizes=\"(min-width: 768px) 768px, (min-width: 500px) 500px, 250px\">\n\t\t\t<img loading=\"lazy\" decoding=\"async\" class=\"hero-halfscreen__image\" src=\"https:\/\/ik.imagekit.io\/cvygf2xse\/jamesonwhiskey\/wp-content\/uploads\/2022\/03\/PRIR2010_JAMESON_18Y_Scen_3-aspect-ratio-960-730.jpg?tr=q-80,w-2500\" width=\"2500\" height=\"1901\" alt=\"\" role=\"presentation\">\n\t\t<\/picture>\n\t<\/div>\n\n\t<div class=\"hero-halfscreen__content\">\n                \n\t\t  <div class=\"subheading \">\n    <div class=\"subheading__line\"><\/div>\n    <h2 class=\"h6\">O nosso whiskey<\/h2>\n  <\/div>\n\n\t\t<h1 class=\"h1\">JAMESON 18 YEARS IRISH WHISKEY<\/h1>\n\n\t\t\t\t\t<div class=\"hero-halfscreen__content-intro wysiwyg\">\n\t\t\t\t<p>Acabaste de descobrir algo especial. Jameson 18 Years foi criado para tornar qualquer ocasi\u00e3o memor\u00e1vel. Este \u00e9 um whiskey de 18 anos, o tipo de whiskey que s\u00f3 se deves beber com os teus melhores amigos. E se os quiseres impressionar, basta dizeres o seguinte durante a conversa: \u00ab\u00c9 uma mistura \u00fanica de tr\u00eas destilados caracter\u00edsticos, maturada no melhor carvalho durante quase duas d\u00e9cadas e, depois, passa por um per\u00edodo de uni\u00e3o final de, pelo menos, 6 meses num barril de carvalho novo americano, acrescentando uma eleg\u00e2ncia e complexidade sem igual\u00bb. Ok, talvez seja muito para decorar. Deixa que a garrafa fale por si.<\/p>\n\n\t\t\t<\/div>\n\t\t\n\t\t\t\t\t\t\t\t\n\t\t\t\t\t\t\t\t\t\t\t\t\t\t<a class=\"btn--primary\" title=\"\" href=\"https:\/\/midletondistillerycollection.com\/jameson\/jameson-bow-street-18-years-cask-strength-product\/?utm_source=jamesonwhiskeycom&#038;utm_medium=referral&#038;AvpPassThrough=1\"  rel=\"nofollow noreferrer\">BUY NOW<\/a>\n\t\t\t\t\t\t\t\n\n\t\t\t\n\t\t\t<\/div>\n<\/section>\n\n\n\n<section id=\"block_9f029c510ba57e1170736535ea492d1d\" class=\"outlined-boxes full-width lazy\" data-assetkey=\"outlined-boxes\">\n  \n  \n  \n  <div\n    class=\"swiper outlined-boxes__swiper\"\n    id=\"swiper-block_9f029c510ba57e1170736535ea492d1d\"\n    role=\"region\"\n    aria-roledescription=\"carousel\"\n      >\n    <div\n      class=\"swiper-button-prev\"\n      role=\"button\"\n      aria-label=\"Previous slide\"\n      aria-controls=\"swiper-block_9f029c510ba57e1170736535ea492d1d\"\n    ><\/div>\n\n    <div class=\"swiper-wrapper outlined-boxes__wrapper\" aria-live=\"polite\">\n              <div\n          class=\"swiper-slide outlined-boxes__slide\"\n          role=\"group\"\n          aria-roledescription=\"slide\"\n          aria-label=\"1 of 3\"\n        >\n          <div>\n            \n\n<div class=\"subheading subheading--small\">\n        <div class=\"subheading__line\"><\/div>\n    \n    <span class=\"h6\">Aroma<\/span>\n<\/div>\n            <div class=\"outlined-boxes__content wysiwyg\">\n              <p>\u00d3leos arom\u00e1ticos com um toque de madeira e caramelo picante.<\/p>\n\n            <\/div>\n          <\/div>\n        <\/div>\n              <div\n          class=\"swiper-slide outlined-boxes__slide\"\n          role=\"group\"\n          aria-roledescription=\"slide\"\n          aria-label=\"2 of 3\"\n        >\n          <div>\n            \n\n<div class=\"subheading subheading--small\">\n        <div class=\"subheading__line\"><\/div>\n    \n    <span class=\"h6\">Sabor<\/span>\n<\/div>\n            <div class=\"outlined-boxes__content wysiwyg\">\n              <p>Incrivelmente suave e cheio de sabores intensos e complexos \u2014 caramelo, especiarias, tra\u00e7os de madeira e couro, um gosto subtil de frutos secos de xerez e baunilha.<\/p>\n\n            <\/div>\n          <\/div>\n        <\/div>\n              <div\n          class=\"swiper-slide outlined-boxes__slide\"\n          role=\"group\"\n          aria-roledescription=\"slide\"\n          aria-label=\"3 of 3\"\n        >\n          <div>\n            \n\n<div class=\"subheading subheading--small\">\n        <div class=\"subheading__line\"><\/div>\n    \n    <span class=\"h6\">Final de boca<\/span>\n<\/div>\n            <div class=\"outlined-boxes__content wysiwyg\">\n              <p>Um final de boca longo e persistente que real\u00e7a o sabor da madeira, das especiarias e do caramelo at\u00e9 ao fim.<\/p>\n\n            <\/div>\n          <\/div>\n        <\/div>\n          <\/div>\n\n    <div\n      class=\"swiper-button-next\"\n      role=\"button\"\n      aria-label=\"Next slide\"\n      aria-controls=\"swiper-block_9f029c510ba57e1170736535ea492d1d\"\n    ><\/div>\n\n    <div class=\"swiper-pagination\" aria-hidden=\"true\"><\/div>\n\n    <p\n      id=\"status-block_9f029c510ba57e1170736535ea492d1d\"\n      role=\"status\"\n      aria-live=\"polite\"\n      class=\"visually-hidden\"\n    ><\/p>\n  <\/div>\n<\/section>\n\n\n<section id=\"block_25bca385d971b39bb031ac0c30b4c000\" class=\"product-image-title product-image-title--one-bottle full-width lazy\"\n         data-assetkey=\"product-image-title\"\n         data-breakpoints=\"{&quot;320&quot;:{&quot;slidesPerView&quot;:&quot;auto&quot;,&quot;spaceBetween&quot;:0},&quot;667&quot;:{&quot;slidesPerView&quot;:3,&quot;spaceBetween&quot;:0},&quot;694&quot;:{&quot;slidesPerView&quot;:2,&quot;spaceBetween&quot;:0},&quot;736&quot;:{&quot;slidesPerView&quot;:2,&quot;spaceBetween&quot;:0},&quot;768&quot;:{&quot;slidesPerView&quot;:2,&quot;spaceBetween&quot;:0},&quot;1024&quot;:{&quot;slidesPerView&quot;:1,&quot;spaceBetween&quot;:0},&quot;1280&quot;:{&quot;slidesPerView&quot;:1,&quot;spaceBetween&quot;:0}}\"\n>\n    \n    <div class=\"product-image-title__wrapper\">\n        <div class=\"product-image-title__text\">\n            <div class=\"product-image-title__text-heading\">\n                \n\n<div class=\"subheading \">\n        <div class=\"subheading__line\"><\/div>\n    \n    <span class=\"h6\">Whiskey<\/span>\n<\/div>\n                <h1 class=\"h1\">Mais para os apreciadores de lendas<\/h1>\n            <\/div>\n                    <\/div>\n        <div class=\"product-image-title__bottles product-image-title--one-bottle\">\n\n                                                                        <div class=\"\">\n                                                                                                                \n                                                                                                                \n                                                                                                                                                                            \n                            <div\n                                class=\"product-image-title__bottle-item  \">\n                                                                <a href=\"\/en\/our-whiskey\/jameson-bow-st-18\"\n                                   class=\"bottle-item--link\"\n                                   title=\"\" >\n                                \n                                    <div class=\"product-image-title__bottle-item--left-border\"><\/div>\n\n                                    <div class=\"product-image-title__bottle-item--title-box\">\n                                        <h4 class=\"h4\">Jameson 18 Bow Street<\/h4>\n                                    <\/div>\n\n                                    <div class=\"product-image-title__bottle-item--image-box\"><\/div>\n\n                                    <picture class=\"product-image-title__bottle-item--picture\">\n                                        <source media=\"(min-width: 768px)\"\n                                                class=\"product-image-title__bottle-item--source product-image-title__bottle-item--source--desktop\"\n                                                srcset=\"https:\/\/ik.imagekit.io\/cvygf2xse\/jamesonwhiskey\/wp-content\/uploads\/2022\/03\/Bow_St_18.png?tr=q-80,w-100 100w, \">\n                                        <source\n                                            class=\"product-image-title__bottle-item--source product-image-title__bottle-item--source--mobile\"\n                                            srcset=\"https:\/\/ik.imagekit.io\/cvygf2xse\/jamesonwhiskey\/wp-content\/uploads\/2022\/03\/Bow_St_18.png?tr=q-80,w-100 100w, \"\n                                            sizes=\"(min-width: 768px) 768px, (min-width: 500px) 500px, 250px\">\n                                        <img decoding=\"async\" loading=\"lazy\" class=\"product-image-title__bottle-item--image\"\n                                             src=\"https:\/\/ik.imagekit.io\/cvygf2xse\/jamesonwhiskey\/wp-content\/uploads\/2022\/03\/Bow_St_18.png?tr=q-80,w-164\"\n                                             width=\"164\" height=\"632\"\n                                             role=\"presentation\"\n                                             alt=\"\">\n                                    <\/picture>\n\n                                    <div class=\"product-image-title__bottle-item--arrow\">\n                                        <div class=\"product-image-title__bottle-item--arrow-wrapper\">\n                                            <div>\n                                                <svg xmlns=\"http:\/\/www.w3.org\/2000\/svg\" width=\"16\" height=\"16\" fill=\"#ffffff\"\n                                                     class=\"bi bi-arrow-right\"\n                                                     viewBox=\"0 0 16 16\">\n                                                    <path fill-rule=\"evenodd\"\n                                                          d=\"M1 8a.5.5 0 0 1 .5-.5h11.793l-3.147-3.146a.5.5 0 0 1 .708-.708l4 4a.5.5 0 0 1 0 .708l-4 4a.5.5 0 0 1-.708-.708L13.293 8.5H1.5A.5.5 0 0 1 1 8z\"\/>\n                                                <\/svg>\n                                            <\/div>\n                                        <\/div>\n                                    <\/div>\n                                <\/a>\n                                                            <\/div>\n\n                                                    <\/div>\n                                                            \n        <\/div>\n    <\/div>\n<\/section>\n\n\n\n<section id=\"block_580bf7f1d1afd951675a297de2d2ccd0\" class=\"newsletter-banner full-width lazy\" data-assetkey=\"newsletter-banner\">\n\t\t<div class=\"newsletter-banner__content\">\n\t\t\t<div class=\"newsletter-banner__bg\">\n\t\t\t\t\t\t\t\t\t\t\t\t\t\t\t\t\t\t\t\t\t\t\t\t\t\t\t\t\t\t\t\t\t\t\t\t\t\t\t\t\t\t\t\t\t\t\t\t\t\t\t\t\t\t<picture class=\"\">\n\t\t\t\t\t\t<source media=\"(min-width: 768px)\" class=\"\" srcset=\"https:\/\/ik.imagekit.io\/cvygf2xse\/jamesonwhiskey\/wp-content\/uploads\/2022\/01\/ECRM_BANNER_DESKTOP.jpg?tr=q-80,w-1024 1024w, https:\/\/ik.imagekit.io\/cvygf2xse\/jamesonwhiskey\/wp-content\/uploads\/2022\/01\/ECRM_BANNER_DESKTOP.jpg?tr=q-80,w-768 768w, https:\/\/ik.imagekit.io\/cvygf2xse\/jamesonwhiskey\/wp-content\/uploads\/2022\/01\/ECRM_BANNER_DESKTOP.jpg?tr=q-80,w-500 500w, https:\/\/ik.imagekit.io\/cvygf2xse\/jamesonwhiskey\/wp-content\/uploads\/2022\/01\/ECRM_BANNER_DESKTOP.jpg?tr=q-80,w-420 420w, https:\/\/ik.imagekit.io\/cvygf2xse\/jamesonwhiskey\/wp-content\/uploads\/2022\/01\/ECRM_BANNER_DESKTOP.jpg?tr=q-80,w-400 400w, https:\/\/ik.imagekit.io\/cvygf2xse\/jamesonwhiskey\/wp-content\/uploads\/2022\/01\/ECRM_BANNER_DESKTOP.jpg?tr=q-80,w-375 375w, https:\/\/ik.imagekit.io\/cvygf2xse\/jamesonwhiskey\/wp-content\/uploads\/2022\/01\/ECRM_BANNER_DESKTOP.jpg?tr=q-80,w-360 360w, https:\/\/ik.imagekit.io\/cvygf2xse\/jamesonwhiskey\/wp-content\/uploads\/2022\/01\/ECRM_BANNER_DESKTOP.jpg?tr=q-80,w-320 320w, https:\/\/ik.imagekit.io\/cvygf2xse\/jamesonwhiskey\/wp-content\/uploads\/2022\/01\/ECRM_BANNER_DESKTOP.jpg?tr=q-80,w-300 300w, https:\/\/ik.imagekit.io\/cvygf2xse\/jamesonwhiskey\/wp-content\/uploads\/2022\/01\/ECRM_BANNER_DESKTOP.jpg?tr=q-80,w-275 275w, https:\/\/ik.imagekit.io\/cvygf2xse\/jamesonwhiskey\/wp-content\/uploads\/2022\/01\/ECRM_BANNER_DESKTOP.jpg?tr=q-80,w-200 200w, https:\/\/ik.imagekit.io\/cvygf2xse\/jamesonwhiskey\/wp-content\/uploads\/2022\/01\/ECRM_BANNER_DESKTOP.jpg?tr=q-80,w-100 100w, \" sizes=\"(min-width: 1440px) 100vw, (min-width: 1024px) 1024px, (min-width: 768px) 768px\">\n\t\t\t\t\t\t<source class=\"\" srcset=\"https:\/\/ik.imagekit.io\/cvygf2xse\/jamesonwhiskey\/wp-content\/uploads\/2022\/01\/ECRM_BANNER_MOBILE.jpg?tr=q-80,w-500 500w, https:\/\/ik.imagekit.io\/cvygf2xse\/jamesonwhiskey\/wp-content\/uploads\/2022\/01\/ECRM_BANNER_MOBILE.jpg?tr=q-80,w-420 420w, https:\/\/ik.imagekit.io\/cvygf2xse\/jamesonwhiskey\/wp-content\/uploads\/2022\/01\/ECRM_BANNER_MOBILE.jpg?tr=q-80,w-400 400w, https:\/\/ik.imagekit.io\/cvygf2xse\/jamesonwhiskey\/wp-content\/uploads\/2022\/01\/ECRM_BANNER_MOBILE.jpg?tr=q-80,w-375 375w, https:\/\/ik.imagekit.io\/cvygf2xse\/jamesonwhiskey\/wp-content\/uploads\/2022\/01\/ECRM_BANNER_MOBILE.jpg?tr=q-80,w-360 360w, https:\/\/ik.imagekit.io\/cvygf2xse\/jamesonwhiskey\/wp-content\/uploads\/2022\/01\/ECRM_BANNER_MOBILE.jpg?tr=q-80,w-320 320w, https:\/\/ik.imagekit.io\/cvygf2xse\/jamesonwhiskey\/wp-content\/uploads\/2022\/01\/ECRM_BANNER_MOBILE.jpg?tr=q-80,w-300 300w, https:\/\/ik.imagekit.io\/cvygf2xse\/jamesonwhiskey\/wp-content\/uploads\/2022\/01\/ECRM_BANNER_MOBILE.jpg?tr=q-80,w-275 275w, https:\/\/ik.imagekit.io\/cvygf2xse\/jamesonwhiskey\/wp-content\/uploads\/2022\/01\/ECRM_BANNER_MOBILE.jpg?tr=q-80,w-200 200w, https:\/\/ik.imagekit.io\/cvygf2xse\/jamesonwhiskey\/wp-content\/uploads\/2022\/01\/ECRM_BANNER_MOBILE.jpg?tr=q-80,w-100 100w, \" sizes=\"(min-width: 768px) 768px, (min-width: 500px) 500px, 250px\">\n\t\t\t\t\t\t<img decoding=\"async\" loading=\"lazy\" class=\"\" src=\"https:\/\/ik.imagekit.io\/cvygf2xse\/jamesonwhiskey\/wp-content\/uploads\/2022\/01\/ECRM_BANNER_DESKTOP.jpg?tr=q-80,w-1200\" width=\"1200\" height=\"362\" alt=\"\" role=\"presentation\">\n\t\t\t\t\t<\/picture>\n\t\t\t\t\t\t\t<\/div>\n\n\t\t\t<div class=\"newsletter-banner__footer\"><\/div>\n\n\t\t\t<div class=\"newsletter-banner__text\">\n\t\t\t\t\n\n<div class=\"subheading \">\n        <div>\n        <svg width=\"40px\" height=\"2px\" viewBox=\"0 0 40 2\" version=\"1.1\" aria-hidden=\"true\" xmlns=\"http:\/\/www.w3.org\/2000\/svg\" xmlns:xlink=\"http:\/\/www.w3.org\/1999\/xlink\">\n            <g stroke=\"none\" stroke-width=\"2\" fill=\"none\" fill-rule=\"evenodd\">\n                <g transform=\"translate(-20.000000, -916.000000)\" fill=\"#FFF\">\n                    <g transform=\"translate(20.000000, 904.000000)\">\n                        <g>\n                            <rect x=\"0\" y=\"12\" width=\"40\" height=\"2\"><\/rect>\n                        <\/g>\n                    <\/g>\n                <\/g>\n            <\/g>\n        <\/svg>\n    <\/div>\n    \n    <span class=\"h6\">Newsletter<\/span>\n<\/div>\n\n\t\t\t\t<h2 class=\"h1\">\n\t\t\t\t\t<span>Inscreve-te para receberes  <\/span>\n\t\t\t\t\t\t\t\t\t\t\t<br>\n\t\t\t\t\t\t<span>novidades e convites exclusivos<\/span>\n\t\t\t\t\t\t\t\t\t<\/h2>\n\t\t\t<\/div>\n\n\t\t\t\t\t\t\t\t\t\t\t\t\t\t\t\t\t\t\t\t\t\n\t\t\t<div class=\"newsletter-banner__button\">\n\t\t\t\n\t\t\t\t\t\t\t\t\t<button\n\t\t\t\t\t\tclass=\"btn--primary\"\n\t\t\t\t\t\ttype=\"button\"\n\t\t\t\t\t\tid=\"newsletter_signup\"\t\t\t\t\t\taria-haspopup=\"dialog\"\n\t\t\t\t\t\t\t\t\t\t\t>\n\t\t\t\t\t\tSubscrever\n\t\t\t\t\t<\/button>\n\t\t\t\t\t\t\t<\/div>\n\t\t\t<div class=\"newsletter-banner__bottle\">\n\t\t\t\t\t\t\t\t\t\t\t\t\t\t\t\t\t\t\t\t\t\t\t\t<img decoding=\"async\" src=\"https:\/\/ik.imagekit.io\/cvygf2xse\/jamesonwhiskey\/wp-content\/uploads\/2022\/03\/Jameson_image-964x418-1.png?tr=q-80,w-418\" class=\"img-fluid\" alt=\"\" role=\"presentation\" width=\"418\" height=\"964\" loading=\"lazy\">\n\t\t\t\t\t\t\t<\/div>\n\t\t<\/div>\n\t<\/section>\n","protected":false},"excerpt":{"rendered":"","protected":false},"author":23,"featured_media":0,"parent":505803,"menu_order":0,"comment_status":"closed","ping_status":"closed","template":"","meta":{"_acf_changed":false,"_seopress_robots_primary_cat":"","_seopress_titles_title":"Jameson 18 Years - Jameson Irish Whiskey","_seopress_titles_desc":"Jameson 18 Years \u00e9 uma mistura de 3 destilados caracter\u00edsticos envelhecidos nos melhores barris de carvalho. Descubre por que raz\u00e3o este whiskey torna qualquer ocasi\u00e3o memor\u00e1vel.","_seopress_robots_index":"","inline_featured_image":false,"footnotes":""},"categories":[],"tags":[],"our-world-category":[],"class_list":["post-505875","page","type-page","status-publish","hentry"],"acf":[],"_links":{"self":[{"href":"https:\/\/www.jamesonwhiskey.com\/pt-pt\/wp-json\/wp\/v2\/pages\/505875","targetHints":{"allow":["GET"]}}],"collection":[{"href":"https:\/\/www.jamesonwhiskey.com\/pt-pt\/wp-json\/wp\/v2\/pages"}],"about":[{"href":"https:\/\/www.jamesonwhiskey.com\/pt-pt\/wp-json\/wp\/v2\/types\/page"}],"author":[{"embeddable":true,"href":"https:\/\/www.jamesonwhiskey.com\/pt-pt\/wp-json\/wp\/v2\/users\/23"}],"replies":[{"embeddable":true,"href":"https:\/\/www.jamesonwhiskey.com\/pt-pt\/wp-json\/wp\/v2\/comments?post=505875"}],"version-history":[{"count":0,"href":"https:\/\/www.jamesonwhiskey.com\/pt-pt\/wp-json\/wp\/v2\/pages\/505875\/revisions"}],"up":[{"embeddable":true,"href":"https:\/\/www.jamesonwhiskey.com\/pt-pt\/wp-json\/wp\/v2\/pages\/505803"}],"wp:attachment":[{"href":"https:\/\/www.jamesonwhiskey.com\/pt-pt\/wp-json\/wp\/v2\/media?parent=505875"}],"wp:term":[{"taxonomy":"category","embeddable":true,"href":"https:\/\/www.jamesonwhiskey.com\/pt-pt\/wp-json\/wp\/v2\/categories?post=505875"},{"taxonomy":"post_tag","embeddable":true,"href":"https:\/\/www.jamesonwhiskey.com\/pt-pt\/wp-json\/wp\/v2\/tags?post=505875"},{"taxonomy":"our-world-category","embeddable":true,"href":"https:\/\/www.jamesonwhiskey.com\/pt-pt\/wp-json\/wp\/v2\/our-world-category?post=505875"}],"curies":[{"name":"wp","href":"https:\/\/api.w.org\/{rel}","templated":true}]}}